{"id":353092,"date":"2020-07-24T22:55:31","date_gmt":"2020-07-24T19:55:31","guid":{"rendered":"https:\/\/puhdasplus.ee\/tooted\/uncategorized\/si-sviests-50-ml\/"},"modified":"2026-04-07T20:01:36","modified_gmt":"2026-04-07T17:01:36","slug":"si-sviests-50-ml","status":"publish","type":"product","link":"https:\/\/puhdasplus.ee\/lv\/produkti\/kosmetika\/si-sviests-50-ml\/","title":{"rendered":"\u0160\u012b sviests 50 ml"},"content":{"rendered":"<h2>Lieto\u0161ana<\/h2>\n<h2>Sast\u0101vda\u013cas<\/h2>\n<p>\u0160\u012b sviests ir 100% <strong>dab\u012bgs un nerafin\u0113ts<\/strong> \u0101das kop\u0161anas l\u012bdzeklis, kas nodro\u0161ina intens\u012bvu mitrin\u0101\u0161anu un aizsardz\u012bbu sausai, jut\u012bgai un boj\u0101tai \u0101dai. <strong>\u0160\u012b sviests<\/strong> ir bag\u0101ts ar <strong>E vitam\u012bnu, neaizvietojam\u0101m tauksk\u0101b\u0113m un antioksidantiem<\/strong> , kas pal\u012bdz <strong>barot, atjaunot un nomierin\u0101t \u0101du<\/strong> . T\u0101 dabisk\u0101s mitrino\u0161\u0101s \u012bpa\u0161\u012bbas padara to par ide\u0101lu kop\u0161anas l\u012bdzekli sejai, \u0137ermenim, l\u016bp\u0101m un matiem. \u0160\u012b sviests pal\u012bdz <strong>mazin\u0101t sausumu, ekz\u0113mu, plaisas un \u0101das kairin\u0101jumu,<\/strong> atbalstot \u0101das dabisko aizsargbarjeru.  <\/p>\n<h4><strong>Lieto\u0161anas instrukcija:<\/strong><\/h4>\n<ol>\n<li><strong>\u0100dai:<\/strong> Izkaus\u0113jiet nelielu daudzumu \u0161\u012b sviesta starp pirkstiem un uzkl\u0101jiet uz saus\u0101m vai kairin\u0101t\u0101m viet\u0101m.<\/li>\n<li><strong>L\u016bpu kop\u0161ana:<\/strong> Uzkl\u0101jiet pl\u0101nu k\u0101rtu uz l\u016bp\u0101m, lai nov\u0113rstu sausumu un plais\u0101\u0161anu.<\/li>\n<li><strong>Matiem:<\/strong> Iemas\u0113jiet nelielu daudzumu matu galos, lai mitrin\u0101tu matus un samazin\u0101tu l\u016b\u0161anu.<\/li>\n<li><strong>Roku un k\u0101ju kop\u0161ana:<\/strong> Uzkl\u0101t uz saus\u0101m un saplais\u0101ju\u0161\u0101m viet\u0101m, piem\u0113ram, elko\u0146iem un pap\u0113\u017eiem, lai atjaunotu \u0101das maigumu.<\/li>\n<\/ol>\n<h4><strong>Sast\u0101vda\u013cas un to priek\u0161roc\u012bbas:<\/strong><\/h4>\n<ul>\n<li><strong>100% t\u012brs \u0161\u012b sviests (Butyrospermum Parkii)<\/strong> \u2013 dab\u012bgs mitrin\u0101t\u0101js, kas atjauno \u0101das elast\u012bbu un aizsarg\u0101 to no sausuma.<\/li>\n<li><strong>E vitam\u012bns<\/strong> \u2013 sp\u0113c\u012bgs antioksidants, kas aizsarg\u0101 \u0101du no br\u012bvajiem radik\u0101\u013ciem un vides ietekmes.<\/li>\n<li><strong>Tauksk\u0101bes (Omega-3 un Omega-6)<\/strong> \u2013 pal\u012bdz atjaunot \u0101das mitruma l\u012bdzsvaru un stiprin\u0101t t\u0101s aizsargbarjeru.<\/li>\n<\/ul>\n<p><strong>Skat\u012bt ar\u012b:<\/strong> <a href=\"https:\/\/puhdasplus.ee\/toote-kategooria\/looduskosmeetika\/\">Looduskosmeetika<\/a> | <a href=\"https:\/\/puhdasplus.ee\/toote-kategooria\/nahk-juuksed-kuuned\/\">Nahk, juuksed, k\u00fc\u00fcned<\/a> | <a href=\"https:\/\/puhdasplus.ee\/toote-kategooria\/kollageen\/\">Kolag\u0113ns<\/a><\/p>\n","protected":false},"excerpt":{"rendered":"<p>100% dab\u012bgs un dzi\u013ci mitrino\u0161s \u0161\u012b sviests, kas baro un atjauno sausu un jut\u012bgu \u0101du, nodro\u0161inot ilgsto\u0161u aizsardz\u012bbu un maigumu.<\/p>\n","protected":false},"featured_media":353096,"comment_status":"closed","ping_status":"closed","template":"","meta":{"_acf_changed":false,"googlesitekit_rrm_CAow3eq7DA:productID":""},"product_brand":[],"product_cat":[3296,2533],"product_tag":[2630,7870,8377,5280],"class_list":{"0":"post-353092","1":"product","2":"type-product","3":"status-publish","4":"has-post-thumbnail","6":"product_cat-ada-mati-nagi","7":"product_cat-kosmetika","8":"product_tag-adas-kopsana","9":"product_tag-dabiga-kosmetika","10":"product_tag-dabgs-lv","11":"product_tag-kermena-ella","13":"first","14":"instock","15":"taxable","16":"shipping-taxable","17":"purchasable","18":"product-type-simple"},"acf":[],"yoast_head":"<!-- This site is optimized with the Yoast SEO plugin v27.3 - https:\/\/yoast.com\/product\/yoast-seo-wordpress\/ -->\n<title>\u0160\u012b sviests 50 ml | Puhdas+<\/title>\n<meta name=\"description\" content=\"\u0160\u012b sviests 50 ml ir 100% dab\u012bgs un dzi\u013ci mitrino\u0161s l\u012bdzeklis sausai un jut\u012bgai \u0101dai. Piem\u0113rots ar\u012b matiem, l\u016bp\u0101m un kairin\u0101tai \u0101dai!\" \/>\n<meta name=\"robots\" content=\"index, follow, max-snippet:-1, max-image-preview:large, max-video-preview:-1\" \/>\n<link rel=\"canonical\" href=\"https:\/\/puhdasplus.ee\/lv\/produkti\/kosmetika\/si-sviests-50-ml\/\" \/>\n<meta property=\"og:locale\" content=\"lv_LV\" \/>\n<meta property=\"og:type\" content=\"article\" \/>\n<meta property=\"og:title\" content=\"\u0160\u012b sviests 50 ml | Puhdas+\" \/>\n<meta property=\"og:description\" content=\"\u0160\u012b sviests 50 ml ir 100% dab\u012bgs un dzi\u013ci mitrino\u0161s l\u012bdzeklis sausai un jut\u012bgai \u0101dai. Piem\u0113rots ar\u012b matiem, l\u016bp\u0101m un kairin\u0101tai \u0101dai!\" \/>\n<meta property=\"og:url\" content=\"https:\/\/puhdasplus.ee\/lv\/produkti\/kosmetika\/si-sviests-50-ml\/\" \/>\n<meta property=\"og:site_name\" content=\"Puhdas+\" \/>\n<meta property=\"article:publisher\" content=\"https:\/\/www.facebook.com\/puhdasplus\" \/>\n<meta property=\"article:modified_time\" content=\"2026-04-07T17:01:36+00:00\" \/>\n<meta property=\"og:image\" content=\"https:\/\/puhdasplus.ee\/wp-content\/uploads\/2025\/03\/60.jpg\" \/>\n\t<meta property=\"og:image:width\" content=\"1862\" \/>\n\t<meta property=\"og:image:height\" content=\"2560\" \/>\n\t<meta property=\"og:image:type\" content=\"image\/jpeg\" \/>\n<meta name=\"twitter:card\" content=\"summary_large_image\" \/>\n<meta name=\"twitter:label1\" content=\"Est. reading time\" \/>\n\t<meta name=\"twitter:data1\" content=\"1 minute\" \/>\n<script type=\"application\/ld+json\" class=\"yoast-schema-graph\">{\"@context\":\"https:\\\/\\\/schema.org\",\"@graph\":[{\"@type\":\"WebPage\",\"@id\":\"https:\\\/\\\/puhdasplus.ee\\\/lv\\\/produkti\\\/kosmetika\\\/si-sviests-50-ml\\\/\",\"url\":\"https:\\\/\\\/puhdasplus.ee\\\/lv\\\/produkti\\\/kosmetika\\\/si-sviests-50-ml\\\/\",\"name\":\"\u0160\u012b sviests 50 ml | Puhdas+\",\"isPartOf\":{\"@id\":\"https:\\\/\\\/puhdasplus.ee\\\/lv\\\/#website\"},\"primaryImageOfPage\":{\"@id\":\"https:\\\/\\\/puhdasplus.ee\\\/lv\\\/produkti\\\/kosmetika\\\/si-sviests-50-ml\\\/#primaryimage\"},\"image\":{\"@id\":\"https:\\\/\\\/puhdasplus.ee\\\/lv\\\/produkti\\\/kosmetika\\\/si-sviests-50-ml\\\/#primaryimage\"},\"thumbnailUrl\":\"https:\\\/\\\/puhdasplus.ee\\\/wp-content\\\/uploads\\\/2025\\\/03\\\/60.jpg\",\"datePublished\":\"2020-07-24T19:55:31+00:00\",\"dateModified\":\"2026-04-07T17:01:36+00:00\",\"description\":\"\u0160\u012b sviests 50 ml ir 100% dab\u012bgs un dzi\u013ci mitrino\u0161s l\u012bdzeklis sausai un jut\u012bgai \u0101dai. Piem\u0113rots ar\u012b matiem, l\u016bp\u0101m un kairin\u0101tai \u0101dai!\",\"breadcrumb\":{\"@id\":\"https:\\\/\\\/puhdasplus.ee\\\/lv\\\/produkti\\\/kosmetika\\\/si-sviests-50-ml\\\/#breadcrumb\"},\"inLanguage\":\"lv-LV\",\"potentialAction\":[{\"@type\":\"ReadAction\",\"target\":[\"https:\\\/\\\/puhdasplus.ee\\\/lv\\\/produkti\\\/kosmetika\\\/si-sviests-50-ml\\\/\"]}]},{\"@type\":\"ImageObject\",\"inLanguage\":\"lv-LV\",\"@id\":\"https:\\\/\\\/puhdasplus.ee\\\/lv\\\/produkti\\\/kosmetika\\\/si-sviests-50-ml\\\/#primaryimage\",\"url\":\"https:\\\/\\\/puhdasplus.ee\\\/wp-content\\\/uploads\\\/2025\\\/03\\\/60.jpg\",\"contentUrl\":\"https:\\\/\\\/puhdasplus.ee\\\/wp-content\\\/uploads\\\/2025\\\/03\\\/60.jpg\",\"width\":1862,\"height\":2560,\"caption\":\"\u0160\u012b sviests 50 ml\"},{\"@type\":\"BreadcrumbList\",\"@id\":\"https:\\\/\\\/puhdasplus.ee\\\/lv\\\/produkti\\\/kosmetika\\\/si-sviests-50-ml\\\/#breadcrumb\",\"itemListElement\":[{\"@type\":\"ListItem\",\"position\":1,\"name\":\"S\u0101kums\",\"item\":\"https:\\\/\\\/puhdasplus.ee\\\/lv\\\/\"},{\"@type\":\"ListItem\",\"position\":2,\"name\":\"Produkti\",\"item\":\"https:\\\/\\\/puhdasplus.ee\\\/lv\\\/veikals\\\/\"},{\"@type\":\"ListItem\",\"position\":3,\"name\":\"\u0160\u012b sviests 50 ml\"}]},{\"@type\":\"WebSite\",\"@id\":\"https:\\\/\\\/puhdasplus.ee\\\/lv\\\/#website\",\"url\":\"https:\\\/\\\/puhdasplus.ee\\\/lv\\\/\",\"name\":\"Puhdas+\",\"description\":\"Vitam\u012bni, uztura bag\u0101tin\u0101t\u0101ji, dab\u012bg\u0101 kosm\u0113tika, vesel\u012bba, sports\",\"publisher\":{\"@id\":\"https:\\\/\\\/puhdasplus.ee\\\/lv\\\/#organization\"},\"potentialAction\":[{\"@type\":\"SearchAction\",\"target\":{\"@type\":\"EntryPoint\",\"urlTemplate\":\"https:\\\/\\\/puhdasplus.ee\\\/lv\\\/?s={search_term_string}\"},\"query-input\":{\"@type\":\"PropertyValueSpecification\",\"valueRequired\":true,\"valueName\":\"search_term_string\"}}],\"inLanguage\":\"lv-LV\"},{\"@type\":\"Organization\",\"@id\":\"https:\\\/\\\/puhdasplus.ee\\\/lv\\\/#organization\",\"name\":\"Puhdas+\",\"alternateName\":\"Puhdasplus\",\"url\":\"https:\\\/\\\/puhdasplus.ee\\\/lv\\\/\",\"logo\":{\"@type\":\"ImageObject\",\"inLanguage\":\"lv-LV\",\"@id\":\"https:\\\/\\\/puhdasplus.ee\\\/lv\\\/#\\\/schema\\\/logo\\\/image\\\/\",\"url\":\"https:\\\/\\\/puhdasplus.ee\\\/wp-content\\\/uploads\\\/2019\\\/10\\\/puhdas_logo-arvele.png\",\"contentUrl\":\"https:\\\/\\\/puhdasplus.ee\\\/wp-content\\\/uploads\\\/2019\\\/10\\\/puhdas_logo-arvele.png\",\"width\":114,\"height\":94,\"caption\":\"Puhdas+\"},\"image\":{\"@id\":\"https:\\\/\\\/puhdasplus.ee\\\/lv\\\/#\\\/schema\\\/logo\\\/image\\\/\"},\"sameAs\":[\"https:\\\/\\\/www.facebook.com\\\/puhdasplus\",\"https:\\\/\\\/www.instagram.com\\\/puhdasplus_ee\\\/\"]}]}<\/script>\n<!-- \/ Yoast SEO plugin. -->","yoast_head_json":{"title":"\u0160\u012b sviests 50 ml | Puhdas+","description":"\u0160\u012b sviests 50 ml ir 100% dab\u012bgs un dzi\u013ci mitrino\u0161s l\u012bdzeklis sausai un jut\u012bgai \u0101dai. Piem\u0113rots ar\u012b matiem, l\u016bp\u0101m un kairin\u0101tai \u0101dai!","robots":{"index":"index","follow":"follow","max-snippet":"max-snippet:-1","max-image-preview":"max-image-preview:large","max-video-preview":"max-video-preview:-1"},"canonical":"https:\/\/puhdasplus.ee\/lv\/produkti\/kosmetika\/si-sviests-50-ml\/","og_locale":"lv_LV","og_type":"article","og_title":"\u0160\u012b sviests 50 ml | Puhdas+","og_description":"\u0160\u012b sviests 50 ml ir 100% dab\u012bgs un dzi\u013ci mitrino\u0161s l\u012bdzeklis sausai un jut\u012bgai \u0101dai. Piem\u0113rots ar\u012b matiem, l\u016bp\u0101m un kairin\u0101tai \u0101dai!","og_url":"https:\/\/puhdasplus.ee\/lv\/produkti\/kosmetika\/si-sviests-50-ml\/","og_site_name":"Puhdas+","article_publisher":"https:\/\/www.facebook.com\/puhdasplus","article_modified_time":"2026-04-07T17:01:36+00:00","og_image":[{"width":1862,"height":2560,"url":"https:\/\/puhdasplus.ee\/wp-content\/uploads\/2025\/03\/60.jpg","type":"image\/jpeg"}],"twitter_card":"summary_large_image","twitter_misc":{"Est. reading time":"1 minute"},"schema":{"@context":"https:\/\/schema.org","@graph":[{"@type":"WebPage","@id":"https:\/\/puhdasplus.ee\/lv\/produkti\/kosmetika\/si-sviests-50-ml\/","url":"https:\/\/puhdasplus.ee\/lv\/produkti\/kosmetika\/si-sviests-50-ml\/","name":"\u0160\u012b sviests 50 ml | Puhdas+","isPartOf":{"@id":"https:\/\/puhdasplus.ee\/lv\/#website"},"primaryImageOfPage":{"@id":"https:\/\/puhdasplus.ee\/lv\/produkti\/kosmetika\/si-sviests-50-ml\/#primaryimage"},"image":{"@id":"https:\/\/puhdasplus.ee\/lv\/produkti\/kosmetika\/si-sviests-50-ml\/#primaryimage"},"thumbnailUrl":"https:\/\/puhdasplus.ee\/wp-content\/uploads\/2025\/03\/60.jpg","datePublished":"2020-07-24T19:55:31+00:00","dateModified":"2026-04-07T17:01:36+00:00","description":"\u0160\u012b sviests 50 ml ir 100% dab\u012bgs un dzi\u013ci mitrino\u0161s l\u012bdzeklis sausai un jut\u012bgai \u0101dai. Piem\u0113rots ar\u012b matiem, l\u016bp\u0101m un kairin\u0101tai \u0101dai!","breadcrumb":{"@id":"https:\/\/puhdasplus.ee\/lv\/produkti\/kosmetika\/si-sviests-50-ml\/#breadcrumb"},"inLanguage":"lv-LV","potentialAction":[{"@type":"ReadAction","target":["https:\/\/puhdasplus.ee\/lv\/produkti\/kosmetika\/si-sviests-50-ml\/"]}]},{"@type":"ImageObject","inLanguage":"lv-LV","@id":"https:\/\/puhdasplus.ee\/lv\/produkti\/kosmetika\/si-sviests-50-ml\/#primaryimage","url":"https:\/\/puhdasplus.ee\/wp-content\/uploads\/2025\/03\/60.jpg","contentUrl":"https:\/\/puhdasplus.ee\/wp-content\/uploads\/2025\/03\/60.jpg","width":1862,"height":2560,"caption":"\u0160\u012b sviests 50 ml"},{"@type":"BreadcrumbList","@id":"https:\/\/puhdasplus.ee\/lv\/produkti\/kosmetika\/si-sviests-50-ml\/#breadcrumb","itemListElement":[{"@type":"ListItem","position":1,"name":"S\u0101kums","item":"https:\/\/puhdasplus.ee\/lv\/"},{"@type":"ListItem","position":2,"name":"Produkti","item":"https:\/\/puhdasplus.ee\/lv\/veikals\/"},{"@type":"ListItem","position":3,"name":"\u0160\u012b sviests 50 ml"}]},{"@type":"WebSite","@id":"https:\/\/puhdasplus.ee\/lv\/#website","url":"https:\/\/puhdasplus.ee\/lv\/","name":"Puhdas+","description":"Vitam\u012bni, uztura bag\u0101tin\u0101t\u0101ji, dab\u012bg\u0101 kosm\u0113tika, vesel\u012bba, sports","publisher":{"@id":"https:\/\/puhdasplus.ee\/lv\/#organization"},"potentialAction":[{"@type":"SearchAction","target":{"@type":"EntryPoint","urlTemplate":"https:\/\/puhdasplus.ee\/lv\/?s={search_term_string}"},"query-input":{"@type":"PropertyValueSpecification","valueRequired":true,"valueName":"search_term_string"}}],"inLanguage":"lv-LV"},{"@type":"Organization","@id":"https:\/\/puhdasplus.ee\/lv\/#organization","name":"Puhdas+","alternateName":"Puhdasplus","url":"https:\/\/puhdasplus.ee\/lv\/","logo":{"@type":"ImageObject","inLanguage":"lv-LV","@id":"https:\/\/puhdasplus.ee\/lv\/#\/schema\/logo\/image\/","url":"https:\/\/puhdasplus.ee\/wp-content\/uploads\/2019\/10\/puhdas_logo-arvele.png","contentUrl":"https:\/\/puhdasplus.ee\/wp-content\/uploads\/2019\/10\/puhdas_logo-arvele.png","width":114,"height":94,"caption":"Puhdas+"},"image":{"@id":"https:\/\/puhdasplus.ee\/lv\/#\/schema\/logo\/image\/"},"sameAs":["https:\/\/www.facebook.com\/puhdasplus","https:\/\/www.instagram.com\/puhdasplus_ee\/"]}]}},"_yoast_wpseo_title":"\u0160\u012b sviests 50 ml | Puhdas+","_yoast_wpseo_metadesc":"\u0160\u012b sviests 50 ml ir 100% dab\u012bgs un dzi\u013ci mitrino\u0161s l\u012bdzeklis sausai un jut\u012bgai \u0101dai. Piem\u0113rots ar\u012b matiem, l\u016bp\u0101m un kairin\u0101tai \u0101dai!","_yoast_wpseo_focuskw":"","_links":{"self":[{"href":"https:\/\/puhdasplus.ee\/lv\/wp-json\/wp\/v2\/product\/353092","targetHints":{"allow":["GET"]}}],"collection":[{"href":"https:\/\/puhdasplus.ee\/lv\/wp-json\/wp\/v2\/product"}],"about":[{"href":"https:\/\/puhdasplus.ee\/lv\/wp-json\/wp\/v2\/types\/product"}],"replies":[{"embeddable":true,"href":"https:\/\/puhdasplus.ee\/lv\/wp-json\/wp\/v2\/comments?post=353092"}],"wp:featuredmedia":[{"embeddable":true,"href":"https:\/\/puhdasplus.ee\/lv\/wp-json\/wp\/v2\/media\/353096"}],"wp:attachment":[{"href":"https:\/\/puhdasplus.ee\/lv\/wp-json\/wp\/v2\/media?parent=353092"}],"wp:term":[{"taxonomy":"product_brand","embeddable":true,"href":"https:\/\/puhdasplus.ee\/lv\/wp-json\/wp\/v2\/product_brand?post=353092"},{"taxonomy":"product_cat","embeddable":true,"href":"https:\/\/puhdasplus.ee\/lv\/wp-json\/wp\/v2\/product_cat?post=353092"},{"taxonomy":"product_tag","embeddable":true,"href":"https:\/\/puhdasplus.ee\/lv\/wp-json\/wp\/v2\/product_tag?post=353092"}],"curies":[{"name":"wp","href":"https:\/\/api.w.org\/{rel}","templated":true}]}}