{"id":35203,"date":"2021-04-10T13:17:56","date_gmt":"2021-04-10T10:17:56","guid":{"rendered":"https:\/\/puhdasplus.ee\/tooted\/uncategorized\/augstakas-kvalitates-omega-3\/"},"modified":"2026-04-07T19:57:12","modified_gmt":"2026-04-07T16:57:12","slug":"augstakas-kvalitates-omega-3","status":"publish","type":"product","link":"https:\/\/puhdasplus.ee\/lv\/produkti\/sirds-veseliba\/omega-3-lv\/augstakas-kvalitates-omega-3\/","title":{"rendered":"Augst\u0101k\u0101s kvalit\u0101tes Omega-3"},"content":{"rendered":"<p><b>Puhdas+ Premium Omega-3<\/b> ir augstas kvalit\u0101tes zivju e\u013c\u013cas kapsulas, kas satur \u013coti labi uzs\u016bco\u0161u <b>EPA un DHA tauksk\u0101bju mais\u012bjumu to dabiskaj\u0101 triglicer\u012bdu form\u0101.<\/b> DHA pal\u012bdz uztur\u0113t norm\u0101lu <b>redzi un smadze\u0146u darb\u012bbu<\/b> , un kop\u0101 ar EPA atbalsta <b>norm\u0101lu sirds darb\u012bbu.<\/b> <\/p>\n<p>DHA un EPA ieguvumi vesel\u012bbai ir zin\u0101tniski pier\u0101d\u012bti. DHA pal\u012bdz uztur\u0113t norm\u0101lu smadze\u0146u darb\u012bbu un redzi, un kop\u0101 ar EPA t\u0101 atbalsta ar\u012b norm\u0101lu sirds darb\u012bbu. Labv\u0113l\u012bg\u0101 ietekme tiek pan\u0101kta, ja katru dienu tiek uz\u0146emti vismaz 250 mg DHA un EPA.  <\/p>\n<h2>K\u0101p\u0113c omega-3 tauksk\u0101bes ir labv\u0113l\u012bgas?<\/h2>\n<p>Omega-3 tauksk\u0101bes \u2013 galvenok\u0101rt <strong>EPA (eikozatapenta\u0113nsk\u0101be)<\/strong> un <strong>DHA (dokozaheksa\u0113nsk\u0101be)<\/strong> \u2013 ir neaizvietojam\u0101s tauksk\u0101bes, ko organisms pats nevar sara\u017eot, un t\u0101s j\u0101uz\u0146em ar p\u0101rtiku vai uztura bag\u0101tin\u0101t\u0101jiem. \u0160\u012bs tauksk\u0101bes ir b\u016btiskas <b>\u0161\u016bnu strukt\u016brai<\/b> un t\u0101m ir svar\u012bga loma <b>sirds, smadze\u0146u un redzes norm\u0101l\u0101 darb\u012bb\u0101<\/b> . <\/p>\n<ul>\n<li>\n<p><strong>Sirdij<\/strong> : EPA un DHA pal\u012bdz uztur\u0113t norm\u0101lu sirds darb\u012bbu.<\/p>\n<\/li>\n<li>\n<p><strong>Smadzen\u0113m<\/strong> : DHA pal\u012bdz uztur\u0113t norm\u0101lu smadze\u0146u darb\u012bbu, atbalstot koncentr\u0113\u0161an\u0101s un atmi\u0146as procesus.<\/p>\n<\/li>\n<li>\n<p><strong>Redzei<\/strong> : DHA pal\u012bdz uztur\u0113t norm\u0101lu redzi, \u012bpa\u0161i novecojot.<\/p>\n<\/li>\n<\/ul>\n<h2>K\u0101p\u0113c Puhdas+ Premium Omega-3 ir \u012bpa\u0161s?<\/h2>\n<ul>\n<li>\n<p><strong>Zivju e\u013c\u013ca n\u0101k no t\u012bras dabas \u2013  <\/strong>Puhdas+ Premium Omega-3 ir ra\u017eots no dro\u0161\u0101m savva\u013cas an\u0161oviem, kas nozvejoti nepies\u0101r\u0146otos Klus\u0101 oke\u0101na dienvidu da\u013cas \u016bde\u0146os. Zivju e\u013c\u013ca pirms non\u0101k\u0161anas kapsul\u0101 tiek pak\u013cauta \u013coti r\u016bp\u012bgam att\u012br\u012b\u0161anas procesam. T\u0101p\u0113c zivju e\u013c\u013ca nesatur smagos met\u0101lus vai citus toks\u012bnus. Puhdas+ zivju e\u013c\u013cas Totox skaitlis parasti ir zem 5, kas noz\u012bm\u0113, ka t\u0101 ir \u013coti nedaudz oksid\u0113ta. Katra zivju e\u013c\u013cas partija ir 100% izsekojama.      <\/p>\n<\/li>\n<li>\n<p><strong>R\u016bp\u012bgi att\u012br\u012bts sast\u0101vs<\/strong> <br \/> Katra zivju e\u013c\u013cas partija tiek r\u016bp\u012bgi att\u012br\u012bta, k\u0101 rezult\u0101t\u0101 e\u013c\u013ca nesatur <strong>smagos met\u0101lus un citus piemais\u012bjumus<\/strong> . Produktam ir \u013coti zema Totox v\u0113rt\u012bba (zem 5), kas nor\u0101da uz minim\u0101lu oksid\u0113\u0161anos un maksim\u0101lu svaigumu.<\/p>\n<\/li>\n<li>\n<p><strong>Sertific\u0113ta ilgtsp\u0113j\u012bga ra\u017eo\u0161ana<\/strong> <br \/> Produkts ir sa\u0146\u0113mis <strong>Friend of the Sea<\/strong> sertifik\u0101tu, kas noz\u012bm\u0113, ka zveja ir videi draudz\u012bga, izsekojama un nekait\u0113 apdraud\u0113taj\u0101m zivju sug\u0101m.<\/p>\n<\/li>\n<\/ul>\n<h2>Kam piem\u0113rots Omega-3 uztura bag\u0101tin\u0101t\u0101js?<\/h2>\n<ul>\n<li>\n<p>Cilv\u0113kiem, kas uztur\u0101 lieto maz treknu zivju vai augu izcelsmes omega-3 avotus<\/p>\n<\/li>\n<li>\n<p>Biroja darbiniekiem un studentiem \u2013 slodze uz smadzen\u0113m un ac\u012bm ir liela<\/p>\n<\/li>\n<li>\n<p>Senioriem \u2013 kuri v\u0113las atbalst\u012bt sirds un smadze\u0146u darb\u012bbu<\/p>\n<\/li>\n<li>\n<p>Vesel\u012bbai un fiziskajai sagatavot\u012bbai velt\u012btiem cilv\u0113kiem \u2013 tiem, kam ir liel\u0101kas uztura vajadz\u012bbas<\/p>\n<\/li>\n<li>\n<p>Gr\u016btniec\u0113m un sieviet\u0113m, kas baro b\u0113rnu ar kr\u016bti \u2013 <b>DHA veicina aug\u013ca un z\u012bdai\u0146a smadze\u0146u att\u012bst\u012bbu<\/b> (nepiecie\u0161am\u012bbas gad\u012bjum\u0101 konsult\u0113jieties ar vesel\u012bbas apr\u016bpes speci\u0101listu).<\/p>\n<\/li>\n<\/ul>\n<h2>Sast\u0101vs un deva<\/h2>\n<ul>\n<li>\n<p><strong>Sast\u0101vda\u013cas:<\/strong> zivju e\u013c\u013ca (triglicer\u012bdu veid\u0101), kapsulas apvalks (\u017eelat\u012bns), glicer\u012bns, dab\u012bgais E vitam\u012bns (d-alfa-tokoferols)<\/p>\n<\/li>\n<li>\n<p><strong>Ieteicam\u0101 dienas deva pieaugu\u0161ajiem:<\/strong> 1\u20132 kapsulas dien\u0101, uzdzerot \u016bdeni.<\/p>\n<h2>Uzturvielu saturs<\/h2>\n<p><b>1 kapsula satur:<\/b><\/p>\n<p>\u2013 Omega-3 tauksk\u0101bes: 680 mg, tostarp EPA 360 mg, DHA 240 mg<\/p>\n<p>\u2013 E vitam\u012bns: 5 mg (42% no ieteicam\u0101s dienas devas*)<\/p>\n<\/li>\n<li> <b>2 kapsulas satur:<\/b>\n<p>\u2013 Omega-3 tauksk\u0101bes: 1360 mg, tostarp EPA 720 mg, DHA 480 mg<\/p>\n<p>\u2013 E vitam\u012bns: 10 mg (83% no ieteicam\u0101s dienas devas*)<\/p>\n<p><strong>NRV \u2013 ieteicam\u0101 dienas deva pieaugu\u0161ajam.<\/strong><\/li>\n<\/ul>\n<p>Uztura bag\u0101tin\u0101t\u0101js neaizst\u0101j daudzveid\u012bgu uzturu vai vesel\u012bgu dz\u012bvesveidu. Sarg\u0101t no b\u0113rniem.  <b>Nav piem\u0113rots cilv\u0113kiem ar asins rec\u0113\u0161anas trauc\u0113jumiem.<\/b><\/p>\n<p><strong>Skat\u012bt ar\u012b:<\/strong> <a href=\"https:\/\/puhdasplus.ee\/toote-kategooria\/omega-3\/\">Omega-3<\/a> | <a href=\"https:\/\/puhdasplus.ee\/toote-kategooria\/sudame-tervis\/\">S\u00fcdame tervis<\/a> | <a href=\"https:\/\/puhdasplus.ee\/toote-kategooria\/immuunsusteem\/\">Immuuns\u00fcsteem<\/a><\/p>\n","protected":false},"excerpt":{"rendered":"<p><b>Puhdas+ Premium Omega-3<\/b> ir <b>t\u012bras<\/b> zivju e\u013c\u013cas uztura bag\u0101tin\u0101t\u0101js, kas satur EPA un DHA tauksk\u0101bes dabisk\u0101 <b>triglicer\u012bdu form\u0101<\/b> . \u0160\u012bs neaizvietojam\u0101s tauksk\u0101bes <b>pal\u012bdz uztur\u0113t norm\u0101lu sirds darb\u012bbu<\/b> , atbalsta <b>norm\u0101lu smadze\u0146u un redzes darb\u012bbu<\/b> , k\u0101 ar\u012b papildina ikdienas uzturu, \u012bpa\u0161i, ja ar uzturu neuz\u0146emat pietiekami daudz omega-3 tauksk\u0101bju. <\/p>\n<p>Zivju e\u013c\u013ca tiek ieg\u016bta no <b>savva\u013cas<\/b> <b>an\u0161oviem,<\/b> kas nozvejoti <b>Klus\u0101 oke\u0101na dienvidu da\u013cas<\/b> t\u012brajos \u016bde\u0146os, un tiek r\u016bp\u012bgi att\u012br\u012bta, lai atdal\u012btu smagos met\u0101lus un citus pies\u0101r\u0146ot\u0101jus. Produktam ir pie\u0161\u0137irts <b>\u201cFriend of the Sea\u201d<\/b> sertifik\u0101ts, kas apliecina ilgtsp\u0113j\u012bgu un videi draudz\u012bgu ra\u017eo\u0161anu. <\/p>\n<p><b>Puhdas+ Premium Omega-3 ir piem\u0113rots ikdienas lieto\u0161anai<\/b> ikvienam, kur\u0161 v\u0113las <b>dabisku atbalstu savai sirds, redzes un smadze\u0146u darb\u012bbai<\/b> .<\/p>\n","protected":false},"featured_media":30258,"comment_status":"closed","ping_status":"closed","template":"","meta":{"_acf_changed":false,"googlesitekit_rrm_CAow3eq7DA:productID":""},"product_brand":[],"product_cat":[3442,3441],"product_tag":[8377,8290,3041,8283,3966,3723,8381,3206,8287],"class_list":{"0":"post-35203","1":"product","2":"type-product","3":"status-publish","4":"has-post-thumbnail","6":"product_cat-omega-3-lv","7":"product_cat-sirds-veseliba","8":"product_tag-dabgs-lv","9":"product_tag-fish-oil-lv","10":"product_tag-imunitate","11":"product_tag-omega-lv","12":"product_tag-omega-3-lv","13":"product_tag-sirds-veseliba","14":"product_tag-smadzeu-veselba-lv","15":"product_tag-uztura-bagatinatajs","16":"product_tag-zivju-ea-lv","18":"first","19":"outofstock","20":"featured","21":"taxable","22":"shipping-taxable","23":"purchasable","24":"product-type-variable","25":"has-default-attributes"},"acf":[],"yoast_head":"<!-- This site is optimized with the Yoast SEO plugin v27.3 - https:\/\/yoast.com\/product\/yoast-seo-wordpress\/ -->\n<title>Augst\u0101k\u0101s kvalit\u0101tes Omega-3 | Puhdas+<\/title>\n<meta name=\"description\" content=\"Premium Omega-3 \u2013 t\u012bra un efekt\u012bva zivju e\u013c\u013ca kapsul\u0101s, kas atbalsta sirds, smadze\u0146u un redzes vesel\u012bbu. Satur augstu EPA un DHA tauksk\u0101bju koncentr\u0101ciju.\" \/>\n<meta name=\"robots\" content=\"index, follow, max-snippet:-1, max-image-preview:large, max-video-preview:-1\" \/>\n<link rel=\"canonical\" href=\"https:\/\/puhdasplus.ee\/lv\/produkti\/sirds-veseliba\/omega-3-lv\/augstakas-kvalitates-omega-3\/\" \/>\n<meta property=\"og:locale\" content=\"lv_LV\" \/>\n<meta property=\"og:type\" content=\"article\" \/>\n<meta property=\"og:title\" content=\"Augst\u0101k\u0101s kvalit\u0101tes Omega-3 | Puhdas+\" \/>\n<meta property=\"og:description\" content=\"Premium Omega-3 \u2013 t\u012bra un efekt\u012bva zivju e\u013c\u013ca kapsul\u0101s, kas atbalsta sirds, smadze\u0146u un redzes vesel\u012bbu. Satur augstu EPA un DHA tauksk\u0101bju koncentr\u0101ciju.\" \/>\n<meta property=\"og:url\" content=\"https:\/\/puhdasplus.ee\/lv\/produkti\/sirds-veseliba\/omega-3-lv\/augstakas-kvalitates-omega-3\/\" \/>\n<meta property=\"og:site_name\" content=\"Puhdas+\" \/>\n<meta property=\"article:publisher\" content=\"https:\/\/www.facebook.com\/puhdasplus\" \/>\n<meta property=\"article:modified_time\" content=\"2026-04-07T16:57:12+00:00\" \/>\n<meta property=\"og:image\" content=\"https:\/\/puhdasplus.ee\/wp-content\/uploads\/2021\/04\/2-scaled.jpg\" \/>\n\t<meta property=\"og:image:width\" content=\"1862\" \/>\n\t<meta property=\"og:image:height\" content=\"2560\" \/>\n\t<meta property=\"og:image:type\" content=\"image\/jpeg\" \/>\n<meta name=\"twitter:card\" content=\"summary_large_image\" \/>\n<meta name=\"twitter:label1\" content=\"Est. reading time\" \/>\n\t<meta name=\"twitter:data1\" content=\"3 min\u016btes\" \/>\n<script type=\"application\/ld+json\" class=\"yoast-schema-graph\">{\"@context\":\"https:\\\/\\\/schema.org\",\"@graph\":[{\"@type\":\"WebPage\",\"@id\":\"https:\\\/\\\/puhdasplus.ee\\\/lv\\\/produkti\\\/sirds-veseliba\\\/omega-3-lv\\\/augstakas-kvalitates-omega-3\\\/\",\"url\":\"https:\\\/\\\/puhdasplus.ee\\\/lv\\\/produkti\\\/sirds-veseliba\\\/omega-3-lv\\\/augstakas-kvalitates-omega-3\\\/\",\"name\":\"Augst\u0101k\u0101s kvalit\u0101tes Omega-3 | Puhdas+\",\"isPartOf\":{\"@id\":\"https:\\\/\\\/puhdasplus.ee\\\/lv\\\/#website\"},\"primaryImageOfPage\":{\"@id\":\"https:\\\/\\\/puhdasplus.ee\\\/lv\\\/produkti\\\/sirds-veseliba\\\/omega-3-lv\\\/augstakas-kvalitates-omega-3\\\/#primaryimage\"},\"image\":{\"@id\":\"https:\\\/\\\/puhdasplus.ee\\\/lv\\\/produkti\\\/sirds-veseliba\\\/omega-3-lv\\\/augstakas-kvalitates-omega-3\\\/#primaryimage\"},\"thumbnailUrl\":\"https:\\\/\\\/puhdasplus.ee\\\/wp-content\\\/uploads\\\/2021\\\/04\\\/2-scaled.jpg\",\"datePublished\":\"2021-04-10T10:17:56+00:00\",\"dateModified\":\"2026-04-07T16:57:12+00:00\",\"description\":\"Premium Omega-3 \u2013 t\u012bra un efekt\u012bva zivju e\u013c\u013ca kapsul\u0101s, kas atbalsta sirds, smadze\u0146u un redzes vesel\u012bbu. Satur augstu EPA un DHA tauksk\u0101bju koncentr\u0101ciju.\",\"breadcrumb\":{\"@id\":\"https:\\\/\\\/puhdasplus.ee\\\/lv\\\/produkti\\\/sirds-veseliba\\\/omega-3-lv\\\/augstakas-kvalitates-omega-3\\\/#breadcrumb\"},\"inLanguage\":\"lv-LV\",\"potentialAction\":[{\"@type\":\"ReadAction\",\"target\":[\"https:\\\/\\\/puhdasplus.ee\\\/lv\\\/produkti\\\/sirds-veseliba\\\/omega-3-lv\\\/augstakas-kvalitates-omega-3\\\/\"]}]},{\"@type\":\"ImageObject\",\"inLanguage\":\"lv-LV\",\"@id\":\"https:\\\/\\\/puhdasplus.ee\\\/lv\\\/produkti\\\/sirds-veseliba\\\/omega-3-lv\\\/augstakas-kvalitates-omega-3\\\/#primaryimage\",\"url\":\"https:\\\/\\\/puhdasplus.ee\\\/wp-content\\\/uploads\\\/2021\\\/04\\\/2-scaled.jpg\",\"contentUrl\":\"https:\\\/\\\/puhdasplus.ee\\\/wp-content\\\/uploads\\\/2021\\\/04\\\/2-scaled.jpg\",\"width\":1862,\"height\":2560,\"caption\":\"Augst\u0101k\u0101s kvalit\u0101tes Omega-3\"},{\"@type\":\"BreadcrumbList\",\"@id\":\"https:\\\/\\\/puhdasplus.ee\\\/lv\\\/produkti\\\/sirds-veseliba\\\/omega-3-lv\\\/augstakas-kvalitates-omega-3\\\/#breadcrumb\",\"itemListElement\":[{\"@type\":\"ListItem\",\"position\":1,\"name\":\"S\u0101kums\",\"item\":\"https:\\\/\\\/puhdasplus.ee\\\/lv\\\/\"},{\"@type\":\"ListItem\",\"position\":2,\"name\":\"Produkti\",\"item\":\"https:\\\/\\\/puhdasplus.ee\\\/lv\\\/veikals\\\/\"},{\"@type\":\"ListItem\",\"position\":3,\"name\":\"Augst\u0101k\u0101s kvalit\u0101tes Omega-3\"}]},{\"@type\":\"WebSite\",\"@id\":\"https:\\\/\\\/puhdasplus.ee\\\/lv\\\/#website\",\"url\":\"https:\\\/\\\/puhdasplus.ee\\\/lv\\\/\",\"name\":\"Puhdas+\",\"description\":\"Vitam\u012bni, uztura bag\u0101tin\u0101t\u0101ji, dab\u012bg\u0101 kosm\u0113tika, vesel\u012bba, sports\",\"publisher\":{\"@id\":\"https:\\\/\\\/puhdasplus.ee\\\/lv\\\/#organization\"},\"potentialAction\":[{\"@type\":\"SearchAction\",\"target\":{\"@type\":\"EntryPoint\",\"urlTemplate\":\"https:\\\/\\\/puhdasplus.ee\\\/lv\\\/?s={search_term_string}\"},\"query-input\":{\"@type\":\"PropertyValueSpecification\",\"valueRequired\":true,\"valueName\":\"search_term_string\"}}],\"inLanguage\":\"lv-LV\"},{\"@type\":\"Organization\",\"@id\":\"https:\\\/\\\/puhdasplus.ee\\\/lv\\\/#organization\",\"name\":\"Puhdas+\",\"alternateName\":\"Puhdasplus\",\"url\":\"https:\\\/\\\/puhdasplus.ee\\\/lv\\\/\",\"logo\":{\"@type\":\"ImageObject\",\"inLanguage\":\"lv-LV\",\"@id\":\"https:\\\/\\\/puhdasplus.ee\\\/lv\\\/#\\\/schema\\\/logo\\\/image\\\/\",\"url\":\"https:\\\/\\\/puhdasplus.ee\\\/wp-content\\\/uploads\\\/2019\\\/10\\\/puhdas_logo-arvele.png\",\"contentUrl\":\"https:\\\/\\\/puhdasplus.ee\\\/wp-content\\\/uploads\\\/2019\\\/10\\\/puhdas_logo-arvele.png\",\"width\":114,\"height\":94,\"caption\":\"Puhdas+\"},\"image\":{\"@id\":\"https:\\\/\\\/puhdasplus.ee\\\/lv\\\/#\\\/schema\\\/logo\\\/image\\\/\"},\"sameAs\":[\"https:\\\/\\\/www.facebook.com\\\/puhdasplus\",\"https:\\\/\\\/www.instagram.com\\\/puhdasplus_ee\\\/\"]}]}<\/script>\n<!-- \/ Yoast SEO plugin. -->","yoast_head_json":{"title":"Augst\u0101k\u0101s kvalit\u0101tes Omega-3 | Puhdas+","description":"Premium Omega-3 \u2013 t\u012bra un efekt\u012bva zivju e\u013c\u013ca kapsul\u0101s, kas atbalsta sirds, smadze\u0146u un redzes vesel\u012bbu. Satur augstu EPA un DHA tauksk\u0101bju koncentr\u0101ciju.","robots":{"index":"index","follow":"follow","max-snippet":"max-snippet:-1","max-image-preview":"max-image-preview:large","max-video-preview":"max-video-preview:-1"},"canonical":"https:\/\/puhdasplus.ee\/lv\/produkti\/sirds-veseliba\/omega-3-lv\/augstakas-kvalitates-omega-3\/","og_locale":"lv_LV","og_type":"article","og_title":"Augst\u0101k\u0101s kvalit\u0101tes Omega-3 | Puhdas+","og_description":"Premium Omega-3 \u2013 t\u012bra un efekt\u012bva zivju e\u013c\u013ca kapsul\u0101s, kas atbalsta sirds, smadze\u0146u un redzes vesel\u012bbu. Satur augstu EPA un DHA tauksk\u0101bju koncentr\u0101ciju.","og_url":"https:\/\/puhdasplus.ee\/lv\/produkti\/sirds-veseliba\/omega-3-lv\/augstakas-kvalitates-omega-3\/","og_site_name":"Puhdas+","article_publisher":"https:\/\/www.facebook.com\/puhdasplus","article_modified_time":"2026-04-07T16:57:12+00:00","og_image":[{"width":1862,"height":2560,"url":"https:\/\/puhdasplus.ee\/wp-content\/uploads\/2021\/04\/2-scaled.jpg","type":"image\/jpeg"}],"twitter_card":"summary_large_image","twitter_misc":{"Est. reading time":"3 min\u016btes"},"schema":{"@context":"https:\/\/schema.org","@graph":[{"@type":"WebPage","@id":"https:\/\/puhdasplus.ee\/lv\/produkti\/sirds-veseliba\/omega-3-lv\/augstakas-kvalitates-omega-3\/","url":"https:\/\/puhdasplus.ee\/lv\/produkti\/sirds-veseliba\/omega-3-lv\/augstakas-kvalitates-omega-3\/","name":"Augst\u0101k\u0101s kvalit\u0101tes Omega-3 | Puhdas+","isPartOf":{"@id":"https:\/\/puhdasplus.ee\/lv\/#website"},"primaryImageOfPage":{"@id":"https:\/\/puhdasplus.ee\/lv\/produkti\/sirds-veseliba\/omega-3-lv\/augstakas-kvalitates-omega-3\/#primaryimage"},"image":{"@id":"https:\/\/puhdasplus.ee\/lv\/produkti\/sirds-veseliba\/omega-3-lv\/augstakas-kvalitates-omega-3\/#primaryimage"},"thumbnailUrl":"https:\/\/puhdasplus.ee\/wp-content\/uploads\/2021\/04\/2-scaled.jpg","datePublished":"2021-04-10T10:17:56+00:00","dateModified":"2026-04-07T16:57:12+00:00","description":"Premium Omega-3 \u2013 t\u012bra un efekt\u012bva zivju e\u013c\u013ca kapsul\u0101s, kas atbalsta sirds, smadze\u0146u un redzes vesel\u012bbu. Satur augstu EPA un DHA tauksk\u0101bju koncentr\u0101ciju.","breadcrumb":{"@id":"https:\/\/puhdasplus.ee\/lv\/produkti\/sirds-veseliba\/omega-3-lv\/augstakas-kvalitates-omega-3\/#breadcrumb"},"inLanguage":"lv-LV","potentialAction":[{"@type":"ReadAction","target":["https:\/\/puhdasplus.ee\/lv\/produkti\/sirds-veseliba\/omega-3-lv\/augstakas-kvalitates-omega-3\/"]}]},{"@type":"ImageObject","inLanguage":"lv-LV","@id":"https:\/\/puhdasplus.ee\/lv\/produkti\/sirds-veseliba\/omega-3-lv\/augstakas-kvalitates-omega-3\/#primaryimage","url":"https:\/\/puhdasplus.ee\/wp-content\/uploads\/2021\/04\/2-scaled.jpg","contentUrl":"https:\/\/puhdasplus.ee\/wp-content\/uploads\/2021\/04\/2-scaled.jpg","width":1862,"height":2560,"caption":"Augst\u0101k\u0101s kvalit\u0101tes Omega-3"},{"@type":"BreadcrumbList","@id":"https:\/\/puhdasplus.ee\/lv\/produkti\/sirds-veseliba\/omega-3-lv\/augstakas-kvalitates-omega-3\/#breadcrumb","itemListElement":[{"@type":"ListItem","position":1,"name":"S\u0101kums","item":"https:\/\/puhdasplus.ee\/lv\/"},{"@type":"ListItem","position":2,"name":"Produkti","item":"https:\/\/puhdasplus.ee\/lv\/veikals\/"},{"@type":"ListItem","position":3,"name":"Augst\u0101k\u0101s kvalit\u0101tes Omega-3"}]},{"@type":"WebSite","@id":"https:\/\/puhdasplus.ee\/lv\/#website","url":"https:\/\/puhdasplus.ee\/lv\/","name":"Puhdas+","description":"Vitam\u012bni, uztura bag\u0101tin\u0101t\u0101ji, dab\u012bg\u0101 kosm\u0113tika, vesel\u012bba, sports","publisher":{"@id":"https:\/\/puhdasplus.ee\/lv\/#organization"},"potentialAction":[{"@type":"SearchAction","target":{"@type":"EntryPoint","urlTemplate":"https:\/\/puhdasplus.ee\/lv\/?s={search_term_string}"},"query-input":{"@type":"PropertyValueSpecification","valueRequired":true,"valueName":"search_term_string"}}],"inLanguage":"lv-LV"},{"@type":"Organization","@id":"https:\/\/puhdasplus.ee\/lv\/#organization","name":"Puhdas+","alternateName":"Puhdasplus","url":"https:\/\/puhdasplus.ee\/lv\/","logo":{"@type":"ImageObject","inLanguage":"lv-LV","@id":"https:\/\/puhdasplus.ee\/lv\/#\/schema\/logo\/image\/","url":"https:\/\/puhdasplus.ee\/wp-content\/uploads\/2019\/10\/puhdas_logo-arvele.png","contentUrl":"https:\/\/puhdasplus.ee\/wp-content\/uploads\/2019\/10\/puhdas_logo-arvele.png","width":114,"height":94,"caption":"Puhdas+"},"image":{"@id":"https:\/\/puhdasplus.ee\/lv\/#\/schema\/logo\/image\/"},"sameAs":["https:\/\/www.facebook.com\/puhdasplus","https:\/\/www.instagram.com\/puhdasplus_ee\/"]}]}},"_yoast_wpseo_title":"Augst\u0101k\u0101s kvalit\u0101tes Omega-3 | Puhdas+","_yoast_wpseo_metadesc":"Premium Omega-3 \u2013 t\u012bra un efekt\u012bva zivju e\u013c\u013ca kapsul\u0101s, kas atbalsta sirds, smadze\u0146u un redzes vesel\u012bbu. Satur augstu EPA un DHA tauksk\u0101bju koncentr\u0101ciju.","_yoast_wpseo_focuskw":"omega-3","_links":{"self":[{"href":"https:\/\/puhdasplus.ee\/lv\/wp-json\/wp\/v2\/product\/35203","targetHints":{"allow":["GET"]}}],"collection":[{"href":"https:\/\/puhdasplus.ee\/lv\/wp-json\/wp\/v2\/product"}],"about":[{"href":"https:\/\/puhdasplus.ee\/lv\/wp-json\/wp\/v2\/types\/product"}],"replies":[{"embeddable":true,"href":"https:\/\/puhdasplus.ee\/lv\/wp-json\/wp\/v2\/comments?post=35203"}],"wp:featuredmedia":[{"embeddable":true,"href":"https:\/\/puhdasplus.ee\/lv\/wp-json\/wp\/v2\/media\/30258"}],"wp:attachment":[{"href":"https:\/\/puhdasplus.ee\/lv\/wp-json\/wp\/v2\/media?parent=35203"}],"wp:term":[{"taxonomy":"product_brand","embeddable":true,"href":"https:\/\/puhdasplus.ee\/lv\/wp-json\/wp\/v2\/product_brand?post=35203"},{"taxonomy":"product_cat","embeddable":true,"href":"https:\/\/puhdasplus.ee\/lv\/wp-json\/wp\/v2\/product_cat?post=35203"},{"taxonomy":"product_tag","embeddable":true,"href":"https:\/\/puhdasplus.ee\/lv\/wp-json\/wp\/v2\/product_tag?post=35203"}],"curies":[{"name":"wp","href":"https:\/\/api.w.org\/{rel}","templated":true}]}}