{"id":35177,"date":"2021-03-12T16:21:16","date_gmt":"2021-03-12T14:21:16","guid":{"rendered":"https:\/\/puhdasplus.ee\/tooted\/uncategorized\/eterisko-ellu-difuzors-ar-koka-imitaciju-400-ml-ad-12-dabiga-aromterapija-un-mitrinasana\/"},"modified":"2026-03-25T18:13:25","modified_gmt":"2026-03-25T16:13:25","slug":"eterisko-ellu-difuzors-ar-koka-imitaciju-400-ml-ad-12-dabiga-aromterapija-un-mitrinasana","status":"publish","type":"product","link":"https:\/\/puhdasplus.ee\/lv\/produkti\/difuzori\/eterisko-ellu-difuzors-ar-koka-imitaciju-400-ml-ad-12-dabiga-aromterapija-un-mitrinasana\/","title":{"rendered":"\u0112terisko e\u013c\u013cu difuzors ar koka imit\u0101ciju 400 ml (AD-12) \u2013 dab\u012bga aromterapija un mitrin\u0101\u0161ana"},"content":{"rendered":"<p>\u0112terisko e\u013c\u013cu aroma difuzors ar koka imit\u0101ciju 400 ml (AD-12) ir <strong>stil\u012bgs un efekt\u012bvs aroma difuzors<\/strong> , kas izplata <strong>\u0113terisko e\u013c\u013cu arom\u0101tu un mitrina gaisu<\/strong> , radot relaks\u0113jo\u0161u un pat\u012bkamu vidi jebkur\u0101 telp\u0101. <strong>400 ml \u016bdens tvertne<\/strong> nodro\u0161ina ilgsto\u0161u lieto\u0161anu, un <strong>kokam l\u012bdz\u012bgais dizains<\/strong> ir piem\u0113rots jebkura interjera dekor\u0113\u0161anai. \u0160is difuzors ir ide\u0101li piem\u0113rots lieto\u0161anai <strong>m\u0101j\u0101s, birojos, jogas un spa centros<\/strong> . <\/p>\n<p>Difuzors <strong>izmanto ultraska\u0146as tehnolo\u0123iju<\/strong> , lai <strong>smalki izklied\u0113tu e\u013c\u013cas un \u016bdens mais\u012bjumu<\/strong> , uzturot mitrin\u0101tu gaisu un atsvaidzinot telpu ar pat\u012bkamiem arom\u0101tiem. <strong>Vair\u0101kas kr\u0101su maino\u0161as LED gaismas un taimera funkcija<\/strong> padara to ide\u0101li piem\u0113rotu noska\u0146ojuma rad\u012b\u0161anai un lieto\u0161anai nakt\u012b.<\/p>\n<h4><strong>Lieto\u0161anas instrukcija:<\/strong><\/h4>\n<ol>\n<li><strong>No\u0146emiet v\u0101ku un piepildiet \u016bdens tvertni<\/strong> ar t\u012bru \u016bdeni l\u012bdz maksim\u0101lajai atz\u012bmei (400 ml).<\/li>\n<li>Atveriet difuzora korpusu un piepildiet to ar \u016bdeni (maks. 400 ml) \u2013 pievienojiet 1-2 pilienus \u0113terisk\u0101s e\u013c\u013cas. Pievienojiet ier\u012bci elektrot\u012bklam un nospiediet iesl\u0113g\u0161anas (ON) pogu. Ier\u012bce ir gatava lieto\u0161anai.  <\/li>\n<li><strong>Pievienojiet 3\u20135 pilienus \u0113terisk\u0101s e\u013c\u013cas,<\/strong> lai baud\u012btu pat\u012bkamu aromterapijas pieredzi.<\/li>\n<li><strong>Izv\u0113lieties v\u0113lamo darb\u012bbas re\u017e\u012bmu un LED gaismas kr\u0101su,<\/strong> izmantojot intuit\u012bvo vad\u012bbas paneli.<\/li>\n<li><strong>Difuzors autom\u0101tiski izsl\u0113dzas,<\/strong> kad beidzas \u016bdens.<\/li>\n<\/ol>\n<h4><strong>Funkcijas un priek\u0161roc\u012bbas:<\/strong><\/h4>\n<ul>\n<li><strong>Ultraska\u0146as tehnolo\u0123ija<\/strong> \u2013 klusa un efekt\u012bva miglas izklied\u0113\u0161ana.<\/li>\n<li><strong>Liela 400 ml \u016bdens tvertne<\/strong> \u2013 l\u012bdz 10 stund\u0101m nep\u0101rtrauktas lieto\u0161anas.<\/li>\n<li><strong>Autom\u0101tiska izsl\u0113g\u0161an\u0101s<\/strong> \u2013 dro\u0161a un ener\u0123iju taupo\u0161a.<\/li>\n<li><strong>LED fona apgaismojums<\/strong> \u2014 vair\u0101kas kr\u0101sas, no kur\u0101m izv\u0113l\u0113ties, lai rad\u012btu noska\u0146ojumu.<\/li>\n<li><strong>Mitrina gaisu un likvid\u0113 nepat\u012bkamas smakas<\/strong> .<\/li>\n<li><strong>Piem\u0113rots \u0113terisko e\u013c\u013cu lieto\u0161anai<\/strong> relaks\u0101cijas, koncentr\u0113\u0161an\u0101s sp\u0113ju vai miega veicin\u0101\u0161anai.<\/li>\n<\/ul>\n<h2>Aromterapijas priek\u0161roc\u012bbas<\/h2>\n<p>Aromterapija ir maigs, bet efekt\u012bvs veids, k\u0101 dziedin\u0101t un barot dv\u0113seli, \u0137ermeni un pr\u0101tu. Difuzors ir viens no efekt\u012bv\u0101kajiem un dro\u0161\u0101kajiem veidiem, k\u0101 izplat\u012bt \u0113terisko e\u013c\u013cu molekulas m\u0101j\u0101s, spa vai sabiedrisk\u0101s viet\u0101s. <\/p>\n<p>Produkta priek\u0161roc\u012bba ir t\u0101, ka \u0113terisk\u0101s e\u013c\u013cas nev\u0101r\u0101s un nepiedeg. Produktu ir viegli un \u0113rti lietot. No produkta izpl\u016bsto\u0161\u0101 v\u0113s\u0101 migla rada pat\u012bkamu atmosf\u0113ru.  <\/p>\n<p>Augstas kvalit\u0101tes dab\u012bg\u0101s \u0113terisk\u0101s e\u013c\u013cas ir piem\u0113rotas lieto\u0161anai difuzor\u0101 un t\u0101m ir vesel\u012bgs efekts. J\u016bs varat izv\u0113l\u0113ties sev piem\u0113rot\u0101k\u0101s \u0113terisk\u0101s e\u013c\u013cas atbilsto\u0161i sav\u0101m vajadz\u012bb\u0101m. <\/p>\n<ul>\n<li>Ultraska\u0146as \u2014 iztvaic\u0113 \u016bdeni un \u0113terisk\u0101s e\u013c\u013cas, nededzinot. \u2022 7 da\u017e\u0101du kr\u0101su LED gaismas. <\/li>\n<li>Autom\u0101tiska izsl\u0113g\u0161an\u0101s, kad beidzas \u016bdens<\/li>\n<li>Taimeris 1, 3 vai 6 stundas<\/li>\n<li>Smalka smidzin\u0101\u0161ana<\/li>\n<li>Kr\u0101sa: dab\u012bga<\/li>\n<\/ul>\n<p><strong>Skat\u012bt ar\u012b:<\/strong> <a href=\"https:\/\/puhdasplus.ee\/toote-kategooria\/difuuserid\/\">Difuuserid<\/a> | <a href=\"https:\/\/puhdasplus.ee\/toote-kategooria\/eeterlikud-olid\/\">Eeterlikud \u00f5lid<\/a><\/p>\n","protected":false},"excerpt":{"rendered":"<h4>Elegants un efekt\u012bvs arom\u0101tu difuzors, kas <strong>izplata \u0113terisko e\u013c\u013cu arom\u0101tu, mitrina gaisu un rada relaks\u0113jo\u0161u atmosf\u0113ru<\/strong> .<\/h4>\n","protected":false},"featured_media":35179,"comment_status":"closed","ping_status":"closed","template":"","meta":{"_acf_changed":false,"googlesitekit_rrm_CAow3eq7DA:productID":""},"product_brand":[],"product_cat":[2785],"product_tag":[7873,8377,7877,7897],"class_list":{"0":"post-35177","1":"product","2":"type-product","3":"status-publish","4":"has-post-thumbnail","6":"product_cat-difuzori","7":"product_tag-aromatu-difuzors","8":"product_tag-dabgs-lv","9":"product_tag-eteriska-ella","10":"product_tag-miegs-un-relaksacija","12":"first","13":"onbackorder","14":"taxable","15":"shipping-taxable","16":"purchasable","17":"product-type-simple"},"acf":[],"yoast_head":"<!-- This site is optimized with the Yoast SEO plugin v27.3 - https:\/\/yoast.com\/product\/yoast-seo-wordpress\/ -->\n<title>\u0112terisko e\u013c\u013cu difuzors ar koka imit\u0101ciju 400 ml (AD-12) \u2013 dab\u012bga aromterapija un mitrin\u0101\u0161ana | Puhdas+<\/title>\n<meta name=\"description\" content=\"\u0112terisko e\u013c\u013cu arom\u0101tu difuzors ar koka tekst\u016bru 400 ml (AD-12) rada relaks\u0113jo\u0161u atmosf\u0113ru, izplata \u0113terisko e\u013c\u013cu arom\u0101tu un mitrina gaisu.\" \/>\n<meta name=\"robots\" content=\"index, follow, max-snippet:-1, max-image-preview:large, max-video-preview:-1\" \/>\n<link rel=\"canonical\" href=\"https:\/\/puhdasplus.ee\/lv\/produkti\/difuzori\/eterisko-ellu-difuzors-ar-koka-imitaciju-400-ml-ad-12-dabiga-aromterapija-un-mitrinasana\/\" \/>\n<meta property=\"og:locale\" content=\"lv_LV\" \/>\n<meta property=\"og:type\" content=\"article\" \/>\n<meta property=\"og:title\" content=\"\u0112terisko e\u013c\u013cu difuzors ar koka imit\u0101ciju 400 ml (AD-12) \u2013 dab\u012bga aromterapija un mitrin\u0101\u0161ana | Puhdas+\" \/>\n<meta property=\"og:description\" content=\"\u0112terisko e\u013c\u013cu arom\u0101tu difuzors ar koka tekst\u016bru 400 ml (AD-12) rada relaks\u0113jo\u0161u atmosf\u0113ru, izplata \u0113terisko e\u013c\u013cu arom\u0101tu un mitrina gaisu.\" \/>\n<meta property=\"og:url\" content=\"https:\/\/puhdasplus.ee\/lv\/produkti\/difuzori\/eterisko-ellu-difuzors-ar-koka-imitaciju-400-ml-ad-12-dabiga-aromterapija-un-mitrinasana\/\" \/>\n<meta property=\"og:site_name\" content=\"Puhdas+\" \/>\n<meta property=\"article:publisher\" content=\"https:\/\/www.facebook.com\/puhdasplus\" \/>\n<meta property=\"article:modified_time\" content=\"2026-03-25T16:13:25+00:00\" \/>\n<meta property=\"og:image\" content=\"https:\/\/puhdasplus.ee\/wp-content\/uploads\/2019\/10\/Puhdas_diffuuseri_AD-12A-2-1.jpg\" \/>\n\t<meta property=\"og:image:width\" content=\"1000\" \/>\n\t<meta property=\"og:image:height\" content=\"1000\" \/>\n\t<meta property=\"og:image:type\" content=\"image\/jpeg\" \/>\n<meta name=\"twitter:card\" content=\"summary_large_image\" \/>\n<meta name=\"twitter:label1\" content=\"Est. reading time\" \/>\n\t<meta name=\"twitter:data1\" content=\"2 min\u016btes\" \/>\n<script type=\"application\/ld+json\" class=\"yoast-schema-graph\">{\"@context\":\"https:\\\/\\\/schema.org\",\"@graph\":[{\"@type\":\"WebPage\",\"@id\":\"https:\\\/\\\/puhdasplus.ee\\\/lv\\\/produkti\\\/difuzori\\\/eterisko-ellu-difuzors-ar-koka-imitaciju-400-ml-ad-12-dabiga-aromterapija-un-mitrinasana\\\/\",\"url\":\"https:\\\/\\\/puhdasplus.ee\\\/lv\\\/produkti\\\/difuzori\\\/eterisko-ellu-difuzors-ar-koka-imitaciju-400-ml-ad-12-dabiga-aromterapija-un-mitrinasana\\\/\",\"name\":\"\u0112terisko e\u013c\u013cu difuzors ar koka imit\u0101ciju 400 ml (AD-12) \u2013 dab\u012bga aromterapija un mitrin\u0101\u0161ana | Puhdas+\",\"isPartOf\":{\"@id\":\"https:\\\/\\\/puhdasplus.ee\\\/lv\\\/#website\"},\"primaryImageOfPage\":{\"@id\":\"https:\\\/\\\/puhdasplus.ee\\\/lv\\\/produkti\\\/difuzori\\\/eterisko-ellu-difuzors-ar-koka-imitaciju-400-ml-ad-12-dabiga-aromterapija-un-mitrinasana\\\/#primaryimage\"},\"image\":{\"@id\":\"https:\\\/\\\/puhdasplus.ee\\\/lv\\\/produkti\\\/difuzori\\\/eterisko-ellu-difuzors-ar-koka-imitaciju-400-ml-ad-12-dabiga-aromterapija-un-mitrinasana\\\/#primaryimage\"},\"thumbnailUrl\":\"https:\\\/\\\/puhdasplus.ee\\\/wp-content\\\/uploads\\\/2019\\\/10\\\/Puhdas_diffuuseri_AD-12A-2-1.jpg\",\"datePublished\":\"2021-03-12T14:21:16+00:00\",\"dateModified\":\"2026-03-25T16:13:25+00:00\",\"description\":\"\u0112terisko e\u013c\u013cu arom\u0101tu difuzors ar koka tekst\u016bru 400 ml (AD-12) rada relaks\u0113jo\u0161u atmosf\u0113ru, izplata \u0113terisko e\u013c\u013cu arom\u0101tu un mitrina gaisu.\",\"breadcrumb\":{\"@id\":\"https:\\\/\\\/puhdasplus.ee\\\/lv\\\/produkti\\\/difuzori\\\/eterisko-ellu-difuzors-ar-koka-imitaciju-400-ml-ad-12-dabiga-aromterapija-un-mitrinasana\\\/#breadcrumb\"},\"inLanguage\":\"lv-LV\",\"potentialAction\":[{\"@type\":\"ReadAction\",\"target\":[\"https:\\\/\\\/puhdasplus.ee\\\/lv\\\/produkti\\\/difuzori\\\/eterisko-ellu-difuzors-ar-koka-imitaciju-400-ml-ad-12-dabiga-aromterapija-un-mitrinasana\\\/\"]}]},{\"@type\":\"ImageObject\",\"inLanguage\":\"lv-LV\",\"@id\":\"https:\\\/\\\/puhdasplus.ee\\\/lv\\\/produkti\\\/difuzori\\\/eterisko-ellu-difuzors-ar-koka-imitaciju-400-ml-ad-12-dabiga-aromterapija-un-mitrinasana\\\/#primaryimage\",\"url\":\"https:\\\/\\\/puhdasplus.ee\\\/wp-content\\\/uploads\\\/2019\\\/10\\\/Puhdas_diffuuseri_AD-12A-2-1.jpg\",\"contentUrl\":\"https:\\\/\\\/puhdasplus.ee\\\/wp-content\\\/uploads\\\/2019\\\/10\\\/Puhdas_diffuuseri_AD-12A-2-1.jpg\",\"width\":1000,\"height\":1000,\"caption\":\"difuzors\"},{\"@type\":\"BreadcrumbList\",\"@id\":\"https:\\\/\\\/puhdasplus.ee\\\/lv\\\/produkti\\\/difuzori\\\/eterisko-ellu-difuzors-ar-koka-imitaciju-400-ml-ad-12-dabiga-aromterapija-un-mitrinasana\\\/#breadcrumb\",\"itemListElement\":[{\"@type\":\"ListItem\",\"position\":1,\"name\":\"S\u0101kums\",\"item\":\"https:\\\/\\\/puhdasplus.ee\\\/lv\\\/\"},{\"@type\":\"ListItem\",\"position\":2,\"name\":\"Produkti\",\"item\":\"https:\\\/\\\/puhdasplus.ee\\\/lv\\\/veikals\\\/\"},{\"@type\":\"ListItem\",\"position\":3,\"name\":\"\u0112terisko e\u013c\u013cu difuzors ar koka imit\u0101ciju 400 ml (AD-12) \u2013 dab\u012bga aromterapija un mitrin\u0101\u0161ana\"}]},{\"@type\":\"WebSite\",\"@id\":\"https:\\\/\\\/puhdasplus.ee\\\/lv\\\/#website\",\"url\":\"https:\\\/\\\/puhdasplus.ee\\\/lv\\\/\",\"name\":\"Puhdas+\",\"description\":\"Vitam\u012bni, uztura bag\u0101tin\u0101t\u0101ji, dab\u012bg\u0101 kosm\u0113tika, vesel\u012bba, sports\",\"publisher\":{\"@id\":\"https:\\\/\\\/puhdasplus.ee\\\/lv\\\/#organization\"},\"potentialAction\":[{\"@type\":\"SearchAction\",\"target\":{\"@type\":\"EntryPoint\",\"urlTemplate\":\"https:\\\/\\\/puhdasplus.ee\\\/lv\\\/?s={search_term_string}\"},\"query-input\":{\"@type\":\"PropertyValueSpecification\",\"valueRequired\":true,\"valueName\":\"search_term_string\"}}],\"inLanguage\":\"lv-LV\"},{\"@type\":\"Organization\",\"@id\":\"https:\\\/\\\/puhdasplus.ee\\\/lv\\\/#organization\",\"name\":\"Puhdas+\",\"alternateName\":\"Puhdasplus\",\"url\":\"https:\\\/\\\/puhdasplus.ee\\\/lv\\\/\",\"logo\":{\"@type\":\"ImageObject\",\"inLanguage\":\"lv-LV\",\"@id\":\"https:\\\/\\\/puhdasplus.ee\\\/lv\\\/#\\\/schema\\\/logo\\\/image\\\/\",\"url\":\"https:\\\/\\\/puhdasplus.ee\\\/wp-content\\\/uploads\\\/2019\\\/10\\\/puhdas_logo-arvele.png\",\"contentUrl\":\"https:\\\/\\\/puhdasplus.ee\\\/wp-content\\\/uploads\\\/2019\\\/10\\\/puhdas_logo-arvele.png\",\"width\":114,\"height\":94,\"caption\":\"Puhdas+\"},\"image\":{\"@id\":\"https:\\\/\\\/puhdasplus.ee\\\/lv\\\/#\\\/schema\\\/logo\\\/image\\\/\"},\"sameAs\":[\"https:\\\/\\\/www.facebook.com\\\/puhdasplus\",\"https:\\\/\\\/www.instagram.com\\\/puhdasplus_ee\\\/\"]}]}<\/script>\n<!-- \/ Yoast SEO plugin. -->","yoast_head_json":{"title":"\u0112terisko e\u013c\u013cu difuzors ar koka imit\u0101ciju 400 ml (AD-12) \u2013 dab\u012bga aromterapija un mitrin\u0101\u0161ana | Puhdas+","description":"\u0112terisko e\u013c\u013cu arom\u0101tu difuzors ar koka tekst\u016bru 400 ml (AD-12) rada relaks\u0113jo\u0161u atmosf\u0113ru, izplata \u0113terisko e\u013c\u013cu arom\u0101tu un mitrina gaisu.","robots":{"index":"index","follow":"follow","max-snippet":"max-snippet:-1","max-image-preview":"max-image-preview:large","max-video-preview":"max-video-preview:-1"},"canonical":"https:\/\/puhdasplus.ee\/lv\/produkti\/difuzori\/eterisko-ellu-difuzors-ar-koka-imitaciju-400-ml-ad-12-dabiga-aromterapija-un-mitrinasana\/","og_locale":"lv_LV","og_type":"article","og_title":"\u0112terisko e\u013c\u013cu difuzors ar koka imit\u0101ciju 400 ml (AD-12) \u2013 dab\u012bga aromterapija un mitrin\u0101\u0161ana | Puhdas+","og_description":"\u0112terisko e\u013c\u013cu arom\u0101tu difuzors ar koka tekst\u016bru 400 ml (AD-12) rada relaks\u0113jo\u0161u atmosf\u0113ru, izplata \u0113terisko e\u013c\u013cu arom\u0101tu un mitrina gaisu.","og_url":"https:\/\/puhdasplus.ee\/lv\/produkti\/difuzori\/eterisko-ellu-difuzors-ar-koka-imitaciju-400-ml-ad-12-dabiga-aromterapija-un-mitrinasana\/","og_site_name":"Puhdas+","article_publisher":"https:\/\/www.facebook.com\/puhdasplus","article_modified_time":"2026-03-25T16:13:25+00:00","og_image":[{"width":1000,"height":1000,"url":"https:\/\/puhdasplus.ee\/wp-content\/uploads\/2019\/10\/Puhdas_diffuuseri_AD-12A-2-1.jpg","type":"image\/jpeg"}],"twitter_card":"summary_large_image","twitter_misc":{"Est. reading time":"2 min\u016btes"},"schema":{"@context":"https:\/\/schema.org","@graph":[{"@type":"WebPage","@id":"https:\/\/puhdasplus.ee\/lv\/produkti\/difuzori\/eterisko-ellu-difuzors-ar-koka-imitaciju-400-ml-ad-12-dabiga-aromterapija-un-mitrinasana\/","url":"https:\/\/puhdasplus.ee\/lv\/produkti\/difuzori\/eterisko-ellu-difuzors-ar-koka-imitaciju-400-ml-ad-12-dabiga-aromterapija-un-mitrinasana\/","name":"\u0112terisko e\u013c\u013cu difuzors ar koka imit\u0101ciju 400 ml (AD-12) \u2013 dab\u012bga aromterapija un mitrin\u0101\u0161ana | Puhdas+","isPartOf":{"@id":"https:\/\/puhdasplus.ee\/lv\/#website"},"primaryImageOfPage":{"@id":"https:\/\/puhdasplus.ee\/lv\/produkti\/difuzori\/eterisko-ellu-difuzors-ar-koka-imitaciju-400-ml-ad-12-dabiga-aromterapija-un-mitrinasana\/#primaryimage"},"image":{"@id":"https:\/\/puhdasplus.ee\/lv\/produkti\/difuzori\/eterisko-ellu-difuzors-ar-koka-imitaciju-400-ml-ad-12-dabiga-aromterapija-un-mitrinasana\/#primaryimage"},"thumbnailUrl":"https:\/\/puhdasplus.ee\/wp-content\/uploads\/2019\/10\/Puhdas_diffuuseri_AD-12A-2-1.jpg","datePublished":"2021-03-12T14:21:16+00:00","dateModified":"2026-03-25T16:13:25+00:00","description":"\u0112terisko e\u013c\u013cu arom\u0101tu difuzors ar koka tekst\u016bru 400 ml (AD-12) rada relaks\u0113jo\u0161u atmosf\u0113ru, izplata \u0113terisko e\u013c\u013cu arom\u0101tu un mitrina gaisu.","breadcrumb":{"@id":"https:\/\/puhdasplus.ee\/lv\/produkti\/difuzori\/eterisko-ellu-difuzors-ar-koka-imitaciju-400-ml-ad-12-dabiga-aromterapija-un-mitrinasana\/#breadcrumb"},"inLanguage":"lv-LV","potentialAction":[{"@type":"ReadAction","target":["https:\/\/puhdasplus.ee\/lv\/produkti\/difuzori\/eterisko-ellu-difuzors-ar-koka-imitaciju-400-ml-ad-12-dabiga-aromterapija-un-mitrinasana\/"]}]},{"@type":"ImageObject","inLanguage":"lv-LV","@id":"https:\/\/puhdasplus.ee\/lv\/produkti\/difuzori\/eterisko-ellu-difuzors-ar-koka-imitaciju-400-ml-ad-12-dabiga-aromterapija-un-mitrinasana\/#primaryimage","url":"https:\/\/puhdasplus.ee\/wp-content\/uploads\/2019\/10\/Puhdas_diffuuseri_AD-12A-2-1.jpg","contentUrl":"https:\/\/puhdasplus.ee\/wp-content\/uploads\/2019\/10\/Puhdas_diffuuseri_AD-12A-2-1.jpg","width":1000,"height":1000,"caption":"difuzors"},{"@type":"BreadcrumbList","@id":"https:\/\/puhdasplus.ee\/lv\/produkti\/difuzori\/eterisko-ellu-difuzors-ar-koka-imitaciju-400-ml-ad-12-dabiga-aromterapija-un-mitrinasana\/#breadcrumb","itemListElement":[{"@type":"ListItem","position":1,"name":"S\u0101kums","item":"https:\/\/puhdasplus.ee\/lv\/"},{"@type":"ListItem","position":2,"name":"Produkti","item":"https:\/\/puhdasplus.ee\/lv\/veikals\/"},{"@type":"ListItem","position":3,"name":"\u0112terisko e\u013c\u013cu difuzors ar koka imit\u0101ciju 400 ml (AD-12) \u2013 dab\u012bga aromterapija un mitrin\u0101\u0161ana"}]},{"@type":"WebSite","@id":"https:\/\/puhdasplus.ee\/lv\/#website","url":"https:\/\/puhdasplus.ee\/lv\/","name":"Puhdas+","description":"Vitam\u012bni, uztura bag\u0101tin\u0101t\u0101ji, dab\u012bg\u0101 kosm\u0113tika, vesel\u012bba, sports","publisher":{"@id":"https:\/\/puhdasplus.ee\/lv\/#organization"},"potentialAction":[{"@type":"SearchAction","target":{"@type":"EntryPoint","urlTemplate":"https:\/\/puhdasplus.ee\/lv\/?s={search_term_string}"},"query-input":{"@type":"PropertyValueSpecification","valueRequired":true,"valueName":"search_term_string"}}],"inLanguage":"lv-LV"},{"@type":"Organization","@id":"https:\/\/puhdasplus.ee\/lv\/#organization","name":"Puhdas+","alternateName":"Puhdasplus","url":"https:\/\/puhdasplus.ee\/lv\/","logo":{"@type":"ImageObject","inLanguage":"lv-LV","@id":"https:\/\/puhdasplus.ee\/lv\/#\/schema\/logo\/image\/","url":"https:\/\/puhdasplus.ee\/wp-content\/uploads\/2019\/10\/puhdas_logo-arvele.png","contentUrl":"https:\/\/puhdasplus.ee\/wp-content\/uploads\/2019\/10\/puhdas_logo-arvele.png","width":114,"height":94,"caption":"Puhdas+"},"image":{"@id":"https:\/\/puhdasplus.ee\/lv\/#\/schema\/logo\/image\/"},"sameAs":["https:\/\/www.facebook.com\/puhdasplus","https:\/\/www.instagram.com\/puhdasplus_ee\/"]}]}},"_yoast_wpseo_title":"\u0112terisko e\u013c\u013cu difuzors ar koka imit\u0101ciju 400 ml (AD-12) \u2013 dab\u012bga aromterapija un mitrin\u0101\u0161ana | Puhdas+","_yoast_wpseo_metadesc":"\u0112terisko e\u013c\u013cu arom\u0101tu difuzors ar koka tekst\u016bru 400 ml (AD-12) rada relaks\u0113jo\u0161u atmosf\u0113ru, izplata \u0113terisko e\u013c\u013cu arom\u0101tu un mitrina gaisu.","_yoast_wpseo_focuskw":"","_links":{"self":[{"href":"https:\/\/puhdasplus.ee\/lv\/wp-json\/wp\/v2\/product\/35177","targetHints":{"allow":["GET"]}}],"collection":[{"href":"https:\/\/puhdasplus.ee\/lv\/wp-json\/wp\/v2\/product"}],"about":[{"href":"https:\/\/puhdasplus.ee\/lv\/wp-json\/wp\/v2\/types\/product"}],"replies":[{"embeddable":true,"href":"https:\/\/puhdasplus.ee\/lv\/wp-json\/wp\/v2\/comments?post=35177"}],"wp:featuredmedia":[{"embeddable":true,"href":"https:\/\/puhdasplus.ee\/lv\/wp-json\/wp\/v2\/media\/35179"}],"wp:attachment":[{"href":"https:\/\/puhdasplus.ee\/lv\/wp-json\/wp\/v2\/media?parent=35177"}],"wp:term":[{"taxonomy":"product_brand","embeddable":true,"href":"https:\/\/puhdasplus.ee\/lv\/wp-json\/wp\/v2\/product_brand?post=35177"},{"taxonomy":"product_cat","embeddable":true,"href":"https:\/\/puhdasplus.ee\/lv\/wp-json\/wp\/v2\/product_cat?post=35177"},{"taxonomy":"product_tag","embeddable":true,"href":"https:\/\/puhdasplus.ee\/lv\/wp-json\/wp\/v2\/product_tag?post=35177"}],"curies":[{"name":"wp","href":"https:\/\/api.w.org\/{rel}","templated":true}]}}