{"id":35096,"date":"2021-03-24T13:51:57","date_gmt":"2021-03-24T11:51:57","guid":{"rendered":"https:\/\/puhdasplus.ee\/tooted\/uncategorized\/difuzors-mitrinatajs-gaisa-aromatizetajs-white-ad-9-200ml\/"},"modified":"2026-03-25T18:13:25","modified_gmt":"2026-03-25T16:13:25","slug":"difuzors-mitrinatajs-gaisa-aromatizetajs-white-ad-9-200ml","status":"publish","type":"product","link":"https:\/\/puhdasplus.ee\/lv\/produkti\/difuzori\/difuzors-mitrinatajs-gaisa-aromatizetajs-white-ad-9-200ml\/","title":{"rendered":"Difuzors-mitrin\u0101t\u0101js-gaisa aromatiz\u0113t\u0101js \u201cWhite AD 9&#8243; \u2013 200ml"},"content":{"rendered":"<h2>Lieto\u0161ana<\/h2>\n<p>Lieto\u0161ana: Atveriet difuzora korpusu un piepildiet to ar \u016bdeni (maks. 200 ml) \u2013 pievienojiet 1-2 pilienus \u0113terisk\u0101s e\u013c\u013cas. Pievienojiet ier\u012bci elektrot\u012bklam un nospiediet iesl\u0113g\u0161anas (ON) pogu. Ier\u012bce ir gatava lieto\u0161anai.  <\/p>\n<h2>Aromterapijas priek\u0161roc\u012bbas<\/h2>\n<p>Aromterapija ir maigs, bet efekt\u012bvs veids, k\u0101 dziedin\u0101t un barot dv\u0113seli, \u0137ermeni un pr\u0101tu. Difuzors ir viens no efekt\u012bv\u0101kajiem un dro\u0161\u0101kajiem veidiem, k\u0101 izplat\u012bt \u0113terisko e\u013c\u013cu molekulas m\u0101j\u0101s, spa vai sabiedrisk\u0101s viet\u0101s. <\/p>\n<p>Produkta priek\u0161roc\u012bba ir t\u0101, ka \u0113terisk\u0101s e\u013c\u013cas nev\u0101r\u0101s un nepiedeg. Produktu ir viegli un \u0113rti lietot. No produkta izpl\u016bsto\u0161\u0101 v\u0113s\u0101 migla rada pat\u012bkamu atmosf\u0113ru.  <\/p>\n<p>Augstas kvalit\u0101tes dab\u012bg\u0101s \u0113terisk\u0101s e\u013c\u013cas ir piem\u0113rotas lieto\u0161anai difuzor\u0101 un t\u0101m ir vesel\u012bgs efekts. J\u016bs varat izv\u0113l\u0113ties sev piem\u0113rot\u0101k\u0101s \u0113terisk\u0101s e\u013c\u013cas atbilsto\u0161i sav\u0101m vajadz\u012bb\u0101m. <\/p>\n<ul>\n<li>Ultraska\u0146a \u2013 iztvaic\u0113 \u016bdeni un \u0113terisk\u0101s e\u013c\u013cas bez dedzin\u0101\u0161anas.<\/li>\n<li>\u2022 7 da\u017e\u0101du kr\u0101su LED apgaismojums.<\/li>\n<li>Autom\u0101tiska izsl\u0113g\u0161an\u0101s, kad beidzas \u016bdens<\/li>\n<li>Taimeris 1, 3 vai 6 stundas<\/li>\n<li>Smalka smidzin\u0101\u0161ana<\/li>\n<li>Kr\u0101sa: balts marmors<\/li>\n<\/ul>\n<p><strong>Skat\u012bt ar\u012b:<\/strong> <a href=\"https:\/\/puhdasplus.ee\/toote-kategooria\/difuuserid\/\">Difuuserid<\/a> | <a href=\"https:\/\/puhdasplus.ee\/toote-kategooria\/eeterlikud-olid\/\">Eeterlikud \u00f5lid<\/a><\/p>\n","protected":false},"excerpt":{"rendered":"<h4>Difuzors \u2013 mitrin\u0101t\u0101js \u2013 gaisa aromatiz\u0113t\u0101js (200 ml)<\/h4>\n<p>Gaisa mitrin\u0101t\u0101js ar vienk\u0101r\u0161u un elegantu dizainu. Divas galven\u0101s funkcijas: mitrin\u0101\u0161ana un aromatiz\u0113\u0161ana. Da\u017e\u0101das programmas gaismai un gaisa mitrin\u0101\u0161anai. Mitrin\u0101\u0161anas laik\u0101 var izv\u0113l\u0113ties nep\u0101rtrauktu tvaiku, periodisku tvaiku vai izsl\u0113gt tvaiku. Apgaismojumam var izv\u0113l\u0113ties vair\u0101kas da\u017e\u0101das kr\u0101sas. Gaismas un gaisa mitrin\u0101\u0161anas programmas var kombin\u0113t da\u017e\u0101dos veidos. Mitrin\u0101\u0161anas laik\u0101 var pievienot ar\u012b t\u012bras \u0113terisk\u0101s e\u013c\u013cas p\u0113c sav\u0101m v\u0113lm\u0113m.     <\/p>\n","protected":false},"featured_media":35101,"comment_status":"closed","ping_status":"closed","template":"","meta":{"_acf_changed":false,"googlesitekit_rrm_CAow3eq7DA:productID":""},"product_brand":[],"product_cat":[2785],"product_tag":[7873,7877,7897],"class_list":{"0":"post-35096","1":"product","2":"type-product","3":"status-publish","4":"has-post-thumbnail","6":"product_cat-difuzori","7":"product_tag-aromatu-difuzors","8":"product_tag-eteriska-ella","9":"product_tag-miegs-un-relaksacija","11":"first","12":"instock","13":"taxable","14":"shipping-taxable","15":"purchasable","16":"product-type-simple"},"acf":[],"yoast_head":"<!-- This site is optimized with the Yoast SEO plugin v27.3 - https:\/\/yoast.com\/product\/yoast-seo-wordpress\/ -->\n<title>Difuzors-mitrin\u0101t\u0101js-gaisa aromatiz\u0113t\u0101js &quot;White AD 9&quot; - 200ml | Puhdas+<\/title>\n<meta name=\"description\" content=\"Difuzors-mitrin\u0101t\u0101js-gaisa aromatiz\u0113t\u0101js White AD 9 (200 ml) mitrina gaisu, izplata \u0113terisko e\u013c\u013cu arom\u0101tus un rada relaks\u0113jo\u0161u atmosf\u0113ru.\" \/>\n<meta name=\"robots\" content=\"index, follow, max-snippet:-1, max-image-preview:large, max-video-preview:-1\" \/>\n<link rel=\"canonical\" href=\"https:\/\/puhdasplus.ee\/lv\/produkti\/difuzori\/difuzors-mitrinatajs-gaisa-aromatizetajs-white-ad-9-200ml\/\" \/>\n<meta property=\"og:locale\" content=\"lv_LV\" \/>\n<meta property=\"og:type\" content=\"article\" \/>\n<meta property=\"og:title\" content=\"Difuzors-mitrin\u0101t\u0101js-gaisa aromatiz\u0113t\u0101js &quot;White AD 9&quot; - 200ml | Puhdas+\" \/>\n<meta property=\"og:description\" content=\"Difuzors-mitrin\u0101t\u0101js-gaisa aromatiz\u0113t\u0101js White AD 9 (200 ml) mitrina gaisu, izplata \u0113terisko e\u013c\u013cu arom\u0101tus un rada relaks\u0113jo\u0161u atmosf\u0113ru.\" \/>\n<meta property=\"og:url\" content=\"https:\/\/puhdasplus.ee\/lv\/produkti\/difuzori\/difuzors-mitrinatajs-gaisa-aromatizetajs-white-ad-9-200ml\/\" \/>\n<meta property=\"og:site_name\" content=\"Puhdas+\" \/>\n<meta property=\"article:publisher\" content=\"https:\/\/www.facebook.com\/puhdasplus\" \/>\n<meta property=\"article:modified_time\" content=\"2026-03-25T16:13:25+00:00\" \/>\n<meta property=\"og:image\" content=\"https:\/\/puhdasplus.ee\/wp-content\/uploads\/2021\/03\/Puhdasplus.ee-diffuuseru_AD-09D-1-700x700-1.jpg\" \/>\n\t<meta property=\"og:image:width\" content=\"700\" \/>\n\t<meta property=\"og:image:height\" content=\"700\" \/>\n\t<meta property=\"og:image:type\" content=\"image\/jpeg\" \/>\n<meta name=\"twitter:card\" content=\"summary_large_image\" \/>\n<meta name=\"twitter:label1\" content=\"Est. reading time\" \/>\n\t<meta name=\"twitter:data1\" content=\"1 minute\" \/>\n<script type=\"application\/ld+json\" class=\"yoast-schema-graph\">{\"@context\":\"https:\\\/\\\/schema.org\",\"@graph\":[{\"@type\":\"WebPage\",\"@id\":\"https:\\\/\\\/puhdasplus.ee\\\/lv\\\/produkti\\\/difuzori\\\/difuzors-mitrinatajs-gaisa-aromatizetajs-white-ad-9-200ml\\\/\",\"url\":\"https:\\\/\\\/puhdasplus.ee\\\/lv\\\/produkti\\\/difuzori\\\/difuzors-mitrinatajs-gaisa-aromatizetajs-white-ad-9-200ml\\\/\",\"name\":\"Difuzors-mitrin\u0101t\u0101js-gaisa aromatiz\u0113t\u0101js \\\"White AD 9\\\" - 200ml | Puhdas+\",\"isPartOf\":{\"@id\":\"https:\\\/\\\/puhdasplus.ee\\\/lv\\\/#website\"},\"primaryImageOfPage\":{\"@id\":\"https:\\\/\\\/puhdasplus.ee\\\/lv\\\/produkti\\\/difuzori\\\/difuzors-mitrinatajs-gaisa-aromatizetajs-white-ad-9-200ml\\\/#primaryimage\"},\"image\":{\"@id\":\"https:\\\/\\\/puhdasplus.ee\\\/lv\\\/produkti\\\/difuzori\\\/difuzors-mitrinatajs-gaisa-aromatizetajs-white-ad-9-200ml\\\/#primaryimage\"},\"thumbnailUrl\":\"https:\\\/\\\/puhdasplus.ee\\\/wp-content\\\/uploads\\\/2021\\\/03\\\/Puhdasplus.ee-diffuuseru_AD-09D-1-700x700-1.jpg\",\"datePublished\":\"2021-03-24T11:51:57+00:00\",\"dateModified\":\"2026-03-25T16:13:25+00:00\",\"description\":\"Difuzors-mitrin\u0101t\u0101js-gaisa aromatiz\u0113t\u0101js White AD 9 (200 ml) mitrina gaisu, izplata \u0113terisko e\u013c\u013cu arom\u0101tus un rada relaks\u0113jo\u0161u atmosf\u0113ru.\",\"breadcrumb\":{\"@id\":\"https:\\\/\\\/puhdasplus.ee\\\/lv\\\/produkti\\\/difuzori\\\/difuzors-mitrinatajs-gaisa-aromatizetajs-white-ad-9-200ml\\\/#breadcrumb\"},\"inLanguage\":\"lv-LV\",\"potentialAction\":[{\"@type\":\"ReadAction\",\"target\":[\"https:\\\/\\\/puhdasplus.ee\\\/lv\\\/produkti\\\/difuzori\\\/difuzors-mitrinatajs-gaisa-aromatizetajs-white-ad-9-200ml\\\/\"]}]},{\"@type\":\"ImageObject\",\"inLanguage\":\"lv-LV\",\"@id\":\"https:\\\/\\\/puhdasplus.ee\\\/lv\\\/produkti\\\/difuzori\\\/difuzors-mitrinatajs-gaisa-aromatizetajs-white-ad-9-200ml\\\/#primaryimage\",\"url\":\"https:\\\/\\\/puhdasplus.ee\\\/wp-content\\\/uploads\\\/2021\\\/03\\\/Puhdasplus.ee-diffuuseru_AD-09D-1-700x700-1.jpg\",\"contentUrl\":\"https:\\\/\\\/puhdasplus.ee\\\/wp-content\\\/uploads\\\/2021\\\/03\\\/Puhdasplus.ee-diffuuseru_AD-09D-1-700x700-1.jpg\",\"width\":700,\"height\":700,\"caption\":\"Gaisa att\u012br\u012bt\u0101js un mitrin\u0101t\u0101js\"},{\"@type\":\"BreadcrumbList\",\"@id\":\"https:\\\/\\\/puhdasplus.ee\\\/lv\\\/produkti\\\/difuzori\\\/difuzors-mitrinatajs-gaisa-aromatizetajs-white-ad-9-200ml\\\/#breadcrumb\",\"itemListElement\":[{\"@type\":\"ListItem\",\"position\":1,\"name\":\"S\u0101kums\",\"item\":\"https:\\\/\\\/puhdasplus.ee\\\/lv\\\/\"},{\"@type\":\"ListItem\",\"position\":2,\"name\":\"Produkti\",\"item\":\"https:\\\/\\\/puhdasplus.ee\\\/lv\\\/veikals\\\/\"},{\"@type\":\"ListItem\",\"position\":3,\"name\":\"Difuzors-mitrin\u0101t\u0101js-gaisa aromatiz\u0113t\u0101js \u201cWhite AD 9&#8243; \u2013 200ml\"}]},{\"@type\":\"WebSite\",\"@id\":\"https:\\\/\\\/puhdasplus.ee\\\/lv\\\/#website\",\"url\":\"https:\\\/\\\/puhdasplus.ee\\\/lv\\\/\",\"name\":\"Puhdas+\",\"description\":\"Vitam\u012bni, uztura bag\u0101tin\u0101t\u0101ji, dab\u012bg\u0101 kosm\u0113tika, vesel\u012bba, sports\",\"publisher\":{\"@id\":\"https:\\\/\\\/puhdasplus.ee\\\/lv\\\/#organization\"},\"potentialAction\":[{\"@type\":\"SearchAction\",\"target\":{\"@type\":\"EntryPoint\",\"urlTemplate\":\"https:\\\/\\\/puhdasplus.ee\\\/lv\\\/?s={search_term_string}\"},\"query-input\":{\"@type\":\"PropertyValueSpecification\",\"valueRequired\":true,\"valueName\":\"search_term_string\"}}],\"inLanguage\":\"lv-LV\"},{\"@type\":\"Organization\",\"@id\":\"https:\\\/\\\/puhdasplus.ee\\\/lv\\\/#organization\",\"name\":\"Puhdas+\",\"alternateName\":\"Puhdasplus\",\"url\":\"https:\\\/\\\/puhdasplus.ee\\\/lv\\\/\",\"logo\":{\"@type\":\"ImageObject\",\"inLanguage\":\"lv-LV\",\"@id\":\"https:\\\/\\\/puhdasplus.ee\\\/lv\\\/#\\\/schema\\\/logo\\\/image\\\/\",\"url\":\"https:\\\/\\\/puhdasplus.ee\\\/wp-content\\\/uploads\\\/2019\\\/10\\\/puhdas_logo-arvele.png\",\"contentUrl\":\"https:\\\/\\\/puhdasplus.ee\\\/wp-content\\\/uploads\\\/2019\\\/10\\\/puhdas_logo-arvele.png\",\"width\":114,\"height\":94,\"caption\":\"Puhdas+\"},\"image\":{\"@id\":\"https:\\\/\\\/puhdasplus.ee\\\/lv\\\/#\\\/schema\\\/logo\\\/image\\\/\"},\"sameAs\":[\"https:\\\/\\\/www.facebook.com\\\/puhdasplus\",\"https:\\\/\\\/www.instagram.com\\\/puhdasplus_ee\\\/\"]}]}<\/script>\n<!-- \/ Yoast SEO plugin. -->","yoast_head_json":{"title":"Difuzors-mitrin\u0101t\u0101js-gaisa aromatiz\u0113t\u0101js \"White AD 9\" - 200ml | Puhdas+","description":"Difuzors-mitrin\u0101t\u0101js-gaisa aromatiz\u0113t\u0101js White AD 9 (200 ml) mitrina gaisu, izplata \u0113terisko e\u013c\u013cu arom\u0101tus un rada relaks\u0113jo\u0161u atmosf\u0113ru.","robots":{"index":"index","follow":"follow","max-snippet":"max-snippet:-1","max-image-preview":"max-image-preview:large","max-video-preview":"max-video-preview:-1"},"canonical":"https:\/\/puhdasplus.ee\/lv\/produkti\/difuzori\/difuzors-mitrinatajs-gaisa-aromatizetajs-white-ad-9-200ml\/","og_locale":"lv_LV","og_type":"article","og_title":"Difuzors-mitrin\u0101t\u0101js-gaisa aromatiz\u0113t\u0101js \"White AD 9\" - 200ml | Puhdas+","og_description":"Difuzors-mitrin\u0101t\u0101js-gaisa aromatiz\u0113t\u0101js White AD 9 (200 ml) mitrina gaisu, izplata \u0113terisko e\u013c\u013cu arom\u0101tus un rada relaks\u0113jo\u0161u atmosf\u0113ru.","og_url":"https:\/\/puhdasplus.ee\/lv\/produkti\/difuzori\/difuzors-mitrinatajs-gaisa-aromatizetajs-white-ad-9-200ml\/","og_site_name":"Puhdas+","article_publisher":"https:\/\/www.facebook.com\/puhdasplus","article_modified_time":"2026-03-25T16:13:25+00:00","og_image":[{"width":700,"height":700,"url":"https:\/\/puhdasplus.ee\/wp-content\/uploads\/2021\/03\/Puhdasplus.ee-diffuuseru_AD-09D-1-700x700-1.jpg","type":"image\/jpeg"}],"twitter_card":"summary_large_image","twitter_misc":{"Est. reading time":"1 minute"},"schema":{"@context":"https:\/\/schema.org","@graph":[{"@type":"WebPage","@id":"https:\/\/puhdasplus.ee\/lv\/produkti\/difuzori\/difuzors-mitrinatajs-gaisa-aromatizetajs-white-ad-9-200ml\/","url":"https:\/\/puhdasplus.ee\/lv\/produkti\/difuzori\/difuzors-mitrinatajs-gaisa-aromatizetajs-white-ad-9-200ml\/","name":"Difuzors-mitrin\u0101t\u0101js-gaisa aromatiz\u0113t\u0101js \"White AD 9\" - 200ml | Puhdas+","isPartOf":{"@id":"https:\/\/puhdasplus.ee\/lv\/#website"},"primaryImageOfPage":{"@id":"https:\/\/puhdasplus.ee\/lv\/produkti\/difuzori\/difuzors-mitrinatajs-gaisa-aromatizetajs-white-ad-9-200ml\/#primaryimage"},"image":{"@id":"https:\/\/puhdasplus.ee\/lv\/produkti\/difuzori\/difuzors-mitrinatajs-gaisa-aromatizetajs-white-ad-9-200ml\/#primaryimage"},"thumbnailUrl":"https:\/\/puhdasplus.ee\/wp-content\/uploads\/2021\/03\/Puhdasplus.ee-diffuuseru_AD-09D-1-700x700-1.jpg","datePublished":"2021-03-24T11:51:57+00:00","dateModified":"2026-03-25T16:13:25+00:00","description":"Difuzors-mitrin\u0101t\u0101js-gaisa aromatiz\u0113t\u0101js White AD 9 (200 ml) mitrina gaisu, izplata \u0113terisko e\u013c\u013cu arom\u0101tus un rada relaks\u0113jo\u0161u atmosf\u0113ru.","breadcrumb":{"@id":"https:\/\/puhdasplus.ee\/lv\/produkti\/difuzori\/difuzors-mitrinatajs-gaisa-aromatizetajs-white-ad-9-200ml\/#breadcrumb"},"inLanguage":"lv-LV","potentialAction":[{"@type":"ReadAction","target":["https:\/\/puhdasplus.ee\/lv\/produkti\/difuzori\/difuzors-mitrinatajs-gaisa-aromatizetajs-white-ad-9-200ml\/"]}]},{"@type":"ImageObject","inLanguage":"lv-LV","@id":"https:\/\/puhdasplus.ee\/lv\/produkti\/difuzori\/difuzors-mitrinatajs-gaisa-aromatizetajs-white-ad-9-200ml\/#primaryimage","url":"https:\/\/puhdasplus.ee\/wp-content\/uploads\/2021\/03\/Puhdasplus.ee-diffuuseru_AD-09D-1-700x700-1.jpg","contentUrl":"https:\/\/puhdasplus.ee\/wp-content\/uploads\/2021\/03\/Puhdasplus.ee-diffuuseru_AD-09D-1-700x700-1.jpg","width":700,"height":700,"caption":"Gaisa att\u012br\u012bt\u0101js un mitrin\u0101t\u0101js"},{"@type":"BreadcrumbList","@id":"https:\/\/puhdasplus.ee\/lv\/produkti\/difuzori\/difuzors-mitrinatajs-gaisa-aromatizetajs-white-ad-9-200ml\/#breadcrumb","itemListElement":[{"@type":"ListItem","position":1,"name":"S\u0101kums","item":"https:\/\/puhdasplus.ee\/lv\/"},{"@type":"ListItem","position":2,"name":"Produkti","item":"https:\/\/puhdasplus.ee\/lv\/veikals\/"},{"@type":"ListItem","position":3,"name":"Difuzors-mitrin\u0101t\u0101js-gaisa aromatiz\u0113t\u0101js \u201cWhite AD 9&#8243; \u2013 200ml"}]},{"@type":"WebSite","@id":"https:\/\/puhdasplus.ee\/lv\/#website","url":"https:\/\/puhdasplus.ee\/lv\/","name":"Puhdas+","description":"Vitam\u012bni, uztura bag\u0101tin\u0101t\u0101ji, dab\u012bg\u0101 kosm\u0113tika, vesel\u012bba, sports","publisher":{"@id":"https:\/\/puhdasplus.ee\/lv\/#organization"},"potentialAction":[{"@type":"SearchAction","target":{"@type":"EntryPoint","urlTemplate":"https:\/\/puhdasplus.ee\/lv\/?s={search_term_string}"},"query-input":{"@type":"PropertyValueSpecification","valueRequired":true,"valueName":"search_term_string"}}],"inLanguage":"lv-LV"},{"@type":"Organization","@id":"https:\/\/puhdasplus.ee\/lv\/#organization","name":"Puhdas+","alternateName":"Puhdasplus","url":"https:\/\/puhdasplus.ee\/lv\/","logo":{"@type":"ImageObject","inLanguage":"lv-LV","@id":"https:\/\/puhdasplus.ee\/lv\/#\/schema\/logo\/image\/","url":"https:\/\/puhdasplus.ee\/wp-content\/uploads\/2019\/10\/puhdas_logo-arvele.png","contentUrl":"https:\/\/puhdasplus.ee\/wp-content\/uploads\/2019\/10\/puhdas_logo-arvele.png","width":114,"height":94,"caption":"Puhdas+"},"image":{"@id":"https:\/\/puhdasplus.ee\/lv\/#\/schema\/logo\/image\/"},"sameAs":["https:\/\/www.facebook.com\/puhdasplus","https:\/\/www.instagram.com\/puhdasplus_ee\/"]}]}},"_yoast_wpseo_title":"Difuzors-mitrin\u0101t\u0101js-gaisa aromatiz\u0113t\u0101js \"White AD 9\" - 200ml | Puhdas+","_yoast_wpseo_metadesc":"Difuzors-mitrin\u0101t\u0101js-gaisa aromatiz\u0113t\u0101js White AD 9 (200 ml) mitrina gaisu, izplata \u0113terisko e\u013c\u013cu arom\u0101tus un rada relaks\u0113jo\u0161u atmosf\u0113ru.","_yoast_wpseo_focuskw":"","_links":{"self":[{"href":"https:\/\/puhdasplus.ee\/lv\/wp-json\/wp\/v2\/product\/35096","targetHints":{"allow":["GET"]}}],"collection":[{"href":"https:\/\/puhdasplus.ee\/lv\/wp-json\/wp\/v2\/product"}],"about":[{"href":"https:\/\/puhdasplus.ee\/lv\/wp-json\/wp\/v2\/types\/product"}],"replies":[{"embeddable":true,"href":"https:\/\/puhdasplus.ee\/lv\/wp-json\/wp\/v2\/comments?post=35096"}],"wp:featuredmedia":[{"embeddable":true,"href":"https:\/\/puhdasplus.ee\/lv\/wp-json\/wp\/v2\/media\/35101"}],"wp:attachment":[{"href":"https:\/\/puhdasplus.ee\/lv\/wp-json\/wp\/v2\/media?parent=35096"}],"wp:term":[{"taxonomy":"product_brand","embeddable":true,"href":"https:\/\/puhdasplus.ee\/lv\/wp-json\/wp\/v2\/product_brand?post=35096"},{"taxonomy":"product_cat","embeddable":true,"href":"https:\/\/puhdasplus.ee\/lv\/wp-json\/wp\/v2\/product_cat?post=35096"},{"taxonomy":"product_tag","embeddable":true,"href":"https:\/\/puhdasplus.ee\/lv\/wp-json\/wp\/v2\/product_tag?post=35096"}],"curies":[{"name":"wp","href":"https:\/\/api.w.org\/{rel}","templated":true}]}}