{"id":35094,"date":"2021-10-12T17:44:54","date_gmt":"2021-10-12T14:44:54","guid":{"rendered":"https:\/\/puhdasplus.ee\/tooted\/uncategorized\/asvaganda-bioperins\/"},"modified":"2026-04-07T19:56:12","modified_gmt":"2026-04-07T16:56:12","slug":"asvaganda-bioperins","status":"publish","type":"product","link":"https:\/\/puhdasplus.ee\/lv\/produkti\/stress-un-miegs\/asvaganda-bioperins\/","title":{"rendered":"A\u0161vaganda + Bioper\u012bns\u00ae"},"content":{"rendered":"<h2>Kas ir Puhdas+ Potent Ashwagandha ar Bioperine\u00ae?<\/h2>\n<p><strong>Puhdas+ Strong Ashwagandha ar Bioperine\u00ae<\/strong> ir augstas kvalit\u0101tes Somij\u0101 ra\u017eots uztura bag\u0101tin\u0101t\u0101js, kas atbalsta \u0137erme\u0146a un pr\u0101ta l\u012bdzsvaru. Tas satur patent\u0113tu <strong>Sensoril\u00ae a\u0161vagandas ekstraktu<\/strong> , kas pal\u012bdz organismam lab\u0101k tikt gal\u0101 ar stresu, nogurumu un spriedzi. <\/p>\n<p>A\u0161vaganda ir paz\u012bstama k\u0101 adaptog\u0113ns \u2013 dabiska viela, kas pal\u012bdz organismam piel\u0101goties gar\u012bgam un fiziskam stresam. Sensoril\u00ae ekstrakts ir standartiz\u0113ts l\u012bdz 10% vitanol\u012bdu, kas nodro\u0161ina sp\u0113c\u012bg\u0101ku un notur\u012bg\u0101ku efektu maz\u0101k\u0101 dev\u0101. <\/p>\n<h2>K\u0101p\u0113c Ashwagandha ir noder\u012bga?<\/h2>\n<p>A\u0161vaganda (Withania somnifera) ir paz\u012bstama k\u0101 <strong>adaptog\u0113ns augs<\/strong>, kas atbalsta organisma visp\u0101r\u0113jo labsaj\u016btu.<br \/>\nSensoril\u00ae ekstrakts satur augstas koncentr\u0101cijas vitanol\u012bdus \u2013 dabiskus savienojumus, kas saist\u012bti ar \u0161\u0101du funkciju atbalst\u012b\u0161anu:<\/p>\n<ul>\n<li>Pal\u012bdz <strong>uztur\u0113t \u0137erme\u0146a vitalit\u0101ti<\/strong> un tonusu<\/li>\n<li>Atbalsta <strong>relaks\u0101ciju un gar\u012bgo l\u012bdzsvaru<\/strong><\/li>\n<li>Pal\u012bdz <strong>uztur\u0113t fizisko un gar\u012bgo labsaj\u016btu stresa situ\u0101cij\u0101s<\/strong><\/li>\n<\/ul>\n<p>Bioperine\u00ae jeb melno piparu ekstrakts pal\u012bdz <strong>palielin\u0101t bar\u012bbas vielu uzs\u016bk\u0161anos<\/strong> , atbalstot akt\u012bvo sast\u0101vda\u013cu efektivit\u0101ti.<\/p>\n<h2>Ashwagandha Sast\u0101vda\u013cas<\/h2>\n<ul>\n<li>Sensoril\u00ae a\u0161vagandas ekstrakts (Withania somnifera)<\/li>\n<li>Bioperine\u00ae (Piper nigrum) melno piparu ekstrakts<\/li>\n<li>Pildviela: mikrokrist\u0101lisk\u0101 celuloze<\/li>\n<li>D\u0101rze\u0146u kapsulas apvalks: hidroksipropilmetilceluloze, gell\u0101na sve\u0137i<\/li>\n<\/ul>\n<p>Produkts nesatur glut\u0113nu, laktozi, raugu, cukuru, saldin\u0101t\u0101jus, m\u0101ksl\u012bg\u0101s kr\u0101svielas vai konservantus.<\/p>\n<h3>Uzturv\u0113rt\u012bba<\/h3>\n<p>Uzturv\u0113rt\u012bba (1\u20132 kapsulas): a\u0161vagandas ekstrakts Sensoril\u00ae 125\u2013250 mg, melno piparu ekstrakts BioPerine\u00ae 5\u201310 mg.<\/p>\n<h3>Uzturv\u0113rt\u012bba (1\u20132 kapsulas)<\/h3>\n<div class=\"_tableContainer_16hzy_1\">\n<div class=\"_tableWrapper_16hzy_14 group flex w-fit flex-col-reverse\">\n<table class=\"w-fit min-w-(--thread-content-width)\">\n<thead>\n<tr>\n<th>Akt\u012bv\u0101 viela<\/th>\n<th>1 kapsula<\/th>\n<th>2 kapsulas<\/th>\n<\/tr>\n<\/thead>\n<tbody>\n<tr>\n<td>Sensoril\u00ae a\u0161vagandas ekstrakts<\/td>\n<td>125 mg<\/td>\n<td>250 mg<\/td>\n<\/tr>\n<tr>\n<td>\u2013 tostarp vitanolidi<\/td>\n<td>12,5 mg<\/td>\n<td>25 mg<\/td>\n<\/tr>\n<tr>\n<td>Bioperine\u00ae melno piparu ekstrakts<\/td>\n<td>5 mg<\/td>\n<td>10 mg<\/td>\n<\/tr>\n<\/tbody>\n<\/table>\n<h2>Ashwagandha Lieto\u0161ana<\/h2>\n<p><strong>Deva:<\/strong> 1\u20132 kapsulas dien\u0101, uzdzerot \u016bdeni.<\/p>\n<ul>\n<li>Ieteicamo dienas devu nedr\u012bkst p\u0101rsniegt.<\/li>\n<li>Uztura bag\u0101tin\u0101t\u0101js netiek lietots k\u0101 daudzveid\u012bga uztura aizvietot\u0101js.<\/li>\n<li>Sarg\u0101t no b\u0113rniem. Uztura bag\u0101tin\u0101t\u0101js neaizst\u0101j daudzveid\u012bgu un sabalans\u0113tu uzturu vai vesel\u012bgu dz\u012bvesveidu.<\/li>\n<li>Gr\u016btniec\u012bbas un z\u012bd\u012b\u0161anas laik\u0101 konsult\u0113jieties ar \u0101rstu.<\/li>\n<\/ul>\n<\/div>\n<\/div>\n<p><strong>Skat\u012bt ar\u012b:<\/strong> <a href=\"https:\/\/puhdasplus.ee\/toote-kategooria\/stress-uni\/\">Stress un miegs<\/a> | <a href=\"https:\/\/puhdasplus.ee\/toote-kategooria\/magneesium\/\">Magnijs<\/a><\/p>\n","protected":false},"excerpt":{"rendered":"<p><strong>Puhdas+Strong a\u0161vaganda ar Bioperine\u00ae<\/strong> ir izstr\u0101d\u0101ta, lai atbalst\u012btu organisma iztur\u012bbu pret gar\u012bgo un fizisko stresu. Sensoril\u00ae a\u0161vaganda ir standartiz\u0113ts ekstrakts, kas ieg\u016bts no auga saknes un lap\u0101m, un satur augstu vitan\u012bdu koncentr\u0101ciju \u2013 dabiskus savienojumus, kas saist\u012bti ar visp\u0101r\u0113j\u0101s vitalit\u0101tes un l\u012bdzsvara uztur\u0113\u0161anu organism\u0101. A\u0161vaganda tiek uzskat\u012bta par adaptog\u0113nu, kas pal\u012bdz organismam piel\u0101goties stresa situ\u0101cij\u0101m un atbalsta gar\u012bgo un fizisko labsaj\u016btu.  <\/p>\n<p>Pievienotais Bioperine\u00ae (melno piparu ekstrakts) pal\u012bdz palielin\u0101t akt\u012bvo vielu uzs\u016bk\u0161anos, nodro\u0161inot lab\u0101ku efektivit\u0101ti pat pie maz\u0101kas devas. Tas padara produktu \u012bpa\u0161i piem\u0113rotu tiem, kas v\u0113las efekt\u012bvu, bet dabisku atbalstu stresa p\u0101rvald\u012bbai un ener\u0123ijas l\u012bme\u0146a uztur\u0113\u0161anai. <\/p>\n<p>Produkts ir piem\u0113rots ikdienas lieto\u0161anai un ir ra\u017eots Somij\u0101 atbilsto\u0161i augstiem kvalit\u0101tes standartiem. Tas nesatur m\u0101ksl\u012bgas piedevas, alerg\u0113nus vai dz\u012bvnieku izcelsmes sast\u0101vda\u013cas, padarot to piem\u0113rotu veg\u0101niem. <\/p>\n","protected":false},"featured_media":32320,"comment_status":"closed","ping_status":"closed","template":"","meta":{"_acf_changed":false,"googlesitekit_rrm_CAow3eq7DA:productID":""},"product_brand":[],"product_cat":[3037],"product_tag":[8342,8345,8377,3587,7897,8373,3206,2974],"class_list":{"0":"post-35094","1":"product","2":"type-product","3":"status-publish","4":"has-post-thumbnail","6":"product_cat-stress-un-miegs","7":"product_tag-ashwagandha-kapsulas-lv","8":"product_tag-bez-glutna-lv","9":"product_tag-dabgs-lv","10":"product_tag-garastavoklis","11":"product_tag-miegs-un-relaksacija","12":"product_tag-somijas-kvalitte-lv","13":"product_tag-uztura-bagatinatajs","14":"product_tag-vegans","16":"first","17":"instock","18":"taxable","19":"shipping-taxable","20":"purchasable","21":"product-type-variable","22":"has-default-attributes"},"acf":[],"yoast_head":"<!-- This site is optimized with the Yoast SEO plugin v27.3 - https:\/\/yoast.com\/product\/yoast-seo-wordpress\/ -->\n<title>A\u0161vaganda + Bioperine\u00ae 60 kapsulas | Puhdas+<\/title>\n<meta name=\"description\" content=\"A\u0161vagandas KSM-66\u00ae saknes ekstrakts ar Bioperine\u00ae melno piparu ekstraktu lab\u0101kai uzs\u016bk\u0161anai. Tradicion\u0101ls adaptog\u0113ns augs. 60 kapsulas.\" \/>\n<meta name=\"robots\" content=\"index, follow, max-snippet:-1, max-image-preview:large, max-video-preview:-1\" \/>\n<link rel=\"canonical\" href=\"https:\/\/puhdasplus.ee\/lv\/produkti\/stress-un-miegs\/asvaganda-bioperins\/\" \/>\n<meta property=\"og:locale\" content=\"lv_LV\" \/>\n<meta property=\"og:type\" content=\"article\" \/>\n<meta property=\"og:title\" content=\"A\u0161vaganda + Bioperine\u00ae 60 kapsulas | Puhdas+\" \/>\n<meta property=\"og:description\" content=\"A\u0161vagandas KSM-66\u00ae saknes ekstrakts ar Bioperine\u00ae melno piparu ekstraktu lab\u0101kai uzs\u016bk\u0161anai. Tradicion\u0101ls adaptog\u0113ns augs. 60 kapsulas.\" \/>\n<meta property=\"og:url\" content=\"https:\/\/puhdasplus.ee\/lv\/produkti\/stress-un-miegs\/asvaganda-bioperins\/\" \/>\n<meta property=\"og:site_name\" content=\"Puhdas+\" \/>\n<meta property=\"article:publisher\" content=\"https:\/\/www.facebook.com\/puhdasplus\" \/>\n<meta property=\"article:modified_time\" content=\"2026-04-07T16:56:12+00:00\" \/>\n<meta property=\"og:image\" content=\"https:\/\/puhdasplus.ee\/wp-content\/uploads\/2025\/03\/58.jpg\" \/>\n\t<meta property=\"og:image:width\" content=\"1862\" \/>\n\t<meta property=\"og:image:height\" content=\"2560\" \/>\n\t<meta property=\"og:image:type\" content=\"image\/jpeg\" \/>\n<meta name=\"twitter:card\" content=\"summary_large_image\" \/>\n<meta name=\"twitter:label1\" content=\"Est. reading time\" \/>\n\t<meta name=\"twitter:data1\" content=\"2 min\u016btes\" \/>\n<script type=\"application\/ld+json\" class=\"yoast-schema-graph\">{\"@context\":\"https:\\\/\\\/schema.org\",\"@graph\":[{\"@type\":\"WebPage\",\"@id\":\"https:\\\/\\\/puhdasplus.ee\\\/lv\\\/produkti\\\/stress-un-miegs\\\/asvaganda-bioperins\\\/\",\"url\":\"https:\\\/\\\/puhdasplus.ee\\\/lv\\\/produkti\\\/stress-un-miegs\\\/asvaganda-bioperins\\\/\",\"name\":\"A\u0161vaganda + Bioperine\u00ae 60 kapsulas | Puhdas+\",\"isPartOf\":{\"@id\":\"https:\\\/\\\/puhdasplus.ee\\\/lv\\\/#website\"},\"primaryImageOfPage\":{\"@id\":\"https:\\\/\\\/puhdasplus.ee\\\/lv\\\/produkti\\\/stress-un-miegs\\\/asvaganda-bioperins\\\/#primaryimage\"},\"image\":{\"@id\":\"https:\\\/\\\/puhdasplus.ee\\\/lv\\\/produkti\\\/stress-un-miegs\\\/asvaganda-bioperins\\\/#primaryimage\"},\"thumbnailUrl\":\"https:\\\/\\\/puhdasplus.ee\\\/wp-content\\\/uploads\\\/2025\\\/03\\\/58.jpg\",\"datePublished\":\"2021-10-12T14:44:54+00:00\",\"dateModified\":\"2026-04-07T16:56:12+00:00\",\"description\":\"A\u0161vagandas KSM-66\u00ae saknes ekstrakts ar Bioperine\u00ae melno piparu ekstraktu lab\u0101kai uzs\u016bk\u0161anai. Tradicion\u0101ls adaptog\u0113ns augs. 60 kapsulas.\",\"breadcrumb\":{\"@id\":\"https:\\\/\\\/puhdasplus.ee\\\/lv\\\/produkti\\\/stress-un-miegs\\\/asvaganda-bioperins\\\/#breadcrumb\"},\"inLanguage\":\"lv-LV\",\"potentialAction\":[{\"@type\":\"ReadAction\",\"target\":[\"https:\\\/\\\/puhdasplus.ee\\\/lv\\\/produkti\\\/stress-un-miegs\\\/asvaganda-bioperins\\\/\"]}]},{\"@type\":\"ImageObject\",\"inLanguage\":\"lv-LV\",\"@id\":\"https:\\\/\\\/puhdasplus.ee\\\/lv\\\/produkti\\\/stress-un-miegs\\\/asvaganda-bioperins\\\/#primaryimage\",\"url\":\"https:\\\/\\\/puhdasplus.ee\\\/wp-content\\\/uploads\\\/2025\\\/03\\\/58.jpg\",\"contentUrl\":\"https:\\\/\\\/puhdasplus.ee\\\/wp-content\\\/uploads\\\/2025\\\/03\\\/58.jpg\",\"width\":1862,\"height\":2560,\"caption\":\"A\u0161vaganda + Bioper\u012bns\u00ae\"},{\"@type\":\"BreadcrumbList\",\"@id\":\"https:\\\/\\\/puhdasplus.ee\\\/lv\\\/produkti\\\/stress-un-miegs\\\/asvaganda-bioperins\\\/#breadcrumb\",\"itemListElement\":[{\"@type\":\"ListItem\",\"position\":1,\"name\":\"S\u0101kums\",\"item\":\"https:\\\/\\\/puhdasplus.ee\\\/lv\\\/\"},{\"@type\":\"ListItem\",\"position\":2,\"name\":\"Produkti\",\"item\":\"https:\\\/\\\/puhdasplus.ee\\\/lv\\\/veikals\\\/\"},{\"@type\":\"ListItem\",\"position\":3,\"name\":\"A\u0161vaganda + Bioper\u012bns\u00ae\"}]},{\"@type\":\"WebSite\",\"@id\":\"https:\\\/\\\/puhdasplus.ee\\\/lv\\\/#website\",\"url\":\"https:\\\/\\\/puhdasplus.ee\\\/lv\\\/\",\"name\":\"Puhdas+\",\"description\":\"Vitam\u012bni, uztura bag\u0101tin\u0101t\u0101ji, dab\u012bg\u0101 kosm\u0113tika, vesel\u012bba, sports\",\"publisher\":{\"@id\":\"https:\\\/\\\/puhdasplus.ee\\\/lv\\\/#organization\"},\"potentialAction\":[{\"@type\":\"SearchAction\",\"target\":{\"@type\":\"EntryPoint\",\"urlTemplate\":\"https:\\\/\\\/puhdasplus.ee\\\/lv\\\/?s={search_term_string}\"},\"query-input\":{\"@type\":\"PropertyValueSpecification\",\"valueRequired\":true,\"valueName\":\"search_term_string\"}}],\"inLanguage\":\"lv-LV\"},{\"@type\":\"Organization\",\"@id\":\"https:\\\/\\\/puhdasplus.ee\\\/lv\\\/#organization\",\"name\":\"Puhdas+\",\"alternateName\":\"Puhdasplus\",\"url\":\"https:\\\/\\\/puhdasplus.ee\\\/lv\\\/\",\"logo\":{\"@type\":\"ImageObject\",\"inLanguage\":\"lv-LV\",\"@id\":\"https:\\\/\\\/puhdasplus.ee\\\/lv\\\/#\\\/schema\\\/logo\\\/image\\\/\",\"url\":\"https:\\\/\\\/puhdasplus.ee\\\/wp-content\\\/uploads\\\/2019\\\/10\\\/puhdas_logo-arvele.png\",\"contentUrl\":\"https:\\\/\\\/puhdasplus.ee\\\/wp-content\\\/uploads\\\/2019\\\/10\\\/puhdas_logo-arvele.png\",\"width\":114,\"height\":94,\"caption\":\"Puhdas+\"},\"image\":{\"@id\":\"https:\\\/\\\/puhdasplus.ee\\\/lv\\\/#\\\/schema\\\/logo\\\/image\\\/\"},\"sameAs\":[\"https:\\\/\\\/www.facebook.com\\\/puhdasplus\",\"https:\\\/\\\/www.instagram.com\\\/puhdasplus_ee\\\/\"]}]}<\/script>\n<!-- \/ Yoast SEO plugin. -->","yoast_head_json":{"title":"A\u0161vaganda + Bioperine\u00ae 60 kapsulas | Puhdas+","description":"A\u0161vagandas KSM-66\u00ae saknes ekstrakts ar Bioperine\u00ae melno piparu ekstraktu lab\u0101kai uzs\u016bk\u0161anai. Tradicion\u0101ls adaptog\u0113ns augs. 60 kapsulas.","robots":{"index":"index","follow":"follow","max-snippet":"max-snippet:-1","max-image-preview":"max-image-preview:large","max-video-preview":"max-video-preview:-1"},"canonical":"https:\/\/puhdasplus.ee\/lv\/produkti\/stress-un-miegs\/asvaganda-bioperins\/","og_locale":"lv_LV","og_type":"article","og_title":"A\u0161vaganda + Bioperine\u00ae 60 kapsulas | Puhdas+","og_description":"A\u0161vagandas KSM-66\u00ae saknes ekstrakts ar Bioperine\u00ae melno piparu ekstraktu lab\u0101kai uzs\u016bk\u0161anai. Tradicion\u0101ls adaptog\u0113ns augs. 60 kapsulas.","og_url":"https:\/\/puhdasplus.ee\/lv\/produkti\/stress-un-miegs\/asvaganda-bioperins\/","og_site_name":"Puhdas+","article_publisher":"https:\/\/www.facebook.com\/puhdasplus","article_modified_time":"2026-04-07T16:56:12+00:00","og_image":[{"width":1862,"height":2560,"url":"https:\/\/puhdasplus.ee\/wp-content\/uploads\/2025\/03\/58.jpg","type":"image\/jpeg"}],"twitter_card":"summary_large_image","twitter_misc":{"Est. reading time":"2 min\u016btes"},"schema":{"@context":"https:\/\/schema.org","@graph":[{"@type":"WebPage","@id":"https:\/\/puhdasplus.ee\/lv\/produkti\/stress-un-miegs\/asvaganda-bioperins\/","url":"https:\/\/puhdasplus.ee\/lv\/produkti\/stress-un-miegs\/asvaganda-bioperins\/","name":"A\u0161vaganda + Bioperine\u00ae 60 kapsulas | Puhdas+","isPartOf":{"@id":"https:\/\/puhdasplus.ee\/lv\/#website"},"primaryImageOfPage":{"@id":"https:\/\/puhdasplus.ee\/lv\/produkti\/stress-un-miegs\/asvaganda-bioperins\/#primaryimage"},"image":{"@id":"https:\/\/puhdasplus.ee\/lv\/produkti\/stress-un-miegs\/asvaganda-bioperins\/#primaryimage"},"thumbnailUrl":"https:\/\/puhdasplus.ee\/wp-content\/uploads\/2025\/03\/58.jpg","datePublished":"2021-10-12T14:44:54+00:00","dateModified":"2026-04-07T16:56:12+00:00","description":"A\u0161vagandas KSM-66\u00ae saknes ekstrakts ar Bioperine\u00ae melno piparu ekstraktu lab\u0101kai uzs\u016bk\u0161anai. Tradicion\u0101ls adaptog\u0113ns augs. 60 kapsulas.","breadcrumb":{"@id":"https:\/\/puhdasplus.ee\/lv\/produkti\/stress-un-miegs\/asvaganda-bioperins\/#breadcrumb"},"inLanguage":"lv-LV","potentialAction":[{"@type":"ReadAction","target":["https:\/\/puhdasplus.ee\/lv\/produkti\/stress-un-miegs\/asvaganda-bioperins\/"]}]},{"@type":"ImageObject","inLanguage":"lv-LV","@id":"https:\/\/puhdasplus.ee\/lv\/produkti\/stress-un-miegs\/asvaganda-bioperins\/#primaryimage","url":"https:\/\/puhdasplus.ee\/wp-content\/uploads\/2025\/03\/58.jpg","contentUrl":"https:\/\/puhdasplus.ee\/wp-content\/uploads\/2025\/03\/58.jpg","width":1862,"height":2560,"caption":"A\u0161vaganda + Bioper\u012bns\u00ae"},{"@type":"BreadcrumbList","@id":"https:\/\/puhdasplus.ee\/lv\/produkti\/stress-un-miegs\/asvaganda-bioperins\/#breadcrumb","itemListElement":[{"@type":"ListItem","position":1,"name":"S\u0101kums","item":"https:\/\/puhdasplus.ee\/lv\/"},{"@type":"ListItem","position":2,"name":"Produkti","item":"https:\/\/puhdasplus.ee\/lv\/veikals\/"},{"@type":"ListItem","position":3,"name":"A\u0161vaganda + Bioper\u012bns\u00ae"}]},{"@type":"WebSite","@id":"https:\/\/puhdasplus.ee\/lv\/#website","url":"https:\/\/puhdasplus.ee\/lv\/","name":"Puhdas+","description":"Vitam\u012bni, uztura bag\u0101tin\u0101t\u0101ji, dab\u012bg\u0101 kosm\u0113tika, vesel\u012bba, sports","publisher":{"@id":"https:\/\/puhdasplus.ee\/lv\/#organization"},"potentialAction":[{"@type":"SearchAction","target":{"@type":"EntryPoint","urlTemplate":"https:\/\/puhdasplus.ee\/lv\/?s={search_term_string}"},"query-input":{"@type":"PropertyValueSpecification","valueRequired":true,"valueName":"search_term_string"}}],"inLanguage":"lv-LV"},{"@type":"Organization","@id":"https:\/\/puhdasplus.ee\/lv\/#organization","name":"Puhdas+","alternateName":"Puhdasplus","url":"https:\/\/puhdasplus.ee\/lv\/","logo":{"@type":"ImageObject","inLanguage":"lv-LV","@id":"https:\/\/puhdasplus.ee\/lv\/#\/schema\/logo\/image\/","url":"https:\/\/puhdasplus.ee\/wp-content\/uploads\/2019\/10\/puhdas_logo-arvele.png","contentUrl":"https:\/\/puhdasplus.ee\/wp-content\/uploads\/2019\/10\/puhdas_logo-arvele.png","width":114,"height":94,"caption":"Puhdas+"},"image":{"@id":"https:\/\/puhdasplus.ee\/lv\/#\/schema\/logo\/image\/"},"sameAs":["https:\/\/www.facebook.com\/puhdasplus","https:\/\/www.instagram.com\/puhdasplus_ee\/"]}]}},"_yoast_wpseo_title":"A\u0161vaganda + Bioperine\u00ae 60 kapsulas | Puhdas+","_yoast_wpseo_metadesc":"A\u0161vagandas KSM-66\u00ae saknes ekstrakts ar Bioperine\u00ae melno piparu ekstraktu lab\u0101kai uzs\u016bk\u0161anai. Tradicion\u0101ls adaptog\u0113ns augs. 60 kapsulas.","_yoast_wpseo_focuskw":"a\u0161vagandas uztura bag\u0101tin\u0101t\u0101js","_links":{"self":[{"href":"https:\/\/puhdasplus.ee\/lv\/wp-json\/wp\/v2\/product\/35094","targetHints":{"allow":["GET"]}}],"collection":[{"href":"https:\/\/puhdasplus.ee\/lv\/wp-json\/wp\/v2\/product"}],"about":[{"href":"https:\/\/puhdasplus.ee\/lv\/wp-json\/wp\/v2\/types\/product"}],"replies":[{"embeddable":true,"href":"https:\/\/puhdasplus.ee\/lv\/wp-json\/wp\/v2\/comments?post=35094"}],"wp:featuredmedia":[{"embeddable":true,"href":"https:\/\/puhdasplus.ee\/lv\/wp-json\/wp\/v2\/media\/32320"}],"wp:attachment":[{"href":"https:\/\/puhdasplus.ee\/lv\/wp-json\/wp\/v2\/media?parent=35094"}],"wp:term":[{"taxonomy":"product_brand","embeddable":true,"href":"https:\/\/puhdasplus.ee\/lv\/wp-json\/wp\/v2\/product_brand?post=35094"},{"taxonomy":"product_cat","embeddable":true,"href":"https:\/\/puhdasplus.ee\/lv\/wp-json\/wp\/v2\/product_cat?post=35094"},{"taxonomy":"product_tag","embeddable":true,"href":"https:\/\/puhdasplus.ee\/lv\/wp-json\/wp\/v2\/product_tag?post=35094"}],"curies":[{"name":"wp","href":"https:\/\/api.w.org\/{rel}","templated":true}]}}