{"id":34791,"date":"2021-11-20T19:01:45","date_gmt":"2021-11-20T17:01:45","guid":{"rendered":"https:\/\/puhdasplus.ee\/tooted\/uncategorized\/glicina-pulveris-200-g\/"},"modified":"2026-04-07T20:09:22","modified_gmt":"2026-04-07T17:09:22","slug":"glicina-pulveris-200-g","status":"publish","type":"product","link":"https:\/\/puhdasplus.ee\/lv\/produkti\/stress-un-miegs\/glicina-pulveris-200-g\/","title":{"rendered":"Glic\u012bns 200g"},"content":{"rendered":"<h2>Kas ir Puhdas+ <b>Glycine un k\u0101p\u0113c tas ir svar\u012bgs?<\/b><\/h2>\n<p><b>Puhdas+ Glycine<\/b> ir 100% t\u012brs un augstas kvalit\u0101tes L-glic\u012bna pulveris \u2013 maigas gar\u0161as, \u016bden\u012b \u0161\u0137\u012bsto\u0161a aminosk\u0101be, kas piem\u0113rota ikdienas lieto\u0161anai. Glic\u012bns ir viena no vienk\u0101r\u0161\u0101kaj\u0101m, tom\u0113r neaizvietojamaj\u0101m aminosk\u0101b\u0113m organism\u0101, kas piedal\u0101s daudzos organisma dabiskajos procesos, tostarp olbaltumvielu, enz\u012bmu un kolag\u0113na ra\u017eo\u0161an\u0101. <\/p>\n<p>\u0160\u012b ir laba izv\u0113le ikvienam, kur\u0161 v\u0113las atbalst\u012bt sava \u0137erme\u0146a dabisko atjauno\u0161anos un l\u012bdzsvaru, izmantojot t\u012bru un bez piedev\u0101m eso\u0161u uztura bag\u0101tin\u0101t\u0101ju.<\/p>\n<h2>K\u0101p\u0113c glic\u012bns ir noder\u012bgs?<\/h2>\n<h3><b>Pal\u012bdz \u0137ermenim atp\u016bsties<\/b><\/h3>\n<p>Glic\u012bns ir iesaist\u012bts organisma nomierin\u0101\u0161anas un atjauno\u0161an\u0101s procesos, pal\u012bdzot l\u012bdzsvarot nervu sist\u0113mu un atbalst\u012bt gar\u012bgo skaidr\u012bbu p\u0113c saspringtas dienas. Tas ir lieliski piem\u0113rots lieto\u0161anai vakar\u0101 vai tad, kad v\u0113laties atbalst\u012bt organisma dabisko nomierin\u0101\u0161an\u0101s procesu. <\/p>\n<h3>Atbalsta kolag\u0113na ra\u017eo\u0161anu<\/h3>\n<p>Glic\u012bns veido apm\u0113ram tre\u0161da\u013cu kolag\u0113na \u2014 prote\u012bna, kas pal\u012bdz uztur\u0113t \u0101das, loc\u012btavu, skrim\u0161\u013cu un saistaudu strukt\u016bru. Novecojot, dabisk\u0101 kolag\u0113na ra\u017eo\u0161ana samazin\u0101s, t\u0101p\u0113c glic\u012bna piedevas var atbalst\u012bt loc\u012btavu kust\u012bgumu un \u0101das elast\u012bbu. <\/p>\n<h3><b>T\u012bri formul\u0113ts un piem\u0113rots ikvienam<\/b><\/h3>\n<p>Produkts ir piln\u012bb\u0101 bez piedev\u0101m \u2013 tas nesatur laktozi, glut\u0113nu, soju, raugu, konservantus vai saldin\u0101t\u0101jus. Piem\u0113rots veg\u0101niem un cilv\u0113kiem ar jut\u012bgu gremo\u0161anas sist\u0113mu. <\/p>\n<h2>Kam ir <b>piem\u0113rots Puhdas+ Glycine?<\/b><\/h2>\n<ul>\n<li>\n<p>Cilv\u0113kiem, kuri v\u0113las atbalst\u012bt \u0137erme\u0146a dabisko atjauno\u0161anos un l\u012bdzsvaru<\/p>\n<\/li>\n<li>\n<p>Tiem, kam r\u016bp \u0101das, loc\u012btavu un saistaudu elast\u012bba<\/p>\n<\/li>\n<li>\n<p>Lietot\u0101jiem ar jut\u012bgu gremo\u0161anu vai tiem, kas dod priek\u0161roku produktam bez piedev\u0101m<\/p>\n<\/li>\n<li>\n<p>Veg\u0101niem un ve\u0123et\u0101rie\u0161iem<\/p>\n<\/li>\n<\/ul>\n<h2>Lietojums<\/h2>\n<p><strong>Ieteicam\u0101 dienas deva:<\/strong> 0,5 t\u0113jkarotes (apm\u0113ram 3 g) dien\u0101.<br \/> Glic\u012bnu sajauciet ar \u016bdeni, sulu vai sm\u016btiju. Ieteicams lietot vakar\u0101 vai p\u0113c nepiecie\u0161am\u012bbas. <\/p>\n<p>Uztura bag\u0101tin\u0101t\u0101js neaizst\u0101j daudzveid\u012bgu un sabalans\u0113tu uzturu vai vesel\u012bgu dz\u012bvesveidu. Sarg\u0101t no b\u0113rniem.<\/p>\n<h2>Sast\u0101vs<\/h2>\n<ul>\n<li>\n<p>L-glic\u012bns (100%)<\/p>\n<\/li>\n<\/ul>\n<p><strong>Nesatur:<\/strong> laktozi, glut\u0113nu, soju, raugu, konservantus vai saldin\u0101t\u0101jus.<\/p>\n<p>Piem\u0113rots veg\u0101niem.<\/p>\n<h2>Uzturv\u0113rt\u012bba<\/h2>\n<p><strong>1 porcija (3 g)<\/strong> satur:<\/p>\n<ul>\n<li>\n<p>L-glic\u012bns: <strong>3000 mg<\/strong><\/p>\n<\/li>\n<\/ul>\n<p><strong>Skat\u012bt ar\u012b:<\/strong> <a href=\"https:\/\/puhdasplus.ee\/toote-kategooria\/aminohapped\/\">Aminosk\u0101bes<\/a> | <a href=\"https:\/\/puhdasplus.ee\/lv\/sport\/\">Sports<\/a> | <a href=\"https:\/\/puhdasplus.ee\/toote-kategooria\/liigesed-lihased-ja-luud\/\">Loc\u012btavas, musku\u013ci un kauli<\/a><\/p>\n","protected":false},"excerpt":{"rendered":"<p><b>Puhdas+ Glycine 200 g \u2013 dabisks miers un l\u012bdzsvars pulvera veid\u0101<\/b><\/p>\n<p>Glic\u012bns ir dabiska aminosk\u0101be, kas pal\u012bdz organismam nomierin\u0101ties vakar\u0101 un atbalsta iek\u0161\u0113jo l\u012bdzsvaru strauj\u0101 dz\u012bves ritm\u0101. Puhdas+ Glycine ir 100% t\u012brs un neitr\u0101las gar\u0161as pulveris, kas ir ide\u0101li piem\u0113rots vakara atp\u016btai vai organisma atjauno\u0161an\u0101s atbalstam. Tas ir piem\u0113rots veg\u0101niem un nesatur m\u0101ksl\u012bgas piedevas, saldin\u0101t\u0101jus vai alerg\u0113nus \u2013 ide\u0101la izv\u0113le tiem, kas nov\u0113rt\u0113 t\u012br\u012bbu, vienk\u0101r\u0161\u012bbu un tuvumu dabai.  <\/p>\n","protected":false},"featured_media":34794,"comment_status":"closed","ping_status":"closed","template":"","meta":{"_acf_changed":false,"googlesitekit_rrm_CAow3eq7DA:productID":""},"product_brand":[],"product_cat":[3509,3038,3037],"product_tag":[3301,8361,8349,8377,7897,3225,3206,2974],"class_list":{"0":"post-34791","1":"product","2":"type-product","3":"status-publish","4":"has-post-thumbnail","6":"product_cat-aminoskabes","7":"product_cat-sports-lv","8":"product_cat-stress-un-miegs","9":"product_tag-adas-veseliba","10":"product_tag-aminoskbes-lv","11":"product_tag-bez-laktozes-lv","12":"product_tag-dabgs-lv","13":"product_tag-miegs-un-relaksacija","14":"product_tag-muskuli-un-locitavas","15":"product_tag-uztura-bagatinatajs","16":"product_tag-vegans","18":"first","19":"onbackorder","20":"taxable","21":"shipping-taxable","22":"purchasable","23":"product-type-simple"},"acf":[],"yoast_head":"<!-- This site is optimized with the Yoast SEO plugin v27.3 - https:\/\/yoast.com\/product\/yoast-seo-wordpress\/ -->\n<title>Glic\u012bns 200g | Puhdas+<\/title>\n<meta name=\"description\" content=\"T\u012brs L-glic\u012bna pulveris lab\u0101kam miegam, nomierino\u0161ai iedarb\u012bbai un kolag\u0113na atbalstam. Bez piedev\u0101m un piem\u0113rots veg\u0101niem. Atbalsta nervu sist\u0113mas un loc\u012btavu vesel\u012bbu.\" \/>\n<meta name=\"robots\" content=\"index, follow, max-snippet:-1, max-image-preview:large, max-video-preview:-1\" \/>\n<link rel=\"canonical\" href=\"https:\/\/puhdasplus.ee\/lv\/produkti\/stress-un-miegs\/glicina-pulveris-200-g\/\" \/>\n<meta property=\"og:locale\" content=\"lv_LV\" \/>\n<meta property=\"og:type\" content=\"article\" \/>\n<meta property=\"og:title\" content=\"Glic\u012bns 200g | Puhdas+\" \/>\n<meta property=\"og:description\" content=\"T\u012brs L-glic\u012bna pulveris lab\u0101kam miegam, nomierino\u0161ai iedarb\u012bbai un kolag\u0113na atbalstam. Bez piedev\u0101m un piem\u0113rots veg\u0101niem. Atbalsta nervu sist\u0113mas un loc\u012btavu vesel\u012bbu.\" \/>\n<meta property=\"og:url\" content=\"https:\/\/puhdasplus.ee\/lv\/produkti\/stress-un-miegs\/glicina-pulveris-200-g\/\" \/>\n<meta property=\"og:site_name\" content=\"Puhdas+\" \/>\n<meta property=\"article:publisher\" content=\"https:\/\/www.facebook.com\/puhdasplus\" \/>\n<meta property=\"article:modified_time\" content=\"2026-04-07T17:09:22+00:00\" \/>\n<meta property=\"og:image\" content=\"https:\/\/puhdasplus.ee\/wp-content\/uploads\/2025\/03\/6-6.jpg\" \/>\n\t<meta property=\"og:image:width\" content=\"1862\" \/>\n\t<meta property=\"og:image:height\" content=\"2560\" \/>\n\t<meta property=\"og:image:type\" content=\"image\/jpeg\" \/>\n<meta name=\"twitter:card\" content=\"summary_large_image\" \/>\n<meta name=\"twitter:label1\" content=\"Est. reading time\" \/>\n\t<meta name=\"twitter:data1\" content=\"2 min\u016btes\" \/>\n<script type=\"application\/ld+json\" class=\"yoast-schema-graph\">{\"@context\":\"https:\\\/\\\/schema.org\",\"@graph\":[{\"@type\":\"WebPage\",\"@id\":\"https:\\\/\\\/puhdasplus.ee\\\/lv\\\/produkti\\\/stress-un-miegs\\\/glicina-pulveris-200-g\\\/\",\"url\":\"https:\\\/\\\/puhdasplus.ee\\\/lv\\\/produkti\\\/stress-un-miegs\\\/glicina-pulveris-200-g\\\/\",\"name\":\"Glic\u012bns 200g | Puhdas+\",\"isPartOf\":{\"@id\":\"https:\\\/\\\/puhdasplus.ee\\\/lv\\\/#website\"},\"primaryImageOfPage\":{\"@id\":\"https:\\\/\\\/puhdasplus.ee\\\/lv\\\/produkti\\\/stress-un-miegs\\\/glicina-pulveris-200-g\\\/#primaryimage\"},\"image\":{\"@id\":\"https:\\\/\\\/puhdasplus.ee\\\/lv\\\/produkti\\\/stress-un-miegs\\\/glicina-pulveris-200-g\\\/#primaryimage\"},\"thumbnailUrl\":\"https:\\\/\\\/puhdasplus.ee\\\/wp-content\\\/uploads\\\/2025\\\/03\\\/6-6.jpg\",\"datePublished\":\"2021-11-20T17:01:45+00:00\",\"dateModified\":\"2026-04-07T17:09:22+00:00\",\"description\":\"T\u012brs L-glic\u012bna pulveris lab\u0101kam miegam, nomierino\u0161ai iedarb\u012bbai un kolag\u0113na atbalstam. Bez piedev\u0101m un piem\u0113rots veg\u0101niem. Atbalsta nervu sist\u0113mas un loc\u012btavu vesel\u012bbu.\",\"breadcrumb\":{\"@id\":\"https:\\\/\\\/puhdasplus.ee\\\/lv\\\/produkti\\\/stress-un-miegs\\\/glicina-pulveris-200-g\\\/#breadcrumb\"},\"inLanguage\":\"lv-LV\",\"potentialAction\":[{\"@type\":\"ReadAction\",\"target\":[\"https:\\\/\\\/puhdasplus.ee\\\/lv\\\/produkti\\\/stress-un-miegs\\\/glicina-pulveris-200-g\\\/\"]}]},{\"@type\":\"ImageObject\",\"inLanguage\":\"lv-LV\",\"@id\":\"https:\\\/\\\/puhdasplus.ee\\\/lv\\\/produkti\\\/stress-un-miegs\\\/glicina-pulveris-200-g\\\/#primaryimage\",\"url\":\"https:\\\/\\\/puhdasplus.ee\\\/wp-content\\\/uploads\\\/2025\\\/03\\\/6-6.jpg\",\"contentUrl\":\"https:\\\/\\\/puhdasplus.ee\\\/wp-content\\\/uploads\\\/2025\\\/03\\\/6-6.jpg\",\"width\":1862,\"height\":2560,\"caption\":\"Glic\u012bna pulveris 200 g\"},{\"@type\":\"BreadcrumbList\",\"@id\":\"https:\\\/\\\/puhdasplus.ee\\\/lv\\\/produkti\\\/stress-un-miegs\\\/glicina-pulveris-200-g\\\/#breadcrumb\",\"itemListElement\":[{\"@type\":\"ListItem\",\"position\":1,\"name\":\"S\u0101kums\",\"item\":\"https:\\\/\\\/puhdasplus.ee\\\/lv\\\/\"},{\"@type\":\"ListItem\",\"position\":2,\"name\":\"Produkti\",\"item\":\"https:\\\/\\\/puhdasplus.ee\\\/lv\\\/veikals\\\/\"},{\"@type\":\"ListItem\",\"position\":3,\"name\":\"Glic\u012bns 200g\"}]},{\"@type\":\"WebSite\",\"@id\":\"https:\\\/\\\/puhdasplus.ee\\\/lv\\\/#website\",\"url\":\"https:\\\/\\\/puhdasplus.ee\\\/lv\\\/\",\"name\":\"Puhdas+\",\"description\":\"Vitam\u012bni, uztura bag\u0101tin\u0101t\u0101ji, dab\u012bg\u0101 kosm\u0113tika, vesel\u012bba, sports\",\"publisher\":{\"@id\":\"https:\\\/\\\/puhdasplus.ee\\\/lv\\\/#organization\"},\"potentialAction\":[{\"@type\":\"SearchAction\",\"target\":{\"@type\":\"EntryPoint\",\"urlTemplate\":\"https:\\\/\\\/puhdasplus.ee\\\/lv\\\/?s={search_term_string}\"},\"query-input\":{\"@type\":\"PropertyValueSpecification\",\"valueRequired\":true,\"valueName\":\"search_term_string\"}}],\"inLanguage\":\"lv-LV\"},{\"@type\":\"Organization\",\"@id\":\"https:\\\/\\\/puhdasplus.ee\\\/lv\\\/#organization\",\"name\":\"Puhdas+\",\"alternateName\":\"Puhdasplus\",\"url\":\"https:\\\/\\\/puhdasplus.ee\\\/lv\\\/\",\"logo\":{\"@type\":\"ImageObject\",\"inLanguage\":\"lv-LV\",\"@id\":\"https:\\\/\\\/puhdasplus.ee\\\/lv\\\/#\\\/schema\\\/logo\\\/image\\\/\",\"url\":\"https:\\\/\\\/puhdasplus.ee\\\/wp-content\\\/uploads\\\/2019\\\/10\\\/puhdas_logo-arvele.png\",\"contentUrl\":\"https:\\\/\\\/puhdasplus.ee\\\/wp-content\\\/uploads\\\/2019\\\/10\\\/puhdas_logo-arvele.png\",\"width\":114,\"height\":94,\"caption\":\"Puhdas+\"},\"image\":{\"@id\":\"https:\\\/\\\/puhdasplus.ee\\\/lv\\\/#\\\/schema\\\/logo\\\/image\\\/\"},\"sameAs\":[\"https:\\\/\\\/www.facebook.com\\\/puhdasplus\",\"https:\\\/\\\/www.instagram.com\\\/puhdasplus_ee\\\/\"]}]}<\/script>\n<!-- \/ Yoast SEO plugin. -->","yoast_head_json":{"title":"Glic\u012bns 200g | Puhdas+","description":"T\u012brs L-glic\u012bna pulveris lab\u0101kam miegam, nomierino\u0161ai iedarb\u012bbai un kolag\u0113na atbalstam. Bez piedev\u0101m un piem\u0113rots veg\u0101niem. Atbalsta nervu sist\u0113mas un loc\u012btavu vesel\u012bbu.","robots":{"index":"index","follow":"follow","max-snippet":"max-snippet:-1","max-image-preview":"max-image-preview:large","max-video-preview":"max-video-preview:-1"},"canonical":"https:\/\/puhdasplus.ee\/lv\/produkti\/stress-un-miegs\/glicina-pulveris-200-g\/","og_locale":"lv_LV","og_type":"article","og_title":"Glic\u012bns 200g | Puhdas+","og_description":"T\u012brs L-glic\u012bna pulveris lab\u0101kam miegam, nomierino\u0161ai iedarb\u012bbai un kolag\u0113na atbalstam. Bez piedev\u0101m un piem\u0113rots veg\u0101niem. Atbalsta nervu sist\u0113mas un loc\u012btavu vesel\u012bbu.","og_url":"https:\/\/puhdasplus.ee\/lv\/produkti\/stress-un-miegs\/glicina-pulveris-200-g\/","og_site_name":"Puhdas+","article_publisher":"https:\/\/www.facebook.com\/puhdasplus","article_modified_time":"2026-04-07T17:09:22+00:00","og_image":[{"width":1862,"height":2560,"url":"https:\/\/puhdasplus.ee\/wp-content\/uploads\/2025\/03\/6-6.jpg","type":"image\/jpeg"}],"twitter_card":"summary_large_image","twitter_misc":{"Est. reading time":"2 min\u016btes"},"schema":{"@context":"https:\/\/schema.org","@graph":[{"@type":"WebPage","@id":"https:\/\/puhdasplus.ee\/lv\/produkti\/stress-un-miegs\/glicina-pulveris-200-g\/","url":"https:\/\/puhdasplus.ee\/lv\/produkti\/stress-un-miegs\/glicina-pulveris-200-g\/","name":"Glic\u012bns 200g | Puhdas+","isPartOf":{"@id":"https:\/\/puhdasplus.ee\/lv\/#website"},"primaryImageOfPage":{"@id":"https:\/\/puhdasplus.ee\/lv\/produkti\/stress-un-miegs\/glicina-pulveris-200-g\/#primaryimage"},"image":{"@id":"https:\/\/puhdasplus.ee\/lv\/produkti\/stress-un-miegs\/glicina-pulveris-200-g\/#primaryimage"},"thumbnailUrl":"https:\/\/puhdasplus.ee\/wp-content\/uploads\/2025\/03\/6-6.jpg","datePublished":"2021-11-20T17:01:45+00:00","dateModified":"2026-04-07T17:09:22+00:00","description":"T\u012brs L-glic\u012bna pulveris lab\u0101kam miegam, nomierino\u0161ai iedarb\u012bbai un kolag\u0113na atbalstam. Bez piedev\u0101m un piem\u0113rots veg\u0101niem. Atbalsta nervu sist\u0113mas un loc\u012btavu vesel\u012bbu.","breadcrumb":{"@id":"https:\/\/puhdasplus.ee\/lv\/produkti\/stress-un-miegs\/glicina-pulveris-200-g\/#breadcrumb"},"inLanguage":"lv-LV","potentialAction":[{"@type":"ReadAction","target":["https:\/\/puhdasplus.ee\/lv\/produkti\/stress-un-miegs\/glicina-pulveris-200-g\/"]}]},{"@type":"ImageObject","inLanguage":"lv-LV","@id":"https:\/\/puhdasplus.ee\/lv\/produkti\/stress-un-miegs\/glicina-pulveris-200-g\/#primaryimage","url":"https:\/\/puhdasplus.ee\/wp-content\/uploads\/2025\/03\/6-6.jpg","contentUrl":"https:\/\/puhdasplus.ee\/wp-content\/uploads\/2025\/03\/6-6.jpg","width":1862,"height":2560,"caption":"Glic\u012bna pulveris 200 g"},{"@type":"BreadcrumbList","@id":"https:\/\/puhdasplus.ee\/lv\/produkti\/stress-un-miegs\/glicina-pulveris-200-g\/#breadcrumb","itemListElement":[{"@type":"ListItem","position":1,"name":"S\u0101kums","item":"https:\/\/puhdasplus.ee\/lv\/"},{"@type":"ListItem","position":2,"name":"Produkti","item":"https:\/\/puhdasplus.ee\/lv\/veikals\/"},{"@type":"ListItem","position":3,"name":"Glic\u012bns 200g"}]},{"@type":"WebSite","@id":"https:\/\/puhdasplus.ee\/lv\/#website","url":"https:\/\/puhdasplus.ee\/lv\/","name":"Puhdas+","description":"Vitam\u012bni, uztura bag\u0101tin\u0101t\u0101ji, dab\u012bg\u0101 kosm\u0113tika, vesel\u012bba, sports","publisher":{"@id":"https:\/\/puhdasplus.ee\/lv\/#organization"},"potentialAction":[{"@type":"SearchAction","target":{"@type":"EntryPoint","urlTemplate":"https:\/\/puhdasplus.ee\/lv\/?s={search_term_string}"},"query-input":{"@type":"PropertyValueSpecification","valueRequired":true,"valueName":"search_term_string"}}],"inLanguage":"lv-LV"},{"@type":"Organization","@id":"https:\/\/puhdasplus.ee\/lv\/#organization","name":"Puhdas+","alternateName":"Puhdasplus","url":"https:\/\/puhdasplus.ee\/lv\/","logo":{"@type":"ImageObject","inLanguage":"lv-LV","@id":"https:\/\/puhdasplus.ee\/lv\/#\/schema\/logo\/image\/","url":"https:\/\/puhdasplus.ee\/wp-content\/uploads\/2019\/10\/puhdas_logo-arvele.png","contentUrl":"https:\/\/puhdasplus.ee\/wp-content\/uploads\/2019\/10\/puhdas_logo-arvele.png","width":114,"height":94,"caption":"Puhdas+"},"image":{"@id":"https:\/\/puhdasplus.ee\/lv\/#\/schema\/logo\/image\/"},"sameAs":["https:\/\/www.facebook.com\/puhdasplus","https:\/\/www.instagram.com\/puhdasplus_ee\/"]}]}},"_yoast_wpseo_title":"Glic\u012bns 200g | Puhdas+","_yoast_wpseo_metadesc":"T\u012brs L-glic\u012bna pulveris lab\u0101kam miegam, nomierino\u0161ai iedarb\u012bbai un kolag\u0113na atbalstam. Bez piedev\u0101m un piem\u0113rots veg\u0101niem. Atbalsta nervu sist\u0113mas un loc\u012btavu vesel\u012bbu.","_yoast_wpseo_focuskw":"","_links":{"self":[{"href":"https:\/\/puhdasplus.ee\/lv\/wp-json\/wp\/v2\/product\/34791","targetHints":{"allow":["GET"]}}],"collection":[{"href":"https:\/\/puhdasplus.ee\/lv\/wp-json\/wp\/v2\/product"}],"about":[{"href":"https:\/\/puhdasplus.ee\/lv\/wp-json\/wp\/v2\/types\/product"}],"replies":[{"embeddable":true,"href":"https:\/\/puhdasplus.ee\/lv\/wp-json\/wp\/v2\/comments?post=34791"}],"wp:featuredmedia":[{"embeddable":true,"href":"https:\/\/puhdasplus.ee\/lv\/wp-json\/wp\/v2\/media\/34794"}],"wp:attachment":[{"href":"https:\/\/puhdasplus.ee\/lv\/wp-json\/wp\/v2\/media?parent=34791"}],"wp:term":[{"taxonomy":"product_brand","embeddable":true,"href":"https:\/\/puhdasplus.ee\/lv\/wp-json\/wp\/v2\/product_brand?post=34791"},{"taxonomy":"product_cat","embeddable":true,"href":"https:\/\/puhdasplus.ee\/lv\/wp-json\/wp\/v2\/product_cat?post=34791"},{"taxonomy":"product_tag","embeddable":true,"href":"https:\/\/puhdasplus.ee\/lv\/wp-json\/wp\/v2\/product_tag?post=34791"}],"curies":[{"name":"wp","href":"https:\/\/api.w.org\/{rel}","templated":true}]}}