{"id":34694,"date":"2025-02-14T10:21:29","date_gmt":"2025-02-14T08:21:29","guid":{"rendered":"https:\/\/puhdasplus.ee\/tooted\/uncategorized\/superkiploks\/"},"modified":"2026-04-07T16:05:34","modified_gmt":"2026-04-07T13:05:34","slug":"superkiploks","status":"publish","type":"product","link":"https:\/\/puhdasplus.ee\/lv\/produkti\/imunsistema\/superkiploks\/","title":{"rendered":"Super \u0137iploks"},"content":{"rendered":"<h2>Kas ir Puhdas+ Super \u0136iploks + Cinks?<\/h2>\n<p><strong>Puhdas+ Super \u0136iploks + Cinks<\/strong> ir dabiskas izcelsmes uztura bag\u0101tin\u0101t\u0101js, kas apvieno sald\u0113ti \u017e\u0101v\u0113tu \u0137iploku pulveri, koncentr\u0113tu \u0137iploku ekstraktu un cinku. \u0136iploks tradicion\u0101li ir bijis popul\u0101ra \u0113dienkart\u0113 sast\u0101vda\u013ca un t\u0101 lieto\u0161ana ir saist\u012bta ar garu kult\u016bras v\u0113sturi. Bezsmaku kapsula \u013cauj \u0113rti pievienot \u0137iploku un cinku ikdienas uzturam \u2013 bez \u0137iplokam rakstur\u012bg\u0101s sp\u0113c\u012bg\u0101s smar\u017eas.<\/p>\n<h2>K\u0101p\u0113c Puhdas+ Super \u0136iploks + Cinks ir noder\u012bgs?<\/h2>\n<p>\u0136iploks gadsimtiem ir bijis nov\u0113rt\u0113ts d\u0101rzenis un gar\u0161viela, ko izmanto ikdienas \u0113dienos. Super \u0136iploks + Cinks satur sald\u0113ti \u017e\u0101v\u0113tu \u0137iploku pulveri un koncentr\u0113tu \u0137iploku ekstraktu, pied\u0101v\u0101jot vienk\u0101r\u0161u veidu \u0137iploka lieto\u0161anai bez rakstur\u012bg\u0101s smar\u017eas.<\/p>\n<p>Produkt\u0101 eso\u0161ais <strong>cinks<\/strong> ir nezaizvietojams miner\u0101ls, kas:<\/p>\n<ul>\n<li>\n<p>veicina im\u016bnsist\u0113mas norm\u0101lu darb\u012bbu<\/p>\n<\/li>\n<li>\n<p>pal\u012bdz aizsarg\u0101t \u0161\u016bnas no oksidat\u012bv\u0101 stresa<\/p>\n<\/li>\n<li>\n<p>pal\u012bdz uztur\u0113t norm\u0101lu \u0101das, matu un nagu st\u0101vokli<\/p>\n<\/li>\n<\/ul>\n<h2>\u0136iploks \u2013 dabiska izv\u0113le<\/h2>\n<p>\u0136iploks gadsimtiem ir bijis nov\u0113rt\u0113ts augs un vesel\u012bga uztura da\u013ca. T\u0101 dabiskie savienojumi, ieskaitot alic\u012bnu, pie\u0161\u0137ir \u0137iplokam rakstur\u012bgo gar\u0161u un smar\u017eu un tradicion\u0101li ir biju\u0161i saist\u012bti ar ikdienas labsaj\u016btu un sabalans\u0113tu uzturu.<\/p>\n<p>At\u0161\u0137ir\u012bb\u0101 no j\u0113la \u0137iploka, Puhdas+ Super \u0136iploks ir bezsmaku \u2013 tas noz\u012bm\u0113, ka vari \u0113rti lietot \u0137iploku kapsulu veid\u0101, bez nepat\u012bkamas p\u0113cgar\u0161as vai smar\u017eas.<\/p>\n<h2>Cinks \u2013 im\u016bnsist\u0113mas atsl\u0113gas miner\u0101ls<\/h2>\n<p>Cinks ir svar\u012bgs miner\u0101ls, kas organismam nepiecie\u0161ams im\u016bnsist\u0113mas norm\u0101lai darb\u012bbai, br\u016b\u010du dz\u012b\u0161anai, \u0161\u016bnu atjauno\u0161anai un pat gar\u0161as un o\u017eas uztur\u0113\u0161anai. Cinka tr\u016bkums var izpausties, piem\u0113ram, bie\u017e\u0101s saaukst\u0113\u0161an\u0101s, nogurum\u0101, saus\u0101 \u0101d\u0101 vai trausl\u0101s nag\u0101s.<\/p>\n<p>\u0160\u012b uztura bag\u0101tin\u0101t\u0101ja cinks:<\/p>\n<ul>\n<li>\n<p>veicina <strong>im\u016bnsist\u0113mas norm\u0101lu darb\u012bbu<\/strong><\/p>\n<\/li>\n<li>\n<p>pal\u012bdz aizsarg\u0101t \u0161\u016bnas no <strong>oksidat\u012bv\u0101 stresa<\/strong><\/p>\n<\/li>\n<li>\n<p>atbalsta \u0101das, nagu un matu vesel\u012bbu<\/p>\n<\/li>\n<\/ul>\n<h2>Kam tas der?<\/h2>\n<p>Produkts der pieaugu\u0161ajiem, kas:<\/p>\n<ul>\n<li>\n<p>v\u0113las stiprin\u0101t savu imunit\u0101ti<\/p>\n<\/li>\n<li>\n<p>v\u0113las \u0137iploka labv\u0113l\u012bg\u0101s \u012bpa\u0161\u012bbas bez sp\u0113c\u012bg\u0101s smar\u017eas<\/p>\n<\/li>\n<li>\n<p>nov\u0113rt\u0113 produktus bez piedevviel\u0101m un ar t\u012bru sast\u0101vu<\/p>\n<\/li>\n<\/ul>\n<h2>Kad vajadz\u0113tu to lietot?<\/h2>\n<p><strong>Puhdas+ Super \u0136iploks + Cinks<\/strong> labi der ikdienas lieto\u0161anai, bet \u012bpa\u0161i ieteicams tas ir:<\/p>\n<ul>\n<li>\n<p><strong>saaukst\u0113\u0161an\u0101s un v\u012brusu period\u0101<\/strong> \u2013 kad nepiecie\u0161ams sp\u0113c\u012bg\u0101ks im\u016bnais atbalsts<\/p>\n<\/li>\n<li>\n<p><strong>stresa bag\u0101tos laikos<\/strong> \u2013 kad \u0137ermenis ir vair\u0101k neaizsarg\u0101ts<\/p>\n<\/li>\n<li>\n<p><strong>visp\u0101r\u0113j\u0101s dz\u012bvessp\u0113ka un labsaj\u016btas stiprin\u0101\u0161anai<\/strong> \u2013 dabisks papildu atbalsts ikdienas dz\u012bvei<\/p>\n<\/li>\n<\/ul>\n<h2>Sast\u0101vda\u013cas<\/h2>\n<p>Saulespu\u0137u e\u013c\u013ca, Kapsulas apvalks (\u017eelat\u012bns, dz\u012bvnieku izcelsmes), Mitrin\u0101\u0161anas l\u012bdzeklis (glicerols), Sald\u0113ti \u017e\u0101v\u0113ts \u0137iploku pulveris, Rozmar\u012bna e\u013c\u013ca, Bi\u0161u vasks, Att\u012br\u012bts \u016bdens, \u0136iploku ekstrakts, Cinka oks\u012bds.<\/p>\n<p><strong>Nesatur<\/strong> glut\u0113nu, laktozi, raugus, cukuru, s\u0101li, cieti, soju vai m\u0101ksl\u012bgos saldin\u0101t\u0101jus.<\/p>\n<h2>Akt\u012bvo vielu saturs 1 kapsul\u0101:<\/h2>\n<ul>\n<li>\n<p>Sald\u0113ti \u017e\u0101v\u0113ts \u0137iploks \u2013 100 mg<\/p>\n<\/li>\n<li>\n<p>\u0136iploku ekstrakts \u2013 20 mg<\/p>\n<\/li>\n<li>\n<p>Cinks \u2013 4 mg (40% no dienas atsauces daudzuma \/ NRV)<\/p>\n<\/li>\n<\/ul>\n<h2>Lieto\u0161anas instrukcija<\/h2>\n<p><strong>Doz\u0113jums:<\/strong><br \/>1 kapsula dien\u0101 kop\u0101 ar \u0113dienu vai \u016bdeni.<\/p>\n<p><strong>Piez\u012bme:<\/strong><br \/>Ieteicamo dienas devu nedr\u012bkst p\u0101rsniegt. Uztura bag\u0101tin\u0101t\u0101js neaizst\u0101j daudzveid\u012bgu un sabalans\u0113tu uzturu, k\u0101 ar\u012b vesel\u012bgu dz\u012bvesveidu.<\/p>\n<h2>Br\u012bdin\u0101jumi un uzglab\u0101\u0161ana<\/h2>\n<ul>\n<li>\n<p>Uzglab\u0101t b\u0113rniem nepieejam\u0101 viet\u0101<\/p>\n<\/li>\n<li>\n<p>Uzglab\u0101t saus\u0101 viet\u0101 istabas temperat\u016br\u0101, pasarg\u0101jot no tie\u0161as saules gaismas<\/p>\n<\/li>\n<\/ul>\n<p><strong>Skat\u012bt ar\u012b:<\/strong> <a href=\"https:\/\/puhdasplus.ee\/toote-kategooria\/immuunsusteem\/\">Im\u016bnsist\u0113ma<\/a> | <a href=\"https:\/\/puhdasplus.ee\/toote-kategooria\/sudame-tervis\/\">Sirds vesel\u012bba<\/a> | <a href=\"https:\/\/puhdasplus.ee\/toote-kategooria\/d-vitamiin\/\">D vitam\u012bns<\/a><\/p>\n","protected":false},"excerpt":{"rendered":"<p><strong>Puhdas+ Super \u0136iploks + Cinks<\/strong> ir izveidots cilv\u0113kiem, kas dod priek\u0161roku dabiskam un t\u012bra sast\u0101va uztura bag\u0101tin\u0101t\u0101jam \u2013 bez p\u0101rm\u0113r\u012bg\u0101m piedevviel\u0101m un bez \u0137iplokam rakstur\u012bg\u0101s sp\u0113c\u012bg\u0101s smar\u017eas. Produkts satur sald\u0113ti \u017e\u0101v\u0113tu \u0137iploku pulveri un \u0137iploku ekstraktu, kas nodro\u0161ina \u0113rti veidu \u0137iploka lieto\u0161anai ikdienas uztur\u0101.<\/p>\n<p>Lai papildin\u0101tu produkta iedarb\u012bbu, tam pievienots cinks \u2013 miner\u0101ls, kas veicina im\u016bnsist\u0113mas norm\u0101lu darb\u012bbu, aizsarg\u0101 \u0161\u016bnas no oksidat\u012bv\u0101 stresa un pal\u012bdz uztur\u0113t norm\u0101lu \u0101das, matu un nagu st\u0101vokli. Tas padara produktu piem\u0113rotu tiem, kas v\u0113las atbalst\u012bt sava organisma ikdienas labsaj\u016btu un uztura daudzveid\u012bbu.<\/p>\n<p>At\u0161\u0137ir\u012bb\u0101 no daudziem \u0137iploku uztura bag\u0101tin\u0101t\u0101jiem, <strong>Puhdas+ Super \u0136iploks + Cinks<\/strong> neatst\u0101j nepat\u012bkamu gar\u0161u vai smar\u017eu. T\u012brais sast\u0101vs labi der tiem, kas v\u0113las izvair\u012bties no m\u0101ksl\u012bg\u0101m arom\u0101tviel\u0101m un gar\u0161viel\u0101m, k\u0101 ar\u012b no laktozes, glut\u0113na, raugiem vai sojas.<\/p>\n<p>\u0160is uztura bag\u0101tin\u0101t\u0101js der ikdienas lieto\u0161anai visa gada garum\u0101 \u2013 piem\u0113ram, periodos, kad uzturs var b\u016bt vienpus\u012bg\u0101ks vai dz\u012bves temps \u0101tr\u0101ks. Bezsmar\u017eu kapsulas pied\u0101v\u0101 vienk\u0101r\u0161u un pat\u012bkamu veidu, k\u0101 pievienot savai ikdienas rut\u012bnai \u0137iploku un cinku, lai atbalst\u012btu organisma l\u012bdzsvaru un labsaj\u016btu.<\/p>\n","protected":false},"featured_media":34697,"comment_status":"closed","ping_status":"closed","template":"","meta":{"_acf_changed":false,"googlesitekit_rrm_CAow3eq7DA:productID":""},"product_brand":[],"product_cat":[3066,3067,3441],"product_tag":[4791,8345,4059,8377,3041,8365,2944,3723,3206],"class_list":{"0":"post-34694","1":"product","2":"type-product","3":"status-publish","4":"has-post-thumbnail","6":"product_cat-imunsistema","7":"product_cat-ipasie-piedavajumi","8":"product_cat-sirds-veseliba","9":"product_tag-antioksidants-lv","10":"product_tag-bez-glutna-lv","11":"product_tag-cinks","12":"product_tag-dabgs-lv","13":"product_tag-imunitate","14":"product_tag-minerlvielas-lv","15":"product_tag-pretiekaisuma","16":"product_tag-sirds-veseliba","17":"product_tag-uztura-bagatinatajs","19":"first","20":"instock","21":"sale","22":"taxable","23":"shipping-taxable","24":"purchasable","25":"product-type-variable","26":"has-default-attributes"},"acf":[],"yoast_head":"<!-- This site is optimized with the Yoast SEO plugin v27.4 - https:\/\/yoast.com\/product\/yoast-seo-wordpress\/ -->\n<title>Super \u0137iploks + cinks 120 kapsulas | Puhdas+<\/title>\n<meta name=\"description\" content=\"Koncentr\u0113ts \u0137iploku ekstrakts kop\u0101 ar cinku. Cinks veicina im\u016bnsist\u0113mas norm\u0101lu darb\u012bbu. Dabiskas izcelsmes, bezsmaku. 120 kapsulas.\" \/>\n<meta name=\"robots\" content=\"index, follow, max-snippet:-1, max-image-preview:large, max-video-preview:-1\" \/>\n<link rel=\"canonical\" href=\"https:\/\/puhdasplus.ee\/lv\/produkti\/imunsistema\/superkiploks\/\" \/>\n<meta property=\"og:locale\" content=\"lv_LV\" \/>\n<meta property=\"og:type\" content=\"article\" \/>\n<meta property=\"og:title\" content=\"Super \u0137iploks + cinks 120 kapsulas | Puhdas+\" \/>\n<meta property=\"og:description\" content=\"Koncentr\u0113ts \u0137iploku ekstrakts kop\u0101 ar cinku. Cinks veicina im\u016bnsist\u0113mas norm\u0101lu darb\u012bbu. Dabiskas izcelsmes, bezsmaku. 120 kapsulas.\" \/>\n<meta property=\"og:url\" content=\"https:\/\/puhdasplus.ee\/lv\/produkti\/imunsistema\/superkiploks\/\" \/>\n<meta property=\"og:site_name\" content=\"Puhdas+\" \/>\n<meta property=\"article:publisher\" content=\"https:\/\/www.facebook.com\/puhdasplus\" \/>\n<meta property=\"article:modified_time\" content=\"2026-04-07T13:05:34+00:00\" \/>\n<meta property=\"og:image\" content=\"https:\/\/puhdasplus.ee\/wp-content\/uploads\/2025\/03\/196.jpg\" \/>\n\t<meta property=\"og:image:width\" content=\"1862\" \/>\n\t<meta property=\"og:image:height\" content=\"2560\" \/>\n\t<meta property=\"og:image:type\" content=\"image\/jpeg\" \/>\n<meta name=\"twitter:card\" content=\"summary_large_image\" \/>\n<meta name=\"twitter:label1\" content=\"Est. reading time\" \/>\n\t<meta name=\"twitter:data1\" content=\"3 min\u016btes\" \/>\n<script type=\"application\/ld+json\" class=\"yoast-schema-graph\">{\"@context\":\"https:\\\/\\\/schema.org\",\"@graph\":[{\"@type\":\"WebPage\",\"@id\":\"https:\\\/\\\/puhdasplus.ee\\\/lv\\\/produkti\\\/imunsistema\\\/superkiploks\\\/\",\"url\":\"https:\\\/\\\/puhdasplus.ee\\\/lv\\\/produkti\\\/imunsistema\\\/superkiploks\\\/\",\"name\":\"Super \u0137iploks + cinks 120 kapsulas | Puhdas+\",\"isPartOf\":{\"@id\":\"https:\\\/\\\/puhdasplus.ee\\\/lv\\\/#website\"},\"primaryImageOfPage\":{\"@id\":\"https:\\\/\\\/puhdasplus.ee\\\/lv\\\/produkti\\\/imunsistema\\\/superkiploks\\\/#primaryimage\"},\"image\":{\"@id\":\"https:\\\/\\\/puhdasplus.ee\\\/lv\\\/produkti\\\/imunsistema\\\/superkiploks\\\/#primaryimage\"},\"thumbnailUrl\":\"https:\\\/\\\/puhdasplus.ee\\\/wp-content\\\/uploads\\\/2025\\\/03\\\/196.jpg\",\"datePublished\":\"2025-02-14T08:21:29+00:00\",\"dateModified\":\"2026-04-07T13:05:34+00:00\",\"description\":\"Koncentr\u0113ts \u0137iploku ekstrakts kop\u0101 ar cinku. Cinks veicina im\u016bnsist\u0113mas norm\u0101lu darb\u012bbu. Dabiskas izcelsmes, bezsmaku. 120 kapsulas.\",\"breadcrumb\":{\"@id\":\"https:\\\/\\\/puhdasplus.ee\\\/lv\\\/produkti\\\/imunsistema\\\/superkiploks\\\/#breadcrumb\"},\"inLanguage\":\"lv-LV\",\"potentialAction\":[{\"@type\":\"ReadAction\",\"target\":[\"https:\\\/\\\/puhdasplus.ee\\\/lv\\\/produkti\\\/imunsistema\\\/superkiploks\\\/\"]}]},{\"@type\":\"ImageObject\",\"inLanguage\":\"lv-LV\",\"@id\":\"https:\\\/\\\/puhdasplus.ee\\\/lv\\\/produkti\\\/imunsistema\\\/superkiploks\\\/#primaryimage\",\"url\":\"https:\\\/\\\/puhdasplus.ee\\\/wp-content\\\/uploads\\\/2025\\\/03\\\/196.jpg\",\"contentUrl\":\"https:\\\/\\\/puhdasplus.ee\\\/wp-content\\\/uploads\\\/2025\\\/03\\\/196.jpg\",\"width\":1862,\"height\":2560,\"caption\":\"\u0137iploks\"},{\"@type\":\"BreadcrumbList\",\"@id\":\"https:\\\/\\\/puhdasplus.ee\\\/lv\\\/produkti\\\/imunsistema\\\/superkiploks\\\/#breadcrumb\",\"itemListElement\":[{\"@type\":\"ListItem\",\"position\":1,\"name\":\"S\u0101kums\",\"item\":\"https:\\\/\\\/puhdasplus.ee\\\/lv\\\/\"},{\"@type\":\"ListItem\",\"position\":2,\"name\":\"Produkti\",\"item\":\"https:\\\/\\\/puhdasplus.ee\\\/lv\\\/veikals\\\/\"},{\"@type\":\"ListItem\",\"position\":3,\"name\":\"Super \u0137iploks\"}]},{\"@type\":\"WebSite\",\"@id\":\"https:\\\/\\\/puhdasplus.ee\\\/lv\\\/#website\",\"url\":\"https:\\\/\\\/puhdasplus.ee\\\/lv\\\/\",\"name\":\"Puhdas+\",\"description\":\"Vitam\u012bni, uztura bag\u0101tin\u0101t\u0101ji, dab\u012bg\u0101 kosm\u0113tika, vesel\u012bba, sports\",\"publisher\":{\"@id\":\"https:\\\/\\\/puhdasplus.ee\\\/lv\\\/#organization\"},\"potentialAction\":[{\"@type\":\"SearchAction\",\"target\":{\"@type\":\"EntryPoint\",\"urlTemplate\":\"https:\\\/\\\/puhdasplus.ee\\\/lv\\\/?s={search_term_string}\"},\"query-input\":{\"@type\":\"PropertyValueSpecification\",\"valueRequired\":true,\"valueName\":\"search_term_string\"}}],\"inLanguage\":\"lv-LV\"},{\"@type\":\"Organization\",\"@id\":\"https:\\\/\\\/puhdasplus.ee\\\/lv\\\/#organization\",\"name\":\"Puhdas+\",\"alternateName\":\"Puhdasplus\",\"url\":\"https:\\\/\\\/puhdasplus.ee\\\/lv\\\/\",\"logo\":{\"@type\":\"ImageObject\",\"inLanguage\":\"lv-LV\",\"@id\":\"https:\\\/\\\/puhdasplus.ee\\\/lv\\\/#\\\/schema\\\/logo\\\/image\\\/\",\"url\":\"https:\\\/\\\/puhdasplus.ee\\\/wp-content\\\/uploads\\\/2019\\\/10\\\/puhdas_logo-arvele.png\",\"contentUrl\":\"https:\\\/\\\/puhdasplus.ee\\\/wp-content\\\/uploads\\\/2019\\\/10\\\/puhdas_logo-arvele.png\",\"width\":114,\"height\":94,\"caption\":\"Puhdas+\"},\"image\":{\"@id\":\"https:\\\/\\\/puhdasplus.ee\\\/lv\\\/#\\\/schema\\\/logo\\\/image\\\/\"},\"sameAs\":[\"https:\\\/\\\/www.facebook.com\\\/puhdasplus\",\"https:\\\/\\\/www.instagram.com\\\/puhdasplus_ee\\\/\"]}]}<\/script>\n<!-- \/ Yoast SEO plugin. -->","yoast_head_json":{"title":"Super \u0137iploks + cinks 120 kapsulas | Puhdas+","description":"Koncentr\u0113ts \u0137iploku ekstrakts kop\u0101 ar cinku. Cinks veicina im\u016bnsist\u0113mas norm\u0101lu darb\u012bbu. Dabiskas izcelsmes, bezsmaku. 120 kapsulas.","robots":{"index":"index","follow":"follow","max-snippet":"max-snippet:-1","max-image-preview":"max-image-preview:large","max-video-preview":"max-video-preview:-1"},"canonical":"https:\/\/puhdasplus.ee\/lv\/produkti\/imunsistema\/superkiploks\/","og_locale":"lv_LV","og_type":"article","og_title":"Super \u0137iploks + cinks 120 kapsulas | Puhdas+","og_description":"Koncentr\u0113ts \u0137iploku ekstrakts kop\u0101 ar cinku. Cinks veicina im\u016bnsist\u0113mas norm\u0101lu darb\u012bbu. Dabiskas izcelsmes, bezsmaku. 120 kapsulas.","og_url":"https:\/\/puhdasplus.ee\/lv\/produkti\/imunsistema\/superkiploks\/","og_site_name":"Puhdas+","article_publisher":"https:\/\/www.facebook.com\/puhdasplus","article_modified_time":"2026-04-07T13:05:34+00:00","og_image":[{"width":1862,"height":2560,"url":"https:\/\/puhdasplus.ee\/wp-content\/uploads\/2025\/03\/196.jpg","type":"image\/jpeg"}],"twitter_card":"summary_large_image","twitter_misc":{"Est. reading time":"3 min\u016btes"},"schema":{"@context":"https:\/\/schema.org","@graph":[{"@type":"WebPage","@id":"https:\/\/puhdasplus.ee\/lv\/produkti\/imunsistema\/superkiploks\/","url":"https:\/\/puhdasplus.ee\/lv\/produkti\/imunsistema\/superkiploks\/","name":"Super \u0137iploks + cinks 120 kapsulas | Puhdas+","isPartOf":{"@id":"https:\/\/puhdasplus.ee\/lv\/#website"},"primaryImageOfPage":{"@id":"https:\/\/puhdasplus.ee\/lv\/produkti\/imunsistema\/superkiploks\/#primaryimage"},"image":{"@id":"https:\/\/puhdasplus.ee\/lv\/produkti\/imunsistema\/superkiploks\/#primaryimage"},"thumbnailUrl":"https:\/\/puhdasplus.ee\/wp-content\/uploads\/2025\/03\/196.jpg","datePublished":"2025-02-14T08:21:29+00:00","dateModified":"2026-04-07T13:05:34+00:00","description":"Koncentr\u0113ts \u0137iploku ekstrakts kop\u0101 ar cinku. Cinks veicina im\u016bnsist\u0113mas norm\u0101lu darb\u012bbu. Dabiskas izcelsmes, bezsmaku. 120 kapsulas.","breadcrumb":{"@id":"https:\/\/puhdasplus.ee\/lv\/produkti\/imunsistema\/superkiploks\/#breadcrumb"},"inLanguage":"lv-LV","potentialAction":[{"@type":"ReadAction","target":["https:\/\/puhdasplus.ee\/lv\/produkti\/imunsistema\/superkiploks\/"]}]},{"@type":"ImageObject","inLanguage":"lv-LV","@id":"https:\/\/puhdasplus.ee\/lv\/produkti\/imunsistema\/superkiploks\/#primaryimage","url":"https:\/\/puhdasplus.ee\/wp-content\/uploads\/2025\/03\/196.jpg","contentUrl":"https:\/\/puhdasplus.ee\/wp-content\/uploads\/2025\/03\/196.jpg","width":1862,"height":2560,"caption":"\u0137iploks"},{"@type":"BreadcrumbList","@id":"https:\/\/puhdasplus.ee\/lv\/produkti\/imunsistema\/superkiploks\/#breadcrumb","itemListElement":[{"@type":"ListItem","position":1,"name":"S\u0101kums","item":"https:\/\/puhdasplus.ee\/lv\/"},{"@type":"ListItem","position":2,"name":"Produkti","item":"https:\/\/puhdasplus.ee\/lv\/veikals\/"},{"@type":"ListItem","position":3,"name":"Super \u0137iploks"}]},{"@type":"WebSite","@id":"https:\/\/puhdasplus.ee\/lv\/#website","url":"https:\/\/puhdasplus.ee\/lv\/","name":"Puhdas+","description":"Vitam\u012bni, uztura bag\u0101tin\u0101t\u0101ji, dab\u012bg\u0101 kosm\u0113tika, vesel\u012bba, sports","publisher":{"@id":"https:\/\/puhdasplus.ee\/lv\/#organization"},"potentialAction":[{"@type":"SearchAction","target":{"@type":"EntryPoint","urlTemplate":"https:\/\/puhdasplus.ee\/lv\/?s={search_term_string}"},"query-input":{"@type":"PropertyValueSpecification","valueRequired":true,"valueName":"search_term_string"}}],"inLanguage":"lv-LV"},{"@type":"Organization","@id":"https:\/\/puhdasplus.ee\/lv\/#organization","name":"Puhdas+","alternateName":"Puhdasplus","url":"https:\/\/puhdasplus.ee\/lv\/","logo":{"@type":"ImageObject","inLanguage":"lv-LV","@id":"https:\/\/puhdasplus.ee\/lv\/#\/schema\/logo\/image\/","url":"https:\/\/puhdasplus.ee\/wp-content\/uploads\/2019\/10\/puhdas_logo-arvele.png","contentUrl":"https:\/\/puhdasplus.ee\/wp-content\/uploads\/2019\/10\/puhdas_logo-arvele.png","width":114,"height":94,"caption":"Puhdas+"},"image":{"@id":"https:\/\/puhdasplus.ee\/lv\/#\/schema\/logo\/image\/"},"sameAs":["https:\/\/www.facebook.com\/puhdasplus","https:\/\/www.instagram.com\/puhdasplus_ee\/"]}]}},"_yoast_wpseo_title":"Super \u0137iploks + cinks 120 kapsulas | Puhdas+","_yoast_wpseo_metadesc":"Koncentr\u0113ts \u0137iploku ekstrakts kop\u0101 ar cinku. Cinks veicina im\u016bnsist\u0113mas norm\u0101lu darb\u012bbu. Dabiskas izcelsmes, bezsmaku. 120 kapsulas.","_yoast_wpseo_focuskw":"\u0137iploku uztura bag\u0101tin\u0101t\u0101js","_links":{"self":[{"href":"https:\/\/puhdasplus.ee\/lv\/wp-json\/wp\/v2\/product\/34694","targetHints":{"allow":["GET"]}}],"collection":[{"href":"https:\/\/puhdasplus.ee\/lv\/wp-json\/wp\/v2\/product"}],"about":[{"href":"https:\/\/puhdasplus.ee\/lv\/wp-json\/wp\/v2\/types\/product"}],"replies":[{"embeddable":true,"href":"https:\/\/puhdasplus.ee\/lv\/wp-json\/wp\/v2\/comments?post=34694"}],"wp:featuredmedia":[{"embeddable":true,"href":"https:\/\/puhdasplus.ee\/lv\/wp-json\/wp\/v2\/media\/34697"}],"wp:attachment":[{"href":"https:\/\/puhdasplus.ee\/lv\/wp-json\/wp\/v2\/media?parent=34694"}],"wp:term":[{"taxonomy":"product_brand","embeddable":true,"href":"https:\/\/puhdasplus.ee\/lv\/wp-json\/wp\/v2\/product_brand?post=34694"},{"taxonomy":"product_cat","embeddable":true,"href":"https:\/\/puhdasplus.ee\/lv\/wp-json\/wp\/v2\/product_cat?post=34694"},{"taxonomy":"product_tag","embeddable":true,"href":"https:\/\/puhdasplus.ee\/lv\/wp-json\/wp\/v2\/product_tag?post=34694"}],"curies":[{"name":"wp","href":"https:\/\/api.w.org\/{rel}","templated":true}]}}