{"id":34595,"date":"2025-02-14T18:55:58","date_gmt":"2025-02-14T16:55:58","guid":{"rendered":"https:\/\/puhdasplus.ee\/tooted\/uncategorized\/ingvera-kombuca-330ml\/"},"modified":"2026-04-07T19:54:30","modified_gmt":"2026-04-07T16:54:30","slug":"ingvera-kombuca-330ml","status":"publish","type":"product","link":"https:\/\/puhdasplus.ee\/lv\/produkti\/dzerieni\/kombuca-lv\/ingvera-kombuca-330ml\/","title":{"rendered":"Ingvera kombu\u010da 330ml"},"content":{"rendered":"<h2>Kas ir Puhdas+ Kombucha Ginger?<\/h2>\n<p>\u0160\u012b autentisk\u0101 somu roku darba biolo\u0123isk\u0101 kombu\u010da tiek br\u016bv\u0113ta m\u016bsu pa\u0161u alus dar\u012btav\u0101. Katr\u0101 pudel\u0113 ir 5 miljardi dz\u012bvu piensk\u0101bes bakt\u0113riju. <\/p>\n<h2>K\u0101p\u0113c tas ir noder\u012bgi?<\/h2>\n<h4>1. Atbalsta gremo\u0161anu un zarnu mikrofloru<\/h4>\n<p>Kombu\u010da satur dabiskas probiotikas, kas pal\u012bdz uztur\u0113t zarnu mikrofloras l\u012bdzsvaru un atbalsta norm\u0101lu gremo\u0161anas funkciju.<\/p>\n<h4>2. Ingvera dabisk\u0101s \u012bpa\u0161\u012bbas<\/h4>\n<p>Ingvers ir paz\u012bstams ar sav\u0101m gremo\u0161anas un pretiekaisuma \u012bpa\u0161\u012bb\u0101m. Tas var pal\u012bdz\u0113t mazin\u0101t gremo\u0161anas trauc\u0113jumus un atbalst\u012bt im\u016bnsist\u0113mu.<\/p>\n<h4>3. Zems cukura saturs un dabiski g\u0101z\u0113ts<\/h4>\n<p>Kombu\u010da ir dz\u0113riens ar zemu cukura saturu, kas ferment\u0101cijas proces\u0101 tiek dabiski g\u0101z\u0113ts, nodro\u0161inot atsvaidzino\u0161u alternat\u012bvu saldin\u0101tiem bezalkoholiskajiem dz\u0113rieniem.<\/p>\n<h4>4. Organisks un bez piedev\u0101m<\/h4>\n<p>Puhdas+ Kombucha Ginger ir ra\u017eots no organisk\u0101m sast\u0101vda\u013c\u0101m un nesatur m\u0101ksl\u012bgas piedevas, kr\u0101svielas vai konservantus.<\/p>\n<h2>Sast\u0101vda\u013cas<\/h2>\n<p>\u016adens, bie\u0161u cukurs*, meln\u0101 t\u0113ja*, kombu\u010das kult\u016bra*, ingvera sula*, piensk\u0101bes bakt\u0113rijas (Lactobacillus paracasei, Bacillus coagulans), og\u013csk\u0101b\u0101 g\u0101ze.<\/p>\n<p>(*biolo\u0123isks)<\/p>\n<h2><strong>Uzturv\u0113rt\u012bbas inform\u0101cija (uz 100 g):<\/strong><\/h2>\n<ul>\n<li>Ener\u0123\u0113tisk\u0101 v\u0113rt\u012bba: 24 kcal \/ 99 kJ<\/li>\n<li>Tauki: 0 g<\/li>\n<li>Og\u013chidr\u0101ti: 5,8 g\n<ul>\n<li>tostarp cukuri: 5,3 g<\/li>\n<\/ul>\n<\/li>\n<li>Olbaltumvielas: 0 g<\/li>\n<li>S\u0101ls: 0 g<\/li>\n<\/ul>\n<p><strong>Alkohola saturs:<\/strong>&lt; 0,5%<br \/>\n<strong>Iepakojums:<\/strong> 12 pudeles x 330 ml<\/p>\n<h2>Lietojums<\/h2>\n<p>Baudiet atdzes\u0113tu. Lieliski piem\u0113rots k\u0101 atspirdzino\u0161s dz\u0113riens dienas laik\u0101 vai k\u0101 viegls gremo\u0161anas dz\u0113riens p\u0113c \u0113dienreizes.<\/p>\n<h2>Uzglab\u0101\u0161ana<\/h2>\n<p>Uzglab\u0101t v\u0113s\u0101, saus\u0101 viet\u0101. P\u0113c atv\u0113r\u0161anas uzglab\u0101t ledusskap\u012b un izlietot 2 dienu laik\u0101.<\/p>\n<p><strong>Skatiet ar\u012b:<\/strong> <a href=\"https:\/\/puhdasplus.ee\/toote-kategooria\/joogid\/\">Dz\u0113rieni<\/a> | <a href=\"https:\/\/puhdasplus.ee\/toote-kategooria\/kombucha\/\">Kombu\u010da<\/a> | <a href=\"https:\/\/puhdasplus.ee\/toote-kategooria\/superfood\/\">Superprodukti<\/a><\/p>\n","protected":false},"excerpt":{"rendered":"<p>Puhdas+ Kombucha Ginger ir roku darbs, biolo\u0123isks dz\u0113riens, kas apvieno sen\u0101s ferment\u0113tas t\u0113jas trad\u012bcijas ar ingvera dabisko sp\u0113ku. Tas nav tikai bezalkoholiskais dz\u0113riens \u2013 tas ir dz\u012bvs, dabiski ferment\u0113ts dz\u0113riens, kas satur labv\u0113l\u012bg\u0101s piensk\u0101bes bakt\u0113rijas un ir paredz\u0113ts gremo\u0161anas un visp\u0101r\u0113j\u0101s labsaj\u016btas atbalstam. Katr\u0101 pudel\u0113 ir miljardi dz\u012bvu bakt\u0113riju kult\u016bru, kas var pal\u012bdz\u0113t l\u012bdzsvarot zarnu mikrofloru un t\u0101d\u0113j\u0101di pozit\u012bvi ietekm\u0113t imunit\u0101ti un vielmai\u0146u.  <\/p>\n<p>Kombu\u010da ir gatavota no meln\u0101s t\u0113jas, biolo\u0123isk\u0101 cukura, kombu\u010das kult\u016bras (SCOBY), biolo\u0123iskas ingvera sulas un bag\u0101tin\u0101ta ar labv\u0113l\u012bgaj\u0101m piensk\u0101bes bakt\u0113rij\u0101m, piem\u0113ram, <em>Lactobacillus paracasei<\/em> un <em>Bacillus coagulans<\/em> . \u0160is dz\u0113riens nesatur m\u0101ksl\u012bgos saldin\u0101t\u0101jus, kr\u0101svielas vai konservantus \u2013 visas sast\u0101vda\u013cas ir dab\u012bgas un biolo\u0123iskas. Ferment\u0101cijas process pie\u0161\u0137ir kombu\u010dai rakstur\u012bgo vieglo dzirksto\u0161o gar\u0161u un viegli sk\u0101beno gar\u0161u, ko l\u012bdzsvaro ingvera sildo\u0161ais pikantums.  <\/p>\n<p>Ingvers pats par sevi ir paz\u012bstams ar sav\u0101m gremo\u0161anu veicino\u0161aj\u0101m, pretiekaisuma un imunit\u0101ti stiprino\u0161aj\u0101m \u012bpa\u0161\u012bb\u0101m. Apvienojum\u0101 ar kombu\u010d\u0101 eso\u0161aj\u0101m dabiskaj\u0101m probiotik\u0101m \u0161ie divi veido sp\u0113c\u012bgu tand\u0113mu, kas ir ide\u0101li piem\u0113rots ikdienas gremo\u0161anas atbalstam, noguruma mazin\u0101\u0161anai un visp\u0101r\u0113jai vitalit\u0101tei. Turkl\u0101t \u0161is dz\u0113riens ir lieliska dabiska alternat\u012bva saldin\u0101tiem g\u0101z\u0113tiem dz\u0113rieniem \u2013 ar zemu cukura saturu un t\u012bru sast\u0101vu.  <\/p>\n<p>Puhdas+ Kombucha Ginger ir ide\u0101li piem\u0113rots tiem, kas nov\u0113rt\u0113 dabisku dz\u012bvesveidu, v\u0113las dabisk\u0101 veid\u0101 atbalst\u012bt savu vesel\u012bbu un v\u0113las kaut ko vair\u0101k nek\u0101 tikai sl\u0101pes remd\u0113jo\u0161u dz\u0113rienu. T\u0101 ir atsvaidzino\u0161a izv\u0113le pusdien\u0101m, uzkodai vai k\u0101 atvieglojums p\u0113c smagas malt\u012btes. <\/p>\n<p>&nbsp;<\/p>\n","protected":false},"featured_media":34598,"comment_status":"closed","ping_status":"closed","template":"","meta":{"_acf_changed":false,"googlesitekit_rrm_CAow3eq7DA:productID":""},"product_brand":[],"product_cat":[5436,3067,5437],"product_tag":[8377,7881,8424,3074,4904,8373,2974],"class_list":{"0":"post-34595","1":"product","2":"type-product","3":"status-publish","4":"has-post-thumbnail","6":"product_cat-dzerieni","7":"product_cat-ipasie-piedavajumi","8":"product_cat-kombuca-lv","9":"product_tag-dabgs-lv","10":"product_tag-dzerieni-tag","11":"product_tag-kombuca","12":"product_tag-organisks-lv","13":"product_tag-probiotikas-lv","14":"product_tag-somijas-kvalitte-lv","15":"product_tag-vegans","17":"first","18":"instock","19":"sale","20":"taxable","21":"shipping-taxable","22":"purchasable","23":"product-type-variable","24":"has-default-attributes"},"acf":[],"yoast_head":"<!-- This site is optimized with the Yoast SEO plugin v27.3 - https:\/\/yoast.com\/product\/yoast-seo-wordpress\/ -->\n<title>Ingvera kombu\u010da 330 ml | Puhdas+<\/title>\n<meta name=\"description\" content=\"Biolo\u0123iska ingvera kombu\u010da \u2014 ferment\u0113ts t\u0113jas dz\u0113riens ar dz\u012bvkult\u016br\u0101m. Atsvaidzino\u0161s dz\u0113riens ar ingvera gar\u0161u. Zems cukura saturs. 330 ml.\" \/>\n<meta name=\"robots\" content=\"index, follow, max-snippet:-1, max-image-preview:large, max-video-preview:-1\" \/>\n<link rel=\"canonical\" href=\"https:\/\/puhdasplus.ee\/lv\/produkti\/dzerieni\/kombuca-lv\/ingvera-kombuca-330ml\/\" \/>\n<meta property=\"og:locale\" content=\"lv_LV\" \/>\n<meta property=\"og:type\" content=\"article\" \/>\n<meta property=\"og:title\" content=\"Ingvera kombu\u010da 330 ml | Puhdas+\" \/>\n<meta property=\"og:description\" content=\"Biolo\u0123iska ingvera kombu\u010da \u2014 ferment\u0113ts t\u0113jas dz\u0113riens ar dz\u012bvkult\u016br\u0101m. Atsvaidzino\u0161s dz\u0113riens ar ingvera gar\u0161u. Zems cukura saturs. 330 ml.\" \/>\n<meta property=\"og:url\" content=\"https:\/\/puhdasplus.ee\/lv\/produkti\/dzerieni\/kombuca-lv\/ingvera-kombuca-330ml\/\" \/>\n<meta property=\"og:site_name\" content=\"Puhdas+\" \/>\n<meta property=\"article:publisher\" content=\"https:\/\/www.facebook.com\/puhdasplus\" \/>\n<meta property=\"article:modified_time\" content=\"2026-04-07T16:54:30+00:00\" \/>\n<meta property=\"og:image\" content=\"https:\/\/puhdasplus.ee\/wp-content\/uploads\/2025\/03\/199.jpg\" \/>\n\t<meta property=\"og:image:width\" content=\"1862\" \/>\n\t<meta property=\"og:image:height\" content=\"2560\" \/>\n\t<meta property=\"og:image:type\" content=\"image\/jpeg\" \/>\n<meta name=\"twitter:card\" content=\"summary_large_image\" \/>\n<meta name=\"twitter:label1\" content=\"Est. reading time\" \/>\n\t<meta name=\"twitter:data1\" content=\"1 minute\" \/>\n<script type=\"application\/ld+json\" class=\"yoast-schema-graph\">{\"@context\":\"https:\\\/\\\/schema.org\",\"@graph\":[{\"@type\":\"WebPage\",\"@id\":\"https:\\\/\\\/puhdasplus.ee\\\/lv\\\/produkti\\\/dzerieni\\\/kombuca-lv\\\/ingvera-kombuca-330ml\\\/\",\"url\":\"https:\\\/\\\/puhdasplus.ee\\\/lv\\\/produkti\\\/dzerieni\\\/kombuca-lv\\\/ingvera-kombuca-330ml\\\/\",\"name\":\"Ingvera kombu\u010da 330 ml | Puhdas+\",\"isPartOf\":{\"@id\":\"https:\\\/\\\/puhdasplus.ee\\\/lv\\\/#website\"},\"primaryImageOfPage\":{\"@id\":\"https:\\\/\\\/puhdasplus.ee\\\/lv\\\/produkti\\\/dzerieni\\\/kombuca-lv\\\/ingvera-kombuca-330ml\\\/#primaryimage\"},\"image\":{\"@id\":\"https:\\\/\\\/puhdasplus.ee\\\/lv\\\/produkti\\\/dzerieni\\\/kombuca-lv\\\/ingvera-kombuca-330ml\\\/#primaryimage\"},\"thumbnailUrl\":\"https:\\\/\\\/puhdasplus.ee\\\/wp-content\\\/uploads\\\/2025\\\/03\\\/199.jpg\",\"datePublished\":\"2025-02-14T16:55:58+00:00\",\"dateModified\":\"2026-04-07T16:54:30+00:00\",\"description\":\"Biolo\u0123iska ingvera kombu\u010da \u2014 ferment\u0113ts t\u0113jas dz\u0113riens ar dz\u012bvkult\u016br\u0101m. Atsvaidzino\u0161s dz\u0113riens ar ingvera gar\u0161u. Zems cukura saturs. 330 ml.\",\"breadcrumb\":{\"@id\":\"https:\\\/\\\/puhdasplus.ee\\\/lv\\\/produkti\\\/dzerieni\\\/kombuca-lv\\\/ingvera-kombuca-330ml\\\/#breadcrumb\"},\"inLanguage\":\"lv-LV\",\"potentialAction\":[{\"@type\":\"ReadAction\",\"target\":[\"https:\\\/\\\/puhdasplus.ee\\\/lv\\\/produkti\\\/dzerieni\\\/kombuca-lv\\\/ingvera-kombuca-330ml\\\/\"]}]},{\"@type\":\"ImageObject\",\"inLanguage\":\"lv-LV\",\"@id\":\"https:\\\/\\\/puhdasplus.ee\\\/lv\\\/produkti\\\/dzerieni\\\/kombuca-lv\\\/ingvera-kombuca-330ml\\\/#primaryimage\",\"url\":\"https:\\\/\\\/puhdasplus.ee\\\/wp-content\\\/uploads\\\/2025\\\/03\\\/199.jpg\",\"contentUrl\":\"https:\\\/\\\/puhdasplus.ee\\\/wp-content\\\/uploads\\\/2025\\\/03\\\/199.jpg\",\"width\":1862,\"height\":2560,\"caption\":\"ingvera kombu\u010da\"},{\"@type\":\"BreadcrumbList\",\"@id\":\"https:\\\/\\\/puhdasplus.ee\\\/lv\\\/produkti\\\/dzerieni\\\/kombuca-lv\\\/ingvera-kombuca-330ml\\\/#breadcrumb\",\"itemListElement\":[{\"@type\":\"ListItem\",\"position\":1,\"name\":\"S\u0101kums\",\"item\":\"https:\\\/\\\/puhdasplus.ee\\\/lv\\\/\"},{\"@type\":\"ListItem\",\"position\":2,\"name\":\"Produkti\",\"item\":\"https:\\\/\\\/puhdasplus.ee\\\/lv\\\/veikals\\\/\"},{\"@type\":\"ListItem\",\"position\":3,\"name\":\"Ingvera kombu\u010da 330ml\"}]},{\"@type\":\"WebSite\",\"@id\":\"https:\\\/\\\/puhdasplus.ee\\\/lv\\\/#website\",\"url\":\"https:\\\/\\\/puhdasplus.ee\\\/lv\\\/\",\"name\":\"Puhdas+\",\"description\":\"Vitam\u012bni, uztura bag\u0101tin\u0101t\u0101ji, dab\u012bg\u0101 kosm\u0113tika, vesel\u012bba, sports\",\"publisher\":{\"@id\":\"https:\\\/\\\/puhdasplus.ee\\\/lv\\\/#organization\"},\"potentialAction\":[{\"@type\":\"SearchAction\",\"target\":{\"@type\":\"EntryPoint\",\"urlTemplate\":\"https:\\\/\\\/puhdasplus.ee\\\/lv\\\/?s={search_term_string}\"},\"query-input\":{\"@type\":\"PropertyValueSpecification\",\"valueRequired\":true,\"valueName\":\"search_term_string\"}}],\"inLanguage\":\"lv-LV\"},{\"@type\":\"Organization\",\"@id\":\"https:\\\/\\\/puhdasplus.ee\\\/lv\\\/#organization\",\"name\":\"Puhdas+\",\"alternateName\":\"Puhdasplus\",\"url\":\"https:\\\/\\\/puhdasplus.ee\\\/lv\\\/\",\"logo\":{\"@type\":\"ImageObject\",\"inLanguage\":\"lv-LV\",\"@id\":\"https:\\\/\\\/puhdasplus.ee\\\/lv\\\/#\\\/schema\\\/logo\\\/image\\\/\",\"url\":\"https:\\\/\\\/puhdasplus.ee\\\/wp-content\\\/uploads\\\/2019\\\/10\\\/puhdas_logo-arvele.png\",\"contentUrl\":\"https:\\\/\\\/puhdasplus.ee\\\/wp-content\\\/uploads\\\/2019\\\/10\\\/puhdas_logo-arvele.png\",\"width\":114,\"height\":94,\"caption\":\"Puhdas+\"},\"image\":{\"@id\":\"https:\\\/\\\/puhdasplus.ee\\\/lv\\\/#\\\/schema\\\/logo\\\/image\\\/\"},\"sameAs\":[\"https:\\\/\\\/www.facebook.com\\\/puhdasplus\",\"https:\\\/\\\/www.instagram.com\\\/puhdasplus_ee\\\/\"]}]}<\/script>\n<!-- \/ Yoast SEO plugin. -->","yoast_head_json":{"title":"Ingvera kombu\u010da 330 ml | Puhdas+","description":"Biolo\u0123iska ingvera kombu\u010da \u2014 ferment\u0113ts t\u0113jas dz\u0113riens ar dz\u012bvkult\u016br\u0101m. Atsvaidzino\u0161s dz\u0113riens ar ingvera gar\u0161u. Zems cukura saturs. 330 ml.","robots":{"index":"index","follow":"follow","max-snippet":"max-snippet:-1","max-image-preview":"max-image-preview:large","max-video-preview":"max-video-preview:-1"},"canonical":"https:\/\/puhdasplus.ee\/lv\/produkti\/dzerieni\/kombuca-lv\/ingvera-kombuca-330ml\/","og_locale":"lv_LV","og_type":"article","og_title":"Ingvera kombu\u010da 330 ml | Puhdas+","og_description":"Biolo\u0123iska ingvera kombu\u010da \u2014 ferment\u0113ts t\u0113jas dz\u0113riens ar dz\u012bvkult\u016br\u0101m. Atsvaidzino\u0161s dz\u0113riens ar ingvera gar\u0161u. Zems cukura saturs. 330 ml.","og_url":"https:\/\/puhdasplus.ee\/lv\/produkti\/dzerieni\/kombuca-lv\/ingvera-kombuca-330ml\/","og_site_name":"Puhdas+","article_publisher":"https:\/\/www.facebook.com\/puhdasplus","article_modified_time":"2026-04-07T16:54:30+00:00","og_image":[{"width":1862,"height":2560,"url":"https:\/\/puhdasplus.ee\/wp-content\/uploads\/2025\/03\/199.jpg","type":"image\/jpeg"}],"twitter_card":"summary_large_image","twitter_misc":{"Est. reading time":"1 minute"},"schema":{"@context":"https:\/\/schema.org","@graph":[{"@type":"WebPage","@id":"https:\/\/puhdasplus.ee\/lv\/produkti\/dzerieni\/kombuca-lv\/ingvera-kombuca-330ml\/","url":"https:\/\/puhdasplus.ee\/lv\/produkti\/dzerieni\/kombuca-lv\/ingvera-kombuca-330ml\/","name":"Ingvera kombu\u010da 330 ml | Puhdas+","isPartOf":{"@id":"https:\/\/puhdasplus.ee\/lv\/#website"},"primaryImageOfPage":{"@id":"https:\/\/puhdasplus.ee\/lv\/produkti\/dzerieni\/kombuca-lv\/ingvera-kombuca-330ml\/#primaryimage"},"image":{"@id":"https:\/\/puhdasplus.ee\/lv\/produkti\/dzerieni\/kombuca-lv\/ingvera-kombuca-330ml\/#primaryimage"},"thumbnailUrl":"https:\/\/puhdasplus.ee\/wp-content\/uploads\/2025\/03\/199.jpg","datePublished":"2025-02-14T16:55:58+00:00","dateModified":"2026-04-07T16:54:30+00:00","description":"Biolo\u0123iska ingvera kombu\u010da \u2014 ferment\u0113ts t\u0113jas dz\u0113riens ar dz\u012bvkult\u016br\u0101m. Atsvaidzino\u0161s dz\u0113riens ar ingvera gar\u0161u. Zems cukura saturs. 330 ml.","breadcrumb":{"@id":"https:\/\/puhdasplus.ee\/lv\/produkti\/dzerieni\/kombuca-lv\/ingvera-kombuca-330ml\/#breadcrumb"},"inLanguage":"lv-LV","potentialAction":[{"@type":"ReadAction","target":["https:\/\/puhdasplus.ee\/lv\/produkti\/dzerieni\/kombuca-lv\/ingvera-kombuca-330ml\/"]}]},{"@type":"ImageObject","inLanguage":"lv-LV","@id":"https:\/\/puhdasplus.ee\/lv\/produkti\/dzerieni\/kombuca-lv\/ingvera-kombuca-330ml\/#primaryimage","url":"https:\/\/puhdasplus.ee\/wp-content\/uploads\/2025\/03\/199.jpg","contentUrl":"https:\/\/puhdasplus.ee\/wp-content\/uploads\/2025\/03\/199.jpg","width":1862,"height":2560,"caption":"ingvera kombu\u010da"},{"@type":"BreadcrumbList","@id":"https:\/\/puhdasplus.ee\/lv\/produkti\/dzerieni\/kombuca-lv\/ingvera-kombuca-330ml\/#breadcrumb","itemListElement":[{"@type":"ListItem","position":1,"name":"S\u0101kums","item":"https:\/\/puhdasplus.ee\/lv\/"},{"@type":"ListItem","position":2,"name":"Produkti","item":"https:\/\/puhdasplus.ee\/lv\/veikals\/"},{"@type":"ListItem","position":3,"name":"Ingvera kombu\u010da 330ml"}]},{"@type":"WebSite","@id":"https:\/\/puhdasplus.ee\/lv\/#website","url":"https:\/\/puhdasplus.ee\/lv\/","name":"Puhdas+","description":"Vitam\u012bni, uztura bag\u0101tin\u0101t\u0101ji, dab\u012bg\u0101 kosm\u0113tika, vesel\u012bba, sports","publisher":{"@id":"https:\/\/puhdasplus.ee\/lv\/#organization"},"potentialAction":[{"@type":"SearchAction","target":{"@type":"EntryPoint","urlTemplate":"https:\/\/puhdasplus.ee\/lv\/?s={search_term_string}"},"query-input":{"@type":"PropertyValueSpecification","valueRequired":true,"valueName":"search_term_string"}}],"inLanguage":"lv-LV"},{"@type":"Organization","@id":"https:\/\/puhdasplus.ee\/lv\/#organization","name":"Puhdas+","alternateName":"Puhdasplus","url":"https:\/\/puhdasplus.ee\/lv\/","logo":{"@type":"ImageObject","inLanguage":"lv-LV","@id":"https:\/\/puhdasplus.ee\/lv\/#\/schema\/logo\/image\/","url":"https:\/\/puhdasplus.ee\/wp-content\/uploads\/2019\/10\/puhdas_logo-arvele.png","contentUrl":"https:\/\/puhdasplus.ee\/wp-content\/uploads\/2019\/10\/puhdas_logo-arvele.png","width":114,"height":94,"caption":"Puhdas+"},"image":{"@id":"https:\/\/puhdasplus.ee\/lv\/#\/schema\/logo\/image\/"},"sameAs":["https:\/\/www.facebook.com\/puhdasplus","https:\/\/www.instagram.com\/puhdasplus_ee\/"]}]}},"_yoast_wpseo_title":"Ingvera kombu\u010da 330 ml | Puhdas+","_yoast_wpseo_metadesc":"Biolo\u0123iska ingvera kombu\u010da \u2014 ferment\u0113ts t\u0113jas dz\u0113riens ar dz\u012bvkult\u016br\u0101m. Atsvaidzino\u0161s dz\u0113riens ar ingvera gar\u0161u. Zems cukura saturs. 330 ml.","_yoast_wpseo_focuskw":"kombu\u010da ingvera","_links":{"self":[{"href":"https:\/\/puhdasplus.ee\/lv\/wp-json\/wp\/v2\/product\/34595","targetHints":{"allow":["GET"]}}],"collection":[{"href":"https:\/\/puhdasplus.ee\/lv\/wp-json\/wp\/v2\/product"}],"about":[{"href":"https:\/\/puhdasplus.ee\/lv\/wp-json\/wp\/v2\/types\/product"}],"replies":[{"embeddable":true,"href":"https:\/\/puhdasplus.ee\/lv\/wp-json\/wp\/v2\/comments?post=34595"}],"wp:featuredmedia":[{"embeddable":true,"href":"https:\/\/puhdasplus.ee\/lv\/wp-json\/wp\/v2\/media\/34598"}],"wp:attachment":[{"href":"https:\/\/puhdasplus.ee\/lv\/wp-json\/wp\/v2\/media?parent=34595"}],"wp:term":[{"taxonomy":"product_brand","embeddable":true,"href":"https:\/\/puhdasplus.ee\/lv\/wp-json\/wp\/v2\/product_brand?post=34595"},{"taxonomy":"product_cat","embeddable":true,"href":"https:\/\/puhdasplus.ee\/lv\/wp-json\/wp\/v2\/product_cat?post=34595"},{"taxonomy":"product_tag","embeddable":true,"href":"https:\/\/puhdasplus.ee\/lv\/wp-json\/wp\/v2\/product_tag?post=34595"}],"curies":[{"name":"wp","href":"https:\/\/api.w.org\/{rel}","templated":true}]}}