{"id":34583,"date":"2025-02-14T13:53:24","date_gmt":"2025-02-14T11:53:24","guid":{"rendered":"https:\/\/puhdasplus.ee\/tooted\/uncategorized\/magnijs-lietosanai-nakti-120-kapsulas\/"},"modified":"2026-04-28T21:56:47","modified_gmt":"2026-04-28T18:56:47","slug":"magnijs-lietosanai-nakti-120-kapsulas","status":"publish","type":"product","link":"https:\/\/puhdasplus.ee\/lv\/produkti\/minerali\/magnijs\/magnijs-lietosanai-nakti-120-kapsulas\/","title":{"rendered":"Nakts magnijs 120 kapsulas"},"content":{"rendered":"<h2>K\u0101p\u0113c nakts magnijs?<\/h2>\n<h3>Nemier\u012bgs miegs un saspringti musku\u013ci?<\/h3>\n<p>Dienas beig\u0101s musku\u013ci ir saspringti un domas nen\u0101k mier\u0101. Magnijs veicina <strong>norm\u0101lu musku\u013cu darb\u012bbu<\/strong> un atbalsta norm\u0101lu <strong>psiholo\u0123isko funkciju<\/strong> \u2014 t\u0101p\u0113c daudzi dod priek\u0161roku to lietot vakar\u0101.<\/p>\n<h3>K\u0101p\u0113c magnija bisglicin\u0101ts?<\/h3>\n<p>\u0160is produkts satur <strong>magnija bisglicin\u0101tu<\/strong> \u2014 magnija formu, kur miner\u0101ls ir saist\u012bts ar aminosk\u0101bi glic\u012bnu. \u0160\u012b forma labi uzs\u016bcas un <strong>nekairina gremo\u0161anu<\/strong>. Bisglicin\u0101ts ir \u012bpa\u0161i popul\u0101ra izv\u0113le vakara lieto\u0161anai.<\/p>\n<h3>Ko magnijs dara organism\u0101?<\/h3>\n<ul>\n<li>Veicina <strong>norm\u0101lu musku\u013cu darb\u012bbu<\/strong> \u2014 ieskaitot relaks\u0101ciju<\/li>\n<li>Atbalsta norm\u0101lu <strong>psiholo\u0123isko funkciju<\/strong><\/li>\n<li>Atbalsta <strong>nervu sist\u0113mas norm\u0101lu darb\u012bbu<\/strong><\/li>\n<li>Pal\u012bdz <strong>mazin\u0101t nogurumu un nesp\u0113ku<\/strong><\/li>\n<li>Veicina norm\u0101lu <strong>ener\u0123ijas metabolismu<\/strong><\/li>\n<\/ul>\n<h2>Kam piem\u0113rots un k\u0101 lietot?<\/h2>\n<h3>Kam \u0161is produkts ir dom\u0101ts?<\/h3>\n<ul>\n<li>Ja v\u0113laties atbalst\u012bt nakts <strong>musku\u013cu relaks\u0101ciju<\/strong><\/li>\n<li>Ja dienas beig\u0101s j\u016btaties <strong>saspringti un noguru\u0161i<\/strong><\/li>\n<li>Ja mekl\u0113jat magnija formu, kas <strong>nekairina gremo\u0161anu<\/strong><\/li>\n<li>Visiem, kas v\u0113las apzin\u0101ti <strong>papildin\u0101t magnija kr\u0101jumus<\/strong><\/li>\n<\/ul>\n<p>Nesatur laktozi, glut\u0113nu, raugu, soju vai m\u0101ksl\u012bgas piedevas. Piem\u0113rots veg\u0101niem. Ra\u017eots Somij\u0101. Ja dodat priek\u0161roku pulverim skatiet <a href=\"\/toode\/magneesiumglutsinaat-200-g\/\">magnija bisglicin\u0101ta pulveri<\/a>. Daudzpus\u012bg\u0101kam sast\u0101vam skatiet <a href=\"\/toode\/quattro-magneesium\/\">Quattro Magniju<\/a>.<\/p>\n<h3>Sast\u0101vda\u013cas un uzturv\u0113rt\u012bba<\/h3>\n<p><strong>Sast\u0101vda\u013cas:<\/strong> magnija bisglicin\u0101ts, kapsulas apvalks (hidroksipropilmetilceluloze), pildviela (mikrokrist\u0101lisk\u0101 celuloze).<\/p>\n<h4>Uzturv\u0113rt\u012bba div\u0101s kapsul\u0101s (dienas deva)<\/h4>\n<table>\n<thead>\n<tr>\n<th>Uzturviela<\/th>\n<th>Daudzums<\/th>\n<th>% no dienas devas<\/th>\n<\/tr>\n<\/thead>\n<tbody>\n<tr>\n<td>Magnijs<\/td>\n<td>300 mg<\/td>\n<td>80%<\/td>\n<\/tr>\n<\/tbody>\n<\/table>\n<h3>K\u0101 lietot?<\/h3>\n<p>Lietot 2 kapsulas vakar\u0101 pirms gul\u0113tie\u0161anas ar \u016bdeni. Ieteicamo dienas devu nedr\u012bkst p\u0101rsniegt. Uztura bag\u0101tin\u0101t\u0101js neaizst\u0101j daudzveid\u012bgu un sabalans\u0113tu uzturu vai vesel\u012bgu dz\u012bvesveidu. Uzglab\u0101t b\u0113rniem nepieejam\u0101 viet\u0101. Iepakojum\u0101 120 kapsulas.<\/p>\n<h2>Bie\u017e\u0101k uzdotie jaut\u0101jumi<\/h2>\n<h3>K\u0101da ir at\u0161\u0137ir\u012bba starp Nakts Magniju un Quattro Magniju?<\/h3>\n<p>Nakts Magnijs satur tikai magnija bisglicin\u0101tu \u2014 \u012bpa\u0161i maigs gremo\u0161anai un popul\u0101ra izv\u0113le vakara lieto\u0161anai. <a href=\"\/toode\/quattro-magneesium\/\">Quattro Magnijs<\/a> satur \u010detras da\u017e\u0101das formas un ir piem\u0113rots daudzpus\u012bg\u0101kai ikdienas lieto\u0161anai.<\/p>\n<h3>Vai magnijs pal\u012bdz lab\u0101k gul\u0113t?<\/h3>\n<p>Magnijs veicina norm\u0101lu musku\u013cu darb\u012bbu un atbalsta norm\u0101lu psiholo\u0123isko funkciju, kas var pal\u012bdz\u0113t vakar\u0101 atsl\u0101bin\u0101ties.<\/p>\n<h3>Vai to var lietot kop\u0101 ar citiem uztura bag\u0101tin\u0101t\u0101jiem?<\/h3>\n<p>J\u0101. Labi kombin\u0113jas ar <a href=\"\/toode\/d3-vitamiin-50-%c2%b5g\/\">D vitam\u012bnu<\/a> un <a href=\"\/toode\/ashwagandha-bioperine\/\">a\u0161vagandu<\/a>.<\/p>\n<p><strong>Skat\u012bt ar\u012b:<\/strong> <a href=\"https:\/\/puhdasplus.ee\/lv\/kategorija\/minerali\/magnijs\/\">Magnijs<\/a><\/p>\n<p><strong>Skat\u012bt ar\u012b:<\/strong> <a href=\"https:\/\/puhdasplus.ee\/toote-kategooria\/magneesium\/\">Magnijs<\/a> | <a href=\"https:\/\/puhdasplus.ee\/toote-kategooria\/stress-uni\/\">Stress ja Uni<\/a><\/p>\n","protected":false},"excerpt":{"rendered":"<p><strong>Puhdas+ Nakts Magnijs<\/strong> ir augstas kvalit\u0101tes magnija bag\u0101tin\u0101t\u0101js, kas satur labi uzs\u016bcamu magnija bisglicin\u0101tu \u2014 magnija formu, kur\u0101 miner\u0101ls ir saist\u012bts ar aminosk\u0101bi glic\u012bnu. \u0160\u012b kombin\u0101cija nodro\u0161ina \u0137ermenim draudz\u012bgu uzs\u016bk\u0161anos un ir piem\u0113rota ikdienas lieto\u0161anai.<\/p>\n<p>Magnijs pal\u012bdz samazin\u0101t nogurumu un izsl\u0101bumu, atbalsta musku\u013cu un nervu sist\u0113mas norm\u0101lu darb\u012bbu un veicina norm\u0101lu ener\u0123ijas metabolismu. Pateicoties bisglicin\u0101ta formai, produkts labi piem\u0113rots tiem, kas dod priek\u0161roku maigam un efekt\u012bvam magnija avotam.<\/p>\n<p>Produktam ir 100% t\u012brs sast\u0101vs \u2014 nesatur m\u0101ksl\u012bgas piedevas, glut\u0113nu, laktozi vai saldin\u0101t\u0101jus \u2014 un ir piem\u0113rots ar\u012b veg\u0101niem. Vienk\u0101r\u0161s un uzticams veids atbalst\u012bt organisma miner\u0101lvielu l\u012bdzsvaru.<\/p>\n","protected":false},"featured_media":34586,"comment_status":"closed","ping_status":"closed","template":"","meta":{"_acf_changed":false,"googlesitekit_rrm_CAow3eq7DA:productID":""},"product_brand":[],"product_cat":[3280],"product_tag":[8349,9031,8971,3203,7897,8365,8851,9211,8472,3206,2974],"class_list":{"0":"post-34583","1":"product","2":"type-product","3":"status-publish","4":"has-post-thumbnail","6":"product_cat-magnijs","7":"product_tag-bez-laktozes","8":"product_tag-labaks-miegs-lv","9":"product_tag-magnija-glicinats-lv","10":"product_tag-magnijs","11":"product_tag-miegs-un-relaksacija","12":"product_tag-mineralvielas","13":"product_tag-muskulu-krampji-lv","14":"product_tag-pirms-guletiesanas-lv","15":"product_tag-stress-lv","16":"product_tag-uztura-bagatinatajs","17":"product_tag-vegans","19":"first","20":"instock","21":"taxable","22":"shipping-taxable","23":"purchasable","24":"product-type-simple"},"acf":[],"yoast_head":"<!-- This site is optimized with the Yoast SEO plugin v27.5 - https:\/\/yoast.com\/product\/yoast-seo-wordpress\/ -->\n<title>Nakts magnijs 120 kapsulas | Puhdas+<\/title>\n<meta name=\"description\" content=\"Nakts magnijs 120 kapsulas \u2013 viegli uzs\u016bcas magnija glicin\u0101ts musku\u013cu un nervu sist\u0113mas atbalstam. Veg\u0101ns, bez piedev\u0101m un ku\u0146\u0123im draudz\u012bgs. Pas\u016btiet t\u016bl\u012bt!\" \/>\n<meta name=\"robots\" content=\"index, follow, max-snippet:-1, max-image-preview:large, max-video-preview:-1\" \/>\n<link rel=\"canonical\" href=\"https:\/\/puhdasplus.ee\/lv\/produkti\/minerali\/magnijs\/magnijs-lietosanai-nakti-120-kapsulas\/\" \/>\n<meta property=\"og:locale\" content=\"lv_LV\" \/>\n<meta property=\"og:type\" content=\"article\" \/>\n<meta property=\"og:title\" content=\"Nakts magnijs 120 kapsulas | Puhdas+\" \/>\n<meta property=\"og:description\" content=\"Nakts magnijs 120 kapsulas \u2013 viegli uzs\u016bcas magnija glicin\u0101ts musku\u013cu un nervu sist\u0113mas atbalstam. Veg\u0101ns, bez piedev\u0101m un ku\u0146\u0123im draudz\u012bgs. Pas\u016btiet t\u016bl\u012bt!\" \/>\n<meta property=\"og:url\" content=\"https:\/\/puhdasplus.ee\/lv\/produkti\/minerali\/magnijs\/magnijs-lietosanai-nakti-120-kapsulas\/\" \/>\n<meta property=\"og:site_name\" content=\"Puhdas+\" \/>\n<meta property=\"article:publisher\" content=\"https:\/\/www.facebook.com\/puhdasplus\" \/>\n<meta property=\"article:modified_time\" content=\"2026-04-28T18:56:47+00:00\" \/>\n<meta property=\"og:image\" content=\"https:\/\/puhdasplus.ee\/wp-content\/uploads\/2025\/03\/195.jpg\" \/>\n\t<meta property=\"og:image:width\" content=\"1862\" \/>\n\t<meta property=\"og:image:height\" content=\"2560\" \/>\n\t<meta property=\"og:image:type\" content=\"image\/jpeg\" \/>\n<meta name=\"twitter:card\" content=\"summary_large_image\" \/>\n<meta name=\"twitter:label1\" content=\"Est. reading time\" \/>\n\t<meta name=\"twitter:data1\" content=\"2 min\u016btes\" \/>\n<script type=\"application\/ld+json\" class=\"yoast-schema-graph\">{\"@context\":\"https:\\\/\\\/schema.org\",\"@graph\":[{\"@type\":\"WebPage\",\"@id\":\"https:\\\/\\\/puhdasplus.ee\\\/lv\\\/produkti\\\/minerali\\\/magnijs\\\/magnijs-lietosanai-nakti-120-kapsulas\\\/\",\"url\":\"https:\\\/\\\/puhdasplus.ee\\\/lv\\\/produkti\\\/minerali\\\/magnijs\\\/magnijs-lietosanai-nakti-120-kapsulas\\\/\",\"name\":\"Nakts magnijs 120 kapsulas | Puhdas+\",\"isPartOf\":{\"@id\":\"https:\\\/\\\/puhdasplus.ee\\\/lv\\\/#website\"},\"primaryImageOfPage\":{\"@id\":\"https:\\\/\\\/puhdasplus.ee\\\/lv\\\/produkti\\\/minerali\\\/magnijs\\\/magnijs-lietosanai-nakti-120-kapsulas\\\/#primaryimage\"},\"image\":{\"@id\":\"https:\\\/\\\/puhdasplus.ee\\\/lv\\\/produkti\\\/minerali\\\/magnijs\\\/magnijs-lietosanai-nakti-120-kapsulas\\\/#primaryimage\"},\"thumbnailUrl\":\"https:\\\/\\\/puhdasplus.ee\\\/wp-content\\\/uploads\\\/2025\\\/03\\\/195.jpg\",\"datePublished\":\"2025-02-14T11:53:24+00:00\",\"dateModified\":\"2026-04-28T18:56:47+00:00\",\"description\":\"Nakts magnijs 120 kapsulas \u2013 viegli uzs\u016bcas magnija glicin\u0101ts musku\u013cu un nervu sist\u0113mas atbalstam. Veg\u0101ns, bez piedev\u0101m un ku\u0146\u0123im draudz\u012bgs. Pas\u016btiet t\u016bl\u012bt!\",\"breadcrumb\":{\"@id\":\"https:\\\/\\\/puhdasplus.ee\\\/lv\\\/produkti\\\/minerali\\\/magnijs\\\/magnijs-lietosanai-nakti-120-kapsulas\\\/#breadcrumb\"},\"inLanguage\":\"lv-LV\",\"potentialAction\":[{\"@type\":\"ReadAction\",\"target\":[\"https:\\\/\\\/puhdasplus.ee\\\/lv\\\/produkti\\\/minerali\\\/magnijs\\\/magnijs-lietosanai-nakti-120-kapsulas\\\/\"]}]},{\"@type\":\"ImageObject\",\"inLanguage\":\"lv-LV\",\"@id\":\"https:\\\/\\\/puhdasplus.ee\\\/lv\\\/produkti\\\/minerali\\\/magnijs\\\/magnijs-lietosanai-nakti-120-kapsulas\\\/#primaryimage\",\"url\":\"https:\\\/\\\/puhdasplus.ee\\\/wp-content\\\/uploads\\\/2025\\\/03\\\/195.jpg\",\"contentUrl\":\"https:\\\/\\\/puhdasplus.ee\\\/wp-content\\\/uploads\\\/2025\\\/03\\\/195.jpg\",\"width\":1862,\"height\":2560,\"caption\":\"ziedu magnijs\"},{\"@type\":\"BreadcrumbList\",\"@id\":\"https:\\\/\\\/puhdasplus.ee\\\/lv\\\/produkti\\\/minerali\\\/magnijs\\\/magnijs-lietosanai-nakti-120-kapsulas\\\/#breadcrumb\",\"itemListElement\":[{\"@type\":\"ListItem\",\"position\":1,\"name\":\"S\u0101kums\",\"item\":\"https:\\\/\\\/puhdasplus.ee\\\/lv\\\/\"},{\"@type\":\"ListItem\",\"position\":2,\"name\":\"Produkti\",\"item\":\"https:\\\/\\\/puhdasplus.ee\\\/lv\\\/veikals\\\/\"},{\"@type\":\"ListItem\",\"position\":3,\"name\":\"Nakts magnijs 120 kapsulas\"}]},{\"@type\":\"WebSite\",\"@id\":\"https:\\\/\\\/puhdasplus.ee\\\/lv\\\/#website\",\"url\":\"https:\\\/\\\/puhdasplus.ee\\\/lv\\\/\",\"name\":\"Puhdas+\",\"description\":\"Vitam\u012bni, uztura bag\u0101tin\u0101t\u0101ji, dab\u012bg\u0101 kosm\u0113tika, vesel\u012bba, sports\",\"publisher\":{\"@id\":\"https:\\\/\\\/puhdasplus.ee\\\/lv\\\/#organization\"},\"potentialAction\":[{\"@type\":\"SearchAction\",\"target\":{\"@type\":\"EntryPoint\",\"urlTemplate\":\"https:\\\/\\\/puhdasplus.ee\\\/lv\\\/?s={search_term_string}\"},\"query-input\":{\"@type\":\"PropertyValueSpecification\",\"valueRequired\":true,\"valueName\":\"search_term_string\"}}],\"inLanguage\":\"lv-LV\"},{\"@type\":\"Organization\",\"@id\":\"https:\\\/\\\/puhdasplus.ee\\\/lv\\\/#organization\",\"name\":\"Puhdas+\",\"alternateName\":\"Puhdasplus\",\"url\":\"https:\\\/\\\/puhdasplus.ee\\\/lv\\\/\",\"logo\":{\"@type\":\"ImageObject\",\"inLanguage\":\"lv-LV\",\"@id\":\"https:\\\/\\\/puhdasplus.ee\\\/lv\\\/#\\\/schema\\\/logo\\\/image\\\/\",\"url\":\"https:\\\/\\\/puhdasplus.ee\\\/wp-content\\\/uploads\\\/2019\\\/10\\\/puhdas_logo-arvele.png\",\"contentUrl\":\"https:\\\/\\\/puhdasplus.ee\\\/wp-content\\\/uploads\\\/2019\\\/10\\\/puhdas_logo-arvele.png\",\"width\":114,\"height\":94,\"caption\":\"Puhdas+\"},\"image\":{\"@id\":\"https:\\\/\\\/puhdasplus.ee\\\/lv\\\/#\\\/schema\\\/logo\\\/image\\\/\"},\"sameAs\":[\"https:\\\/\\\/www.facebook.com\\\/puhdasplus\",\"https:\\\/\\\/www.instagram.com\\\/puhdasplus_ee\\\/\"]}]}<\/script>\n<!-- \/ Yoast SEO plugin. -->","yoast_head_json":{"title":"Nakts magnijs 120 kapsulas | Puhdas+","description":"Nakts magnijs 120 kapsulas \u2013 viegli uzs\u016bcas magnija glicin\u0101ts musku\u013cu un nervu sist\u0113mas atbalstam. Veg\u0101ns, bez piedev\u0101m un ku\u0146\u0123im draudz\u012bgs. Pas\u016btiet t\u016bl\u012bt!","robots":{"index":"index","follow":"follow","max-snippet":"max-snippet:-1","max-image-preview":"max-image-preview:large","max-video-preview":"max-video-preview:-1"},"canonical":"https:\/\/puhdasplus.ee\/lv\/produkti\/minerali\/magnijs\/magnijs-lietosanai-nakti-120-kapsulas\/","og_locale":"lv_LV","og_type":"article","og_title":"Nakts magnijs 120 kapsulas | Puhdas+","og_description":"Nakts magnijs 120 kapsulas \u2013 viegli uzs\u016bcas magnija glicin\u0101ts musku\u013cu un nervu sist\u0113mas atbalstam. Veg\u0101ns, bez piedev\u0101m un ku\u0146\u0123im draudz\u012bgs. Pas\u016btiet t\u016bl\u012bt!","og_url":"https:\/\/puhdasplus.ee\/lv\/produkti\/minerali\/magnijs\/magnijs-lietosanai-nakti-120-kapsulas\/","og_site_name":"Puhdas+","article_publisher":"https:\/\/www.facebook.com\/puhdasplus","article_modified_time":"2026-04-28T18:56:47+00:00","og_image":[{"width":1862,"height":2560,"url":"https:\/\/puhdasplus.ee\/wp-content\/uploads\/2025\/03\/195.jpg","type":"image\/jpeg"}],"twitter_card":"summary_large_image","twitter_misc":{"Est. reading time":"2 min\u016btes"},"schema":{"@context":"https:\/\/schema.org","@graph":[{"@type":"WebPage","@id":"https:\/\/puhdasplus.ee\/lv\/produkti\/minerali\/magnijs\/magnijs-lietosanai-nakti-120-kapsulas\/","url":"https:\/\/puhdasplus.ee\/lv\/produkti\/minerali\/magnijs\/magnijs-lietosanai-nakti-120-kapsulas\/","name":"Nakts magnijs 120 kapsulas | Puhdas+","isPartOf":{"@id":"https:\/\/puhdasplus.ee\/lv\/#website"},"primaryImageOfPage":{"@id":"https:\/\/puhdasplus.ee\/lv\/produkti\/minerali\/magnijs\/magnijs-lietosanai-nakti-120-kapsulas\/#primaryimage"},"image":{"@id":"https:\/\/puhdasplus.ee\/lv\/produkti\/minerali\/magnijs\/magnijs-lietosanai-nakti-120-kapsulas\/#primaryimage"},"thumbnailUrl":"https:\/\/puhdasplus.ee\/wp-content\/uploads\/2025\/03\/195.jpg","datePublished":"2025-02-14T11:53:24+00:00","dateModified":"2026-04-28T18:56:47+00:00","description":"Nakts magnijs 120 kapsulas \u2013 viegli uzs\u016bcas magnija glicin\u0101ts musku\u013cu un nervu sist\u0113mas atbalstam. Veg\u0101ns, bez piedev\u0101m un ku\u0146\u0123im draudz\u012bgs. Pas\u016btiet t\u016bl\u012bt!","breadcrumb":{"@id":"https:\/\/puhdasplus.ee\/lv\/produkti\/minerali\/magnijs\/magnijs-lietosanai-nakti-120-kapsulas\/#breadcrumb"},"inLanguage":"lv-LV","potentialAction":[{"@type":"ReadAction","target":["https:\/\/puhdasplus.ee\/lv\/produkti\/minerali\/magnijs\/magnijs-lietosanai-nakti-120-kapsulas\/"]}]},{"@type":"ImageObject","inLanguage":"lv-LV","@id":"https:\/\/puhdasplus.ee\/lv\/produkti\/minerali\/magnijs\/magnijs-lietosanai-nakti-120-kapsulas\/#primaryimage","url":"https:\/\/puhdasplus.ee\/wp-content\/uploads\/2025\/03\/195.jpg","contentUrl":"https:\/\/puhdasplus.ee\/wp-content\/uploads\/2025\/03\/195.jpg","width":1862,"height":2560,"caption":"ziedu magnijs"},{"@type":"BreadcrumbList","@id":"https:\/\/puhdasplus.ee\/lv\/produkti\/minerali\/magnijs\/magnijs-lietosanai-nakti-120-kapsulas\/#breadcrumb","itemListElement":[{"@type":"ListItem","position":1,"name":"S\u0101kums","item":"https:\/\/puhdasplus.ee\/lv\/"},{"@type":"ListItem","position":2,"name":"Produkti","item":"https:\/\/puhdasplus.ee\/lv\/veikals\/"},{"@type":"ListItem","position":3,"name":"Nakts magnijs 120 kapsulas"}]},{"@type":"WebSite","@id":"https:\/\/puhdasplus.ee\/lv\/#website","url":"https:\/\/puhdasplus.ee\/lv\/","name":"Puhdas+","description":"Vitam\u012bni, uztura bag\u0101tin\u0101t\u0101ji, dab\u012bg\u0101 kosm\u0113tika, vesel\u012bba, sports","publisher":{"@id":"https:\/\/puhdasplus.ee\/lv\/#organization"},"potentialAction":[{"@type":"SearchAction","target":{"@type":"EntryPoint","urlTemplate":"https:\/\/puhdasplus.ee\/lv\/?s={search_term_string}"},"query-input":{"@type":"PropertyValueSpecification","valueRequired":true,"valueName":"search_term_string"}}],"inLanguage":"lv-LV"},{"@type":"Organization","@id":"https:\/\/puhdasplus.ee\/lv\/#organization","name":"Puhdas+","alternateName":"Puhdasplus","url":"https:\/\/puhdasplus.ee\/lv\/","logo":{"@type":"ImageObject","inLanguage":"lv-LV","@id":"https:\/\/puhdasplus.ee\/lv\/#\/schema\/logo\/image\/","url":"https:\/\/puhdasplus.ee\/wp-content\/uploads\/2019\/10\/puhdas_logo-arvele.png","contentUrl":"https:\/\/puhdasplus.ee\/wp-content\/uploads\/2019\/10\/puhdas_logo-arvele.png","width":114,"height":94,"caption":"Puhdas+"},"image":{"@id":"https:\/\/puhdasplus.ee\/lv\/#\/schema\/logo\/image\/"},"sameAs":["https:\/\/www.facebook.com\/puhdasplus","https:\/\/www.instagram.com\/puhdasplus_ee\/"]}]}},"_yoast_wpseo_title":"Nakts magnijs 120 kapsulas | Puhdas+","_yoast_wpseo_metadesc":"Nakts magnijs 120 kapsulas \u2013 viegli uzs\u016bcas magnija glicin\u0101ts musku\u013cu un nervu sist\u0113mas atbalstam. Veg\u0101ns, bez piedev\u0101m un ku\u0146\u0123im draudz\u012bgs. Pas\u016btiet t\u016bl\u012bt!","_yoast_wpseo_focuskw":"","_links":{"self":[{"href":"https:\/\/puhdasplus.ee\/lv\/wp-json\/wp\/v2\/product\/34583","targetHints":{"allow":["GET"]}}],"collection":[{"href":"https:\/\/puhdasplus.ee\/lv\/wp-json\/wp\/v2\/product"}],"about":[{"href":"https:\/\/puhdasplus.ee\/lv\/wp-json\/wp\/v2\/types\/product"}],"replies":[{"embeddable":true,"href":"https:\/\/puhdasplus.ee\/lv\/wp-json\/wp\/v2\/comments?post=34583"}],"wp:featuredmedia":[{"embeddable":true,"href":"https:\/\/puhdasplus.ee\/lv\/wp-json\/wp\/v2\/media\/34586"}],"wp:attachment":[{"href":"https:\/\/puhdasplus.ee\/lv\/wp-json\/wp\/v2\/media?parent=34583"}],"wp:term":[{"taxonomy":"product_brand","embeddable":true,"href":"https:\/\/puhdasplus.ee\/lv\/wp-json\/wp\/v2\/product_brand?post=34583"},{"taxonomy":"product_cat","embeddable":true,"href":"https:\/\/puhdasplus.ee\/lv\/wp-json\/wp\/v2\/product_cat?post=34583"},{"taxonomy":"product_tag","embeddable":true,"href":"https:\/\/puhdasplus.ee\/lv\/wp-json\/wp\/v2\/product_tag?post=34583"}],"curies":[{"name":"wp","href":"https:\/\/api.w.org\/{rel}","templated":true}]}}