{"id":34537,"date":"2025-02-02T15:24:33","date_gmt":"2025-02-02T13:24:33","guid":{"rendered":"https:\/\/puhdasplus.ee\/tooted\/uncategorized\/glikozamins\/"},"modified":"2026-04-07T09:11:32","modified_gmt":"2026-04-07T06:11:32","slug":"glikozamins","status":"publish","type":"product","link":"https:\/\/puhdasplus.ee\/lv\/produkti\/sports-lv\/glikozamins\/","title":{"rendered":"Glikozam\u012bns"},"content":{"rendered":"<h2>Kas ir glikozam\u012bns un kam tas ir noder\u012bgs?<\/h2>\n<p>Puhdas+ Glikozam\u012bns ir 100% augu izcelsmes glikozam\u012bna sulf\u0101tu saturo\u0161s uztura bag\u0101tin\u0101t\u0101js, kas izgatavots bez m\u0101ksl\u012bg\u0101m piedev\u0101m. Glikozam\u012bns ir dabiska savienojums, ko atrod organism\u0101, tostarp loc\u012btavu skrim\u0161\u013cos un saistaudos. Ar vecumu un dz\u012bvesveidu saist\u012bt\u0101s izmai\u0146as var ietekm\u0113t organisma glikozam\u012bna kr\u0101jumus, t\u0101p\u0113c \u0161\u012b viela ir popul\u0101rs uztura bag\u0101tin\u0101t\u0101js k\u0101 da\u013ca no ikdienas uztura.<\/p>\n<p>Glikozam\u012bnu saturo\u0161us uztura bag\u0101tin\u0101t\u0101jus bie\u017ei izmanto akt\u012bva dz\u012bvesveida cilv\u0113ki. Uztura bag\u0101tin\u0101t\u0101js labi piem\u0113rots tiem, kas v\u0113las apzin\u0101ti papildin\u0101t savu \u0113dienkarti ar vielu, kas ietilpst \u0137erme\u0146a dabisko strukt\u016bru sast\u0101v\u0101.<\/p>\n<h2>Kam piem\u0113rots Puhdas+ Glikozam\u012bns?<\/h2>\n<ul>\n<li>Cilv\u0113kiem, kas nov\u0113rt\u0113 apzin\u0101tu uzturu un v\u0113las pievienot glikozam\u012bnu savai ikdienas \u0113dienkartei<\/li>\n<li>Fiziski akt\u012bviem cilv\u0113kiem<\/li>\n<li>Ve\u0123et\u0101rie\u0161iem un veg\u0101niem \u2013 produkts ir 100% augu izcelsmes<\/li>\n<\/ul>\n<ul>\n<li>Tiem, kas dod priek\u0161roku t\u012bra sast\u0101va uztura bag\u0101tin\u0101t\u0101jiem bez m\u0101ksl\u012bg\u0101m piedev\u0101m<\/li>\n<\/ul>\n<h2>Sast\u0101vs<\/h2>\n<ul>\n<li><strong>Glikozam\u012bna sulf\u0101ts<\/strong> (augu izcelsmes)<\/li>\n<li><strong>Pildviela:<\/strong> R\u012bsu milti<\/li>\n<li><strong>Kapsulas apvalks:<\/strong> Hidroksipropilmetilceluloze (augu izcelsmes)<\/li>\n<\/ul>\n<p><strong>Nesatur:<\/strong><br \/>\nPiena produktus, laktozi, glut\u0113nu, soju, raugus, pievienotus cukurus vai saldin\u0101t\u0101jus, konservantus, kr\u0101svielas vai m\u0101ksl\u012bgas gar\u0161as vielas<\/p>\n<h2>Uzturv\u0113rt\u012bba (dienas deva \u2013 2 kapsulas):<\/h2>\n<div class=\"group pointer-events-none relative flex justify-center *:pointer-events-auto\">\n<div class=\"tableContainer horzScrollShadows relative\">\n<p>Glikozam\u012bna sulf\u0101ts 1000 mg, no t\u0101 glikozam\u012bns 600 mg.<\/p>\n<h2>Lieto\u0161ana<\/h2>\n<p>Ieteicam\u0101 dienas deva: 2 kapsulas dien\u0101 ar \u016bdeni.<br \/>\nNep\u0101rsniegt ieteicamo dienas devu.<\/p>\n<h2>Br\u012bdin\u0101jumi un uzglab\u0101\u0161anas nosac\u012bjumi<\/h2>\n<ul>\n<li>Uztura bag\u0101tin\u0101t\u0101js neaizst\u0101j daudzveid\u012bgu un sabalans\u0113tu uzturu un vesel\u012bgu dz\u012bvesveidu.<\/li>\n<li>Uzglab\u0101t b\u0113rniem nepieejam\u0101 viet\u0101.<\/li>\n<li>Uzglab\u0101t saus\u0101 un v\u0113s\u0101 viet\u0101.<\/li>\n<\/ul>\n<\/div>\n<\/div>\n<p><strong>Skat\u012bt ar\u012b:<\/strong> <a href=\"https:\/\/puhdasplus.ee\/toote-kategooria\/liigesed-lihased-ja-luud\/\">Loc\u012btavas, musku\u013ci un kauli<\/a> | <a href=\"https:\/\/puhdasplus.ee\/lv\/sport\/\">Sports<\/a> | <a href=\"https:\/\/puhdasplus.ee\/toote-kategooria\/mineraalained\/\">Miner\u0101lvielas<\/a><\/p>\n","protected":false},"excerpt":{"rendered":"<p>Puhdas+ Glikozam\u012bns ir kvalitat\u012bvs augu izcelsmes uztura bag\u0101tin\u0101t\u0101js, kas satur glikozam\u012bna sulf\u0101tu \u2013 dabisku vielu, ko atrod cilv\u0113ka organism\u0101 loc\u012btavu skrim\u0161\u013cos un saistaudos. Glikozam\u012bna l\u012bmenis organism\u0101 var samazin\u0101ties vecuma, akt\u012bva dz\u012bvesveida vai fizisk\u0101s slodzes d\u0113\u013c, t\u0101p\u0113c var rasties nepiecie\u0161am\u012bba \u0161\u012bs vielas lieto\u0161anai k\u0101 bag\u0101tin\u0101t\u0101jam.<\/p>\n<p>\u0160is uztura bag\u0101tin\u0101t\u0101js ir rad\u012bts ikdienas uztura papildin\u0101\u0161anai cilv\u0113kiem, kas v\u0113las <b>uztur\u0113t akt\u012bvu dz\u012bvesveidu un r\u016bp\u0113ties par savas kust\u012bguma komfortu<\/b>.<\/p>\n<p>Puhdas+ Glikozam\u012bns ir izgatavots t\u012bra sast\u0101va principu iev\u0113rojot \u2013 <b>bez konservantiem, glut\u0113na, laktozes, sojas, raugiem un m\u0101ksl\u012bg\u0101m piedev\u0101m.<\/b><\/p>\n<p>Puhdas+ Glikozam\u012bns:<\/p>\n<ul>\n<li>Satur <strong>glikozam\u012bna sulf\u0101tu 1000 mg<\/strong> div\u0101s kapsul\u0101s dien\u0101<\/li>\n<li>Ir <strong>piln\u012bb\u0101 augu izcelsmes<\/strong> \u2013 piem\u0113rots veg\u0101niem un ve\u0123et\u0101rie\u0161iem<\/li>\n<li><strong>Nesatur<\/strong> konservantus, laktozi, glut\u0113nu, soju, raugus vai m\u0101ksl\u012bgas piedevas. Piem\u0113rots veg\u0101niem.<\/li>\n<li>Izgatavots <strong>t\u012bra sast\u0101va principu iev\u0113rojot<\/strong>, bez nevajadz\u012bgiem piedev\u0101m<\/li>\n<\/ul>\n<h4><\/h4>\n","protected":false},"featured_media":32450,"comment_status":"closed","ping_status":"closed","template":"","meta":{"_acf_changed":false,"googlesitekit_rrm_CAow3eq7DA:productID":""},"product_brand":[],"product_cat":[3067,3483,3038],"product_tag":[8361,8377,3225,3206,2974],"class_list":{"0":"post-34537","1":"product","2":"type-product","3":"status-publish","4":"has-post-thumbnail","6":"product_cat-ipasie-piedavajumi","7":"product_cat-locitavas-muskuli-un-kauli","8":"product_cat-sports-lv","9":"product_tag-aminoskbes-lv","10":"product_tag-dabgs-lv","11":"product_tag-muskuli-un-locitavas","12":"product_tag-uztura-bagatinatajs","13":"product_tag-vegans","15":"first","16":"instock","17":"sale","18":"taxable","19":"shipping-taxable","20":"purchasable","21":"product-type-variable","22":"has-default-attributes"},"acf":[],"yoast_head":"<!-- This site is optimized with the Yoast SEO plugin v27.3 - https:\/\/yoast.com\/product\/yoast-seo-wordpress\/ -->\n<title>Glikozam\u012bns 60 kapsulas | Puhdas+<\/title>\n<meta name=\"description\" content=\"Glikozam\u012bns 1500 mg \u2014 dabiska sast\u0101vda\u013ca, ko atrod skrim\u0161\u013caudos. T\u012brs sast\u0101vs, piem\u0113rots veg\u0101niem. Somu kvalit\u0101te. 60 kapsulas.\" \/>\n<meta name=\"robots\" content=\"index, follow, max-snippet:-1, max-image-preview:large, max-video-preview:-1\" \/>\n<link rel=\"canonical\" href=\"https:\/\/puhdasplus.ee\/lv\/produkti\/sports-lv\/glikozamins\/\" \/>\n<meta property=\"og:locale\" content=\"lv_LV\" \/>\n<meta property=\"og:type\" content=\"article\" \/>\n<meta property=\"og:title\" content=\"Glikozam\u012bns 60 kapsulas | Puhdas+\" \/>\n<meta property=\"og:description\" content=\"Glikozam\u012bns 1500 mg \u2014 dabiska sast\u0101vda\u013ca, ko atrod skrim\u0161\u013caudos. T\u012brs sast\u0101vs, piem\u0113rots veg\u0101niem. Somu kvalit\u0101te. 60 kapsulas.\" \/>\n<meta property=\"og:url\" content=\"https:\/\/puhdasplus.ee\/lv\/produkti\/sports-lv\/glikozamins\/\" \/>\n<meta property=\"og:site_name\" content=\"Puhdas+\" \/>\n<meta property=\"article:publisher\" content=\"https:\/\/www.facebook.com\/puhdasplus\" \/>\n<meta property=\"article:modified_time\" content=\"2026-04-07T06:11:32+00:00\" \/>\n<meta property=\"og:image\" content=\"https:\/\/puhdasplus.ee\/wp-content\/uploads\/2025\/03\/190.jpg\" \/>\n\t<meta property=\"og:image:width\" content=\"1862\" \/>\n\t<meta property=\"og:image:height\" content=\"2560\" \/>\n\t<meta property=\"og:image:type\" content=\"image\/jpeg\" \/>\n<meta name=\"twitter:card\" content=\"summary_large_image\" \/>\n<meta name=\"twitter:label1\" content=\"Est. reading time\" \/>\n\t<meta name=\"twitter:data1\" content=\"2 min\u016btes\" \/>\n<script type=\"application\/ld+json\" class=\"yoast-schema-graph\">{\"@context\":\"https:\\\/\\\/schema.org\",\"@graph\":[{\"@type\":\"WebPage\",\"@id\":\"https:\\\/\\\/puhdasplus.ee\\\/lv\\\/produkti\\\/sports-lv\\\/glikozamins\\\/\",\"url\":\"https:\\\/\\\/puhdasplus.ee\\\/lv\\\/produkti\\\/sports-lv\\\/glikozamins\\\/\",\"name\":\"Glikozam\u012bns 60 kapsulas | Puhdas+\",\"isPartOf\":{\"@id\":\"https:\\\/\\\/puhdasplus.ee\\\/lv\\\/#website\"},\"primaryImageOfPage\":{\"@id\":\"https:\\\/\\\/puhdasplus.ee\\\/lv\\\/produkti\\\/sports-lv\\\/glikozamins\\\/#primaryimage\"},\"image\":{\"@id\":\"https:\\\/\\\/puhdasplus.ee\\\/lv\\\/produkti\\\/sports-lv\\\/glikozamins\\\/#primaryimage\"},\"thumbnailUrl\":\"https:\\\/\\\/puhdasplus.ee\\\/wp-content\\\/uploads\\\/2025\\\/03\\\/190.jpg\",\"datePublished\":\"2025-02-02T13:24:33+00:00\",\"dateModified\":\"2026-04-07T06:11:32+00:00\",\"description\":\"Glikozam\u012bns 1500 mg \u2014 dabiska sast\u0101vda\u013ca, ko atrod skrim\u0161\u013caudos. T\u012brs sast\u0101vs, piem\u0113rots veg\u0101niem. Somu kvalit\u0101te. 60 kapsulas.\",\"breadcrumb\":{\"@id\":\"https:\\\/\\\/puhdasplus.ee\\\/lv\\\/produkti\\\/sports-lv\\\/glikozamins\\\/#breadcrumb\"},\"inLanguage\":\"lv-LV\",\"potentialAction\":[{\"@type\":\"ReadAction\",\"target\":[\"https:\\\/\\\/puhdasplus.ee\\\/lv\\\/produkti\\\/sports-lv\\\/glikozamins\\\/\"]}]},{\"@type\":\"ImageObject\",\"inLanguage\":\"lv-LV\",\"@id\":\"https:\\\/\\\/puhdasplus.ee\\\/lv\\\/produkti\\\/sports-lv\\\/glikozamins\\\/#primaryimage\",\"url\":\"https:\\\/\\\/puhdasplus.ee\\\/wp-content\\\/uploads\\\/2025\\\/03\\\/190.jpg\",\"contentUrl\":\"https:\\\/\\\/puhdasplus.ee\\\/wp-content\\\/uploads\\\/2025\\\/03\\\/190.jpg\",\"width\":1862,\"height\":2560,\"caption\":\"glikozam\u012bns\"},{\"@type\":\"BreadcrumbList\",\"@id\":\"https:\\\/\\\/puhdasplus.ee\\\/lv\\\/produkti\\\/sports-lv\\\/glikozamins\\\/#breadcrumb\",\"itemListElement\":[{\"@type\":\"ListItem\",\"position\":1,\"name\":\"S\u0101kums\",\"item\":\"https:\\\/\\\/puhdasplus.ee\\\/lv\\\/\"},{\"@type\":\"ListItem\",\"position\":2,\"name\":\"Produkti\",\"item\":\"https:\\\/\\\/puhdasplus.ee\\\/lv\\\/veikals\\\/\"},{\"@type\":\"ListItem\",\"position\":3,\"name\":\"Glikozam\u012bns\"}]},{\"@type\":\"WebSite\",\"@id\":\"https:\\\/\\\/puhdasplus.ee\\\/lv\\\/#website\",\"url\":\"https:\\\/\\\/puhdasplus.ee\\\/lv\\\/\",\"name\":\"Puhdas+\",\"description\":\"Vitam\u012bni, uztura bag\u0101tin\u0101t\u0101ji, dab\u012bg\u0101 kosm\u0113tika, vesel\u012bba, sports\",\"publisher\":{\"@id\":\"https:\\\/\\\/puhdasplus.ee\\\/lv\\\/#organization\"},\"potentialAction\":[{\"@type\":\"SearchAction\",\"target\":{\"@type\":\"EntryPoint\",\"urlTemplate\":\"https:\\\/\\\/puhdasplus.ee\\\/lv\\\/?s={search_term_string}\"},\"query-input\":{\"@type\":\"PropertyValueSpecification\",\"valueRequired\":true,\"valueName\":\"search_term_string\"}}],\"inLanguage\":\"lv-LV\"},{\"@type\":\"Organization\",\"@id\":\"https:\\\/\\\/puhdasplus.ee\\\/lv\\\/#organization\",\"name\":\"Puhdas+\",\"alternateName\":\"Puhdasplus\",\"url\":\"https:\\\/\\\/puhdasplus.ee\\\/lv\\\/\",\"logo\":{\"@type\":\"ImageObject\",\"inLanguage\":\"lv-LV\",\"@id\":\"https:\\\/\\\/puhdasplus.ee\\\/lv\\\/#\\\/schema\\\/logo\\\/image\\\/\",\"url\":\"https:\\\/\\\/puhdasplus.ee\\\/wp-content\\\/uploads\\\/2019\\\/10\\\/puhdas_logo-arvele.png\",\"contentUrl\":\"https:\\\/\\\/puhdasplus.ee\\\/wp-content\\\/uploads\\\/2019\\\/10\\\/puhdas_logo-arvele.png\",\"width\":114,\"height\":94,\"caption\":\"Puhdas+\"},\"image\":{\"@id\":\"https:\\\/\\\/puhdasplus.ee\\\/lv\\\/#\\\/schema\\\/logo\\\/image\\\/\"},\"sameAs\":[\"https:\\\/\\\/www.facebook.com\\\/puhdasplus\",\"https:\\\/\\\/www.instagram.com\\\/puhdasplus_ee\\\/\"]}]}<\/script>\n<!-- \/ Yoast SEO plugin. -->","yoast_head_json":{"title":"Glikozam\u012bns 60 kapsulas | Puhdas+","description":"Glikozam\u012bns 1500 mg \u2014 dabiska sast\u0101vda\u013ca, ko atrod skrim\u0161\u013caudos. T\u012brs sast\u0101vs, piem\u0113rots veg\u0101niem. Somu kvalit\u0101te. 60 kapsulas.","robots":{"index":"index","follow":"follow","max-snippet":"max-snippet:-1","max-image-preview":"max-image-preview:large","max-video-preview":"max-video-preview:-1"},"canonical":"https:\/\/puhdasplus.ee\/lv\/produkti\/sports-lv\/glikozamins\/","og_locale":"lv_LV","og_type":"article","og_title":"Glikozam\u012bns 60 kapsulas | Puhdas+","og_description":"Glikozam\u012bns 1500 mg \u2014 dabiska sast\u0101vda\u013ca, ko atrod skrim\u0161\u013caudos. T\u012brs sast\u0101vs, piem\u0113rots veg\u0101niem. Somu kvalit\u0101te. 60 kapsulas.","og_url":"https:\/\/puhdasplus.ee\/lv\/produkti\/sports-lv\/glikozamins\/","og_site_name":"Puhdas+","article_publisher":"https:\/\/www.facebook.com\/puhdasplus","article_modified_time":"2026-04-07T06:11:32+00:00","og_image":[{"width":1862,"height":2560,"url":"https:\/\/puhdasplus.ee\/wp-content\/uploads\/2025\/03\/190.jpg","type":"image\/jpeg"}],"twitter_card":"summary_large_image","twitter_misc":{"Est. reading time":"2 min\u016btes"},"schema":{"@context":"https:\/\/schema.org","@graph":[{"@type":"WebPage","@id":"https:\/\/puhdasplus.ee\/lv\/produkti\/sports-lv\/glikozamins\/","url":"https:\/\/puhdasplus.ee\/lv\/produkti\/sports-lv\/glikozamins\/","name":"Glikozam\u012bns 60 kapsulas | Puhdas+","isPartOf":{"@id":"https:\/\/puhdasplus.ee\/lv\/#website"},"primaryImageOfPage":{"@id":"https:\/\/puhdasplus.ee\/lv\/produkti\/sports-lv\/glikozamins\/#primaryimage"},"image":{"@id":"https:\/\/puhdasplus.ee\/lv\/produkti\/sports-lv\/glikozamins\/#primaryimage"},"thumbnailUrl":"https:\/\/puhdasplus.ee\/wp-content\/uploads\/2025\/03\/190.jpg","datePublished":"2025-02-02T13:24:33+00:00","dateModified":"2026-04-07T06:11:32+00:00","description":"Glikozam\u012bns 1500 mg \u2014 dabiska sast\u0101vda\u013ca, ko atrod skrim\u0161\u013caudos. T\u012brs sast\u0101vs, piem\u0113rots veg\u0101niem. Somu kvalit\u0101te. 60 kapsulas.","breadcrumb":{"@id":"https:\/\/puhdasplus.ee\/lv\/produkti\/sports-lv\/glikozamins\/#breadcrumb"},"inLanguage":"lv-LV","potentialAction":[{"@type":"ReadAction","target":["https:\/\/puhdasplus.ee\/lv\/produkti\/sports-lv\/glikozamins\/"]}]},{"@type":"ImageObject","inLanguage":"lv-LV","@id":"https:\/\/puhdasplus.ee\/lv\/produkti\/sports-lv\/glikozamins\/#primaryimage","url":"https:\/\/puhdasplus.ee\/wp-content\/uploads\/2025\/03\/190.jpg","contentUrl":"https:\/\/puhdasplus.ee\/wp-content\/uploads\/2025\/03\/190.jpg","width":1862,"height":2560,"caption":"glikozam\u012bns"},{"@type":"BreadcrumbList","@id":"https:\/\/puhdasplus.ee\/lv\/produkti\/sports-lv\/glikozamins\/#breadcrumb","itemListElement":[{"@type":"ListItem","position":1,"name":"S\u0101kums","item":"https:\/\/puhdasplus.ee\/lv\/"},{"@type":"ListItem","position":2,"name":"Produkti","item":"https:\/\/puhdasplus.ee\/lv\/veikals\/"},{"@type":"ListItem","position":3,"name":"Glikozam\u012bns"}]},{"@type":"WebSite","@id":"https:\/\/puhdasplus.ee\/lv\/#website","url":"https:\/\/puhdasplus.ee\/lv\/","name":"Puhdas+","description":"Vitam\u012bni, uztura bag\u0101tin\u0101t\u0101ji, dab\u012bg\u0101 kosm\u0113tika, vesel\u012bba, sports","publisher":{"@id":"https:\/\/puhdasplus.ee\/lv\/#organization"},"potentialAction":[{"@type":"SearchAction","target":{"@type":"EntryPoint","urlTemplate":"https:\/\/puhdasplus.ee\/lv\/?s={search_term_string}"},"query-input":{"@type":"PropertyValueSpecification","valueRequired":true,"valueName":"search_term_string"}}],"inLanguage":"lv-LV"},{"@type":"Organization","@id":"https:\/\/puhdasplus.ee\/lv\/#organization","name":"Puhdas+","alternateName":"Puhdasplus","url":"https:\/\/puhdasplus.ee\/lv\/","logo":{"@type":"ImageObject","inLanguage":"lv-LV","@id":"https:\/\/puhdasplus.ee\/lv\/#\/schema\/logo\/image\/","url":"https:\/\/puhdasplus.ee\/wp-content\/uploads\/2019\/10\/puhdas_logo-arvele.png","contentUrl":"https:\/\/puhdasplus.ee\/wp-content\/uploads\/2019\/10\/puhdas_logo-arvele.png","width":114,"height":94,"caption":"Puhdas+"},"image":{"@id":"https:\/\/puhdasplus.ee\/lv\/#\/schema\/logo\/image\/"},"sameAs":["https:\/\/www.facebook.com\/puhdasplus","https:\/\/www.instagram.com\/puhdasplus_ee\/"]}]}},"_yoast_wpseo_title":"Glikozam\u012bns 60 kapsulas | Puhdas+","_yoast_wpseo_metadesc":"Glikozam\u012bns 1500 mg \u2014 dabiska sast\u0101vda\u013ca, ko atrod skrim\u0161\u013caudos. T\u012brs sast\u0101vs, piem\u0113rots veg\u0101niem. Somu kvalit\u0101te. 60 kapsulas.","_yoast_wpseo_focuskw":"glikozam\u012bns uztura bag\u0101tin\u0101t\u0101js","_links":{"self":[{"href":"https:\/\/puhdasplus.ee\/lv\/wp-json\/wp\/v2\/product\/34537","targetHints":{"allow":["GET"]}}],"collection":[{"href":"https:\/\/puhdasplus.ee\/lv\/wp-json\/wp\/v2\/product"}],"about":[{"href":"https:\/\/puhdasplus.ee\/lv\/wp-json\/wp\/v2\/types\/product"}],"replies":[{"embeddable":true,"href":"https:\/\/puhdasplus.ee\/lv\/wp-json\/wp\/v2\/comments?post=34537"}],"wp:featuredmedia":[{"embeddable":true,"href":"https:\/\/puhdasplus.ee\/lv\/wp-json\/wp\/v2\/media\/32450"}],"wp:attachment":[{"href":"https:\/\/puhdasplus.ee\/lv\/wp-json\/wp\/v2\/media?parent=34537"}],"wp:term":[{"taxonomy":"product_brand","embeddable":true,"href":"https:\/\/puhdasplus.ee\/lv\/wp-json\/wp\/v2\/product_brand?post=34537"},{"taxonomy":"product_cat","embeddable":true,"href":"https:\/\/puhdasplus.ee\/lv\/wp-json\/wp\/v2\/product_cat?post=34537"},{"taxonomy":"product_tag","embeddable":true,"href":"https:\/\/puhdasplus.ee\/lv\/wp-json\/wp\/v2\/product_tag?post=34537"}],"curies":[{"name":"wp","href":"https:\/\/api.w.org\/{rel}","templated":true}]}}