{"id":34513,"date":"2025-01-17T11:07:00","date_gmt":"2025-01-17T09:07:00","guid":{"rendered":"https:\/\/puhdasplus.ee\/tooted\/uncategorized\/kermena-un-masazas-ella-ar-saldo-apelsinu-un-vanilu-150ml\/"},"modified":"2026-04-07T20:01:23","modified_gmt":"2026-04-07T17:01:23","slug":"kermena-un-masazas-ella-ar-saldo-apelsinu-un-vanilu-150ml","status":"publish","type":"product","link":"https:\/\/puhdasplus.ee\/lv\/produkti\/kosmetika\/kermena-un-masazas-ella-ar-saldo-apelsinu-un-vanilu-150ml\/","title":{"rendered":"\u0136erme\u0146a un mas\u0101\u017eas e\u013c\u013ca ar saldo apels\u012bnu un vani\u013cu 150ml"},"content":{"rendered":"<h2>Saldais apels\u012bns un vani\u013ca \u0137ermenim<\/h2>\n<h3>Pat\u012bkama \u0137erme\u0146a e\u013c\u013ca ikdienas lieto\u0161anai<\/h3>\n<p>Puhdas+ \u0136erme\u0146a e\u013c\u013ca ar saldo apels\u012bnu un vani\u013cu ir <strong>barojo\u0161a \u0137erme\u0146a un mas\u0101\u017eas e\u013c\u013ca<\/strong> ar pat\u012bkamu saldu un siltu arom\u0101tu. Dab\u012bgs sast\u0101vs mitrina un m\u012bkstina \u0101du.<\/p>\n<h3>Ko t\u0101 dara?<\/h3>\n<ul>\n<li><strong>Mitrina un baro<\/strong> \u0101du<\/li>\n<li><strong>Pat\u012bkams salds arom\u0101ts<\/strong> ar apels\u012bnu un vani\u013cu<\/li>\n<li>Piem\u0113rota <strong>\u0137erme\u0146a mas\u0101\u017eai<\/strong><\/li>\n<\/ul>\n<h2>K\u0101 lietot?<\/h2>\n<h3>Kam piem\u0113rota?<\/h3>\n<ul>\n<li>Ja v\u0113laties <strong>barojo\u0161u \u0101das kop\u0161anu<\/strong> ar pat\u012bkamu arom\u0101tu<\/li>\n<li><strong>\u0136erme\u0146a mas\u0101\u017eai<\/strong><\/li>\n<li><strong>Sausai \u0101dai<\/strong>, kurai vajadz\u012bgs papildu mitrums<\/li>\n<\/ul>\n<p>Ra\u017eots Somij\u0101. Skatiet ar\u012b <a href=\"\/toode\/keha-ja-massaazioli-lavendliga-150-ml\/\">\u0137erme\u0146a e\u013c\u013cu ar lavandu<\/a>.<\/p>\n<h3>Sast\u0101vda\u013cas<\/h3>\n<p><strong>Sast\u0101vda\u013cas:<\/strong> saldo mande\u013cu e\u013c\u013ca, apriko\u017eu kodolu e\u013c\u013ca, sald\u0101 apels\u012bna \u0113terisk\u0101 e\u013c\u013ca, vani\u013cas ekstrakts.<\/p>\n<h3>Lieto\u0161ana<\/h3>\n<p>Uzkl\u0101jiet uz t\u012bras \u0101das, iemas\u0113jiet. 150 ml.<\/p>\n<h2>Bie\u017e\u0101k uzdotie jaut\u0101jumi<\/h2>\n<h3>Vai t\u0101 ir piem\u0113rota jut\u012bgai \u0101dai?<\/h3>\n<p>Dab\u012bgs sast\u0101vs, ta\u010du vienm\u0113r vispirms test\u0113jiet uz neliela laukuma, ja jums ir jut\u012bga \u0101da.<\/p>\n<h3>K\u0101ds arom\u0101ts ir otram variantam?<\/h3>\n<p><a href=\"\/toode\/keha-ja-massaazioli-lavendliga-150-ml\/\">Lavandas \u0137erme\u0146a e\u013c\u013cai<\/a> ir nomierino\u0161s lavandas arom\u0101ts.<\/p>\n<h3>Vai t\u0101 ir piem\u0113rota veg\u0101niem?<\/h3>\n<p>J\u0101. 100% augu izcelsmes sast\u0101vs.<\/p>\n<p><strong>Skat\u012bt ar\u012b:<\/strong> <a href=\"https:\/\/puhdasplus.ee\/lv\/kategorija\/ada-mati-nagi\/\">\u0100da, mati, nagi<\/a> | <a href=\"https:\/\/puhdasplus.ee\/lv\/kategorija\/kosmetika\/\">Kosm\u0113tika<\/a><\/p>\n<p><strong>Skat\u012bt ar\u012b:<\/strong> <a href=\"https:\/\/puhdasplus.ee\/toote-kategooria\/looduskosmeetika\/\">Looduskosmeetika<\/a> | <a href=\"https:\/\/puhdasplus.ee\/toote-kategooria\/nahk-juuksed-kuuned\/\">Nahk, juuksed, k\u00fc\u00fcned<\/a> | <a href=\"https:\/\/puhdasplus.ee\/toote-kategooria\/kollageen\/\">Kolag\u0113ns<\/a><\/p>\n","protected":false},"excerpt":{"rendered":"<p>\u0136erme\u0146a un mas\u0101\u017eas e\u013c\u013ca ar saldo apels\u012bnu un vani\u013cu \u2014 mitrina un baro \u0101du. Pat\u012bkams salds arom\u0101ts. Dab\u012bgs sast\u0101vs. 150 ml.<\/p>\n","protected":false},"featured_media":34517,"comment_status":"closed","ping_status":"closed","template":"","meta":{"_acf_changed":false,"googlesitekit_rrm_CAow3eq7DA:productID":""},"product_brand":[],"product_cat":[3296,2533],"product_tag":[2630,7870,8377,3587,5280],"class_list":{"0":"post-34513","1":"product","2":"type-product","3":"status-publish","4":"has-post-thumbnail","6":"product_cat-ada-mati-nagi","7":"product_cat-kosmetika","8":"product_tag-adas-kopsana","9":"product_tag-dabiga-kosmetika","10":"product_tag-dabgs-lv","11":"product_tag-garastavoklis","12":"product_tag-kermena-ella","14":"first","15":"onbackorder","16":"taxable","17":"shipping-taxable","18":"purchasable","19":"product-type-simple"},"acf":[],"yoast_head":"<!-- This site is optimized with the Yoast SEO plugin v27.4 - https:\/\/yoast.com\/product\/yoast-seo-wordpress\/ -->\n<title>\u0136erme\u0146a un mas\u0101\u017eas e\u013c\u013ca ar saldo apels\u012bnu un vani\u013cu 150ml | Puhdas+<\/title>\n<meta name=\"description\" content=\"\u0136erme\u0146a un mas\u0101\u017eas e\u013c\u013ca ar saldo apels\u012bnu un vani\u013cu 150 ml mitrina \u0101du, atsl\u0101bina saj\u016btas un pied\u0101v\u0101 greznu aromterapiju.\" \/>\n<meta name=\"robots\" content=\"index, follow, max-snippet:-1, max-image-preview:large, max-video-preview:-1\" \/>\n<link rel=\"canonical\" href=\"https:\/\/puhdasplus.ee\/lv\/produkti\/kosmetika\/kermena-un-masazas-ella-ar-saldo-apelsinu-un-vanilu-150ml\/\" \/>\n<meta property=\"og:locale\" content=\"lv_LV\" \/>\n<meta property=\"og:type\" content=\"article\" \/>\n<meta property=\"og:title\" content=\"\u0136erme\u0146a un mas\u0101\u017eas e\u013c\u013ca ar saldo apels\u012bnu un vani\u013cu 150ml | Puhdas+\" \/>\n<meta property=\"og:description\" content=\"\u0136erme\u0146a un mas\u0101\u017eas e\u013c\u013ca ar saldo apels\u012bnu un vani\u013cu 150 ml mitrina \u0101du, atsl\u0101bina saj\u016btas un pied\u0101v\u0101 greznu aromterapiju.\" \/>\n<meta property=\"og:url\" content=\"https:\/\/puhdasplus.ee\/lv\/produkti\/kosmetika\/kermena-un-masazas-ella-ar-saldo-apelsinu-un-vanilu-150ml\/\" \/>\n<meta property=\"og:site_name\" content=\"Puhdas+\" \/>\n<meta property=\"article:publisher\" content=\"https:\/\/www.facebook.com\/puhdasplus\" \/>\n<meta property=\"article:modified_time\" content=\"2026-04-07T17:01:23+00:00\" \/>\n<meta property=\"og:image\" content=\"https:\/\/puhdasplus.ee\/wp-content\/uploads\/2025\/03\/128.jpg\" \/>\n\t<meta property=\"og:image:width\" content=\"1862\" \/>\n\t<meta property=\"og:image:height\" content=\"2560\" \/>\n\t<meta property=\"og:image:type\" content=\"image\/jpeg\" \/>\n<meta name=\"twitter:card\" content=\"summary_large_image\" \/>\n<meta name=\"twitter:label1\" content=\"Est. reading time\" \/>\n\t<meta name=\"twitter:data1\" content=\"1 minute\" \/>\n<script type=\"application\/ld+json\" class=\"yoast-schema-graph\">{\"@context\":\"https:\\\/\\\/schema.org\",\"@graph\":[{\"@type\":\"WebPage\",\"@id\":\"https:\\\/\\\/puhdasplus.ee\\\/lv\\\/produkti\\\/kosmetika\\\/kermena-un-masazas-ella-ar-saldo-apelsinu-un-vanilu-150ml\\\/\",\"url\":\"https:\\\/\\\/puhdasplus.ee\\\/lv\\\/produkti\\\/kosmetika\\\/kermena-un-masazas-ella-ar-saldo-apelsinu-un-vanilu-150ml\\\/\",\"name\":\"\u0136erme\u0146a un mas\u0101\u017eas e\u013c\u013ca ar saldo apels\u012bnu un vani\u013cu 150ml | Puhdas+\",\"isPartOf\":{\"@id\":\"https:\\\/\\\/puhdasplus.ee\\\/lv\\\/#website\"},\"primaryImageOfPage\":{\"@id\":\"https:\\\/\\\/puhdasplus.ee\\\/lv\\\/produkti\\\/kosmetika\\\/kermena-un-masazas-ella-ar-saldo-apelsinu-un-vanilu-150ml\\\/#primaryimage\"},\"image\":{\"@id\":\"https:\\\/\\\/puhdasplus.ee\\\/lv\\\/produkti\\\/kosmetika\\\/kermena-un-masazas-ella-ar-saldo-apelsinu-un-vanilu-150ml\\\/#primaryimage\"},\"thumbnailUrl\":\"https:\\\/\\\/puhdasplus.ee\\\/wp-content\\\/uploads\\\/2025\\\/03\\\/128.jpg\",\"datePublished\":\"2025-01-17T09:07:00+00:00\",\"dateModified\":\"2026-04-07T17:01:23+00:00\",\"description\":\"\u0136erme\u0146a un mas\u0101\u017eas e\u013c\u013ca ar saldo apels\u012bnu un vani\u013cu 150 ml mitrina \u0101du, atsl\u0101bina saj\u016btas un pied\u0101v\u0101 greznu aromterapiju.\",\"breadcrumb\":{\"@id\":\"https:\\\/\\\/puhdasplus.ee\\\/lv\\\/produkti\\\/kosmetika\\\/kermena-un-masazas-ella-ar-saldo-apelsinu-un-vanilu-150ml\\\/#breadcrumb\"},\"inLanguage\":\"lv-LV\",\"potentialAction\":[{\"@type\":\"ReadAction\",\"target\":[\"https:\\\/\\\/puhdasplus.ee\\\/lv\\\/produkti\\\/kosmetika\\\/kermena-un-masazas-ella-ar-saldo-apelsinu-un-vanilu-150ml\\\/\"]}]},{\"@type\":\"ImageObject\",\"inLanguage\":\"lv-LV\",\"@id\":\"https:\\\/\\\/puhdasplus.ee\\\/lv\\\/produkti\\\/kosmetika\\\/kermena-un-masazas-ella-ar-saldo-apelsinu-un-vanilu-150ml\\\/#primaryimage\",\"url\":\"https:\\\/\\\/puhdasplus.ee\\\/wp-content\\\/uploads\\\/2025\\\/03\\\/128.jpg\",\"contentUrl\":\"https:\\\/\\\/puhdasplus.ee\\\/wp-content\\\/uploads\\\/2025\\\/03\\\/128.jpg\",\"width\":1862,\"height\":2560,\"caption\":\"\u0137erme\u0146a mas\u0101\u017eas e\u013c\u013ca\"},{\"@type\":\"BreadcrumbList\",\"@id\":\"https:\\\/\\\/puhdasplus.ee\\\/lv\\\/produkti\\\/kosmetika\\\/kermena-un-masazas-ella-ar-saldo-apelsinu-un-vanilu-150ml\\\/#breadcrumb\",\"itemListElement\":[{\"@type\":\"ListItem\",\"position\":1,\"name\":\"S\u0101kums\",\"item\":\"https:\\\/\\\/puhdasplus.ee\\\/lv\\\/\"},{\"@type\":\"ListItem\",\"position\":2,\"name\":\"Produkti\",\"item\":\"https:\\\/\\\/puhdasplus.ee\\\/lv\\\/veikals\\\/\"},{\"@type\":\"ListItem\",\"position\":3,\"name\":\"\u0136erme\u0146a un mas\u0101\u017eas e\u013c\u013ca ar saldo apels\u012bnu un vani\u013cu 150ml\"}]},{\"@type\":\"WebSite\",\"@id\":\"https:\\\/\\\/puhdasplus.ee\\\/lv\\\/#website\",\"url\":\"https:\\\/\\\/puhdasplus.ee\\\/lv\\\/\",\"name\":\"Puhdas+\",\"description\":\"Vitam\u012bni, uztura bag\u0101tin\u0101t\u0101ji, dab\u012bg\u0101 kosm\u0113tika, vesel\u012bba, sports\",\"publisher\":{\"@id\":\"https:\\\/\\\/puhdasplus.ee\\\/lv\\\/#organization\"},\"potentialAction\":[{\"@type\":\"SearchAction\",\"target\":{\"@type\":\"EntryPoint\",\"urlTemplate\":\"https:\\\/\\\/puhdasplus.ee\\\/lv\\\/?s={search_term_string}\"},\"query-input\":{\"@type\":\"PropertyValueSpecification\",\"valueRequired\":true,\"valueName\":\"search_term_string\"}}],\"inLanguage\":\"lv-LV\"},{\"@type\":\"Organization\",\"@id\":\"https:\\\/\\\/puhdasplus.ee\\\/lv\\\/#organization\",\"name\":\"Puhdas+\",\"alternateName\":\"Puhdasplus\",\"url\":\"https:\\\/\\\/puhdasplus.ee\\\/lv\\\/\",\"logo\":{\"@type\":\"ImageObject\",\"inLanguage\":\"lv-LV\",\"@id\":\"https:\\\/\\\/puhdasplus.ee\\\/lv\\\/#\\\/schema\\\/logo\\\/image\\\/\",\"url\":\"https:\\\/\\\/puhdasplus.ee\\\/wp-content\\\/uploads\\\/2019\\\/10\\\/puhdas_logo-arvele.png\",\"contentUrl\":\"https:\\\/\\\/puhdasplus.ee\\\/wp-content\\\/uploads\\\/2019\\\/10\\\/puhdas_logo-arvele.png\",\"width\":114,\"height\":94,\"caption\":\"Puhdas+\"},\"image\":{\"@id\":\"https:\\\/\\\/puhdasplus.ee\\\/lv\\\/#\\\/schema\\\/logo\\\/image\\\/\"},\"sameAs\":[\"https:\\\/\\\/www.facebook.com\\\/puhdasplus\",\"https:\\\/\\\/www.instagram.com\\\/puhdasplus_ee\\\/\"]}]}<\/script>\n<!-- \/ Yoast SEO plugin. -->","yoast_head_json":{"title":"\u0136erme\u0146a un mas\u0101\u017eas e\u013c\u013ca ar saldo apels\u012bnu un vani\u013cu 150ml | Puhdas+","description":"\u0136erme\u0146a un mas\u0101\u017eas e\u013c\u013ca ar saldo apels\u012bnu un vani\u013cu 150 ml mitrina \u0101du, atsl\u0101bina saj\u016btas un pied\u0101v\u0101 greznu aromterapiju.","robots":{"index":"index","follow":"follow","max-snippet":"max-snippet:-1","max-image-preview":"max-image-preview:large","max-video-preview":"max-video-preview:-1"},"canonical":"https:\/\/puhdasplus.ee\/lv\/produkti\/kosmetika\/kermena-un-masazas-ella-ar-saldo-apelsinu-un-vanilu-150ml\/","og_locale":"lv_LV","og_type":"article","og_title":"\u0136erme\u0146a un mas\u0101\u017eas e\u013c\u013ca ar saldo apels\u012bnu un vani\u013cu 150ml | Puhdas+","og_description":"\u0136erme\u0146a un mas\u0101\u017eas e\u013c\u013ca ar saldo apels\u012bnu un vani\u013cu 150 ml mitrina \u0101du, atsl\u0101bina saj\u016btas un pied\u0101v\u0101 greznu aromterapiju.","og_url":"https:\/\/puhdasplus.ee\/lv\/produkti\/kosmetika\/kermena-un-masazas-ella-ar-saldo-apelsinu-un-vanilu-150ml\/","og_site_name":"Puhdas+","article_publisher":"https:\/\/www.facebook.com\/puhdasplus","article_modified_time":"2026-04-07T17:01:23+00:00","og_image":[{"width":1862,"height":2560,"url":"https:\/\/puhdasplus.ee\/wp-content\/uploads\/2025\/03\/128.jpg","type":"image\/jpeg"}],"twitter_card":"summary_large_image","twitter_misc":{"Est. reading time":"1 minute"},"schema":{"@context":"https:\/\/schema.org","@graph":[{"@type":"WebPage","@id":"https:\/\/puhdasplus.ee\/lv\/produkti\/kosmetika\/kermena-un-masazas-ella-ar-saldo-apelsinu-un-vanilu-150ml\/","url":"https:\/\/puhdasplus.ee\/lv\/produkti\/kosmetika\/kermena-un-masazas-ella-ar-saldo-apelsinu-un-vanilu-150ml\/","name":"\u0136erme\u0146a un mas\u0101\u017eas e\u013c\u013ca ar saldo apels\u012bnu un vani\u013cu 150ml | Puhdas+","isPartOf":{"@id":"https:\/\/puhdasplus.ee\/lv\/#website"},"primaryImageOfPage":{"@id":"https:\/\/puhdasplus.ee\/lv\/produkti\/kosmetika\/kermena-un-masazas-ella-ar-saldo-apelsinu-un-vanilu-150ml\/#primaryimage"},"image":{"@id":"https:\/\/puhdasplus.ee\/lv\/produkti\/kosmetika\/kermena-un-masazas-ella-ar-saldo-apelsinu-un-vanilu-150ml\/#primaryimage"},"thumbnailUrl":"https:\/\/puhdasplus.ee\/wp-content\/uploads\/2025\/03\/128.jpg","datePublished":"2025-01-17T09:07:00+00:00","dateModified":"2026-04-07T17:01:23+00:00","description":"\u0136erme\u0146a un mas\u0101\u017eas e\u013c\u013ca ar saldo apels\u012bnu un vani\u013cu 150 ml mitrina \u0101du, atsl\u0101bina saj\u016btas un pied\u0101v\u0101 greznu aromterapiju.","breadcrumb":{"@id":"https:\/\/puhdasplus.ee\/lv\/produkti\/kosmetika\/kermena-un-masazas-ella-ar-saldo-apelsinu-un-vanilu-150ml\/#breadcrumb"},"inLanguage":"lv-LV","potentialAction":[{"@type":"ReadAction","target":["https:\/\/puhdasplus.ee\/lv\/produkti\/kosmetika\/kermena-un-masazas-ella-ar-saldo-apelsinu-un-vanilu-150ml\/"]}]},{"@type":"ImageObject","inLanguage":"lv-LV","@id":"https:\/\/puhdasplus.ee\/lv\/produkti\/kosmetika\/kermena-un-masazas-ella-ar-saldo-apelsinu-un-vanilu-150ml\/#primaryimage","url":"https:\/\/puhdasplus.ee\/wp-content\/uploads\/2025\/03\/128.jpg","contentUrl":"https:\/\/puhdasplus.ee\/wp-content\/uploads\/2025\/03\/128.jpg","width":1862,"height":2560,"caption":"\u0137erme\u0146a mas\u0101\u017eas e\u013c\u013ca"},{"@type":"BreadcrumbList","@id":"https:\/\/puhdasplus.ee\/lv\/produkti\/kosmetika\/kermena-un-masazas-ella-ar-saldo-apelsinu-un-vanilu-150ml\/#breadcrumb","itemListElement":[{"@type":"ListItem","position":1,"name":"S\u0101kums","item":"https:\/\/puhdasplus.ee\/lv\/"},{"@type":"ListItem","position":2,"name":"Produkti","item":"https:\/\/puhdasplus.ee\/lv\/veikals\/"},{"@type":"ListItem","position":3,"name":"\u0136erme\u0146a un mas\u0101\u017eas e\u013c\u013ca ar saldo apels\u012bnu un vani\u013cu 150ml"}]},{"@type":"WebSite","@id":"https:\/\/puhdasplus.ee\/lv\/#website","url":"https:\/\/puhdasplus.ee\/lv\/","name":"Puhdas+","description":"Vitam\u012bni, uztura bag\u0101tin\u0101t\u0101ji, dab\u012bg\u0101 kosm\u0113tika, vesel\u012bba, sports","publisher":{"@id":"https:\/\/puhdasplus.ee\/lv\/#organization"},"potentialAction":[{"@type":"SearchAction","target":{"@type":"EntryPoint","urlTemplate":"https:\/\/puhdasplus.ee\/lv\/?s={search_term_string}"},"query-input":{"@type":"PropertyValueSpecification","valueRequired":true,"valueName":"search_term_string"}}],"inLanguage":"lv-LV"},{"@type":"Organization","@id":"https:\/\/puhdasplus.ee\/lv\/#organization","name":"Puhdas+","alternateName":"Puhdasplus","url":"https:\/\/puhdasplus.ee\/lv\/","logo":{"@type":"ImageObject","inLanguage":"lv-LV","@id":"https:\/\/puhdasplus.ee\/lv\/#\/schema\/logo\/image\/","url":"https:\/\/puhdasplus.ee\/wp-content\/uploads\/2019\/10\/puhdas_logo-arvele.png","contentUrl":"https:\/\/puhdasplus.ee\/wp-content\/uploads\/2019\/10\/puhdas_logo-arvele.png","width":114,"height":94,"caption":"Puhdas+"},"image":{"@id":"https:\/\/puhdasplus.ee\/lv\/#\/schema\/logo\/image\/"},"sameAs":["https:\/\/www.facebook.com\/puhdasplus","https:\/\/www.instagram.com\/puhdasplus_ee\/"]}]}},"_yoast_wpseo_title":"\u0136erme\u0146a un mas\u0101\u017eas e\u013c\u013ca ar saldo apels\u012bnu un vani\u013cu 150ml | Puhdas+","_yoast_wpseo_metadesc":"\u0136erme\u0146a un mas\u0101\u017eas e\u013c\u013ca ar saldo apels\u012bnu un vani\u013cu 150 ml mitrina \u0101du, atsl\u0101bina saj\u016btas un pied\u0101v\u0101 greznu aromterapiju.","_yoast_wpseo_focuskw":"","_links":{"self":[{"href":"https:\/\/puhdasplus.ee\/lv\/wp-json\/wp\/v2\/product\/34513","targetHints":{"allow":["GET"]}}],"collection":[{"href":"https:\/\/puhdasplus.ee\/lv\/wp-json\/wp\/v2\/product"}],"about":[{"href":"https:\/\/puhdasplus.ee\/lv\/wp-json\/wp\/v2\/types\/product"}],"replies":[{"embeddable":true,"href":"https:\/\/puhdasplus.ee\/lv\/wp-json\/wp\/v2\/comments?post=34513"}],"wp:featuredmedia":[{"embeddable":true,"href":"https:\/\/puhdasplus.ee\/lv\/wp-json\/wp\/v2\/media\/34517"}],"wp:attachment":[{"href":"https:\/\/puhdasplus.ee\/lv\/wp-json\/wp\/v2\/media?parent=34513"}],"wp:term":[{"taxonomy":"product_brand","embeddable":true,"href":"https:\/\/puhdasplus.ee\/lv\/wp-json\/wp\/v2\/product_brand?post=34513"},{"taxonomy":"product_cat","embeddable":true,"href":"https:\/\/puhdasplus.ee\/lv\/wp-json\/wp\/v2\/product_cat?post=34513"},{"taxonomy":"product_tag","embeddable":true,"href":"https:\/\/puhdasplus.ee\/lv\/wp-json\/wp\/v2\/product_tag?post=34513"}],"curies":[{"name":"wp","href":"https:\/\/api.w.org\/{rel}","templated":true}]}}