{"id":34070,"date":"2022-03-03T12:26:06","date_gmt":"2022-03-03T10:26:06","guid":{"rendered":"https:\/\/puhdasplus.ee\/tooted\/uncategorized\/kalcija-citrats-200-mg-120-g\/"},"modified":"2026-04-28T21:57:00","modified_gmt":"2026-04-28T18:57:00","slug":"kalcija-citrats-200-mg-120-g","status":"publish","type":"product","link":"https:\/\/puhdasplus.ee\/lv\/produkti\/minerali\/kalcija-citrats-200-mg-120-g\/","title":{"rendered":"Kalcija citr\u0101ts 200 mg 120 g"},"content":{"rendered":"<h2>Kas ir Puhdas+ kalcija citr\u0101ts 200 mg un k\u0101p\u0113c tas ir nepiecie\u0161ams?<\/h2>\n<p><strong>Puhdas+ kalcija citr\u0101ts 200 mg<\/strong> ir augstas kvalit\u0101tes uztura bag\u0101tin\u0101t\u0101js, kas satur \u013coti labi absorb\u0113jamu kalcija citr\u0101tu \u2013 miner\u0101lvielas formu, ko organisms var viegli absorb\u0113t. Kalcijs ir viens no svar\u012bg\u0101kajiem miner\u0101liem m\u016bsu organism\u0101, kam ir galven\u0101 loma sp\u0113c\u012bgu kaulu un zobu uztur\u0113\u0161an\u0101, norm\u0101las musku\u013cu funkcijas nodro\u0161in\u0101\u0161an\u0101, k\u0101 ar\u012b nervu sist\u0113mas un ener\u0123ijas metabolisma atbalst\u012b\u0161an\u0101. <\/p>\n<p>Kalcija nepiecie\u0161am\u012bba palielin\u0101s l\u012bdz ar vecumu, akt\u012bvu dz\u012bvesveidu vai di\u0113tu ar zemu kalcija saturu. Nepietiekama kalcija uz\u0146em\u0161ana laika gait\u0101 var izrais\u012bt kaulu retin\u0101\u0161anu un v\u0101jin\u0101\u0161anos, kas palielina l\u016bzumu risku. Kalcija defic\u012bts var izrais\u012bt ar\u012b musku\u013cu krampjus un nervu sist\u0113mas trauc\u0113jumus.  <\/p>\n<p><strong>Puhdas+ kalcija citr\u0101ts<\/strong> nodro\u0161ina t\u012bru un dabisku atbalstu \u0137ermenim, bez m\u0101ksl\u012bg\u0101m piedev\u0101m. \u0160is produkts ir ide\u0101li piem\u0113rots ikvienam, kur\u0161 v\u0113las stiprin\u0101t kaulus, uztur\u0113t norm\u0101lu musku\u013cu un nervu sist\u0113mas darb\u012bbu un nodro\u0161in\u0101t, lai organisms katru dienu sa\u0146emtu nepiecie\u0161amo kalcija daudzumu. <\/p>\n<h2>Atbalsta kaulu un zobu vesel\u012bbu<\/h2>\n<p>Kalcijs ir svar\u012bga miner\u0101lviela, kas pal\u012bdz uztur\u0113t norm\u0101lu kaulu un zobu st\u0101vokli. Puhdas+ Calcium Citrate 200 mg satur \u013coti labi uzs\u016bco\u0161u kalcija citr\u0101tu, kas atbalsta kaulu stipr\u012bbu un zobu vesel\u012bbu.<\/p>\n<h2>Veicina norm\u0101lu musku\u013cu darb\u012bbu<\/h2>\n<p>Kalcijam ir svar\u012bga loma musku\u013cu kontrakcij\u0101 un relaks\u0101cij\u0101. Pietiekama kalcija uz\u0146em\u0161ana veicina norm\u0101lu musku\u013cu darb\u012bbu un var mazin\u0101t musku\u013cu krampjus.<\/p>\n<h2>Atbalsta nervu sist\u0113mu un ener\u0123ijas metabolismu<\/h2>\n<p>Kalcijs ir iesaist\u012bts nervu impulsu p\u0101rraid\u0113 un veicina norm\u0101lu nervu sist\u0113mas darb\u012bbu. Tas ar\u012b atbalsta norm\u0101lu ener\u0123ijas metabolismu, pal\u012bdzot organismam ra\u017eot ener\u0123iju, kas nepiecie\u0161ama ikdienas aktivit\u0101t\u0113m.<\/p>\n<h2>100% dab\u012bgs un piem\u0113rots veg\u0101niem<\/h2>\n<p>Puhdas+ kalcija citr\u0101ts 200 mg ir ra\u017eots bez m\u0101ksl\u012bg\u0101m piedev\u0101m, konservantiem, kr\u0101sviel\u0101m vai saldin\u0101t\u0101jiem. Produkts nesatur laktozi, glut\u0113nu, raugu, cukuru, s\u0101li, cieti, kukur\u016bzu vai soju un ir piem\u0113rots veg\u0101niem.<\/p>\n<h2>Sast\u0101vda\u013cas<\/h2>\n<ul>\n<li>\n<p><strong>Kalcija citr\u0101ts<\/strong><\/p>\n<\/li>\n<\/ul>\n<p>Nesatur laktozi, raugu, glut\u0113nu, cukuru, s\u0101li, cieti, kukur\u016bzu, soju vai saldin\u0101t\u0101jus.<\/p>\n<h2>Uzturv\u0113rt\u012bba (1\u20133 m\u0113rkarotes \/ 1 ml)<\/h2>\n<ul>\n<li>\n<p><strong>Kalcijs<\/strong> : 200\u2013600 mg (25\u201375 % no ieteicam\u0101s dienas devas)<\/p>\n<\/li>\n<\/ul>\n<h2>Lietojums<\/h2>\n<p>Pieaugu\u0161ajiem: 1\u20133 m\u0113rkarotes (1 ml) dien\u0101. Sajauciet pulveri ar \u016bdeni, sulu vai sm\u016btiju. <\/p>\n<p><strong>Piez\u012bme:<\/strong> Nep\u0101rsniedziet ieteicamo diennakts devu. Uztura bag\u0101tin\u0101t\u0101js neaizst\u0101j daudzveid\u012bgu un sabalans\u0113tu uzturu vai vesel\u012bgu dz\u012bvesveidu. Uzglab\u0101t b\u0113rniem nepieejam\u0101 viet\u0101.<\/p>\n<p><strong>Skat\u012bt ar\u012b:<\/strong> <a href=\"https:\/\/puhdasplus.ee\/toote-kategooria\/liigesed-lihased-ja-luud\/\">Loc\u012btavas, musku\u013ci un kauli<\/a> | <a href=\"https:\/\/puhdasplus.ee\/toote-kategooria\/mineraalained\/\">Mineraalained<\/a> | <a href=\"https:\/\/puhdasplus.ee\/toote-kategooria\/superfood\/\">Superfood<\/a><\/p>\n","protected":false},"excerpt":{"rendered":"<p><strong>Puhdas+ kalcija citr\u0101ts 200 mg<\/strong> ir augstas kvalit\u0101tes uztura bag\u0101tin\u0101t\u0101js, kas nodro\u0161ina organismu ar viegli uzs\u016bcamu kalciju. Kalcijs ir svar\u012bga miner\u0101lviela, kas atbalsta sp\u0113c\u012bgu un vesel\u012bgu kaulu un zobu uztur\u0113\u0161anu, veicina norm\u0101lu musku\u013cu darb\u012bbu, k\u0101 ar\u012b atbalsta nervu sist\u0113mu un ener\u0123ijas metabolismu. <\/p>\n<p>Ar vecumu, stresa periodos vai nesabalans\u0113ta uztura d\u0113\u013c organisma kalcija l\u012bmenis var pazemin\u0101ties, kas var izrais\u012bt kaulu v\u0101jin\u0101\u0161anos, musku\u013cu krampjus un visp\u0101r\u0113ju nogurumu. Puhdas+ kalcija citr\u0101ts pal\u012bdz nov\u0113rst \u0161\u012bs probl\u0113mas, nodro\u0161inot nepiecie\u0161amo labi uzs\u016bco\u0161\u0101 kalcija daudzumu dien\u0101. <\/p>\n<p>Produkts ir piln\u012bgi dab\u012bgs, bez m\u0101ksl\u012bg\u0101m piedev\u0101m, kr\u0101sviel\u0101m vai saldin\u0101t\u0101jiem, un tas ir ide\u0101li piem\u0113rots veg\u0101niem, k\u0101 ar\u012b tiem, kas v\u0113las izvair\u012bties no laktozes, glut\u0113na, sojas un citiem izplat\u012btiem alerg\u0113niem.<\/p>\n<p><strong>Puhdas+ kalcija citr\u0101ts 200 mg<\/strong> ir ide\u0101la izv\u0113le ikvienam, kur\u0161 v\u0113las stiprin\u0101t kaulus, atbalst\u012bt norm\u0101lu musku\u013cu darb\u012bbu un dabisk\u0101 veid\u0101 uztur\u0113t \u0137erme\u0146a l\u012bdzsvaru.<\/p>\n","protected":false},"featured_media":34074,"comment_status":"closed","ping_status":"closed","template":"","meta":{"_acf_changed":false,"googlesitekit_rrm_CAow3eq7DA:productID":""},"product_brand":[],"product_cat":[3344,3483,3200],"product_tag":[8349,8377,3880,8564,4809,8365,3225,7889,3206,2974,8885],"class_list":{"0":"post-34070","1":"product","2":"type-product","3":"status-publish","4":"has-post-thumbnail","6":"product_cat-gremosana-un-vielmaina","7":"product_cat-locitavas-muskuli-un-kauli","8":"product_cat-minerali","9":"product_tag-bez-laktozes","10":"product_tag-dabigs","11":"product_tag-gremosana","12":"product_tag-kalcijs","13":"product_tag-kaulu-veseliba","14":"product_tag-mineralvielas","15":"product_tag-muskuli-locitavas","16":"product_tag-pulveris","17":"product_tag-uztura-bagatinatajs","18":"product_tag-vegans","19":"product_tag-zarnu-veseliba-lv","21":"first","22":"instock","23":"taxable","24":"shipping-taxable","25":"purchasable","26":"product-type-simple"},"acf":[],"yoast_head":"<!-- This site is optimized with the Yoast SEO plugin v27.5 - https:\/\/yoast.com\/product\/yoast-seo-wordpress\/ -->\n<title>Kalcija citr\u0101ts 200 mg 120 g | Puhdas+<\/title>\n<meta name=\"description\" content=\"Kalcija citr\u0101ta pulveris 200 mg \u0101tri uzs\u016bcas, atbalstot kaulus, musku\u013cus un nervu sist\u0113mu. Viegli sajaucams ar \u016bdeni, sulu vai sm\u016btiju.\" \/>\n<meta name=\"robots\" content=\"index, follow, max-snippet:-1, max-image-preview:large, max-video-preview:-1\" \/>\n<link rel=\"canonical\" href=\"https:\/\/puhdasplus.ee\/lv\/produkti\/minerali\/kalcija-citrats-200-mg-120-g\/\" \/>\n<meta property=\"og:locale\" content=\"lv_LV\" \/>\n<meta property=\"og:type\" content=\"article\" \/>\n<meta property=\"og:title\" content=\"Kalcija citr\u0101ts 200 mg 120 g | Puhdas+\" \/>\n<meta property=\"og:description\" content=\"Kalcija citr\u0101ta pulveris 200 mg \u0101tri uzs\u016bcas, atbalstot kaulus, musku\u013cus un nervu sist\u0113mu. Viegli sajaucams ar \u016bdeni, sulu vai sm\u016btiju.\" \/>\n<meta property=\"og:url\" content=\"https:\/\/puhdasplus.ee\/lv\/produkti\/minerali\/kalcija-citrats-200-mg-120-g\/\" \/>\n<meta property=\"og:site_name\" content=\"Puhdas+\" \/>\n<meta property=\"article:publisher\" content=\"https:\/\/www.facebook.com\/puhdasplus\" \/>\n<meta property=\"article:modified_time\" content=\"2026-04-28T18:57:00+00:00\" \/>\n<meta property=\"og:image\" content=\"https:\/\/puhdasplus.ee\/wp-content\/uploads\/2025\/03\/85.jpg\" \/>\n\t<meta property=\"og:image:width\" content=\"1862\" \/>\n\t<meta property=\"og:image:height\" content=\"2560\" \/>\n\t<meta property=\"og:image:type\" content=\"image\/jpeg\" \/>\n<meta name=\"twitter:card\" content=\"summary_large_image\" \/>\n<meta name=\"twitter:label1\" content=\"Est. reading time\" \/>\n\t<meta name=\"twitter:data1\" content=\"2 min\u016btes\" \/>\n<script type=\"application\/ld+json\" class=\"yoast-schema-graph\">{\"@context\":\"https:\\\/\\\/schema.org\",\"@graph\":[{\"@type\":\"WebPage\",\"@id\":\"https:\\\/\\\/puhdasplus.ee\\\/lv\\\/produkti\\\/minerali\\\/kalcija-citrats-200-mg-120-g\\\/\",\"url\":\"https:\\\/\\\/puhdasplus.ee\\\/lv\\\/produkti\\\/minerali\\\/kalcija-citrats-200-mg-120-g\\\/\",\"name\":\"Kalcija citr\u0101ts 200 mg 120 g | Puhdas+\",\"isPartOf\":{\"@id\":\"https:\\\/\\\/puhdasplus.ee\\\/lv\\\/#website\"},\"primaryImageOfPage\":{\"@id\":\"https:\\\/\\\/puhdasplus.ee\\\/lv\\\/produkti\\\/minerali\\\/kalcija-citrats-200-mg-120-g\\\/#primaryimage\"},\"image\":{\"@id\":\"https:\\\/\\\/puhdasplus.ee\\\/lv\\\/produkti\\\/minerali\\\/kalcija-citrats-200-mg-120-g\\\/#primaryimage\"},\"thumbnailUrl\":\"https:\\\/\\\/puhdasplus.ee\\\/wp-content\\\/uploads\\\/2025\\\/03\\\/85.jpg\",\"datePublished\":\"2022-03-03T10:26:06+00:00\",\"dateModified\":\"2026-04-28T18:57:00+00:00\",\"description\":\"Kalcija citr\u0101ta pulveris 200 mg \u0101tri uzs\u016bcas, atbalstot kaulus, musku\u013cus un nervu sist\u0113mu. Viegli sajaucams ar \u016bdeni, sulu vai sm\u016btiju.\",\"breadcrumb\":{\"@id\":\"https:\\\/\\\/puhdasplus.ee\\\/lv\\\/produkti\\\/minerali\\\/kalcija-citrats-200-mg-120-g\\\/#breadcrumb\"},\"inLanguage\":\"lv-LV\",\"potentialAction\":[{\"@type\":\"ReadAction\",\"target\":[\"https:\\\/\\\/puhdasplus.ee\\\/lv\\\/produkti\\\/minerali\\\/kalcija-citrats-200-mg-120-g\\\/\"]}]},{\"@type\":\"ImageObject\",\"inLanguage\":\"lv-LV\",\"@id\":\"https:\\\/\\\/puhdasplus.ee\\\/lv\\\/produkti\\\/minerali\\\/kalcija-citrats-200-mg-120-g\\\/#primaryimage\",\"url\":\"https:\\\/\\\/puhdasplus.ee\\\/wp-content\\\/uploads\\\/2025\\\/03\\\/85.jpg\",\"contentUrl\":\"https:\\\/\\\/puhdasplus.ee\\\/wp-content\\\/uploads\\\/2025\\\/03\\\/85.jpg\",\"width\":1862,\"height\":2560,\"caption\":\"Kalcija citr\u0101ta pulveris 200 mg 120 g\"},{\"@type\":\"BreadcrumbList\",\"@id\":\"https:\\\/\\\/puhdasplus.ee\\\/lv\\\/produkti\\\/minerali\\\/kalcija-citrats-200-mg-120-g\\\/#breadcrumb\",\"itemListElement\":[{\"@type\":\"ListItem\",\"position\":1,\"name\":\"S\u0101kums\",\"item\":\"https:\\\/\\\/puhdasplus.ee\\\/lv\\\/\"},{\"@type\":\"ListItem\",\"position\":2,\"name\":\"Produkti\",\"item\":\"https:\\\/\\\/puhdasplus.ee\\\/lv\\\/veikals\\\/\"},{\"@type\":\"ListItem\",\"position\":3,\"name\":\"Kalcija citr\u0101ts 200 mg 120 g\"}]},{\"@type\":\"WebSite\",\"@id\":\"https:\\\/\\\/puhdasplus.ee\\\/lv\\\/#website\",\"url\":\"https:\\\/\\\/puhdasplus.ee\\\/lv\\\/\",\"name\":\"Puhdas+\",\"description\":\"Vitam\u012bni, uztura bag\u0101tin\u0101t\u0101ji, dab\u012bg\u0101 kosm\u0113tika, vesel\u012bba, sports\",\"publisher\":{\"@id\":\"https:\\\/\\\/puhdasplus.ee\\\/lv\\\/#organization\"},\"potentialAction\":[{\"@type\":\"SearchAction\",\"target\":{\"@type\":\"EntryPoint\",\"urlTemplate\":\"https:\\\/\\\/puhdasplus.ee\\\/lv\\\/?s={search_term_string}\"},\"query-input\":{\"@type\":\"PropertyValueSpecification\",\"valueRequired\":true,\"valueName\":\"search_term_string\"}}],\"inLanguage\":\"lv-LV\"},{\"@type\":\"Organization\",\"@id\":\"https:\\\/\\\/puhdasplus.ee\\\/lv\\\/#organization\",\"name\":\"Puhdas+\",\"alternateName\":\"Puhdasplus\",\"url\":\"https:\\\/\\\/puhdasplus.ee\\\/lv\\\/\",\"logo\":{\"@type\":\"ImageObject\",\"inLanguage\":\"lv-LV\",\"@id\":\"https:\\\/\\\/puhdasplus.ee\\\/lv\\\/#\\\/schema\\\/logo\\\/image\\\/\",\"url\":\"https:\\\/\\\/puhdasplus.ee\\\/wp-content\\\/uploads\\\/2019\\\/10\\\/puhdas_logo-arvele.png\",\"contentUrl\":\"https:\\\/\\\/puhdasplus.ee\\\/wp-content\\\/uploads\\\/2019\\\/10\\\/puhdas_logo-arvele.png\",\"width\":114,\"height\":94,\"caption\":\"Puhdas+\"},\"image\":{\"@id\":\"https:\\\/\\\/puhdasplus.ee\\\/lv\\\/#\\\/schema\\\/logo\\\/image\\\/\"},\"sameAs\":[\"https:\\\/\\\/www.facebook.com\\\/puhdasplus\",\"https:\\\/\\\/www.instagram.com\\\/puhdasplus_ee\\\/\"]}]}<\/script>\n<!-- \/ Yoast SEO plugin. -->","yoast_head_json":{"title":"Kalcija citr\u0101ts 200 mg 120 g | Puhdas+","description":"Kalcija citr\u0101ta pulveris 200 mg \u0101tri uzs\u016bcas, atbalstot kaulus, musku\u013cus un nervu sist\u0113mu. Viegli sajaucams ar \u016bdeni, sulu vai sm\u016btiju.","robots":{"index":"index","follow":"follow","max-snippet":"max-snippet:-1","max-image-preview":"max-image-preview:large","max-video-preview":"max-video-preview:-1"},"canonical":"https:\/\/puhdasplus.ee\/lv\/produkti\/minerali\/kalcija-citrats-200-mg-120-g\/","og_locale":"lv_LV","og_type":"article","og_title":"Kalcija citr\u0101ts 200 mg 120 g | Puhdas+","og_description":"Kalcija citr\u0101ta pulveris 200 mg \u0101tri uzs\u016bcas, atbalstot kaulus, musku\u013cus un nervu sist\u0113mu. Viegli sajaucams ar \u016bdeni, sulu vai sm\u016btiju.","og_url":"https:\/\/puhdasplus.ee\/lv\/produkti\/minerali\/kalcija-citrats-200-mg-120-g\/","og_site_name":"Puhdas+","article_publisher":"https:\/\/www.facebook.com\/puhdasplus","article_modified_time":"2026-04-28T18:57:00+00:00","og_image":[{"width":1862,"height":2560,"url":"https:\/\/puhdasplus.ee\/wp-content\/uploads\/2025\/03\/85.jpg","type":"image\/jpeg"}],"twitter_card":"summary_large_image","twitter_misc":{"Est. reading time":"2 min\u016btes"},"schema":{"@context":"https:\/\/schema.org","@graph":[{"@type":"WebPage","@id":"https:\/\/puhdasplus.ee\/lv\/produkti\/minerali\/kalcija-citrats-200-mg-120-g\/","url":"https:\/\/puhdasplus.ee\/lv\/produkti\/minerali\/kalcija-citrats-200-mg-120-g\/","name":"Kalcija citr\u0101ts 200 mg 120 g | Puhdas+","isPartOf":{"@id":"https:\/\/puhdasplus.ee\/lv\/#website"},"primaryImageOfPage":{"@id":"https:\/\/puhdasplus.ee\/lv\/produkti\/minerali\/kalcija-citrats-200-mg-120-g\/#primaryimage"},"image":{"@id":"https:\/\/puhdasplus.ee\/lv\/produkti\/minerali\/kalcija-citrats-200-mg-120-g\/#primaryimage"},"thumbnailUrl":"https:\/\/puhdasplus.ee\/wp-content\/uploads\/2025\/03\/85.jpg","datePublished":"2022-03-03T10:26:06+00:00","dateModified":"2026-04-28T18:57:00+00:00","description":"Kalcija citr\u0101ta pulveris 200 mg \u0101tri uzs\u016bcas, atbalstot kaulus, musku\u013cus un nervu sist\u0113mu. Viegli sajaucams ar \u016bdeni, sulu vai sm\u016btiju.","breadcrumb":{"@id":"https:\/\/puhdasplus.ee\/lv\/produkti\/minerali\/kalcija-citrats-200-mg-120-g\/#breadcrumb"},"inLanguage":"lv-LV","potentialAction":[{"@type":"ReadAction","target":["https:\/\/puhdasplus.ee\/lv\/produkti\/minerali\/kalcija-citrats-200-mg-120-g\/"]}]},{"@type":"ImageObject","inLanguage":"lv-LV","@id":"https:\/\/puhdasplus.ee\/lv\/produkti\/minerali\/kalcija-citrats-200-mg-120-g\/#primaryimage","url":"https:\/\/puhdasplus.ee\/wp-content\/uploads\/2025\/03\/85.jpg","contentUrl":"https:\/\/puhdasplus.ee\/wp-content\/uploads\/2025\/03\/85.jpg","width":1862,"height":2560,"caption":"Kalcija citr\u0101ta pulveris 200 mg 120 g"},{"@type":"BreadcrumbList","@id":"https:\/\/puhdasplus.ee\/lv\/produkti\/minerali\/kalcija-citrats-200-mg-120-g\/#breadcrumb","itemListElement":[{"@type":"ListItem","position":1,"name":"S\u0101kums","item":"https:\/\/puhdasplus.ee\/lv\/"},{"@type":"ListItem","position":2,"name":"Produkti","item":"https:\/\/puhdasplus.ee\/lv\/veikals\/"},{"@type":"ListItem","position":3,"name":"Kalcija citr\u0101ts 200 mg 120 g"}]},{"@type":"WebSite","@id":"https:\/\/puhdasplus.ee\/lv\/#website","url":"https:\/\/puhdasplus.ee\/lv\/","name":"Puhdas+","description":"Vitam\u012bni, uztura bag\u0101tin\u0101t\u0101ji, dab\u012bg\u0101 kosm\u0113tika, vesel\u012bba, sports","publisher":{"@id":"https:\/\/puhdasplus.ee\/lv\/#organization"},"potentialAction":[{"@type":"SearchAction","target":{"@type":"EntryPoint","urlTemplate":"https:\/\/puhdasplus.ee\/lv\/?s={search_term_string}"},"query-input":{"@type":"PropertyValueSpecification","valueRequired":true,"valueName":"search_term_string"}}],"inLanguage":"lv-LV"},{"@type":"Organization","@id":"https:\/\/puhdasplus.ee\/lv\/#organization","name":"Puhdas+","alternateName":"Puhdasplus","url":"https:\/\/puhdasplus.ee\/lv\/","logo":{"@type":"ImageObject","inLanguage":"lv-LV","@id":"https:\/\/puhdasplus.ee\/lv\/#\/schema\/logo\/image\/","url":"https:\/\/puhdasplus.ee\/wp-content\/uploads\/2019\/10\/puhdas_logo-arvele.png","contentUrl":"https:\/\/puhdasplus.ee\/wp-content\/uploads\/2019\/10\/puhdas_logo-arvele.png","width":114,"height":94,"caption":"Puhdas+"},"image":{"@id":"https:\/\/puhdasplus.ee\/lv\/#\/schema\/logo\/image\/"},"sameAs":["https:\/\/www.facebook.com\/puhdasplus","https:\/\/www.instagram.com\/puhdasplus_ee\/"]}]}},"_yoast_wpseo_title":"Kalcija citr\u0101ts 200 mg 120 g | Puhdas+","_yoast_wpseo_metadesc":"Kalcija citr\u0101ta pulveris 200 mg \u0101tri uzs\u016bcas, atbalstot kaulus, musku\u013cus un nervu sist\u0113mu. Viegli sajaucams ar \u016bdeni, sulu vai sm\u016btiju.","_yoast_wpseo_focuskw":"","_links":{"self":[{"href":"https:\/\/puhdasplus.ee\/lv\/wp-json\/wp\/v2\/product\/34070","targetHints":{"allow":["GET"]}}],"collection":[{"href":"https:\/\/puhdasplus.ee\/lv\/wp-json\/wp\/v2\/product"}],"about":[{"href":"https:\/\/puhdasplus.ee\/lv\/wp-json\/wp\/v2\/types\/product"}],"replies":[{"embeddable":true,"href":"https:\/\/puhdasplus.ee\/lv\/wp-json\/wp\/v2\/comments?post=34070"}],"wp:featuredmedia":[{"embeddable":true,"href":"https:\/\/puhdasplus.ee\/lv\/wp-json\/wp\/v2\/media\/34074"}],"wp:attachment":[{"href":"https:\/\/puhdasplus.ee\/lv\/wp-json\/wp\/v2\/media?parent=34070"}],"wp:term":[{"taxonomy":"product_brand","embeddable":true,"href":"https:\/\/puhdasplus.ee\/lv\/wp-json\/wp\/v2\/product_brand?post=34070"},{"taxonomy":"product_cat","embeddable":true,"href":"https:\/\/puhdasplus.ee\/lv\/wp-json\/wp\/v2\/product_cat?post=34070"},{"taxonomy":"product_tag","embeddable":true,"href":"https:\/\/puhdasplus.ee\/lv\/wp-json\/wp\/v2\/product_tag?post=34070"}],"curies":[{"name":"wp","href":"https:\/\/api.w.org\/{rel}","templated":true}]}}