{"id":34063,"date":"2022-03-15T17:42:27","date_gmt":"2022-03-15T15:42:27","guid":{"rendered":"https:\/\/puhdasplus.ee\/tooted\/uncategorized\/auksta-spieduma-ella-no-melnas-kimenes-nigella-sativa-seklam\/"},"modified":"2026-04-07T20:04:07","modified_gmt":"2026-04-07T17:04:07","slug":"auksta-spieduma-ella-no-melnas-kimenes-nigella-sativa-seklam","status":"publish","type":"product","link":"https:\/\/puhdasplus.ee\/lv\/produkti\/superediens\/auksta-spieduma-ella-no-melnas-kimenes-nigella-sativa-seklam\/","title":{"rendered":"Meln\u0101 \u0137imenes e\u013c\u013ca"},"content":{"rendered":"<h2><b>Kas ir Puhdas+ meln\u0101 \u0137imenes e\u013c\u013ca?<\/b><\/h2>\n<p>Puhdas+ meln\u0101s \u0137imenes e\u013c\u013ca ir 100% auksti spiesta meln\u0101s \u0137imenes s\u0113klu e\u013c\u013ca (Nigella sativa), kas ir bag\u0101ta ar dab\u012bgiem bioakt\u012bviem savienojumiem, tauksk\u0101b\u0113m un antioksidantiem. \u0160\u012b e\u013c\u013ca tradicion\u0101li tiek lietota gadu t\u016bksto\u0161iem ilgi un tagad tiek augstu v\u0113rt\u0113ta t\u0101s antioksidanta \u012bpa\u0161\u012bbu un sp\u0113jas atbalst\u012bt \u0101das labsaj\u016btu d\u0113\u013c. E\u013c\u013ca ir piem\u0113rota lieto\u0161anai gan iek\u0161\u0137\u012bgi k\u0101 uztura bag\u0101tin\u0101t\u0101js, gan \u0101r\u012bgi uz \u0101das un matiem.  <\/p>\n<h2><b>Timokinons \u2013 dab\u012bgs bioakt\u012bvs savienojums<\/b><\/h2>\n<p>Timokinons ir savienojums, kas atrodams meln\u0101s \u0137imenes e\u013c\u013c\u0101, un ir viena no t\u0101s dabiskaj\u0101m bioakt\u012bvaj\u0101m sast\u0101vda\u013c\u0101m. Tas pal\u012bdz aizsarg\u0101t \u0161\u016bnas no oksidat\u012bv\u0101 stresa un ir da\u013ca no meln\u0101s \u0137imenes e\u013c\u013cas sabalans\u0113t\u0101 sast\u0101va. <\/p>\n<h2><b>Atbalsta \u0101das un \u0161\u016bnu labsaj\u016btu<\/b><\/h2>\n<p>\u2013 Pal\u012bdz saglab\u0101t \u0161\u016bnu integrit\u0101ti un aizsarg\u0101 pret oksidat\u012bvo stresu<\/p>\n<p>\u2013 Atbalsta \u0101das dabisko aizsargbarjeru un mitruma l\u012bdzsvaru<\/p>\n<p>\u2013 Satur v\u0113rt\u012bgas tauksk\u0101bes (omega-6 un omega-9), kas ir b\u016btiskas norm\u0101lai \u0161\u016bnu un \u0101das darb\u012bbai<\/p>\n<p>\u2013 Piem\u0113rots jut\u012bgas vai novecojo\u0161as \u0101das kop\u0161anai<\/p>\n<h2><b>Linolsk\u0101be (Omega-6)<\/b><\/h2>\n<p>Neaizvietojama tauksk\u0101be, kas atbalsta \u0101das mitruma l\u012bdzsvaru un veicina norm\u0101lu \u0101das darb\u012bbu.<\/p>\n<h2><b>Ole\u012bnsk\u0101be (Omega-9)<\/b><\/h2>\n<p>Mononepies\u0101tin\u0101t\u0101 tauksk\u0101be, kas atbalsta \u0101das elast\u012bbu un pal\u012bdz uztur\u0113t lip\u012bdu metabolismu.<\/p>\n<h2><b>Vitam\u012bni un miner\u0101lvielas \u2013 dabisks atbalsts<\/b><\/h2>\n<p>Meln\u0101s \u0137imenes e\u013c\u013ca dabiski satur vair\u0101kus mikroelementus, tostarp B vitam\u012bnus, dzelzi, cinku, kalciju un fosforu.<\/p>\n<h2><b>Gar\u0161as \u012bpa\u0161\u012bbas<\/b><\/h2>\n<p>E\u013c\u013cas gar\u0161a ir maiga, nedaudz piparota un r\u016bgta.<\/p>\n<h2><b>\u0100da un mati \u2013 \u0101r\u0113ja kop\u0161ana no dabas<\/b><\/h2>\n<p>Meln\u0101 \u0137imenes e\u013c\u013ca ir ide\u0101li piem\u0113rota \u0101r\u012bgai lieto\u0161anai, pateicoties t\u0101s mitrino\u0161aj\u0101m un m\u012bkstino\u0161aj\u0101m \u012bpa\u0161\u012bb\u0101m.<\/p>\n<p>\u2013 Piem\u0113rots sausas vai jut\u012bgas \u0101das kop\u0161anai<\/p>\n<p>\u2013 Atbalsta galvas \u0101das vesel\u012bbu un matu sak\u0146u stiprumu<\/p>\n<p>\u2013 Piem\u0113rota k\u0101 sejas un \u0137erme\u0146a t\u012br\u012b\u0161anas e\u013c\u013ca, mas\u0101\u017eas e\u013c\u013ca vai \u0113terisko e\u013c\u013cu b\u0101zes e\u013c\u013ca<\/p>\n<h2><b>Lieto\u0161anai iek\u0161telp\u0101s un \u0101r\u0101<\/b><\/h2>\n<h2>Iek\u0161\u0113jai lieto\u0161anai<\/h2>\n<p>1\u20133 t\u0113jkarotes dien\u0101 (5\u201315 ml). Var lietot tie\u0161i vai sajaukt ar aukstiem \u0113dieniem un sal\u0101tiem. <b>Neuzsild\u012bt<\/b> , jo augsta temperat\u016bra var saboj\u0101t e\u013c\u013cas labv\u0113l\u012bg\u0101s \u012bpa\u0161\u012bbas. <\/p>\n<h2>\u0100r\u0113jai lieto\u0161anai<\/h2>\n<p>Uzkl\u0101t tie\u0161i uz \u0101das vai matiem. Piem\u0113rota k\u0101 sejas un \u0137erme\u0146a att\u012br\u012b\u0161anas e\u013c\u013ca vai k\u0101 b\u0101zes e\u013c\u013ca \u0113teriskaj\u0101m e\u013c\u013c\u0101m. <\/p>\n<h2><b>Sast\u0101vda\u013cas:<\/b><\/h2>\n<p>100% auksti spiesta meln\u0101 \u0137imenes e\u013c\u013ca (Nigella sativa).<\/p>\n<p>Nesatur laktozi, raugu, glut\u0113nu, cukuru, s\u0101li, cieti, kukur\u016bzu, soju vai saldin\u0101t\u0101jus.<\/p>\n<p>Piem\u0113rots ve\u0123et\u0101rie\u0161iem un veg\u0101niem.<\/p>\n<h2><b>Dienas deva:<\/b><\/h2>\n<p>1\u20133 t\u0113jkarotes (5\u201315 ml)<\/p>\n<h2><b>Uzturv\u0113rt\u012bba uz vienu dienas devu:<\/b><\/h2>\n<table>\n<thead>\n<tr>\n<th>\n<p><b>Akt\u012bv\u0101 viela<\/b><\/p>\n<\/th>\n<th>\n<p><b>5\u201315 ml uz<\/b><\/p>\n<\/th>\n<\/tr>\n<\/thead>\n<tbody>\n<tr>\n<td>\n<p>Aukst\u0101 spieduma meln\u0101 \u0137imenes e\u013c\u013ca<\/p>\n<\/td>\n<td>\n<p>5\u201315 ml<\/p>\n<\/td>\n<\/tr>\n<tr>\n<td>\n<p>Linolsk\u0101be (omega-6)<\/p>\n<\/td>\n<td>\n<p>2750\u20138250 mg<\/p>\n<\/td>\n<\/tr>\n<tr>\n<td>\n<p>Ole\u012bnsk\u0101be (omega-9)<\/p>\n<\/td>\n<td>\n<p>1150\u20133450 mg<\/p>\n<\/td>\n<\/tr>\n<\/tbody>\n<\/table>\n<h2><b>Br\u012bdin\u0101jumi:<\/b><\/h2>\n<p>Nep\u0101rsniedziet ieteicamo dienas devu.<\/p>\n<p>Uztura bag\u0101tin\u0101t\u0101js neaizst\u0101j daudzveid\u012bgu un sabalans\u0113tu uzturu vai vesel\u012bgu dz\u012bvesveidu.<\/p>\n<p>Sarg\u0101t no b\u0113rniem.<\/p>\n<p>Nav ieteicams lietot gr\u016btniec\u012bbas laik\u0101.<\/p>\n<h2><b>Uzglab\u0101\u0161ana:<\/b><\/h2>\n<p>Uzglab\u0101t sl\u0113gt\u0101 veid\u0101, sarg\u0101t no gaismas, v\u0113s\u0101, saus\u0101 viet\u0101.<\/p>\n<p>P\u0113c atv\u0113r\u0161anas uzglab\u0101t ledusskap\u012b un izlietot 30 dienu laik\u0101.<\/p>\n<p><strong>Skat\u012bt ar\u012b:<\/strong> <a href=\"https:\/\/puhdasplus.ee\/toote-kategooria\/liigesed-lihased-ja-luud\/\">Loc\u012btavas, musku\u013ci un kauli<\/a> | <a href=\"https:\/\/puhdasplus.ee\/toote-kategooria\/superfood\/\">Superfood<\/a> | <a href=\"https:\/\/puhdasplus.ee\/toote-kategooria\/mineraalained\/\">Mineraalained<\/a><\/p>\n","protected":false},"excerpt":{"rendered":"<p><b>Puhdas+ meln\u0101s \u0137imenes e\u013c\u013ca ir dab\u012bgs uztura bag\u0101tin\u0101t\u0101js, kas ra\u017eots no 100% auksti spiest\u0101m Nigella sativa s\u0113kl\u0101m. E\u013c\u013ca satur v\u0113rt\u012bgas tauksk\u0101bes un timohinonu, dabisku antioksidantu, kas atbalsta \u0137ermeni un \u0101du daudzos l\u012bme\u0146os. <\/b><\/p>\n","protected":false},"featured_media":355897,"comment_status":"closed","ping_status":"closed","template":"","meta":{"_acf_changed":false,"googlesitekit_rrm_CAow3eq7DA:productID":""},"product_brand":[],"product_cat":[3067,3483,3039],"product_tag":[4791,8349,8377,5280,2944,3206,2974],"class_list":{"0":"post-34063","1":"product","2":"type-product","3":"status-publish","4":"has-post-thumbnail","6":"product_cat-ipasie-piedavajumi","7":"product_cat-locitavas-muskuli-un-kauli","8":"product_cat-superediens","9":"product_tag-antioksidants-lv","10":"product_tag-bez-laktozes-lv","11":"product_tag-dabgs-lv","12":"product_tag-kermena-ella","13":"product_tag-pretiekaisuma","14":"product_tag-uztura-bagatinatajs","15":"product_tag-vegans","17":"first","18":"instock","19":"sale","20":"taxable","21":"shipping-taxable","22":"purchasable","23":"product-type-variable","24":"has-default-attributes"},"acf":[],"yoast_head":"<!-- This site is optimized with the Yoast SEO plugin v27.3 - https:\/\/yoast.com\/product\/yoast-seo-wordpress\/ -->\n<title>Meln\u0101 \u0137imenes e\u013c\u013ca | Puhdas+<\/title>\n<meta name=\"description\" content=\"Meln\u0101 \u0137imenes e\u013c\u013ca 150 ml ir uzturviel\u0101m bag\u0101ta dab\u012bga e\u013c\u013ca, kas satur vair\u0101k nek\u0101 100 biolo\u0123iski akt\u012bvu vielu. Piem\u0113rota lieto\u0161anai k\u0101 uztura bag\u0101tin\u0101t\u0101js vai aromatiz\u0113t\u0101js.\" \/>\n<meta name=\"robots\" content=\"index, follow, max-snippet:-1, max-image-preview:large, max-video-preview:-1\" \/>\n<link rel=\"canonical\" href=\"https:\/\/puhdasplus.ee\/lv\/produkti\/superediens\/auksta-spieduma-ella-no-melnas-kimenes-nigella-sativa-seklam\/\" \/>\n<meta property=\"og:locale\" content=\"lv_LV\" \/>\n<meta property=\"og:type\" content=\"article\" \/>\n<meta property=\"og:title\" content=\"Meln\u0101 \u0137imenes e\u013c\u013ca | Puhdas+\" \/>\n<meta property=\"og:description\" content=\"Meln\u0101 \u0137imenes e\u013c\u013ca 150 ml ir uzturviel\u0101m bag\u0101ta dab\u012bga e\u013c\u013ca, kas satur vair\u0101k nek\u0101 100 biolo\u0123iski akt\u012bvu vielu. Piem\u0113rota lieto\u0161anai k\u0101 uztura bag\u0101tin\u0101t\u0101js vai aromatiz\u0113t\u0101js.\" \/>\n<meta property=\"og:url\" content=\"https:\/\/puhdasplus.ee\/lv\/produkti\/superediens\/auksta-spieduma-ella-no-melnas-kimenes-nigella-sativa-seklam\/\" \/>\n<meta property=\"og:site_name\" content=\"Puhdas+\" \/>\n<meta property=\"article:publisher\" content=\"https:\/\/www.facebook.com\/puhdasplus\" \/>\n<meta property=\"article:modified_time\" content=\"2026-04-07T17:04:07+00:00\" \/>\n<meta property=\"og:image\" content=\"https:\/\/puhdasplus.ee\/wp-content\/uploads\/2022\/03\/mustakoomneoli-puhdasplus-scaled.jpg\" \/>\n\t<meta property=\"og:image:width\" content=\"1862\" \/>\n\t<meta property=\"og:image:height\" content=\"2560\" \/>\n\t<meta property=\"og:image:type\" content=\"image\/jpeg\" \/>\n<meta name=\"twitter:card\" content=\"summary_large_image\" \/>\n<meta name=\"twitter:label1\" content=\"Est. reading time\" \/>\n\t<meta name=\"twitter:data1\" content=\"3 min\u016btes\" \/>\n<script type=\"application\/ld+json\" class=\"yoast-schema-graph\">{\"@context\":\"https:\\\/\\\/schema.org\",\"@graph\":[{\"@type\":\"WebPage\",\"@id\":\"https:\\\/\\\/puhdasplus.ee\\\/lv\\\/produkti\\\/superediens\\\/auksta-spieduma-ella-no-melnas-kimenes-nigella-sativa-seklam\\\/\",\"url\":\"https:\\\/\\\/puhdasplus.ee\\\/lv\\\/produkti\\\/superediens\\\/auksta-spieduma-ella-no-melnas-kimenes-nigella-sativa-seklam\\\/\",\"name\":\"Meln\u0101 \u0137imenes e\u013c\u013ca | Puhdas+\",\"isPartOf\":{\"@id\":\"https:\\\/\\\/puhdasplus.ee\\\/lv\\\/#website\"},\"primaryImageOfPage\":{\"@id\":\"https:\\\/\\\/puhdasplus.ee\\\/lv\\\/produkti\\\/superediens\\\/auksta-spieduma-ella-no-melnas-kimenes-nigella-sativa-seklam\\\/#primaryimage\"},\"image\":{\"@id\":\"https:\\\/\\\/puhdasplus.ee\\\/lv\\\/produkti\\\/superediens\\\/auksta-spieduma-ella-no-melnas-kimenes-nigella-sativa-seklam\\\/#primaryimage\"},\"thumbnailUrl\":\"https:\\\/\\\/puhdasplus.ee\\\/wp-content\\\/uploads\\\/2022\\\/03\\\/mustakoomneoli-puhdasplus-scaled.jpg\",\"datePublished\":\"2022-03-15T15:42:27+00:00\",\"dateModified\":\"2026-04-07T17:04:07+00:00\",\"description\":\"Meln\u0101 \u0137imenes e\u013c\u013ca 150 ml ir uzturviel\u0101m bag\u0101ta dab\u012bga e\u013c\u013ca, kas satur vair\u0101k nek\u0101 100 biolo\u0123iski akt\u012bvu vielu. Piem\u0113rota lieto\u0161anai k\u0101 uztura bag\u0101tin\u0101t\u0101js vai aromatiz\u0113t\u0101js.\",\"breadcrumb\":{\"@id\":\"https:\\\/\\\/puhdasplus.ee\\\/lv\\\/produkti\\\/superediens\\\/auksta-spieduma-ella-no-melnas-kimenes-nigella-sativa-seklam\\\/#breadcrumb\"},\"inLanguage\":\"lv-LV\",\"potentialAction\":[{\"@type\":\"ReadAction\",\"target\":[\"https:\\\/\\\/puhdasplus.ee\\\/lv\\\/produkti\\\/superediens\\\/auksta-spieduma-ella-no-melnas-kimenes-nigella-sativa-seklam\\\/\"]}]},{\"@type\":\"ImageObject\",\"inLanguage\":\"lv-LV\",\"@id\":\"https:\\\/\\\/puhdasplus.ee\\\/lv\\\/produkti\\\/superediens\\\/auksta-spieduma-ella-no-melnas-kimenes-nigella-sativa-seklam\\\/#primaryimage\",\"url\":\"https:\\\/\\\/puhdasplus.ee\\\/wp-content\\\/uploads\\\/2022\\\/03\\\/mustakoomneoli-puhdasplus-scaled.jpg\",\"contentUrl\":\"https:\\\/\\\/puhdasplus.ee\\\/wp-content\\\/uploads\\\/2022\\\/03\\\/mustakoomneoli-puhdasplus-scaled.jpg\",\"width\":1862,\"height\":2560,\"caption\":\"meln\u0101 \u0137ime\u0146u e\u013c\u013ca puhdasplus\"},{\"@type\":\"BreadcrumbList\",\"@id\":\"https:\\\/\\\/puhdasplus.ee\\\/lv\\\/produkti\\\/superediens\\\/auksta-spieduma-ella-no-melnas-kimenes-nigella-sativa-seklam\\\/#breadcrumb\",\"itemListElement\":[{\"@type\":\"ListItem\",\"position\":1,\"name\":\"S\u0101kums\",\"item\":\"https:\\\/\\\/puhdasplus.ee\\\/lv\\\/\"},{\"@type\":\"ListItem\",\"position\":2,\"name\":\"Produkti\",\"item\":\"https:\\\/\\\/puhdasplus.ee\\\/lv\\\/veikals\\\/\"},{\"@type\":\"ListItem\",\"position\":3,\"name\":\"Meln\u0101 \u0137imenes e\u013c\u013ca\"}]},{\"@type\":\"WebSite\",\"@id\":\"https:\\\/\\\/puhdasplus.ee\\\/lv\\\/#website\",\"url\":\"https:\\\/\\\/puhdasplus.ee\\\/lv\\\/\",\"name\":\"Puhdas+\",\"description\":\"Vitam\u012bni, uztura bag\u0101tin\u0101t\u0101ji, dab\u012bg\u0101 kosm\u0113tika, vesel\u012bba, sports\",\"publisher\":{\"@id\":\"https:\\\/\\\/puhdasplus.ee\\\/lv\\\/#organization\"},\"potentialAction\":[{\"@type\":\"SearchAction\",\"target\":{\"@type\":\"EntryPoint\",\"urlTemplate\":\"https:\\\/\\\/puhdasplus.ee\\\/lv\\\/?s={search_term_string}\"},\"query-input\":{\"@type\":\"PropertyValueSpecification\",\"valueRequired\":true,\"valueName\":\"search_term_string\"}}],\"inLanguage\":\"lv-LV\"},{\"@type\":\"Organization\",\"@id\":\"https:\\\/\\\/puhdasplus.ee\\\/lv\\\/#organization\",\"name\":\"Puhdas+\",\"alternateName\":\"Puhdasplus\",\"url\":\"https:\\\/\\\/puhdasplus.ee\\\/lv\\\/\",\"logo\":{\"@type\":\"ImageObject\",\"inLanguage\":\"lv-LV\",\"@id\":\"https:\\\/\\\/puhdasplus.ee\\\/lv\\\/#\\\/schema\\\/logo\\\/image\\\/\",\"url\":\"https:\\\/\\\/puhdasplus.ee\\\/wp-content\\\/uploads\\\/2019\\\/10\\\/puhdas_logo-arvele.png\",\"contentUrl\":\"https:\\\/\\\/puhdasplus.ee\\\/wp-content\\\/uploads\\\/2019\\\/10\\\/puhdas_logo-arvele.png\",\"width\":114,\"height\":94,\"caption\":\"Puhdas+\"},\"image\":{\"@id\":\"https:\\\/\\\/puhdasplus.ee\\\/lv\\\/#\\\/schema\\\/logo\\\/image\\\/\"},\"sameAs\":[\"https:\\\/\\\/www.facebook.com\\\/puhdasplus\",\"https:\\\/\\\/www.instagram.com\\\/puhdasplus_ee\\\/\"]}]}<\/script>\n<!-- \/ Yoast SEO plugin. -->","yoast_head_json":{"title":"Meln\u0101 \u0137imenes e\u013c\u013ca | Puhdas+","description":"Meln\u0101 \u0137imenes e\u013c\u013ca 150 ml ir uzturviel\u0101m bag\u0101ta dab\u012bga e\u013c\u013ca, kas satur vair\u0101k nek\u0101 100 biolo\u0123iski akt\u012bvu vielu. Piem\u0113rota lieto\u0161anai k\u0101 uztura bag\u0101tin\u0101t\u0101js vai aromatiz\u0113t\u0101js.","robots":{"index":"index","follow":"follow","max-snippet":"max-snippet:-1","max-image-preview":"max-image-preview:large","max-video-preview":"max-video-preview:-1"},"canonical":"https:\/\/puhdasplus.ee\/lv\/produkti\/superediens\/auksta-spieduma-ella-no-melnas-kimenes-nigella-sativa-seklam\/","og_locale":"lv_LV","og_type":"article","og_title":"Meln\u0101 \u0137imenes e\u013c\u013ca | Puhdas+","og_description":"Meln\u0101 \u0137imenes e\u013c\u013ca 150 ml ir uzturviel\u0101m bag\u0101ta dab\u012bga e\u013c\u013ca, kas satur vair\u0101k nek\u0101 100 biolo\u0123iski akt\u012bvu vielu. Piem\u0113rota lieto\u0161anai k\u0101 uztura bag\u0101tin\u0101t\u0101js vai aromatiz\u0113t\u0101js.","og_url":"https:\/\/puhdasplus.ee\/lv\/produkti\/superediens\/auksta-spieduma-ella-no-melnas-kimenes-nigella-sativa-seklam\/","og_site_name":"Puhdas+","article_publisher":"https:\/\/www.facebook.com\/puhdasplus","article_modified_time":"2026-04-07T17:04:07+00:00","og_image":[{"width":1862,"height":2560,"url":"https:\/\/puhdasplus.ee\/wp-content\/uploads\/2022\/03\/mustakoomneoli-puhdasplus-scaled.jpg","type":"image\/jpeg"}],"twitter_card":"summary_large_image","twitter_misc":{"Est. reading time":"3 min\u016btes"},"schema":{"@context":"https:\/\/schema.org","@graph":[{"@type":"WebPage","@id":"https:\/\/puhdasplus.ee\/lv\/produkti\/superediens\/auksta-spieduma-ella-no-melnas-kimenes-nigella-sativa-seklam\/","url":"https:\/\/puhdasplus.ee\/lv\/produkti\/superediens\/auksta-spieduma-ella-no-melnas-kimenes-nigella-sativa-seklam\/","name":"Meln\u0101 \u0137imenes e\u013c\u013ca | Puhdas+","isPartOf":{"@id":"https:\/\/puhdasplus.ee\/lv\/#website"},"primaryImageOfPage":{"@id":"https:\/\/puhdasplus.ee\/lv\/produkti\/superediens\/auksta-spieduma-ella-no-melnas-kimenes-nigella-sativa-seklam\/#primaryimage"},"image":{"@id":"https:\/\/puhdasplus.ee\/lv\/produkti\/superediens\/auksta-spieduma-ella-no-melnas-kimenes-nigella-sativa-seklam\/#primaryimage"},"thumbnailUrl":"https:\/\/puhdasplus.ee\/wp-content\/uploads\/2022\/03\/mustakoomneoli-puhdasplus-scaled.jpg","datePublished":"2022-03-15T15:42:27+00:00","dateModified":"2026-04-07T17:04:07+00:00","description":"Meln\u0101 \u0137imenes e\u013c\u013ca 150 ml ir uzturviel\u0101m bag\u0101ta dab\u012bga e\u013c\u013ca, kas satur vair\u0101k nek\u0101 100 biolo\u0123iski akt\u012bvu vielu. Piem\u0113rota lieto\u0161anai k\u0101 uztura bag\u0101tin\u0101t\u0101js vai aromatiz\u0113t\u0101js.","breadcrumb":{"@id":"https:\/\/puhdasplus.ee\/lv\/produkti\/superediens\/auksta-spieduma-ella-no-melnas-kimenes-nigella-sativa-seklam\/#breadcrumb"},"inLanguage":"lv-LV","potentialAction":[{"@type":"ReadAction","target":["https:\/\/puhdasplus.ee\/lv\/produkti\/superediens\/auksta-spieduma-ella-no-melnas-kimenes-nigella-sativa-seklam\/"]}]},{"@type":"ImageObject","inLanguage":"lv-LV","@id":"https:\/\/puhdasplus.ee\/lv\/produkti\/superediens\/auksta-spieduma-ella-no-melnas-kimenes-nigella-sativa-seklam\/#primaryimage","url":"https:\/\/puhdasplus.ee\/wp-content\/uploads\/2022\/03\/mustakoomneoli-puhdasplus-scaled.jpg","contentUrl":"https:\/\/puhdasplus.ee\/wp-content\/uploads\/2022\/03\/mustakoomneoli-puhdasplus-scaled.jpg","width":1862,"height":2560,"caption":"meln\u0101 \u0137ime\u0146u e\u013c\u013ca puhdasplus"},{"@type":"BreadcrumbList","@id":"https:\/\/puhdasplus.ee\/lv\/produkti\/superediens\/auksta-spieduma-ella-no-melnas-kimenes-nigella-sativa-seklam\/#breadcrumb","itemListElement":[{"@type":"ListItem","position":1,"name":"S\u0101kums","item":"https:\/\/puhdasplus.ee\/lv\/"},{"@type":"ListItem","position":2,"name":"Produkti","item":"https:\/\/puhdasplus.ee\/lv\/veikals\/"},{"@type":"ListItem","position":3,"name":"Meln\u0101 \u0137imenes e\u013c\u013ca"}]},{"@type":"WebSite","@id":"https:\/\/puhdasplus.ee\/lv\/#website","url":"https:\/\/puhdasplus.ee\/lv\/","name":"Puhdas+","description":"Vitam\u012bni, uztura bag\u0101tin\u0101t\u0101ji, dab\u012bg\u0101 kosm\u0113tika, vesel\u012bba, sports","publisher":{"@id":"https:\/\/puhdasplus.ee\/lv\/#organization"},"potentialAction":[{"@type":"SearchAction","target":{"@type":"EntryPoint","urlTemplate":"https:\/\/puhdasplus.ee\/lv\/?s={search_term_string}"},"query-input":{"@type":"PropertyValueSpecification","valueRequired":true,"valueName":"search_term_string"}}],"inLanguage":"lv-LV"},{"@type":"Organization","@id":"https:\/\/puhdasplus.ee\/lv\/#organization","name":"Puhdas+","alternateName":"Puhdasplus","url":"https:\/\/puhdasplus.ee\/lv\/","logo":{"@type":"ImageObject","inLanguage":"lv-LV","@id":"https:\/\/puhdasplus.ee\/lv\/#\/schema\/logo\/image\/","url":"https:\/\/puhdasplus.ee\/wp-content\/uploads\/2019\/10\/puhdas_logo-arvele.png","contentUrl":"https:\/\/puhdasplus.ee\/wp-content\/uploads\/2019\/10\/puhdas_logo-arvele.png","width":114,"height":94,"caption":"Puhdas+"},"image":{"@id":"https:\/\/puhdasplus.ee\/lv\/#\/schema\/logo\/image\/"},"sameAs":["https:\/\/www.facebook.com\/puhdasplus","https:\/\/www.instagram.com\/puhdasplus_ee\/"]}]}},"_yoast_wpseo_title":"Meln\u0101 \u0137imenes e\u013c\u013ca | Puhdas+","_yoast_wpseo_metadesc":"Meln\u0101 \u0137imenes e\u013c\u013ca 150 ml ir uzturviel\u0101m bag\u0101ta dab\u012bga e\u013c\u013ca, kas satur vair\u0101k nek\u0101 100 biolo\u0123iski akt\u012bvu vielu. Piem\u0113rota lieto\u0161anai k\u0101 uztura bag\u0101tin\u0101t\u0101js vai aromatiz\u0113t\u0101js.","_yoast_wpseo_focuskw":"Meln\u0101 \u0137imenes e\u013c\u013ca","_links":{"self":[{"href":"https:\/\/puhdasplus.ee\/lv\/wp-json\/wp\/v2\/product\/34063","targetHints":{"allow":["GET"]}}],"collection":[{"href":"https:\/\/puhdasplus.ee\/lv\/wp-json\/wp\/v2\/product"}],"about":[{"href":"https:\/\/puhdasplus.ee\/lv\/wp-json\/wp\/v2\/types\/product"}],"replies":[{"embeddable":true,"href":"https:\/\/puhdasplus.ee\/lv\/wp-json\/wp\/v2\/comments?post=34063"}],"wp:featuredmedia":[{"embeddable":true,"href":"https:\/\/puhdasplus.ee\/lv\/wp-json\/wp\/v2\/media\/355897"}],"wp:attachment":[{"href":"https:\/\/puhdasplus.ee\/lv\/wp-json\/wp\/v2\/media?parent=34063"}],"wp:term":[{"taxonomy":"product_brand","embeddable":true,"href":"https:\/\/puhdasplus.ee\/lv\/wp-json\/wp\/v2\/product_brand?post=34063"},{"taxonomy":"product_cat","embeddable":true,"href":"https:\/\/puhdasplus.ee\/lv\/wp-json\/wp\/v2\/product_cat?post=34063"},{"taxonomy":"product_tag","embeddable":true,"href":"https:\/\/puhdasplus.ee\/lv\/wp-json\/wp\/v2\/product_tag?post=34063"}],"curies":[{"name":"wp","href":"https:\/\/api.w.org\/{rel}","templated":true}]}}