{"id":34038,"date":"2023-02-09T14:29:59","date_gmt":"2023-02-09T12:29:59","guid":{"rendered":"https:\/\/puhdasplus.ee\/tooted\/uncategorized\/beauty-sleep-melatonina-sejas-tirisanas-ella-100-ml\/"},"modified":"2026-04-07T19:52:39","modified_gmt":"2026-04-07T16:52:39","slug":"beauty-sleep-melatonina-sejas-tirisanas-ella-100-ml","status":"publish","type":"product","link":"https:\/\/puhdasplus.ee\/lv\/produkti\/kosmetika\/beauty-sleep-melatonina-sejas-tirisanas-ella-100-ml\/","title":{"rendered":"Beauty Sleep melaton\u012bna sejas t\u012br\u012b\u0161anas e\u013c\u013ca 100 ml"},"content":{"rendered":"<h2>Kas ir Puhdas+ Beauty Sleep melaton\u012bna sejas t\u012br\u012b\u0161anas e\u013c\u013ca?<\/h2>\n<p>Puhdas+ Beauty Sleep melaton\u012bna sejas t\u012br\u012b\u0161anas e\u013c\u013ca ir dab\u012bgs sejas kop\u0161anas l\u012bdzeklis, kas apvieno att\u012bro\u0161as un barojo\u0161as augu e\u013c\u013cas ar melaton\u012bnu. E\u013c\u013ca efekt\u012bvi no\u0146em net\u012brumus, e\u013c\u013cu un kosm\u0113tiku, vienlaikus atbalstot \u0101das atjauno\u0161anos nakt\u012b un mitruma l\u012bdzsvaru. Piem\u0113rots ikdienas lieto\u0161anai visiem \u0101das tipiem, \u012bpa\u0161i sausai un nobriedu\u0161ai \u0101dai.  <\/p>\n<h2>Vai Puhdas+ Beauty Sleep melaton\u012bna sejas t\u012br\u012b\u0161anas e\u013c\u013ca ir noder\u012bga?<\/h2>\n<p>\u0160\u012b sejas t\u012br\u012b\u0161anas e\u013c\u013ca nav tikai kosm\u0113tikas no\u0146em\u0161anas l\u012bdzeklis, bet ar\u012b akt\u012bvs \u0101das kop\u0161anas l\u012bdzeklis, kas atbalsta \u0101das dabisko atjauno\u0161anos nakt\u012b. Pateicoties apzin\u0101ti izv\u0113l\u0113t\u0101m sast\u0101vda\u013c\u0101m, produkts ar\u012b pal\u012bdz mitrin\u0101t, nomierin\u0101t un aizsarg\u0101t \u0101du att\u012br\u012b\u0161anas laik\u0101. <\/p>\n<h2>Sast\u0101vda\u013cu p\u0101rskats un to ietekme uz \u0101du<\/h2>\n<h3>Melaton\u012bns \u2013 \u0101das atjauno\u0161an\u0101s atbalst\u012bt\u0101js nakt\u012b<\/h3>\n<p>Melaton\u012bnam piem\u012bt sp\u0113c\u012bgas antioksidanta \u012bpa\u0161\u012bbas. Tas pal\u012bdz \u0101dai c\u012bn\u012bties ar oksidat\u012bvo stresu un atbalsta \u0161\u016bnu atjauno\u0161anos miega laik\u0101, pie\u0161\u0137irot \u0101dai atp\u016btu\u0161os un ener\u0123isku izskatu no r\u012bta. <\/p>\n<h3>Ka\u0146epju s\u0113klu e\u013c\u013ca (Cannabis Sativa Seed Oil)<\/h3>\n<p>E\u013c\u013ca, kas bag\u0101ta ar tauksk\u0101b\u0113m, stiprina \u0101das aizsargbarjeru, dzi\u013ci mitrina un nomierina kairin\u0101jumu. \u012apa\u0161i piem\u0113rota jut\u012bgai vai sausai \u0101dai. <\/p>\n<h3>Kokosriekstu e\u013c\u013ca (Cocos Nucifera Oil)<\/h3>\n<p>Mitrina un m\u012bkstina \u0101du, efekt\u012bvi no\u0146em net\u012brumus un kosm\u0113tikas atlikumus. Maiga, bet dzi\u013ci att\u012bro\u0161a iedarb\u012bba. <\/p>\n<h3>Upe\u0146u s\u0113klu e\u013c\u013ca (Ribes Nigrum s\u0113klu e\u013c\u013ca)<\/h3>\n<p>Bag\u0101ts ar omega tauksk\u0101b\u0113m un antioksidantiem, tas pal\u012bdz nomierin\u0101t iekaisu\u0161u \u0101du un atbalsta \u0101das elast\u012bbu.<\/p>\n<h3>Saulespu\u0137u s\u0113klu e\u013c\u013ca (Helianthus Annuus s\u0113klu e\u013c\u013ca)<\/h3>\n<p>Baro \u0101du ar E vitam\u012bnu, pal\u012bdz saglab\u0101t \u0101das mitrumu un viegli ies\u016bcas, padarot \u0101du maigu.<\/p>\n<h3>Cardiospermum Halicacabum (balona v\u012bnogul\u0101ja) ekstrakts<\/h3>\n<p>Augu ekstrakts, ko izmanto dab\u012bgaj\u0101 kosm\u0113tik\u0101, lai mazin\u0101tu \u0101das kairin\u0101jumu un aps\u0101rtumu. Pal\u012bdz atjaunot \u0101das komforta l\u012bmeni. <\/p>\n<h3>Rozmar\u012bna lapu ekstrakts (Rosmarinus Officinalis)<\/h3>\n<p>Sp\u0113c\u012bgs dab\u012bgs antioksidants, kas pal\u012bdz aizsarg\u0101t \u0101du no vides kait\u012bg\u0101s ietekmes un priek\u0161laic\u012bgas noveco\u0161an\u0101s.<\/p>\n<h3>Tokoferols (E vitam\u012bns)<\/h3>\n<p>Labi paz\u012bstams \u0101das vitam\u012bns, kas atbalsta \u0101das aizsargsp\u0113jas un uztur t\u0101s mitruma l\u012bdzsvaru.<\/p>\n<h2>Sast\u0101vda\u013cas:<\/h2>\n<p>Poligliceril-4 ole\u0101ts, saulespu\u0137u s\u0113klu e\u013c\u013ca (organiska), poligliceril-4 kapr\u0101ts, kaprilsk\u0101bes\/kapr\u012bnsk\u0101bes triglicer\u012bds, decilole\u0101ts, dikaprilkarbon\u0101ts, dikaprilil\u0113teris, kokosriekstu e\u013c\u013ca (organiska), ka\u0146epju s\u0113klu e\u013c\u013ca (organiska), oktildokadanols, \u016bdens, smar\u017evielas, melaton\u012bns, upe\u0146u s\u0113klu e\u013c\u013ca, saulespu\u0137u e\u013c\u013cas frakcija (neziepojama), balonv\u012bte\u0146augu ekstrakts, tokoferols (E vitam\u012bns), rozmar\u012bna lapu ekstrakts.<\/p>\n<h2>Lietot\u0101ja rokasgr\u0101mata:<\/h2>\n<ol>\n<li>\n<p>Uz sausas sejas \u0101das uzkl\u0101jiet nelielu daudzumu e\u013c\u013cas.<\/p>\n<\/li>\n<li>\n<p>Viegli iemas\u0113jiet, lai no\u0146emtu net\u012brumus un kosm\u0113tiku.<\/p>\n<\/li>\n<li>\n<p>Pievienojiet siltu \u016bdeni, lai emul\u0123\u0113tu e\u013c\u013cu.<\/p>\n<\/li>\n<li>\n<p>R\u016bp\u012bgi noskalojiet un nosusiniet seju ar m\u012bkstu dvieli.<\/p>\n<\/li>\n<\/ol>\n<h2>Br\u012bdin\u0101jumi:<\/h2>\n<ul>\n<li>\n<p>Tikai <strong>\u0101r\u012bgai lieto\u0161anai<\/strong> .<\/p>\n<\/li>\n<li>\n<p>Izvair\u012bties no saskares ar ac\u012bm. Ja nok\u013c\u016bst ac\u012bs, nekav\u0113joties skalot ar lielu daudzumu \u016bdens. <\/p>\n<\/li>\n<li>\n<p><strong>Sarg\u0101t no b\u0113rniem<\/strong> .<\/p>\n<\/li>\n<li>\n<p>Nelietot uz kairin\u0101tas vai boj\u0101tas \u0101das.<\/p>\n<\/li>\n<li>\n<p>Ja rodas \u0101das kairin\u0101jums, p\u0101rtrauciet lieto\u0161anu.<\/p>\n<\/li>\n<li>\n<p><strong>Uzglab\u0101t v\u0113s\u0101 un saus\u0101 viet\u0101<\/strong> , sarg\u0101t no tie\u0161iem saules stariem.<\/p>\n<\/li>\n<li>\n<p>Ieteicams izlietot 6\u201312 m\u0113ne\u0161u laik\u0101 p\u0113c atv\u0113r\u0161anas (mekl\u0113jiet uz iepakojuma z\u012bmi \u201catv\u0113rts iepakojums\u201d).<\/p>\n<\/li>\n<\/ul>\n<p><strong>Skat\u012bt ar\u012b:<\/strong> <a href=\"https:\/\/puhdasplus.ee\/toote-kategooria\/looduskosmeetika\/\">Looduskosmeetika<\/a> | <a href=\"https:\/\/puhdasplus.ee\/toote-kategooria\/nahk-juuksed-kuuned\/\">Nahk, juuksed, k\u00fc\u00fcned<\/a><\/p>\n","protected":false},"excerpt":{"rendered":"<p><strong>Puhdas+ Beauty Sleep melaton\u012bna sejas t\u012br\u012b\u0161anas e\u013c\u013ca<\/strong> ir vair\u0101k nek\u0101 tikai kosm\u0113tikas no\u0146\u0113m\u0113js \u2013 t\u0101 ir daudzfunkcion\u0101ls sejas kop\u0161anas l\u012bdzeklis, kas apvieno att\u012br\u012b\u0161anu un atjaunojo\u0161u kop\u0161anu vien\u0101 sol\u012b. Produktu raksturo bag\u0101t\u012bgs dab\u012bgo augu e\u013c\u013cu un \u0101du atbalsto\u0161a melaton\u012bna sast\u0101vs, kas pal\u012bdz sagatavot \u0101du atjauno\u0161anai nakt\u012b. <\/p>\n<p>Sejas t\u012br\u012b\u0161anas e\u013c\u013ca efekt\u012bvi no\u0146em net\u012brumus, e\u013c\u013cu un kosm\u0113tiku, neboj\u0101jot \u0101das dabisko mitruma l\u012bmeni. Pateicoties melaton\u012bnam \u2013 labi paz\u012bstamam miega hormonam, kam piem\u012bt ar\u012b sp\u0113c\u012bgas antioksidanta \u012bpa\u0161\u012bbas \u2013 \u0101da att\u012br\u012b\u0161anas laik\u0101 sa\u0146em atbalstu, aizsarg\u0101jot to no br\u012bvajiem radik\u0101\u013ciem un atbalstot \u0161\u016bnu atjauno\u0161an\u0101s procesu. <\/p>\n<p>Produkts satur <strong>ka\u0146epju s\u0113klu e\u013c\u013cu<\/strong> , <strong>kokosriekstu e\u013c\u013cu<\/strong> , <strong>upe\u0146u s\u0113klu e\u013c\u013cu<\/strong> un <strong>saulespu\u0137u s\u0113klu e\u013c\u013cu<\/strong> , kas dzi\u013ci mitrina, nomierina un baro \u0101du, padarot to maigu un elast\u012bgu. Dab\u012bgie emulgatori, non\u0101kot saskar\u0113 ar \u016bdeni, p\u0101rveido e\u013c\u013cu par z\u012bdainu pienainu t\u012br\u012b\u0161anas l\u012bdzekli, ko ir viegli noskalot un kas neatst\u0101j taukainu saj\u016btu. <\/p>\n<p>\u0160\u012b e\u013c\u013ca ir piem\u0113rota visiem \u0101das tipiem, \u012bpa\u0161i sausai un jut\u012bgai \u0101dai, kurai nepiecie\u0161ama gan att\u012br\u012b\u0161ana, gan kop\u0161ana. Regul\u0101ra lieto\u0161ana veicina \u0101das l\u012bdzsvaru, elast\u012bbu un vesel\u012bgu sejas kr\u0101su. <\/p>\n<p>Ja mekl\u0113jat t\u012bru, veg\u0101nu, bez piedev\u0101m un \u0101dai draudz\u012bgu produktu, kas atbilst j\u016bsu nakts miega grafikam, tad Puhdas+ Beauty Sleep sejas t\u012br\u012b\u0161anas e\u013c\u013ca ir gudra un holistiska izv\u0113le.<\/p>\n","protected":false},"featured_media":34045,"comment_status":"closed","ping_status":"closed","template":"","meta":{"_acf_changed":false,"googlesitekit_rrm_CAow3eq7DA:productID":""},"product_brand":[],"product_cat":[2533],"product_tag":[2630,4791,7870,8377,7897,8353,2974],"class_list":{"0":"post-34038","1":"product","2":"type-product","3":"status-publish","4":"has-post-thumbnail","6":"product_cat-kosmetika","7":"product_tag-adas-kopsana","8":"product_tag-antioksidants-lv","9":"product_tag-dabiga-kosmetika","10":"product_tag-dabgs-lv","11":"product_tag-miegs-un-relaksacija","12":"product_tag-sievietm-lv","13":"product_tag-vegans","15":"first","16":"instock","17":"taxable","18":"shipping-taxable","19":"purchasable","20":"product-type-simple"},"acf":[],"yoast_head":"<!-- This site is optimized with the Yoast SEO plugin v27.3 - https:\/\/yoast.com\/product\/yoast-seo-wordpress\/ -->\n<title>Beauty Sleep melaton\u012bna sejas t\u012br\u012b\u0161anas e\u013c\u013ca 100 ml | Puhdas+<\/title>\n<meta name=\"description\" content=\"Beauty Sleep melaton\u012bna nakts kr\u0113ms 30 ml dzi\u013ci mitrina un atjauno \u0101du miega laik\u0101, pal\u012bdzot nov\u0113rst noveco\u0161an\u0101s paz\u012bmes. Piem\u0113rots visiem \u0101das tipiem!\" \/>\n<meta name=\"robots\" content=\"index, follow, max-snippet:-1, max-image-preview:large, max-video-preview:-1\" \/>\n<link rel=\"canonical\" href=\"https:\/\/puhdasplus.ee\/lv\/produkti\/kosmetika\/beauty-sleep-melatonina-sejas-tirisanas-ella-100-ml\/\" \/>\n<meta property=\"og:locale\" content=\"lv_LV\" \/>\n<meta property=\"og:type\" content=\"article\" \/>\n<meta property=\"og:title\" content=\"Beauty Sleep melaton\u012bna sejas t\u012br\u012b\u0161anas e\u013c\u013ca 100 ml Skaistumkop\u0161anas e\u013c\u013ca Skaistuma miegs\" \/>\n<meta property=\"og:description\" content=\"Grima no\u0146em\u0161anas e\u013c\u013ca ir divu vien\u0101 produkts, kas no\u0146em visu kosm\u0113tiku, vienlaikus mitrinot \u0101du. Saskaroties ar \u016bdeni, e\u013c\u013ca p\u0101rv\u0113r\u0161as maig\u0101 emulsij\u0101, kas izkaus\u0113 pat vissp\u0113c\u012bg\u0101ko kosm\u0113tiku no por\u0101m. P\u0113c lieto\u0161anas \u0101da paliek t\u012bra un z\u012bdaini maiga. Dab\u012bgaj\u0101m sast\u0101vda\u013c\u0101m piem\u012bt mitrino\u0161a, pretiekaisuma un \u0101du atjaunojo\u0161a iedarb\u012bba. Paredz\u0113ts lieto\u0161anai visiem \u0101das tipiem, k\u0101 ar\u012b cilv\u0113kiem ar aler\u0123ij\u0101m. Var lietot \u016bdensiztur\u012bga un acu grima no\u0146em\u0161anai. Produkts ir piem\u0113rots ar\u012b veg\u0101niem. \u0100das tips: visiem \u0101das tipiem 100% sast\u0101vda\u013cu ir dabiskas izcelsmes.\" \/>\n<meta property=\"og:url\" content=\"https:\/\/puhdasplus.ee\/lv\/produkti\/kosmetika\/beauty-sleep-melatonina-sejas-tirisanas-ella-100-ml\/\" \/>\n<meta property=\"og:site_name\" content=\"Puhdas+\" \/>\n<meta property=\"article:publisher\" content=\"https:\/\/www.facebook.com\/puhdasplus\" \/>\n<meta property=\"article:modified_time\" content=\"2026-04-07T16:52:39+00:00\" \/>\n<meta property=\"og:image\" content=\"https:\/\/puhdasplus.ee\/wp-content\/uploads\/2023\/02\/Beauty-plakat-228x300.jpg\" \/>\n<meta name=\"twitter:card\" content=\"summary_large_image\" \/>\n<meta name=\"twitter:label1\" content=\"Est. reading time\" \/>\n\t<meta name=\"twitter:data1\" content=\"3 min\u016btes\" \/>\n<script type=\"application\/ld+json\" class=\"yoast-schema-graph\">{\"@context\":\"https:\\\/\\\/schema.org\",\"@graph\":[{\"@type\":\"WebPage\",\"@id\":\"https:\\\/\\\/puhdasplus.ee\\\/lv\\\/produkti\\\/kosmetika\\\/beauty-sleep-melatonina-sejas-tirisanas-ella-100-ml\\\/\",\"url\":\"https:\\\/\\\/puhdasplus.ee\\\/lv\\\/produkti\\\/kosmetika\\\/beauty-sleep-melatonina-sejas-tirisanas-ella-100-ml\\\/\",\"name\":\"Beauty Sleep melaton\u012bna sejas t\u012br\u012b\u0161anas e\u013c\u013ca 100 ml | Puhdas+\",\"isPartOf\":{\"@id\":\"https:\\\/\\\/puhdasplus.ee\\\/lv\\\/#website\"},\"primaryImageOfPage\":{\"@id\":\"https:\\\/\\\/puhdasplus.ee\\\/lv\\\/produkti\\\/kosmetika\\\/beauty-sleep-melatonina-sejas-tirisanas-ella-100-ml\\\/#primaryimage\"},\"image\":{\"@id\":\"https:\\\/\\\/puhdasplus.ee\\\/lv\\\/produkti\\\/kosmetika\\\/beauty-sleep-melatonina-sejas-tirisanas-ella-100-ml\\\/#primaryimage\"},\"thumbnailUrl\":\"https:\\\/\\\/puhdasplus.ee\\\/wp-content\\\/uploads\\\/2025\\\/03\\\/108.jpg\",\"datePublished\":\"2023-02-09T12:29:59+00:00\",\"dateModified\":\"2026-04-07T16:52:39+00:00\",\"description\":\"Beauty Sleep melaton\u012bna nakts kr\u0113ms 30 ml dzi\u013ci mitrina un atjauno \u0101du miega laik\u0101, pal\u012bdzot nov\u0113rst noveco\u0161an\u0101s paz\u012bmes. Piem\u0113rots visiem \u0101das tipiem!\",\"breadcrumb\":{\"@id\":\"https:\\\/\\\/puhdasplus.ee\\\/lv\\\/produkti\\\/kosmetika\\\/beauty-sleep-melatonina-sejas-tirisanas-ella-100-ml\\\/#breadcrumb\"},\"inLanguage\":\"lv-LV\",\"potentialAction\":[{\"@type\":\"ReadAction\",\"target\":[\"https:\\\/\\\/puhdasplus.ee\\\/lv\\\/produkti\\\/kosmetika\\\/beauty-sleep-melatonina-sejas-tirisanas-ella-100-ml\\\/\"]}]},{\"@type\":\"ImageObject\",\"inLanguage\":\"lv-LV\",\"@id\":\"https:\\\/\\\/puhdasplus.ee\\\/lv\\\/produkti\\\/kosmetika\\\/beauty-sleep-melatonina-sejas-tirisanas-ella-100-ml\\\/#primaryimage\",\"url\":\"https:\\\/\\\/puhdasplus.ee\\\/wp-content\\\/uploads\\\/2025\\\/03\\\/108.jpg\",\"contentUrl\":\"https:\\\/\\\/puhdasplus.ee\\\/wp-content\\\/uploads\\\/2025\\\/03\\\/108.jpg\",\"width\":1862,\"height\":2560,\"caption\":\"Beauty Sleep melaton\u012bna sejas t\u012br\u012b\u0161anas e\u013c\u013ca 30 ml\"},{\"@type\":\"BreadcrumbList\",\"@id\":\"https:\\\/\\\/puhdasplus.ee\\\/lv\\\/produkti\\\/kosmetika\\\/beauty-sleep-melatonina-sejas-tirisanas-ella-100-ml\\\/#breadcrumb\",\"itemListElement\":[{\"@type\":\"ListItem\",\"position\":1,\"name\":\"S\u0101kums\",\"item\":\"https:\\\/\\\/puhdasplus.ee\\\/lv\\\/\"},{\"@type\":\"ListItem\",\"position\":2,\"name\":\"Produkti\",\"item\":\"https:\\\/\\\/puhdasplus.ee\\\/lv\\\/veikals\\\/\"},{\"@type\":\"ListItem\",\"position\":3,\"name\":\"Beauty Sleep melaton\u012bna sejas t\u012br\u012b\u0161anas e\u013c\u013ca 100 ml\"}]},{\"@type\":\"WebSite\",\"@id\":\"https:\\\/\\\/puhdasplus.ee\\\/lv\\\/#website\",\"url\":\"https:\\\/\\\/puhdasplus.ee\\\/lv\\\/\",\"name\":\"Puhdas+\",\"description\":\"Vitam\u012bni, uztura bag\u0101tin\u0101t\u0101ji, dab\u012bg\u0101 kosm\u0113tika, vesel\u012bba, sports\",\"publisher\":{\"@id\":\"https:\\\/\\\/puhdasplus.ee\\\/lv\\\/#organization\"},\"potentialAction\":[{\"@type\":\"SearchAction\",\"target\":{\"@type\":\"EntryPoint\",\"urlTemplate\":\"https:\\\/\\\/puhdasplus.ee\\\/lv\\\/?s={search_term_string}\"},\"query-input\":{\"@type\":\"PropertyValueSpecification\",\"valueRequired\":true,\"valueName\":\"search_term_string\"}}],\"inLanguage\":\"lv-LV\"},{\"@type\":\"Organization\",\"@id\":\"https:\\\/\\\/puhdasplus.ee\\\/lv\\\/#organization\",\"name\":\"Puhdas+\",\"alternateName\":\"Puhdasplus\",\"url\":\"https:\\\/\\\/puhdasplus.ee\\\/lv\\\/\",\"logo\":{\"@type\":\"ImageObject\",\"inLanguage\":\"lv-LV\",\"@id\":\"https:\\\/\\\/puhdasplus.ee\\\/lv\\\/#\\\/schema\\\/logo\\\/image\\\/\",\"url\":\"https:\\\/\\\/puhdasplus.ee\\\/wp-content\\\/uploads\\\/2019\\\/10\\\/puhdas_logo-arvele.png\",\"contentUrl\":\"https:\\\/\\\/puhdasplus.ee\\\/wp-content\\\/uploads\\\/2019\\\/10\\\/puhdas_logo-arvele.png\",\"width\":114,\"height\":94,\"caption\":\"Puhdas+\"},\"image\":{\"@id\":\"https:\\\/\\\/puhdasplus.ee\\\/lv\\\/#\\\/schema\\\/logo\\\/image\\\/\"},\"sameAs\":[\"https:\\\/\\\/www.facebook.com\\\/puhdasplus\",\"https:\\\/\\\/www.instagram.com\\\/puhdasplus_ee\\\/\"]}]}<\/script>\n<!-- \/ Yoast SEO plugin. -->","yoast_head_json":{"title":"Beauty Sleep melaton\u012bna sejas t\u012br\u012b\u0161anas e\u013c\u013ca 100 ml | Puhdas+","description":"Beauty Sleep melaton\u012bna nakts kr\u0113ms 30 ml dzi\u013ci mitrina un atjauno \u0101du miega laik\u0101, pal\u012bdzot nov\u0113rst noveco\u0161an\u0101s paz\u012bmes. Piem\u0113rots visiem \u0101das tipiem!","robots":{"index":"index","follow":"follow","max-snippet":"max-snippet:-1","max-image-preview":"max-image-preview:large","max-video-preview":"max-video-preview:-1"},"canonical":"https:\/\/puhdasplus.ee\/lv\/produkti\/kosmetika\/beauty-sleep-melatonina-sejas-tirisanas-ella-100-ml\/","og_locale":"lv_LV","og_type":"article","og_title":"Beauty Sleep melaton\u012bna sejas t\u012br\u012b\u0161anas e\u013c\u013ca 100 ml Skaistumkop\u0161anas e\u013c\u013ca Skaistuma miegs","og_description":"Grima no\u0146em\u0161anas e\u013c\u013ca ir divu vien\u0101 produkts, kas no\u0146em visu kosm\u0113tiku, vienlaikus mitrinot \u0101du. Saskaroties ar \u016bdeni, e\u013c\u013ca p\u0101rv\u0113r\u0161as maig\u0101 emulsij\u0101, kas izkaus\u0113 pat vissp\u0113c\u012bg\u0101ko kosm\u0113tiku no por\u0101m. P\u0113c lieto\u0161anas \u0101da paliek t\u012bra un z\u012bdaini maiga. Dab\u012bgaj\u0101m sast\u0101vda\u013c\u0101m piem\u012bt mitrino\u0161a, pretiekaisuma un \u0101du atjaunojo\u0161a iedarb\u012bba. Paredz\u0113ts lieto\u0161anai visiem \u0101das tipiem, k\u0101 ar\u012b cilv\u0113kiem ar aler\u0123ij\u0101m. Var lietot \u016bdensiztur\u012bga un acu grima no\u0146em\u0161anai. Produkts ir piem\u0113rots ar\u012b veg\u0101niem. \u0100das tips: visiem \u0101das tipiem 100% sast\u0101vda\u013cu ir dabiskas izcelsmes.","og_url":"https:\/\/puhdasplus.ee\/lv\/produkti\/kosmetika\/beauty-sleep-melatonina-sejas-tirisanas-ella-100-ml\/","og_site_name":"Puhdas+","article_publisher":"https:\/\/www.facebook.com\/puhdasplus","article_modified_time":"2026-04-07T16:52:39+00:00","og_image":[{"url":"https:\/\/puhdasplus.ee\/wp-content\/uploads\/2023\/02\/Beauty-plakat-228x300.jpg","type":"","width":"","height":""}],"twitter_card":"summary_large_image","twitter_misc":{"Est. reading time":"3 min\u016btes"},"schema":{"@context":"https:\/\/schema.org","@graph":[{"@type":"WebPage","@id":"https:\/\/puhdasplus.ee\/lv\/produkti\/kosmetika\/beauty-sleep-melatonina-sejas-tirisanas-ella-100-ml\/","url":"https:\/\/puhdasplus.ee\/lv\/produkti\/kosmetika\/beauty-sleep-melatonina-sejas-tirisanas-ella-100-ml\/","name":"Beauty Sleep melaton\u012bna sejas t\u012br\u012b\u0161anas e\u013c\u013ca 100 ml | Puhdas+","isPartOf":{"@id":"https:\/\/puhdasplus.ee\/lv\/#website"},"primaryImageOfPage":{"@id":"https:\/\/puhdasplus.ee\/lv\/produkti\/kosmetika\/beauty-sleep-melatonina-sejas-tirisanas-ella-100-ml\/#primaryimage"},"image":{"@id":"https:\/\/puhdasplus.ee\/lv\/produkti\/kosmetika\/beauty-sleep-melatonina-sejas-tirisanas-ella-100-ml\/#primaryimage"},"thumbnailUrl":"https:\/\/puhdasplus.ee\/wp-content\/uploads\/2025\/03\/108.jpg","datePublished":"2023-02-09T12:29:59+00:00","dateModified":"2026-04-07T16:52:39+00:00","description":"Beauty Sleep melaton\u012bna nakts kr\u0113ms 30 ml dzi\u013ci mitrina un atjauno \u0101du miega laik\u0101, pal\u012bdzot nov\u0113rst noveco\u0161an\u0101s paz\u012bmes. Piem\u0113rots visiem \u0101das tipiem!","breadcrumb":{"@id":"https:\/\/puhdasplus.ee\/lv\/produkti\/kosmetika\/beauty-sleep-melatonina-sejas-tirisanas-ella-100-ml\/#breadcrumb"},"inLanguage":"lv-LV","potentialAction":[{"@type":"ReadAction","target":["https:\/\/puhdasplus.ee\/lv\/produkti\/kosmetika\/beauty-sleep-melatonina-sejas-tirisanas-ella-100-ml\/"]}]},{"@type":"ImageObject","inLanguage":"lv-LV","@id":"https:\/\/puhdasplus.ee\/lv\/produkti\/kosmetika\/beauty-sleep-melatonina-sejas-tirisanas-ella-100-ml\/#primaryimage","url":"https:\/\/puhdasplus.ee\/wp-content\/uploads\/2025\/03\/108.jpg","contentUrl":"https:\/\/puhdasplus.ee\/wp-content\/uploads\/2025\/03\/108.jpg","width":1862,"height":2560,"caption":"Beauty Sleep melaton\u012bna sejas t\u012br\u012b\u0161anas e\u013c\u013ca 30 ml"},{"@type":"BreadcrumbList","@id":"https:\/\/puhdasplus.ee\/lv\/produkti\/kosmetika\/beauty-sleep-melatonina-sejas-tirisanas-ella-100-ml\/#breadcrumb","itemListElement":[{"@type":"ListItem","position":1,"name":"S\u0101kums","item":"https:\/\/puhdasplus.ee\/lv\/"},{"@type":"ListItem","position":2,"name":"Produkti","item":"https:\/\/puhdasplus.ee\/lv\/veikals\/"},{"@type":"ListItem","position":3,"name":"Beauty Sleep melaton\u012bna sejas t\u012br\u012b\u0161anas e\u013c\u013ca 100 ml"}]},{"@type":"WebSite","@id":"https:\/\/puhdasplus.ee\/lv\/#website","url":"https:\/\/puhdasplus.ee\/lv\/","name":"Puhdas+","description":"Vitam\u012bni, uztura bag\u0101tin\u0101t\u0101ji, dab\u012bg\u0101 kosm\u0113tika, vesel\u012bba, sports","publisher":{"@id":"https:\/\/puhdasplus.ee\/lv\/#organization"},"potentialAction":[{"@type":"SearchAction","target":{"@type":"EntryPoint","urlTemplate":"https:\/\/puhdasplus.ee\/lv\/?s={search_term_string}"},"query-input":{"@type":"PropertyValueSpecification","valueRequired":true,"valueName":"search_term_string"}}],"inLanguage":"lv-LV"},{"@type":"Organization","@id":"https:\/\/puhdasplus.ee\/lv\/#organization","name":"Puhdas+","alternateName":"Puhdasplus","url":"https:\/\/puhdasplus.ee\/lv\/","logo":{"@type":"ImageObject","inLanguage":"lv-LV","@id":"https:\/\/puhdasplus.ee\/lv\/#\/schema\/logo\/image\/","url":"https:\/\/puhdasplus.ee\/wp-content\/uploads\/2019\/10\/puhdas_logo-arvele.png","contentUrl":"https:\/\/puhdasplus.ee\/wp-content\/uploads\/2019\/10\/puhdas_logo-arvele.png","width":114,"height":94,"caption":"Puhdas+"},"image":{"@id":"https:\/\/puhdasplus.ee\/lv\/#\/schema\/logo\/image\/"},"sameAs":["https:\/\/www.facebook.com\/puhdasplus","https:\/\/www.instagram.com\/puhdasplus_ee\/"]}]}},"_yoast_wpseo_title":"Beauty Sleep melaton\u012bna sejas t\u012br\u012b\u0161anas e\u013c\u013ca 100 ml | Puhdas+","_yoast_wpseo_metadesc":"Beauty Sleep melaton\u012bna nakts kr\u0113ms 30 ml dzi\u013ci mitrina un atjauno \u0101du miega laik\u0101, pal\u012bdzot nov\u0113rst noveco\u0161an\u0101s paz\u012bmes. Piem\u0113rots visiem \u0101das tipiem!","_yoast_wpseo_focuskw":"","_links":{"self":[{"href":"https:\/\/puhdasplus.ee\/lv\/wp-json\/wp\/v2\/product\/34038","targetHints":{"allow":["GET"]}}],"collection":[{"href":"https:\/\/puhdasplus.ee\/lv\/wp-json\/wp\/v2\/product"}],"about":[{"href":"https:\/\/puhdasplus.ee\/lv\/wp-json\/wp\/v2\/types\/product"}],"replies":[{"embeddable":true,"href":"https:\/\/puhdasplus.ee\/lv\/wp-json\/wp\/v2\/comments?post=34038"}],"wp:featuredmedia":[{"embeddable":true,"href":"https:\/\/puhdasplus.ee\/lv\/wp-json\/wp\/v2\/media\/34045"}],"wp:attachment":[{"href":"https:\/\/puhdasplus.ee\/lv\/wp-json\/wp\/v2\/media?parent=34038"}],"wp:term":[{"taxonomy":"product_brand","embeddable":true,"href":"https:\/\/puhdasplus.ee\/lv\/wp-json\/wp\/v2\/product_brand?post=34038"},{"taxonomy":"product_cat","embeddable":true,"href":"https:\/\/puhdasplus.ee\/lv\/wp-json\/wp\/v2\/product_cat?post=34038"},{"taxonomy":"product_tag","embeddable":true,"href":"https:\/\/puhdasplus.ee\/lv\/wp-json\/wp\/v2\/product_tag?post=34038"}],"curies":[{"name":"wp","href":"https:\/\/api.w.org\/{rel}","templated":true}]}}