{"id":33982,"date":"2022-11-15T09:30:29","date_gmt":"2022-11-15T07:30:29","guid":{"rendered":"https:\/\/puhdasplus.ee\/tooted\/uncategorized\/augstakas-kvalitates-omega-3-ar-luteinu-un-zeaksantinu\/"},"modified":"2026-04-07T19:58:33","modified_gmt":"2026-04-07T16:58:33","slug":"augstakas-kvalitates-omega-3-ar-luteinu-un-zeaksantinu","status":"publish","type":"product","link":"https:\/\/puhdasplus.ee\/lv\/produkti\/sirds-veseliba\/omega-3-lv\/augstakas-kvalitates-omega-3-ar-luteinu-un-zeaksantinu\/","title":{"rendered":"Augst\u0101k\u0101s kvalit\u0101tes Omega-3 ar lute\u012bnu un zeaksant\u012bnu"},"content":{"rendered":"<p><strong>Puhdas+ Premium Omega-3 + Lute\u012bns un Zeaksant\u012bns<\/strong> ir augstas kvalit\u0101tes uztura bag\u0101tin\u0101t\u0101js, kas apvieno omega-3 tauksk\u0101bes (EPA un DHA) dab\u012bg\u0101 triglicer\u012bdu form\u0101, lute\u012bnu, zeaksant\u012bnu, cinku, k\u0101 ar\u012b A un B2 vitam\u012bnus. \u0160is unik\u0101lais sast\u0101vs atbalsta norm\u0101lu acu un smadze\u0146u darb\u012bbu un pal\u012bdz saglab\u0101t redzes asumu.<\/p>\n<h2>K\u0101p\u0113c Premium Omega-3 + Lute\u012bns un Zeaksant\u012bns ir labv\u0113l\u012bgs?<\/h2>\n<ul>\n<li>\n<p><strong>Acu vesel\u012bba<\/strong> : Lute\u012bns un zeaksant\u012bns ir karotino\u012bdi, kas uzkr\u0101jas acs t\u012bklen\u0113 un pal\u012bdz aizsarg\u0101t acis no oksidat\u012bv\u0101 stresa. A un B2 vitam\u012bni un cinks pal\u012bdz uztur\u0113t norm\u0101lu redzi.<\/p>\n<\/li>\n<li>\n<p><strong>Smadze\u0146u darb\u012bba<\/strong> : DHA ir b\u016btiska norm\u0101lai smadze\u0146u darb\u012bbai. Dienas deva 250 mg DHA pal\u012bdz uztur\u0113t norm\u0101lu smadze\u0146u darb\u012bbu.<\/p>\n<\/li>\n<li>\n<p><strong>Sirds vesel\u012bba<\/strong> : EPA un DHA veicina norm\u0101lu sirds darb\u012bbu.<\/p>\n<\/li>\n<li>\n<p><strong>T\u012brs un ilgtsp\u0113j\u012bgs<\/strong> :  Puhdas+ Premium Omega-3 ir izgatavots no dro\u0161iem, dab\u012bgiem an\u0161oviem, kas ir nozvejoti Klus\u0101 oke\u0101na dienvidu da\u013cas nepies\u0101r\u0146otos \u016bde\u0146os. Zivju e\u013c\u013ca iziet \u013coti r\u016bp\u012bgu att\u012br\u012b\u0161anas procesu pirms non\u0101k\u0161anas kapsul\u0101. T\u0101d\u0113\u013c zivju e\u013c\u013ca nesatur smagos met\u0101lus un citus toks\u012bnus. Puhdas+ zivju e\u013c\u013cas Totox r\u0101d\u012bt\u0101js parasti ir zem 5, kas noz\u012bm\u0113, ka t\u0101 ir \u013coti viegli oksid\u0113jusies. Katra zivju e\u013c\u013cas partija ir 100% izsekojama.<\/p>\n<\/li>\n<\/ul>\n<h2>Omega-3 tauksk\u0101bes (DHA un EPA) \u2013 atbalsta smadzenes, sirdi un redzi<\/h2>\n<p>Omega-3 tauksk\u0101bes ir neaizvietojam\u0101s tauksk\u0101bes, kuras organisms pats nevar sara\u017eot.<\/p>\n<ul>\n<li>\n<p><strong>DHA (dokozaheksa\u0113nsk\u0101be)<\/strong> pal\u012bdz uztur\u0113t norm\u0101lu smadze\u0146u darb\u012bbu un redzi.<\/p>\n<\/li>\n<li>\n<p><strong>EPA (eikozatapenta\u0113nsk\u0101be)<\/strong> atbalsta norm\u0101lu sirds un asinsvadu darb\u012bbu un veicina pretiekaisuma l\u012bdzsvaru.<br \/> \u0160\u012bs tauksk\u0101bes ir svar\u012bgas <strong>gar\u012bgajai modr\u012bbai, labai redzei un sirds vesel\u012bbai<\/strong> .<\/p>\n<\/li>\n<\/ul>\n<h2>Lute\u012bns \u2013 acu aizsardz\u012bba un makulas atbalsts<\/h2>\n<p>Lute\u012bns ir viens no svar\u012bg\u0101kajiem karotino\u012bdiem acu vesel\u012bbai.<\/p>\n<ul>\n<li>\n<p>Tas uzkr\u0101jas acs t\u012bklen\u0113 un pal\u012bdz aizsarg\u0101t pret <strong>UV starojuma un zil\u0101s gaismas<\/strong> kait\u012bgo iedarb\u012bbu.<\/p>\n<\/li>\n<li>\n<p>Atbalsta <strong>asu redzi<\/strong> un samazina acu nogurumu, \u012bpa\u0161i, str\u0101d\u0101jot ar ekr\u0101niem.<\/p>\n<\/li>\n<\/ul>\n<h2>Zeaksant\u012bns \u2013 dabisks filtrs pret zilo gaismu<\/h2>\n<p>Zeaksant\u012bns darbojas roku rok\u0101 ar lute\u012bnu, nodro\u0161inot divk\u0101r\u0161u atbalstu ac\u012bm.<\/p>\n<ul>\n<li>\n<p>Pal\u012bdz filtr\u0113t zilo gaismu un aizsarg\u0101 <strong>makulu<\/strong> , kas ir atbild\u012bga par centr\u0101lo, asu redzi.<\/p>\n<\/li>\n<li>\n<p>Atbalsta <strong>acu aizsardz\u012bbu pret noveco\u0161anos<\/strong> .<\/p>\n<\/li>\n<\/ul>\n<h2>Cinks \u2013 miner\u0101ls redzei un \u0161\u016bnu aizsardz\u012bbai<\/h2>\n<p>Cinks ir svar\u012bgs miner\u0101ls, kas:<\/p>\n<ul>\n<li>\n<p>Pal\u012bdz uztur\u0113t <strong>norm\u0101lu redzi<\/strong><\/p>\n<\/li>\n<li>\n<p>Atbalsta <strong>im\u016bnsist\u0113mu<\/strong><\/p>\n<\/li>\n<li>\n<p>Aizsarg\u0101 \u0161\u016bnas no oksidat\u012bv\u0101 stresa <br \/> Turkl\u0101t cinks pal\u012bdz <strong>aktiviz\u0113t A vitam\u012bnu<\/strong> , kas stiprina acu funkcijas.<\/p>\n<\/li>\n<\/ul>\n<h2>A vitam\u012bns \u2013 nakts redzam\u012bbai un acu g\u013cot\u0101du aizsardz\u012bbai<\/h2>\n<p>A vitam\u012bns ir svar\u012bgs acu darb\u012bbai:<\/p>\n<ul>\n<li>\n<p>Pal\u012bdz <strong>uztur\u0113t norm\u0101lu redzi v\u0101j\u0101 apgaismojum\u0101<\/strong><\/p>\n<\/li>\n<li>\n<p>Atbalsta acu <strong>g\u013cot\u0101du vesel\u012bbu<\/strong><\/p>\n<\/li>\n<li>\n<p>T\u0101pat veicina norm\u0101lu <strong>\u0101das un im\u016bnsist\u0113mas<\/strong> darb\u012bbu<\/p>\n<\/li>\n<\/ul>\n<h2>B2 vitam\u012bns (riboflav\u012bns) \u2013 ener\u0123ijas avots un acu noguruma mazin\u0101\u0161anai<\/h2>\n<p>B2 vitam\u012bnam ir svar\u012bga loma:<\/p>\n<ul>\n<li>\n<p><strong>Ener\u0123ijas vielmai\u0146a<\/strong> , pal\u012bdzot mazin\u0101t nogurumu<\/p>\n<\/li>\n<li>\n<p><strong>Acu un \u0101das g\u013cot\u0101du<\/strong> vesel\u012bb\u0101<\/p>\n<\/li>\n<li>\n<p>Pal\u012bdz aizsarg\u0101t \u0161\u016bnas <strong>no oksidat\u012bv\u0101 stresa<\/strong><\/p>\n<\/li>\n<\/ul>\n<h2>Sast\u0101vda\u013cas un uzturv\u0113rt\u012bba<\/h2>\n<p><strong>Sast\u0101vda\u013cas<\/strong> : zivju e\u013c\u013cas koncentr\u0101ts (triglicer\u012bds), zivju milti, glicer\u012bns, bi\u0161u vasks, Xanmax\u00ae 2004 (kli\u0146\u0123er\u012b\u0161u ekstrakts (Tagetes erecta L.), saulespu\u0137u e\u013c\u013ca), cinka pikolin\u0101ts, saulespu\u0137u lecit\u012bns, beta-karot\u012bns, retinilpalmit\u0101ts, riboflav\u012bns.<\/p>\n<p><strong>Uzturv\u0113rt\u012bba (1 kapsula):<\/strong><\/p>\n<ul>\n<li>\n<p>Omega-3 tauksk\u0101bes: 670 mg<\/p>\n<ul>\n<li>\n<p>DHA: 500 mg<\/p>\n<\/li>\n<li>\n<p>EPA: 100 mg<\/p>\n<\/li>\n<\/ul>\n<\/li>\n<li>\n<p>Lute\u012bns: 10 mg<\/p>\n<\/li>\n<li>\n<p>Zeaksant\u012bns: 2 mg<\/p>\n<\/li>\n<li>\n<p>Cinks: 10 mg (100% no ieteicam\u0101s dienas devas*)<\/p>\n<\/li>\n<li>\n<p>A vitam\u012bns: 800 \u00b5g (100% no ieteicam\u0101s dienas devas*)<\/p>\n<\/li>\n<li>\n<p>B2 vitam\u012bns (riboflav\u012bns): 1,4 mg (100% NRV*)<\/p>\n<\/li>\n<\/ul>\n<p>*\u200b NRV \u2013 ieteicam\u0101 dienas deva<\/p>\n<h2>Lietojums<\/h2>\n<p><strong>Ieteicam\u0101 dienas deva<\/strong> : 1 kapsula dien\u0101, uzdzerot \u016bdeni.<\/p>\n<p><strong>Piez\u012bme<\/strong> : Nep\u0101rsniedziet ieteicamo dienas devu. \u0160is uztura bag\u0101tin\u0101t\u0101js neaizst\u0101j daudzveid\u012bgu un sabalans\u0113tu uzturu vai vesel\u012bgu dz\u012bvesveidu. Sarg\u0101t no b\u0113rniem. Nav ieteicams cilv\u0113kiem ar asins rec\u0113\u0161anas probl\u0113m\u0101m.<\/p>\n<p><strong>Skat\u012bt ar\u012b:<\/strong> <a href=\"https:\/\/puhdasplus.ee\/toote-kategooria\/omega-3\/\">Omega-3<\/a> | <a href=\"https:\/\/puhdasplus.ee\/toote-kategooria\/silmadele\/\">Silmadele<\/a> | <a href=\"https:\/\/puhdasplus.ee\/toote-kategooria\/magneesium\/\">Magnijs<\/a><\/p>\n","protected":false},"excerpt":{"rendered":"<p>Puhdas+ Premium Omega-3 + Lute\u012bns un Zeaksant\u012bns ir augstas kvalit\u0101tes uztura bag\u0101tin\u0101t\u0101js, kas atbalsta acu un smadze\u0146u vesel\u012bbu. Omega-3 tauksk\u0101bes EPA un DHA pal\u012bdz uztur\u0113t norm\u0101lu smadze\u0146u darb\u012bbu un redzi, savuk\u0101rt lute\u012bns un zeaksant\u012bns darbojas k\u0101 dabiski filtri, aizsarg\u0101jot acis no zil\u0101s gaismas un oksidat\u012bv\u0101 stresa. Ide\u0101la izv\u0113le tiem, kas daudz str\u0101d\u0101 pie ekr\u0101niem, piedz\u012bvo acu nogurumu vai v\u0113las nov\u0113rst ar vecumu saist\u012btu redzes zudumu. T\u012brs sast\u0101vs \u2013 bez m\u0101ksl\u012bg\u0101m piedev\u0101m.   <\/p>\n","protected":false},"featured_media":32540,"comment_status":"closed","ping_status":"closed","template":"","meta":{"_acf_changed":false,"googlesitekit_rrm_CAow3eq7DA:productID":""},"product_brand":[],"product_cat":[4584,3442,3441,3205],"product_tag":[4059,8377,8290,3041,8365,8283,3966,8381,3206,8287],"class_list":{"0":"post-33982","1":"product","2":"type-product","3":"status-publish","4":"has-post-thumbnail","6":"product_cat-acim","7":"product_cat-omega-3-lv","8":"product_cat-sirds-veseliba","9":"product_cat-vitamini","10":"product_tag-cinks","11":"product_tag-dabgs-lv","12":"product_tag-fish-oil-lv","13":"product_tag-imunitate","14":"product_tag-minerlvielas-lv","15":"product_tag-omega-lv","16":"product_tag-omega-3-lv","17":"product_tag-smadzeu-veselba-lv","18":"product_tag-uztura-bagatinatajs","19":"product_tag-zivju-ea-lv","21":"first","22":"onbackorder","23":"taxable","24":"shipping-taxable","25":"purchasable","26":"product-type-variable","27":"has-default-attributes"},"acf":[],"yoast_head":"<!-- This site is optimized with the Yoast SEO plugin v27.3 - https:\/\/yoast.com\/product\/yoast-seo-wordpress\/ -->\n<title>Augst\u0101k\u0101s kvalit\u0101tes Omega-3 ar lute\u012bnu un zeaksant\u012bnu | Puhdas+<\/title>\n<meta name=\"description\" content=\"Augst\u0101k\u0101s kvalit\u0101tes Omega-3 ar lute\u012bnu un zeaksant\u012bnu efekt\u012bvi atbalsta acu vesel\u012bbu, aizsarg\u0101 t\u012bkleni no zil\u0101s gaismas un pal\u012bdz saglab\u0101t asu redzi.\" \/>\n<meta name=\"robots\" content=\"index, follow, max-snippet:-1, max-image-preview:large, max-video-preview:-1\" \/>\n<link rel=\"canonical\" href=\"https:\/\/puhdasplus.ee\/lv\/produkti\/sirds-veseliba\/omega-3-lv\/augstakas-kvalitates-omega-3-ar-luteinu-un-zeaksantinu\/\" \/>\n<meta property=\"og:locale\" content=\"lv_LV\" \/>\n<meta property=\"og:type\" content=\"article\" \/>\n<meta property=\"og:title\" content=\"Augst\u0101k\u0101s kvalit\u0101tes Omega-3 ar lute\u012bnu un zeaksant\u012bnu | Puhdas+\" \/>\n<meta property=\"og:description\" content=\"Augst\u0101k\u0101s kvalit\u0101tes Omega-3 ar lute\u012bnu un zeaksant\u012bnu efekt\u012bvi atbalsta acu vesel\u012bbu, aizsarg\u0101 t\u012bkleni no zil\u0101s gaismas un pal\u012bdz saglab\u0101t asu redzi.\" \/>\n<meta property=\"og:url\" content=\"https:\/\/puhdasplus.ee\/lv\/produkti\/sirds-veseliba\/omega-3-lv\/augstakas-kvalitates-omega-3-ar-luteinu-un-zeaksantinu\/\" \/>\n<meta property=\"og:site_name\" content=\"Puhdas+\" \/>\n<meta property=\"article:publisher\" content=\"https:\/\/www.facebook.com\/puhdasplus\" \/>\n<meta property=\"article:modified_time\" content=\"2026-04-07T16:58:33+00:00\" \/>\n<meta property=\"og:image\" content=\"https:\/\/puhdasplus.ee\/wp-content\/uploads\/2025\/03\/49.jpg\" \/>\n\t<meta property=\"og:image:width\" content=\"1862\" \/>\n\t<meta property=\"og:image:height\" content=\"2560\" \/>\n\t<meta property=\"og:image:type\" content=\"image\/jpeg\" \/>\n<meta name=\"twitter:card\" content=\"summary_large_image\" \/>\n<meta name=\"twitter:label1\" content=\"Est. reading time\" \/>\n\t<meta name=\"twitter:data1\" content=\"4 min\u016btes\" \/>\n<script type=\"application\/ld+json\" class=\"yoast-schema-graph\">{\"@context\":\"https:\\\/\\\/schema.org\",\"@graph\":[{\"@type\":\"WebPage\",\"@id\":\"https:\\\/\\\/puhdasplus.ee\\\/lv\\\/produkti\\\/sirds-veseliba\\\/omega-3-lv\\\/augstakas-kvalitates-omega-3-ar-luteinu-un-zeaksantinu\\\/\",\"url\":\"https:\\\/\\\/puhdasplus.ee\\\/lv\\\/produkti\\\/sirds-veseliba\\\/omega-3-lv\\\/augstakas-kvalitates-omega-3-ar-luteinu-un-zeaksantinu\\\/\",\"name\":\"Augst\u0101k\u0101s kvalit\u0101tes Omega-3 ar lute\u012bnu un zeaksant\u012bnu | Puhdas+\",\"isPartOf\":{\"@id\":\"https:\\\/\\\/puhdasplus.ee\\\/lv\\\/#website\"},\"primaryImageOfPage\":{\"@id\":\"https:\\\/\\\/puhdasplus.ee\\\/lv\\\/produkti\\\/sirds-veseliba\\\/omega-3-lv\\\/augstakas-kvalitates-omega-3-ar-luteinu-un-zeaksantinu\\\/#primaryimage\"},\"image\":{\"@id\":\"https:\\\/\\\/puhdasplus.ee\\\/lv\\\/produkti\\\/sirds-veseliba\\\/omega-3-lv\\\/augstakas-kvalitates-omega-3-ar-luteinu-un-zeaksantinu\\\/#primaryimage\"},\"thumbnailUrl\":\"https:\\\/\\\/puhdasplus.ee\\\/wp-content\\\/uploads\\\/2025\\\/03\\\/49.jpg\",\"datePublished\":\"2022-11-15T07:30:29+00:00\",\"dateModified\":\"2026-04-07T16:58:33+00:00\",\"description\":\"Augst\u0101k\u0101s kvalit\u0101tes Omega-3 ar lute\u012bnu un zeaksant\u012bnu efekt\u012bvi atbalsta acu vesel\u012bbu, aizsarg\u0101 t\u012bkleni no zil\u0101s gaismas un pal\u012bdz saglab\u0101t asu redzi.\",\"breadcrumb\":{\"@id\":\"https:\\\/\\\/puhdasplus.ee\\\/lv\\\/produkti\\\/sirds-veseliba\\\/omega-3-lv\\\/augstakas-kvalitates-omega-3-ar-luteinu-un-zeaksantinu\\\/#breadcrumb\"},\"inLanguage\":\"lv-LV\",\"potentialAction\":[{\"@type\":\"ReadAction\",\"target\":[\"https:\\\/\\\/puhdasplus.ee\\\/lv\\\/produkti\\\/sirds-veseliba\\\/omega-3-lv\\\/augstakas-kvalitates-omega-3-ar-luteinu-un-zeaksantinu\\\/\"]}]},{\"@type\":\"ImageObject\",\"inLanguage\":\"lv-LV\",\"@id\":\"https:\\\/\\\/puhdasplus.ee\\\/lv\\\/produkti\\\/sirds-veseliba\\\/omega-3-lv\\\/augstakas-kvalitates-omega-3-ar-luteinu-un-zeaksantinu\\\/#primaryimage\",\"url\":\"https:\\\/\\\/puhdasplus.ee\\\/wp-content\\\/uploads\\\/2025\\\/03\\\/49.jpg\",\"contentUrl\":\"https:\\\/\\\/puhdasplus.ee\\\/wp-content\\\/uploads\\\/2025\\\/03\\\/49.jpg\",\"width\":1862,\"height\":2560,\"caption\":\"Augst\u0101k\u0101s kvalit\u0101tes Omega-3 ar lute\u012bnu un zeaksant\u012bnu\"},{\"@type\":\"BreadcrumbList\",\"@id\":\"https:\\\/\\\/puhdasplus.ee\\\/lv\\\/produkti\\\/sirds-veseliba\\\/omega-3-lv\\\/augstakas-kvalitates-omega-3-ar-luteinu-un-zeaksantinu\\\/#breadcrumb\",\"itemListElement\":[{\"@type\":\"ListItem\",\"position\":1,\"name\":\"S\u0101kums\",\"item\":\"https:\\\/\\\/puhdasplus.ee\\\/lv\\\/\"},{\"@type\":\"ListItem\",\"position\":2,\"name\":\"Produkti\",\"item\":\"https:\\\/\\\/puhdasplus.ee\\\/lv\\\/veikals\\\/\"},{\"@type\":\"ListItem\",\"position\":3,\"name\":\"Augst\u0101k\u0101s kvalit\u0101tes Omega-3 ar lute\u012bnu un zeaksant\u012bnu\"}]},{\"@type\":\"WebSite\",\"@id\":\"https:\\\/\\\/puhdasplus.ee\\\/lv\\\/#website\",\"url\":\"https:\\\/\\\/puhdasplus.ee\\\/lv\\\/\",\"name\":\"Puhdas+\",\"description\":\"Vitam\u012bni, uztura bag\u0101tin\u0101t\u0101ji, dab\u012bg\u0101 kosm\u0113tika, vesel\u012bba, sports\",\"publisher\":{\"@id\":\"https:\\\/\\\/puhdasplus.ee\\\/lv\\\/#organization\"},\"potentialAction\":[{\"@type\":\"SearchAction\",\"target\":{\"@type\":\"EntryPoint\",\"urlTemplate\":\"https:\\\/\\\/puhdasplus.ee\\\/lv\\\/?s={search_term_string}\"},\"query-input\":{\"@type\":\"PropertyValueSpecification\",\"valueRequired\":true,\"valueName\":\"search_term_string\"}}],\"inLanguage\":\"lv-LV\"},{\"@type\":\"Organization\",\"@id\":\"https:\\\/\\\/puhdasplus.ee\\\/lv\\\/#organization\",\"name\":\"Puhdas+\",\"alternateName\":\"Puhdasplus\",\"url\":\"https:\\\/\\\/puhdasplus.ee\\\/lv\\\/\",\"logo\":{\"@type\":\"ImageObject\",\"inLanguage\":\"lv-LV\",\"@id\":\"https:\\\/\\\/puhdasplus.ee\\\/lv\\\/#\\\/schema\\\/logo\\\/image\\\/\",\"url\":\"https:\\\/\\\/puhdasplus.ee\\\/wp-content\\\/uploads\\\/2019\\\/10\\\/puhdas_logo-arvele.png\",\"contentUrl\":\"https:\\\/\\\/puhdasplus.ee\\\/wp-content\\\/uploads\\\/2019\\\/10\\\/puhdas_logo-arvele.png\",\"width\":114,\"height\":94,\"caption\":\"Puhdas+\"},\"image\":{\"@id\":\"https:\\\/\\\/puhdasplus.ee\\\/lv\\\/#\\\/schema\\\/logo\\\/image\\\/\"},\"sameAs\":[\"https:\\\/\\\/www.facebook.com\\\/puhdasplus\",\"https:\\\/\\\/www.instagram.com\\\/puhdasplus_ee\\\/\"]}]}<\/script>\n<!-- \/ Yoast SEO plugin. -->","yoast_head_json":{"title":"Augst\u0101k\u0101s kvalit\u0101tes Omega-3 ar lute\u012bnu un zeaksant\u012bnu | Puhdas+","description":"Augst\u0101k\u0101s kvalit\u0101tes Omega-3 ar lute\u012bnu un zeaksant\u012bnu efekt\u012bvi atbalsta acu vesel\u012bbu, aizsarg\u0101 t\u012bkleni no zil\u0101s gaismas un pal\u012bdz saglab\u0101t asu redzi.","robots":{"index":"index","follow":"follow","max-snippet":"max-snippet:-1","max-image-preview":"max-image-preview:large","max-video-preview":"max-video-preview:-1"},"canonical":"https:\/\/puhdasplus.ee\/lv\/produkti\/sirds-veseliba\/omega-3-lv\/augstakas-kvalitates-omega-3-ar-luteinu-un-zeaksantinu\/","og_locale":"lv_LV","og_type":"article","og_title":"Augst\u0101k\u0101s kvalit\u0101tes Omega-3 ar lute\u012bnu un zeaksant\u012bnu | Puhdas+","og_description":"Augst\u0101k\u0101s kvalit\u0101tes Omega-3 ar lute\u012bnu un zeaksant\u012bnu efekt\u012bvi atbalsta acu vesel\u012bbu, aizsarg\u0101 t\u012bkleni no zil\u0101s gaismas un pal\u012bdz saglab\u0101t asu redzi.","og_url":"https:\/\/puhdasplus.ee\/lv\/produkti\/sirds-veseliba\/omega-3-lv\/augstakas-kvalitates-omega-3-ar-luteinu-un-zeaksantinu\/","og_site_name":"Puhdas+","article_publisher":"https:\/\/www.facebook.com\/puhdasplus","article_modified_time":"2026-04-07T16:58:33+00:00","og_image":[{"width":1862,"height":2560,"url":"https:\/\/puhdasplus.ee\/wp-content\/uploads\/2025\/03\/49.jpg","type":"image\/jpeg"}],"twitter_card":"summary_large_image","twitter_misc":{"Est. reading time":"4 min\u016btes"},"schema":{"@context":"https:\/\/schema.org","@graph":[{"@type":"WebPage","@id":"https:\/\/puhdasplus.ee\/lv\/produkti\/sirds-veseliba\/omega-3-lv\/augstakas-kvalitates-omega-3-ar-luteinu-un-zeaksantinu\/","url":"https:\/\/puhdasplus.ee\/lv\/produkti\/sirds-veseliba\/omega-3-lv\/augstakas-kvalitates-omega-3-ar-luteinu-un-zeaksantinu\/","name":"Augst\u0101k\u0101s kvalit\u0101tes Omega-3 ar lute\u012bnu un zeaksant\u012bnu | Puhdas+","isPartOf":{"@id":"https:\/\/puhdasplus.ee\/lv\/#website"},"primaryImageOfPage":{"@id":"https:\/\/puhdasplus.ee\/lv\/produkti\/sirds-veseliba\/omega-3-lv\/augstakas-kvalitates-omega-3-ar-luteinu-un-zeaksantinu\/#primaryimage"},"image":{"@id":"https:\/\/puhdasplus.ee\/lv\/produkti\/sirds-veseliba\/omega-3-lv\/augstakas-kvalitates-omega-3-ar-luteinu-un-zeaksantinu\/#primaryimage"},"thumbnailUrl":"https:\/\/puhdasplus.ee\/wp-content\/uploads\/2025\/03\/49.jpg","datePublished":"2022-11-15T07:30:29+00:00","dateModified":"2026-04-07T16:58:33+00:00","description":"Augst\u0101k\u0101s kvalit\u0101tes Omega-3 ar lute\u012bnu un zeaksant\u012bnu efekt\u012bvi atbalsta acu vesel\u012bbu, aizsarg\u0101 t\u012bkleni no zil\u0101s gaismas un pal\u012bdz saglab\u0101t asu redzi.","breadcrumb":{"@id":"https:\/\/puhdasplus.ee\/lv\/produkti\/sirds-veseliba\/omega-3-lv\/augstakas-kvalitates-omega-3-ar-luteinu-un-zeaksantinu\/#breadcrumb"},"inLanguage":"lv-LV","potentialAction":[{"@type":"ReadAction","target":["https:\/\/puhdasplus.ee\/lv\/produkti\/sirds-veseliba\/omega-3-lv\/augstakas-kvalitates-omega-3-ar-luteinu-un-zeaksantinu\/"]}]},{"@type":"ImageObject","inLanguage":"lv-LV","@id":"https:\/\/puhdasplus.ee\/lv\/produkti\/sirds-veseliba\/omega-3-lv\/augstakas-kvalitates-omega-3-ar-luteinu-un-zeaksantinu\/#primaryimage","url":"https:\/\/puhdasplus.ee\/wp-content\/uploads\/2025\/03\/49.jpg","contentUrl":"https:\/\/puhdasplus.ee\/wp-content\/uploads\/2025\/03\/49.jpg","width":1862,"height":2560,"caption":"Augst\u0101k\u0101s kvalit\u0101tes Omega-3 ar lute\u012bnu un zeaksant\u012bnu"},{"@type":"BreadcrumbList","@id":"https:\/\/puhdasplus.ee\/lv\/produkti\/sirds-veseliba\/omega-3-lv\/augstakas-kvalitates-omega-3-ar-luteinu-un-zeaksantinu\/#breadcrumb","itemListElement":[{"@type":"ListItem","position":1,"name":"S\u0101kums","item":"https:\/\/puhdasplus.ee\/lv\/"},{"@type":"ListItem","position":2,"name":"Produkti","item":"https:\/\/puhdasplus.ee\/lv\/veikals\/"},{"@type":"ListItem","position":3,"name":"Augst\u0101k\u0101s kvalit\u0101tes Omega-3 ar lute\u012bnu un zeaksant\u012bnu"}]},{"@type":"WebSite","@id":"https:\/\/puhdasplus.ee\/lv\/#website","url":"https:\/\/puhdasplus.ee\/lv\/","name":"Puhdas+","description":"Vitam\u012bni, uztura bag\u0101tin\u0101t\u0101ji, dab\u012bg\u0101 kosm\u0113tika, vesel\u012bba, sports","publisher":{"@id":"https:\/\/puhdasplus.ee\/lv\/#organization"},"potentialAction":[{"@type":"SearchAction","target":{"@type":"EntryPoint","urlTemplate":"https:\/\/puhdasplus.ee\/lv\/?s={search_term_string}"},"query-input":{"@type":"PropertyValueSpecification","valueRequired":true,"valueName":"search_term_string"}}],"inLanguage":"lv-LV"},{"@type":"Organization","@id":"https:\/\/puhdasplus.ee\/lv\/#organization","name":"Puhdas+","alternateName":"Puhdasplus","url":"https:\/\/puhdasplus.ee\/lv\/","logo":{"@type":"ImageObject","inLanguage":"lv-LV","@id":"https:\/\/puhdasplus.ee\/lv\/#\/schema\/logo\/image\/","url":"https:\/\/puhdasplus.ee\/wp-content\/uploads\/2019\/10\/puhdas_logo-arvele.png","contentUrl":"https:\/\/puhdasplus.ee\/wp-content\/uploads\/2019\/10\/puhdas_logo-arvele.png","width":114,"height":94,"caption":"Puhdas+"},"image":{"@id":"https:\/\/puhdasplus.ee\/lv\/#\/schema\/logo\/image\/"},"sameAs":["https:\/\/www.facebook.com\/puhdasplus","https:\/\/www.instagram.com\/puhdasplus_ee\/"]}]}},"_yoast_wpseo_title":"Augst\u0101k\u0101s kvalit\u0101tes Omega-3 ar lute\u012bnu un zeaksant\u012bnu | Puhdas+","_yoast_wpseo_metadesc":"Augst\u0101k\u0101s kvalit\u0101tes Omega-3 ar lute\u012bnu un zeaksant\u012bnu efekt\u012bvi atbalsta acu vesel\u012bbu, aizsarg\u0101 t\u012bkleni no zil\u0101s gaismas un pal\u012bdz saglab\u0101t asu redzi.","_yoast_wpseo_focuskw":"Omega-3","_links":{"self":[{"href":"https:\/\/puhdasplus.ee\/lv\/wp-json\/wp\/v2\/product\/33982","targetHints":{"allow":["GET"]}}],"collection":[{"href":"https:\/\/puhdasplus.ee\/lv\/wp-json\/wp\/v2\/product"}],"about":[{"href":"https:\/\/puhdasplus.ee\/lv\/wp-json\/wp\/v2\/types\/product"}],"replies":[{"embeddable":true,"href":"https:\/\/puhdasplus.ee\/lv\/wp-json\/wp\/v2\/comments?post=33982"}],"wp:featuredmedia":[{"embeddable":true,"href":"https:\/\/puhdasplus.ee\/lv\/wp-json\/wp\/v2\/media\/32540"}],"wp:attachment":[{"href":"https:\/\/puhdasplus.ee\/lv\/wp-json\/wp\/v2\/media?parent=33982"}],"wp:term":[{"taxonomy":"product_brand","embeddable":true,"href":"https:\/\/puhdasplus.ee\/lv\/wp-json\/wp\/v2\/product_brand?post=33982"},{"taxonomy":"product_cat","embeddable":true,"href":"https:\/\/puhdasplus.ee\/lv\/wp-json\/wp\/v2\/product_cat?post=33982"},{"taxonomy":"product_tag","embeddable":true,"href":"https:\/\/puhdasplus.ee\/lv\/wp-json\/wp\/v2\/product_tag?post=33982"}],"curies":[{"name":"wp","href":"https:\/\/api.w.org\/{rel}","templated":true}]}}