{"id":33898,"date":"2023-03-27T11:34:20","date_gmt":"2023-03-27T08:34:20","guid":{"rendered":"https:\/\/puhdasplus.ee\/tooted\/uncategorized\/ubikinona-koenzims-q10-ar-extra-virgin-olivellu-100-mg\/"},"modified":"2026-04-07T19:58:32","modified_gmt":"2026-04-07T16:58:32","slug":"ubikinona-koenzims-q10-ar-extra-virgin-olivellu-100-mg","status":"publish","type":"product","link":"https:\/\/puhdasplus.ee\/lv\/produkti\/stress-un-miegs\/ubikinona-koenzims-q10-ar-extra-virgin-olivellu-100-mg\/","title":{"rendered":"Ubikinona koenz\u012bms Q10 ar extra virgin ol\u012bve\u013c\u013cu 100 mg"},"content":{"rendered":"<h2>Kas ir ubikinons (koenz\u012bms Q10)?<\/h2>\n<p>Ubikinons, kas paz\u012bstams ar\u012b k\u0101 koenz\u012bms Q10 vai CoQ10, ir taukos \u0161\u0137\u012bsto\u0161s savienojums, kas dabiski atrodams vis\u0101s \u0137erme\u0146a \u0161\u016bn\u0101s. \u0160\u012b viela ir iesaist\u012bta \u0161\u016bnu ener\u0123ijas ra\u017eo\u0161anas procesos. Ar vecumu vai noteiktu dz\u012bvesveida faktoru d\u0113\u013c organisma dabiskais Q10 l\u012bmenis var samazin\u0101ties, t\u0101p\u0113c to bie\u017ei lieto k\u0101 uztura bag\u0101tin\u0101t\u0101ju, lai papildin\u0101tu ikdienas uzturu.  <\/p>\n<h2>K\u0101p\u0113c ubikinons var\u0113tu b\u016bt noder\u012bgs k\u0101 uztura bag\u0101tin\u0101t\u0101js?<\/h2>\n<p>Ubikinons, kas paz\u012bstams ar\u012b k\u0101 <strong>koenz\u012bms Q10<\/strong> vai <strong>CoQ10<\/strong> , ir viela, ko organisms ra\u017eo pats un kas dabiski atrodama katras \u0137erme\u0146a \u0161\u016bnas mitohondrijos \u2013 \u0161\u016bnas da\u013c\u0101s, kur\u0101s tiek ra\u017eota ener\u0123ija. T\u0101 tiek uzskat\u012bta par b\u016btisku sast\u0101vda\u013cu norm\u0101lai \u0161\u016bnu ener\u0123ijas metabolismam. <\/p>\n<p>Ubikinona l\u012bmenis organism\u0101 var dabiski samazin\u0101ties:<\/p>\n<ul>\n<li>\n<p><strong>K\u013c\u016bstot vec\u0101kam<\/strong><\/p>\n<\/li>\n<li>\n<p><strong>P\u0113c ilgsto\u0161\u0101m p\u016bl\u0113m<\/strong><\/p>\n<\/li>\n<li>\n<p><strong>Lietojot noteiktas z\u0101les (piem\u0113ram, stat\u012bnus)<\/strong><\/p>\n<\/li>\n<li>\n<p><strong>Paaugstin\u0101tas fizisk\u0101s slodzes gad\u012bjum\u0101<\/strong><\/p>\n<\/li>\n<\/ul>\n<p>Ubikinons ir <b>taukos \u0161\u0137\u012bsto\u0161a viela<\/b> , un t\u0101s uzs\u016bk\u0161anos var veicin\u0101t lieto\u0161ana kop\u0101 ar taukiem. T\u0101p\u0113c Puhdas+ Q10 kapsulas satur ar\u012b <b>auksti spiestu extra virgin ol\u012bve\u013c\u013cu<\/b> , kas var veicin\u0101t lab\u0101ku uzs\u016bk\u0161anos. <\/p>\n<h2>Produkta funkcijas<\/h2>\n<ul>\n<li>\n<p><strong>Augsta kvalit\u0101te:<\/strong> Satur 100 mg ubikinona vien\u0101 kapsul\u0101.<\/p>\n<\/li>\n<li>\n<p><strong>Laba biopieejam\u012bba:<\/strong> Q10 ir iz\u0161\u0137\u012bdin\u0101ts ol\u012bve\u013c\u013c\u0101 .<\/p>\n<\/li>\n<li>\n<p><strong>Viegli lietojams:<\/strong> maza, gaismas iztur\u012bga m\u012bkst\u0101 kapsula.<\/p>\n<\/li>\n<li>\n<p><strong>Ra\u017eots ferment\u0101cijas ce\u013c\u0101:<\/strong> oQ10 tiek ra\u017eots dabisk\u0101s ferment\u0101cijas ce\u013c\u0101 .<\/p>\n<\/li>\n<\/ul>\n<h2>Sast\u0101vda\u013cas<\/h2>\n<p>Aukst\u0101 spieduma extra virgin ol\u012bve\u013c\u013ca, ubikinons (CoQ10), kapsula (\u017eelat\u012bns, liellopu ga\u013ca), kokosriekstu e\u013c\u013ca, MCT e\u013c\u013ca, mitrin\u0101t\u0101js (glicer\u012bns), emulgators (glicer\u012bna monostear\u0101ts), kr\u0101sviela (dzelzs oks\u012bds).<\/p>\n<p><strong>Neietver:<\/strong><\/p>\n<ul>\n<li>\n<p>Laktoze<\/p>\n<\/li>\n<li>\n<p>Raugs<\/p>\n<\/li>\n<li>\n<p>Glut\u0113ns<\/p>\n<\/li>\n<li>\n<p>S\u0101ls<\/p>\n<\/li>\n<li>\n<p>Sojas pupi\u0146as<\/p>\n<\/li>\n<li>\n<p>Saldin\u0101t\u0101ji<\/p>\n<\/li>\n<\/ul>\n<h2>Uzturv\u0113rt\u012bba (1 kapsula):<\/h2>\n<ul>\n<li>\n<p>Ubikinons (CoQ10): 100 mg<\/p>\n<\/li>\n<\/ul>\n<h2>Lietot\u0101ja rokasgr\u0101mata<\/h2>\n<p>Ieteicam\u0101 dienas deva: 1 kapsula dien\u0101. Nep\u0101rsniegt ieteicamo dienas devu.<\/p>\n<h2>Br\u012bdin\u0101jumi un uzglab\u0101\u0161ana<\/h2>\n<ul>\n<li>\n<p>Uztura bag\u0101tin\u0101t\u0101js neaizst\u0101j daudzveid\u012bgu un sabalans\u0113tu uzturu vai vesel\u012bgu dz\u012bvesveidu.<\/p>\n<\/li>\n<li>\n<p>Sarg\u0101t no b\u0113rniem.<\/p>\n<\/li>\n<li>\n<p>Uzglab\u0101t istabas temperat\u016br\u0101, saus\u0101 viet\u0101 un sarg\u0101t no gaismas.<\/p>\n<\/li>\n<\/ul>\n<p><strong>Skat\u012bt ar\u012b:<\/strong> <a href=\"https:\/\/puhdasplus.ee\/toote-kategooria\/immuunsusteem\/\">Immuuns\u00fcsteem<\/a> | <a href=\"https:\/\/puhdasplus.ee\/toote-kategooria\/stress-uni\/\">Stress ja Uni<\/a> | <a href=\"https:\/\/puhdasplus.ee\/toote-kategooria\/magneesium\/\">Magnijs<\/a><\/p>\n","protected":false},"excerpt":{"rendered":"<h2><strong>Puhdas+ Strong Ubiquinone Q10<\/strong> ir augstas kvalit\u0101tes uztura bag\u0101tin\u0101t\u0101js, kas satur 100 mg ubikinona (CoQ10) \u2013 dab\u012bga savienojuma, kas atrodams vis\u0101s \u0137erme\u0146a \u0161\u016bn\u0101s un ir iesaist\u012bts norm\u0101l\u0101 \u0161\u016bnu ener\u0123ijas metabolism\u0101. Ubikinona l\u012bmenis organism\u0101 laika gait\u0101 var samazin\u0101ties, piem\u0113ram, noveco\u0161an\u0101s, aiz\u0146emta dz\u012bvesveida vai stresa d\u0113\u013c. \u0160is uztura bag\u0101tin\u0101t\u0101js pal\u012bdz papildin\u0101t j\u016bsu ikdienas uzturu tie\u0161i tad, kad j\u016bsu \u0137ermenim nepiecie\u0161ams papildu atbalsts.  <\/h2>\n<p>\u0160aj\u0101 produkt\u0101 eso\u0161ais ubikinons ir iz\u0161\u0137\u012bdin\u0101ts auksti spiest\u0101 extra virgin ol\u012bve\u013c\u013c\u0101, kas veicina t\u0101 labu uzs\u016bk\u0161anos. Kapsula ir maza un \u0113rti lietojama \u2013 ide\u0101li piem\u0113rota ikdienas lieto\u0161anai. <\/p>\n<p>\u2714 Piem\u0113rots cilv\u0113kiem, kuri v\u0113las uztur\u0113t savu dabisko ener\u0123ijas l\u012bmeni<br \/> \u2714 Viegli norijams un labi uzs\u016bcas<br \/> \u2714 Nesatur laktozi, glut\u0113nu, raugu, soju vai m\u0101ksl\u012bgos saldin\u0101t\u0101jus<\/p>\n<p>Uztura bag\u0101tin\u0101t\u0101js neaizst\u0101j daudzveid\u012bgu un sabalans\u0113tu uzturu vai vesel\u012bgu dz\u012bvesveidu, bet var b\u016bt v\u0113rt\u012bgs papildin\u0101jums akt\u012bva un apzin\u0101ta dz\u012bvesveida atbalstam.<\/p>\n<p>\n","protected":false},"featured_media":32314,"comment_status":"closed","ping_status":"closed","template":"","meta":{"_acf_changed":false,"googlesitekit_rrm_CAow3eq7DA:productID":""},"product_brand":[],"product_cat":[3066,3067,3441,3037],"product_tag":[4791,8349,8377,3042,3723,3206],"class_list":{"0":"post-33898","1":"product","2":"type-product","3":"status-publish","4":"has-post-thumbnail","6":"product_cat-imunsistema","7":"product_cat-ipasie-piedavajumi","8":"product_cat-sirds-veseliba","9":"product_cat-stress-un-miegs","10":"product_tag-antioksidants-lv","11":"product_tag-bez-laktozes-lv","12":"product_tag-dabgs-lv","13":"product_tag-energija-lv","14":"product_tag-sirds-veseliba","15":"product_tag-uztura-bagatinatajs","17":"first","18":"instock","19":"sale","20":"taxable","21":"shipping-taxable","22":"purchasable","23":"product-type-variable","24":"has-default-attributes"},"acf":[],"yoast_head":"<!-- This site is optimized with the Yoast SEO plugin v27.4 - https:\/\/yoast.com\/product\/yoast-seo-wordpress\/ -->\n<title>Ubikinona koenz\u012bms Q10 ar extra virgin ol\u012bve\u013c\u013cu 100 mg | Puhdas+<\/title>\n<meta name=\"description\" content=\"Strong Ubiquinone Q10 100 mg Extra \u2013 lab\u0101ka uzs\u016bk\u0161an\u0101s ar neapstr\u0101d\u0101tu ol\u012bve\u013c\u013cu, atbalsta sirds vesel\u012bbu un nodro\u0161ina ener\u0123iju. Dab\u012bga un efekt\u012bva izv\u0113le! Izm\u0113\u0123iniet t\u016bl\u012bt!\" \/>\n<meta name=\"robots\" content=\"index, follow, max-snippet:-1, max-image-preview:large, max-video-preview:-1\" \/>\n<link rel=\"canonical\" href=\"https:\/\/puhdasplus.ee\/lv\/produkti\/stress-un-miegs\/ubikinona-koenzims-q10-ar-extra-virgin-olivellu-100-mg\/\" \/>\n<meta property=\"og:locale\" content=\"lv_LV\" \/>\n<meta property=\"og:type\" content=\"article\" \/>\n<meta property=\"og:title\" content=\"Ubikinona koenz\u012bms Q10 ar extra virgin ol\u012bve\u013c\u013cu 100 mg | Puhdas+\" \/>\n<meta property=\"og:description\" content=\"Strong Ubiquinone Q10 100 mg Extra \u2013 lab\u0101ka uzs\u016bk\u0161an\u0101s ar neapstr\u0101d\u0101tu ol\u012bve\u013c\u013cu, atbalsta sirds vesel\u012bbu un nodro\u0161ina ener\u0123iju. Dab\u012bga un efekt\u012bva izv\u0113le! Izm\u0113\u0123iniet t\u016bl\u012bt!\" \/>\n<meta property=\"og:url\" content=\"https:\/\/puhdasplus.ee\/lv\/produkti\/stress-un-miegs\/ubikinona-koenzims-q10-ar-extra-virgin-olivellu-100-mg\/\" \/>\n<meta property=\"og:site_name\" content=\"Puhdas+\" \/>\n<meta property=\"article:publisher\" content=\"https:\/\/www.facebook.com\/puhdasplus\" \/>\n<meta property=\"article:modified_time\" content=\"2026-04-07T16:58:32+00:00\" \/>\n<meta property=\"og:image\" content=\"https:\/\/puhdasplus.ee\/wp-content\/uploads\/2025\/03\/29.jpg\" \/>\n\t<meta property=\"og:image:width\" content=\"1862\" \/>\n\t<meta property=\"og:image:height\" content=\"2560\" \/>\n\t<meta property=\"og:image:type\" content=\"image\/jpeg\" \/>\n<meta name=\"twitter:card\" content=\"summary_large_image\" \/>\n<meta name=\"twitter:label1\" content=\"Est. reading time\" \/>\n\t<meta name=\"twitter:data1\" content=\"2 min\u016btes\" \/>\n<script type=\"application\/ld+json\" class=\"yoast-schema-graph\">{\"@context\":\"https:\\\/\\\/schema.org\",\"@graph\":[{\"@type\":\"WebPage\",\"@id\":\"https:\\\/\\\/puhdasplus.ee\\\/lv\\\/produkti\\\/stress-un-miegs\\\/ubikinona-koenzims-q10-ar-extra-virgin-olivellu-100-mg\\\/\",\"url\":\"https:\\\/\\\/puhdasplus.ee\\\/lv\\\/produkti\\\/stress-un-miegs\\\/ubikinona-koenzims-q10-ar-extra-virgin-olivellu-100-mg\\\/\",\"name\":\"Ubikinona koenz\u012bms Q10 ar extra virgin ol\u012bve\u013c\u013cu 100 mg | Puhdas+\",\"isPartOf\":{\"@id\":\"https:\\\/\\\/puhdasplus.ee\\\/lv\\\/#website\"},\"primaryImageOfPage\":{\"@id\":\"https:\\\/\\\/puhdasplus.ee\\\/lv\\\/produkti\\\/stress-un-miegs\\\/ubikinona-koenzims-q10-ar-extra-virgin-olivellu-100-mg\\\/#primaryimage\"},\"image\":{\"@id\":\"https:\\\/\\\/puhdasplus.ee\\\/lv\\\/produkti\\\/stress-un-miegs\\\/ubikinona-koenzims-q10-ar-extra-virgin-olivellu-100-mg\\\/#primaryimage\"},\"thumbnailUrl\":\"https:\\\/\\\/puhdasplus.ee\\\/wp-content\\\/uploads\\\/2025\\\/03\\\/29.jpg\",\"datePublished\":\"2023-03-27T08:34:20+00:00\",\"dateModified\":\"2026-04-07T16:58:32+00:00\",\"description\":\"Strong Ubiquinone Q10 100 mg Extra \u2013 lab\u0101ka uzs\u016bk\u0161an\u0101s ar neapstr\u0101d\u0101tu ol\u012bve\u013c\u013cu, atbalsta sirds vesel\u012bbu un nodro\u0161ina ener\u0123iju. Dab\u012bga un efekt\u012bva izv\u0113le! Izm\u0113\u0123iniet t\u016bl\u012bt!\",\"breadcrumb\":{\"@id\":\"https:\\\/\\\/puhdasplus.ee\\\/lv\\\/produkti\\\/stress-un-miegs\\\/ubikinona-koenzims-q10-ar-extra-virgin-olivellu-100-mg\\\/#breadcrumb\"},\"inLanguage\":\"lv-LV\",\"potentialAction\":[{\"@type\":\"ReadAction\",\"target\":[\"https:\\\/\\\/puhdasplus.ee\\\/lv\\\/produkti\\\/stress-un-miegs\\\/ubikinona-koenzims-q10-ar-extra-virgin-olivellu-100-mg\\\/\"]}]},{\"@type\":\"ImageObject\",\"inLanguage\":\"lv-LV\",\"@id\":\"https:\\\/\\\/puhdasplus.ee\\\/lv\\\/produkti\\\/stress-un-miegs\\\/ubikinona-koenzims-q10-ar-extra-virgin-olivellu-100-mg\\\/#primaryimage\",\"url\":\"https:\\\/\\\/puhdasplus.ee\\\/wp-content\\\/uploads\\\/2025\\\/03\\\/29.jpg\",\"contentUrl\":\"https:\\\/\\\/puhdasplus.ee\\\/wp-content\\\/uploads\\\/2025\\\/03\\\/29.jpg\",\"width\":1862,\"height\":2560,\"caption\":\"Ubikinona koenz\u012bms Q10 ar extra virgin ol\u012bve\u013c\u013cu 100 mg\"},{\"@type\":\"BreadcrumbList\",\"@id\":\"https:\\\/\\\/puhdasplus.ee\\\/lv\\\/produkti\\\/stress-un-miegs\\\/ubikinona-koenzims-q10-ar-extra-virgin-olivellu-100-mg\\\/#breadcrumb\",\"itemListElement\":[{\"@type\":\"ListItem\",\"position\":1,\"name\":\"S\u0101kums\",\"item\":\"https:\\\/\\\/puhdasplus.ee\\\/lv\\\/\"},{\"@type\":\"ListItem\",\"position\":2,\"name\":\"Produkti\",\"item\":\"https:\\\/\\\/puhdasplus.ee\\\/lv\\\/veikals\\\/\"},{\"@type\":\"ListItem\",\"position\":3,\"name\":\"Ubikinona koenz\u012bms Q10 ar extra virgin ol\u012bve\u013c\u013cu 100 mg\"}]},{\"@type\":\"WebSite\",\"@id\":\"https:\\\/\\\/puhdasplus.ee\\\/lv\\\/#website\",\"url\":\"https:\\\/\\\/puhdasplus.ee\\\/lv\\\/\",\"name\":\"Puhdas+\",\"description\":\"Vitam\u012bni, uztura bag\u0101tin\u0101t\u0101ji, dab\u012bg\u0101 kosm\u0113tika, vesel\u012bba, sports\",\"publisher\":{\"@id\":\"https:\\\/\\\/puhdasplus.ee\\\/lv\\\/#organization\"},\"potentialAction\":[{\"@type\":\"SearchAction\",\"target\":{\"@type\":\"EntryPoint\",\"urlTemplate\":\"https:\\\/\\\/puhdasplus.ee\\\/lv\\\/?s={search_term_string}\"},\"query-input\":{\"@type\":\"PropertyValueSpecification\",\"valueRequired\":true,\"valueName\":\"search_term_string\"}}],\"inLanguage\":\"lv-LV\"},{\"@type\":\"Organization\",\"@id\":\"https:\\\/\\\/puhdasplus.ee\\\/lv\\\/#organization\",\"name\":\"Puhdas+\",\"alternateName\":\"Puhdasplus\",\"url\":\"https:\\\/\\\/puhdasplus.ee\\\/lv\\\/\",\"logo\":{\"@type\":\"ImageObject\",\"inLanguage\":\"lv-LV\",\"@id\":\"https:\\\/\\\/puhdasplus.ee\\\/lv\\\/#\\\/schema\\\/logo\\\/image\\\/\",\"url\":\"https:\\\/\\\/puhdasplus.ee\\\/wp-content\\\/uploads\\\/2019\\\/10\\\/puhdas_logo-arvele.png\",\"contentUrl\":\"https:\\\/\\\/puhdasplus.ee\\\/wp-content\\\/uploads\\\/2019\\\/10\\\/puhdas_logo-arvele.png\",\"width\":114,\"height\":94,\"caption\":\"Puhdas+\"},\"image\":{\"@id\":\"https:\\\/\\\/puhdasplus.ee\\\/lv\\\/#\\\/schema\\\/logo\\\/image\\\/\"},\"sameAs\":[\"https:\\\/\\\/www.facebook.com\\\/puhdasplus\",\"https:\\\/\\\/www.instagram.com\\\/puhdasplus_ee\\\/\"]}]}<\/script>\n<!-- \/ Yoast SEO plugin. -->","yoast_head_json":{"title":"Ubikinona koenz\u012bms Q10 ar extra virgin ol\u012bve\u013c\u013cu 100 mg | Puhdas+","description":"Strong Ubiquinone Q10 100 mg Extra \u2013 lab\u0101ka uzs\u016bk\u0161an\u0101s ar neapstr\u0101d\u0101tu ol\u012bve\u013c\u013cu, atbalsta sirds vesel\u012bbu un nodro\u0161ina ener\u0123iju. Dab\u012bga un efekt\u012bva izv\u0113le! Izm\u0113\u0123iniet t\u016bl\u012bt!","robots":{"index":"index","follow":"follow","max-snippet":"max-snippet:-1","max-image-preview":"max-image-preview:large","max-video-preview":"max-video-preview:-1"},"canonical":"https:\/\/puhdasplus.ee\/lv\/produkti\/stress-un-miegs\/ubikinona-koenzims-q10-ar-extra-virgin-olivellu-100-mg\/","og_locale":"lv_LV","og_type":"article","og_title":"Ubikinona koenz\u012bms Q10 ar extra virgin ol\u012bve\u013c\u013cu 100 mg | Puhdas+","og_description":"Strong Ubiquinone Q10 100 mg Extra \u2013 lab\u0101ka uzs\u016bk\u0161an\u0101s ar neapstr\u0101d\u0101tu ol\u012bve\u013c\u013cu, atbalsta sirds vesel\u012bbu un nodro\u0161ina ener\u0123iju. Dab\u012bga un efekt\u012bva izv\u0113le! Izm\u0113\u0123iniet t\u016bl\u012bt!","og_url":"https:\/\/puhdasplus.ee\/lv\/produkti\/stress-un-miegs\/ubikinona-koenzims-q10-ar-extra-virgin-olivellu-100-mg\/","og_site_name":"Puhdas+","article_publisher":"https:\/\/www.facebook.com\/puhdasplus","article_modified_time":"2026-04-07T16:58:32+00:00","og_image":[{"width":1862,"height":2560,"url":"https:\/\/puhdasplus.ee\/wp-content\/uploads\/2025\/03\/29.jpg","type":"image\/jpeg"}],"twitter_card":"summary_large_image","twitter_misc":{"Est. reading time":"2 min\u016btes"},"schema":{"@context":"https:\/\/schema.org","@graph":[{"@type":"WebPage","@id":"https:\/\/puhdasplus.ee\/lv\/produkti\/stress-un-miegs\/ubikinona-koenzims-q10-ar-extra-virgin-olivellu-100-mg\/","url":"https:\/\/puhdasplus.ee\/lv\/produkti\/stress-un-miegs\/ubikinona-koenzims-q10-ar-extra-virgin-olivellu-100-mg\/","name":"Ubikinona koenz\u012bms Q10 ar extra virgin ol\u012bve\u013c\u013cu 100 mg | Puhdas+","isPartOf":{"@id":"https:\/\/puhdasplus.ee\/lv\/#website"},"primaryImageOfPage":{"@id":"https:\/\/puhdasplus.ee\/lv\/produkti\/stress-un-miegs\/ubikinona-koenzims-q10-ar-extra-virgin-olivellu-100-mg\/#primaryimage"},"image":{"@id":"https:\/\/puhdasplus.ee\/lv\/produkti\/stress-un-miegs\/ubikinona-koenzims-q10-ar-extra-virgin-olivellu-100-mg\/#primaryimage"},"thumbnailUrl":"https:\/\/puhdasplus.ee\/wp-content\/uploads\/2025\/03\/29.jpg","datePublished":"2023-03-27T08:34:20+00:00","dateModified":"2026-04-07T16:58:32+00:00","description":"Strong Ubiquinone Q10 100 mg Extra \u2013 lab\u0101ka uzs\u016bk\u0161an\u0101s ar neapstr\u0101d\u0101tu ol\u012bve\u013c\u013cu, atbalsta sirds vesel\u012bbu un nodro\u0161ina ener\u0123iju. Dab\u012bga un efekt\u012bva izv\u0113le! Izm\u0113\u0123iniet t\u016bl\u012bt!","breadcrumb":{"@id":"https:\/\/puhdasplus.ee\/lv\/produkti\/stress-un-miegs\/ubikinona-koenzims-q10-ar-extra-virgin-olivellu-100-mg\/#breadcrumb"},"inLanguage":"lv-LV","potentialAction":[{"@type":"ReadAction","target":["https:\/\/puhdasplus.ee\/lv\/produkti\/stress-un-miegs\/ubikinona-koenzims-q10-ar-extra-virgin-olivellu-100-mg\/"]}]},{"@type":"ImageObject","inLanguage":"lv-LV","@id":"https:\/\/puhdasplus.ee\/lv\/produkti\/stress-un-miegs\/ubikinona-koenzims-q10-ar-extra-virgin-olivellu-100-mg\/#primaryimage","url":"https:\/\/puhdasplus.ee\/wp-content\/uploads\/2025\/03\/29.jpg","contentUrl":"https:\/\/puhdasplus.ee\/wp-content\/uploads\/2025\/03\/29.jpg","width":1862,"height":2560,"caption":"Ubikinona koenz\u012bms Q10 ar extra virgin ol\u012bve\u013c\u013cu 100 mg"},{"@type":"BreadcrumbList","@id":"https:\/\/puhdasplus.ee\/lv\/produkti\/stress-un-miegs\/ubikinona-koenzims-q10-ar-extra-virgin-olivellu-100-mg\/#breadcrumb","itemListElement":[{"@type":"ListItem","position":1,"name":"S\u0101kums","item":"https:\/\/puhdasplus.ee\/lv\/"},{"@type":"ListItem","position":2,"name":"Produkti","item":"https:\/\/puhdasplus.ee\/lv\/veikals\/"},{"@type":"ListItem","position":3,"name":"Ubikinona koenz\u012bms Q10 ar extra virgin ol\u012bve\u013c\u013cu 100 mg"}]},{"@type":"WebSite","@id":"https:\/\/puhdasplus.ee\/lv\/#website","url":"https:\/\/puhdasplus.ee\/lv\/","name":"Puhdas+","description":"Vitam\u012bni, uztura bag\u0101tin\u0101t\u0101ji, dab\u012bg\u0101 kosm\u0113tika, vesel\u012bba, sports","publisher":{"@id":"https:\/\/puhdasplus.ee\/lv\/#organization"},"potentialAction":[{"@type":"SearchAction","target":{"@type":"EntryPoint","urlTemplate":"https:\/\/puhdasplus.ee\/lv\/?s={search_term_string}"},"query-input":{"@type":"PropertyValueSpecification","valueRequired":true,"valueName":"search_term_string"}}],"inLanguage":"lv-LV"},{"@type":"Organization","@id":"https:\/\/puhdasplus.ee\/lv\/#organization","name":"Puhdas+","alternateName":"Puhdasplus","url":"https:\/\/puhdasplus.ee\/lv\/","logo":{"@type":"ImageObject","inLanguage":"lv-LV","@id":"https:\/\/puhdasplus.ee\/lv\/#\/schema\/logo\/image\/","url":"https:\/\/puhdasplus.ee\/wp-content\/uploads\/2019\/10\/puhdas_logo-arvele.png","contentUrl":"https:\/\/puhdasplus.ee\/wp-content\/uploads\/2019\/10\/puhdas_logo-arvele.png","width":114,"height":94,"caption":"Puhdas+"},"image":{"@id":"https:\/\/puhdasplus.ee\/lv\/#\/schema\/logo\/image\/"},"sameAs":["https:\/\/www.facebook.com\/puhdasplus","https:\/\/www.instagram.com\/puhdasplus_ee\/"]}]}},"_yoast_wpseo_title":"Ubikinona koenz\u012bms Q10 ar extra virgin ol\u012bve\u013c\u013cu 100 mg | Puhdas+","_yoast_wpseo_metadesc":"Strong Ubiquinone Q10 100 mg Extra \u2013 lab\u0101ka uzs\u016bk\u0161an\u0101s ar neapstr\u0101d\u0101tu ol\u012bve\u013c\u013cu, atbalsta sirds vesel\u012bbu un nodro\u0161ina ener\u0123iju. Dab\u012bga un efekt\u012bva izv\u0113le! Izm\u0113\u0123iniet t\u016bl\u012bt!","_yoast_wpseo_focuskw":"","_links":{"self":[{"href":"https:\/\/puhdasplus.ee\/lv\/wp-json\/wp\/v2\/product\/33898","targetHints":{"allow":["GET"]}}],"collection":[{"href":"https:\/\/puhdasplus.ee\/lv\/wp-json\/wp\/v2\/product"}],"about":[{"href":"https:\/\/puhdasplus.ee\/lv\/wp-json\/wp\/v2\/types\/product"}],"replies":[{"embeddable":true,"href":"https:\/\/puhdasplus.ee\/lv\/wp-json\/wp\/v2\/comments?post=33898"}],"wp:featuredmedia":[{"embeddable":true,"href":"https:\/\/puhdasplus.ee\/lv\/wp-json\/wp\/v2\/media\/32314"}],"wp:attachment":[{"href":"https:\/\/puhdasplus.ee\/lv\/wp-json\/wp\/v2\/media?parent=33898"}],"wp:term":[{"taxonomy":"product_brand","embeddable":true,"href":"https:\/\/puhdasplus.ee\/lv\/wp-json\/wp\/v2\/product_brand?post=33898"},{"taxonomy":"product_cat","embeddable":true,"href":"https:\/\/puhdasplus.ee\/lv\/wp-json\/wp\/v2\/product_cat?post=33898"},{"taxonomy":"product_tag","embeddable":true,"href":"https:\/\/puhdasplus.ee\/lv\/wp-json\/wp\/v2\/product_tag?post=33898"}],"curies":[{"name":"wp","href":"https:\/\/api.w.org\/{rel}","templated":true}]}}