{"id":33807,"date":"2023-09-02T23:19:57","date_gmt":"2023-09-02T20:19:57","guid":{"rendered":"https:\/\/puhdasplus.ee\/tooted\/uncategorized\/kolagena-un-biotina-sampuns-200-ml\/"},"modified":"2026-04-07T20:01:02","modified_gmt":"2026-04-07T17:01:02","slug":"kolagena-un-biotina-sampuns-200-ml","status":"publish","type":"product","link":"https:\/\/puhdasplus.ee\/lv\/produkti\/kosmetika\/kolagena-un-biotina-sampuns-200-ml\/","title":{"rendered":"Kolag\u0113na un biot\u012bna \u0161amp\u016bns 200 ml"},"content":{"rendered":"<h2>Kas ir Puhdas+ kolag\u0113na un biot\u012bna \u0161amp\u016bns?<\/h2>\n<p><strong>Puhdas+ kolag\u0113na un biot\u012bna \u0161amp\u016bns<\/strong> ir \u012bpa\u0161i izstr\u0101d\u0101ts matu stiprin\u0101\u0161anai un vitalit\u0101tes atjauno\u0161anai. Tas apvieno divas svar\u012bgas sast\u0101vda\u013cas: kolag\u0113nu un biot\u012bnu, kas pal\u012bdz uzlabot matu strukt\u016bru, pie\u0161\u0137irt apjomu un atbalst\u012bt matu vesel\u012bbu. \u0160amp\u016bns ir ra\u017eots Somij\u0101, Ecocert sertific\u0113t\u0101 r\u016bpn\u012bc\u0101, nodro\u0161inot augstu kvalit\u0101ti un dab\u012bgas sast\u0101vda\u013cas.<\/p>\n<h2>K\u0101p\u0113c izmantot Puhdas+ kolag\u0113na un biot\u012bna \u0161amp\u016bnu?<\/h2>\n<p><strong>Puhdas+ kolag\u0113na un biot\u012bna \u0161amp\u016bns<\/strong> ir \u012bpa\u0161i izstr\u0101d\u0101ts \u0161amp\u016bns, kas apvieno divu svar\u012bgu akt\u012bvo sast\u0101vda\u013cu \u2013 kolag\u0113na un biot\u012bna \u2013 priek\u0161roc\u012bbas, lai stiprin\u0101tu, atjaunotu un atdz\u012bvin\u0101tu matus ikdienas mazg\u0101\u0161anas laik\u0101.<\/p>\n<h3>Kolag\u0113ns stiprina un atjauno matus<\/h3>\n<p>Kolag\u0113ns ir dab\u012bgs prote\u012bns, kas veido lielu da\u013cu no \u0101das, matu un nagu strukt\u016bras. \u0160amp\u016bn\u0101 eso\u0161ais hidroliz\u0113tais kolag\u0113ns viegli ies\u016bcas matu virsm\u0101, pal\u012bdzot stiprin\u0101t matu \u0161\u0137iedras, uzlabot elast\u012bbu un samazin\u0101t matu l\u016b\u0161anu un \u0161\u0137el\u0161anos. Tas pal\u012bdz matiem saglab\u0101ties stipr\u0101kiem un iztur\u012bg\u0101kiem pret ikdienas boj\u0101jumiem \u2013 neatkar\u012bgi no t\u0101, vai t\u0101 ir matu \u017e\u0101v\u0113\u0161ana ar f\u0113nu, \u0137emm\u0113\u0161ana vai laikapst\u0101k\u013ci.  <\/p>\n<h3>Biot\u012bns atbalsta matu aug\u0161anu un sak\u0146u vesel\u012bbu<\/h3>\n<p>Biot\u012bns jeb B7 vitam\u012bns ir labi paz\u012bstams \u201cskaistuma vitam\u012bns\u201d, kam ir svar\u012bga loma kerat\u012bna, galven\u0101 matu veidojo\u0161\u0101 prote\u012bna, ra\u017eo\u0161an\u0101. Biot\u012bns var veicin\u0101t dabisko matu aug\u0161anu, pal\u012bdz\u0113t saglab\u0101t bl\u012bvumu un padar\u012bt matus vesel\u012bg\u0101kus un sp\u012bd\u012bg\u0101kus. Regul\u0101ra lieto\u0161ana var pal\u012bdz\u0113t mazin\u0101t nedz\u012bvu, trauslu matu probl\u0113mas.  <\/p>\n<h3>Mitrin\u0101\u0161ana un maigums jebkuram matu tipam<\/h3>\n<p>\u0160amp\u016bna m\u012bkstino\u0161\u0101s un mitrino\u0161\u0101s sast\u0101vda\u013cas, piem\u0113ram, glicer\u012bns un augu izcelsmes mazg\u0101\u0161anas l\u012bdzek\u013ci (piem\u0113ram, kokoglikoz\u012bds), maigi kondicion\u0113 matus, vienlaikus efekt\u012bvi tos att\u012brot. T\u0101s pal\u012bdz uztur\u0113t matu mitruma l\u012bdzsvaru, padarot tos glud\u0101kus, m\u012bkst\u0101kus un viegl\u0101k \u0137emm\u0113jamus. <\/p>\n<h3>Dab\u012bgas sast\u0101vda\u013cas un pat\u012bkams arom\u0101ts<\/h3>\n<p>\u0160amp\u016bns satur r\u016bgto apels\u012bnu ziedu \u016bdeni, kas ne tikai pal\u012bdz nomierin\u0101t galvas \u0101du, bet ar\u012b pie\u0161\u0137ir produktam vieglu un svaigu dabisku arom\u0101tu. Piem\u0113rots tiem, kas v\u0113las t\u012bru un pat\u012bkamu saj\u016btu bez sp\u0113c\u012bg\u0101m smar\u017eviel\u0101m. <\/p>\n<h3>Veg\u0101ns un ra\u017eots Somij\u0101<\/h3>\n<p>Produkts ir 100% veg\u0101nisks un ra\u017eots Somij\u0101 atbilsto\u0161i augstiem kvalit\u0101tes standartiem. Tas nesatur silikonus vai p\u0101rm\u0113r\u012bgu sint\u0113tisko savienojumu daudzumu un ir piem\u0113rots ar\u012b jut\u012bgai galvas \u0101dai. <\/p>\n<h2>Lietojums<\/h2>\n<p>Uzkl\u0101jiet \u0161amp\u016bnu uz mitriem matiem, viegli iemas\u0113jiet galvas \u0101d\u0101 un matos, r\u016bp\u012bgi izskalojiet ar siltu \u016bdeni. Ja nepiecie\u0161ams, atk\u0101rtojiet proced\u016bru. Lai ieg\u016btu lab\u0101kos rezult\u0101tus, lietojiet kop\u0101 ar Puhdas+ kolag\u0113na un biot\u012bna kondicionieri.<\/p>\n<h2>Sast\u0101vda\u013cas<\/h2>\n<p>\u016adens, n\u0101trija laurilsulf\u0101ts, glicer\u012bns, Citrus Aurantium Amara (r\u016bgto apels\u012bnu) ziedu \u016bdens*, kokobeta\u012bns, kokoglikoz\u012bds, glicerilole\u0101ts, hidroliz\u0113ts kolag\u0113ns, biot\u012bns, citronsk\u0101be, n\u0101trija hlor\u012bds, n\u0101trija benzo\u0101ts, k\u0101lija sorb\u0101ts, smar\u017evielas, citronelols, limon\u0113ns, linalols.<br \/>*Sast\u0101vda\u013ca no biolo\u0123isk\u0101s lauksaimniec\u012bbas.<\/p>\n<h2>Noguld\u012bjumi<\/h2>\n<ul>\n<li>\n<p>Uzglab\u0101t v\u0113s\u0101, saus\u0101 viet\u0101, sarg\u0101t no tie\u0161iem saules stariem.<\/p>\n<\/li>\n<li>\n<p>Izvair\u012bties no saskares ar ac\u012bm. Ja nok\u013c\u016bst ac\u012bs, nekav\u0113joties skalot ar lielu daudzumu \u016bdens. <\/p>\n<\/li>\n<li>\n<p>Tikai \u0101r\u012bgai lieto\u0161anai.<\/p>\n<\/li>\n<li>\n<p>Sarg\u0101t no b\u0113rniem.<\/p>\n<\/li>\n<\/ul>\n<p><strong>Skat\u012bt ar\u012b:<\/strong> <a href=\"https:\/\/puhdasplus.ee\/toote-kategooria\/looduskosmeetika\/\">Looduskosmeetika<\/a> | <a href=\"https:\/\/puhdasplus.ee\/toote-kategooria\/nahk-juuksed-kuuned\/\">Nahk, juuksed, k\u00fc\u00fcned<\/a> | <a href=\"https:\/\/puhdasplus.ee\/toote-kategooria\/kollageen\/\">Kolag\u0113ns<\/a><\/p>\n","protected":false},"excerpt":{"rendered":"<p><strong>Puhdas+ kolag\u0113na un biot\u012bna \u0161amp\u016bns<\/strong> ir \u012bpa\u0161i izstr\u0101d\u0101ts tiem, kas v\u0113las stiprin\u0101t matus, uzlabot to strukt\u016bru un atjaunot dabisko vitalit\u0101ti. \u0160amp\u016bna pamat\u0101 ir divas sp\u0113c\u012bgas un labi izp\u0113t\u012btas sast\u0101vda\u013cas \u2013 <strong>kolag\u0113ns un biot\u012bns<\/strong> \u2013, kas atbalsta matus gan \u0101r\u0113ji, gan iek\u0161\u0113ji. <\/p>\n<p>Kolag\u0113ns ir dab\u012bgs prote\u012bns, kas dabiski rodas organism\u0101 un pal\u012bdz uztur\u0113t audu, tostarp matu \u0161\u0137iedru, stipr\u012bbu un elast\u012bbu. \u0160amp\u016bn\u0101 eso\u0161ais <strong>hidroliz\u0113tais kolag\u0113ns<\/strong> viegli ies\u016bcas matu virsm\u0101, pal\u012bdzot stiprin\u0101t boj\u0101tus matus, samazin\u0101t l\u016b\u0161anu un uzlabot to visp\u0101r\u0113jo iztur\u012bbu. Rezult\u0101t\u0101 mati ir glud\u0101ki, stipr\u0101ki, dz\u012bv\u012bg\u0101ki un vesel\u012bg\u0101ki.  <\/p>\n<p>V\u0113l viena svar\u012bga sast\u0101vda\u013ca, <strong>biot\u012bns (B7 vitam\u012bns)<\/strong> , ir paz\u012bstams k\u0101 \u201cmatu vitam\u012bns\" \u2013 tas pal\u012bdz atbalst\u012bt kerat\u012bna, galven\u0101s matu sast\u0101vda\u013cas, ra\u017eo\u0161anu. Biot\u012bns veicina matu aug\u0161anu, var pal\u012bdz\u0113t samazin\u0101t matu izkri\u0161anu un uzlabot matu sak\u0146u vesel\u012bbu. Regul\u0101ra lieto\u0161ana pal\u012bdz padar\u012bt matus biez\u0101kus, dz\u012bv\u012bg\u0101kus un vizu\u0101li sp\u0113c\u012bg\u0101kus.  <\/p>\n<p>Papildus \u0161\u012bm akt\u012bvaj\u0101m sast\u0101vda\u013c\u0101m \u0161amp\u016bns satur <strong>mitrino\u0161as sast\u0101vda\u013cas<\/strong> , piem\u0113ram, glicer\u012bnu un glicerilole\u0101tu, kas pal\u012bdz uztur\u0113t matu dabisko mitruma l\u012bdzsvaru un pie\u0161\u0137ir tiem maigumu un sp\u012bdumu. Produkts satur ar\u012b <strong>r\u016bgto apels\u012bnu ziedu \u016bdeni<\/strong> , kas ne tikai nodro\u0161ina vieglu dabisku arom\u0101tu, bet ar\u012b nomierina galvas \u0101du un ir labi piem\u0113rots jut\u012bgai vai viegli kairin\u0101tai \u0101dai. <\/p>\n<p>\u0160amp\u016bns ir piem\u0113rots ikdienas lieto\u0161anai un ir paredz\u0113ts visiem matu tipiem. Tas nesatur silikonus vai nevajadz\u012bgas sint\u0113tiskas sast\u0101vda\u013cas un ir piem\u0113rots ar\u012b veg\u0101niem. Ra\u017eots Somij\u0101, nodro\u0161inot t\u012br\u012bbu un kvalit\u0101ti, ko sagaida z\u012bmola Puhdas+ cien\u012bt\u0101ji.  <\/p>\n<p><strong>Puhdas+ kolag\u0113na un biot\u012bna \u0161amp\u016bns<\/strong> nav tikai t\u012br\u012b\u0161anas l\u012bdzeklis \u2013 tas ir pilnv\u0113rt\u012bgs matu kop\u0161anas l\u012bdzeklis, kas katru dienu baro, stiprina un atdz\u012bvina matus.<\/p>\n","protected":false},"featured_media":357406,"comment_status":"closed","ping_status":"closed","template":"","meta":{"_acf_changed":false,"googlesitekit_rrm_CAow3eq7DA:productID":""},"product_brand":[],"product_cat":[3296,2533],"product_tag":[3299,7870,8377,3484,2580,8373,2974,8369],"class_list":{"0":"post-33807","1":"product","2":"type-product","3":"status-publish","4":"has-post-thumbnail","6":"product_cat-ada-mati-nagi","7":"product_cat-kosmetika","8":"product_tag-biotins","9":"product_tag-dabiga-kosmetika","10":"product_tag-dabgs-lv","11":"product_tag-kolagens","12":"product_tag-matu-kopsana","13":"product_tag-somijas-kvalitte-lv","14":"product_tag-vegans","15":"product_tag-vitamni-lv","17":"first","18":"onbackorder","19":"taxable","20":"shipping-taxable","21":"purchasable","22":"product-type-simple"},"acf":[],"yoast_head":"<!-- This site is optimized with the Yoast SEO plugin v27.3 - https:\/\/yoast.com\/product\/yoast-seo-wordpress\/ -->\n<title>Kolag\u0113na un biot\u012bna \u0161amp\u016bns 200 ml | Puhdas+<\/title>\n<meta name=\"description\" content=\"Puhdas+ kolag\u0113na un biot\u012bna \u0161amp\u016bns 200 ml \u2013 stiprino\u0161s un mitrino\u0161s \u0161amp\u016bns, kas veicina matu aug\u0161anu, samazina l\u016b\u0161anu un pie\u0161\u0137ir matiem vitalit\u0101ti.\" \/>\n<meta name=\"robots\" content=\"index, follow, max-snippet:-1, max-image-preview:large, max-video-preview:-1\" \/>\n<link rel=\"canonical\" href=\"https:\/\/puhdasplus.ee\/lv\/produkti\/kosmetika\/kolagena-un-biotina-sampuns-200-ml\/\" \/>\n<meta property=\"og:locale\" content=\"lv_LV\" \/>\n<meta property=\"og:type\" content=\"article\" \/>\n<meta property=\"og:title\" content=\"Kolag\u0113na un biot\u012bna \u0161amp\u016bns 200 ml | Puhdas+\" \/>\n<meta property=\"og:description\" content=\"Puhdas+ kolag\u0113na un biot\u012bna \u0161amp\u016bns 200 ml \u2013 stiprino\u0161s un mitrino\u0161s \u0161amp\u016bns, kas veicina matu aug\u0161anu, samazina l\u016b\u0161anu un pie\u0161\u0137ir matiem vitalit\u0101ti.\" \/>\n<meta property=\"og:url\" content=\"https:\/\/puhdasplus.ee\/lv\/produkti\/kosmetika\/kolagena-un-biotina-sampuns-200-ml\/\" \/>\n<meta property=\"og:site_name\" content=\"Puhdas+\" \/>\n<meta property=\"article:publisher\" content=\"https:\/\/www.facebook.com\/puhdasplus\" \/>\n<meta property=\"article:modified_time\" content=\"2026-04-07T17:01:02+00:00\" \/>\n<meta property=\"og:image\" content=\"https:\/\/puhdasplus.ee\/wp-content\/uploads\/2023\/09\/Kollageeni-Biotiini-sampoon-200-ml-PuhdasPlus-scaled.jpg\" \/>\n\t<meta property=\"og:image:width\" content=\"1862\" \/>\n\t<meta property=\"og:image:height\" content=\"2560\" \/>\n\t<meta property=\"og:image:type\" content=\"image\/jpeg\" \/>\n<meta name=\"twitter:card\" content=\"summary_large_image\" \/>\n<meta name=\"twitter:label1\" content=\"Est. reading time\" \/>\n\t<meta name=\"twitter:data1\" content=\"3 min\u016btes\" \/>\n<script type=\"application\/ld+json\" class=\"yoast-schema-graph\">{\"@context\":\"https:\\\/\\\/schema.org\",\"@graph\":[{\"@type\":\"WebPage\",\"@id\":\"https:\\\/\\\/puhdasplus.ee\\\/lv\\\/produkti\\\/kosmetika\\\/kolagena-un-biotina-sampuns-200-ml\\\/\",\"url\":\"https:\\\/\\\/puhdasplus.ee\\\/lv\\\/produkti\\\/kosmetika\\\/kolagena-un-biotina-sampuns-200-ml\\\/\",\"name\":\"Kolag\u0113na un biot\u012bna \u0161amp\u016bns 200 ml | Puhdas+\",\"isPartOf\":{\"@id\":\"https:\\\/\\\/puhdasplus.ee\\\/lv\\\/#website\"},\"primaryImageOfPage\":{\"@id\":\"https:\\\/\\\/puhdasplus.ee\\\/lv\\\/produkti\\\/kosmetika\\\/kolagena-un-biotina-sampuns-200-ml\\\/#primaryimage\"},\"image\":{\"@id\":\"https:\\\/\\\/puhdasplus.ee\\\/lv\\\/produkti\\\/kosmetika\\\/kolagena-un-biotina-sampuns-200-ml\\\/#primaryimage\"},\"thumbnailUrl\":\"https:\\\/\\\/puhdasplus.ee\\\/wp-content\\\/uploads\\\/2023\\\/09\\\/Kollageeni-Biotiini-sampoon-200-ml-PuhdasPlus-scaled.jpg\",\"datePublished\":\"2023-09-02T20:19:57+00:00\",\"dateModified\":\"2026-04-07T17:01:02+00:00\",\"description\":\"Puhdas+ kolag\u0113na un biot\u012bna \u0161amp\u016bns 200 ml \u2013 stiprino\u0161s un mitrino\u0161s \u0161amp\u016bns, kas veicina matu aug\u0161anu, samazina l\u016b\u0161anu un pie\u0161\u0137ir matiem vitalit\u0101ti.\",\"breadcrumb\":{\"@id\":\"https:\\\/\\\/puhdasplus.ee\\\/lv\\\/produkti\\\/kosmetika\\\/kolagena-un-biotina-sampuns-200-ml\\\/#breadcrumb\"},\"inLanguage\":\"lv-LV\",\"potentialAction\":[{\"@type\":\"ReadAction\",\"target\":[\"https:\\\/\\\/puhdasplus.ee\\\/lv\\\/produkti\\\/kosmetika\\\/kolagena-un-biotina-sampuns-200-ml\\\/\"]}]},{\"@type\":\"ImageObject\",\"inLanguage\":\"lv-LV\",\"@id\":\"https:\\\/\\\/puhdasplus.ee\\\/lv\\\/produkti\\\/kosmetika\\\/kolagena-un-biotina-sampuns-200-ml\\\/#primaryimage\",\"url\":\"https:\\\/\\\/puhdasplus.ee\\\/wp-content\\\/uploads\\\/2023\\\/09\\\/Kollageeni-Biotiini-sampoon-200-ml-PuhdasPlus-scaled.jpg\",\"contentUrl\":\"https:\\\/\\\/puhdasplus.ee\\\/wp-content\\\/uploads\\\/2023\\\/09\\\/Kollageeni-Biotiini-sampoon-200-ml-PuhdasPlus-scaled.jpg\",\"width\":1862,\"height\":2560,\"caption\":\"Kolag\u0113na &amp; biot\u012bna \u0161amp\u016bns 200 ml PuhdasPlus\"},{\"@type\":\"BreadcrumbList\",\"@id\":\"https:\\\/\\\/puhdasplus.ee\\\/lv\\\/produkti\\\/kosmetika\\\/kolagena-un-biotina-sampuns-200-ml\\\/#breadcrumb\",\"itemListElement\":[{\"@type\":\"ListItem\",\"position\":1,\"name\":\"S\u0101kums\",\"item\":\"https:\\\/\\\/puhdasplus.ee\\\/lv\\\/\"},{\"@type\":\"ListItem\",\"position\":2,\"name\":\"Produkti\",\"item\":\"https:\\\/\\\/puhdasplus.ee\\\/lv\\\/veikals\\\/\"},{\"@type\":\"ListItem\",\"position\":3,\"name\":\"Kolag\u0113na un biot\u012bna \u0161amp\u016bns 200 ml\"}]},{\"@type\":\"WebSite\",\"@id\":\"https:\\\/\\\/puhdasplus.ee\\\/lv\\\/#website\",\"url\":\"https:\\\/\\\/puhdasplus.ee\\\/lv\\\/\",\"name\":\"Puhdas+\",\"description\":\"Vitam\u012bni, uztura bag\u0101tin\u0101t\u0101ji, dab\u012bg\u0101 kosm\u0113tika, vesel\u012bba, sports\",\"publisher\":{\"@id\":\"https:\\\/\\\/puhdasplus.ee\\\/lv\\\/#organization\"},\"potentialAction\":[{\"@type\":\"SearchAction\",\"target\":{\"@type\":\"EntryPoint\",\"urlTemplate\":\"https:\\\/\\\/puhdasplus.ee\\\/lv\\\/?s={search_term_string}\"},\"query-input\":{\"@type\":\"PropertyValueSpecification\",\"valueRequired\":true,\"valueName\":\"search_term_string\"}}],\"inLanguage\":\"lv-LV\"},{\"@type\":\"Organization\",\"@id\":\"https:\\\/\\\/puhdasplus.ee\\\/lv\\\/#organization\",\"name\":\"Puhdas+\",\"alternateName\":\"Puhdasplus\",\"url\":\"https:\\\/\\\/puhdasplus.ee\\\/lv\\\/\",\"logo\":{\"@type\":\"ImageObject\",\"inLanguage\":\"lv-LV\",\"@id\":\"https:\\\/\\\/puhdasplus.ee\\\/lv\\\/#\\\/schema\\\/logo\\\/image\\\/\",\"url\":\"https:\\\/\\\/puhdasplus.ee\\\/wp-content\\\/uploads\\\/2019\\\/10\\\/puhdas_logo-arvele.png\",\"contentUrl\":\"https:\\\/\\\/puhdasplus.ee\\\/wp-content\\\/uploads\\\/2019\\\/10\\\/puhdas_logo-arvele.png\",\"width\":114,\"height\":94,\"caption\":\"Puhdas+\"},\"image\":{\"@id\":\"https:\\\/\\\/puhdasplus.ee\\\/lv\\\/#\\\/schema\\\/logo\\\/image\\\/\"},\"sameAs\":[\"https:\\\/\\\/www.facebook.com\\\/puhdasplus\",\"https:\\\/\\\/www.instagram.com\\\/puhdasplus_ee\\\/\"]}]}<\/script>\n<!-- \/ Yoast SEO plugin. -->","yoast_head_json":{"title":"Kolag\u0113na un biot\u012bna \u0161amp\u016bns 200 ml | Puhdas+","description":"Puhdas+ kolag\u0113na un biot\u012bna \u0161amp\u016bns 200 ml \u2013 stiprino\u0161s un mitrino\u0161s \u0161amp\u016bns, kas veicina matu aug\u0161anu, samazina l\u016b\u0161anu un pie\u0161\u0137ir matiem vitalit\u0101ti.","robots":{"index":"index","follow":"follow","max-snippet":"max-snippet:-1","max-image-preview":"max-image-preview:large","max-video-preview":"max-video-preview:-1"},"canonical":"https:\/\/puhdasplus.ee\/lv\/produkti\/kosmetika\/kolagena-un-biotina-sampuns-200-ml\/","og_locale":"lv_LV","og_type":"article","og_title":"Kolag\u0113na un biot\u012bna \u0161amp\u016bns 200 ml | Puhdas+","og_description":"Puhdas+ kolag\u0113na un biot\u012bna \u0161amp\u016bns 200 ml \u2013 stiprino\u0161s un mitrino\u0161s \u0161amp\u016bns, kas veicina matu aug\u0161anu, samazina l\u016b\u0161anu un pie\u0161\u0137ir matiem vitalit\u0101ti.","og_url":"https:\/\/puhdasplus.ee\/lv\/produkti\/kosmetika\/kolagena-un-biotina-sampuns-200-ml\/","og_site_name":"Puhdas+","article_publisher":"https:\/\/www.facebook.com\/puhdasplus","article_modified_time":"2026-04-07T17:01:02+00:00","og_image":[{"width":1862,"height":2560,"url":"https:\/\/puhdasplus.ee\/wp-content\/uploads\/2023\/09\/Kollageeni-Biotiini-sampoon-200-ml-PuhdasPlus-scaled.jpg","type":"image\/jpeg"}],"twitter_card":"summary_large_image","twitter_misc":{"Est. reading time":"3 min\u016btes"},"schema":{"@context":"https:\/\/schema.org","@graph":[{"@type":"WebPage","@id":"https:\/\/puhdasplus.ee\/lv\/produkti\/kosmetika\/kolagena-un-biotina-sampuns-200-ml\/","url":"https:\/\/puhdasplus.ee\/lv\/produkti\/kosmetika\/kolagena-un-biotina-sampuns-200-ml\/","name":"Kolag\u0113na un biot\u012bna \u0161amp\u016bns 200 ml | Puhdas+","isPartOf":{"@id":"https:\/\/puhdasplus.ee\/lv\/#website"},"primaryImageOfPage":{"@id":"https:\/\/puhdasplus.ee\/lv\/produkti\/kosmetika\/kolagena-un-biotina-sampuns-200-ml\/#primaryimage"},"image":{"@id":"https:\/\/puhdasplus.ee\/lv\/produkti\/kosmetika\/kolagena-un-biotina-sampuns-200-ml\/#primaryimage"},"thumbnailUrl":"https:\/\/puhdasplus.ee\/wp-content\/uploads\/2023\/09\/Kollageeni-Biotiini-sampoon-200-ml-PuhdasPlus-scaled.jpg","datePublished":"2023-09-02T20:19:57+00:00","dateModified":"2026-04-07T17:01:02+00:00","description":"Puhdas+ kolag\u0113na un biot\u012bna \u0161amp\u016bns 200 ml \u2013 stiprino\u0161s un mitrino\u0161s \u0161amp\u016bns, kas veicina matu aug\u0161anu, samazina l\u016b\u0161anu un pie\u0161\u0137ir matiem vitalit\u0101ti.","breadcrumb":{"@id":"https:\/\/puhdasplus.ee\/lv\/produkti\/kosmetika\/kolagena-un-biotina-sampuns-200-ml\/#breadcrumb"},"inLanguage":"lv-LV","potentialAction":[{"@type":"ReadAction","target":["https:\/\/puhdasplus.ee\/lv\/produkti\/kosmetika\/kolagena-un-biotina-sampuns-200-ml\/"]}]},{"@type":"ImageObject","inLanguage":"lv-LV","@id":"https:\/\/puhdasplus.ee\/lv\/produkti\/kosmetika\/kolagena-un-biotina-sampuns-200-ml\/#primaryimage","url":"https:\/\/puhdasplus.ee\/wp-content\/uploads\/2023\/09\/Kollageeni-Biotiini-sampoon-200-ml-PuhdasPlus-scaled.jpg","contentUrl":"https:\/\/puhdasplus.ee\/wp-content\/uploads\/2023\/09\/Kollageeni-Biotiini-sampoon-200-ml-PuhdasPlus-scaled.jpg","width":1862,"height":2560,"caption":"Kolag\u0113na &amp; biot\u012bna \u0161amp\u016bns 200 ml PuhdasPlus"},{"@type":"BreadcrumbList","@id":"https:\/\/puhdasplus.ee\/lv\/produkti\/kosmetika\/kolagena-un-biotina-sampuns-200-ml\/#breadcrumb","itemListElement":[{"@type":"ListItem","position":1,"name":"S\u0101kums","item":"https:\/\/puhdasplus.ee\/lv\/"},{"@type":"ListItem","position":2,"name":"Produkti","item":"https:\/\/puhdasplus.ee\/lv\/veikals\/"},{"@type":"ListItem","position":3,"name":"Kolag\u0113na un biot\u012bna \u0161amp\u016bns 200 ml"}]},{"@type":"WebSite","@id":"https:\/\/puhdasplus.ee\/lv\/#website","url":"https:\/\/puhdasplus.ee\/lv\/","name":"Puhdas+","description":"Vitam\u012bni, uztura bag\u0101tin\u0101t\u0101ji, dab\u012bg\u0101 kosm\u0113tika, vesel\u012bba, sports","publisher":{"@id":"https:\/\/puhdasplus.ee\/lv\/#organization"},"potentialAction":[{"@type":"SearchAction","target":{"@type":"EntryPoint","urlTemplate":"https:\/\/puhdasplus.ee\/lv\/?s={search_term_string}"},"query-input":{"@type":"PropertyValueSpecification","valueRequired":true,"valueName":"search_term_string"}}],"inLanguage":"lv-LV"},{"@type":"Organization","@id":"https:\/\/puhdasplus.ee\/lv\/#organization","name":"Puhdas+","alternateName":"Puhdasplus","url":"https:\/\/puhdasplus.ee\/lv\/","logo":{"@type":"ImageObject","inLanguage":"lv-LV","@id":"https:\/\/puhdasplus.ee\/lv\/#\/schema\/logo\/image\/","url":"https:\/\/puhdasplus.ee\/wp-content\/uploads\/2019\/10\/puhdas_logo-arvele.png","contentUrl":"https:\/\/puhdasplus.ee\/wp-content\/uploads\/2019\/10\/puhdas_logo-arvele.png","width":114,"height":94,"caption":"Puhdas+"},"image":{"@id":"https:\/\/puhdasplus.ee\/lv\/#\/schema\/logo\/image\/"},"sameAs":["https:\/\/www.facebook.com\/puhdasplus","https:\/\/www.instagram.com\/puhdasplus_ee\/"]}]}},"_yoast_wpseo_title":"Kolag\u0113na un biot\u012bna \u0161amp\u016bns 200 ml | Puhdas+","_yoast_wpseo_metadesc":"Puhdas+ kolag\u0113na un biot\u012bna \u0161amp\u016bns 200 ml \u2013 stiprino\u0161s un mitrino\u0161s \u0161amp\u016bns, kas veicina matu aug\u0161anu, samazina l\u016b\u0161anu un pie\u0161\u0137ir matiem vitalit\u0101ti.","_yoast_wpseo_focuskw":"","_links":{"self":[{"href":"https:\/\/puhdasplus.ee\/lv\/wp-json\/wp\/v2\/product\/33807","targetHints":{"allow":["GET"]}}],"collection":[{"href":"https:\/\/puhdasplus.ee\/lv\/wp-json\/wp\/v2\/product"}],"about":[{"href":"https:\/\/puhdasplus.ee\/lv\/wp-json\/wp\/v2\/types\/product"}],"replies":[{"embeddable":true,"href":"https:\/\/puhdasplus.ee\/lv\/wp-json\/wp\/v2\/comments?post=33807"}],"wp:featuredmedia":[{"embeddable":true,"href":"https:\/\/puhdasplus.ee\/lv\/wp-json\/wp\/v2\/media\/357406"}],"wp:attachment":[{"href":"https:\/\/puhdasplus.ee\/lv\/wp-json\/wp\/v2\/media?parent=33807"}],"wp:term":[{"taxonomy":"product_brand","embeddable":true,"href":"https:\/\/puhdasplus.ee\/lv\/wp-json\/wp\/v2\/product_brand?post=33807"},{"taxonomy":"product_cat","embeddable":true,"href":"https:\/\/puhdasplus.ee\/lv\/wp-json\/wp\/v2\/product_cat?post=33807"},{"taxonomy":"product_tag","embeddable":true,"href":"https:\/\/puhdasplus.ee\/lv\/wp-json\/wp\/v2\/product_tag?post=33807"}],"curies":[{"name":"wp","href":"https:\/\/api.w.org\/{rel}","templated":true}]}}