{"id":33507,"date":"2024-02-05T12:24:57","date_gmt":"2024-02-05T10:24:57","guid":{"rendered":"https:\/\/puhdasplus.ee\/tooted\/uncategorized\/nadh-6-mg-50-kapsulas\/"},"modified":"2026-04-07T19:58:27","modified_gmt":"2026-04-07T16:58:27","slug":"nadh-6-mg-50-kapsulas","status":"publish","type":"product","link":"https:\/\/puhdasplus.ee\/lv\/produkti\/vitamini\/b-vitamins\/nadh-6-mg-50-kapsulas\/","title":{"rendered":"NADH 6 mg 50 kapsulas"},"content":{"rendered":"<h2>Kas ir NADH un k\u0101p\u0113c tas ir svar\u012bgs?<\/h2>\n<p>NADH jeb <strong>nikot\u012bnam\u012bda aden\u012bna dinukleot\u012bds (H form\u0101)<\/strong> ir organism\u0101 dabiski sastopams savienojums, kas darbojas <strong>k\u0101 koenz\u012bms<\/strong> , kas noz\u012bm\u0113, ka tas pal\u012bdz organisma enz\u012bmiem veikt savu darbu. Konkr\u0113ti, NADH ir iesaist\u012bts ener\u0123ijas ra\u017eo\u0161anas proces\u0101 \u0161\u016bnu l\u012bmen\u012b, b\u016bdams viens no galvenajiem komponentiem <strong>ATP jeb adenoz\u012bna trifosf\u0101ta<\/strong> \u2013 organisma \u201cener\u0123ijas val\u016btas\" \u2013 ra\u017eo\u0161an\u0101. <\/p>\n<p>ATP ir nepiecie\u0161ams ikvienai \u0137erme\u0146a \u0161\u016bnai, lai veiktu savas pamatfunkcijas \u2013 s\u0101kot ar musku\u013cu funkcijas un smadze\u0146u aktivit\u0101tes atbalst\u012b\u0161anu l\u012bdz vielmai\u0146as un enz\u012bmu uztur\u0113\u0161anai. Bez pietiekama NADH daudzuma organisma \u0161\u016bnas nera\u017eos ATP efekt\u012bvi, kas var ietekm\u0113t organisma kop\u0113jo ener\u0123ijas ra\u017eo\u0161anu. T\u0101p\u0113c NADH var b\u016bt svar\u012bgs, lai atbalst\u012btu <b>visp\u0101r\u0113jo ener\u0123ijas metabolismu<\/b> organism\u0101.  <\/p>\n<p>Papildus ener\u0123ijas metabolismam NADH ir iesaist\u012bts vair\u0101kos bio\u0137\u012bmiskos procesos organism\u0101, t\u0101p\u0113c \u0161is savienojums ir p\u0113t\u012bts ar\u012b gar\u012bg\u0101s un fizisk\u0101s labsaj\u016btas atbalsta kontekst\u0101. <\/p>\n<h2>K\u0101p\u0113c lietot NADH k\u0101 uztura bag\u0101tin\u0101t\u0101ju?<\/h2>\n<p>NADH ir dabiski organism\u0101 sastopama viela, ko var ieg\u016bt ar\u012b no p\u0101rtikas. Noteiktos dz\u012bves posmos vai dz\u012bvesveida faktoru d\u0113\u013c var b\u016bt paaugstin\u0101ta interese par uztura bag\u0101tin\u0101t\u0101jiem, kas satur \u0161o savienojumu kontrol\u0113t\u0101 un zin\u0101m\u0101 daudzum\u0101. Puhdas+ NADH 6 mg kapsulas satur standartiz\u0113tu NADH daudzumu un ir ra\u017eotas viegli lietojam\u0101 un ikdienas lieto\u0161anai piem\u0113rot\u0101 form\u0101.  <\/p>\n<p>Produkts ir \u012bpa\u0161i piem\u0113rots tiem, kas v\u0113las:<\/p>\n<ul>\n<li>\n<p>atbalst\u012bt j\u016bsu <b>ikdienas vitalit\u0101ti,<\/b><\/p>\n<\/li>\n<li>\n<p> <b>gar\u012bg\u0101 modr\u012bba,<\/b><\/p>\n<\/li>\n<li>\n<p>Iek\u013caujiet sav\u0101 ikdienas rut\u012bn\u0101 papildin\u0101jumu <strong>, kas atbalsta akt\u012bvu dz\u012bvesveidu<\/strong> .<\/p>\n<\/li>\n<\/ul>\n<p>Produkts ir <b>veg\u0101ns<\/b> , <b>nesatur m\u0101ksl\u012bgas piedevas vai izplat\u012btus alerg\u0113nus<\/b> , padarot to piem\u0113rotu tiem, kas iev\u0113ro \u012bpa\u0161u di\u0113tu vai dod priek\u0161roku t\u012br\u0101kam sast\u0101vam.<\/p>\n<h2>Kam ir piem\u0113rots Puhdas+ NADH 6 mg?<\/h2>\n<p>\u0160is produkts ir piem\u0113rots pieaugu\u0161ajiem, kuri v\u0113las uztur\u0113t savu ener\u0123ijas l\u012bmeni un kognit\u012bv\u0101s funkcijas. Tas var b\u016bt \u012bpa\u0161i noder\u012bgs tiem, kuri j\u016btas noguru\u0161i, kuriem nepiecie\u0161ama gar\u012bg\u0101 skaidr\u012bba vai kuri v\u0113las uzlabot savu visp\u0101r\u0113jo labsaj\u016btu.<\/p>\n<h2>K\u0101 un kad to lietot?<\/h2>\n<p><strong>Lieto\u0161anas instrukcija:<\/strong> Ieteicam\u0101 deva pieaugu\u0161ajiem ir 2 kapsulas dien\u0101. Kapsula j\u0101norij, uzdzerot \u016bdeni, tuk\u0161\u0101 d\u016b\u0161\u0101 no r\u012bta. Ieteicamo dienas devu nedr\u012bkst p\u0101rsniegt. Ir svar\u012bgi \u0113st daudzveid\u012bgu un sabalans\u0113tu uzturu un iev\u0113rot vesel\u012bgu dz\u012bvesveidu. Sarg\u0101t no b\u0113rniem.<\/p>\n<h2>K\u0101das ir sast\u0101vda\u013cas un uzturv\u0113rt\u012bba?<\/h2>\n<p><strong>Sast\u0101vda\u013cas:<\/strong> pildviela (r\u012bsu ciete), kapsula (stabilizators: hidroksipropilceluloze), Panmol\u00ae NADH.<br \/>\n Nesatur pienu, laktozi, raugu vai glut\u0113nu. Nesatur cukuru, s\u0101li, kukur\u016bzu, soju vai saldin\u0101t\u0101jus.  Piem\u0113rots ve\u0123et\u0101rie\u0161iem.<\/p>\n<p><strong>Uzturv\u0113rt\u012bba:<\/strong><\/p>\n<p>Dienas deva (2 kapsulas) satur: B3 vitam\u012bns \u2013  <strong>6 mg (37,5% NRV*)<\/strong><\/p>\n<p>*NRV \u2013 pieaugu\u0161o ieteicam\u0101 diennakts deva<\/p>\n<p><strong>Ra\u017eot\u0101js:<\/strong> New Organics Oy, Somija<br \/><strong>Import\u0113t\u0101js:<\/strong> NordenBio O\u00dc, Narva mnt 7, 10117 Tallina, Igaunija<\/p>\n<p><p><strong>Skat\u012bt ar\u012b:<\/strong> <a href=\"https:\/\/puhdasplus.ee\/lv\/kategorija\/ada-mati-nagi\/\">\u0100da, mati, nagi<\/a> | <a href=\"https:\/\/puhdasplus.ee\/lv\/kategorija\/vitamini\/b-vitamins\/\">B vitam\u012bns<\/a> | <a href=\"https:\/\/puhdasplus.ee\/lv\/kategorija\/stress-un-miegs\/\">Stress un miegs<\/a><\/p>\n<p><strong>Skat\u012bt ar\u012b:<\/strong> <a href=\"https:\/\/puhdasplus.ee\/toote-kategooria\/b-vitamiin\/\">B-vitamiin<\/a> | <a href=\"https:\/\/puhdasplus.ee\/toote-kategooria\/nahk-juuksed-kuuned\/\">Nahk, juuksed, k\u00fc\u00fcned<\/a> | <a href=\"https:\/\/puhdasplus.ee\/toote-kategooria\/magneesium\/\">Magnijs<\/a><\/p>\n","protected":false},"excerpt":{"rendered":"<p><strong>Puhdas+ NADH 6 mg<\/strong> ir uztura bag\u0101tin\u0101t\u0101js, kas atbalsta \u0137erme\u0146a dabisko ener\u0123ijas metabolismu, piedaloties \u0161\u016bnu ener\u0123ijas apmai\u0146as procesos. NADH jeb nikot\u012bnam\u012bda aden\u012bna dinukleot\u012bds ir organism\u0101 dabiski sastopams koenz\u012bms, kam ir svar\u012bga loma \u0161\u016bnu ener\u0123ijas l\u012bdzsvara nodro\u0161in\u0101\u0161an\u0101. \u0160\u012b viela piedal\u0101s ATP jeb \u0161\u016bnu pamatener\u0123ijas ra\u017eo\u0161an\u0101 un ir saist\u012bta ar vair\u0101kiem organisma bio\u0137\u012bmiskajiem procesiem.  <\/p>\n<p>NADH l\u012bmenis organism\u0101 var pazemin\u0101ties vecuma, dz\u012bvesveida un stresa d\u0113\u013c, t\u0101p\u0113c t\u0101 lieto\u0161ana uztura bag\u0101tin\u0101t\u0101ja veid\u0101 var atbalst\u012bt ikdienas fizisko un gar\u012bgo labsaj\u016btu. Puhdas+ NADH ir lieliska izv\u0113le tiem, kuri v\u0113las atbalst\u012bt savu ikdienas dz\u012bvesprieku un akt\u012bvu dz\u012bvesveidu, uzlabot koncentr\u0113\u0161an\u0101s sp\u0113jas vai mekl\u0113 atbalstu strauj\u0101 dz\u012bves ritm\u0101. <\/p>\n<p>Produkts satur t\u012bru un stabilu NADH un nesatur m\u0101ksl\u012bgas piedevas, kr\u0101svielas vai saldin\u0101t\u0101jus. Tas ir piem\u0113rots ar\u012b veg\u0101niem un cilv\u0113kiem ar jut\u012bgu gremo\u0161anu. <\/p>\n","protected":false},"featured_media":33510,"comment_status":"closed","ping_status":"closed","template":"","meta":{"_acf_changed":false,"googlesitekit_rrm_CAow3eq7DA:productID":""},"product_brand":[],"product_cat":[3296,3207,3037,3205],"product_tag":[5886,8377,3042,2580,8381,8373,3206,2974,8369],"class_list":{"0":"post-33507","1":"product","2":"type-product","3":"status-publish","4":"has-post-thumbnail","6":"product_cat-ada-mati-nagi","7":"product_cat-b-vitamins","8":"product_cat-stress-un-miegs","9":"product_cat-vitamini","10":"product_tag-b-vitamini","11":"product_tag-dabgs-lv","12":"product_tag-energija-lv","13":"product_tag-matu-kopsana","14":"product_tag-smadzeu-veselba-lv","15":"product_tag-somijas-kvalitte-lv","16":"product_tag-uztura-bagatinatajs","17":"product_tag-vegans","18":"product_tag-vitamni-lv","20":"first","21":"instock","22":"taxable","23":"shipping-taxable","24":"purchasable","25":"product-type-simple"},"acf":[],"yoast_head":"<!-- This site is optimized with the Yoast SEO plugin v27.3 - https:\/\/yoast.com\/product\/yoast-seo-wordpress\/ -->\n<title>NADH 6 mg 50 kapsulas | Puhdas+<\/title>\n<meta name=\"description\" content=\"NADH 6 mg \u2014 50 kapsulas. Koenz\u012bms NADH atbalsta organisma dabisko ener\u0123ijas ra\u017eo\u0161anu. Uztura bag\u0101tin\u0101t\u0101js vitalit\u0101tei.\" \/>\n<meta name=\"robots\" content=\"index, follow, max-snippet:-1, max-image-preview:large, max-video-preview:-1\" \/>\n<link rel=\"canonical\" href=\"https:\/\/puhdasplus.ee\/lv\/produkti\/vitamini\/b-vitamins\/nadh-6-mg-50-kapsulas\/\" \/>\n<meta property=\"og:locale\" content=\"lv_LV\" \/>\n<meta property=\"og:type\" content=\"article\" \/>\n<meta property=\"og:title\" content=\"NADH 6 mg 50 kapsulas | Puhdas+\" \/>\n<meta property=\"og:description\" content=\"NADH 6 mg \u2014 50 kapsulas. Koenz\u012bms NADH atbalsta organisma dabisko ener\u0123ijas ra\u017eo\u0161anu. Uztura bag\u0101tin\u0101t\u0101js vitalit\u0101tei.\" \/>\n<meta property=\"og:url\" content=\"https:\/\/puhdasplus.ee\/lv\/produkti\/vitamini\/b-vitamins\/nadh-6-mg-50-kapsulas\/\" \/>\n<meta property=\"og:site_name\" content=\"Puhdas+\" \/>\n<meta property=\"article:publisher\" content=\"https:\/\/www.facebook.com\/puhdasplus\" \/>\n<meta property=\"article:modified_time\" content=\"2026-04-07T16:58:27+00:00\" \/>\n<meta property=\"og:image\" content=\"https:\/\/puhdasplus.ee\/wp-content\/uploads\/2025\/03\/80.jpg\" \/>\n\t<meta property=\"og:image:width\" content=\"1862\" \/>\n\t<meta property=\"og:image:height\" content=\"2560\" \/>\n\t<meta property=\"og:image:type\" content=\"image\/jpeg\" \/>\n<meta name=\"twitter:card\" content=\"summary_large_image\" \/>\n<meta name=\"twitter:label1\" content=\"Est. reading time\" \/>\n\t<meta name=\"twitter:data1\" content=\"3 min\u016btes\" \/>\n<script type=\"application\/ld+json\" class=\"yoast-schema-graph\">{\"@context\":\"https:\\\/\\\/schema.org\",\"@graph\":[{\"@type\":\"WebPage\",\"@id\":\"https:\\\/\\\/puhdasplus.ee\\\/lv\\\/produkti\\\/vitamini\\\/b-vitamins\\\/nadh-6-mg-50-kapsulas\\\/\",\"url\":\"https:\\\/\\\/puhdasplus.ee\\\/lv\\\/produkti\\\/vitamini\\\/b-vitamins\\\/nadh-6-mg-50-kapsulas\\\/\",\"name\":\"NADH 6 mg 50 kapsulas | Puhdas+\",\"isPartOf\":{\"@id\":\"https:\\\/\\\/puhdasplus.ee\\\/lv\\\/#website\"},\"primaryImageOfPage\":{\"@id\":\"https:\\\/\\\/puhdasplus.ee\\\/lv\\\/produkti\\\/vitamini\\\/b-vitamins\\\/nadh-6-mg-50-kapsulas\\\/#primaryimage\"},\"image\":{\"@id\":\"https:\\\/\\\/puhdasplus.ee\\\/lv\\\/produkti\\\/vitamini\\\/b-vitamins\\\/nadh-6-mg-50-kapsulas\\\/#primaryimage\"},\"thumbnailUrl\":\"https:\\\/\\\/puhdasplus.ee\\\/wp-content\\\/uploads\\\/2025\\\/03\\\/80.jpg\",\"datePublished\":\"2024-02-05T10:24:57+00:00\",\"dateModified\":\"2026-04-07T16:58:27+00:00\",\"description\":\"NADH 6 mg \u2014 50 kapsulas. Koenz\u012bms NADH atbalsta organisma dabisko ener\u0123ijas ra\u017eo\u0161anu. Uztura bag\u0101tin\u0101t\u0101js vitalit\u0101tei.\",\"breadcrumb\":{\"@id\":\"https:\\\/\\\/puhdasplus.ee\\\/lv\\\/produkti\\\/vitamini\\\/b-vitamins\\\/nadh-6-mg-50-kapsulas\\\/#breadcrumb\"},\"inLanguage\":\"lv-LV\",\"potentialAction\":[{\"@type\":\"ReadAction\",\"target\":[\"https:\\\/\\\/puhdasplus.ee\\\/lv\\\/produkti\\\/vitamini\\\/b-vitamins\\\/nadh-6-mg-50-kapsulas\\\/\"]}]},{\"@type\":\"ImageObject\",\"inLanguage\":\"lv-LV\",\"@id\":\"https:\\\/\\\/puhdasplus.ee\\\/lv\\\/produkti\\\/vitamini\\\/b-vitamins\\\/nadh-6-mg-50-kapsulas\\\/#primaryimage\",\"url\":\"https:\\\/\\\/puhdasplus.ee\\\/wp-content\\\/uploads\\\/2025\\\/03\\\/80.jpg\",\"contentUrl\":\"https:\\\/\\\/puhdasplus.ee\\\/wp-content\\\/uploads\\\/2025\\\/03\\\/80.jpg\",\"width\":1862,\"height\":2560,\"caption\":\"NADH 6 mg\"},{\"@type\":\"BreadcrumbList\",\"@id\":\"https:\\\/\\\/puhdasplus.ee\\\/lv\\\/produkti\\\/vitamini\\\/b-vitamins\\\/nadh-6-mg-50-kapsulas\\\/#breadcrumb\",\"itemListElement\":[{\"@type\":\"ListItem\",\"position\":1,\"name\":\"S\u0101kums\",\"item\":\"https:\\\/\\\/puhdasplus.ee\\\/lv\\\/\"},{\"@type\":\"ListItem\",\"position\":2,\"name\":\"Produkti\",\"item\":\"https:\\\/\\\/puhdasplus.ee\\\/lv\\\/veikals\\\/\"},{\"@type\":\"ListItem\",\"position\":3,\"name\":\"NADH 6 mg 50 kapsulas\"}]},{\"@type\":\"WebSite\",\"@id\":\"https:\\\/\\\/puhdasplus.ee\\\/lv\\\/#website\",\"url\":\"https:\\\/\\\/puhdasplus.ee\\\/lv\\\/\",\"name\":\"Puhdas+\",\"description\":\"Vitam\u012bni, uztura bag\u0101tin\u0101t\u0101ji, dab\u012bg\u0101 kosm\u0113tika, vesel\u012bba, sports\",\"publisher\":{\"@id\":\"https:\\\/\\\/puhdasplus.ee\\\/lv\\\/#organization\"},\"potentialAction\":[{\"@type\":\"SearchAction\",\"target\":{\"@type\":\"EntryPoint\",\"urlTemplate\":\"https:\\\/\\\/puhdasplus.ee\\\/lv\\\/?s={search_term_string}\"},\"query-input\":{\"@type\":\"PropertyValueSpecification\",\"valueRequired\":true,\"valueName\":\"search_term_string\"}}],\"inLanguage\":\"lv-LV\"},{\"@type\":\"Organization\",\"@id\":\"https:\\\/\\\/puhdasplus.ee\\\/lv\\\/#organization\",\"name\":\"Puhdas+\",\"alternateName\":\"Puhdasplus\",\"url\":\"https:\\\/\\\/puhdasplus.ee\\\/lv\\\/\",\"logo\":{\"@type\":\"ImageObject\",\"inLanguage\":\"lv-LV\",\"@id\":\"https:\\\/\\\/puhdasplus.ee\\\/lv\\\/#\\\/schema\\\/logo\\\/image\\\/\",\"url\":\"https:\\\/\\\/puhdasplus.ee\\\/wp-content\\\/uploads\\\/2019\\\/10\\\/puhdas_logo-arvele.png\",\"contentUrl\":\"https:\\\/\\\/puhdasplus.ee\\\/wp-content\\\/uploads\\\/2019\\\/10\\\/puhdas_logo-arvele.png\",\"width\":114,\"height\":94,\"caption\":\"Puhdas+\"},\"image\":{\"@id\":\"https:\\\/\\\/puhdasplus.ee\\\/lv\\\/#\\\/schema\\\/logo\\\/image\\\/\"},\"sameAs\":[\"https:\\\/\\\/www.facebook.com\\\/puhdasplus\",\"https:\\\/\\\/www.instagram.com\\\/puhdasplus_ee\\\/\"]}]}<\/script>\n<!-- \/ Yoast SEO plugin. -->","yoast_head_json":{"title":"NADH 6 mg 50 kapsulas | Puhdas+","description":"NADH 6 mg \u2014 50 kapsulas. Koenz\u012bms NADH atbalsta organisma dabisko ener\u0123ijas ra\u017eo\u0161anu. Uztura bag\u0101tin\u0101t\u0101js vitalit\u0101tei.","robots":{"index":"index","follow":"follow","max-snippet":"max-snippet:-1","max-image-preview":"max-image-preview:large","max-video-preview":"max-video-preview:-1"},"canonical":"https:\/\/puhdasplus.ee\/lv\/produkti\/vitamini\/b-vitamins\/nadh-6-mg-50-kapsulas\/","og_locale":"lv_LV","og_type":"article","og_title":"NADH 6 mg 50 kapsulas | Puhdas+","og_description":"NADH 6 mg \u2014 50 kapsulas. Koenz\u012bms NADH atbalsta organisma dabisko ener\u0123ijas ra\u017eo\u0161anu. Uztura bag\u0101tin\u0101t\u0101js vitalit\u0101tei.","og_url":"https:\/\/puhdasplus.ee\/lv\/produkti\/vitamini\/b-vitamins\/nadh-6-mg-50-kapsulas\/","og_site_name":"Puhdas+","article_publisher":"https:\/\/www.facebook.com\/puhdasplus","article_modified_time":"2026-04-07T16:58:27+00:00","og_image":[{"width":1862,"height":2560,"url":"https:\/\/puhdasplus.ee\/wp-content\/uploads\/2025\/03\/80.jpg","type":"image\/jpeg"}],"twitter_card":"summary_large_image","twitter_misc":{"Est. reading time":"3 min\u016btes"},"schema":{"@context":"https:\/\/schema.org","@graph":[{"@type":"WebPage","@id":"https:\/\/puhdasplus.ee\/lv\/produkti\/vitamini\/b-vitamins\/nadh-6-mg-50-kapsulas\/","url":"https:\/\/puhdasplus.ee\/lv\/produkti\/vitamini\/b-vitamins\/nadh-6-mg-50-kapsulas\/","name":"NADH 6 mg 50 kapsulas | Puhdas+","isPartOf":{"@id":"https:\/\/puhdasplus.ee\/lv\/#website"},"primaryImageOfPage":{"@id":"https:\/\/puhdasplus.ee\/lv\/produkti\/vitamini\/b-vitamins\/nadh-6-mg-50-kapsulas\/#primaryimage"},"image":{"@id":"https:\/\/puhdasplus.ee\/lv\/produkti\/vitamini\/b-vitamins\/nadh-6-mg-50-kapsulas\/#primaryimage"},"thumbnailUrl":"https:\/\/puhdasplus.ee\/wp-content\/uploads\/2025\/03\/80.jpg","datePublished":"2024-02-05T10:24:57+00:00","dateModified":"2026-04-07T16:58:27+00:00","description":"NADH 6 mg \u2014 50 kapsulas. Koenz\u012bms NADH atbalsta organisma dabisko ener\u0123ijas ra\u017eo\u0161anu. Uztura bag\u0101tin\u0101t\u0101js vitalit\u0101tei.","breadcrumb":{"@id":"https:\/\/puhdasplus.ee\/lv\/produkti\/vitamini\/b-vitamins\/nadh-6-mg-50-kapsulas\/#breadcrumb"},"inLanguage":"lv-LV","potentialAction":[{"@type":"ReadAction","target":["https:\/\/puhdasplus.ee\/lv\/produkti\/vitamini\/b-vitamins\/nadh-6-mg-50-kapsulas\/"]}]},{"@type":"ImageObject","inLanguage":"lv-LV","@id":"https:\/\/puhdasplus.ee\/lv\/produkti\/vitamini\/b-vitamins\/nadh-6-mg-50-kapsulas\/#primaryimage","url":"https:\/\/puhdasplus.ee\/wp-content\/uploads\/2025\/03\/80.jpg","contentUrl":"https:\/\/puhdasplus.ee\/wp-content\/uploads\/2025\/03\/80.jpg","width":1862,"height":2560,"caption":"NADH 6 mg"},{"@type":"BreadcrumbList","@id":"https:\/\/puhdasplus.ee\/lv\/produkti\/vitamini\/b-vitamins\/nadh-6-mg-50-kapsulas\/#breadcrumb","itemListElement":[{"@type":"ListItem","position":1,"name":"S\u0101kums","item":"https:\/\/puhdasplus.ee\/lv\/"},{"@type":"ListItem","position":2,"name":"Produkti","item":"https:\/\/puhdasplus.ee\/lv\/veikals\/"},{"@type":"ListItem","position":3,"name":"NADH 6 mg 50 kapsulas"}]},{"@type":"WebSite","@id":"https:\/\/puhdasplus.ee\/lv\/#website","url":"https:\/\/puhdasplus.ee\/lv\/","name":"Puhdas+","description":"Vitam\u012bni, uztura bag\u0101tin\u0101t\u0101ji, dab\u012bg\u0101 kosm\u0113tika, vesel\u012bba, sports","publisher":{"@id":"https:\/\/puhdasplus.ee\/lv\/#organization"},"potentialAction":[{"@type":"SearchAction","target":{"@type":"EntryPoint","urlTemplate":"https:\/\/puhdasplus.ee\/lv\/?s={search_term_string}"},"query-input":{"@type":"PropertyValueSpecification","valueRequired":true,"valueName":"search_term_string"}}],"inLanguage":"lv-LV"},{"@type":"Organization","@id":"https:\/\/puhdasplus.ee\/lv\/#organization","name":"Puhdas+","alternateName":"Puhdasplus","url":"https:\/\/puhdasplus.ee\/lv\/","logo":{"@type":"ImageObject","inLanguage":"lv-LV","@id":"https:\/\/puhdasplus.ee\/lv\/#\/schema\/logo\/image\/","url":"https:\/\/puhdasplus.ee\/wp-content\/uploads\/2019\/10\/puhdas_logo-arvele.png","contentUrl":"https:\/\/puhdasplus.ee\/wp-content\/uploads\/2019\/10\/puhdas_logo-arvele.png","width":114,"height":94,"caption":"Puhdas+"},"image":{"@id":"https:\/\/puhdasplus.ee\/lv\/#\/schema\/logo\/image\/"},"sameAs":["https:\/\/www.facebook.com\/puhdasplus","https:\/\/www.instagram.com\/puhdasplus_ee\/"]}]}},"_yoast_wpseo_title":"NADH 6 mg 50 kapsulas | Puhdas+","_yoast_wpseo_metadesc":"NADH 6 mg \u2014 50 kapsulas. Koenz\u012bms NADH atbalsta organisma dabisko ener\u0123ijas ra\u017eo\u0161anu. Uztura bag\u0101tin\u0101t\u0101js vitalit\u0101tei.","_yoast_wpseo_focuskw":"","_links":{"self":[{"href":"https:\/\/puhdasplus.ee\/lv\/wp-json\/wp\/v2\/product\/33507","targetHints":{"allow":["GET"]}}],"collection":[{"href":"https:\/\/puhdasplus.ee\/lv\/wp-json\/wp\/v2\/product"}],"about":[{"href":"https:\/\/puhdasplus.ee\/lv\/wp-json\/wp\/v2\/types\/product"}],"replies":[{"embeddable":true,"href":"https:\/\/puhdasplus.ee\/lv\/wp-json\/wp\/v2\/comments?post=33507"}],"wp:featuredmedia":[{"embeddable":true,"href":"https:\/\/puhdasplus.ee\/lv\/wp-json\/wp\/v2\/media\/33510"}],"wp:attachment":[{"href":"https:\/\/puhdasplus.ee\/lv\/wp-json\/wp\/v2\/media?parent=33507"}],"wp:term":[{"taxonomy":"product_brand","embeddable":true,"href":"https:\/\/puhdasplus.ee\/lv\/wp-json\/wp\/v2\/product_brand?post=33507"},{"taxonomy":"product_cat","embeddable":true,"href":"https:\/\/puhdasplus.ee\/lv\/wp-json\/wp\/v2\/product_cat?post=33507"},{"taxonomy":"product_tag","embeddable":true,"href":"https:\/\/puhdasplus.ee\/lv\/wp-json\/wp\/v2\/product_tag?post=33507"}],"curies":[{"name":"wp","href":"https:\/\/api.w.org\/{rel}","templated":true}]}}