{"id":33381,"date":"2025-01-16T16:16:48","date_gmt":"2025-01-16T14:16:48","guid":{"rendered":"https:\/\/puhdasplus.ee\/tooted\/uncategorized\/l-tirozins-150g\/"},"modified":"2026-04-07T20:06:52","modified_gmt":"2026-04-07T17:06:52","slug":"l-tirozins-150g","status":"publish","type":"product","link":"https:\/\/puhdasplus.ee\/lv\/produkti\/stress-un-miegs\/l-tirozins-150g\/","title":{"rendered":"L-tiroz\u012bns 150g"},"content":{"rendered":"<h2>Kas ir L-tiroz\u012bns?<\/h2>\n<p><strong>Puhdas+ L-tiroz\u012bns<\/strong> ir 100% t\u012brs aminosk\u0101bju pulveris. L-tiroz\u012bns ir aminosk\u0101be, ko organisms izmanto olbaltumvielu sint\u0113zei un ir iesaist\u012bta nervu sist\u0113mas norm\u0101l\u0101 darb\u012bb\u0101. L-tiroz\u012bns ir iesaist\u012bts neirotransmiteru, tostarp dopam\u012bna un noradrenal\u012bna, metabolism\u0101, kas ir svar\u012bgi gar\u012bgajai darb\u012bbai un koncentr\u0113\u0161an\u0101s sp\u0113j\u0101m.  <\/p>\n<h2>K\u0101p\u0113c L-tiroz\u012bns ir noder\u012bgs?<\/h2>\n<h4><b>Veicina olbaltumvielu un neirotransmiteru metabolismu<\/b><\/h4>\n<p>L-tiroz\u012bns ir aminosk\u0101be, no kuras organisms var ra\u017eot vair\u0101kus neirotransmiterus. Tai ir svar\u012bga loma vielmai\u0146as procesos, kas saist\u012bti ar gar\u012bgo sniegumu un koncentr\u0113\u0161an\u0101s sp\u0113j\u0101m. <\/p>\n<h4><b>Atbalsta gar\u012bgo modr\u012bbu<\/b><\/h4>\n<p>L-tiroz\u012bns ir iesaist\u012bts nervu sist\u0113mas norm\u0101l\u0101 darb\u012bb\u0101, kas veicina koncentr\u0113\u0161an\u0101s sp\u0113ju un gar\u012bgo sniegumu ikdienas aktivit\u0101t\u0113s.<\/p>\n<h4>T\u012brs un bez piedev\u0101m sast\u0101vs<\/h4>\n<p>Produkts satur tikai L-tiroz\u012bnu bez konservantiem, kr\u0101sviel\u0101m vai aromatiz\u0113t\u0101jiem, padarot to piem\u0113rotu cilv\u0113kiem ar jut\u012bgu gremo\u0161anas sist\u0113mu un veg\u0101niem.<\/p>\n<h2>Kam ir piem\u0113rots Puhdas+ L-tiroz\u012bns?<\/h2>\n<ul>\n<li>\n<p>Cilv\u0113kiem, kuri v\u0113las atbalst\u012bt gar\u012bgo asumu un koncentr\u0113\u0161an\u0101s sp\u0113jas<\/p>\n<\/li>\n<li>\n<p>Tiem, kas pak\u013cauti gar\u012bgai slodzei vai nogurumam<\/p>\n<\/li>\n<li>\n<p>Cilv\u0113kiem ar jut\u012bgu gremo\u0161anu un veg\u0101niem, kuri nov\u0113rt\u0113 t\u012brus uztura bag\u0101tin\u0101t\u0101jus<\/p>\n<\/li>\n<\/ul>\n<h2>Lietojums<\/h2>\n<p><strong>Ieteicam\u0101 deva:<\/strong> \u00bd t\u0113jkarotes (aptuveni 1 g) dien\u0101. Sajauciet ar \u016bdeni, sulu vai sm\u016btiju. <\/p>\n<p>Nep\u0101rsniedziet ieteicamo dienas devu. Uztura bag\u0101tin\u0101t\u0101js neaizst\u0101j daudzveid\u012bgu un sabalans\u0113tu uzturu vai vesel\u012bgu dz\u012bvesveidu. Sarg\u0101t no b\u0113rniem.  <\/p>\n<h2>Sast\u0101vda\u013cas un uzturv\u0113rt\u012bba<\/h2>\n<p><strong>Sast\u0101vda\u013cas:<\/strong> L-tiroz\u012bns<\/p>\n<p><strong>Uzturv\u0113rt\u012bba uz \u00bd t\u0113jkarotes (1 g):<\/strong><\/p>\n<ul>\n<li>\n<p>L-tiroz\u012bns: 1000 mg<\/p>\n<\/li>\n<\/ul>\n<p><strong>Nesatur:<\/strong> glut\u0113nu, laktozi, raugu, cukuru, s\u0101li, saldin\u0101t\u0101jus vai m\u0101ksl\u012bgas piedevas.<\/p>\n<p><strong>Skat\u012bt ar\u012b:<\/strong> <a href=\"https:\/\/puhdasplus.ee\/lv\/kategorija\/aminoskabes\/\">Aminosk\u0101bes<\/a> | <a href=\"https:\/\/puhdasplus.ee\/lv\/kategorija\/stress-un-miegs\/\">Stress un miegs<\/a><\/p>\n<p><strong>Skat\u012bt ar\u012b:<\/strong> <a href=\"https:\/\/puhdasplus.ee\/toote-kategooria\/aminohapped\/\">Aminosk\u0101bes<\/a> | <a href=\"https:\/\/puhdasplus.ee\/toote-kategooria\/stress-uni\/\">Stress ja Uni<\/a> | <a href=\"https:\/\/puhdasplus.ee\/lv\/sport\/\">Sports<\/a><\/p>\n","protected":false},"excerpt":{"rendered":"<p><b>Puhdas+ L-tiroz\u012bns 150 g<\/b> ir dab\u012bgs uztura bag\u0101tin\u0101t\u0101js, kas piem\u0113rots gar\u012bga stresa mazin\u0101\u0161anai, kad v\u0113laties saglab\u0101t skaidru pr\u0101tu un asu koncentr\u0113\u0161an\u0101s sp\u0113ju. L-tiroz\u012bns ir organismam neaizvietojama aminosk\u0101be, no kuras organisms sintez\u0113 vielas, kas piedal\u0101s smadze\u0146u darb\u012bb\u0101 un gar\u012bg\u0101s veiktsp\u0113jas uztur\u0113\u0161an\u0101. <\/p>\n<p>\u0160is produkts ir laba izv\u0113le tiem, kam ir saspringtas darba vai skolas dienas, uzdevumi, kas prasa lielu gar\u012bgo piep\u016bli, vai kuri j\u016bt, ka vi\u0146u koncentr\u0113\u0161an\u0101s sp\u0113j\u0101m nepiecie\u0161ams atbalsts.<\/p>\n<p>Pulveris ir viegli lietojams \u2013 sajauciet to ar \u016bdeni vai sulu. Produkts ir piln\u012bgi t\u012brs un nesatur glut\u0113nu, laktozi, cukuru vai m\u0101ksl\u012bgas piedevas. Tas ir labi piem\u0113rots veg\u0101niem un tiem, kas ikdienas lieto\u0161anai dod priek\u0161roku dab\u012bgam un t\u012bram uztura bag\u0101tin\u0101t\u0101jam.  <\/p>\n","protected":false},"featured_media":33385,"comment_status":"closed","ping_status":"closed","template":"","meta":{"_acf_changed":false,"googlesitekit_rrm_CAow3eq7DA:productID":""},"product_brand":[],"product_cat":[3509,3037],"product_tag":[8361,8377,3587,3206,2974],"class_list":{"0":"post-33381","1":"product","2":"type-product","3":"status-publish","4":"has-post-thumbnail","6":"product_cat-aminoskabes","7":"product_cat-stress-un-miegs","8":"product_tag-aminoskbes-lv","9":"product_tag-dabgs-lv","10":"product_tag-garastavoklis","11":"product_tag-uztura-bagatinatajs","12":"product_tag-vegans","14":"first","15":"instock","16":"taxable","17":"shipping-taxable","18":"purchasable","19":"product-type-simple"},"acf":[],"yoast_head":"<!-- This site is optimized with the Yoast SEO plugin v27.3 - https:\/\/yoast.com\/product\/yoast-seo-wordpress\/ -->\n<title>L-tiroz\u012bns 150g | Puhdas+<\/title>\n<meta name=\"description\" content=\"L-tiroz\u012bna pulveris 150 g ir t\u012bra aminosk\u0101bju uztura bag\u0101tin\u0101t\u0101js, kas atbalsta neirotransmiteru sint\u0113zi, uzlabo garast\u0101vokli un palielina gar\u012bgo modr\u012bbu.\" \/>\n<meta name=\"robots\" content=\"index, follow, max-snippet:-1, max-image-preview:large, max-video-preview:-1\" \/>\n<link rel=\"canonical\" href=\"https:\/\/puhdasplus.ee\/lv\/produkti\/stress-un-miegs\/l-tirozins-150g\/\" \/>\n<meta property=\"og:locale\" content=\"lv_LV\" \/>\n<meta property=\"og:type\" content=\"article\" \/>\n<meta property=\"og:title\" content=\"L-tiroz\u012bns 150g | Puhdas+\" \/>\n<meta property=\"og:description\" content=\"L-tiroz\u012bna pulveris 150 g ir t\u012bra aminosk\u0101bju uztura bag\u0101tin\u0101t\u0101js, kas atbalsta neirotransmiteru sint\u0113zi, uzlabo garast\u0101vokli un palielina gar\u012bgo modr\u012bbu.\" \/>\n<meta property=\"og:url\" content=\"https:\/\/puhdasplus.ee\/lv\/produkti\/stress-un-miegs\/l-tirozins-150g\/\" \/>\n<meta property=\"og:site_name\" content=\"Puhdas+\" \/>\n<meta property=\"article:publisher\" content=\"https:\/\/www.facebook.com\/puhdasplus\" \/>\n<meta property=\"article:modified_time\" content=\"2026-04-07T17:06:52+00:00\" \/>\n<meta property=\"og:image\" content=\"https:\/\/puhdasplus.ee\/wp-content\/uploads\/2025\/03\/177.jpg\" \/>\n\t<meta property=\"og:image:width\" content=\"1862\" \/>\n\t<meta property=\"og:image:height\" content=\"2560\" \/>\n\t<meta property=\"og:image:type\" content=\"image\/jpeg\" \/>\n<meta name=\"twitter:card\" content=\"summary_large_image\" \/>\n<meta name=\"twitter:label1\" content=\"Est. reading time\" \/>\n\t<meta name=\"twitter:data1\" content=\"2 min\u016btes\" \/>\n<script type=\"application\/ld+json\" class=\"yoast-schema-graph\">{\"@context\":\"https:\\\/\\\/schema.org\",\"@graph\":[{\"@type\":\"WebPage\",\"@id\":\"https:\\\/\\\/puhdasplus.ee\\\/lv\\\/produkti\\\/stress-un-miegs\\\/l-tirozins-150g\\\/\",\"url\":\"https:\\\/\\\/puhdasplus.ee\\\/lv\\\/produkti\\\/stress-un-miegs\\\/l-tirozins-150g\\\/\",\"name\":\"L-tiroz\u012bns 150g | Puhdas+\",\"isPartOf\":{\"@id\":\"https:\\\/\\\/puhdasplus.ee\\\/lv\\\/#website\"},\"primaryImageOfPage\":{\"@id\":\"https:\\\/\\\/puhdasplus.ee\\\/lv\\\/produkti\\\/stress-un-miegs\\\/l-tirozins-150g\\\/#primaryimage\"},\"image\":{\"@id\":\"https:\\\/\\\/puhdasplus.ee\\\/lv\\\/produkti\\\/stress-un-miegs\\\/l-tirozins-150g\\\/#primaryimage\"},\"thumbnailUrl\":\"https:\\\/\\\/puhdasplus.ee\\\/wp-content\\\/uploads\\\/2025\\\/03\\\/177.jpg\",\"datePublished\":\"2025-01-16T14:16:48+00:00\",\"dateModified\":\"2026-04-07T17:06:52+00:00\",\"description\":\"L-tiroz\u012bna pulveris 150 g ir t\u012bra aminosk\u0101bju uztura bag\u0101tin\u0101t\u0101js, kas atbalsta neirotransmiteru sint\u0113zi, uzlabo garast\u0101vokli un palielina gar\u012bgo modr\u012bbu.\",\"breadcrumb\":{\"@id\":\"https:\\\/\\\/puhdasplus.ee\\\/lv\\\/produkti\\\/stress-un-miegs\\\/l-tirozins-150g\\\/#breadcrumb\"},\"inLanguage\":\"lv-LV\",\"potentialAction\":[{\"@type\":\"ReadAction\",\"target\":[\"https:\\\/\\\/puhdasplus.ee\\\/lv\\\/produkti\\\/stress-un-miegs\\\/l-tirozins-150g\\\/\"]}]},{\"@type\":\"ImageObject\",\"inLanguage\":\"lv-LV\",\"@id\":\"https:\\\/\\\/puhdasplus.ee\\\/lv\\\/produkti\\\/stress-un-miegs\\\/l-tirozins-150g\\\/#primaryimage\",\"url\":\"https:\\\/\\\/puhdasplus.ee\\\/wp-content\\\/uploads\\\/2025\\\/03\\\/177.jpg\",\"contentUrl\":\"https:\\\/\\\/puhdasplus.ee\\\/wp-content\\\/uploads\\\/2025\\\/03\\\/177.jpg\",\"width\":1862,\"height\":2560,\"caption\":\"L-tiroz\u012bna pulveris 150g\"},{\"@type\":\"BreadcrumbList\",\"@id\":\"https:\\\/\\\/puhdasplus.ee\\\/lv\\\/produkti\\\/stress-un-miegs\\\/l-tirozins-150g\\\/#breadcrumb\",\"itemListElement\":[{\"@type\":\"ListItem\",\"position\":1,\"name\":\"S\u0101kums\",\"item\":\"https:\\\/\\\/puhdasplus.ee\\\/lv\\\/\"},{\"@type\":\"ListItem\",\"position\":2,\"name\":\"Produkti\",\"item\":\"https:\\\/\\\/puhdasplus.ee\\\/lv\\\/veikals\\\/\"},{\"@type\":\"ListItem\",\"position\":3,\"name\":\"L-tiroz\u012bns 150g\"}]},{\"@type\":\"WebSite\",\"@id\":\"https:\\\/\\\/puhdasplus.ee\\\/lv\\\/#website\",\"url\":\"https:\\\/\\\/puhdasplus.ee\\\/lv\\\/\",\"name\":\"Puhdas+\",\"description\":\"Vitam\u012bni, uztura bag\u0101tin\u0101t\u0101ji, dab\u012bg\u0101 kosm\u0113tika, vesel\u012bba, sports\",\"publisher\":{\"@id\":\"https:\\\/\\\/puhdasplus.ee\\\/lv\\\/#organization\"},\"potentialAction\":[{\"@type\":\"SearchAction\",\"target\":{\"@type\":\"EntryPoint\",\"urlTemplate\":\"https:\\\/\\\/puhdasplus.ee\\\/lv\\\/?s={search_term_string}\"},\"query-input\":{\"@type\":\"PropertyValueSpecification\",\"valueRequired\":true,\"valueName\":\"search_term_string\"}}],\"inLanguage\":\"lv-LV\"},{\"@type\":\"Organization\",\"@id\":\"https:\\\/\\\/puhdasplus.ee\\\/lv\\\/#organization\",\"name\":\"Puhdas+\",\"alternateName\":\"Puhdasplus\",\"url\":\"https:\\\/\\\/puhdasplus.ee\\\/lv\\\/\",\"logo\":{\"@type\":\"ImageObject\",\"inLanguage\":\"lv-LV\",\"@id\":\"https:\\\/\\\/puhdasplus.ee\\\/lv\\\/#\\\/schema\\\/logo\\\/image\\\/\",\"url\":\"https:\\\/\\\/puhdasplus.ee\\\/wp-content\\\/uploads\\\/2019\\\/10\\\/puhdas_logo-arvele.png\",\"contentUrl\":\"https:\\\/\\\/puhdasplus.ee\\\/wp-content\\\/uploads\\\/2019\\\/10\\\/puhdas_logo-arvele.png\",\"width\":114,\"height\":94,\"caption\":\"Puhdas+\"},\"image\":{\"@id\":\"https:\\\/\\\/puhdasplus.ee\\\/lv\\\/#\\\/schema\\\/logo\\\/image\\\/\"},\"sameAs\":[\"https:\\\/\\\/www.facebook.com\\\/puhdasplus\",\"https:\\\/\\\/www.instagram.com\\\/puhdasplus_ee\\\/\"]}]}<\/script>\n<!-- \/ Yoast SEO plugin. -->","yoast_head_json":{"title":"L-tiroz\u012bns 150g | Puhdas+","description":"L-tiroz\u012bna pulveris 150 g ir t\u012bra aminosk\u0101bju uztura bag\u0101tin\u0101t\u0101js, kas atbalsta neirotransmiteru sint\u0113zi, uzlabo garast\u0101vokli un palielina gar\u012bgo modr\u012bbu.","robots":{"index":"index","follow":"follow","max-snippet":"max-snippet:-1","max-image-preview":"max-image-preview:large","max-video-preview":"max-video-preview:-1"},"canonical":"https:\/\/puhdasplus.ee\/lv\/produkti\/stress-un-miegs\/l-tirozins-150g\/","og_locale":"lv_LV","og_type":"article","og_title":"L-tiroz\u012bns 150g | Puhdas+","og_description":"L-tiroz\u012bna pulveris 150 g ir t\u012bra aminosk\u0101bju uztura bag\u0101tin\u0101t\u0101js, kas atbalsta neirotransmiteru sint\u0113zi, uzlabo garast\u0101vokli un palielina gar\u012bgo modr\u012bbu.","og_url":"https:\/\/puhdasplus.ee\/lv\/produkti\/stress-un-miegs\/l-tirozins-150g\/","og_site_name":"Puhdas+","article_publisher":"https:\/\/www.facebook.com\/puhdasplus","article_modified_time":"2026-04-07T17:06:52+00:00","og_image":[{"width":1862,"height":2560,"url":"https:\/\/puhdasplus.ee\/wp-content\/uploads\/2025\/03\/177.jpg","type":"image\/jpeg"}],"twitter_card":"summary_large_image","twitter_misc":{"Est. reading time":"2 min\u016btes"},"schema":{"@context":"https:\/\/schema.org","@graph":[{"@type":"WebPage","@id":"https:\/\/puhdasplus.ee\/lv\/produkti\/stress-un-miegs\/l-tirozins-150g\/","url":"https:\/\/puhdasplus.ee\/lv\/produkti\/stress-un-miegs\/l-tirozins-150g\/","name":"L-tiroz\u012bns 150g | Puhdas+","isPartOf":{"@id":"https:\/\/puhdasplus.ee\/lv\/#website"},"primaryImageOfPage":{"@id":"https:\/\/puhdasplus.ee\/lv\/produkti\/stress-un-miegs\/l-tirozins-150g\/#primaryimage"},"image":{"@id":"https:\/\/puhdasplus.ee\/lv\/produkti\/stress-un-miegs\/l-tirozins-150g\/#primaryimage"},"thumbnailUrl":"https:\/\/puhdasplus.ee\/wp-content\/uploads\/2025\/03\/177.jpg","datePublished":"2025-01-16T14:16:48+00:00","dateModified":"2026-04-07T17:06:52+00:00","description":"L-tiroz\u012bna pulveris 150 g ir t\u012bra aminosk\u0101bju uztura bag\u0101tin\u0101t\u0101js, kas atbalsta neirotransmiteru sint\u0113zi, uzlabo garast\u0101vokli un palielina gar\u012bgo modr\u012bbu.","breadcrumb":{"@id":"https:\/\/puhdasplus.ee\/lv\/produkti\/stress-un-miegs\/l-tirozins-150g\/#breadcrumb"},"inLanguage":"lv-LV","potentialAction":[{"@type":"ReadAction","target":["https:\/\/puhdasplus.ee\/lv\/produkti\/stress-un-miegs\/l-tirozins-150g\/"]}]},{"@type":"ImageObject","inLanguage":"lv-LV","@id":"https:\/\/puhdasplus.ee\/lv\/produkti\/stress-un-miegs\/l-tirozins-150g\/#primaryimage","url":"https:\/\/puhdasplus.ee\/wp-content\/uploads\/2025\/03\/177.jpg","contentUrl":"https:\/\/puhdasplus.ee\/wp-content\/uploads\/2025\/03\/177.jpg","width":1862,"height":2560,"caption":"L-tiroz\u012bna pulveris 150g"},{"@type":"BreadcrumbList","@id":"https:\/\/puhdasplus.ee\/lv\/produkti\/stress-un-miegs\/l-tirozins-150g\/#breadcrumb","itemListElement":[{"@type":"ListItem","position":1,"name":"S\u0101kums","item":"https:\/\/puhdasplus.ee\/lv\/"},{"@type":"ListItem","position":2,"name":"Produkti","item":"https:\/\/puhdasplus.ee\/lv\/veikals\/"},{"@type":"ListItem","position":3,"name":"L-tiroz\u012bns 150g"}]},{"@type":"WebSite","@id":"https:\/\/puhdasplus.ee\/lv\/#website","url":"https:\/\/puhdasplus.ee\/lv\/","name":"Puhdas+","description":"Vitam\u012bni, uztura bag\u0101tin\u0101t\u0101ji, dab\u012bg\u0101 kosm\u0113tika, vesel\u012bba, sports","publisher":{"@id":"https:\/\/puhdasplus.ee\/lv\/#organization"},"potentialAction":[{"@type":"SearchAction","target":{"@type":"EntryPoint","urlTemplate":"https:\/\/puhdasplus.ee\/lv\/?s={search_term_string}"},"query-input":{"@type":"PropertyValueSpecification","valueRequired":true,"valueName":"search_term_string"}}],"inLanguage":"lv-LV"},{"@type":"Organization","@id":"https:\/\/puhdasplus.ee\/lv\/#organization","name":"Puhdas+","alternateName":"Puhdasplus","url":"https:\/\/puhdasplus.ee\/lv\/","logo":{"@type":"ImageObject","inLanguage":"lv-LV","@id":"https:\/\/puhdasplus.ee\/lv\/#\/schema\/logo\/image\/","url":"https:\/\/puhdasplus.ee\/wp-content\/uploads\/2019\/10\/puhdas_logo-arvele.png","contentUrl":"https:\/\/puhdasplus.ee\/wp-content\/uploads\/2019\/10\/puhdas_logo-arvele.png","width":114,"height":94,"caption":"Puhdas+"},"image":{"@id":"https:\/\/puhdasplus.ee\/lv\/#\/schema\/logo\/image\/"},"sameAs":["https:\/\/www.facebook.com\/puhdasplus","https:\/\/www.instagram.com\/puhdasplus_ee\/"]}]}},"_yoast_wpseo_title":"L-tiroz\u012bns 150g | Puhdas+","_yoast_wpseo_metadesc":"L-tiroz\u012bna pulveris 150 g ir t\u012bra aminosk\u0101bju uztura bag\u0101tin\u0101t\u0101js, kas atbalsta neirotransmiteru sint\u0113zi, uzlabo garast\u0101vokli un palielina gar\u012bgo modr\u012bbu.","_yoast_wpseo_focuskw":"","_links":{"self":[{"href":"https:\/\/puhdasplus.ee\/lv\/wp-json\/wp\/v2\/product\/33381","targetHints":{"allow":["GET"]}}],"collection":[{"href":"https:\/\/puhdasplus.ee\/lv\/wp-json\/wp\/v2\/product"}],"about":[{"href":"https:\/\/puhdasplus.ee\/lv\/wp-json\/wp\/v2\/types\/product"}],"replies":[{"embeddable":true,"href":"https:\/\/puhdasplus.ee\/lv\/wp-json\/wp\/v2\/comments?post=33381"}],"wp:featuredmedia":[{"embeddable":true,"href":"https:\/\/puhdasplus.ee\/lv\/wp-json\/wp\/v2\/media\/33385"}],"wp:attachment":[{"href":"https:\/\/puhdasplus.ee\/lv\/wp-json\/wp\/v2\/media?parent=33381"}],"wp:term":[{"taxonomy":"product_brand","embeddable":true,"href":"https:\/\/puhdasplus.ee\/lv\/wp-json\/wp\/v2\/product_brand?post=33381"},{"taxonomy":"product_cat","embeddable":true,"href":"https:\/\/puhdasplus.ee\/lv\/wp-json\/wp\/v2\/product_cat?post=33381"},{"taxonomy":"product_tag","embeddable":true,"href":"https:\/\/puhdasplus.ee\/lv\/wp-json\/wp\/v2\/product_tag?post=33381"}],"curies":[{"name":"wp","href":"https:\/\/api.w.org\/{rel}","templated":true}]}}