{"id":33319,"date":"2025-01-16T14:27:00","date_gmt":"2025-01-16T12:27:00","guid":{"rendered":"https:\/\/puhdasplus.ee\/tooted\/uncategorized\/kvercetins-500-mg-60-kapsulas-uztura-bagatinatajs\/"},"modified":"2026-04-07T09:19:13","modified_gmt":"2026-04-07T06:19:13","slug":"kvercetins-500-mg-60-kapsulas-uztura-bagatinatajs","status":"publish","type":"product","link":"https:\/\/puhdasplus.ee\/lv\/produkti\/imunsistema\/kvercetins-500-mg-60-kapsulas-uztura-bagatinatajs\/","title":{"rendered":"Efekt\u012bvs Kvercet\u012bns 500 mg 60 kapsulas"},"content":{"rendered":"<h2><strong>Efekt\u012bvs Kvercet\u012bns 500 mg<\/strong><\/h2>\n<p>\u2013 ir kvalitat\u012bvs un t\u012brs uztura bag\u0101tin\u0101t\u0101js, kas satur stipru augu izcelsmes kvercet\u012bna devu. Kvercet\u012bns ir dab\u012bgs bioflavono\u012bds un augu savienojums, kas atrodams daudzos aug\u013cos un d\u0101rze\u0146os, piem\u0113ram, s\u012bpolos, \u0101belos un og\u0101s. Tas ir \u0113rts veids, k\u0101 pievienot kvercet\u012bnu savai ikdienas uztura racionam.<\/p>\n<h3>Uzturv\u0113rt\u012bba<\/h3>\n<p>Uzturv\u0113rt\u012bba (1 kapsula): kvercet\u012bns 500 mg.<\/p>\n<h3>Galven\u0101s \u012bpa\u0161\u012bbas:<\/h3>\n<ul>\n<li><strong>Ikdienas atbalsts:<\/strong> piem\u0113rots lieto\u0161anai labsaj\u016btas atbalstam un k\u0101 da\u013ca no daudzveid\u012bgas uzturvielas.<\/li>\n<li><strong>T\u012br\u012bba un kvalit\u0101te:<\/strong> nesatur nevajadz\u012bgas piedevas, piem\u0113rots veg\u0101niem un veget\u0101rie\u0161iem.<\/li>\n<li><strong>Efekt\u012bva deva:<\/strong> 500 mg kvercet\u012bna vien\u0101 kapsul\u0101.<\/li>\n<\/ul>\n<h3>Sast\u0101vs:<\/h3>\n<ul>\n<li>Kvercet\u012bns (500 mg uz kapsulu)<\/li>\n<li>Pildvielas: kalcija karbon\u0101ts, mikrokrist\u0101lisk\u0101 celuloze<\/li>\n<li>Stabilizators: hidroksipr\u014dpilmetilceluloze<\/li>\n<li>Augu kapsulas (stabilizators: hidroksipr\u014dpilmetilceluloze)<\/li>\n<li>Nesatur pienu, laktozi, glut\u0113nu, soju, s\u0101li, cukuru vai saldin\u0101t\u0101jus.<\/li>\n<\/ul>\n<h3>Neto daudzums:<\/h3>\n<p>60 kapsulas<\/p>\n<h3>Lieto\u0161ana:<\/h3>\n<p>Ieteicam\u0101 deva: 1 kapsula dien\u0101 ar \u016bdeni. Ir svar\u012bgi \u0113st daudzveid\u012bgi un sabalans\u0113ti, k\u0101 ar\u012b iev\u0113rot vesel\u012bgu dz\u012bvesveidu. Ieteicamo dienas devu nedr\u012bkst p\u0101rsniegt.<\/p>\n<h3><strong>Br\u012bdin\u0101jumi:<\/strong><\/h3>\n<ul>\n<li>Uztura bag\u0101tin\u0101t\u0101js neaizst\u0101j daudzveid\u012bgu uzturu un vesel\u012bgu dz\u012bvesveidu.<\/li>\n<li>Konsult\u0113ties ar \u0101rstu gr\u016btniec\u012bbas, z\u012bd\u012b\u0161anas, hronisku slim\u012bbu vai medikamentu lieto\u0161anas gad\u012bjum\u0101.<\/li>\n<li>Uzglab\u0101t b\u0113rniem nepieejam\u0101 viet\u0101.<\/li>\n<\/ul>\n<p><strong>Uzglab\u0101\u0161ana:<\/strong><br \/>\nUzglab\u0101t saus\u0101 un v\u0113s\u0101 viet\u0101, aizsarg\u0101t\u0101 no tie\u0161as saules gaismas.<\/p>\n<p><strong>Ra\u017eot\u0101js:<\/strong> New Organics Oy, Somija.<\/p>\n<p><strong>Import\u0113t\u0101js Igaunij\u0101:<\/strong> NordenBio O\u00dc, Narva mnt 7, 10117 Tallinn, Igaunija.<\/p>\n<p><strong>Skat\u012bt ar\u012b:<\/strong> <a href=\"https:\/\/puhdasplus.ee\/toote-kategooria\/immuunsusteem\/\">Im\u016bnsist\u0113ma<\/a> | <a href=\"https:\/\/puhdasplus.ee\/toote-kategooria\/d-vitamiin\/\">D vitam\u012bns<\/a><\/p>\n","protected":false},"excerpt":{"rendered":"<p><strong>Puhdas+ Efekt\u012bvs Kvercet\u012bns 500 mg<\/strong> ir kvalitat\u012bvs un t\u012brs uztura bag\u0101tin\u0101t\u0101js, kas satur stipru augu izcelsmes kvercet\u012bna devu. Kvercet\u012bns ir dab\u012bgs bioflavono\u012bds un augu savienojums, kas atrodams daudzos aug\u013cos un d\u0101rze\u0146os, piem\u0113ram, s\u012bpolos, \u0101belos un og\u0101s. Tas ir \u0113rts veids, k\u0101 pievienot kvercet\u012bnu savai ikdienas uztura racionam.<\/p>\n","protected":false},"featured_media":33322,"comment_status":"closed","ping_status":"closed","template":"","meta":{"_acf_changed":false,"googlesitekit_rrm_CAow3eq7DA:productID":""},"product_brand":[],"product_cat":[3066],"product_tag":[4791,8377,3041,2944,3723,8373,3206,2974],"class_list":{"0":"post-33319","1":"product","2":"type-product","3":"status-publish","4":"has-post-thumbnail","6":"product_cat-imunsistema","7":"product_tag-antioksidants-lv","8":"product_tag-dabgs-lv","9":"product_tag-imunitate","10":"product_tag-pretiekaisuma","11":"product_tag-sirds-veseliba","12":"product_tag-somijas-kvalitte-lv","13":"product_tag-uztura-bagatinatajs","14":"product_tag-vegans","16":"first","17":"instock","18":"taxable","19":"shipping-taxable","20":"purchasable","21":"product-type-simple"},"acf":[],"yoast_head":"<!-- This site is optimized with the Yoast SEO plugin v27.3 - https:\/\/yoast.com\/product\/yoast-seo-wordpress\/ -->\n<title>Kvercet\u012bns 500 mg 60 kapsulas | Puhdas+<\/title>\n<meta name=\"description\" content=\"Augu izcelsmes kvercet\u012bns 500 mg \u2014 sp\u0113c\u012bgs dab\u012bgs flavono\u012bds. T\u012brs sast\u0101vs, augsta deva. Piem\u0113rots veg\u0101niem, bez glut\u0113na un laktozes. 60 kapsulas.\" \/>\n<meta name=\"robots\" content=\"index, follow, max-snippet:-1, max-image-preview:large, max-video-preview:-1\" \/>\n<link rel=\"canonical\" href=\"https:\/\/puhdasplus.ee\/lv\/produkti\/imunsistema\/kvercetins-500-mg-60-kapsulas-uztura-bagatinatajs\/\" \/>\n<meta property=\"og:locale\" content=\"lv_LV\" \/>\n<meta property=\"og:type\" content=\"article\" \/>\n<meta property=\"og:title\" content=\"Kvercet\u012bns 500 mg 60 kapsulas | Puhdas+\" \/>\n<meta property=\"og:description\" content=\"Augu izcelsmes kvercet\u012bns 500 mg \u2014 sp\u0113c\u012bgs dab\u012bgs flavono\u012bds. T\u012brs sast\u0101vs, augsta deva. Piem\u0113rots veg\u0101niem, bez glut\u0113na un laktozes. 60 kapsulas.\" \/>\n<meta property=\"og:url\" content=\"https:\/\/puhdasplus.ee\/lv\/produkti\/imunsistema\/kvercetins-500-mg-60-kapsulas-uztura-bagatinatajs\/\" \/>\n<meta property=\"og:site_name\" content=\"Puhdas+\" \/>\n<meta property=\"article:publisher\" content=\"https:\/\/www.facebook.com\/puhdasplus\" \/>\n<meta property=\"article:modified_time\" content=\"2026-04-07T06:19:13+00:00\" \/>\n<meta property=\"og:image\" content=\"https:\/\/puhdasplus.ee\/wp-content\/uploads\/2025\/03\/181.jpg\" \/>\n\t<meta property=\"og:image:width\" content=\"1862\" \/>\n\t<meta property=\"og:image:height\" content=\"2560\" \/>\n\t<meta property=\"og:image:type\" content=\"image\/jpeg\" \/>\n<meta name=\"twitter:card\" content=\"summary_large_image\" \/>\n<meta name=\"twitter:label1\" content=\"Est. reading time\" \/>\n\t<meta name=\"twitter:data1\" content=\"1 minute\" \/>\n<script type=\"application\/ld+json\" class=\"yoast-schema-graph\">{\"@context\":\"https:\\\/\\\/schema.org\",\"@graph\":[{\"@type\":\"WebPage\",\"@id\":\"https:\\\/\\\/puhdasplus.ee\\\/lv\\\/produkti\\\/imunsistema\\\/kvercetins-500-mg-60-kapsulas-uztura-bagatinatajs\\\/\",\"url\":\"https:\\\/\\\/puhdasplus.ee\\\/lv\\\/produkti\\\/imunsistema\\\/kvercetins-500-mg-60-kapsulas-uztura-bagatinatajs\\\/\",\"name\":\"Kvercet\u012bns 500 mg 60 kapsulas | Puhdas+\",\"isPartOf\":{\"@id\":\"https:\\\/\\\/puhdasplus.ee\\\/lv\\\/#website\"},\"primaryImageOfPage\":{\"@id\":\"https:\\\/\\\/puhdasplus.ee\\\/lv\\\/produkti\\\/imunsistema\\\/kvercetins-500-mg-60-kapsulas-uztura-bagatinatajs\\\/#primaryimage\"},\"image\":{\"@id\":\"https:\\\/\\\/puhdasplus.ee\\\/lv\\\/produkti\\\/imunsistema\\\/kvercetins-500-mg-60-kapsulas-uztura-bagatinatajs\\\/#primaryimage\"},\"thumbnailUrl\":\"https:\\\/\\\/puhdasplus.ee\\\/wp-content\\\/uploads\\\/2025\\\/03\\\/181.jpg\",\"datePublished\":\"2025-01-16T12:27:00+00:00\",\"dateModified\":\"2026-04-07T06:19:13+00:00\",\"description\":\"Augu izcelsmes kvercet\u012bns 500 mg \u2014 sp\u0113c\u012bgs dab\u012bgs flavono\u012bds. T\u012brs sast\u0101vs, augsta deva. Piem\u0113rots veg\u0101niem, bez glut\u0113na un laktozes. 60 kapsulas.\",\"breadcrumb\":{\"@id\":\"https:\\\/\\\/puhdasplus.ee\\\/lv\\\/produkti\\\/imunsistema\\\/kvercetins-500-mg-60-kapsulas-uztura-bagatinatajs\\\/#breadcrumb\"},\"inLanguage\":\"lv-LV\",\"potentialAction\":[{\"@type\":\"ReadAction\",\"target\":[\"https:\\\/\\\/puhdasplus.ee\\\/lv\\\/produkti\\\/imunsistema\\\/kvercetins-500-mg-60-kapsulas-uztura-bagatinatajs\\\/\"]}]},{\"@type\":\"ImageObject\",\"inLanguage\":\"lv-LV\",\"@id\":\"https:\\\/\\\/puhdasplus.ee\\\/lv\\\/produkti\\\/imunsistema\\\/kvercetins-500-mg-60-kapsulas-uztura-bagatinatajs\\\/#primaryimage\",\"url\":\"https:\\\/\\\/puhdasplus.ee\\\/wp-content\\\/uploads\\\/2025\\\/03\\\/181.jpg\",\"contentUrl\":\"https:\\\/\\\/puhdasplus.ee\\\/wp-content\\\/uploads\\\/2025\\\/03\\\/181.jpg\",\"width\":1862,\"height\":2560,\"caption\":\"Kvercet\u012bns 500 mg 60 kapsulas\"},{\"@type\":\"BreadcrumbList\",\"@id\":\"https:\\\/\\\/puhdasplus.ee\\\/lv\\\/produkti\\\/imunsistema\\\/kvercetins-500-mg-60-kapsulas-uztura-bagatinatajs\\\/#breadcrumb\",\"itemListElement\":[{\"@type\":\"ListItem\",\"position\":1,\"name\":\"S\u0101kums\",\"item\":\"https:\\\/\\\/puhdasplus.ee\\\/lv\\\/\"},{\"@type\":\"ListItem\",\"position\":2,\"name\":\"Produkti\",\"item\":\"https:\\\/\\\/puhdasplus.ee\\\/lv\\\/veikals\\\/\"},{\"@type\":\"ListItem\",\"position\":3,\"name\":\"Efekt\u012bvs Kvercet\u012bns 500 mg 60 kapsulas\"}]},{\"@type\":\"WebSite\",\"@id\":\"https:\\\/\\\/puhdasplus.ee\\\/lv\\\/#website\",\"url\":\"https:\\\/\\\/puhdasplus.ee\\\/lv\\\/\",\"name\":\"Puhdas+\",\"description\":\"Vitam\u012bni, uztura bag\u0101tin\u0101t\u0101ji, dab\u012bg\u0101 kosm\u0113tika, vesel\u012bba, sports\",\"publisher\":{\"@id\":\"https:\\\/\\\/puhdasplus.ee\\\/lv\\\/#organization\"},\"potentialAction\":[{\"@type\":\"SearchAction\",\"target\":{\"@type\":\"EntryPoint\",\"urlTemplate\":\"https:\\\/\\\/puhdasplus.ee\\\/lv\\\/?s={search_term_string}\"},\"query-input\":{\"@type\":\"PropertyValueSpecification\",\"valueRequired\":true,\"valueName\":\"search_term_string\"}}],\"inLanguage\":\"lv-LV\"},{\"@type\":\"Organization\",\"@id\":\"https:\\\/\\\/puhdasplus.ee\\\/lv\\\/#organization\",\"name\":\"Puhdas+\",\"alternateName\":\"Puhdasplus\",\"url\":\"https:\\\/\\\/puhdasplus.ee\\\/lv\\\/\",\"logo\":{\"@type\":\"ImageObject\",\"inLanguage\":\"lv-LV\",\"@id\":\"https:\\\/\\\/puhdasplus.ee\\\/lv\\\/#\\\/schema\\\/logo\\\/image\\\/\",\"url\":\"https:\\\/\\\/puhdasplus.ee\\\/wp-content\\\/uploads\\\/2019\\\/10\\\/puhdas_logo-arvele.png\",\"contentUrl\":\"https:\\\/\\\/puhdasplus.ee\\\/wp-content\\\/uploads\\\/2019\\\/10\\\/puhdas_logo-arvele.png\",\"width\":114,\"height\":94,\"caption\":\"Puhdas+\"},\"image\":{\"@id\":\"https:\\\/\\\/puhdasplus.ee\\\/lv\\\/#\\\/schema\\\/logo\\\/image\\\/\"},\"sameAs\":[\"https:\\\/\\\/www.facebook.com\\\/puhdasplus\",\"https:\\\/\\\/www.instagram.com\\\/puhdasplus_ee\\\/\"]}]}<\/script>\n<!-- \/ Yoast SEO plugin. -->","yoast_head_json":{"title":"Kvercet\u012bns 500 mg 60 kapsulas | Puhdas+","description":"Augu izcelsmes kvercet\u012bns 500 mg \u2014 sp\u0113c\u012bgs dab\u012bgs flavono\u012bds. T\u012brs sast\u0101vs, augsta deva. Piem\u0113rots veg\u0101niem, bez glut\u0113na un laktozes. 60 kapsulas.","robots":{"index":"index","follow":"follow","max-snippet":"max-snippet:-1","max-image-preview":"max-image-preview:large","max-video-preview":"max-video-preview:-1"},"canonical":"https:\/\/puhdasplus.ee\/lv\/produkti\/imunsistema\/kvercetins-500-mg-60-kapsulas-uztura-bagatinatajs\/","og_locale":"lv_LV","og_type":"article","og_title":"Kvercet\u012bns 500 mg 60 kapsulas | Puhdas+","og_description":"Augu izcelsmes kvercet\u012bns 500 mg \u2014 sp\u0113c\u012bgs dab\u012bgs flavono\u012bds. T\u012brs sast\u0101vs, augsta deva. Piem\u0113rots veg\u0101niem, bez glut\u0113na un laktozes. 60 kapsulas.","og_url":"https:\/\/puhdasplus.ee\/lv\/produkti\/imunsistema\/kvercetins-500-mg-60-kapsulas-uztura-bagatinatajs\/","og_site_name":"Puhdas+","article_publisher":"https:\/\/www.facebook.com\/puhdasplus","article_modified_time":"2026-04-07T06:19:13+00:00","og_image":[{"width":1862,"height":2560,"url":"https:\/\/puhdasplus.ee\/wp-content\/uploads\/2025\/03\/181.jpg","type":"image\/jpeg"}],"twitter_card":"summary_large_image","twitter_misc":{"Est. reading time":"1 minute"},"schema":{"@context":"https:\/\/schema.org","@graph":[{"@type":"WebPage","@id":"https:\/\/puhdasplus.ee\/lv\/produkti\/imunsistema\/kvercetins-500-mg-60-kapsulas-uztura-bagatinatajs\/","url":"https:\/\/puhdasplus.ee\/lv\/produkti\/imunsistema\/kvercetins-500-mg-60-kapsulas-uztura-bagatinatajs\/","name":"Kvercet\u012bns 500 mg 60 kapsulas | Puhdas+","isPartOf":{"@id":"https:\/\/puhdasplus.ee\/lv\/#website"},"primaryImageOfPage":{"@id":"https:\/\/puhdasplus.ee\/lv\/produkti\/imunsistema\/kvercetins-500-mg-60-kapsulas-uztura-bagatinatajs\/#primaryimage"},"image":{"@id":"https:\/\/puhdasplus.ee\/lv\/produkti\/imunsistema\/kvercetins-500-mg-60-kapsulas-uztura-bagatinatajs\/#primaryimage"},"thumbnailUrl":"https:\/\/puhdasplus.ee\/wp-content\/uploads\/2025\/03\/181.jpg","datePublished":"2025-01-16T12:27:00+00:00","dateModified":"2026-04-07T06:19:13+00:00","description":"Augu izcelsmes kvercet\u012bns 500 mg \u2014 sp\u0113c\u012bgs dab\u012bgs flavono\u012bds. T\u012brs sast\u0101vs, augsta deva. Piem\u0113rots veg\u0101niem, bez glut\u0113na un laktozes. 60 kapsulas.","breadcrumb":{"@id":"https:\/\/puhdasplus.ee\/lv\/produkti\/imunsistema\/kvercetins-500-mg-60-kapsulas-uztura-bagatinatajs\/#breadcrumb"},"inLanguage":"lv-LV","potentialAction":[{"@type":"ReadAction","target":["https:\/\/puhdasplus.ee\/lv\/produkti\/imunsistema\/kvercetins-500-mg-60-kapsulas-uztura-bagatinatajs\/"]}]},{"@type":"ImageObject","inLanguage":"lv-LV","@id":"https:\/\/puhdasplus.ee\/lv\/produkti\/imunsistema\/kvercetins-500-mg-60-kapsulas-uztura-bagatinatajs\/#primaryimage","url":"https:\/\/puhdasplus.ee\/wp-content\/uploads\/2025\/03\/181.jpg","contentUrl":"https:\/\/puhdasplus.ee\/wp-content\/uploads\/2025\/03\/181.jpg","width":1862,"height":2560,"caption":"Kvercet\u012bns 500 mg 60 kapsulas"},{"@type":"BreadcrumbList","@id":"https:\/\/puhdasplus.ee\/lv\/produkti\/imunsistema\/kvercetins-500-mg-60-kapsulas-uztura-bagatinatajs\/#breadcrumb","itemListElement":[{"@type":"ListItem","position":1,"name":"S\u0101kums","item":"https:\/\/puhdasplus.ee\/lv\/"},{"@type":"ListItem","position":2,"name":"Produkti","item":"https:\/\/puhdasplus.ee\/lv\/veikals\/"},{"@type":"ListItem","position":3,"name":"Efekt\u012bvs Kvercet\u012bns 500 mg 60 kapsulas"}]},{"@type":"WebSite","@id":"https:\/\/puhdasplus.ee\/lv\/#website","url":"https:\/\/puhdasplus.ee\/lv\/","name":"Puhdas+","description":"Vitam\u012bni, uztura bag\u0101tin\u0101t\u0101ji, dab\u012bg\u0101 kosm\u0113tika, vesel\u012bba, sports","publisher":{"@id":"https:\/\/puhdasplus.ee\/lv\/#organization"},"potentialAction":[{"@type":"SearchAction","target":{"@type":"EntryPoint","urlTemplate":"https:\/\/puhdasplus.ee\/lv\/?s={search_term_string}"},"query-input":{"@type":"PropertyValueSpecification","valueRequired":true,"valueName":"search_term_string"}}],"inLanguage":"lv-LV"},{"@type":"Organization","@id":"https:\/\/puhdasplus.ee\/lv\/#organization","name":"Puhdas+","alternateName":"Puhdasplus","url":"https:\/\/puhdasplus.ee\/lv\/","logo":{"@type":"ImageObject","inLanguage":"lv-LV","@id":"https:\/\/puhdasplus.ee\/lv\/#\/schema\/logo\/image\/","url":"https:\/\/puhdasplus.ee\/wp-content\/uploads\/2019\/10\/puhdas_logo-arvele.png","contentUrl":"https:\/\/puhdasplus.ee\/wp-content\/uploads\/2019\/10\/puhdas_logo-arvele.png","width":114,"height":94,"caption":"Puhdas+"},"image":{"@id":"https:\/\/puhdasplus.ee\/lv\/#\/schema\/logo\/image\/"},"sameAs":["https:\/\/www.facebook.com\/puhdasplus","https:\/\/www.instagram.com\/puhdasplus_ee\/"]}]}},"_yoast_wpseo_title":"Kvercet\u012bns 500 mg 60 kapsulas | Puhdas+","_yoast_wpseo_metadesc":"Augu izcelsmes kvercet\u012bns 500 mg \u2014 sp\u0113c\u012bgs dab\u012bgs flavono\u012bds. T\u012brs sast\u0101vs, augsta deva. Piem\u0113rots veg\u0101niem, bez glut\u0113na un laktozes. 60 kapsulas.","_yoast_wpseo_focuskw":"kvercet\u012bns uztura bag\u0101tin\u0101t\u0101js","_links":{"self":[{"href":"https:\/\/puhdasplus.ee\/lv\/wp-json\/wp\/v2\/product\/33319","targetHints":{"allow":["GET"]}}],"collection":[{"href":"https:\/\/puhdasplus.ee\/lv\/wp-json\/wp\/v2\/product"}],"about":[{"href":"https:\/\/puhdasplus.ee\/lv\/wp-json\/wp\/v2\/types\/product"}],"replies":[{"embeddable":true,"href":"https:\/\/puhdasplus.ee\/lv\/wp-json\/wp\/v2\/comments?post=33319"}],"wp:featuredmedia":[{"embeddable":true,"href":"https:\/\/puhdasplus.ee\/lv\/wp-json\/wp\/v2\/media\/33322"}],"wp:attachment":[{"href":"https:\/\/puhdasplus.ee\/lv\/wp-json\/wp\/v2\/media?parent=33319"}],"wp:term":[{"taxonomy":"product_brand","embeddable":true,"href":"https:\/\/puhdasplus.ee\/lv\/wp-json\/wp\/v2\/product_brand?post=33319"},{"taxonomy":"product_cat","embeddable":true,"href":"https:\/\/puhdasplus.ee\/lv\/wp-json\/wp\/v2\/product_cat?post=33319"},{"taxonomy":"product_tag","embeddable":true,"href":"https:\/\/puhdasplus.ee\/lv\/wp-json\/wp\/v2\/product_tag?post=33319"}],"curies":[{"name":"wp","href":"https:\/\/api.w.org\/{rel}","templated":true}]}}