{"id":33234,"date":"2024-04-11T11:20:22","date_gmt":"2024-04-11T08:20:22","guid":{"rendered":"https:\/\/puhdasplus.ee\/tooted\/uncategorized\/organiskais-maka-pulveris-200-g\/"},"modified":"2026-04-07T20:05:38","modified_gmt":"2026-04-07T17:05:38","slug":"organiskais-maka-pulveris-200-g","status":"publish","type":"product","link":"https:\/\/puhdasplus.ee\/lv\/produkti\/superediens\/organiskais-maka-pulveris-200-g\/","title":{"rendered":"Organiskais maka pulveris 200 g"},"content":{"rendered":"<h2>Kas ir Puhdas+ organiskais makas saknes pulveris?<\/h2>\n<p>Puhdas+ Organic Maca saknes pulveris ir 100% dab\u012bgs un biolo\u0123iski audz\u0113ts uztura bag\u0101tin\u0101t\u0101js, kas ra\u017eots no makas saknes (Lepidium meyenii), kas paz\u012bstama ar sav\u0101m sp\u0113c\u012bgaj\u0101m uzturviel\u0101m un l\u012bdzsvarojo\u0161aj\u0101m \u012bpa\u0161\u012bb\u0101m. Maka aug augstu Peru Andos un ir tradicion\u0101ls viet\u0113jo iedz\u012bvot\u0101ju p\u0101rtikas augs, ko gadsimtiem ilgi izmanto \u0137erme\u0146a un pr\u0101ta stiprin\u0101\u0161anai. <\/p>\n<p>Makas sakne ir dabiski bag\u0101ta ar vitam\u012bniem, miner\u0101lviel\u0101m (\u012bpa\u0161i dzelzi, kalciju un cinku), aminosk\u0101b\u0113m un \u0161\u0137iedrviel\u0101m, padarot makas pulveri par daudzpus\u012bgu super\u0113dienu, kas atbalsta akt\u012bvu dz\u012bvesveidu, var pal\u012bdz\u0113t c\u012bn\u012bties pret nogurumu un atbalsta visp\u0101r\u0113jo vitalit\u0101ti. <\/p>\n<p>At\u0161\u0137ir\u012bb\u0101 no stimulantiem, maka nesniedz \u201cp\u0113k\u0161\u0146u ener\u0123ijas piepl\u016bdumu\u201d, bet darbojas pak\u0101peniski, atbalstot organisma dabiskos procesus. Augs ir \u012bpa\u0161i nov\u0113rt\u0113ts t\u0101 adaptog\u0113no \u012bpa\u0161\u012bbu d\u0113\u013c \u2013 tas noz\u012bm\u0113, ka maka pal\u012bdz organismam lab\u0101k piel\u0101goties fiziskajam un gar\u012bgajam stresam, l\u012bdzsvarojot stresa reakcijas un atbalstot atvese\u013co\u0161anos. <\/p>\n<p>Maka saknes pulveris bie\u017ei tiek izmantots ar\u012b hormon\u0101l\u0101 l\u012bdzsvara uztur\u0113\u0161anai \u2013 gan v\u012brie\u0161iem, gan sieviet\u0113m. Tas ir popul\u0101rs uztura bag\u0101tin\u0101t\u0101js sportistu vid\u016b, k\u0101 ar\u012b to cilv\u0113ku vid\u016b, kuri mekl\u0113 dabisku atbalstu koncentr\u0113\u0161an\u0101s sp\u0113jai, ener\u0123ijas l\u012bmenim vai ikdienas iztur\u012bbai. <\/p>\n<p>Puhdas+ maca pulverim ir smalka tekst\u016bra, bez piedev\u0101m vai pildviel\u0101m, t\u0101p\u0113c tas ir lieliski piem\u0113rots pievieno\u0161anai sm\u016btijiem, putr\u0101m, brokastu p\u0101rsl\u0101m vai ceptiem izstr\u0101d\u0101jumiem. T\u0101 maig\u0101, nedaudz riekstain\u0101 un zemisk\u0101 gar\u0161a padara to par lielisku papildin\u0101jumu da\u017e\u0101d\u0101m recept\u0113m, \u012bpa\u0161i, ja to kombin\u0113 ar ban\u0101nu, kakao pupi\u0146\u0101m vai augu izcelsmes pienu. <\/p>\n<h2>K\u0101p\u0113c Puhdas+ Organic Maca sak\u0146u pulveris ir labv\u0113l\u012bgs?<\/h2>\n<h3>1. Atbalsta dabisko ener\u0123iju un iztur\u012bbu<\/h3>\n<p>Maka ir paz\u012bstama ar savu ener\u0123iju sniedzo\u0161o iedarb\u012bbu \u2013 t\u0101 nedarbojas k\u0101 stimulants, bet gan pal\u012bdz organismam dabiski tikt gal\u0101 ar nogurumu un palielina visp\u0101r\u0113jo iztur\u012bbu. T\u0101 ir lieliska tiem, kas j\u016btas izsmelti vai kuriem nepiecie\u0161ama liel\u0101ka ener\u0123ija ikdienas aktivit\u0101t\u0113m, darbam vai fizisk\u0101m aktivit\u0101t\u0113m. <\/p>\n<h3>2. Uzlabo koncentr\u0113\u0161an\u0101s sp\u0113jas un gar\u012bgo l\u012bdzsvaru<\/h3>\n<p>Maka pal\u012bdz uztur\u0113t gar\u012bgo modr\u012bbu un koncentr\u0113\u0161an\u0101s sp\u0113jas. T\u0101s adaptog\u0113n\u0101s \u012bpa\u0161\u012bbas pal\u012bdz organismam lab\u0101k tikt gal\u0101 ar stresu un gar\u012bgo slodzi, veicinot stabil\u0101ku garast\u0101vokli un gar\u012bgo l\u012bdzsvaru. <\/p>\n<h3>3. Atbalsta hormon\u0101lo l\u012bdzsvaru<\/h3>\n<p>Tradicion\u0101li makas sakne ir izmantota hormon\u0101l\u0101 l\u012bdzsvara uztur\u0113\u0161anai. Ir p\u0113t\u012bta t\u0101s sp\u0113ja atbalst\u012bt menstru\u0101lo ciklu, mazin\u0101t menopauzes simptomus un atbalst\u012bt v\u012brie\u0161u augl\u012bbu vai libido. Lai gan maka nesatur hormonus, t\u0101 var pal\u012bdz\u0113t organismam uztur\u0113t savu l\u012bdzsvaru.  <\/p>\n<h3>4. Bag\u0101ts ar uzturviel\u0101m<\/h3>\n<p>Maka ir bag\u0101ta ar olbaltumviel\u0101m, \u0161\u0137iedrviel\u0101m, og\u013chidr\u0101tiem, aminosk\u0101b\u0113m, dab\u012bgajiem cukuriem un vair\u0101k\u0101m svar\u012bg\u0101m miner\u0101lviel\u0101m, piem\u0113ram, dzelzi, kalciju, cinku un magniju. Tas padara maka pulveri par pilnv\u0113rt\u012bgu papildin\u0101jumu uzturam, \u012bpa\u0161i augu izcelsmes di\u0113t\u0101m. <\/p>\n<h3>5. Adaptog\u0113na iedarb\u012bba<\/h3>\n<p>Adaptog\u0113ni ir augi, kas pal\u012bdz organismam piel\u0101goties fiziskam un emocion\u0101lam stresam. Maka ir dabisks adaptog\u0113ns, kas var pal\u012bdz\u0113t regul\u0113t organisma stresa reakciju, l\u012bdzsvarot nervu sist\u0113mu un atbalst\u012bt organisma sp\u0113ju atg\u016bties stresa periodos. <\/p>\n<h3>6. T\u012bras, dab\u012bgas un organiskas sast\u0101vda\u013cas<\/h3>\n<p>Puhdas+ maca pulveris ir 100% organisks, bez konservantiem, pildviel\u0101m vai m\u0101ksl\u012bg\u0101m piedev\u0101m. Tas ir piem\u0113rots veg\u0101niem un tiem, kas nov\u0113rt\u0113 dab\u012bgu uzturu. Pulveri var \u0113rti pievienot sm\u016btijiem, brokast\u012bm vai ceptiem izstr\u0101d\u0101jumiem.  <\/p>\n<h2>Sast\u0101vda\u013cas<\/h2>\n<ul>\n<li>\n<p>100% organisks makas saknes pulveris<\/p>\n<\/li>\n<\/ul>\n<h2>Uzturv\u0113rt\u012bba uz 100 g<\/h2>\n<ul>\n<li>\n<p>Ener\u0123\u0113tisk\u0101 v\u0113rt\u012bba: 1264 kJ \/ 302 kcal<\/p>\n<\/li>\n<li>\n<p>Tauki: 0 g<\/p>\n<\/li>\n<li>\n<p>Og\u013chidr\u0101ti: 50,0 g<\/p>\n<ul>\n<li>\n<p>tostarp cukuri: 28,6 g<\/p>\n<\/li>\n<\/ul>\n<\/li>\n<li>\n<p>Olbaltumvielas: 14,3 g<\/p>\n<\/li>\n<li>\n<p>S\u0101ls: 0,05 g<\/p>\n<\/li>\n<\/ul>\n<h2>Lieto\u0161anas ieteikums<\/h2>\n<p>Ieteicam\u0101 dienas deva: no 1 t\u0113jkarotes l\u012bdz 2 \u0113damkarot\u0113m dien\u0101.<br \/> Pievienojiet sm\u016btijiem, jogurtam, putrai vai z\u0101\u013cu dz\u0113rieniem. Maka var sajaukt ar cit\u0101m sast\u0101vda\u013c\u0101m (piem\u0113ram, ban\u0101nu, kakao, medu), lai m\u012bkstin\u0101tu sp\u0113c\u012bgo gar\u0161u. <br \/>P\u0113c 3 ned\u0113\u013cu lieto\u0161anas ieteicams iev\u0113rot ned\u0113\u013cas p\u0101rtraukumu.<\/p>\n<h2>Br\u012bdin\u0101jumi un uzglab\u0101\u0161ana<\/h2>\n<p>Uztura bag\u0101tin\u0101t\u0101js neaizst\u0101j daudzveid\u012bgu un sabalans\u0113tu uzturu vai vesel\u012bgu dz\u012bvesveidu.<br \/> Nep\u0101rsniedziet ieteicamo dienas devu.<br \/> Uzglab\u0101t saus\u0101 un v\u0113s\u0101 viet\u0101, b\u0113rniem nepieejam\u0101 viet\u0101.<\/p>\n<h2>Iepakojuma izm\u0113rs<\/h2>\n<p>200 g<\/p>\n<p><strong>Skat\u012bt ar\u012b:<\/strong> <a href=\"https:\/\/puhdasplus.ee\/lv\/kategorija\/superediens\/\">Super\u0113diens<\/a><\/p>\n<p><strong>Skat\u012bt ar\u012b:<\/strong> <a href=\"https:\/\/puhdasplus.ee\/toote-kategooria\/superfood\/\">Superfood<\/a> | <a href=\"https:\/\/puhdasplus.ee\/toote-kategooria\/seedimine-ja-ainevahetus\/\">Gremo\u0161ana un vielmai\u0146a<\/a><\/p>\n","protected":false},"excerpt":{"rendered":"<p>Puhdas+ Organic Maca pulveris ir 100% t\u012brs un biolo\u0123iski audz\u0113ts super\u0113diens, kas ra\u017eots no makas saknes (Lepidium meyenii), kas aug Peru Andos. Gadsimtiem ilgi \u0161is augs ir bijis viet\u0113j\u0101s tautas medic\u012bnas sast\u0101vda\u013ca, pal\u012bdzot cilv\u0113kiem tikt gal\u0101 ar gar\u012bgo un fizisko stresu un atbalstot dabisko vitalit\u0101ti. M\u016bsdien\u0101s maka ir popul\u0101ra vis\u0101 pasaul\u0113, pateicoties t\u0101s adaptog\u0113naj\u0101m \u012bpa\u0161\u012bb\u0101m, kas pal\u012bdz organismam lab\u0101k piel\u0101goties stresam un nogurumam, k\u0101 ar\u012b uztur\u0113t hormon\u0101lo l\u012bdzsvaru.  <\/p>\n<p>Makas pulveris ir dabiski bag\u0101ts ar olbaltumviel\u0101m, \u0161\u0137iedrviel\u0101m, og\u013chidr\u0101tiem, dab\u012bgajiem cukuriem un vair\u0101k\u0101m svar\u012bg\u0101m miner\u0101lviel\u0101m, piem\u0113ram, dzelzi, cinku, kalciju un magniju. \u0160\u012bs uzturvielas atbalsta nervu sist\u0113mu, ener\u0123ijas ra\u017eo\u0161anu un iztur\u012bbu. At\u0161\u0137ir\u012bb\u0101 no m\u0101ksl\u012bgiem stimulatoriem, makai piem\u012bt l\u012bdzsvarojo\u0161a un ilgtermi\u0146a iedarb\u012bba, atbalstot organisma dabiskos procesus. T\u0101 ir labi piem\u0113rota gan gar\u012bg\u0101 darba veic\u0113jiem, gan fiziski akt\u012bviem cilv\u0113kiem, tostarp sportistiem.   <\/p>\n<p>Daudzi lietot\u0101ji nov\u0113rt\u0113 makas saknes pulveri ar\u012b t\u0101 ietekmes uz hormon\u0101lo l\u012bdzsvaru d\u0113\u013c. To tradicion\u0101li lieto menstru\u0101l\u0101 cikla l\u012bdzsvaro\u0161anai, menopauzes mazin\u0101\u0161anai un libido atbalstam \u2013 gan v\u012brie\u0161iem, gan sieviet\u0113m. Lai gan maka nesatur hormonus, t\u0101 pal\u012bdz organismam lab\u0101k uztur\u0113t iek\u0161\u0113jos ritmus un rea\u0123\u0113t uz hormon\u0101laj\u0101m izmai\u0146\u0101m.  <\/p>\n<p>Puhdas+ maca pulveris ir lieliski piem\u0113rots ikdienas lieto\u0161anai \u2013 to var pievienot sm\u016btijiem, putr\u0101m, augu izcelsmes pienam vai ceptiem izstr\u0101d\u0101jumiem. Maig\u0101, viegli riekstain\u0101 un zemisk\u0101 gar\u0161a labi sader ar citiem superproduktiem, piem\u0113ram, ban\u0101nu, kakao pupi\u0146\u0101m vai medu. Ieteicams lietot no 1 t\u0113jkarotes l\u012bdz 2 \u0113damkarot\u0113m dien\u0101, laiku pa laikam iev\u0113rojot ned\u0113\u013cas p\u0101rtraukumu, lai organisms var\u0113tu atjaunoties.  <\/p>\n<p>\u0160is produkts nesatur piedevas, glut\u0113nu un laktozi, un tas ir lieliski piem\u0113rots ar\u012b veg\u0101niem. Ja mekl\u0113jat dabisku veidu, k\u0101 uztur\u0113t ener\u0123ijas l\u012bmeni, gar\u012bgo koncentr\u0113\u0161an\u0101s sp\u0113jas un fizisko l\u012bdzsvaru, <strong>Puhdas+ Organic Maca pulveris<\/strong> ir ide\u0101la un uzticama izv\u0113le. <\/p>\n","protected":false},"featured_media":33236,"comment_status":"closed","ping_status":"closed","template":"","meta":{"_acf_changed":false,"googlesitekit_rrm_CAow3eq7DA:productID":""},"product_brand":[],"product_cat":[3039],"product_tag":[8349,8377,3042,3071,3074,7889,8353,3043,3206,2974],"class_list":{"0":"post-33234","1":"product","2":"type-product","3":"status-publish","4":"has-post-thumbnail","6":"product_cat-superediens","7":"product_tag-bez-laktozes-lv","8":"product_tag-dabgs-lv","9":"product_tag-energija-lv","10":"product_tag-hormonalais-lidzsvars","11":"product_tag-organisks-lv","12":"product_tag-pulveris","13":"product_tag-sievietm-lv","14":"product_tag-superediens","15":"product_tag-uztura-bagatinatajs","16":"product_tag-vegans","18":"first","19":"onbackorder","20":"taxable","21":"shipping-taxable","22":"purchasable","23":"product-type-simple"},"acf":[],"yoast_head":"<!-- This site is optimized with the Yoast SEO plugin v27.3 - https:\/\/yoast.com\/product\/yoast-seo-wordpress\/ -->\n<title>Organiskais maka pulveris 200 g | Puhdas+<\/title>\n<meta name=\"description\" content=\"Organiskais makas pulveris 200 g ir dabisks ener\u0123ijas un vitalit\u0101tes avots, kas atbalsta organisma ener\u0123ijas l\u012bmeni un hormon\u0101lo l\u012bdzsvaru.\" \/>\n<meta name=\"robots\" content=\"index, follow, max-snippet:-1, max-image-preview:large, max-video-preview:-1\" \/>\n<link rel=\"canonical\" href=\"https:\/\/puhdasplus.ee\/lv\/produkti\/superediens\/organiskais-maka-pulveris-200-g\/\" \/>\n<meta property=\"og:locale\" content=\"lv_LV\" \/>\n<meta property=\"og:type\" content=\"article\" \/>\n<meta property=\"og:title\" content=\"Organiskais maka pulveris 200 g | Puhdas+\" \/>\n<meta property=\"og:description\" content=\"Organiskais makas pulveris 200 g ir dabisks ener\u0123ijas un vitalit\u0101tes avots, kas atbalsta organisma ener\u0123ijas l\u012bmeni un hormon\u0101lo l\u012bdzsvaru.\" \/>\n<meta property=\"og:url\" content=\"https:\/\/puhdasplus.ee\/lv\/produkti\/superediens\/organiskais-maka-pulveris-200-g\/\" \/>\n<meta property=\"og:site_name\" content=\"Puhdas+\" \/>\n<meta property=\"article:publisher\" content=\"https:\/\/www.facebook.com\/puhdasplus\" \/>\n<meta property=\"article:modified_time\" content=\"2026-04-07T17:05:38+00:00\" \/>\n<meta property=\"og:image\" content=\"https:\/\/puhdasplus.ee\/wp-content\/uploads\/2025\/03\/111.jpg\" \/>\n\t<meta property=\"og:image:width\" content=\"1862\" \/>\n\t<meta property=\"og:image:height\" content=\"2560\" \/>\n\t<meta property=\"og:image:type\" content=\"image\/jpeg\" \/>\n<meta name=\"twitter:card\" content=\"summary_large_image\" \/>\n<meta name=\"twitter:label1\" content=\"Est. reading time\" \/>\n\t<meta name=\"twitter:data1\" content=\"4 min\u016btes\" \/>\n<script type=\"application\/ld+json\" class=\"yoast-schema-graph\">{\"@context\":\"https:\\\/\\\/schema.org\",\"@graph\":[{\"@type\":\"WebPage\",\"@id\":\"https:\\\/\\\/puhdasplus.ee\\\/lv\\\/produkti\\\/superediens\\\/organiskais-maka-pulveris-200-g\\\/\",\"url\":\"https:\\\/\\\/puhdasplus.ee\\\/lv\\\/produkti\\\/superediens\\\/organiskais-maka-pulveris-200-g\\\/\",\"name\":\"Organiskais maka pulveris 200 g | Puhdas+\",\"isPartOf\":{\"@id\":\"https:\\\/\\\/puhdasplus.ee\\\/lv\\\/#website\"},\"primaryImageOfPage\":{\"@id\":\"https:\\\/\\\/puhdasplus.ee\\\/lv\\\/produkti\\\/superediens\\\/organiskais-maka-pulveris-200-g\\\/#primaryimage\"},\"image\":{\"@id\":\"https:\\\/\\\/puhdasplus.ee\\\/lv\\\/produkti\\\/superediens\\\/organiskais-maka-pulveris-200-g\\\/#primaryimage\"},\"thumbnailUrl\":\"https:\\\/\\\/puhdasplus.ee\\\/wp-content\\\/uploads\\\/2025\\\/03\\\/111.jpg\",\"datePublished\":\"2024-04-11T08:20:22+00:00\",\"dateModified\":\"2026-04-07T17:05:38+00:00\",\"description\":\"Organiskais makas pulveris 200 g ir dabisks ener\u0123ijas un vitalit\u0101tes avots, kas atbalsta organisma ener\u0123ijas l\u012bmeni un hormon\u0101lo l\u012bdzsvaru.\",\"breadcrumb\":{\"@id\":\"https:\\\/\\\/puhdasplus.ee\\\/lv\\\/produkti\\\/superediens\\\/organiskais-maka-pulveris-200-g\\\/#breadcrumb\"},\"inLanguage\":\"lv-LV\",\"potentialAction\":[{\"@type\":\"ReadAction\",\"target\":[\"https:\\\/\\\/puhdasplus.ee\\\/lv\\\/produkti\\\/superediens\\\/organiskais-maka-pulveris-200-g\\\/\"]}]},{\"@type\":\"ImageObject\",\"inLanguage\":\"lv-LV\",\"@id\":\"https:\\\/\\\/puhdasplus.ee\\\/lv\\\/produkti\\\/superediens\\\/organiskais-maka-pulveris-200-g\\\/#primaryimage\",\"url\":\"https:\\\/\\\/puhdasplus.ee\\\/wp-content\\\/uploads\\\/2025\\\/03\\\/111.jpg\",\"contentUrl\":\"https:\\\/\\\/puhdasplus.ee\\\/wp-content\\\/uploads\\\/2025\\\/03\\\/111.jpg\",\"width\":1862,\"height\":2560,\"caption\":\"Biolo\u0123isks makas pulveris\"},{\"@type\":\"BreadcrumbList\",\"@id\":\"https:\\\/\\\/puhdasplus.ee\\\/lv\\\/produkti\\\/superediens\\\/organiskais-maka-pulveris-200-g\\\/#breadcrumb\",\"itemListElement\":[{\"@type\":\"ListItem\",\"position\":1,\"name\":\"S\u0101kums\",\"item\":\"https:\\\/\\\/puhdasplus.ee\\\/lv\\\/\"},{\"@type\":\"ListItem\",\"position\":2,\"name\":\"Produkti\",\"item\":\"https:\\\/\\\/puhdasplus.ee\\\/lv\\\/veikals\\\/\"},{\"@type\":\"ListItem\",\"position\":3,\"name\":\"Organiskais maka pulveris 200 g\"}]},{\"@type\":\"WebSite\",\"@id\":\"https:\\\/\\\/puhdasplus.ee\\\/lv\\\/#website\",\"url\":\"https:\\\/\\\/puhdasplus.ee\\\/lv\\\/\",\"name\":\"Puhdas+\",\"description\":\"Vitam\u012bni, uztura bag\u0101tin\u0101t\u0101ji, dab\u012bg\u0101 kosm\u0113tika, vesel\u012bba, sports\",\"publisher\":{\"@id\":\"https:\\\/\\\/puhdasplus.ee\\\/lv\\\/#organization\"},\"potentialAction\":[{\"@type\":\"SearchAction\",\"target\":{\"@type\":\"EntryPoint\",\"urlTemplate\":\"https:\\\/\\\/puhdasplus.ee\\\/lv\\\/?s={search_term_string}\"},\"query-input\":{\"@type\":\"PropertyValueSpecification\",\"valueRequired\":true,\"valueName\":\"search_term_string\"}}],\"inLanguage\":\"lv-LV\"},{\"@type\":\"Organization\",\"@id\":\"https:\\\/\\\/puhdasplus.ee\\\/lv\\\/#organization\",\"name\":\"Puhdas+\",\"alternateName\":\"Puhdasplus\",\"url\":\"https:\\\/\\\/puhdasplus.ee\\\/lv\\\/\",\"logo\":{\"@type\":\"ImageObject\",\"inLanguage\":\"lv-LV\",\"@id\":\"https:\\\/\\\/puhdasplus.ee\\\/lv\\\/#\\\/schema\\\/logo\\\/image\\\/\",\"url\":\"https:\\\/\\\/puhdasplus.ee\\\/wp-content\\\/uploads\\\/2019\\\/10\\\/puhdas_logo-arvele.png\",\"contentUrl\":\"https:\\\/\\\/puhdasplus.ee\\\/wp-content\\\/uploads\\\/2019\\\/10\\\/puhdas_logo-arvele.png\",\"width\":114,\"height\":94,\"caption\":\"Puhdas+\"},\"image\":{\"@id\":\"https:\\\/\\\/puhdasplus.ee\\\/lv\\\/#\\\/schema\\\/logo\\\/image\\\/\"},\"sameAs\":[\"https:\\\/\\\/www.facebook.com\\\/puhdasplus\",\"https:\\\/\\\/www.instagram.com\\\/puhdasplus_ee\\\/\"]}]}<\/script>\n<!-- \/ Yoast SEO plugin. -->","yoast_head_json":{"title":"Organiskais maka pulveris 200 g | Puhdas+","description":"Organiskais makas pulveris 200 g ir dabisks ener\u0123ijas un vitalit\u0101tes avots, kas atbalsta organisma ener\u0123ijas l\u012bmeni un hormon\u0101lo l\u012bdzsvaru.","robots":{"index":"index","follow":"follow","max-snippet":"max-snippet:-1","max-image-preview":"max-image-preview:large","max-video-preview":"max-video-preview:-1"},"canonical":"https:\/\/puhdasplus.ee\/lv\/produkti\/superediens\/organiskais-maka-pulveris-200-g\/","og_locale":"lv_LV","og_type":"article","og_title":"Organiskais maka pulveris 200 g | Puhdas+","og_description":"Organiskais makas pulveris 200 g ir dabisks ener\u0123ijas un vitalit\u0101tes avots, kas atbalsta organisma ener\u0123ijas l\u012bmeni un hormon\u0101lo l\u012bdzsvaru.","og_url":"https:\/\/puhdasplus.ee\/lv\/produkti\/superediens\/organiskais-maka-pulveris-200-g\/","og_site_name":"Puhdas+","article_publisher":"https:\/\/www.facebook.com\/puhdasplus","article_modified_time":"2026-04-07T17:05:38+00:00","og_image":[{"width":1862,"height":2560,"url":"https:\/\/puhdasplus.ee\/wp-content\/uploads\/2025\/03\/111.jpg","type":"image\/jpeg"}],"twitter_card":"summary_large_image","twitter_misc":{"Est. reading time":"4 min\u016btes"},"schema":{"@context":"https:\/\/schema.org","@graph":[{"@type":"WebPage","@id":"https:\/\/puhdasplus.ee\/lv\/produkti\/superediens\/organiskais-maka-pulveris-200-g\/","url":"https:\/\/puhdasplus.ee\/lv\/produkti\/superediens\/organiskais-maka-pulveris-200-g\/","name":"Organiskais maka pulveris 200 g | Puhdas+","isPartOf":{"@id":"https:\/\/puhdasplus.ee\/lv\/#website"},"primaryImageOfPage":{"@id":"https:\/\/puhdasplus.ee\/lv\/produkti\/superediens\/organiskais-maka-pulveris-200-g\/#primaryimage"},"image":{"@id":"https:\/\/puhdasplus.ee\/lv\/produkti\/superediens\/organiskais-maka-pulveris-200-g\/#primaryimage"},"thumbnailUrl":"https:\/\/puhdasplus.ee\/wp-content\/uploads\/2025\/03\/111.jpg","datePublished":"2024-04-11T08:20:22+00:00","dateModified":"2026-04-07T17:05:38+00:00","description":"Organiskais makas pulveris 200 g ir dabisks ener\u0123ijas un vitalit\u0101tes avots, kas atbalsta organisma ener\u0123ijas l\u012bmeni un hormon\u0101lo l\u012bdzsvaru.","breadcrumb":{"@id":"https:\/\/puhdasplus.ee\/lv\/produkti\/superediens\/organiskais-maka-pulveris-200-g\/#breadcrumb"},"inLanguage":"lv-LV","potentialAction":[{"@type":"ReadAction","target":["https:\/\/puhdasplus.ee\/lv\/produkti\/superediens\/organiskais-maka-pulveris-200-g\/"]}]},{"@type":"ImageObject","inLanguage":"lv-LV","@id":"https:\/\/puhdasplus.ee\/lv\/produkti\/superediens\/organiskais-maka-pulveris-200-g\/#primaryimage","url":"https:\/\/puhdasplus.ee\/wp-content\/uploads\/2025\/03\/111.jpg","contentUrl":"https:\/\/puhdasplus.ee\/wp-content\/uploads\/2025\/03\/111.jpg","width":1862,"height":2560,"caption":"Biolo\u0123isks makas pulveris"},{"@type":"BreadcrumbList","@id":"https:\/\/puhdasplus.ee\/lv\/produkti\/superediens\/organiskais-maka-pulveris-200-g\/#breadcrumb","itemListElement":[{"@type":"ListItem","position":1,"name":"S\u0101kums","item":"https:\/\/puhdasplus.ee\/lv\/"},{"@type":"ListItem","position":2,"name":"Produkti","item":"https:\/\/puhdasplus.ee\/lv\/veikals\/"},{"@type":"ListItem","position":3,"name":"Organiskais maka pulveris 200 g"}]},{"@type":"WebSite","@id":"https:\/\/puhdasplus.ee\/lv\/#website","url":"https:\/\/puhdasplus.ee\/lv\/","name":"Puhdas+","description":"Vitam\u012bni, uztura bag\u0101tin\u0101t\u0101ji, dab\u012bg\u0101 kosm\u0113tika, vesel\u012bba, sports","publisher":{"@id":"https:\/\/puhdasplus.ee\/lv\/#organization"},"potentialAction":[{"@type":"SearchAction","target":{"@type":"EntryPoint","urlTemplate":"https:\/\/puhdasplus.ee\/lv\/?s={search_term_string}"},"query-input":{"@type":"PropertyValueSpecification","valueRequired":true,"valueName":"search_term_string"}}],"inLanguage":"lv-LV"},{"@type":"Organization","@id":"https:\/\/puhdasplus.ee\/lv\/#organization","name":"Puhdas+","alternateName":"Puhdasplus","url":"https:\/\/puhdasplus.ee\/lv\/","logo":{"@type":"ImageObject","inLanguage":"lv-LV","@id":"https:\/\/puhdasplus.ee\/lv\/#\/schema\/logo\/image\/","url":"https:\/\/puhdasplus.ee\/wp-content\/uploads\/2019\/10\/puhdas_logo-arvele.png","contentUrl":"https:\/\/puhdasplus.ee\/wp-content\/uploads\/2019\/10\/puhdas_logo-arvele.png","width":114,"height":94,"caption":"Puhdas+"},"image":{"@id":"https:\/\/puhdasplus.ee\/lv\/#\/schema\/logo\/image\/"},"sameAs":["https:\/\/www.facebook.com\/puhdasplus","https:\/\/www.instagram.com\/puhdasplus_ee\/"]}]}},"_yoast_wpseo_title":"Organiskais maka pulveris 200 g | Puhdas+","_yoast_wpseo_metadesc":"Organiskais makas pulveris 200 g ir dabisks ener\u0123ijas un vitalit\u0101tes avots, kas atbalsta organisma ener\u0123ijas l\u012bmeni un hormon\u0101lo l\u012bdzsvaru.","_yoast_wpseo_focuskw":"","_links":{"self":[{"href":"https:\/\/puhdasplus.ee\/lv\/wp-json\/wp\/v2\/product\/33234","targetHints":{"allow":["GET"]}}],"collection":[{"href":"https:\/\/puhdasplus.ee\/lv\/wp-json\/wp\/v2\/product"}],"about":[{"href":"https:\/\/puhdasplus.ee\/lv\/wp-json\/wp\/v2\/types\/product"}],"replies":[{"embeddable":true,"href":"https:\/\/puhdasplus.ee\/lv\/wp-json\/wp\/v2\/comments?post=33234"}],"wp:featuredmedia":[{"embeddable":true,"href":"https:\/\/puhdasplus.ee\/lv\/wp-json\/wp\/v2\/media\/33236"}],"wp:attachment":[{"href":"https:\/\/puhdasplus.ee\/lv\/wp-json\/wp\/v2\/media?parent=33234"}],"wp:term":[{"taxonomy":"product_brand","embeddable":true,"href":"https:\/\/puhdasplus.ee\/lv\/wp-json\/wp\/v2\/product_brand?post=33234"},{"taxonomy":"product_cat","embeddable":true,"href":"https:\/\/puhdasplus.ee\/lv\/wp-json\/wp\/v2\/product_cat?post=33234"},{"taxonomy":"product_tag","embeddable":true,"href":"https:\/\/puhdasplus.ee\/lv\/wp-json\/wp\/v2\/product_tag?post=33234"}],"curies":[{"name":"wp","href":"https:\/\/api.w.org\/{rel}","templated":true}]}}