{"id":33192,"date":"2025-01-16T20:35:54","date_gmt":"2025-01-16T18:35:54","guid":{"rendered":"https:\/\/puhdasplus.ee\/tooted\/uncategorized\/triskarsas-iedarbibas-hialuronskabes-serums-ar-smiltserksku-ekstraktu-30-ml\/"},"modified":"2026-04-07T19:51:36","modified_gmt":"2026-04-07T16:51:36","slug":"triskarsas-iedarbibas-hialuronskabes-serums-ar-smiltserksku-ekstraktu-30-ml","status":"publish","type":"product","link":"https:\/\/puhdasplus.ee\/lv\/produkti\/kosmetika\/triskarsas-iedarbibas-hialuronskabes-serums-ar-smiltserksku-ekstraktu-30-ml\/","title":{"rendered":"Tr\u012bsk\u0101r\u0161as iedarb\u012bbas hialuronsk\u0101bes serums ar smilts\u0113rk\u0161\u0137u ekstraktu 30 ml"},"content":{"rendered":"<p>Tr\u012bsk\u0101r\u0161as iedarb\u012bbas hialuronsk\u0101bes serums ar smilts\u0113rk\u0161\u0137i ir dzi\u013ci mitrino\u0161s un \u0101du atjaunojo\u0161s serums, kas apvieno tr\u012bs hialuronsk\u0101bes ar at\u0161\u0137ir\u012bgu molekulmasu, lai nodro\u0161in\u0101tu optim\u0101lu mitrin\u0101\u0161anu un uzlabotu \u0101das elast\u012bbu. Smilts\u0113rk\u0161\u0137is ir dab\u012bgs vitam\u012bnu un antioksidantu avots, kas aizsarg\u0101 \u0101du no br\u012bvajiem radik\u0101\u013ciem, mazina iekaisumu un pal\u012bdz izl\u012bdzin\u0101t \u0101das toni. Serums pal\u012bdz atjaunot \u0101das mitruma l\u012bdzsvaru, samazin\u0101t smalk\u0101s l\u012bnijas un pie\u0161\u0137irt \u0101dai vesel\u012bgu un starojo\u0161u sejas kr\u0101su. Viegl\u0101 un \u0101tri ies\u016bco\u0161\u0101 formula ir piem\u0113rota visiem \u0101das tipiem, \u012bpa\u0161i sausai, jut\u012bgai un nobriedu\u0161ai \u0101dai.   <\/p>\n<h2>Lieto\u0161anas instrukcija<\/h2>\n<ol>\n<li>Pirms seruma uzkl\u0101\u0161anas not\u012briet un nosusiniet \u0101du.<\/li>\n<li>Uzkl\u0101jiet 2-3 pilienus seruma uz sejas un kakla \u0101das un viegli iemas\u0113jiet \u0101d\u0101, l\u012bdz tas ies\u016bcas.<\/li>\n<li>Lietojiet no r\u012bta un\/vai vakar\u0101 pirms mitrin\u0101t\u0101ja lieto\u0161anas.<\/li>\n<li>Lai ieg\u016btu lab\u0101kos rezult\u0101tus, lietojiet regul\u0101ri.<\/li>\n<\/ol>\n<h2>Sast\u0101vda\u013cas<\/h2>\n<p>Aqua (\u016bdens), glicer\u012bns, prop\u0101ndiols, \u0101ra b\u0113rza (Betula Pendula) sula*, beta\u012bns, smilts\u0113rk\u0161\u0137u (Hippophae Rhamnoides) aug\u013cu sula*, n\u0101trija hialuron\u0101ts, n\u0101trija benzo\u0101ts, k\u0101lija sorb\u0101ts, hidroliz\u0113ta hialuronsk\u0101be, ak\u0101cijas sve\u0137i (Acacia Senegal), ksant\u0101na sve\u0137i, smilts\u0113rk\u0161\u0137u (Hippophae Rhamnoides) aug\u013cu ekstrakts, piensk\u0101be. Organisks.<\/p>\n<h2>Laba kombin\u0101cija ar citiem produktiem<\/h2>\n<ul>\n<li><strong>Puhdas+ <a href=\"https:\/\/puhdasplus.ee\/lv\/tooted\/kosmetika\/bakuchiol-skaistuma-eliksirs-15-ml\/\">Bakuchiol Beauty Booster Elixir 15 ml<\/a> \u2013<\/strong> P\u0113c dzi\u013ci mitrino\u0161a hialuronsk\u0101bes seruma uzkl\u0101jiet uz \u0101das bakuchiol eliks\u012bru, kas pal\u012bdz samazin\u0101t smalk\u0101s l\u012bnijas un grumbas, padarot \u0101du gludu un vienm\u0113r\u012bgu.<\/li>\n<li><strong>Puhdas+ <a href=\"https:\/\/puhdasplus.ee\/tooted\/looduskosmeetika\/iluoli-argaaniaoli-50-ml-sugavniisutav-ja-taastav-hooldus\/\">Argan Beauty Oil 50 ml<\/a> \u2013<\/strong> Iek\u013caujiet sav\u0101 \u0101das kop\u0161anas rut\u012bn\u0101 barojo\u0161o argan e\u013c\u013cu, kas fiks\u0113 hialuronsk\u0101bes mitrino\u0161o iedarb\u012bbu un dzi\u013ci baro \u0101du. Piem\u0113rots sejai, kaklam un dekolt\u0113 zonai. <\/li>\n<li><strong>Puhdas+ <a href=\"https:\/\/puhdasplus.ee\/tooted\/nahk-juuksed-kuuned\/biotiin-5000-g-60-kapslit\/\">Biot\u012bns 5000 \u00b5g 60 kapsulas<\/a> \u2014<\/strong> patiess skaistums s\u0101kas no iek\u0161ienes. Biot\u012bns atbalsta \u0101das, matu un nagu vesel\u012bbu, pal\u012bdzot sasniegt starojo\u0161u un vesel\u012bgu sejas kr\u0101su. <\/li>\n<\/ul>\n<p><strong>Skat\u012bt ar\u012b:<\/strong> <a href=\"https:\/\/puhdasplus.ee\/toote-kategooria\/looduskosmeetika\/\">Looduskosmeetika<\/a> | <a href=\"https:\/\/puhdasplus.ee\/toote-kategooria\/nahk-juuksed-kuuned\/\">Nahk, juuksed, k\u00fc\u00fcned<\/a><\/p>\n","protected":false},"excerpt":{"rendered":"<p>Dzi\u013ci mitrino\u0161s hialuronsk\u0101bes serums ar smilts\u0113rk\u0161\u0137u ekstraktu, kas atjauno \u0101das elast\u012bbu, nomierina un aizsarg\u0101 \u0101du.<\/p>\n","protected":false},"featured_media":33194,"comment_status":"closed","ping_status":"closed","template":"","meta":{"_acf_changed":false,"googlesitekit_rrm_CAow3eq7DA:productID":""},"product_brand":[],"product_cat":[2533],"product_tag":[2630,4791,7870,2535,8310,3074],"class_list":{"0":"post-33192","1":"product","2":"type-product","3":"status-publish","4":"has-post-thumbnail","6":"product_cat-kosmetika","7":"product_tag-adas-kopsana","8":"product_tag-antioksidants-lv","9":"product_tag-dabiga-kosmetika","10":"product_tag-hialuronskabe","11":"product_tag-hialuronskbes-serums-lv","12":"product_tag-organisks-lv","14":"first","15":"onbackorder","16":"taxable","17":"shipping-taxable","18":"purchasable","19":"product-type-simple"},"acf":[],"yoast_head":"<!-- This site is optimized with the Yoast SEO plugin v27.3 - https:\/\/yoast.com\/product\/yoast-seo-wordpress\/ -->\n<title>Tr\u012bsk\u0101r\u0161as iedarb\u012bbas hialuronsk\u0101bes serums ar smilts\u0113rk\u0161\u0137u ekstraktu 30 ml | Puhdas+<\/title>\n<meta name=\"description\" content=\"Tr\u012bsk\u0101r\u0161as iedarb\u012bbas hialuronsk\u0101bes serums ar smilts\u0113rk\u0161\u0137u ekstraktu \u2013 dzi\u013ci mitrina, atjauno \u0101das elast\u012bbu un aizsarg\u0101 pret br\u012bvajiem radik\u0101\u013ciem. Organisks.\" \/>\n<meta name=\"robots\" content=\"index, follow, max-snippet:-1, max-image-preview:large, max-video-preview:-1\" \/>\n<link rel=\"canonical\" href=\"https:\/\/puhdasplus.ee\/lv\/produkti\/kosmetika\/triskarsas-iedarbibas-hialuronskabes-serums-ar-smiltserksku-ekstraktu-30-ml\/\" \/>\n<meta property=\"og:locale\" content=\"lv_LV\" \/>\n<meta property=\"og:type\" content=\"article\" \/>\n<meta property=\"og:title\" content=\"Tr\u012bsk\u0101r\u0161as iedarb\u012bbas hialuronsk\u0101bes serums ar smilts\u0113rk\u0161\u0137u ekstraktu 30 ml | Puhdas+\" \/>\n<meta property=\"og:description\" content=\"Tr\u012bsk\u0101r\u0161as iedarb\u012bbas hialuronsk\u0101bes serums ar smilts\u0113rk\u0161\u0137u ekstraktu \u2013 dzi\u013ci mitrina, atjauno \u0101das elast\u012bbu un aizsarg\u0101 pret br\u012bvajiem radik\u0101\u013ciem. Organisks.\" \/>\n<meta property=\"og:url\" content=\"https:\/\/puhdasplus.ee\/lv\/produkti\/kosmetika\/triskarsas-iedarbibas-hialuronskabes-serums-ar-smiltserksku-ekstraktu-30-ml\/\" \/>\n<meta property=\"og:site_name\" content=\"Puhdas+\" \/>\n<meta property=\"article:publisher\" content=\"https:\/\/www.facebook.com\/puhdasplus\" \/>\n<meta property=\"article:modified_time\" content=\"2026-04-07T16:51:36+00:00\" \/>\n<meta property=\"og:image\" content=\"https:\/\/puhdasplus.ee\/wp-content\/uploads\/2025\/03\/141.jpg\" \/>\n\t<meta property=\"og:image:width\" content=\"1862\" \/>\n\t<meta property=\"og:image:height\" content=\"2560\" \/>\n\t<meta property=\"og:image:type\" content=\"image\/jpeg\" \/>\n<meta name=\"twitter:card\" content=\"summary_large_image\" \/>\n<meta name=\"twitter:label1\" content=\"Est. reading time\" \/>\n\t<meta name=\"twitter:data1\" content=\"2 min\u016btes\" \/>\n<script type=\"application\/ld+json\" class=\"yoast-schema-graph\">{\"@context\":\"https:\\\/\\\/schema.org\",\"@graph\":[{\"@type\":\"WebPage\",\"@id\":\"https:\\\/\\\/puhdasplus.ee\\\/lv\\\/produkti\\\/kosmetika\\\/triskarsas-iedarbibas-hialuronskabes-serums-ar-smiltserksku-ekstraktu-30-ml\\\/\",\"url\":\"https:\\\/\\\/puhdasplus.ee\\\/lv\\\/produkti\\\/kosmetika\\\/triskarsas-iedarbibas-hialuronskabes-serums-ar-smiltserksku-ekstraktu-30-ml\\\/\",\"name\":\"Tr\u012bsk\u0101r\u0161as iedarb\u012bbas hialuronsk\u0101bes serums ar smilts\u0113rk\u0161\u0137u ekstraktu 30 ml | Puhdas+\",\"isPartOf\":{\"@id\":\"https:\\\/\\\/puhdasplus.ee\\\/lv\\\/#website\"},\"primaryImageOfPage\":{\"@id\":\"https:\\\/\\\/puhdasplus.ee\\\/lv\\\/produkti\\\/kosmetika\\\/triskarsas-iedarbibas-hialuronskabes-serums-ar-smiltserksku-ekstraktu-30-ml\\\/#primaryimage\"},\"image\":{\"@id\":\"https:\\\/\\\/puhdasplus.ee\\\/lv\\\/produkti\\\/kosmetika\\\/triskarsas-iedarbibas-hialuronskabes-serums-ar-smiltserksku-ekstraktu-30-ml\\\/#primaryimage\"},\"thumbnailUrl\":\"https:\\\/\\\/puhdasplus.ee\\\/wp-content\\\/uploads\\\/2025\\\/03\\\/141.jpg\",\"datePublished\":\"2025-01-16T18:35:54+00:00\",\"dateModified\":\"2026-04-07T16:51:36+00:00\",\"description\":\"Tr\u012bsk\u0101r\u0161as iedarb\u012bbas hialuronsk\u0101bes serums ar smilts\u0113rk\u0161\u0137u ekstraktu \u2013 dzi\u013ci mitrina, atjauno \u0101das elast\u012bbu un aizsarg\u0101 pret br\u012bvajiem radik\u0101\u013ciem. Organisks.\",\"breadcrumb\":{\"@id\":\"https:\\\/\\\/puhdasplus.ee\\\/lv\\\/produkti\\\/kosmetika\\\/triskarsas-iedarbibas-hialuronskabes-serums-ar-smiltserksku-ekstraktu-30-ml\\\/#breadcrumb\"},\"inLanguage\":\"lv-LV\",\"potentialAction\":[{\"@type\":\"ReadAction\",\"target\":[\"https:\\\/\\\/puhdasplus.ee\\\/lv\\\/produkti\\\/kosmetika\\\/triskarsas-iedarbibas-hialuronskabes-serums-ar-smiltserksku-ekstraktu-30-ml\\\/\"]}]},{\"@type\":\"ImageObject\",\"inLanguage\":\"lv-LV\",\"@id\":\"https:\\\/\\\/puhdasplus.ee\\\/lv\\\/produkti\\\/kosmetika\\\/triskarsas-iedarbibas-hialuronskabes-serums-ar-smiltserksku-ekstraktu-30-ml\\\/#primaryimage\",\"url\":\"https:\\\/\\\/puhdasplus.ee\\\/wp-content\\\/uploads\\\/2025\\\/03\\\/141.jpg\",\"contentUrl\":\"https:\\\/\\\/puhdasplus.ee\\\/wp-content\\\/uploads\\\/2025\\\/03\\\/141.jpg\",\"width\":1862,\"height\":2560,\"caption\":\"Tr\u012bsk\u0101r\u0161as iedarb\u012bbas hialuronsk\u0101bes serums ar smilts\u0113rk\u0161\u0137u ekstraktu\"},{\"@type\":\"BreadcrumbList\",\"@id\":\"https:\\\/\\\/puhdasplus.ee\\\/lv\\\/produkti\\\/kosmetika\\\/triskarsas-iedarbibas-hialuronskabes-serums-ar-smiltserksku-ekstraktu-30-ml\\\/#breadcrumb\",\"itemListElement\":[{\"@type\":\"ListItem\",\"position\":1,\"name\":\"S\u0101kums\",\"item\":\"https:\\\/\\\/puhdasplus.ee\\\/lv\\\/\"},{\"@type\":\"ListItem\",\"position\":2,\"name\":\"Produkti\",\"item\":\"https:\\\/\\\/puhdasplus.ee\\\/lv\\\/veikals\\\/\"},{\"@type\":\"ListItem\",\"position\":3,\"name\":\"Tr\u012bsk\u0101r\u0161as iedarb\u012bbas hialuronsk\u0101bes serums ar smilts\u0113rk\u0161\u0137u ekstraktu 30 ml\"}]},{\"@type\":\"WebSite\",\"@id\":\"https:\\\/\\\/puhdasplus.ee\\\/lv\\\/#website\",\"url\":\"https:\\\/\\\/puhdasplus.ee\\\/lv\\\/\",\"name\":\"Puhdas+\",\"description\":\"Vitam\u012bni, uztura bag\u0101tin\u0101t\u0101ji, dab\u012bg\u0101 kosm\u0113tika, vesel\u012bba, sports\",\"publisher\":{\"@id\":\"https:\\\/\\\/puhdasplus.ee\\\/lv\\\/#organization\"},\"potentialAction\":[{\"@type\":\"SearchAction\",\"target\":{\"@type\":\"EntryPoint\",\"urlTemplate\":\"https:\\\/\\\/puhdasplus.ee\\\/lv\\\/?s={search_term_string}\"},\"query-input\":{\"@type\":\"PropertyValueSpecification\",\"valueRequired\":true,\"valueName\":\"search_term_string\"}}],\"inLanguage\":\"lv-LV\"},{\"@type\":\"Organization\",\"@id\":\"https:\\\/\\\/puhdasplus.ee\\\/lv\\\/#organization\",\"name\":\"Puhdas+\",\"alternateName\":\"Puhdasplus\",\"url\":\"https:\\\/\\\/puhdasplus.ee\\\/lv\\\/\",\"logo\":{\"@type\":\"ImageObject\",\"inLanguage\":\"lv-LV\",\"@id\":\"https:\\\/\\\/puhdasplus.ee\\\/lv\\\/#\\\/schema\\\/logo\\\/image\\\/\",\"url\":\"https:\\\/\\\/puhdasplus.ee\\\/wp-content\\\/uploads\\\/2019\\\/10\\\/puhdas_logo-arvele.png\",\"contentUrl\":\"https:\\\/\\\/puhdasplus.ee\\\/wp-content\\\/uploads\\\/2019\\\/10\\\/puhdas_logo-arvele.png\",\"width\":114,\"height\":94,\"caption\":\"Puhdas+\"},\"image\":{\"@id\":\"https:\\\/\\\/puhdasplus.ee\\\/lv\\\/#\\\/schema\\\/logo\\\/image\\\/\"},\"sameAs\":[\"https:\\\/\\\/www.facebook.com\\\/puhdasplus\",\"https:\\\/\\\/www.instagram.com\\\/puhdasplus_ee\\\/\"]}]}<\/script>\n<!-- \/ Yoast SEO plugin. -->","yoast_head_json":{"title":"Tr\u012bsk\u0101r\u0161as iedarb\u012bbas hialuronsk\u0101bes serums ar smilts\u0113rk\u0161\u0137u ekstraktu 30 ml | Puhdas+","description":"Tr\u012bsk\u0101r\u0161as iedarb\u012bbas hialuronsk\u0101bes serums ar smilts\u0113rk\u0161\u0137u ekstraktu \u2013 dzi\u013ci mitrina, atjauno \u0101das elast\u012bbu un aizsarg\u0101 pret br\u012bvajiem radik\u0101\u013ciem. Organisks.","robots":{"index":"index","follow":"follow","max-snippet":"max-snippet:-1","max-image-preview":"max-image-preview:large","max-video-preview":"max-video-preview:-1"},"canonical":"https:\/\/puhdasplus.ee\/lv\/produkti\/kosmetika\/triskarsas-iedarbibas-hialuronskabes-serums-ar-smiltserksku-ekstraktu-30-ml\/","og_locale":"lv_LV","og_type":"article","og_title":"Tr\u012bsk\u0101r\u0161as iedarb\u012bbas hialuronsk\u0101bes serums ar smilts\u0113rk\u0161\u0137u ekstraktu 30 ml | Puhdas+","og_description":"Tr\u012bsk\u0101r\u0161as iedarb\u012bbas hialuronsk\u0101bes serums ar smilts\u0113rk\u0161\u0137u ekstraktu \u2013 dzi\u013ci mitrina, atjauno \u0101das elast\u012bbu un aizsarg\u0101 pret br\u012bvajiem radik\u0101\u013ciem. Organisks.","og_url":"https:\/\/puhdasplus.ee\/lv\/produkti\/kosmetika\/triskarsas-iedarbibas-hialuronskabes-serums-ar-smiltserksku-ekstraktu-30-ml\/","og_site_name":"Puhdas+","article_publisher":"https:\/\/www.facebook.com\/puhdasplus","article_modified_time":"2026-04-07T16:51:36+00:00","og_image":[{"width":1862,"height":2560,"url":"https:\/\/puhdasplus.ee\/wp-content\/uploads\/2025\/03\/141.jpg","type":"image\/jpeg"}],"twitter_card":"summary_large_image","twitter_misc":{"Est. reading time":"2 min\u016btes"},"schema":{"@context":"https:\/\/schema.org","@graph":[{"@type":"WebPage","@id":"https:\/\/puhdasplus.ee\/lv\/produkti\/kosmetika\/triskarsas-iedarbibas-hialuronskabes-serums-ar-smiltserksku-ekstraktu-30-ml\/","url":"https:\/\/puhdasplus.ee\/lv\/produkti\/kosmetika\/triskarsas-iedarbibas-hialuronskabes-serums-ar-smiltserksku-ekstraktu-30-ml\/","name":"Tr\u012bsk\u0101r\u0161as iedarb\u012bbas hialuronsk\u0101bes serums ar smilts\u0113rk\u0161\u0137u ekstraktu 30 ml | Puhdas+","isPartOf":{"@id":"https:\/\/puhdasplus.ee\/lv\/#website"},"primaryImageOfPage":{"@id":"https:\/\/puhdasplus.ee\/lv\/produkti\/kosmetika\/triskarsas-iedarbibas-hialuronskabes-serums-ar-smiltserksku-ekstraktu-30-ml\/#primaryimage"},"image":{"@id":"https:\/\/puhdasplus.ee\/lv\/produkti\/kosmetika\/triskarsas-iedarbibas-hialuronskabes-serums-ar-smiltserksku-ekstraktu-30-ml\/#primaryimage"},"thumbnailUrl":"https:\/\/puhdasplus.ee\/wp-content\/uploads\/2025\/03\/141.jpg","datePublished":"2025-01-16T18:35:54+00:00","dateModified":"2026-04-07T16:51:36+00:00","description":"Tr\u012bsk\u0101r\u0161as iedarb\u012bbas hialuronsk\u0101bes serums ar smilts\u0113rk\u0161\u0137u ekstraktu \u2013 dzi\u013ci mitrina, atjauno \u0101das elast\u012bbu un aizsarg\u0101 pret br\u012bvajiem radik\u0101\u013ciem. Organisks.","breadcrumb":{"@id":"https:\/\/puhdasplus.ee\/lv\/produkti\/kosmetika\/triskarsas-iedarbibas-hialuronskabes-serums-ar-smiltserksku-ekstraktu-30-ml\/#breadcrumb"},"inLanguage":"lv-LV","potentialAction":[{"@type":"ReadAction","target":["https:\/\/puhdasplus.ee\/lv\/produkti\/kosmetika\/triskarsas-iedarbibas-hialuronskabes-serums-ar-smiltserksku-ekstraktu-30-ml\/"]}]},{"@type":"ImageObject","inLanguage":"lv-LV","@id":"https:\/\/puhdasplus.ee\/lv\/produkti\/kosmetika\/triskarsas-iedarbibas-hialuronskabes-serums-ar-smiltserksku-ekstraktu-30-ml\/#primaryimage","url":"https:\/\/puhdasplus.ee\/wp-content\/uploads\/2025\/03\/141.jpg","contentUrl":"https:\/\/puhdasplus.ee\/wp-content\/uploads\/2025\/03\/141.jpg","width":1862,"height":2560,"caption":"Tr\u012bsk\u0101r\u0161as iedarb\u012bbas hialuronsk\u0101bes serums ar smilts\u0113rk\u0161\u0137u ekstraktu"},{"@type":"BreadcrumbList","@id":"https:\/\/puhdasplus.ee\/lv\/produkti\/kosmetika\/triskarsas-iedarbibas-hialuronskabes-serums-ar-smiltserksku-ekstraktu-30-ml\/#breadcrumb","itemListElement":[{"@type":"ListItem","position":1,"name":"S\u0101kums","item":"https:\/\/puhdasplus.ee\/lv\/"},{"@type":"ListItem","position":2,"name":"Produkti","item":"https:\/\/puhdasplus.ee\/lv\/veikals\/"},{"@type":"ListItem","position":3,"name":"Tr\u012bsk\u0101r\u0161as iedarb\u012bbas hialuronsk\u0101bes serums ar smilts\u0113rk\u0161\u0137u ekstraktu 30 ml"}]},{"@type":"WebSite","@id":"https:\/\/puhdasplus.ee\/lv\/#website","url":"https:\/\/puhdasplus.ee\/lv\/","name":"Puhdas+","description":"Vitam\u012bni, uztura bag\u0101tin\u0101t\u0101ji, dab\u012bg\u0101 kosm\u0113tika, vesel\u012bba, sports","publisher":{"@id":"https:\/\/puhdasplus.ee\/lv\/#organization"},"potentialAction":[{"@type":"SearchAction","target":{"@type":"EntryPoint","urlTemplate":"https:\/\/puhdasplus.ee\/lv\/?s={search_term_string}"},"query-input":{"@type":"PropertyValueSpecification","valueRequired":true,"valueName":"search_term_string"}}],"inLanguage":"lv-LV"},{"@type":"Organization","@id":"https:\/\/puhdasplus.ee\/lv\/#organization","name":"Puhdas+","alternateName":"Puhdasplus","url":"https:\/\/puhdasplus.ee\/lv\/","logo":{"@type":"ImageObject","inLanguage":"lv-LV","@id":"https:\/\/puhdasplus.ee\/lv\/#\/schema\/logo\/image\/","url":"https:\/\/puhdasplus.ee\/wp-content\/uploads\/2019\/10\/puhdas_logo-arvele.png","contentUrl":"https:\/\/puhdasplus.ee\/wp-content\/uploads\/2019\/10\/puhdas_logo-arvele.png","width":114,"height":94,"caption":"Puhdas+"},"image":{"@id":"https:\/\/puhdasplus.ee\/lv\/#\/schema\/logo\/image\/"},"sameAs":["https:\/\/www.facebook.com\/puhdasplus","https:\/\/www.instagram.com\/puhdasplus_ee\/"]}]}},"_yoast_wpseo_title":"Tr\u012bsk\u0101r\u0161as iedarb\u012bbas hialuronsk\u0101bes serums ar smilts\u0113rk\u0161\u0137u ekstraktu 30 ml | Puhdas+","_yoast_wpseo_metadesc":"Tr\u012bsk\u0101r\u0161as iedarb\u012bbas hialuronsk\u0101bes serums ar smilts\u0113rk\u0161\u0137u ekstraktu \u2013 dzi\u013ci mitrina, atjauno \u0101das elast\u012bbu un aizsarg\u0101 pret br\u012bvajiem radik\u0101\u013ciem. Organisks.","_yoast_wpseo_focuskw":"","_links":{"self":[{"href":"https:\/\/puhdasplus.ee\/lv\/wp-json\/wp\/v2\/product\/33192","targetHints":{"allow":["GET"]}}],"collection":[{"href":"https:\/\/puhdasplus.ee\/lv\/wp-json\/wp\/v2\/product"}],"about":[{"href":"https:\/\/puhdasplus.ee\/lv\/wp-json\/wp\/v2\/types\/product"}],"replies":[{"embeddable":true,"href":"https:\/\/puhdasplus.ee\/lv\/wp-json\/wp\/v2\/comments?post=33192"}],"wp:featuredmedia":[{"embeddable":true,"href":"https:\/\/puhdasplus.ee\/lv\/wp-json\/wp\/v2\/media\/33194"}],"wp:attachment":[{"href":"https:\/\/puhdasplus.ee\/lv\/wp-json\/wp\/v2\/media?parent=33192"}],"wp:term":[{"taxonomy":"product_brand","embeddable":true,"href":"https:\/\/puhdasplus.ee\/lv\/wp-json\/wp\/v2\/product_brand?post=33192"},{"taxonomy":"product_cat","embeddable":true,"href":"https:\/\/puhdasplus.ee\/lv\/wp-json\/wp\/v2\/product_cat?post=33192"},{"taxonomy":"product_tag","embeddable":true,"href":"https:\/\/puhdasplus.ee\/lv\/wp-json\/wp\/v2\/product_tag?post=33192"}],"curies":[{"name":"wp","href":"https:\/\/api.w.org\/{rel}","templated":true}]}}