{"id":33135,"date":"2025-01-16T20:07:31","date_gmt":"2025-01-16T18:07:31","guid":{"rendered":"https:\/\/puhdasplus.ee\/tooted\/uncategorized\/bisu-indes-serums-30-ml\/"},"modified":"2026-04-07T09:12:38","modified_gmt":"2026-04-07T06:12:38","slug":"bisu-indes-serums-30-ml","status":"publish","type":"product","link":"https:\/\/puhdasplus.ee\/lv\/produkti\/kosmetika\/bisu-indes-serums-30-ml\/","title":{"rendered":"Bi\u0161u indas serums 30 ml"},"content":{"rendered":"<p>Bi\u0161u indas serums ir intens\u012bvi atjaunojo\u0161s un nostiprino\u0161s serums, kas satur bi\u0161u indu \u2013 dab\u012bgu sast\u0101vda\u013cu, kura stimul\u0113 \u0101das atjauno\u0161anos un kolag\u0113na ra\u017eo\u0161anu. Bi\u0161u inde darbojas k\u0101 dab\u012bgs \u201cmikroliftings\", pal\u012bdzot samazin\u0101t s\u012bkas grumbi\u0146as un uzlabojot \u0101das elast\u012bbu. Turkl\u0101t serums satur hialuronsk\u0101bi un dab\u012bgus mitrin\u0101\u0161anas ekstraktus, kas nodro\u0161ina dzi\u013cu mitrin\u0101\u0161anu un pie\u0161\u0137ir \u0101dai vesel\u012bgu mirdzumu. Viegla formula \u0101tri ies\u016bcas un neatst\u0101j \u0101du taukainu. Piem\u0113rots visiem \u0101das tipiem, \u012bpa\u0161i nobriedu\u0161ai un noguru\u0161ai \u0101dai.<\/p>\n<h2>Lieto\u0161anas instrukcija<\/h2>\n<ol>\n<li>Att\u012briet un no\u017e\u0101v\u0113jiet \u0101du pirms seruma lieto\u0161anas.<\/li>\n<li>Uzkl\u0101jiet 2-3 pilienus seruma uz sejas un kakla un maigi iemas\u0113jiet \u0101d\u0101, l\u012bdz tas ies\u016bcas.<\/li>\n<li>Lietojiet no r\u012bta un\/vai vakar\u0101 pirms mitrino\u0161\u0101 kr\u0113ma.<\/li>\n<li>Lai sasniegtu lab\u0101kos rezult\u0101tus, lietojiet regul\u0101ri.<\/li>\n<\/ol>\n<p><strong>Sast\u0101vs:<\/strong><br \/>\nAqua (\u016bdens), kaprililkapri\u0146a triglicer\u012bds, glicer\u012bns, C14-22 spirti, C12-20 alkil glikoz\u012bds, medus, saldo mande\u013cu e\u013c\u013ca (Prunus Amygdalus Dulcis)<em>, \u0161ip\u0161u s\u0113klu e\u013c\u013ca (Rosa Rubiginosa), bi\u0161u inde, propolis (Propolis Cera), sil\u012bcija dioks\u012bds (silica), hidroliz\u0113t\u0101 hialuronsk\u0101be, kokosriekstu e\u013c\u013ca (Cocos Nucifera)<\/em>, bi\u0161u vasks (Cera Alba)<em>, tokoferols, arg\u0101na e\u013c\u013ca (Argania Spinosa Kernel Oil)<\/em>, \u0161\u012b sviests (Butyrospermum Parkii Butter)*, ksant\u0101na sve\u0137i, n\u0101trija benzo\u0101ts, k\u0101lija sorb\u0101ts, smar\u017eviela (parfum), fenoksietanols, etilheksilglicer\u012bns, piensk\u0101be. Organic.<\/p>\n<p><strong>Skat\u012bt ar\u012b:<\/strong> <a href=\"https:\/\/puhdasplus.ee\/toote-kategooria\/looduskosmeetika\/\">Dabas kosm\u0113tika<\/a> | <a href=\"https:\/\/puhdasplus.ee\/toote-kategooria\/nahk-juuksed-kuuned\/\">\u0100da, mati, nagi<\/a><\/p>\n","protected":false},"excerpt":{"rendered":"<p class=\"p1\">Nostiprino\u0161s serums ar bi\u0161u indu, kas atbalsta \u0101das dabisko atjauno\u0161anos un pal\u012bdz saglab\u0101t \u0101das mitruma l\u012bdzsvaru.<\/p>\n","protected":false},"featured_media":33137,"comment_status":"closed","ping_status":"closed","template":"","meta":{"_acf_changed":false,"googlesitekit_rrm_CAow3eq7DA:productID":""},"product_brand":[],"product_cat":[2533],"product_tag":[2630,7870,2944],"class_list":{"0":"post-33135","1":"product","2":"type-product","3":"status-publish","4":"has-post-thumbnail","6":"product_cat-kosmetika","7":"product_tag-adas-kopsana","8":"product_tag-dabiga-kosmetika","9":"product_tag-pretiekaisuma","11":"first","12":"instock","13":"taxable","14":"shipping-taxable","15":"purchasable","16":"product-type-simple"},"acf":[],"yoast_head":"<!-- This site is optimized with the Yoast SEO plugin v27.3 - https:\/\/yoast.com\/product\/yoast-seo-wordpress\/ -->\n<title>Bi\u0161u indas serums 30 ml | Puhdas+<\/title>\n<meta name=\"description\" content=\"Bi\u0161u indas serums sejai \u2014 nostiprino\u0161a un atjaunojo\u0161a iedarb\u012bba. Stimul\u0113 \u0101das kolag\u0113na ra\u017eo\u0161anu. Dab\u012bgs sast\u0101vs, Somijas kvalit\u0101te. 30 ml.\" \/>\n<meta name=\"robots\" content=\"index, follow, max-snippet:-1, max-image-preview:large, max-video-preview:-1\" \/>\n<link rel=\"canonical\" href=\"https:\/\/puhdasplus.ee\/lv\/produkti\/kosmetika\/bisu-indes-serums-30-ml\/\" \/>\n<meta property=\"og:locale\" content=\"lv_LV\" \/>\n<meta property=\"og:type\" content=\"article\" \/>\n<meta property=\"og:title\" content=\"Bi\u0161u indas serums 30 ml | Puhdas+\" \/>\n<meta property=\"og:description\" content=\"Bi\u0161u indas serums sejai \u2014 nostiprino\u0161a un atjaunojo\u0161a iedarb\u012bba. Stimul\u0113 \u0101das kolag\u0113na ra\u017eo\u0161anu. Dab\u012bgs sast\u0101vs, Somijas kvalit\u0101te. 30 ml.\" \/>\n<meta property=\"og:url\" content=\"https:\/\/puhdasplus.ee\/lv\/produkti\/kosmetika\/bisu-indes-serums-30-ml\/\" \/>\n<meta property=\"og:site_name\" content=\"Puhdas+\" \/>\n<meta property=\"article:publisher\" content=\"https:\/\/www.facebook.com\/puhdasplus\" \/>\n<meta property=\"article:modified_time\" content=\"2026-04-07T06:12:38+00:00\" \/>\n<meta property=\"og:image\" content=\"https:\/\/puhdasplus.ee\/wp-content\/uploads\/2025\/03\/147.jpg\" \/>\n\t<meta property=\"og:image:width\" content=\"1862\" \/>\n\t<meta property=\"og:image:height\" content=\"2560\" \/>\n\t<meta property=\"og:image:type\" content=\"image\/jpeg\" \/>\n<meta name=\"twitter:card\" content=\"summary_large_image\" \/>\n<meta name=\"twitter:label1\" content=\"Est. reading time\" \/>\n\t<meta name=\"twitter:data1\" content=\"1 minute\" \/>\n<script type=\"application\/ld+json\" class=\"yoast-schema-graph\">{\"@context\":\"https:\\\/\\\/schema.org\",\"@graph\":[{\"@type\":\"WebPage\",\"@id\":\"https:\\\/\\\/puhdasplus.ee\\\/lv\\\/produkti\\\/kosmetika\\\/bisu-indes-serums-30-ml\\\/\",\"url\":\"https:\\\/\\\/puhdasplus.ee\\\/lv\\\/produkti\\\/kosmetika\\\/bisu-indes-serums-30-ml\\\/\",\"name\":\"Bi\u0161u indas serums 30 ml | Puhdas+\",\"isPartOf\":{\"@id\":\"https:\\\/\\\/puhdasplus.ee\\\/lv\\\/#website\"},\"primaryImageOfPage\":{\"@id\":\"https:\\\/\\\/puhdasplus.ee\\\/lv\\\/produkti\\\/kosmetika\\\/bisu-indes-serums-30-ml\\\/#primaryimage\"},\"image\":{\"@id\":\"https:\\\/\\\/puhdasplus.ee\\\/lv\\\/produkti\\\/kosmetika\\\/bisu-indes-serums-30-ml\\\/#primaryimage\"},\"thumbnailUrl\":\"https:\\\/\\\/puhdasplus.ee\\\/wp-content\\\/uploads\\\/2025\\\/03\\\/147.jpg\",\"datePublished\":\"2025-01-16T18:07:31+00:00\",\"dateModified\":\"2026-04-07T06:12:38+00:00\",\"description\":\"Bi\u0161u indas serums sejai \u2014 nostiprino\u0161a un atjaunojo\u0161a iedarb\u012bba. Stimul\u0113 \u0101das kolag\u0113na ra\u017eo\u0161anu. Dab\u012bgs sast\u0101vs, Somijas kvalit\u0101te. 30 ml.\",\"breadcrumb\":{\"@id\":\"https:\\\/\\\/puhdasplus.ee\\\/lv\\\/produkti\\\/kosmetika\\\/bisu-indes-serums-30-ml\\\/#breadcrumb\"},\"inLanguage\":\"lv-LV\",\"potentialAction\":[{\"@type\":\"ReadAction\",\"target\":[\"https:\\\/\\\/puhdasplus.ee\\\/lv\\\/produkti\\\/kosmetika\\\/bisu-indes-serums-30-ml\\\/\"]}]},{\"@type\":\"ImageObject\",\"inLanguage\":\"lv-LV\",\"@id\":\"https:\\\/\\\/puhdasplus.ee\\\/lv\\\/produkti\\\/kosmetika\\\/bisu-indes-serums-30-ml\\\/#primaryimage\",\"url\":\"https:\\\/\\\/puhdasplus.ee\\\/wp-content\\\/uploads\\\/2025\\\/03\\\/147.jpg\",\"contentUrl\":\"https:\\\/\\\/puhdasplus.ee\\\/wp-content\\\/uploads\\\/2025\\\/03\\\/147.jpg\",\"width\":1862,\"height\":2560,\"caption\":\"Bi\u0161u indes serums\"},{\"@type\":\"BreadcrumbList\",\"@id\":\"https:\\\/\\\/puhdasplus.ee\\\/lv\\\/produkti\\\/kosmetika\\\/bisu-indes-serums-30-ml\\\/#breadcrumb\",\"itemListElement\":[{\"@type\":\"ListItem\",\"position\":1,\"name\":\"S\u0101kums\",\"item\":\"https:\\\/\\\/puhdasplus.ee\\\/lv\\\/\"},{\"@type\":\"ListItem\",\"position\":2,\"name\":\"Produkti\",\"item\":\"https:\\\/\\\/puhdasplus.ee\\\/lv\\\/veikals\\\/\"},{\"@type\":\"ListItem\",\"position\":3,\"name\":\"Bi\u0161u indas serums 30 ml\"}]},{\"@type\":\"WebSite\",\"@id\":\"https:\\\/\\\/puhdasplus.ee\\\/lv\\\/#website\",\"url\":\"https:\\\/\\\/puhdasplus.ee\\\/lv\\\/\",\"name\":\"Puhdas+\",\"description\":\"Vitam\u012bni, uztura bag\u0101tin\u0101t\u0101ji, dab\u012bg\u0101 kosm\u0113tika, vesel\u012bba, sports\",\"publisher\":{\"@id\":\"https:\\\/\\\/puhdasplus.ee\\\/lv\\\/#organization\"},\"potentialAction\":[{\"@type\":\"SearchAction\",\"target\":{\"@type\":\"EntryPoint\",\"urlTemplate\":\"https:\\\/\\\/puhdasplus.ee\\\/lv\\\/?s={search_term_string}\"},\"query-input\":{\"@type\":\"PropertyValueSpecification\",\"valueRequired\":true,\"valueName\":\"search_term_string\"}}],\"inLanguage\":\"lv-LV\"},{\"@type\":\"Organization\",\"@id\":\"https:\\\/\\\/puhdasplus.ee\\\/lv\\\/#organization\",\"name\":\"Puhdas+\",\"alternateName\":\"Puhdasplus\",\"url\":\"https:\\\/\\\/puhdasplus.ee\\\/lv\\\/\",\"logo\":{\"@type\":\"ImageObject\",\"inLanguage\":\"lv-LV\",\"@id\":\"https:\\\/\\\/puhdasplus.ee\\\/lv\\\/#\\\/schema\\\/logo\\\/image\\\/\",\"url\":\"https:\\\/\\\/puhdasplus.ee\\\/wp-content\\\/uploads\\\/2019\\\/10\\\/puhdas_logo-arvele.png\",\"contentUrl\":\"https:\\\/\\\/puhdasplus.ee\\\/wp-content\\\/uploads\\\/2019\\\/10\\\/puhdas_logo-arvele.png\",\"width\":114,\"height\":94,\"caption\":\"Puhdas+\"},\"image\":{\"@id\":\"https:\\\/\\\/puhdasplus.ee\\\/lv\\\/#\\\/schema\\\/logo\\\/image\\\/\"},\"sameAs\":[\"https:\\\/\\\/www.facebook.com\\\/puhdasplus\",\"https:\\\/\\\/www.instagram.com\\\/puhdasplus_ee\\\/\"]}]}<\/script>\n<!-- \/ Yoast SEO plugin. -->","yoast_head_json":{"title":"Bi\u0161u indas serums 30 ml | Puhdas+","description":"Bi\u0161u indas serums sejai \u2014 nostiprino\u0161a un atjaunojo\u0161a iedarb\u012bba. Stimul\u0113 \u0101das kolag\u0113na ra\u017eo\u0161anu. Dab\u012bgs sast\u0101vs, Somijas kvalit\u0101te. 30 ml.","robots":{"index":"index","follow":"follow","max-snippet":"max-snippet:-1","max-image-preview":"max-image-preview:large","max-video-preview":"max-video-preview:-1"},"canonical":"https:\/\/puhdasplus.ee\/lv\/produkti\/kosmetika\/bisu-indes-serums-30-ml\/","og_locale":"lv_LV","og_type":"article","og_title":"Bi\u0161u indas serums 30 ml | Puhdas+","og_description":"Bi\u0161u indas serums sejai \u2014 nostiprino\u0161a un atjaunojo\u0161a iedarb\u012bba. Stimul\u0113 \u0101das kolag\u0113na ra\u017eo\u0161anu. Dab\u012bgs sast\u0101vs, Somijas kvalit\u0101te. 30 ml.","og_url":"https:\/\/puhdasplus.ee\/lv\/produkti\/kosmetika\/bisu-indes-serums-30-ml\/","og_site_name":"Puhdas+","article_publisher":"https:\/\/www.facebook.com\/puhdasplus","article_modified_time":"2026-04-07T06:12:38+00:00","og_image":[{"width":1862,"height":2560,"url":"https:\/\/puhdasplus.ee\/wp-content\/uploads\/2025\/03\/147.jpg","type":"image\/jpeg"}],"twitter_card":"summary_large_image","twitter_misc":{"Est. reading time":"1 minute"},"schema":{"@context":"https:\/\/schema.org","@graph":[{"@type":"WebPage","@id":"https:\/\/puhdasplus.ee\/lv\/produkti\/kosmetika\/bisu-indes-serums-30-ml\/","url":"https:\/\/puhdasplus.ee\/lv\/produkti\/kosmetika\/bisu-indes-serums-30-ml\/","name":"Bi\u0161u indas serums 30 ml | Puhdas+","isPartOf":{"@id":"https:\/\/puhdasplus.ee\/lv\/#website"},"primaryImageOfPage":{"@id":"https:\/\/puhdasplus.ee\/lv\/produkti\/kosmetika\/bisu-indes-serums-30-ml\/#primaryimage"},"image":{"@id":"https:\/\/puhdasplus.ee\/lv\/produkti\/kosmetika\/bisu-indes-serums-30-ml\/#primaryimage"},"thumbnailUrl":"https:\/\/puhdasplus.ee\/wp-content\/uploads\/2025\/03\/147.jpg","datePublished":"2025-01-16T18:07:31+00:00","dateModified":"2026-04-07T06:12:38+00:00","description":"Bi\u0161u indas serums sejai \u2014 nostiprino\u0161a un atjaunojo\u0161a iedarb\u012bba. Stimul\u0113 \u0101das kolag\u0113na ra\u017eo\u0161anu. Dab\u012bgs sast\u0101vs, Somijas kvalit\u0101te. 30 ml.","breadcrumb":{"@id":"https:\/\/puhdasplus.ee\/lv\/produkti\/kosmetika\/bisu-indes-serums-30-ml\/#breadcrumb"},"inLanguage":"lv-LV","potentialAction":[{"@type":"ReadAction","target":["https:\/\/puhdasplus.ee\/lv\/produkti\/kosmetika\/bisu-indes-serums-30-ml\/"]}]},{"@type":"ImageObject","inLanguage":"lv-LV","@id":"https:\/\/puhdasplus.ee\/lv\/produkti\/kosmetika\/bisu-indes-serums-30-ml\/#primaryimage","url":"https:\/\/puhdasplus.ee\/wp-content\/uploads\/2025\/03\/147.jpg","contentUrl":"https:\/\/puhdasplus.ee\/wp-content\/uploads\/2025\/03\/147.jpg","width":1862,"height":2560,"caption":"Bi\u0161u indes serums"},{"@type":"BreadcrumbList","@id":"https:\/\/puhdasplus.ee\/lv\/produkti\/kosmetika\/bisu-indes-serums-30-ml\/#breadcrumb","itemListElement":[{"@type":"ListItem","position":1,"name":"S\u0101kums","item":"https:\/\/puhdasplus.ee\/lv\/"},{"@type":"ListItem","position":2,"name":"Produkti","item":"https:\/\/puhdasplus.ee\/lv\/veikals\/"},{"@type":"ListItem","position":3,"name":"Bi\u0161u indas serums 30 ml"}]},{"@type":"WebSite","@id":"https:\/\/puhdasplus.ee\/lv\/#website","url":"https:\/\/puhdasplus.ee\/lv\/","name":"Puhdas+","description":"Vitam\u012bni, uztura bag\u0101tin\u0101t\u0101ji, dab\u012bg\u0101 kosm\u0113tika, vesel\u012bba, sports","publisher":{"@id":"https:\/\/puhdasplus.ee\/lv\/#organization"},"potentialAction":[{"@type":"SearchAction","target":{"@type":"EntryPoint","urlTemplate":"https:\/\/puhdasplus.ee\/lv\/?s={search_term_string}"},"query-input":{"@type":"PropertyValueSpecification","valueRequired":true,"valueName":"search_term_string"}}],"inLanguage":"lv-LV"},{"@type":"Organization","@id":"https:\/\/puhdasplus.ee\/lv\/#organization","name":"Puhdas+","alternateName":"Puhdasplus","url":"https:\/\/puhdasplus.ee\/lv\/","logo":{"@type":"ImageObject","inLanguage":"lv-LV","@id":"https:\/\/puhdasplus.ee\/lv\/#\/schema\/logo\/image\/","url":"https:\/\/puhdasplus.ee\/wp-content\/uploads\/2019\/10\/puhdas_logo-arvele.png","contentUrl":"https:\/\/puhdasplus.ee\/wp-content\/uploads\/2019\/10\/puhdas_logo-arvele.png","width":114,"height":94,"caption":"Puhdas+"},"image":{"@id":"https:\/\/puhdasplus.ee\/lv\/#\/schema\/logo\/image\/"},"sameAs":["https:\/\/www.facebook.com\/puhdasplus","https:\/\/www.instagram.com\/puhdasplus_ee\/"]}]}},"_yoast_wpseo_title":"Bi\u0161u indas serums 30 ml | Puhdas+","_yoast_wpseo_metadesc":"Bi\u0161u indas serums sejai \u2014 nostiprino\u0161a un atjaunojo\u0161a iedarb\u012bba. Stimul\u0113 \u0101das kolag\u0113na ra\u017eo\u0161anu. Dab\u012bgs sast\u0101vs, Somijas kvalit\u0101te. 30 ml.","_yoast_wpseo_focuskw":"bi\u0161u indas serums","_links":{"self":[{"href":"https:\/\/puhdasplus.ee\/lv\/wp-json\/wp\/v2\/product\/33135","targetHints":{"allow":["GET"]}}],"collection":[{"href":"https:\/\/puhdasplus.ee\/lv\/wp-json\/wp\/v2\/product"}],"about":[{"href":"https:\/\/puhdasplus.ee\/lv\/wp-json\/wp\/v2\/types\/product"}],"replies":[{"embeddable":true,"href":"https:\/\/puhdasplus.ee\/lv\/wp-json\/wp\/v2\/comments?post=33135"}],"wp:featuredmedia":[{"embeddable":true,"href":"https:\/\/puhdasplus.ee\/lv\/wp-json\/wp\/v2\/media\/33137"}],"wp:attachment":[{"href":"https:\/\/puhdasplus.ee\/lv\/wp-json\/wp\/v2\/media?parent=33135"}],"wp:term":[{"taxonomy":"product_brand","embeddable":true,"href":"https:\/\/puhdasplus.ee\/lv\/wp-json\/wp\/v2\/product_brand?post=33135"},{"taxonomy":"product_cat","embeddable":true,"href":"https:\/\/puhdasplus.ee\/lv\/wp-json\/wp\/v2\/product_cat?post=33135"},{"taxonomy":"product_tag","embeddable":true,"href":"https:\/\/puhdasplus.ee\/lv\/wp-json\/wp\/v2\/product_tag?post=33135"}],"curies":[{"name":"wp","href":"https:\/\/api.w.org\/{rel}","templated":true}]}}