{"id":33099,"date":"2025-01-16T19:51:35","date_gmt":"2025-01-16T17:51:35","guid":{"rendered":"https:\/\/puhdasplus.ee\/tooted\/uncategorized\/mineralakmenu-dezodorants-bez-aluminija-120g\/"},"modified":"2026-04-28T21:57:06","modified_gmt":"2026-04-28T18:57:06","slug":"mineralakmenu-dezodorants-bez-aluminija-120g","status":"publish","type":"product","link":"https:\/\/puhdasplus.ee\/lv\/produkti\/kosmetika\/mineralakmenu-dezodorants-bez-aluminija-120g\/","title":{"rendered":"Miner\u0101lakme\u0146u dezodorants bez alum\u012bnija 120g"},"content":{"rendered":"<h2>Miner\u0101lu akme\u0146u dezodorants ir dab\u012bgs un alum\u012bnija nesaturo\u0161s dezodorants, kas nodro\u0161ina ilgsto\u0161u aizsardz\u012bbu pret nepat\u012bkamu arom\u0101tu.<\/h2>\n<p>100% dab\u012bgs miner\u0101ls\u0101ls (k\u0101lija alauns) atst\u0101j uz \u0101das maigu aizsargsl\u0101ni, kas pal\u012bdz saglab\u0101t svaigumu. Dezodorants ir bez smar\u017eviel\u0101m un piem\u0113rots jut\u012bgai \u0101dai. Tas nesatur spirtu, parab\u0113nus vai sint\u0113tiskas piedevas. Dezodorants ir ilgsto\u0161as \u200b\u200biedarb\u012bbas un ir videi draudz\u012bga alternat\u012bva parastajiem dezodorantiem.   <\/p>\n<h4><strong>Sast\u0101vda\u013cas:<\/strong> k\u0101lija alauns (100% dab\u012bgs miner\u0101ls\u0101ls).<\/h4>\n<p><strong>Lietojums:<\/strong><\/p>\n<ol>\n<li>Viegli samitriniet dezodoranta akmeni ar \u016bdeni.<\/li>\n<li>Uzkl\u0101jiet to uz t\u012bras, sausas \u0101das, viegli iemas\u0113jot.<\/li>\n<li>Pirms \u0123\u0113rb\u0161an\u0101s \u013caujiet \u0101dai no\u017e\u016bt.<\/li>\n<li>P\u0113c lieto\u0161anas dezodorantu nosusiniet un uzglab\u0101jiet saus\u0101 viet\u0101.<\/li>\n<li>Piem\u0113rots lieto\u0161anai gan padus\u0113m, gan p\u0113d\u0101m, lai mazin\u0101tu nepat\u012bkamo smaku.<\/li>\n<\/ol>\n<p><strong>Skat\u012bt ar\u012b:<\/strong> <a href=\"https:\/\/puhdasplus.ee\/lv\/kategorija\/kosmetika\/\">Kosm\u0113tika<\/a><\/p>\n<p><strong>Skat\u012bt ar\u012b:<\/strong> <a href=\"https:\/\/puhdasplus.ee\/toote-kategooria\/looduskosmeetika\/\">Looduskosmeetika<\/a> | <a href=\"https:\/\/puhdasplus.ee\/toote-kategooria\/nahk-juuksed-kuuned\/\">Nahk, juuksed, k\u00fc\u00fcned<\/a><\/p>\n","protected":false},"excerpt":{"rendered":"<p>Dab\u012bgs un alum\u012bnija nesaturo\u0161s miner\u0101ls\u0101\u013cu dezodorants, kas pal\u012bdz neitraliz\u0113t nepat\u012bkamu arom\u0101tu un saglab\u0101t \u0101du svaigu visas dienas garum\u0101. Piem\u0113rots ar\u012b jut\u012bgai \u0101dai. <\/p>\n","protected":false},"featured_media":33102,"comment_status":"closed","ping_status":"closed","template":"","meta":{"_acf_changed":false,"googlesitekit_rrm_CAow3eq7DA:productID":""},"product_brand":[],"product_cat":[2533],"product_tag":[2630,7870,8377,8963,2974],"class_list":{"0":"post-33099","1":"product","2":"type-product","3":"status-publish","4":"has-post-thumbnail","6":"product_cat-kosmetika","7":"product_tag-adas-kopsana","8":"product_tag-dabiga-kosmetika","9":"product_tag-dabigs","10":"product_tag-kalijs-lv","11":"product_tag-vegans","13":"first","14":"instock","15":"featured","16":"taxable","17":"shipping-taxable","18":"purchasable","19":"product-type-simple"},"acf":[],"yoast_head":"<!-- This site is optimized with the Yoast SEO plugin v27.5 - https:\/\/yoast.com\/product\/yoast-seo-wordpress\/ -->\n<title>Miner\u0101lakme\u0146u dezodorants bez alum\u012bnija 120g | Puhdas+<\/title>\n<meta name=\"description\" content=\"Miner\u0101lu akme\u0146u dezodorants ir 100% dab\u012bgs miner\u0101ls\u0101\u013cu dezodorants, kas neitraliz\u0113 nepat\u012bkamas smakas un neaizsprosto poras. Tas nesatur alum\u012bniju un ir piem\u0113rots jut\u012bgai \u0101dai.\" \/>\n<meta name=\"robots\" content=\"index, follow, max-snippet:-1, max-image-preview:large, max-video-preview:-1\" \/>\n<link rel=\"canonical\" href=\"https:\/\/puhdasplus.ee\/lv\/produkti\/kosmetika\/mineralakmenu-dezodorants-bez-aluminija-120g\/\" \/>\n<meta property=\"og:locale\" content=\"lv_LV\" \/>\n<meta property=\"og:type\" content=\"article\" \/>\n<meta property=\"og:title\" content=\"Miner\u0101lakme\u0146u dezodorants bez alum\u012bnija 120g | Puhdas+\" \/>\n<meta property=\"og:description\" content=\"Miner\u0101lu akme\u0146u dezodorants ir 100% dab\u012bgs miner\u0101ls\u0101\u013cu dezodorants, kas neitraliz\u0113 nepat\u012bkamas smakas un neaizsprosto poras. Tas nesatur alum\u012bniju un ir piem\u0113rots jut\u012bgai \u0101dai.\" \/>\n<meta property=\"og:url\" content=\"https:\/\/puhdasplus.ee\/lv\/produkti\/kosmetika\/mineralakmenu-dezodorants-bez-aluminija-120g\/\" \/>\n<meta property=\"og:site_name\" content=\"Puhdas+\" \/>\n<meta property=\"article:publisher\" content=\"https:\/\/www.facebook.com\/puhdasplus\" \/>\n<meta property=\"article:modified_time\" content=\"2026-04-28T18:57:06+00:00\" \/>\n<meta property=\"og:image\" content=\"https:\/\/puhdasplus.ee\/wp-content\/uploads\/2025\/03\/151.jpg\" \/>\n\t<meta property=\"og:image:width\" content=\"1862\" \/>\n\t<meta property=\"og:image:height\" content=\"2560\" \/>\n\t<meta property=\"og:image:type\" content=\"image\/jpeg\" \/>\n<meta name=\"twitter:card\" content=\"summary_large_image\" \/>\n<meta name=\"twitter:label1\" content=\"Est. reading time\" \/>\n\t<meta name=\"twitter:data1\" content=\"1 minute\" \/>\n<script type=\"application\/ld+json\" class=\"yoast-schema-graph\">{\"@context\":\"https:\\\/\\\/schema.org\",\"@graph\":[{\"@type\":\"WebPage\",\"@id\":\"https:\\\/\\\/puhdasplus.ee\\\/lv\\\/produkti\\\/kosmetika\\\/mineralakmenu-dezodorants-bez-aluminija-120g\\\/\",\"url\":\"https:\\\/\\\/puhdasplus.ee\\\/lv\\\/produkti\\\/kosmetika\\\/mineralakmenu-dezodorants-bez-aluminija-120g\\\/\",\"name\":\"Miner\u0101lakme\u0146u dezodorants bez alum\u012bnija 120g | Puhdas+\",\"isPartOf\":{\"@id\":\"https:\\\/\\\/puhdasplus.ee\\\/lv\\\/#website\"},\"primaryImageOfPage\":{\"@id\":\"https:\\\/\\\/puhdasplus.ee\\\/lv\\\/produkti\\\/kosmetika\\\/mineralakmenu-dezodorants-bez-aluminija-120g\\\/#primaryimage\"},\"image\":{\"@id\":\"https:\\\/\\\/puhdasplus.ee\\\/lv\\\/produkti\\\/kosmetika\\\/mineralakmenu-dezodorants-bez-aluminija-120g\\\/#primaryimage\"},\"thumbnailUrl\":\"https:\\\/\\\/puhdasplus.ee\\\/wp-content\\\/uploads\\\/2025\\\/03\\\/151.jpg\",\"datePublished\":\"2025-01-16T17:51:35+00:00\",\"dateModified\":\"2026-04-28T18:57:06+00:00\",\"description\":\"Miner\u0101lu akme\u0146u dezodorants ir 100% dab\u012bgs miner\u0101ls\u0101\u013cu dezodorants, kas neitraliz\u0113 nepat\u012bkamas smakas un neaizsprosto poras. Tas nesatur alum\u012bniju un ir piem\u0113rots jut\u012bgai \u0101dai.\",\"breadcrumb\":{\"@id\":\"https:\\\/\\\/puhdasplus.ee\\\/lv\\\/produkti\\\/kosmetika\\\/mineralakmenu-dezodorants-bez-aluminija-120g\\\/#breadcrumb\"},\"inLanguage\":\"lv-LV\",\"potentialAction\":[{\"@type\":\"ReadAction\",\"target\":[\"https:\\\/\\\/puhdasplus.ee\\\/lv\\\/produkti\\\/kosmetika\\\/mineralakmenu-dezodorants-bez-aluminija-120g\\\/\"]}]},{\"@type\":\"ImageObject\",\"inLanguage\":\"lv-LV\",\"@id\":\"https:\\\/\\\/puhdasplus.ee\\\/lv\\\/produkti\\\/kosmetika\\\/mineralakmenu-dezodorants-bez-aluminija-120g\\\/#primaryimage\",\"url\":\"https:\\\/\\\/puhdasplus.ee\\\/wp-content\\\/uploads\\\/2025\\\/03\\\/151.jpg\",\"contentUrl\":\"https:\\\/\\\/puhdasplus.ee\\\/wp-content\\\/uploads\\\/2025\\\/03\\\/151.jpg\",\"width\":1862,\"height\":2560,\"caption\":\"Miner\u0101lakme\u0146u dezodorants bez alum\u012bnija\"},{\"@type\":\"BreadcrumbList\",\"@id\":\"https:\\\/\\\/puhdasplus.ee\\\/lv\\\/produkti\\\/kosmetika\\\/mineralakmenu-dezodorants-bez-aluminija-120g\\\/#breadcrumb\",\"itemListElement\":[{\"@type\":\"ListItem\",\"position\":1,\"name\":\"S\u0101kums\",\"item\":\"https:\\\/\\\/puhdasplus.ee\\\/lv\\\/\"},{\"@type\":\"ListItem\",\"position\":2,\"name\":\"Produkti\",\"item\":\"https:\\\/\\\/puhdasplus.ee\\\/lv\\\/veikals\\\/\"},{\"@type\":\"ListItem\",\"position\":3,\"name\":\"Miner\u0101lakme\u0146u dezodorants bez alum\u012bnija 120g\"}]},{\"@type\":\"WebSite\",\"@id\":\"https:\\\/\\\/puhdasplus.ee\\\/lv\\\/#website\",\"url\":\"https:\\\/\\\/puhdasplus.ee\\\/lv\\\/\",\"name\":\"Puhdas+\",\"description\":\"Vitam\u012bni, uztura bag\u0101tin\u0101t\u0101ji, dab\u012bg\u0101 kosm\u0113tika, vesel\u012bba, sports\",\"publisher\":{\"@id\":\"https:\\\/\\\/puhdasplus.ee\\\/lv\\\/#organization\"},\"potentialAction\":[{\"@type\":\"SearchAction\",\"target\":{\"@type\":\"EntryPoint\",\"urlTemplate\":\"https:\\\/\\\/puhdasplus.ee\\\/lv\\\/?s={search_term_string}\"},\"query-input\":{\"@type\":\"PropertyValueSpecification\",\"valueRequired\":true,\"valueName\":\"search_term_string\"}}],\"inLanguage\":\"lv-LV\"},{\"@type\":\"Organization\",\"@id\":\"https:\\\/\\\/puhdasplus.ee\\\/lv\\\/#organization\",\"name\":\"Puhdas+\",\"alternateName\":\"Puhdasplus\",\"url\":\"https:\\\/\\\/puhdasplus.ee\\\/lv\\\/\",\"logo\":{\"@type\":\"ImageObject\",\"inLanguage\":\"lv-LV\",\"@id\":\"https:\\\/\\\/puhdasplus.ee\\\/lv\\\/#\\\/schema\\\/logo\\\/image\\\/\",\"url\":\"https:\\\/\\\/puhdasplus.ee\\\/wp-content\\\/uploads\\\/2019\\\/10\\\/puhdas_logo-arvele.png\",\"contentUrl\":\"https:\\\/\\\/puhdasplus.ee\\\/wp-content\\\/uploads\\\/2019\\\/10\\\/puhdas_logo-arvele.png\",\"width\":114,\"height\":94,\"caption\":\"Puhdas+\"},\"image\":{\"@id\":\"https:\\\/\\\/puhdasplus.ee\\\/lv\\\/#\\\/schema\\\/logo\\\/image\\\/\"},\"sameAs\":[\"https:\\\/\\\/www.facebook.com\\\/puhdasplus\",\"https:\\\/\\\/www.instagram.com\\\/puhdasplus_ee\\\/\"]}]}<\/script>\n<!-- \/ Yoast SEO plugin. -->","yoast_head_json":{"title":"Miner\u0101lakme\u0146u dezodorants bez alum\u012bnija 120g | Puhdas+","description":"Miner\u0101lu akme\u0146u dezodorants ir 100% dab\u012bgs miner\u0101ls\u0101\u013cu dezodorants, kas neitraliz\u0113 nepat\u012bkamas smakas un neaizsprosto poras. Tas nesatur alum\u012bniju un ir piem\u0113rots jut\u012bgai \u0101dai.","robots":{"index":"index","follow":"follow","max-snippet":"max-snippet:-1","max-image-preview":"max-image-preview:large","max-video-preview":"max-video-preview:-1"},"canonical":"https:\/\/puhdasplus.ee\/lv\/produkti\/kosmetika\/mineralakmenu-dezodorants-bez-aluminija-120g\/","og_locale":"lv_LV","og_type":"article","og_title":"Miner\u0101lakme\u0146u dezodorants bez alum\u012bnija 120g | Puhdas+","og_description":"Miner\u0101lu akme\u0146u dezodorants ir 100% dab\u012bgs miner\u0101ls\u0101\u013cu dezodorants, kas neitraliz\u0113 nepat\u012bkamas smakas un neaizsprosto poras. Tas nesatur alum\u012bniju un ir piem\u0113rots jut\u012bgai \u0101dai.","og_url":"https:\/\/puhdasplus.ee\/lv\/produkti\/kosmetika\/mineralakmenu-dezodorants-bez-aluminija-120g\/","og_site_name":"Puhdas+","article_publisher":"https:\/\/www.facebook.com\/puhdasplus","article_modified_time":"2026-04-28T18:57:06+00:00","og_image":[{"width":1862,"height":2560,"url":"https:\/\/puhdasplus.ee\/wp-content\/uploads\/2025\/03\/151.jpg","type":"image\/jpeg"}],"twitter_card":"summary_large_image","twitter_misc":{"Est. reading time":"1 minute"},"schema":{"@context":"https:\/\/schema.org","@graph":[{"@type":"WebPage","@id":"https:\/\/puhdasplus.ee\/lv\/produkti\/kosmetika\/mineralakmenu-dezodorants-bez-aluminija-120g\/","url":"https:\/\/puhdasplus.ee\/lv\/produkti\/kosmetika\/mineralakmenu-dezodorants-bez-aluminija-120g\/","name":"Miner\u0101lakme\u0146u dezodorants bez alum\u012bnija 120g | Puhdas+","isPartOf":{"@id":"https:\/\/puhdasplus.ee\/lv\/#website"},"primaryImageOfPage":{"@id":"https:\/\/puhdasplus.ee\/lv\/produkti\/kosmetika\/mineralakmenu-dezodorants-bez-aluminija-120g\/#primaryimage"},"image":{"@id":"https:\/\/puhdasplus.ee\/lv\/produkti\/kosmetika\/mineralakmenu-dezodorants-bez-aluminija-120g\/#primaryimage"},"thumbnailUrl":"https:\/\/puhdasplus.ee\/wp-content\/uploads\/2025\/03\/151.jpg","datePublished":"2025-01-16T17:51:35+00:00","dateModified":"2026-04-28T18:57:06+00:00","description":"Miner\u0101lu akme\u0146u dezodorants ir 100% dab\u012bgs miner\u0101ls\u0101\u013cu dezodorants, kas neitraliz\u0113 nepat\u012bkamas smakas un neaizsprosto poras. Tas nesatur alum\u012bniju un ir piem\u0113rots jut\u012bgai \u0101dai.","breadcrumb":{"@id":"https:\/\/puhdasplus.ee\/lv\/produkti\/kosmetika\/mineralakmenu-dezodorants-bez-aluminija-120g\/#breadcrumb"},"inLanguage":"lv-LV","potentialAction":[{"@type":"ReadAction","target":["https:\/\/puhdasplus.ee\/lv\/produkti\/kosmetika\/mineralakmenu-dezodorants-bez-aluminija-120g\/"]}]},{"@type":"ImageObject","inLanguage":"lv-LV","@id":"https:\/\/puhdasplus.ee\/lv\/produkti\/kosmetika\/mineralakmenu-dezodorants-bez-aluminija-120g\/#primaryimage","url":"https:\/\/puhdasplus.ee\/wp-content\/uploads\/2025\/03\/151.jpg","contentUrl":"https:\/\/puhdasplus.ee\/wp-content\/uploads\/2025\/03\/151.jpg","width":1862,"height":2560,"caption":"Miner\u0101lakme\u0146u dezodorants bez alum\u012bnija"},{"@type":"BreadcrumbList","@id":"https:\/\/puhdasplus.ee\/lv\/produkti\/kosmetika\/mineralakmenu-dezodorants-bez-aluminija-120g\/#breadcrumb","itemListElement":[{"@type":"ListItem","position":1,"name":"S\u0101kums","item":"https:\/\/puhdasplus.ee\/lv\/"},{"@type":"ListItem","position":2,"name":"Produkti","item":"https:\/\/puhdasplus.ee\/lv\/veikals\/"},{"@type":"ListItem","position":3,"name":"Miner\u0101lakme\u0146u dezodorants bez alum\u012bnija 120g"}]},{"@type":"WebSite","@id":"https:\/\/puhdasplus.ee\/lv\/#website","url":"https:\/\/puhdasplus.ee\/lv\/","name":"Puhdas+","description":"Vitam\u012bni, uztura bag\u0101tin\u0101t\u0101ji, dab\u012bg\u0101 kosm\u0113tika, vesel\u012bba, sports","publisher":{"@id":"https:\/\/puhdasplus.ee\/lv\/#organization"},"potentialAction":[{"@type":"SearchAction","target":{"@type":"EntryPoint","urlTemplate":"https:\/\/puhdasplus.ee\/lv\/?s={search_term_string}"},"query-input":{"@type":"PropertyValueSpecification","valueRequired":true,"valueName":"search_term_string"}}],"inLanguage":"lv-LV"},{"@type":"Organization","@id":"https:\/\/puhdasplus.ee\/lv\/#organization","name":"Puhdas+","alternateName":"Puhdasplus","url":"https:\/\/puhdasplus.ee\/lv\/","logo":{"@type":"ImageObject","inLanguage":"lv-LV","@id":"https:\/\/puhdasplus.ee\/lv\/#\/schema\/logo\/image\/","url":"https:\/\/puhdasplus.ee\/wp-content\/uploads\/2019\/10\/puhdas_logo-arvele.png","contentUrl":"https:\/\/puhdasplus.ee\/wp-content\/uploads\/2019\/10\/puhdas_logo-arvele.png","width":114,"height":94,"caption":"Puhdas+"},"image":{"@id":"https:\/\/puhdasplus.ee\/lv\/#\/schema\/logo\/image\/"},"sameAs":["https:\/\/www.facebook.com\/puhdasplus","https:\/\/www.instagram.com\/puhdasplus_ee\/"]}]}},"_yoast_wpseo_title":"Miner\u0101lakme\u0146u dezodorants bez alum\u012bnija 120g | Puhdas+","_yoast_wpseo_metadesc":"Miner\u0101lu akme\u0146u dezodorants ir 100% dab\u012bgs miner\u0101ls\u0101\u013cu dezodorants, kas neitraliz\u0113 nepat\u012bkamas smakas un neaizsprosto poras. Tas nesatur alum\u012bniju un ir piem\u0113rots jut\u012bgai \u0101dai.","_yoast_wpseo_focuskw":"","_links":{"self":[{"href":"https:\/\/puhdasplus.ee\/lv\/wp-json\/wp\/v2\/product\/33099","targetHints":{"allow":["GET"]}}],"collection":[{"href":"https:\/\/puhdasplus.ee\/lv\/wp-json\/wp\/v2\/product"}],"about":[{"href":"https:\/\/puhdasplus.ee\/lv\/wp-json\/wp\/v2\/types\/product"}],"replies":[{"embeddable":true,"href":"https:\/\/puhdasplus.ee\/lv\/wp-json\/wp\/v2\/comments?post=33099"}],"wp:featuredmedia":[{"embeddable":true,"href":"https:\/\/puhdasplus.ee\/lv\/wp-json\/wp\/v2\/media\/33102"}],"wp:attachment":[{"href":"https:\/\/puhdasplus.ee\/lv\/wp-json\/wp\/v2\/media?parent=33099"}],"wp:term":[{"taxonomy":"product_brand","embeddable":true,"href":"https:\/\/puhdasplus.ee\/lv\/wp-json\/wp\/v2\/product_brand?post=33099"},{"taxonomy":"product_cat","embeddable":true,"href":"https:\/\/puhdasplus.ee\/lv\/wp-json\/wp\/v2\/product_cat?post=33099"},{"taxonomy":"product_tag","embeddable":true,"href":"https:\/\/puhdasplus.ee\/lv\/wp-json\/wp\/v2\/product_tag?post=33099"}],"curies":[{"name":"wp","href":"https:\/\/api.w.org\/{rel}","templated":true}]}}