{"id":33096,"date":"2025-01-16T19:55:18","date_gmt":"2025-01-16T17:55:18","guid":{"rendered":"https:\/\/puhdasplus.ee\/tooted\/uncategorized\/mikroadatu-rullitis-025-05-mm\/"},"modified":"2026-04-07T20:13:59","modified_gmt":"2026-04-07T17:13:59","slug":"mikroadatu-rullitis-025-05-mm","status":"publish","type":"product","link":"https:\/\/puhdasplus.ee\/lv\/produkti\/kosmetika\/mikroadatu-rullitis-025-05-mm\/","title":{"rendered":"Mikroadatu rull\u012btis 0,25\u20130,5 mm"},"content":{"rendered":"<p>Mikroadatu rull\u012btis ir \u0101du stimul\u0113jo\u0161s un atjaunojo\u0161s mikroadatu rull\u012btis, kas pal\u012bdz uzlabot \u0101das tekst\u016bru, palielin\u0101t kolag\u0113na veido\u0161anos un veicin\u0101t \u0101das kop\u0161anas l\u012bdzek\u013cu uzs\u016bk\u0161anos. Medic\u012bnisk\u0101s kvalit\u0101tes mikroadatas maigi stimul\u0113 \u0101du, pal\u012bdzot samazin\u0101t smalk\u0101s l\u012bnijas, r\u0113tas un nevienm\u0113r\u012bgu \u0101das toni. Regul\u0101ra lieto\u0161ana padar\u012bs j\u016bsu \u0101du glud\u0101ku un starojo\u0161\u0101ku. Piem\u0113rots lieto\u0161anai gan uz sejas, gan \u0137erme\u0146a, tas ir ide\u0101li piem\u0113rots ies\u0101c\u0113jiem un jut\u012bgai \u0101dai.   <\/p>\n<p>Mikroadatu terapija m\u0101jas lieto\u0161anai ir lielisks veids, k\u0101 stimul\u0113t kolag\u0113na ra\u017eo\u0161anu, savilkt un izl\u012bdzin\u0101t \u0101du, k\u0101 ar\u012b uzlabot r\u0113tu, aknes un smalko l\u012bniju izskatu. M\u0101jas mikroadatu terapijai vienm\u0113r nepiecie\u0161ama \u012bpa\u0161a apr\u016bpe un t\u012bra vide, jo proced\u016bras laik\u0101 \u0101d\u0101 tiek izveidoti t\u016bksto\u0161iem s\u012bku caurumi\u0146u, kas pal\u012bdz akt\u012bvaj\u0101m sast\u0101vda\u013c\u0101m lab\u0101k ies\u016bkties. <\/p>\n<p>Iesak\u0101m s\u0101kt ar mikroadatu terapiju ar \u012bs\u0101k\u0101m adat\u0101m, piem\u0113ram, 0,25 mm rull\u012bti. Adatas ir izgatavotas no augstas kvalit\u0101tes jap\u0101\u0146u \u0137irur\u0123isk\u0101 t\u0113rauda. <\/p>\n<h2>Lieto\u0161anas instrukcija<\/h2>\n<ol>\n<li>Pirms lieto\u0161anas not\u012briet un dezinfic\u0113jiet rull\u012bti.<\/li>\n<li>R\u016bp\u012bgi nomazg\u0101jiet un nosusiniet \u0101du.<\/li>\n<li>Viegli p\u0101rvelciet p\u0101ri \u0101dai horizont\u0101li, vertik\u0101li un pa diagon\u0101li, izvairoties no p\u0101rm\u0113r\u012bga spiediena.<\/li>\n<li>Uzkl\u0101jiet uz \u0101das mitrino\u0161u vai atjaunojo\u0161u kop\u0161anas l\u012bdzekli, lai uzlabotu uzs\u016bk\u0161anos.<\/li>\n<li>P\u0113c lieto\u0161anas not\u012briet un dezinfic\u0113jiet veltni un uzglab\u0101jiet to t\u012br\u0101, saus\u0101 viet\u0101.<\/li>\n<li>Lietojiet 1\u20133 reizes ned\u0113\u013c\u0101 atkar\u012bb\u0101 no \u0101das jut\u012bguma.<\/li>\n<\/ol>\n<p><strong>Sast\u0101vda\u013cas\/Materi\u0101li:<\/strong><br \/> Mikroadatas ir izgatavotas no medic\u012bnisk\u0101s kvalit\u0101tes ner\u016bs\u0113jo\u0161\u0101 t\u0113rauda vai tit\u0101na<\/p>\n<p><strong>Skat\u012bt ar\u012b:<\/strong> <a href=\"https:\/\/puhdasplus.ee\/lv\/kategorija\/kosmetika\/\">Kosm\u0113tika<\/a><\/p>\n<p><strong>Skat\u012bt ar\u012b:<\/strong> <a href=\"https:\/\/puhdasplus.ee\/toote-kategooria\/looduskosmeetika\/\">Looduskosmeetika<\/a> | <a href=\"https:\/\/puhdasplus.ee\/toote-kategooria\/nahk-juuksed-kuuned\/\">\u0100da, mati, nagi<\/a><\/p>\n","protected":false},"excerpt":{"rendered":"<p>Maigs un efekt\u012bvs 0,25 mm mikroadatu rull\u012btis, kas stimul\u0113 \u0101du, uzlabo tekst\u016bru un veicina \u0101das kop\u0161anas l\u012bdzek\u013cu uzs\u016bk\u0161anos. Piem\u0113rots visiem \u0101das tipiem. <\/p>\n","protected":false},"featured_media":33100,"comment_status":"open","ping_status":"closed","template":"","meta":{"_acf_changed":false,"googlesitekit_rrm_CAow3eq7DA:productID":""},"product_brand":[],"product_cat":[2533],"product_tag":[2630,7870],"class_list":{"0":"post-33096","1":"product","2":"type-product","3":"status-publish","4":"has-post-thumbnail","6":"product_cat-kosmetika","7":"product_tag-adas-kopsana","8":"product_tag-dabiga-kosmetika","10":"first","11":"onbackorder","12":"taxable","13":"shipping-taxable","14":"purchasable","15":"product-type-variable","16":"has-default-attributes"},"acf":[],"yoast_head":"<!-- This site is optimized with the Yoast SEO plugin v27.3 - https:\/\/yoast.com\/product\/yoast-seo-wordpress\/ -->\n<title>Mikroadatu rull\u012btis 0,25\u20130,5 mm | Puhdas+<\/title>\n<meta name=\"description\" content=\"Mikroadatu rull\u012btis stimul\u0113 \u0101du, uzlabo t\u0101s tekst\u016bru un pal\u012bdz palielin\u0101t \u0101das kop\u0161anas l\u012bdzek\u013cu uzs\u016bk\u0161anos. Piem\u0113rots visiem \u0101das tipiem!\" \/>\n<meta name=\"robots\" content=\"index, follow, max-snippet:-1, max-image-preview:large, max-video-preview:-1\" \/>\n<link rel=\"canonical\" href=\"https:\/\/puhdasplus.ee\/lv\/produkti\/kosmetika\/mikroadatu-rullitis-025-05-mm\/\" \/>\n<meta property=\"og:locale\" content=\"lv_LV\" \/>\n<meta property=\"og:type\" content=\"article\" \/>\n<meta property=\"og:title\" content=\"Mikroadatu rull\u012btis 0,25\u20130,5 mm | Puhdas+\" \/>\n<meta property=\"og:description\" content=\"Mikroadatu rull\u012btis stimul\u0113 \u0101du, uzlabo t\u0101s tekst\u016bru un pal\u012bdz palielin\u0101t \u0101das kop\u0161anas l\u012bdzek\u013cu uzs\u016bk\u0161anos. Piem\u0113rots visiem \u0101das tipiem!\" \/>\n<meta property=\"og:url\" content=\"https:\/\/puhdasplus.ee\/lv\/produkti\/kosmetika\/mikroadatu-rullitis-025-05-mm\/\" \/>\n<meta property=\"og:site_name\" content=\"Puhdas+\" \/>\n<meta property=\"article:publisher\" content=\"https:\/\/www.facebook.com\/puhdasplus\" \/>\n<meta property=\"article:modified_time\" content=\"2026-04-07T17:13:59+00:00\" \/>\n<meta property=\"og:image\" content=\"https:\/\/puhdasplus.ee\/wp-content\/uploads\/2025\/02\/puhdasplus_microneedle_roller0_25mm.jpg.webp\" \/>\n\t<meta property=\"og:image:width\" content=\"1100\" \/>\n\t<meta property=\"og:image:height\" content=\"1100\" \/>\n\t<meta property=\"og:image:type\" content=\"image\/webp\" \/>\n<meta name=\"twitter:card\" content=\"summary_large_image\" \/>\n<meta name=\"twitter:label1\" content=\"Est. reading time\" \/>\n\t<meta name=\"twitter:data1\" content=\"2 min\u016btes\" \/>\n<script type=\"application\/ld+json\" class=\"yoast-schema-graph\">{\"@context\":\"https:\\\/\\\/schema.org\",\"@graph\":[{\"@type\":\"WebPage\",\"@id\":\"https:\\\/\\\/puhdasplus.ee\\\/lv\\\/produkti\\\/kosmetika\\\/mikroadatu-rullitis-025-05-mm\\\/\",\"url\":\"https:\\\/\\\/puhdasplus.ee\\\/lv\\\/produkti\\\/kosmetika\\\/mikroadatu-rullitis-025-05-mm\\\/\",\"name\":\"Mikroadatu rull\u012btis 0,25\u20130,5 mm | Puhdas+\",\"isPartOf\":{\"@id\":\"https:\\\/\\\/puhdasplus.ee\\\/lv\\\/#website\"},\"primaryImageOfPage\":{\"@id\":\"https:\\\/\\\/puhdasplus.ee\\\/lv\\\/produkti\\\/kosmetika\\\/mikroadatu-rullitis-025-05-mm\\\/#primaryimage\"},\"image\":{\"@id\":\"https:\\\/\\\/puhdasplus.ee\\\/lv\\\/produkti\\\/kosmetika\\\/mikroadatu-rullitis-025-05-mm\\\/#primaryimage\"},\"thumbnailUrl\":\"https:\\\/\\\/puhdasplus.ee\\\/wp-content\\\/uploads\\\/2025\\\/02\\\/puhdasplus_microneedle_roller0_25mm.jpg.webp\",\"datePublished\":\"2025-01-16T17:55:18+00:00\",\"dateModified\":\"2026-04-07T17:13:59+00:00\",\"description\":\"Mikroadatu rull\u012btis stimul\u0113 \u0101du, uzlabo t\u0101s tekst\u016bru un pal\u012bdz palielin\u0101t \u0101das kop\u0161anas l\u012bdzek\u013cu uzs\u016bk\u0161anos. Piem\u0113rots visiem \u0101das tipiem!\",\"breadcrumb\":{\"@id\":\"https:\\\/\\\/puhdasplus.ee\\\/lv\\\/produkti\\\/kosmetika\\\/mikroadatu-rullitis-025-05-mm\\\/#breadcrumb\"},\"inLanguage\":\"lv-LV\",\"potentialAction\":[{\"@type\":\"ReadAction\",\"target\":[\"https:\\\/\\\/puhdasplus.ee\\\/lv\\\/produkti\\\/kosmetika\\\/mikroadatu-rullitis-025-05-mm\\\/\"]}]},{\"@type\":\"ImageObject\",\"inLanguage\":\"lv-LV\",\"@id\":\"https:\\\/\\\/puhdasplus.ee\\\/lv\\\/produkti\\\/kosmetika\\\/mikroadatu-rullitis-025-05-mm\\\/#primaryimage\",\"url\":\"https:\\\/\\\/puhdasplus.ee\\\/wp-content\\\/uploads\\\/2025\\\/02\\\/puhdasplus_microneedle_roller0_25mm.jpg.webp\",\"contentUrl\":\"https:\\\/\\\/puhdasplus.ee\\\/wp-content\\\/uploads\\\/2025\\\/02\\\/puhdasplus_microneedle_roller0_25mm.jpg.webp\",\"width\":1100,\"height\":1100,\"caption\":\"Mikroadatu rull\u012btis 0,25 mm\"},{\"@type\":\"BreadcrumbList\",\"@id\":\"https:\\\/\\\/puhdasplus.ee\\\/lv\\\/produkti\\\/kosmetika\\\/mikroadatu-rullitis-025-05-mm\\\/#breadcrumb\",\"itemListElement\":[{\"@type\":\"ListItem\",\"position\":1,\"name\":\"S\u0101kums\",\"item\":\"https:\\\/\\\/puhdasplus.ee\\\/lv\\\/\"},{\"@type\":\"ListItem\",\"position\":2,\"name\":\"Produkti\",\"item\":\"https:\\\/\\\/puhdasplus.ee\\\/lv\\\/veikals\\\/\"},{\"@type\":\"ListItem\",\"position\":3,\"name\":\"Mikroadatu rull\u012btis 0,25\u20130,5 mm\"}]},{\"@type\":\"WebSite\",\"@id\":\"https:\\\/\\\/puhdasplus.ee\\\/lv\\\/#website\",\"url\":\"https:\\\/\\\/puhdasplus.ee\\\/lv\\\/\",\"name\":\"Puhdas+\",\"description\":\"Vitam\u012bni, uztura bag\u0101tin\u0101t\u0101ji, dab\u012bg\u0101 kosm\u0113tika, vesel\u012bba, sports\",\"publisher\":{\"@id\":\"https:\\\/\\\/puhdasplus.ee\\\/lv\\\/#organization\"},\"potentialAction\":[{\"@type\":\"SearchAction\",\"target\":{\"@type\":\"EntryPoint\",\"urlTemplate\":\"https:\\\/\\\/puhdasplus.ee\\\/lv\\\/?s={search_term_string}\"},\"query-input\":{\"@type\":\"PropertyValueSpecification\",\"valueRequired\":true,\"valueName\":\"search_term_string\"}}],\"inLanguage\":\"lv-LV\"},{\"@type\":\"Organization\",\"@id\":\"https:\\\/\\\/puhdasplus.ee\\\/lv\\\/#organization\",\"name\":\"Puhdas+\",\"alternateName\":\"Puhdasplus\",\"url\":\"https:\\\/\\\/puhdasplus.ee\\\/lv\\\/\",\"logo\":{\"@type\":\"ImageObject\",\"inLanguage\":\"lv-LV\",\"@id\":\"https:\\\/\\\/puhdasplus.ee\\\/lv\\\/#\\\/schema\\\/logo\\\/image\\\/\",\"url\":\"https:\\\/\\\/puhdasplus.ee\\\/wp-content\\\/uploads\\\/2019\\\/10\\\/puhdas_logo-arvele.png\",\"contentUrl\":\"https:\\\/\\\/puhdasplus.ee\\\/wp-content\\\/uploads\\\/2019\\\/10\\\/puhdas_logo-arvele.png\",\"width\":114,\"height\":94,\"caption\":\"Puhdas+\"},\"image\":{\"@id\":\"https:\\\/\\\/puhdasplus.ee\\\/lv\\\/#\\\/schema\\\/logo\\\/image\\\/\"},\"sameAs\":[\"https:\\\/\\\/www.facebook.com\\\/puhdasplus\",\"https:\\\/\\\/www.instagram.com\\\/puhdasplus_ee\\\/\"]}]}<\/script>\n<!-- \/ Yoast SEO plugin. -->","yoast_head_json":{"title":"Mikroadatu rull\u012btis 0,25\u20130,5 mm | Puhdas+","description":"Mikroadatu rull\u012btis stimul\u0113 \u0101du, uzlabo t\u0101s tekst\u016bru un pal\u012bdz palielin\u0101t \u0101das kop\u0161anas l\u012bdzek\u013cu uzs\u016bk\u0161anos. Piem\u0113rots visiem \u0101das tipiem!","robots":{"index":"index","follow":"follow","max-snippet":"max-snippet:-1","max-image-preview":"max-image-preview:large","max-video-preview":"max-video-preview:-1"},"canonical":"https:\/\/puhdasplus.ee\/lv\/produkti\/kosmetika\/mikroadatu-rullitis-025-05-mm\/","og_locale":"lv_LV","og_type":"article","og_title":"Mikroadatu rull\u012btis 0,25\u20130,5 mm | Puhdas+","og_description":"Mikroadatu rull\u012btis stimul\u0113 \u0101du, uzlabo t\u0101s tekst\u016bru un pal\u012bdz palielin\u0101t \u0101das kop\u0161anas l\u012bdzek\u013cu uzs\u016bk\u0161anos. Piem\u0113rots visiem \u0101das tipiem!","og_url":"https:\/\/puhdasplus.ee\/lv\/produkti\/kosmetika\/mikroadatu-rullitis-025-05-mm\/","og_site_name":"Puhdas+","article_publisher":"https:\/\/www.facebook.com\/puhdasplus","article_modified_time":"2026-04-07T17:13:59+00:00","og_image":[{"width":1100,"height":1100,"url":"https:\/\/puhdasplus.ee\/wp-content\/uploads\/2025\/02\/puhdasplus_microneedle_roller0_25mm.jpg.webp","type":"image\/webp"}],"twitter_card":"summary_large_image","twitter_misc":{"Est. reading time":"2 min\u016btes"},"schema":{"@context":"https:\/\/schema.org","@graph":[{"@type":"WebPage","@id":"https:\/\/puhdasplus.ee\/lv\/produkti\/kosmetika\/mikroadatu-rullitis-025-05-mm\/","url":"https:\/\/puhdasplus.ee\/lv\/produkti\/kosmetika\/mikroadatu-rullitis-025-05-mm\/","name":"Mikroadatu rull\u012btis 0,25\u20130,5 mm | Puhdas+","isPartOf":{"@id":"https:\/\/puhdasplus.ee\/lv\/#website"},"primaryImageOfPage":{"@id":"https:\/\/puhdasplus.ee\/lv\/produkti\/kosmetika\/mikroadatu-rullitis-025-05-mm\/#primaryimage"},"image":{"@id":"https:\/\/puhdasplus.ee\/lv\/produkti\/kosmetika\/mikroadatu-rullitis-025-05-mm\/#primaryimage"},"thumbnailUrl":"https:\/\/puhdasplus.ee\/wp-content\/uploads\/2025\/02\/puhdasplus_microneedle_roller0_25mm.jpg.webp","datePublished":"2025-01-16T17:55:18+00:00","dateModified":"2026-04-07T17:13:59+00:00","description":"Mikroadatu rull\u012btis stimul\u0113 \u0101du, uzlabo t\u0101s tekst\u016bru un pal\u012bdz palielin\u0101t \u0101das kop\u0161anas l\u012bdzek\u013cu uzs\u016bk\u0161anos. Piem\u0113rots visiem \u0101das tipiem!","breadcrumb":{"@id":"https:\/\/puhdasplus.ee\/lv\/produkti\/kosmetika\/mikroadatu-rullitis-025-05-mm\/#breadcrumb"},"inLanguage":"lv-LV","potentialAction":[{"@type":"ReadAction","target":["https:\/\/puhdasplus.ee\/lv\/produkti\/kosmetika\/mikroadatu-rullitis-025-05-mm\/"]}]},{"@type":"ImageObject","inLanguage":"lv-LV","@id":"https:\/\/puhdasplus.ee\/lv\/produkti\/kosmetika\/mikroadatu-rullitis-025-05-mm\/#primaryimage","url":"https:\/\/puhdasplus.ee\/wp-content\/uploads\/2025\/02\/puhdasplus_microneedle_roller0_25mm.jpg.webp","contentUrl":"https:\/\/puhdasplus.ee\/wp-content\/uploads\/2025\/02\/puhdasplus_microneedle_roller0_25mm.jpg.webp","width":1100,"height":1100,"caption":"Mikroadatu rull\u012btis 0,25 mm"},{"@type":"BreadcrumbList","@id":"https:\/\/puhdasplus.ee\/lv\/produkti\/kosmetika\/mikroadatu-rullitis-025-05-mm\/#breadcrumb","itemListElement":[{"@type":"ListItem","position":1,"name":"S\u0101kums","item":"https:\/\/puhdasplus.ee\/lv\/"},{"@type":"ListItem","position":2,"name":"Produkti","item":"https:\/\/puhdasplus.ee\/lv\/veikals\/"},{"@type":"ListItem","position":3,"name":"Mikroadatu rull\u012btis 0,25\u20130,5 mm"}]},{"@type":"WebSite","@id":"https:\/\/puhdasplus.ee\/lv\/#website","url":"https:\/\/puhdasplus.ee\/lv\/","name":"Puhdas+","description":"Vitam\u012bni, uztura bag\u0101tin\u0101t\u0101ji, dab\u012bg\u0101 kosm\u0113tika, vesel\u012bba, sports","publisher":{"@id":"https:\/\/puhdasplus.ee\/lv\/#organization"},"potentialAction":[{"@type":"SearchAction","target":{"@type":"EntryPoint","urlTemplate":"https:\/\/puhdasplus.ee\/lv\/?s={search_term_string}"},"query-input":{"@type":"PropertyValueSpecification","valueRequired":true,"valueName":"search_term_string"}}],"inLanguage":"lv-LV"},{"@type":"Organization","@id":"https:\/\/puhdasplus.ee\/lv\/#organization","name":"Puhdas+","alternateName":"Puhdasplus","url":"https:\/\/puhdasplus.ee\/lv\/","logo":{"@type":"ImageObject","inLanguage":"lv-LV","@id":"https:\/\/puhdasplus.ee\/lv\/#\/schema\/logo\/image\/","url":"https:\/\/puhdasplus.ee\/wp-content\/uploads\/2019\/10\/puhdas_logo-arvele.png","contentUrl":"https:\/\/puhdasplus.ee\/wp-content\/uploads\/2019\/10\/puhdas_logo-arvele.png","width":114,"height":94,"caption":"Puhdas+"},"image":{"@id":"https:\/\/puhdasplus.ee\/lv\/#\/schema\/logo\/image\/"},"sameAs":["https:\/\/www.facebook.com\/puhdasplus","https:\/\/www.instagram.com\/puhdasplus_ee\/"]}]}},"_yoast_wpseo_title":"Mikroadatu rull\u012btis 0,25\u20130,5 mm | Puhdas+","_yoast_wpseo_metadesc":"Mikroadatu rull\u012btis stimul\u0113 \u0101du, uzlabo t\u0101s tekst\u016bru un pal\u012bdz palielin\u0101t \u0101das kop\u0161anas l\u012bdzek\u013cu uzs\u016bk\u0161anos. Piem\u0113rots visiem \u0101das tipiem!","_yoast_wpseo_focuskw":"Mikroadatu rull\u012btis","_links":{"self":[{"href":"https:\/\/puhdasplus.ee\/lv\/wp-json\/wp\/v2\/product\/33096","targetHints":{"allow":["GET"]}}],"collection":[{"href":"https:\/\/puhdasplus.ee\/lv\/wp-json\/wp\/v2\/product"}],"about":[{"href":"https:\/\/puhdasplus.ee\/lv\/wp-json\/wp\/v2\/types\/product"}],"replies":[{"embeddable":true,"href":"https:\/\/puhdasplus.ee\/lv\/wp-json\/wp\/v2\/comments?post=33096"}],"wp:featuredmedia":[{"embeddable":true,"href":"https:\/\/puhdasplus.ee\/lv\/wp-json\/wp\/v2\/media\/33100"}],"wp:attachment":[{"href":"https:\/\/puhdasplus.ee\/lv\/wp-json\/wp\/v2\/media?parent=33096"}],"wp:term":[{"taxonomy":"product_brand","embeddable":true,"href":"https:\/\/puhdasplus.ee\/lv\/wp-json\/wp\/v2\/product_brand?post=33096"},{"taxonomy":"product_cat","embeddable":true,"href":"https:\/\/puhdasplus.ee\/lv\/wp-json\/wp\/v2\/product_cat?post=33096"},{"taxonomy":"product_tag","embeddable":true,"href":"https:\/\/puhdasplus.ee\/lv\/wp-json\/wp\/v2\/product_tag?post=33096"}],"curies":[{"name":"wp","href":"https:\/\/api.w.org\/{rel}","templated":true}]}}