{"id":359701,"date":"2026-03-13T10:21:26","date_gmt":"2026-03-13T08:21:26","guid":{"rendered":"https:\/\/puhdasplus.ee\/pievienojieties-partnerprogrammai\/"},"modified":"2026-03-13T10:21:26","modified_gmt":"2026-03-13T08:21:26","slug":"pievienojieties-partnerprogrammai","status":"publish","type":"page","link":"https:\/\/puhdasplus.ee\/lv\/pievienojieties-partnerprogrammai\/","title":{"rendered":"Pievienojieties partnerprogrammai"},"content":{"rendered":"<h2 style=\"text-align:center;color:#1a5c4e\">Pievienojieties Puhdas+ partnerprogrammai<\/h2>\n<p style=\"text-align:center;font-size:16px;color:#555\">Vienk\u0101r\u0161s un bezriska veids, k\u0101 g\u016bt ien\u0101kumus, iesakot m\u016bsu kvalitat\u012bvos produktus saviem draugiem, sekot\u0101jiem vai klientiem.<\/p>\n<hr>\n<h3>K\u0101p\u0113c pievienoties partnerprogrammai?<\/h3>\n<ul>\n<li><strong>Pelniet no katra p\u0101rdo\u0161anas dar\u012bjuma<\/strong> \u2013 nol\u012bgtais procents; jo vair\u0101k ieteikumu, jo liel\u0101ki ien\u0101kumi.<\/li>\n<li><strong>Viegli s\u0101kt<\/strong> \u2013 re\u0123istr\u0113jieties, kop\u012bgojiet savu unik\u0101lo saiti un v\u0113rojiet, k\u0101 uzkr\u0101jas komisijas maksa.<\/li>\n<li><strong>Piem\u0113rots ikvienam<\/strong> \u2013 blogeriem, satura veidot\u0101jiem, treneriem, terapeitiem vai vienk\u0101r\u0161i Puhdas+ faniem.<\/li>\n<li><strong>Presti\u017es z\u012bmols<\/strong> \u2013 ra\u017eots Somij\u0101, bez m\u0101ksl\u012bg\u0101m piedev\u0101m, atbilst P\u0101rtikas un veterin\u0101r\u0101 dienesta un Vesel\u012bbas inspekcijas pras\u012bb\u0101m.<\/li>\n<\/ul>\n<h3>K\u0101 tas darbojas?<\/h3>\n<ol>\n<li><strong>Re\u0123istr\u0113jieties<\/strong> \u2013 aizpildiet zem\u0101k eso\u0161o pieteikuma veidlapu.<\/li>\n<li><strong>Sa\u0146emiet savu saiti<\/strong> \u2013 j\u016bs sa\u0146emsiet person\u012bgo partnera saiti un m\u0101rketinga materi\u0101lus.<\/li>\n<li><strong>Kop\u012bgojiet<\/strong> \u2013 public\u0113jiet saites soci\u0101lajos t\u012bklos, blog\u0101 vai saviem kontaktiem.<\/li>\n<li><strong>Pelniet<\/strong> \u2013 katrs p\u0101rdo\u0161anas dar\u012bjums, kas veikts, izmantojot j\u016bsu saiti, sniedz jums komisijas ien\u0101kumus.<\/li>\n<\/ol>\n<hr>\n<h3 style=\"text-align:center\">Re\u0123istr\u0113jieties par Puhdas+ partneri<\/h3>\n\n<div class=\"wpcf7 no-js\" id=\"wpcf7-f360554-o1\" lang=\"lv-LV\" dir=\"ltr\" data-wpcf7-id=\"360554\">\n<div class=\"screen-reader-response\"><p role=\"status\" aria-live=\"polite\" aria-atomic=\"true\"><\/p> <ul><\/ul><\/div>\n<form action=\"\/lv\/wp-json\/wp\/v2\/pages\/359701#wpcf7-f360554-o1\" method=\"post\" class=\"wpcf7-form init\" aria-label=\"Contact form\" novalidate=\"novalidate\" data-status=\"init\">\n<fieldset class=\"hidden-fields-container\"><input type=\"hidden\" name=\"_wpcf7\" value=\"360554\" \/><input type=\"hidden\" name=\"_wpcf7_version\" value=\"6.1.5\" \/><input type=\"hidden\" name=\"_wpcf7_locale\" value=\"lv_LV\" \/><input type=\"hidden\" name=\"_wpcf7_unit_tag\" value=\"wpcf7-f360554-o1\" \/><input type=\"hidden\" name=\"_wpcf7_container_post\" value=\"0\" \/><input type=\"hidden\" name=\"_wpcf7_posted_data_hash\" value=\"\" \/><input type=\"hidden\" name=\"_wpcf7_recaptcha_response\" value=\"\" \/>\n<\/fieldset>\n<div class=\"cf7-row\">\n  <div class=\"cf7-col\">\n    <label> V\u0101rds un uzv\u0101rds *\n      <span class=\"wpcf7-form-control-wrap\" data-name=\"your-name\"><input size=\"40\" maxlength=\"400\" class=\"wpcf7-form-control wpcf7-text wpcf7-validates-as-required\" autocomplete=\"name\" aria-required=\"true\" aria-invalid=\"false\" placeholder=\"J\u016bsu pilnais v\u0101rds\" value=\"\" type=\"text\" name=\"your-name\" \/><\/span> <\/label>\n  <\/div>\n  <div class=\"cf7-col\">\n    <label> E-pasta adrese *\n      <span class=\"wpcf7-form-control-wrap\" data-name=\"your-email\"><input size=\"40\" maxlength=\"400\" class=\"wpcf7-form-control wpcf7-email wpcf7-validates-as-required wpcf7-text wpcf7-validates-as-email\" autocomplete=\"email\" aria-required=\"true\" aria-invalid=\"false\" placeholder=\"epasts@jusudomens.lv\" value=\"\" type=\"email\" name=\"your-email\" \/><\/span> <\/label>\n  <\/div>\n  <div class=\"cf7-col\">\n    <label> Telefons\n      <span class=\"wpcf7-form-control-wrap\" data-name=\"your-phone\"><input size=\"40\" maxlength=\"400\" class=\"wpcf7-form-control wpcf7-tel wpcf7-text wpcf7-validates-as-tel\" aria-invalid=\"false\" placeholder=\"+371 XXXXXXX\" value=\"\" type=\"tel\" name=\"your-phone\" \/><\/span> <\/label>\n  <\/div>\n<\/div>\n\n<div class=\"cf7-row\">\n  <div class=\"cf7-col\">\n    <label> Soci\u0101lie mediji \/ blogs \/ m\u0101jaslapa\n      <span class=\"wpcf7-form-control-wrap\" data-name=\"your-website\"><input size=\"40\" maxlength=\"400\" class=\"wpcf7-form-control wpcf7-url wpcf7-text wpcf7-validates-as-url\" aria-invalid=\"false\" placeholder=\"https:\/\/instagram.com\/jusuprofils\" value=\"\" type=\"url\" name=\"your-website\" \/><\/span> <\/label>\n  <\/div>\n  <div class=\"cf7-col cf7-col-wide\">\n    <label> K\u0101 pl\u0101nojat dal\u012bties ar Puhdas+ produktiem?\n      <span class=\"wpcf7-form-control-wrap\" data-name=\"your-message\"><textarea cols=\"40\" rows=\"4\" maxlength=\"2000\" class=\"wpcf7-form-control wpcf7-textarea\" aria-invalid=\"false\" placeholder=\"piem\u0113ram, Instagram, TikTok, blogs, YouTube, person\u012bgie kontakti, treni\u0146u\/terapijas klienti...\" name=\"your-message\"><\/textarea><\/span> <\/label>\n  <\/div>\n<\/div>\n\n<div class=\"cf7-row cf7-row-submit\">\n  <div class=\"cf7-col-accept\">\n    <span class=\"wpcf7-form-control-wrap\" data-name=\"accept-terms\"><span class=\"wpcf7-form-control wpcf7-acceptance\"><span class=\"wpcf7-list-item\"><label><input type=\"checkbox\" name=\"accept-terms\" value=\"1\" aria-invalid=\"false\" \/><span class=\"wpcf7-list-item-label\">Es piekr\u012btu, ka mani dati tiks izmantoti vaic\u0101juma apstr\u0101dei saska\u0146\u0101 ar priv\u0101tuma politiku.<\/span><\/label><\/span><\/span><\/span>\n  <\/div>\n  <div class=\"cf7-col-btn\">\n    <input class=\"wpcf7-form-control wpcf7-submit has-spinner\" type=\"submit\" value=\"Re\u0123istr\u0113ties k\u0101 partneris\" \/>\n  <\/div>\n<\/div><div class=\"wpcf7-response-output\" aria-hidden=\"true\"><\/div>\n<\/form>\n<\/div>\n\n","protected":false},"excerpt":{"rendered":"<p>Pievienojieties Puhdas+ partnerprogrammai Vienk\u0101r\u0161s un bezriska veids, k\u0101 g\u016bt ien\u0101kumus, iesakot m\u016bsu kvalitat\u012bvos produktus saviem draugiem, sekot\u0101jiem vai klientiem. K\u0101p\u0113c pievienoties partnerprogrammai? Pelniet no katra p\u0101rdo\u0161anas dar\u012bjuma \u2013 nol\u012bgtais procents; jo vair\u0101k ieteikumu, jo liel\u0101ki ien\u0101kumi. Viegli s\u0101kt \u2013 re\u0123istr\u0113jieties, kop\u012bgojiet savu unik\u0101lo saiti un v\u0113rojiet, k\u0101 uzkr\u0101jas komisijas maksa. Piem\u0113rots ikvienam \u2013 blogeriem, satura [&hellip;]<\/p>\n","protected":false},"author":471,"featured_media":0,"parent":0,"menu_order":0,"comment_status":"closed","ping_status":"closed","template":"","meta":{"_acf_changed":false,"googlesitekit_rrm_CAow3eq7DA:productID":"","footnotes":""},"class_list":["post-359701","page","type-page","status-publish","hentry"],"acf":[],"yoast_head":"<!-- This site is optimized with the Yoast SEO plugin v27.5 - https:\/\/yoast.com\/product\/yoast-seo-wordpress\/ -->\n<title>Puhdas+ partnerprogramma | Pelniet ar mums<\/title>\n<meta name=\"description\" content=\"Pievienojieties Puhdas+ partnerprogrammai un pelniet no katra p\u0101rdo\u0161anas dar\u012bjuma. Vienk\u0101r\u0161a re\u0123istr\u0101cija, augstas komisijas, kvalitat\u012bvi produkti.\" \/>\n<meta name=\"robots\" content=\"index, follow, max-snippet:-1, max-image-preview:large, max-video-preview:-1\" \/>\n<link rel=\"canonical\" href=\"https:\/\/puhdasplus.ee\/lv\/pievienojieties-partnerprogrammai\/\" \/>\n<meta property=\"og:locale\" content=\"lv_LV\" \/>\n<meta property=\"og:type\" content=\"article\" \/>\n<meta property=\"og:title\" content=\"Puhdas+ partnerprogramma | Pelniet ar mums\" \/>\n<meta property=\"og:description\" content=\"Pievienojieties Puhdas+ partnerprogrammai un pelniet no katra p\u0101rdo\u0161anas dar\u012bjuma. Vienk\u0101r\u0161a re\u0123istr\u0101cija, augstas komisijas, kvalitat\u012bvi produkti.\" \/>\n<meta property=\"og:url\" content=\"https:\/\/puhdasplus.ee\/lv\/pievienojieties-partnerprogrammai\/\" \/>\n<meta property=\"og:site_name\" content=\"Puhdas+\" \/>\n<meta property=\"article:publisher\" content=\"https:\/\/www.facebook.com\/puhdasplus\" \/>\n<meta property=\"og:image\" content=\"https:\/\/puhdasplus.ee\/wp-content\/uploads\/2025\/08\/Untitled-design-6.png\" \/>\n\t<meta property=\"og:image:width\" content=\"1913\" \/>\n\t<meta property=\"og:image:height\" content=\"875\" \/>\n\t<meta property=\"og:image:type\" content=\"image\/png\" \/>\n<meta name=\"twitter:card\" content=\"summary_large_image\" \/>\n<meta name=\"twitter:label1\" content=\"Est. reading time\" \/>\n\t<meta name=\"twitter:data1\" content=\"1 minute\" \/>\n<script type=\"application\/ld+json\" class=\"yoast-schema-graph\">{\"@context\":\"https:\\\/\\\/schema.org\",\"@graph\":[{\"@type\":\"WebPage\",\"@id\":\"https:\\\/\\\/puhdasplus.ee\\\/lv\\\/pievienojieties-partnerprogrammai\\\/\",\"url\":\"https:\\\/\\\/puhdasplus.ee\\\/lv\\\/pievienojieties-partnerprogrammai\\\/\",\"name\":\"Puhdas+ partnerprogramma | Pelniet ar mums\",\"isPartOf\":{\"@id\":\"https:\\\/\\\/puhdasplus.ee\\\/lv\\\/#website\"},\"datePublished\":\"2026-03-13T08:21:26+00:00\",\"description\":\"Pievienojieties Puhdas+ partnerprogrammai un pelniet no katra p\u0101rdo\u0161anas dar\u012bjuma. Vienk\u0101r\u0161a re\u0123istr\u0101cija, augstas komisijas, kvalitat\u012bvi produkti.\",\"breadcrumb\":{\"@id\":\"https:\\\/\\\/puhdasplus.ee\\\/lv\\\/pievienojieties-partnerprogrammai\\\/#breadcrumb\"},\"inLanguage\":\"lv-LV\",\"potentialAction\":[{\"@type\":\"ReadAction\",\"target\":[\"https:\\\/\\\/puhdasplus.ee\\\/lv\\\/pievienojieties-partnerprogrammai\\\/\"]}]},{\"@type\":\"BreadcrumbList\",\"@id\":\"https:\\\/\\\/puhdasplus.ee\\\/lv\\\/pievienojieties-partnerprogrammai\\\/#breadcrumb\",\"itemListElement\":[{\"@type\":\"ListItem\",\"position\":1,\"name\":\"S\u0101kums\",\"item\":\"https:\\\/\\\/puhdasplus.ee\\\/lv\\\/\"},{\"@type\":\"ListItem\",\"position\":2,\"name\":\"Pievienojieties partnerprogrammai\"}]},{\"@type\":\"WebSite\",\"@id\":\"https:\\\/\\\/puhdasplus.ee\\\/lv\\\/#website\",\"url\":\"https:\\\/\\\/puhdasplus.ee\\\/lv\\\/\",\"name\":\"Puhdas+\",\"description\":\"Vitam\u012bni, uztura bag\u0101tin\u0101t\u0101ji, dab\u012bg\u0101 kosm\u0113tika, vesel\u012bba, sports\",\"publisher\":{\"@id\":\"https:\\\/\\\/puhdasplus.ee\\\/lv\\\/#organization\"},\"potentialAction\":[{\"@type\":\"SearchAction\",\"target\":{\"@type\":\"EntryPoint\",\"urlTemplate\":\"https:\\\/\\\/puhdasplus.ee\\\/lv\\\/?s={search_term_string}\"},\"query-input\":{\"@type\":\"PropertyValueSpecification\",\"valueRequired\":true,\"valueName\":\"search_term_string\"}}],\"inLanguage\":\"lv-LV\"},{\"@type\":\"Organization\",\"@id\":\"https:\\\/\\\/puhdasplus.ee\\\/lv\\\/#organization\",\"name\":\"Puhdas+\",\"alternateName\":\"Puhdasplus\",\"url\":\"https:\\\/\\\/puhdasplus.ee\\\/lv\\\/\",\"logo\":{\"@type\":\"ImageObject\",\"inLanguage\":\"lv-LV\",\"@id\":\"https:\\\/\\\/puhdasplus.ee\\\/lv\\\/#\\\/schema\\\/logo\\\/image\\\/\",\"url\":\"https:\\\/\\\/puhdasplus.ee\\\/wp-content\\\/uploads\\\/2019\\\/10\\\/puhdas_logo-arvele.png\",\"contentUrl\":\"https:\\\/\\\/puhdasplus.ee\\\/wp-content\\\/uploads\\\/2019\\\/10\\\/puhdas_logo-arvele.png\",\"width\":114,\"height\":94,\"caption\":\"Puhdas+\"},\"image\":{\"@id\":\"https:\\\/\\\/puhdasplus.ee\\\/lv\\\/#\\\/schema\\\/logo\\\/image\\\/\"},\"sameAs\":[\"https:\\\/\\\/www.facebook.com\\\/puhdasplus\",\"https:\\\/\\\/www.instagram.com\\\/puhdasplus_ee\\\/\"]}]}<\/script>\n<!-- \/ Yoast SEO plugin. -->","yoast_head_json":{"title":"Puhdas+ partnerprogramma | Pelniet ar mums","description":"Pievienojieties Puhdas+ partnerprogrammai un pelniet no katra p\u0101rdo\u0161anas dar\u012bjuma. Vienk\u0101r\u0161a re\u0123istr\u0101cija, augstas komisijas, kvalitat\u012bvi produkti.","robots":{"index":"index","follow":"follow","max-snippet":"max-snippet:-1","max-image-preview":"max-image-preview:large","max-video-preview":"max-video-preview:-1"},"canonical":"https:\/\/puhdasplus.ee\/lv\/pievienojieties-partnerprogrammai\/","og_locale":"lv_LV","og_type":"article","og_title":"Puhdas+ partnerprogramma | Pelniet ar mums","og_description":"Pievienojieties Puhdas+ partnerprogrammai un pelniet no katra p\u0101rdo\u0161anas dar\u012bjuma. Vienk\u0101r\u0161a re\u0123istr\u0101cija, augstas komisijas, kvalitat\u012bvi produkti.","og_url":"https:\/\/puhdasplus.ee\/lv\/pievienojieties-partnerprogrammai\/","og_site_name":"Puhdas+","article_publisher":"https:\/\/www.facebook.com\/puhdasplus","og_image":[{"width":1913,"height":875,"url":"https:\/\/puhdasplus.ee\/wp-content\/uploads\/2025\/08\/Untitled-design-6.png","type":"image\/png"}],"twitter_card":"summary_large_image","twitter_misc":{"Est. reading time":"1 minute"},"schema":{"@context":"https:\/\/schema.org","@graph":[{"@type":"WebPage","@id":"https:\/\/puhdasplus.ee\/lv\/pievienojieties-partnerprogrammai\/","url":"https:\/\/puhdasplus.ee\/lv\/pievienojieties-partnerprogrammai\/","name":"Puhdas+ partnerprogramma | Pelniet ar mums","isPartOf":{"@id":"https:\/\/puhdasplus.ee\/lv\/#website"},"datePublished":"2026-03-13T08:21:26+00:00","description":"Pievienojieties Puhdas+ partnerprogrammai un pelniet no katra p\u0101rdo\u0161anas dar\u012bjuma. Vienk\u0101r\u0161a re\u0123istr\u0101cija, augstas komisijas, kvalitat\u012bvi produkti.","breadcrumb":{"@id":"https:\/\/puhdasplus.ee\/lv\/pievienojieties-partnerprogrammai\/#breadcrumb"},"inLanguage":"lv-LV","potentialAction":[{"@type":"ReadAction","target":["https:\/\/puhdasplus.ee\/lv\/pievienojieties-partnerprogrammai\/"]}]},{"@type":"BreadcrumbList","@id":"https:\/\/puhdasplus.ee\/lv\/pievienojieties-partnerprogrammai\/#breadcrumb","itemListElement":[{"@type":"ListItem","position":1,"name":"S\u0101kums","item":"https:\/\/puhdasplus.ee\/lv\/"},{"@type":"ListItem","position":2,"name":"Pievienojieties partnerprogrammai"}]},{"@type":"WebSite","@id":"https:\/\/puhdasplus.ee\/lv\/#website","url":"https:\/\/puhdasplus.ee\/lv\/","name":"Puhdas+","description":"Vitam\u012bni, uztura bag\u0101tin\u0101t\u0101ji, dab\u012bg\u0101 kosm\u0113tika, vesel\u012bba, sports","publisher":{"@id":"https:\/\/puhdasplus.ee\/lv\/#organization"},"potentialAction":[{"@type":"SearchAction","target":{"@type":"EntryPoint","urlTemplate":"https:\/\/puhdasplus.ee\/lv\/?s={search_term_string}"},"query-input":{"@type":"PropertyValueSpecification","valueRequired":true,"valueName":"search_term_string"}}],"inLanguage":"lv-LV"},{"@type":"Organization","@id":"https:\/\/puhdasplus.ee\/lv\/#organization","name":"Puhdas+","alternateName":"Puhdasplus","url":"https:\/\/puhdasplus.ee\/lv\/","logo":{"@type":"ImageObject","inLanguage":"lv-LV","@id":"https:\/\/puhdasplus.ee\/lv\/#\/schema\/logo\/image\/","url":"https:\/\/puhdasplus.ee\/wp-content\/uploads\/2019\/10\/puhdas_logo-arvele.png","contentUrl":"https:\/\/puhdasplus.ee\/wp-content\/uploads\/2019\/10\/puhdas_logo-arvele.png","width":114,"height":94,"caption":"Puhdas+"},"image":{"@id":"https:\/\/puhdasplus.ee\/lv\/#\/schema\/logo\/image\/"},"sameAs":["https:\/\/www.facebook.com\/puhdasplus","https:\/\/www.instagram.com\/puhdasplus_ee\/"]}]}},"_yoast_wpseo_title":"Puhdas+ partnerprogramma | Pelniet ar mums","_yoast_wpseo_metadesc":"Pievienojieties Puhdas+ partnerprogrammai un pelniet no katra p\u0101rdo\u0161anas dar\u012bjuma. Vienk\u0101r\u0161a re\u0123istr\u0101cija, augstas komisijas, kvalitat\u012bvi produkti.","_yoast_wpseo_focuskw":"partnerprogramma","_links":{"self":[{"href":"https:\/\/puhdasplus.ee\/lv\/wp-json\/wp\/v2\/pages\/359701","targetHints":{"allow":["GET"]}}],"collection":[{"href":"https:\/\/puhdasplus.ee\/lv\/wp-json\/wp\/v2\/pages"}],"about":[{"href":"https:\/\/puhdasplus.ee\/lv\/wp-json\/wp\/v2\/types\/page"}],"author":[{"embeddable":true,"href":"https:\/\/puhdasplus.ee\/lv\/wp-json\/wp\/v2\/users\/471"}],"replies":[{"embeddable":true,"href":"https:\/\/puhdasplus.ee\/lv\/wp-json\/wp\/v2\/comments?post=359701"}],"version-history":[{"count":0,"href":"https:\/\/puhdasplus.ee\/lv\/wp-json\/wp\/v2\/pages\/359701\/revisions"}],"wp:attachment":[{"href":"https:\/\/puhdasplus.ee\/lv\/wp-json\/wp\/v2\/media?parent=359701"}],"curies":[{"name":"wp","href":"https:\/\/api.w.org\/{rel}","templated":true}]}}