{"id":359698,"date":"2026-03-13T10:20:34","date_gmt":"2026-03-13T08:20:34","guid":{"rendered":"https:\/\/puhdasplus.ee\/klustiet-par-talakpardeveju\/"},"modified":"2026-03-13T10:20:34","modified_gmt":"2026-03-13T08:20:34","slug":"klustiet-par-talakpardeveju","status":"publish","type":"page","link":"https:\/\/puhdasplus.ee\/lv\/klustiet-par-talakpardeveju\/","title":{"rendered":"K\u013c\u016bstiet par t\u0101l\u0101kp\u0101rdev\u0113ju"},"content":{"rendered":"<h2 style=\"text-align:center;color:#1a5c4e\">K\u013c\u016bstiet par Puhdas+ t\u0101l\u0101kp\u0101rdev\u0113ju<\/h2>\n<p style=\"text-align:center;font-size:16px;color:#555\">Aizpildiet zem\u0101k eso\u0161o veidlapu, un m\u0113s ar jums sazin\u0101simies p\u0113c iesp\u0113jas \u0101tr\u0101k, lai apspriestu sadarb\u012bbas nosac\u012bjumus.<\/p>\n<hr>\n<h3>K\u0101p\u0113c izv\u0113l\u0113ties Puhdas+?<\/h3>\n<p>Puhdas+ produkti ir rad\u012bti, lai nodro\u0161in\u0101tu kvalit\u0101ti un dabiskumu \u2013 bez konservantiem, m\u0101ksl\u012bg\u0101m kr\u0101sviel\u0101m, saldin\u0101t\u0101jiem vai virsmas apstr\u0101des l\u012bdzek\u013ciem. T\u012brs sast\u0101vs, efekt\u012bvs rezult\u0101ts. <\/p>\n<h3>Produktu kl\u0101sts<\/h3>\n<ul>\n<li><strong>\u0112terisk\u0101s e\u013c\u013cas un difuzori<\/strong> \u2013 relaks\u0113jo\u0161a un l\u012bdzsvarojo\u0161a iedarb\u012bba<\/li>\n<li><strong>Uztura bag\u0101tin\u0101t\u0101ji<\/strong> \u2013 vitam\u012bni, miner\u0101lvielas un superprodukti<\/li>\n<li><strong>Kolag\u0113ns un \u0101das kop\u0161anas l\u012bdzek\u013ci<\/strong> \u2013 \u0101das, matu un nagu vesel\u012bbai<\/li>\n<li><strong>Magnijs<\/strong> \u2013 musku\u013ciem un loc\u012btav\u0101m<\/li>\n<li><strong>Dz\u0113rieni<\/strong> \u2013 kombu\u010da, \u016bdens un vitam\u012bnu \u016bde\u0146i<\/li>\n<\/ul>\n<p><em>Ra\u017eot\u0101js: New Organics Oy, \u00c4yritie 8 A, 01510 Vantaa<\/em><\/p>\n<h3>Sadarb\u012bbas priek\u0161roc\u012bbas<\/h3>\n<ul>\n<li>\u2705 <strong>100 % dabiska kvalit\u0101te<\/strong> \u2013 test\u0113ta un sertific\u0113ta<\/li>\n<li>\ud83d\udce6 <strong>M\u0101rketinga atbalsts<\/strong> \u2013 m\u0101rketinga materi\u0101li, inform\u0101cija par produktiem un p\u0101rdo\u0161anas atbalsts<\/li>\n<li>\ud83c\udfc6 <strong>Uzticams z\u012bmols<\/strong> \u2013 NordenBio O\u00dc ir vien\u012bgais ofici\u0101lais Puhdas+ import\u0113t\u0101js Baltij\u0101<\/li>\n<\/ul>\n<hr>\n<h3 style=\"text-align:center\">Aizpildiet re\u0123istr\u0101cijas veidlapu<\/h3>\n\n<div class=\"wpcf7 no-js\" id=\"wpcf7-f360550-o1\" lang=\"lv-LV\" dir=\"ltr\" data-wpcf7-id=\"360550\">\n<div class=\"screen-reader-response\"><p role=\"status\" aria-live=\"polite\" aria-atomic=\"true\"><\/p> <ul><\/ul><\/div>\n<form action=\"\/lv\/wp-json\/wp\/v2\/pages\/359698#wpcf7-f360550-o1\" method=\"post\" class=\"wpcf7-form init\" aria-label=\"Contact form\" novalidate=\"novalidate\" data-status=\"init\">\n<fieldset class=\"hidden-fields-container\"><input type=\"hidden\" name=\"_wpcf7\" value=\"360550\" \/><input type=\"hidden\" name=\"_wpcf7_version\" value=\"6.1.5\" \/><input type=\"hidden\" name=\"_wpcf7_locale\" value=\"lv_LV\" \/><input type=\"hidden\" name=\"_wpcf7_unit_tag\" value=\"wpcf7-f360550-o1\" \/><input type=\"hidden\" name=\"_wpcf7_container_post\" value=\"0\" \/><input type=\"hidden\" name=\"_wpcf7_posted_data_hash\" value=\"\" \/><input type=\"hidden\" name=\"_wpcf7_recaptcha_response\" value=\"\" \/>\n<\/fieldset>\n<div class=\"form-row\">\n<div class=\"form-col\">\n<label> V\u0101rds un uzv\u0101rds *\n    <span class=\"wpcf7-form-control-wrap\" data-name=\"your-name\"><input size=\"40\" maxlength=\"400\" class=\"wpcf7-form-control wpcf7-text wpcf7-validates-as-required\" autocomplete=\"name\" aria-required=\"true\" aria-invalid=\"false\" placeholder=\"J\u016bsu pilnais v\u0101rds\" value=\"\" type=\"text\" name=\"your-name\" \/><\/span> <\/label>\n<\/div>\n<div class=\"form-col\">\n<label> E-pasta adrese *\n    <span class=\"wpcf7-form-control-wrap\" data-name=\"your-email\"><input size=\"40\" maxlength=\"400\" class=\"wpcf7-form-control wpcf7-email wpcf7-validates-as-required wpcf7-text wpcf7-validates-as-email\" autocomplete=\"email\" aria-required=\"true\" aria-invalid=\"false\" placeholder=\"email@j\u016bsuuz\u0146\u0113mums.lv\" value=\"\" type=\"email\" name=\"your-email\" \/><\/span> <\/label>\n<\/div>\n<div class=\"form-col\">\n<label> Telefons\n    <span class=\"wpcf7-form-control-wrap\" data-name=\"your-phone\"><input size=\"40\" maxlength=\"400\" class=\"wpcf7-form-control wpcf7-tel wpcf7-text wpcf7-validates-as-tel\" aria-invalid=\"false\" placeholder=\"+371 XXXXXXX\" value=\"\" type=\"tel\" name=\"your-phone\" \/><\/span> <\/label>\n<\/div>\n<\/div>\n\n<div class=\"form-row\">\n<div class=\"form-col\">\n<label> Uz\u0146\u0113muma nosaukums\n    <span class=\"wpcf7-form-control-wrap\" data-name=\"your-company\"><input size=\"40\" maxlength=\"400\" class=\"wpcf7-form-control wpcf7-text\" aria-invalid=\"false\" placeholder=\"SIA \/ AS \/ IK nosaukums\" value=\"\" type=\"text\" name=\"your-company\" \/><\/span> <\/label>\n<\/div>\n<div class=\"form-col\">\n<label> Uz\u0146\u0113muma re\u0123istr\u0101cijas kods\n    <span class=\"wpcf7-form-control-wrap\" data-name=\"your-regcode\"><input size=\"40\" maxlength=\"400\" class=\"wpcf7-form-control wpcf7-text\" aria-invalid=\"false\" placeholder=\"12345678\" value=\"\" type=\"text\" name=\"your-regcode\" \/><\/span> <\/label>\n<\/div>\n<div class=\"form-col\">\n<label> Nozare \/ veikala tips\n    <span class=\"wpcf7-form-control-wrap\" data-name=\"your-sector\"><input size=\"40\" maxlength=\"400\" class=\"wpcf7-form-control wpcf7-text\" aria-invalid=\"false\" placeholder=\"piem. aptieka, vesel\u012bbas veikals, sporta klubs...\" value=\"\" type=\"text\" name=\"your-sector\" \/><\/span> <\/label>\n<\/div>\n<\/div>\n\n<div class=\"form-row\">\n<div class=\"form-col-full\">\n<label> Papildinform\u0101cija \/ jaut\u0101jumi\n    <span class=\"wpcf7-form-control-wrap\" data-name=\"your-message\"><textarea cols=\"40\" rows=\"10\" maxlength=\"2000\" class=\"wpcf7-form-control wpcf7-textarea\" aria-invalid=\"false\" placeholder=\"\u012asi aprakstiet savu darb\u012bbu un k\u0101p\u0113c v\u0113laties p\u0101rdot Puhdas+ produktus\" name=\"your-message\"><\/textarea><\/span> <\/label>\n<\/div>\n<\/div>\n\n<div class=\"form-row form-row-submit\">\n<div class=\"form-col-acceptance\">\n<span class=\"wpcf7-form-control-wrap\" data-name=\"accept-terms\"><span class=\"wpcf7-form-control wpcf7-acceptance\"><span class=\"wpcf7-list-item\"><label><input type=\"checkbox\" name=\"accept-terms\" value=\"1\" aria-invalid=\"false\" \/><span class=\"wpcf7-list-item-label\">Es piekr\u012btu, ka mani dati tiks izmantoti piepras\u012bjuma apstr\u0101dei saska\u0146\u0101 ar priv\u0101tuma politiku.<\/span><\/label><\/span><\/span><\/span>\n<\/div>\n<div class=\"form-col-submit\">\n<input class=\"wpcf7-form-control wpcf7-submit has-spinner\" type=\"submit\" value=\"S\u016bt\u012bt pieteikumu\" \/>\n<\/div>\n<\/div><div class=\"wpcf7-response-output\" aria-hidden=\"true\"><\/div>\n<\/form>\n<\/div>\n\n<p style=\"text-align:center;margin-top:20px\">Vai rakstiet mums tie\u0161i: <a href=\"mailto:sales@puhdasplus.ee\"><strong>sales@puhdasplus.ee<\/strong><\/a> | T\u0101lrunis: <strong>+372 5577765<\/strong><\/p>\n","protected":false},"excerpt":{"rendered":"<p>K\u013c\u016bstiet par Puhdas+ t\u0101l\u0101kp\u0101rdev\u0113ju Aizpildiet zem\u0101k eso\u0161o veidlapu, un m\u0113s ar jums sazin\u0101simies p\u0113c iesp\u0113jas \u0101tr\u0101k, lai apspriestu sadarb\u012bbas nosac\u012bjumus. K\u0101p\u0113c izv\u0113l\u0113ties Puhdas+? Puhdas+ produkti ir rad\u012bti, lai nodro\u0161in\u0101tu kvalit\u0101ti un dabiskumu \u2013 bez konservantiem, m\u0101ksl\u012bg\u0101m kr\u0101sviel\u0101m, saldin\u0101t\u0101jiem vai virsmas apstr\u0101des l\u012bdzek\u013ciem. T\u012brs sast\u0101vs, efekt\u012bvs rezult\u0101ts. Produktu kl\u0101sts \u0112terisk\u0101s e\u013c\u013cas un difuzori \u2013 relaks\u0113jo\u0161a un [&hellip;]<\/p>\n","protected":false},"author":471,"featured_media":0,"parent":0,"menu_order":0,"comment_status":"closed","ping_status":"closed","template":"","meta":{"_acf_changed":false,"googlesitekit_rrm_CAow3eq7DA:productID":"","footnotes":""},"class_list":["post-359698","page","type-page","status-publish","hentry"],"acf":[],"yoast_head":"<!-- This site is optimized with the Yoast SEO plugin v27.5 - https:\/\/yoast.com\/product\/yoast-seo-wordpress\/ -->\n<title>K\u013c\u016bstiet par Puhdas+ t\u0101l\u0101kp\u0101rdev\u0113ju | Dab\u012bgi<\/title>\n<meta name=\"description\" content=\"K\u013c\u016bstiet par Puhdas+ t\u0101l\u0101kp\u0101rdev\u0113ju un p\u0101rdodiet kvalitat\u012bvus dab\u012bgus produktus bez konservantiem un m\u0101ksl\u012bgajiem piedev\u0101m.\" \/>\n<meta name=\"robots\" content=\"index, follow, max-snippet:-1, max-image-preview:large, max-video-preview:-1\" \/>\n<link rel=\"canonical\" href=\"https:\/\/puhdasplus.ee\/lv\/klustiet-par-talakpardeveju\/\" \/>\n<meta property=\"og:locale\" content=\"lv_LV\" \/>\n<meta property=\"og:type\" content=\"article\" \/>\n<meta property=\"og:title\" content=\"K\u013c\u016bstiet par Puhdas+ t\u0101l\u0101kp\u0101rdev\u0113ju | Dab\u012bgi\" \/>\n<meta property=\"og:description\" content=\"K\u013c\u016bstiet par Puhdas+ t\u0101l\u0101kp\u0101rdev\u0113ju un p\u0101rdodiet kvalitat\u012bvus dab\u012bgus produktus bez konservantiem un m\u0101ksl\u012bgajiem piedev\u0101m.\" \/>\n<meta property=\"og:url\" content=\"https:\/\/puhdasplus.ee\/lv\/klustiet-par-talakpardeveju\/\" \/>\n<meta property=\"og:site_name\" content=\"Puhdas+\" \/>\n<meta property=\"article:publisher\" content=\"https:\/\/www.facebook.com\/puhdasplus\" \/>\n<meta property=\"og:image\" content=\"https:\/\/puhdasplus.ee\/wp-content\/uploads\/2025\/08\/Untitled-design-6.png\" \/>\n\t<meta property=\"og:image:width\" content=\"1913\" \/>\n\t<meta property=\"og:image:height\" content=\"875\" \/>\n\t<meta property=\"og:image:type\" content=\"image\/png\" \/>\n<meta name=\"twitter:card\" content=\"summary_large_image\" \/>\n<meta name=\"twitter:label1\" content=\"Est. reading time\" \/>\n\t<meta name=\"twitter:data1\" content=\"1 minute\" \/>\n<script type=\"application\/ld+json\" class=\"yoast-schema-graph\">{\"@context\":\"https:\\\/\\\/schema.org\",\"@graph\":[{\"@type\":\"WebPage\",\"@id\":\"https:\\\/\\\/puhdasplus.ee\\\/lv\\\/klustiet-par-talakpardeveju\\\/\",\"url\":\"https:\\\/\\\/puhdasplus.ee\\\/lv\\\/klustiet-par-talakpardeveju\\\/\",\"name\":\"K\u013c\u016bstiet par Puhdas+ t\u0101l\u0101kp\u0101rdev\u0113ju | Dab\u012bgi\",\"isPartOf\":{\"@id\":\"https:\\\/\\\/puhdasplus.ee\\\/lv\\\/#website\"},\"datePublished\":\"2026-03-13T08:20:34+00:00\",\"description\":\"K\u013c\u016bstiet par Puhdas+ t\u0101l\u0101kp\u0101rdev\u0113ju un p\u0101rdodiet kvalitat\u012bvus dab\u012bgus produktus bez konservantiem un m\u0101ksl\u012bgajiem piedev\u0101m.\",\"breadcrumb\":{\"@id\":\"https:\\\/\\\/puhdasplus.ee\\\/lv\\\/klustiet-par-talakpardeveju\\\/#breadcrumb\"},\"inLanguage\":\"lv-LV\",\"potentialAction\":[{\"@type\":\"ReadAction\",\"target\":[\"https:\\\/\\\/puhdasplus.ee\\\/lv\\\/klustiet-par-talakpardeveju\\\/\"]}]},{\"@type\":\"BreadcrumbList\",\"@id\":\"https:\\\/\\\/puhdasplus.ee\\\/lv\\\/klustiet-par-talakpardeveju\\\/#breadcrumb\",\"itemListElement\":[{\"@type\":\"ListItem\",\"position\":1,\"name\":\"S\u0101kums\",\"item\":\"https:\\\/\\\/puhdasplus.ee\\\/lv\\\/\"},{\"@type\":\"ListItem\",\"position\":2,\"name\":\"K\u013c\u016bstiet par t\u0101l\u0101kp\u0101rdev\u0113ju\"}]},{\"@type\":\"WebSite\",\"@id\":\"https:\\\/\\\/puhdasplus.ee\\\/lv\\\/#website\",\"url\":\"https:\\\/\\\/puhdasplus.ee\\\/lv\\\/\",\"name\":\"Puhdas+\",\"description\":\"Vitam\u012bni, uztura bag\u0101tin\u0101t\u0101ji, dab\u012bg\u0101 kosm\u0113tika, vesel\u012bba, sports\",\"publisher\":{\"@id\":\"https:\\\/\\\/puhdasplus.ee\\\/lv\\\/#organization\"},\"potentialAction\":[{\"@type\":\"SearchAction\",\"target\":{\"@type\":\"EntryPoint\",\"urlTemplate\":\"https:\\\/\\\/puhdasplus.ee\\\/lv\\\/?s={search_term_string}\"},\"query-input\":{\"@type\":\"PropertyValueSpecification\",\"valueRequired\":true,\"valueName\":\"search_term_string\"}}],\"inLanguage\":\"lv-LV\"},{\"@type\":\"Organization\",\"@id\":\"https:\\\/\\\/puhdasplus.ee\\\/lv\\\/#organization\",\"name\":\"Puhdas+\",\"alternateName\":\"Puhdasplus\",\"url\":\"https:\\\/\\\/puhdasplus.ee\\\/lv\\\/\",\"logo\":{\"@type\":\"ImageObject\",\"inLanguage\":\"lv-LV\",\"@id\":\"https:\\\/\\\/puhdasplus.ee\\\/lv\\\/#\\\/schema\\\/logo\\\/image\\\/\",\"url\":\"https:\\\/\\\/puhdasplus.ee\\\/wp-content\\\/uploads\\\/2019\\\/10\\\/puhdas_logo-arvele.png\",\"contentUrl\":\"https:\\\/\\\/puhdasplus.ee\\\/wp-content\\\/uploads\\\/2019\\\/10\\\/puhdas_logo-arvele.png\",\"width\":114,\"height\":94,\"caption\":\"Puhdas+\"},\"image\":{\"@id\":\"https:\\\/\\\/puhdasplus.ee\\\/lv\\\/#\\\/schema\\\/logo\\\/image\\\/\"},\"sameAs\":[\"https:\\\/\\\/www.facebook.com\\\/puhdasplus\",\"https:\\\/\\\/www.instagram.com\\\/puhdasplus_ee\\\/\"]}]}<\/script>\n<!-- \/ Yoast SEO plugin. -->","yoast_head_json":{"title":"K\u013c\u016bstiet par Puhdas+ t\u0101l\u0101kp\u0101rdev\u0113ju | Dab\u012bgi","description":"K\u013c\u016bstiet par Puhdas+ t\u0101l\u0101kp\u0101rdev\u0113ju un p\u0101rdodiet kvalitat\u012bvus dab\u012bgus produktus bez konservantiem un m\u0101ksl\u012bgajiem piedev\u0101m.","robots":{"index":"index","follow":"follow","max-snippet":"max-snippet:-1","max-image-preview":"max-image-preview:large","max-video-preview":"max-video-preview:-1"},"canonical":"https:\/\/puhdasplus.ee\/lv\/klustiet-par-talakpardeveju\/","og_locale":"lv_LV","og_type":"article","og_title":"K\u013c\u016bstiet par Puhdas+ t\u0101l\u0101kp\u0101rdev\u0113ju | Dab\u012bgi","og_description":"K\u013c\u016bstiet par Puhdas+ t\u0101l\u0101kp\u0101rdev\u0113ju un p\u0101rdodiet kvalitat\u012bvus dab\u012bgus produktus bez konservantiem un m\u0101ksl\u012bgajiem piedev\u0101m.","og_url":"https:\/\/puhdasplus.ee\/lv\/klustiet-par-talakpardeveju\/","og_site_name":"Puhdas+","article_publisher":"https:\/\/www.facebook.com\/puhdasplus","og_image":[{"width":1913,"height":875,"url":"https:\/\/puhdasplus.ee\/wp-content\/uploads\/2025\/08\/Untitled-design-6.png","type":"image\/png"}],"twitter_card":"summary_large_image","twitter_misc":{"Est. reading time":"1 minute"},"schema":{"@context":"https:\/\/schema.org","@graph":[{"@type":"WebPage","@id":"https:\/\/puhdasplus.ee\/lv\/klustiet-par-talakpardeveju\/","url":"https:\/\/puhdasplus.ee\/lv\/klustiet-par-talakpardeveju\/","name":"K\u013c\u016bstiet par Puhdas+ t\u0101l\u0101kp\u0101rdev\u0113ju | Dab\u012bgi","isPartOf":{"@id":"https:\/\/puhdasplus.ee\/lv\/#website"},"datePublished":"2026-03-13T08:20:34+00:00","description":"K\u013c\u016bstiet par Puhdas+ t\u0101l\u0101kp\u0101rdev\u0113ju un p\u0101rdodiet kvalitat\u012bvus dab\u012bgus produktus bez konservantiem un m\u0101ksl\u012bgajiem piedev\u0101m.","breadcrumb":{"@id":"https:\/\/puhdasplus.ee\/lv\/klustiet-par-talakpardeveju\/#breadcrumb"},"inLanguage":"lv-LV","potentialAction":[{"@type":"ReadAction","target":["https:\/\/puhdasplus.ee\/lv\/klustiet-par-talakpardeveju\/"]}]},{"@type":"BreadcrumbList","@id":"https:\/\/puhdasplus.ee\/lv\/klustiet-par-talakpardeveju\/#breadcrumb","itemListElement":[{"@type":"ListItem","position":1,"name":"S\u0101kums","item":"https:\/\/puhdasplus.ee\/lv\/"},{"@type":"ListItem","position":2,"name":"K\u013c\u016bstiet par t\u0101l\u0101kp\u0101rdev\u0113ju"}]},{"@type":"WebSite","@id":"https:\/\/puhdasplus.ee\/lv\/#website","url":"https:\/\/puhdasplus.ee\/lv\/","name":"Puhdas+","description":"Vitam\u012bni, uztura bag\u0101tin\u0101t\u0101ji, dab\u012bg\u0101 kosm\u0113tika, vesel\u012bba, sports","publisher":{"@id":"https:\/\/puhdasplus.ee\/lv\/#organization"},"potentialAction":[{"@type":"SearchAction","target":{"@type":"EntryPoint","urlTemplate":"https:\/\/puhdasplus.ee\/lv\/?s={search_term_string}"},"query-input":{"@type":"PropertyValueSpecification","valueRequired":true,"valueName":"search_term_string"}}],"inLanguage":"lv-LV"},{"@type":"Organization","@id":"https:\/\/puhdasplus.ee\/lv\/#organization","name":"Puhdas+","alternateName":"Puhdasplus","url":"https:\/\/puhdasplus.ee\/lv\/","logo":{"@type":"ImageObject","inLanguage":"lv-LV","@id":"https:\/\/puhdasplus.ee\/lv\/#\/schema\/logo\/image\/","url":"https:\/\/puhdasplus.ee\/wp-content\/uploads\/2019\/10\/puhdas_logo-arvele.png","contentUrl":"https:\/\/puhdasplus.ee\/wp-content\/uploads\/2019\/10\/puhdas_logo-arvele.png","width":114,"height":94,"caption":"Puhdas+"},"image":{"@id":"https:\/\/puhdasplus.ee\/lv\/#\/schema\/logo\/image\/"},"sameAs":["https:\/\/www.facebook.com\/puhdasplus","https:\/\/www.instagram.com\/puhdasplus_ee\/"]}]}},"_yoast_wpseo_title":"K\u013c\u016bstiet par Puhdas+ t\u0101l\u0101kp\u0101rdev\u0113ju | Dab\u012bgi","_yoast_wpseo_metadesc":"K\u013c\u016bstiet par Puhdas+ t\u0101l\u0101kp\u0101rdev\u0113ju un p\u0101rdodiet kvalitat\u012bvus dab\u012bgus produktus bez konservantiem un m\u0101ksl\u012bgajiem piedev\u0101m.","_yoast_wpseo_focuskw":"k\u013c\u016bstiet t\u0101l\u0101kp\u0101rdev\u0113ju","_links":{"self":[{"href":"https:\/\/puhdasplus.ee\/lv\/wp-json\/wp\/v2\/pages\/359698","targetHints":{"allow":["GET"]}}],"collection":[{"href":"https:\/\/puhdasplus.ee\/lv\/wp-json\/wp\/v2\/pages"}],"about":[{"href":"https:\/\/puhdasplus.ee\/lv\/wp-json\/wp\/v2\/types\/page"}],"author":[{"embeddable":true,"href":"https:\/\/puhdasplus.ee\/lv\/wp-json\/wp\/v2\/users\/471"}],"replies":[{"embeddable":true,"href":"https:\/\/puhdasplus.ee\/lv\/wp-json\/wp\/v2\/comments?post=359698"}],"version-history":[{"count":0,"href":"https:\/\/puhdasplus.ee\/lv\/wp-json\/wp\/v2\/pages\/359698\/revisions"}],"wp:attachment":[{"href":"https:\/\/puhdasplus.ee\/lv\/wp-json\/wp\/v2\/media?parent=359698"}],"curies":[{"name":"wp","href":"https:\/\/api.w.org\/{rel}","templated":true}]}}