{"id":357767,"date":"2026-03-18T12:35:54","date_gmt":"2026-03-18T10:35:54","guid":{"rendered":"https:\/\/puhdasplus.ee\/?page_id=357767"},"modified":"2026-04-07T11:04:13","modified_gmt":"2026-04-07T08:04:13","slug":"par-mums","status":"publish","type":"page","link":"https:\/\/puhdasplus.ee\/lv\/par-mums\/","title":{"rendered":"Par mums"},"content":{"rendered":"<div class=\"pp-hero\">\n<p class=\"pp-label\">Puhdas+<\/p>\n<h2>Liel\u0101k\u0101 da\u013ca no mums nedom\u0101 par labsaj\u016btu un to, ko noz\u012bm\u0113 b\u016bt veselam.<br \/><strong>L\u012bdz m\u0113s to vairs neesam.<\/strong><\/h2>\n<\/div>\n<div class=\"pp-row\">\n<div class=\"pp-col-text\">\n<p>Puhdas+ ir Somijas uz\u0146\u0113mums, kas savos produktos p\u0101rst\u0101v god\u012bgumu un vienk\u0101r\u0161\u012bbu. M\u0113s cen\u0161amies veicin\u0101t j\u016bsu vesel\u012bbu un labsaj\u016btu, pied\u0101v\u0101jot produktus bez nevajadz\u012bg\u0101m piedev\u0101m \u2013 tikai b\u016btisk\u0101s sast\u0101vda\u013cas, kas nepiecie\u0161amas j\u016bsu labsaj\u016btai.<\/p>\n<p>Tas noz\u012bm\u0113 kvalitat\u012bvas un efekt\u012bvas akt\u012bv\u0101s vielas ar p\u0113c iesp\u0113jas vienk\u0101r\u0161u sast\u0101vu. Puhdas+ atbalsta ilgtsp\u0113j\u012bgu dz\u012bvesveidu, kur pat mazi izv\u0113les pal\u012bdz veidot lab\u0101ku un t\u012br\u0101ku n\u0101kotni.<\/p>\n<p>Puhdas+ produktu pamat\u0101 ir Somijas uz\u0146\u0113mums New Organics Oy. Liel\u0101k\u0101 da\u013ca m\u016bsu produktu tiek ra\u017eoti Somij\u0101. Visi kosm\u0113tikas produkti tiek ra\u017eoti m\u016bsu pa\u0161u r\u016bpn\u012bc\u0101 Tuusul\u0101. <strong>Baltijas valst\u012bs (Igaunij\u0101, Latvij\u0101, Lietuv\u0101) Puhdas+ produktus p\u0101rst\u0101v un realiz\u0113 NordenBio O\u00dc.<\/strong><\/p>\n<p>Par Puhdas+ produktu izstr\u0101di atbild profesion\u0101li farmaceiti, \u0137\u012bmi\u0137i, uztura speci\u0101listi un labsaj\u016btas eksperti. M\u016bsu produkti vienm\u0113r satur efekt\u012bvas sast\u0101vda\u013cas un kombin\u0101cijas, kas rad\u012btas visaptvero\u0161as vesel\u012bbas un labsaj\u016btas veicin\u0101\u0161anai.<\/p>\n<\/div>\n<div class=\"pp-col-img\">\n<img decoding=\"async\" src=\"https:\/\/puhdasplus.ee\/wp-content\/uploads\/2026\/03\/about-brand-1.png\" alt=\"Puhdas+ produkti\">\n<\/div>\n<\/div>\n<div class=\"pp-row pp-row-reverse\">\n<div class=\"pp-col-text\">\n<h2 style=\"font-size:28px;font-weight:400;text-align:center;margin-bottom:20px;\">Labsaj\u016btas veicin\u0101\u0161ana, respekt\u0113jot vidi<\/h2>\n<p>M\u016bsu m\u0113r\u0137is ir rad\u012bt pievienoto v\u0113rt\u012bbu un veicin\u0101t individu\u0101lo labsaj\u016btu, vienlaikus respekt\u0113jot vidi. M\u016bsu komanda ir velt\u012bjusies videi draudz\u012bg\u0101m un soci\u0101li ilgtsp\u0113j\u012bg\u0101m praks\u0113m un dom\u0101\u0161anas veidam sav\u0101 darb\u0101. M\u0113s nov\u0113rt\u0113jam un respekt\u0113jam cilv\u0113kus un savu vidi.<\/p>\n<p>M\u016bsu izv\u0113le ietver kvalitat\u012bvus uztura bag\u0101tin\u0101t\u0101jus, vesel\u012bbas dz\u0113rienus, kosm\u0113tiku, skaistumkop\u0161anas produktus, \u0113terisk\u0101s e\u013c\u013cas un difuzorus. Visi m\u016bsu uztura bag\u0101tin\u0101t\u0101ji ir bez glut\u0113na, bez laktozes un veg\u0101niski, iz\u0146emot kolag\u0113na, bi\u0161u un zivju e\u013c\u013cas produktus.<\/p>\n<p>M\u016bsu produktu izstr\u0101des m\u0113r\u0137is ir vienm\u0113r nodro\u0161in\u0101t, ka p\u0113c iesp\u0113jas vair\u0101k cilv\u0113ku var g\u016bt labumu no m\u016bsu produktiem.<\/p>\n<p><em>Uztura bag\u0101tin\u0101t\u0101js neaizst\u0101j daudzveid\u012bgu uzturu.<\/em><\/p>\n<\/div>\n<div class=\"pp-col-img\">\n<img decoding=\"async\" src=\"https:\/\/puhdasplus.ee\/wp-content\/uploads\/2026\/03\/about-brand-2-scaled.jpg\" alt=\"Puhdas+ labsaj\u016bta\">\n<\/div>\n<\/div>\n<div class=\"pp-section-title\">\n<h2>M\u016bsu nekompromisa sol\u012bjumi<\/h2>\n<\/div>\n<div class=\"pp-banner\">\n<img decoding=\"async\" src=\"https:\/\/puhdasplus.ee\/wp-content\/uploads\/2026\/03\/about-gummies-banner-scaled.jpg\" alt=\"Puhdas+ gummies produkti\">\n<\/div>\n<div class=\"pp-promises\">\n<h3>Ko redzi, to sa\u0146em.<\/h3>\n<p>M\u0113s j\u016bsu vesel\u012bbu lik\u0101m pirmaj\u0101 viet\u0101 \u2013 vienm\u0113r. M\u016bsu produkti satur tikai t\u012bras, efekt\u012bvas un r\u016bp\u012bgi p\u0101rbaud\u012btas sast\u0101vda\u013cas, kas ir br\u012bvas no kait\u012bgiem toksiniem, sare\u017e\u0123\u012bt\u0101m \u0137\u012bmisk\u0101m viel\u0101m un izplat\u012btiem alerg\u0113niem. Katrs produkts ir rad\u012bts, lai atbalst\u012btu j\u016bsu labsaj\u016btu, ra\u017eots Somij\u0101 p\u0113c augst\u0101kajiem standartiem un neatkar\u012bgi kontrol\u0113ts.<\/p>\n<h3>Neatkar\u012bba ir m\u016bsu kodols<\/h3>\n<p>M\u0113s esam neatkar\u012bgi, p\u0101rredzami un atbild\u012bgi, kas mums dod br\u012bv\u012bbu pie\u0146emt l\u0113mumus, kuri j\u016bsu vesel\u012bbu liek pirmaj\u0101 viet\u0101. M\u0113s koncentr\u0113jamies uz kvalitat\u012bvu labsaj\u016btas produktu rad\u012b\u0161anu \u2013 ne tikai jebk\u0101du produktu. Katrs produkts tiek ra\u017eots Somij\u0101 ekspertu uztura speci\u0101listu un labsaj\u016btas ekspertu komandas vad\u012bb\u0101.<\/p>\n<h3>Mazi deta\u013cas, liela ietekme<\/h3>\n<p>M\u0113s ticam, ka mazas lietas rada visu at\u0161\u0137ir\u012bbu. T\u0101p\u0113c m\u0113s pieliekam papildu p\u016bles \u2013 ieg\u016bstot tikai augst\u0101k\u0101s kvalit\u0101tes superfood produktus, nodro\u0161inot \u0113tisku ra\u017eo\u0161anu un radot r\u016bp\u012bgi izveidotas formulas bez nevajadz\u012bgiem pildviel\u0101m un piedev\u0101m.<\/p>\n<h3>M\u0113s esam \u013coti l\u012bdz\u012bgi jums.<\/h3>\n<p>M\u0113s zin\u0101m, k\u0101 ir l\u012bdzsvarot karjeru, dz\u012bvi un labsaj\u016btu. M\u0113s pa\u0161i esam st\u0101v\u0113ju\u0161i pie t\u0101d\u0101m pa\u0161\u0101m izv\u0113l\u0113m \u2013 starp p\u0113d\u0113jo k\u016bkas gabalu un vesel\u012bg\u0101ku l\u0113mumu. T\u0101p\u0113c m\u0113s rad\u0101m produktus, kas konkr\u0113ti risina vesel\u012bbas vajadz\u012bbas un ilgtermi\u0146a labsaj\u016btu.<\/p>\n<\/div>\n<div class=\"pp-banner\">\n<img decoding=\"async\" src=\"https:\/\/puhdasplus.ee\/wp-content\/uploads\/2026\/03\/about-bottom-banner.jpg\" alt=\"Puhdas+ labsaj\u016btas produkti\">\n<\/div>\n<div class=\"pp-cta\">\n<p class=\"pp-subtitle\">M\u016bsu m\u016bsdien\u012bgi labsaj\u016btas produkti<\/p>\n<h2>Ce\u013c\u0161 uz labsaj\u016btu s\u0101kas ar gudru profilaksi<\/h2>\n<p><a class=\"pp-btn\" href=\"https:\/\/puhdasplus.ee\/lv\/veikals\/\">Apskat\u012bt produktu kl\u0101stu<\/a>\n<\/div>\n","protected":false},"excerpt":{"rendered":"<p>Puhdas+ Liel\u0101k\u0101 da\u013ca no mums nedom\u0101 par labsaj\u016btu un to, ko noz\u012bm\u0113 b\u016bt veselam.L\u012bdz m\u0113s to vairs neesam. Puhdas+ ir Somijas uz\u0146\u0113mums, kas savos produktos p\u0101rst\u0101v god\u012bgumu un vienk\u0101r\u0161\u012bbu. M\u0113s cen\u0161amies veicin\u0101t j\u016bsu vesel\u012bbu un labsaj\u016btu, pied\u0101v\u0101jot produktus bez nevajadz\u012bg\u0101m piedev\u0101m \u2013 tikai b\u016btisk\u0101s sast\u0101vda\u013cas, kas nepiecie\u0161amas j\u016bsu labsaj\u016btai. Tas noz\u012bm\u0113 kvalitat\u012bvas un efekt\u012bvas akt\u012bv\u0101s [&hellip;]<\/p>\n","protected":false},"author":471,"featured_media":0,"parent":0,"menu_order":0,"comment_status":"closed","ping_status":"closed","template":"","meta":{"_acf_changed":false,"googlesitekit_rrm_CAow3eq7DA:productID":"","footnotes":""},"class_list":["post-357767","page","type-page","status-publish","hentry"],"acf":[],"yoast_head":"<!-- This site is optimized with the Yoast SEO plugin v27.6 - https:\/\/yoast.com\/product\/yoast-seo-wordpress\/ -->\n<title>Puhdas+ par mums | Somijas vesel\u012bbas produkti<\/title>\n<meta name=\"description\" content=\"Iepaz\u012bstieties ar Puhdas+ uz\u0146\u0113mumu - Somijas vesel\u012bbas pre\u010du p\u0101rdev\u0113ju, kas pied\u0101v\u0101 kvalitat\u012bvus produktus bez nevajadz\u012bg\u0101m piedev\u0101m j\u016bsu labsaj\u016btai.\" \/>\n<meta name=\"robots\" content=\"index, follow, max-snippet:-1, max-image-preview:large, max-video-preview:-1\" \/>\n<link rel=\"canonical\" href=\"https:\/\/puhdasplus.ee\/lv\/par-mums\/\" \/>\n<meta property=\"og:locale\" content=\"lv_LV\" \/>\n<meta property=\"og:type\" content=\"article\" \/>\n<meta property=\"og:title\" content=\"Puhdas+ par mums | Somijas vesel\u012bbas produkti\" \/>\n<meta property=\"og:description\" content=\"Iepaz\u012bstieties ar Puhdas+ uz\u0146\u0113mumu - Somijas vesel\u012bbas pre\u010du p\u0101rdev\u0113ju, kas pied\u0101v\u0101 kvalitat\u012bvus produktus bez nevajadz\u012bg\u0101m piedev\u0101m j\u016bsu labsaj\u016btai.\" \/>\n<meta property=\"og:url\" content=\"https:\/\/puhdasplus.ee\/lv\/par-mums\/\" \/>\n<meta property=\"og:site_name\" content=\"Puhdas+\" \/>\n<meta property=\"article:publisher\" content=\"https:\/\/www.facebook.com\/puhdasplus\" \/>\n<meta property=\"article:modified_time\" content=\"2026-04-07T08:04:13+00:00\" \/>\n<meta property=\"og:image\" content=\"https:\/\/puhdasplus.ee\/wp-content\/uploads\/2026\/03\/about-brand-1.png\" \/>\n<meta name=\"twitter:card\" content=\"summary_large_image\" \/>\n<script type=\"application\/ld+json\" class=\"yoast-schema-graph\">{\"@context\":\"https:\\\/\\\/schema.org\",\"@graph\":[{\"@type\":\"WebPage\",\"@id\":\"https:\\\/\\\/puhdasplus.ee\\\/lv\\\/par-mums\\\/\",\"url\":\"https:\\\/\\\/puhdasplus.ee\\\/lv\\\/par-mums\\\/\",\"name\":\"Puhdas+ par mums | Somijas vesel\u012bbas produkti\",\"isPartOf\":{\"@id\":\"https:\\\/\\\/puhdasplus.ee\\\/lv\\\/#website\"},\"primaryImageOfPage\":{\"@id\":\"https:\\\/\\\/puhdasplus.ee\\\/lv\\\/par-mums\\\/#primaryimage\"},\"image\":{\"@id\":\"https:\\\/\\\/puhdasplus.ee\\\/lv\\\/par-mums\\\/#primaryimage\"},\"thumbnailUrl\":\"https:\\\/\\\/puhdasplus.ee\\\/wp-content\\\/uploads\\\/2026\\\/03\\\/about-brand-1.png\",\"datePublished\":\"2026-03-18T10:35:54+00:00\",\"dateModified\":\"2026-04-07T08:04:13+00:00\",\"description\":\"Iepaz\u012bstieties ar Puhdas+ uz\u0146\u0113mumu - Somijas vesel\u012bbas pre\u010du p\u0101rdev\u0113ju, kas pied\u0101v\u0101 kvalitat\u012bvus produktus bez nevajadz\u012bg\u0101m piedev\u0101m j\u016bsu labsaj\u016btai.\",\"breadcrumb\":{\"@id\":\"https:\\\/\\\/puhdasplus.ee\\\/lv\\\/par-mums\\\/#breadcrumb\"},\"inLanguage\":\"lv-LV\",\"potentialAction\":[{\"@type\":\"ReadAction\",\"target\":[\"https:\\\/\\\/puhdasplus.ee\\\/lv\\\/par-mums\\\/\"]}]},{\"@type\":\"ImageObject\",\"inLanguage\":\"lv-LV\",\"@id\":\"https:\\\/\\\/puhdasplus.ee\\\/lv\\\/par-mums\\\/#primaryimage\",\"url\":\"https:\\\/\\\/puhdasplus.ee\\\/wp-content\\\/uploads\\\/2026\\\/03\\\/about-brand-1.png\",\"contentUrl\":\"https:\\\/\\\/puhdasplus.ee\\\/wp-content\\\/uploads\\\/2026\\\/03\\\/about-brand-1.png\"},{\"@type\":\"BreadcrumbList\",\"@id\":\"https:\\\/\\\/puhdasplus.ee\\\/lv\\\/par-mums\\\/#breadcrumb\",\"itemListElement\":[{\"@type\":\"ListItem\",\"position\":1,\"name\":\"S\u0101kums\",\"item\":\"https:\\\/\\\/puhdasplus.ee\\\/lv\\\/\"},{\"@type\":\"ListItem\",\"position\":2,\"name\":\"Par mums\"}]},{\"@type\":\"WebSite\",\"@id\":\"https:\\\/\\\/puhdasplus.ee\\\/lv\\\/#website\",\"url\":\"https:\\\/\\\/puhdasplus.ee\\\/lv\\\/\",\"name\":\"Puhdas+\",\"description\":\"Vitam\u012bni, uztura bag\u0101tin\u0101t\u0101ji, dab\u012bg\u0101 kosm\u0113tika, vesel\u012bba, sports\",\"publisher\":{\"@id\":\"https:\\\/\\\/puhdasplus.ee\\\/lv\\\/#organization\"},\"potentialAction\":[{\"@type\":\"SearchAction\",\"target\":{\"@type\":\"EntryPoint\",\"urlTemplate\":\"https:\\\/\\\/puhdasplus.ee\\\/lv\\\/?s={search_term_string}\"},\"query-input\":{\"@type\":\"PropertyValueSpecification\",\"valueRequired\":true,\"valueName\":\"search_term_string\"}}],\"inLanguage\":\"lv-LV\"},{\"@type\":\"Organization\",\"@id\":\"https:\\\/\\\/puhdasplus.ee\\\/lv\\\/#organization\",\"name\":\"Puhdas+\",\"alternateName\":\"Puhdasplus\",\"url\":\"https:\\\/\\\/puhdasplus.ee\\\/lv\\\/\",\"logo\":{\"@type\":\"ImageObject\",\"inLanguage\":\"lv-LV\",\"@id\":\"https:\\\/\\\/puhdasplus.ee\\\/lv\\\/#\\\/schema\\\/logo\\\/image\\\/\",\"url\":\"https:\\\/\\\/puhdasplus.ee\\\/wp-content\\\/uploads\\\/2019\\\/10\\\/puhdas_logo-arvele.png\",\"contentUrl\":\"https:\\\/\\\/puhdasplus.ee\\\/wp-content\\\/uploads\\\/2019\\\/10\\\/puhdas_logo-arvele.png\",\"width\":114,\"height\":94,\"caption\":\"Puhdas+\"},\"image\":{\"@id\":\"https:\\\/\\\/puhdasplus.ee\\\/lv\\\/#\\\/schema\\\/logo\\\/image\\\/\"},\"sameAs\":[\"https:\\\/\\\/www.facebook.com\\\/puhdasplus\",\"https:\\\/\\\/www.instagram.com\\\/puhdasplus_ee\\\/\"]}]}<\/script>\n<!-- \/ Yoast SEO plugin. -->","yoast_head_json":{"title":"Puhdas+ par mums | Somijas vesel\u012bbas produkti","description":"Iepaz\u012bstieties ar Puhdas+ uz\u0146\u0113mumu - Somijas vesel\u012bbas pre\u010du p\u0101rdev\u0113ju, kas pied\u0101v\u0101 kvalitat\u012bvus produktus bez nevajadz\u012bg\u0101m piedev\u0101m j\u016bsu labsaj\u016btai.","robots":{"index":"index","follow":"follow","max-snippet":"max-snippet:-1","max-image-preview":"max-image-preview:large","max-video-preview":"max-video-preview:-1"},"canonical":"https:\/\/puhdasplus.ee\/lv\/par-mums\/","og_locale":"lv_LV","og_type":"article","og_title":"Puhdas+ par mums | Somijas vesel\u012bbas produkti","og_description":"Iepaz\u012bstieties ar Puhdas+ uz\u0146\u0113mumu - Somijas vesel\u012bbas pre\u010du p\u0101rdev\u0113ju, kas pied\u0101v\u0101 kvalitat\u012bvus produktus bez nevajadz\u012bg\u0101m piedev\u0101m j\u016bsu labsaj\u016btai.","og_url":"https:\/\/puhdasplus.ee\/lv\/par-mums\/","og_site_name":"Puhdas+","article_publisher":"https:\/\/www.facebook.com\/puhdasplus","article_modified_time":"2026-04-07T08:04:13+00:00","og_image":[{"url":"https:\/\/puhdasplus.ee\/wp-content\/uploads\/2026\/03\/about-brand-1.png","type":"","width":"","height":""}],"twitter_card":"summary_large_image","schema":{"@context":"https:\/\/schema.org","@graph":[{"@type":"WebPage","@id":"https:\/\/puhdasplus.ee\/lv\/par-mums\/","url":"https:\/\/puhdasplus.ee\/lv\/par-mums\/","name":"Puhdas+ par mums | Somijas vesel\u012bbas produkti","isPartOf":{"@id":"https:\/\/puhdasplus.ee\/lv\/#website"},"primaryImageOfPage":{"@id":"https:\/\/puhdasplus.ee\/lv\/par-mums\/#primaryimage"},"image":{"@id":"https:\/\/puhdasplus.ee\/lv\/par-mums\/#primaryimage"},"thumbnailUrl":"https:\/\/puhdasplus.ee\/wp-content\/uploads\/2026\/03\/about-brand-1.png","datePublished":"2026-03-18T10:35:54+00:00","dateModified":"2026-04-07T08:04:13+00:00","description":"Iepaz\u012bstieties ar Puhdas+ uz\u0146\u0113mumu - Somijas vesel\u012bbas pre\u010du p\u0101rdev\u0113ju, kas pied\u0101v\u0101 kvalitat\u012bvus produktus bez nevajadz\u012bg\u0101m piedev\u0101m j\u016bsu labsaj\u016btai.","breadcrumb":{"@id":"https:\/\/puhdasplus.ee\/lv\/par-mums\/#breadcrumb"},"inLanguage":"lv-LV","potentialAction":[{"@type":"ReadAction","target":["https:\/\/puhdasplus.ee\/lv\/par-mums\/"]}]},{"@type":"ImageObject","inLanguage":"lv-LV","@id":"https:\/\/puhdasplus.ee\/lv\/par-mums\/#primaryimage","url":"https:\/\/puhdasplus.ee\/wp-content\/uploads\/2026\/03\/about-brand-1.png","contentUrl":"https:\/\/puhdasplus.ee\/wp-content\/uploads\/2026\/03\/about-brand-1.png"},{"@type":"BreadcrumbList","@id":"https:\/\/puhdasplus.ee\/lv\/par-mums\/#breadcrumb","itemListElement":[{"@type":"ListItem","position":1,"name":"S\u0101kums","item":"https:\/\/puhdasplus.ee\/lv\/"},{"@type":"ListItem","position":2,"name":"Par mums"}]},{"@type":"WebSite","@id":"https:\/\/puhdasplus.ee\/lv\/#website","url":"https:\/\/puhdasplus.ee\/lv\/","name":"Puhdas+","description":"Vitam\u012bni, uztura bag\u0101tin\u0101t\u0101ji, dab\u012bg\u0101 kosm\u0113tika, vesel\u012bba, sports","publisher":{"@id":"https:\/\/puhdasplus.ee\/lv\/#organization"},"potentialAction":[{"@type":"SearchAction","target":{"@type":"EntryPoint","urlTemplate":"https:\/\/puhdasplus.ee\/lv\/?s={search_term_string}"},"query-input":{"@type":"PropertyValueSpecification","valueRequired":true,"valueName":"search_term_string"}}],"inLanguage":"lv-LV"},{"@type":"Organization","@id":"https:\/\/puhdasplus.ee\/lv\/#organization","name":"Puhdas+","alternateName":"Puhdasplus","url":"https:\/\/puhdasplus.ee\/lv\/","logo":{"@type":"ImageObject","inLanguage":"lv-LV","@id":"https:\/\/puhdasplus.ee\/lv\/#\/schema\/logo\/image\/","url":"https:\/\/puhdasplus.ee\/wp-content\/uploads\/2019\/10\/puhdas_logo-arvele.png","contentUrl":"https:\/\/puhdasplus.ee\/wp-content\/uploads\/2019\/10\/puhdas_logo-arvele.png","width":114,"height":94,"caption":"Puhdas+"},"image":{"@id":"https:\/\/puhdasplus.ee\/lv\/#\/schema\/logo\/image\/"},"sameAs":["https:\/\/www.facebook.com\/puhdasplus","https:\/\/www.instagram.com\/puhdasplus_ee\/"]}]}},"_yoast_wpseo_title":"Puhdas+ par mums | Somijas vesel\u012bbas produkti","_yoast_wpseo_metadesc":"Iepaz\u012bstieties ar Puhdas+ uz\u0146\u0113mumu - Somijas vesel\u012bbas pre\u010du p\u0101rdev\u0113ju, kas pied\u0101v\u0101 kvalitat\u012bvus produktus bez nevajadz\u012bg\u0101m piedev\u0101m j\u016bsu labsaj\u016btai.","_yoast_wpseo_focuskw":"Puhdas par mums","_links":{"self":[{"href":"https:\/\/puhdasplus.ee\/lv\/wp-json\/wp\/v2\/pages\/357767","targetHints":{"allow":["GET"]}}],"collection":[{"href":"https:\/\/puhdasplus.ee\/lv\/wp-json\/wp\/v2\/pages"}],"about":[{"href":"https:\/\/puhdasplus.ee\/lv\/wp-json\/wp\/v2\/types\/page"}],"author":[{"embeddable":true,"href":"https:\/\/puhdasplus.ee\/lv\/wp-json\/wp\/v2\/users\/471"}],"replies":[{"embeddable":true,"href":"https:\/\/puhdasplus.ee\/lv\/wp-json\/wp\/v2\/comments?post=357767"}],"version-history":[{"count":2,"href":"https:\/\/puhdasplus.ee\/lv\/wp-json\/wp\/v2\/pages\/357767\/revisions"}],"predecessor-version":[{"id":360360,"href":"https:\/\/puhdasplus.ee\/lv\/wp-json\/wp\/v2\/pages\/357767\/revisions\/360360"}],"wp:attachment":[{"href":"https:\/\/puhdasplus.ee\/lv\/wp-json\/wp\/v2\/media?parent=357767"}],"curies":[{"name":"wp","href":"https:\/\/api.w.org\/{rel}","templated":true}]}}