{"id":31972,"date":"2025-08-14T09:02:17","date_gmt":"2025-08-14T06:02:17","guid":{"rendered":"https:\/\/puhdasplus.ee\/partnerprogrammas-noteikumi-un-nosacijumi\/"},"modified":"2025-08-14T09:02:17","modified_gmt":"2025-08-14T06:02:17","slug":"partnerprogrammas-noteikumi-un-nosacijumi","status":"publish","type":"page","link":"https:\/\/puhdasplus.ee\/lv\/partnerprogrammas-noteikumi-un-nosacijumi\/","title":{"rendered":"Partnerprogrammas noteikumi un nosac\u012bjumi"},"content":{"rendered":"<h2 data-start=\"576\" data-end=\"617\">Laipni l\u016bdzam m\u016bsu partneru programm\u0101!<\/h2>\n<p data-start=\"618\" data-end=\"974\">Priec\u0101jamies, ka apsverat iesp\u0113ju pievienoties <strong data-start=\"656\" data-end=\"672\">NordenBio O\u00dc<\/strong> sadarb\u012bbas programmai. T\u0101 ir lieliska iesp\u0113ja nopeln\u012bt papildu ien\u0101kumus, daloties ar augstas kvalit\u0101tes Puhdas+ produktiem savos kan\u0101los un pal\u012bdzot mums sasniegt jaunus klientus.<br data-start=\"833\" data-end=\"836\"> J\u016bs sa\u0146emat saska\u0146otu procentu\u0101lo da\u013cu no katra apstiprin\u0101t\u0101 p\u0101rdo\u0161anas dar\u012bjuma, un m\u0113s r\u016bp\u0113jamies par uzticamu sadarb\u012bbu un savlaic\u012bgu izmaksu. <\/p>\n<hr data-start=\"976\" data-end=\"979\">\n<h3 data-start=\"981\" data-end=\"998\">1. Visp\u0101r\u012bgie noteikumi<\/h3>\n<p data-start=\"999\" data-end=\"1419\">1.1. \u0160ie noteikumi un nosac\u012bjumi (\u201cNoteikumi\u201d) regul\u0113 <strong data-start=\"1054\" data-end=\"1070\">NordenBio O\u00dc<\/strong> (\u201cUz\u0146\u0113mums\u201d) saist\u012bto programmu (\u201cProgramma\u201d) izmanto\u0161anu un dal\u012bbu taj\u0101.<br data-start=\"1148\" data-end=\"1151\"> 1.2. Pievienojoties Programmai, j\u016bs (\u201cJ\u016bs\u201d) apstiprin\u0101t, ka esat izlas\u012bjis Noteikumus un nosac\u012bjumus un piekr\u012btat tos iev\u0113rot, k\u0101 ar\u012b iev\u0113rot Igaunijas Republikas un Eiropas Savien\u012bbas likumus.<br data-start=\"1308\" data-end=\"1311\"> 1.3. Uz\u0146\u0113mumam ir ties\u012bbas jebkur\u0101 laik\u0101 atjaunin\u0101t vai main\u012bt Noteikumus, par to pazi\u0146ojot sapr\u0101t\u012bgu laiku.  <\/p>\n<hr data-start=\"1421\" data-end=\"1424\">\n<h3 data-start=\"1426\" data-end=\"1454\">2. Dal\u012bbas nosac\u012bjumi<\/h3>\n<p data-start=\"1455\" data-end=\"1867\">2.1. Programm\u0101 var piedal\u012bties gan juridiskas personas, gan fiziskas personas, kas dz\u012bvo Igaunij\u0101 vai \u0101rvalst\u012bs, ja vien to neaizliedz viet\u0113jie likumi.<br data-start=\"1605\" data-end=\"1608\"> 2.2. Lai piedal\u012btos, jums j\u0101b\u016bt vismaz 18 gadus vecam.<br data-start=\"1656\" data-end=\"1659\"> 2.3. Uz\u0146\u0113mumam ir ties\u012bbas p\u0113c saviem ieskatiem atteikt sadarb\u012bbu vai p\u0101rtraukt dal\u012bbu programm\u0101.<br data-start=\"1749\" data-end=\"1752\"> 2.4. <strong data-start=\"1757\" data-end=\"1780\">Uz\u0146\u0113mumiem un pa\u0161nodarbin\u0101t\u0101m person\u0101m<\/strong> ir j\u0101sp\u0113j izrakst\u012bt uz\u0146\u0113mumam r\u0113\u0137inu par pakalpojumu (partneru starpniec\u012bba).  <\/p>\n<hr data-start=\"1869\" data-end=\"1872\">\n<h3 data-start=\"1874\" data-end=\"1903\">3. Maksas un nodok\u013ci<\/h3>\n<p data-start=\"1904\" data-end=\"2183\">3.1. Partneris par katru apstiprin\u0101to un apmaks\u0101to p\u0101rdo\u0161anas dar\u012bjumu sa\u0146em saska\u0146otu procentu\u0101lo da\u013cu, kas ir redzama partnera inform\u0101cijas panel\u012b vai nor\u0101d\u012bta atsevi\u0161\u0137\u0101 l\u012bgum\u0101.<br data-start=\"2056\" data-end=\"2059\"> 3.2. Komisijas maksa tiek apr\u0113\u0137in\u0101ta <strong data-start=\"2090\" data-end=\"2105\">no neto p\u0101rdo\u0161anas apjoma<\/strong> (iz\u0146emot PVN, pieg\u0101des un atgrie\u0161anas izmaksas).<br data-start=\"2153\" data-end=\"2156\"> 3.3. Nodok\u013ci Igaunij\u0101:  <\/p>\n<ul data-start=\"2184\" data-end=\"2891\">\n<li data-start=\"2184\" data-end=\"2304\">\n<p data-start=\"2186\" data-end=\"2304\"><strong data-start=\"2186\" data-end=\"2200\">Priv\u0101tpersonas:<\/strong> NordenBio O\u00dc ietur un maks\u0101 ien\u0101kuma nodokli (20%) un soci\u0101lo nodokli (33%) Igaunijas Nodok\u013cu un muitas p\u0101rvaldei.<\/p>\n<\/li>\n<li data-start=\"2305\" data-end=\"2444\">\n<p data-start=\"2307\" data-end=\"2444\"><strong data-start=\"2307\" data-end=\"2340\">Pa\u0161nodarbin\u0101tas personas un juridiskas personas:<\/strong> maks\u0101jums tiks veikts piln\u0101 apm\u0113r\u0101; j\u016bsu pien\u0101kums ir deklar\u0113t un samaks\u0101t nodok\u013cus. <br data-start=\"2424\" data-end=\"2427\"> 3.4. PVN: <\/p>\n<\/li>\n<li data-start=\"2445\" data-end=\"2577\">\n<p data-start=\"2447\" data-end=\"2577\">Ja esat PVN maks\u0101t\u0101js Igaunij\u0101, Jums j\u0101nor\u0101da der\u012bgs PVN numurs. PVN tiks pievienots komisijas maksai saska\u0146\u0101 ar likumu. <\/p>\n<\/li>\n<li data-start=\"2578\" data-end=\"2891\">\n<p data-start=\"2580\" data-end=\"2891\">Ja neesat PVN maks\u0101t\u0101js, maks\u0101jums tiks veikts bez PVN. <br data-start=\"2655\" data-end=\"2658\"> 3.5. Izmaksa tiks veikta ar bankas p\u0101rskait\u012bjumu vai citu saska\u0146otu kan\u0101lu, kad b\u016bs sasniegts minim\u0101lais izmaksas slieksnis. <br data-start=\"2777\" data-end=\"2780\"> 3.6. Uz\u0146\u0113mumam ir ties\u012bbas atlikt izmaksu, ja ir pamats aizdom\u0101m par kr\u0101p\u0161anu vai Noteikumu p\u0101rk\u0101pumu.  <\/p>\n<\/li>\n<\/ul>\n<hr data-start=\"2893\" data-end=\"2896\">\n<h3 data-start=\"2898\" data-end=\"2917\">4. Satura pras\u012bbas<\/h3>\n<p data-start=\"2918\" data-end=\"3378\">4.1. Vis\u0101m ar programmu saist\u012btaj\u0101m rekl\u0101m\u0101m un saturam j\u0101atbilst <strong data-start=\"2980\" data-end=\"3002\">Igaunijas Vesel\u012bbas p\u0101rvaldes<\/strong> un <strong data-start=\"3006\" data-end=\"3020\">P\u0101rtikas p\u0101rvaldes<\/strong> pras\u012bb\u0101m.<br data-start=\"3030\" data-end=\"3033\"> 4.2. Vesel\u012bguma nor\u0101des dr\u012bkst izmantot tikai tad, ja t\u0101s ir apstiprin\u0101jusi <strong data-start=\"3101\" data-end=\"3109\">EFSA<\/strong> vai iek\u013cautas <strong data-start=\"3141\" data-end=\"3168\">ES Regul\u0101 Nr.&nbsp;432\/2012<\/strong> .<br data-start=\"3169\" data-end=\"3172\"> 4.3. Rekl\u0101mai j\u0101b\u016bt patiesai, t\u0101 nedr\u012bkst b\u016bt maldino\u0161a, un tai j\u0101atbilst <strong data-start=\"3227\" data-end=\"3248\">Rekl\u0101mas likumam<\/strong> .<br data-start=\"3249\" data-end=\"3252\"> 4.4. Partneris ir piln\u012bb\u0101 atbild\u012bgs par to, lai viss izveidotais saturs b\u016btu likum\u012bgs un atbilstu t\u0101s valsts pras\u012bb\u0101m, kur\u0101 tas tiek public\u0113ts.   <\/p>\n<hr data-start=\"3380\" data-end=\"3383\">\n<h3 data-start=\"3385\" data-end=\"3420\">5. Reput\u0101cija un aizliegt\u0101s darb\u012bbas<\/h3>\n<p data-start=\"3421\" data-end=\"3472\">5.1. Partneruz\u0146\u0113mums nedr\u012bkst veidot vai kop\u012bgot saturu, kas:<\/p>\n<ul data-start=\"3473\" data-end=\"3792\">\n<li data-start=\"3473\" data-end=\"3554\">\n<p data-start=\"3475\" data-end=\"3554\">boj\u0101 vai var saboj\u0101t <strong data-start=\"3505\" data-end=\"3521\">NordenBio O\u00dc<\/strong> vai <strong data-start=\"3526\" data-end=\"3537\">Puhdas+<\/strong> z\u012bmola reput\u0101ciju;<\/p>\n<\/li>\n<li data-start=\"3555\" data-end=\"3624\">\n<p data-start=\"3557\" data-end=\"3624\">satur aizskaro\u0161u, diskrimin\u0113jo\u0161u vai nelikum\u012bgu materi\u0101lu;<\/p>\n<\/li>\n<li data-start=\"3625\" data-end=\"3792\">\n<p data-start=\"3627\" data-end=\"3792\">maldino\u0161\u0101 veid\u0101 pied\u0101v\u0101 produktus, cenas vai pied\u0101v\u0101jumus. <br data-start=\"3679\" data-end=\"3682\"> 5.2. Uz\u0146\u0113mumam ir ties\u012bbas nekav\u0113joties p\u0101rtraukt sadarb\u012bbu, ja saturs kait\u0113 uz\u0146\u0113muma reput\u0101cijai vai z\u012bmolam. <\/p>\n<\/li>\n<\/ul>\n<hr data-start=\"3794\" data-end=\"3797\">\n<h3>6. Atbild\u012bba un atbild\u012bbas ierobe\u017eojums<\/h3>\n<p data-start=\"3839\" data-end=\"4088\">6.1. Uz\u0146\u0113mums nav atbild\u012bgs par saist\u012bto uz\u0146\u0113mumu \u0123ener\u0113tu saturu.<br data-start=\"3893\" data-end=\"3896\"> 6.2. Partneris ir piln\u012bb\u0101 atbild\u012bgs par sava satura precizit\u0101ti, likum\u012bbu un atbilst\u012bbu pras\u012bb\u0101m.<br data-start=\"3986\" data-end=\"3989\"> 6.3. Uz\u0146\u0113mums nav atbild\u012bgs par jebk\u0101diem zaud\u0113jumiem, boj\u0101jumiem vai pras\u012bb\u0101m, kas izriet no saist\u012bt\u0101 uz\u0146\u0113muma darb\u012bb\u0101m.  <\/p>\n<hr data-start=\"4090\" data-end=\"4093\">\n<h3 data-start=\"4095\" data-end=\"4127\">7. L\u012bguma izbeig\u0161ana un p\u0101rk\u0101pumi<\/h3>\n<p data-start=\"4128\" data-end=\"4404\">7.1. Ab\u0101m pus\u0113m ir ties\u012bbas jebkur\u0101 laik\u0101 p\u0101rtraukt sadarb\u012bbu, iesniedzot rakstisku pazi\u0146ojumu.<br data-start=\"4214\" data-end=\"4217\"> 7.2. P\u0113c l\u012bguma izbeig\u0161anas nopeln\u012bt\u0101s komisijas tiks izmaks\u0101tas n\u0101kamaj\u0101 izmaksas cikl\u0101, ja vien nav p\u0101rk\u0101pti Noteikumi.<br data-start=\"4346\" data-end=\"4349\"> 7.3. Noteikumu un nosac\u012bjumu p\u0101rk\u0101puma gad\u012bjum\u0101 Sabiedr\u012bbai ir ties\u012bbas:  <\/p>\n<ul data-start=\"4405\" data-end=\"4585\">\n<li data-start=\"4405\" data-end=\"4471\">\n<p data-start=\"4407\" data-end=\"4471\">piepras\u012bt no fili\u0101les kompens\u0101ciju par zaud\u0113jumiem, kas radu\u0161ies p\u0101rk\u0101puma rezult\u0101t\u0101;<\/p>\n<\/li>\n<li data-start=\"4472\" data-end=\"4519\">\n<p data-start=\"4474\" data-end=\"4519\">nekav\u0113joties aptur\u0113t vai izbeigt sadarb\u012bbu;<\/p>\n<\/li>\n<li data-start=\"4520\" data-end=\"4585\">\n<p data-start=\"4522\" data-end=\"4585\">atteikties maks\u0101t komisijas maksu par p\u0101rk\u0101puma periodu.<\/p>\n<\/li>\n<\/ul>\n<hr data-start=\"4587\" data-end=\"4590\">\n<h3 data-start=\"4592\" data-end=\"4616\">8. Piem\u0113rojamie ties\u012bbu akti<\/h3>\n<p data-start=\"4617\" data-end=\"4780\">8.1. Noteikumi un nosac\u012bjumi tiek piem\u0113roti un interpret\u0113ti saska\u0146\u0101 ar Igaunijas Republikas likumiem.<br data-start=\"4699\" data-end=\"4702\"> 8.2. Str\u012bdus izskata Harju apgabalties\u0101, ja vien likum\u0101 nav noteikts cit\u0101di. <\/p>\n<hr data-start=\"4782\" data-end=\"4785\">\n<p data-start=\"4787\" data-end=\"4903\"><strong data-start=\"4787\" data-end=\"4903\">Pievienojoties apstiprin\u0101jumam, j\u016bs apstiprin\u0101t, ka esat izlas\u012bjis \u0161os noteikumus un nosac\u012bjumus un piekr\u012btat tos iev\u0113rot.<\/strong><\/p>\n","protected":false},"excerpt":{"rendered":"<p>Laipni l\u016bdzam m\u016bsu partneru programm\u0101! Priec\u0101jamies, ka apsverat iesp\u0113ju pievienoties NordenBio O\u00dc sadarb\u012bbas programmai. T\u0101 ir lieliska iesp\u0113ja nopeln\u012bt papildu ien\u0101kumus, daloties ar augstas kvalit\u0101tes Puhdas+ produktiem savos kan\u0101los un pal\u012bdzot mums sasniegt jaunus klientus. J\u016bs sa\u0146emat saska\u0146otu procentu\u0101lo da\u013cu no katra apstiprin\u0101t\u0101 p\u0101rdo\u0161anas dar\u012bjuma, un m\u0113s r\u016bp\u0113jamies par uzticamu sadarb\u012bbu un savlaic\u012bgu izmaksu. 1. [&hellip;]<\/p>\n","protected":false},"author":471,"featured_media":0,"parent":0,"menu_order":0,"comment_status":"closed","ping_status":"closed","template":"","meta":{"_acf_changed":false,"googlesitekit_rrm_CAow3eq7DA:productID":"","footnotes":""},"class_list":["post-31972","page","type-page","status-publish","hentry"],"acf":[],"yoast_head":"<!-- This site is optimized with the Yoast SEO plugin v27.5 - https:\/\/yoast.com\/product\/yoast-seo-wordpress\/ -->\n<title>Partnerprogramma | Pelni ar Puhdas+ produktiem<\/title>\n<meta name=\"description\" content=\"Pievienojieties Puhdas+ partnerprogrammai un pelniet komisijas, reklam\u0113jot kvalitat\u012bvas vesel\u012bbas piedevas. S\u0101ciet nopeln\u012bt jau \u0161odien!\" \/>\n<meta name=\"robots\" content=\"index, follow, max-snippet:-1, max-image-preview:large, max-video-preview:-1\" \/>\n<link rel=\"canonical\" href=\"https:\/\/puhdasplus.ee\/lv\/partnerprogrammas-noteikumi-un-nosacijumi\/\" \/>\n<meta property=\"og:locale\" content=\"lv_LV\" \/>\n<meta property=\"og:type\" content=\"article\" \/>\n<meta property=\"og:title\" content=\"Partnerprogramma | Pelni ar Puhdas+ produktiem\" \/>\n<meta property=\"og:description\" content=\"Pievienojieties Puhdas+ partnerprogrammai un pelniet komisijas, reklam\u0113jot kvalitat\u012bvas vesel\u012bbas piedevas. S\u0101ciet nopeln\u012bt jau \u0161odien!\" \/>\n<meta property=\"og:url\" content=\"https:\/\/puhdasplus.ee\/lv\/partnerprogrammas-noteikumi-un-nosacijumi\/\" \/>\n<meta property=\"og:site_name\" content=\"Puhdas+\" \/>\n<meta property=\"article:publisher\" content=\"https:\/\/www.facebook.com\/puhdasplus\" \/>\n<meta property=\"og:image\" content=\"https:\/\/puhdasplus.ee\/wp-content\/uploads\/2025\/08\/Untitled-design-6.png\" \/>\n\t<meta property=\"og:image:width\" content=\"1913\" \/>\n\t<meta property=\"og:image:height\" content=\"875\" \/>\n\t<meta property=\"og:image:type\" content=\"image\/png\" \/>\n<meta name=\"twitter:card\" content=\"summary_large_image\" \/>\n<meta name=\"twitter:label1\" content=\"Est. reading time\" \/>\n\t<meta name=\"twitter:data1\" content=\"4 min\u016btes\" \/>\n<script type=\"application\/ld+json\" class=\"yoast-schema-graph\">{\"@context\":\"https:\\\/\\\/schema.org\",\"@graph\":[{\"@type\":\"WebPage\",\"@id\":\"https:\\\/\\\/puhdasplus.ee\\\/lv\\\/partnerprogrammas-noteikumi-un-nosacijumi\\\/\",\"url\":\"https:\\\/\\\/puhdasplus.ee\\\/lv\\\/partnerprogrammas-noteikumi-un-nosacijumi\\\/\",\"name\":\"Partnerprogramma | Pelni ar Puhdas+ produktiem\",\"isPartOf\":{\"@id\":\"https:\\\/\\\/puhdasplus.ee\\\/lv\\\/#website\"},\"datePublished\":\"2025-08-14T06:02:17+00:00\",\"description\":\"Pievienojieties Puhdas+ partnerprogrammai un pelniet komisijas, reklam\u0113jot kvalitat\u012bvas vesel\u012bbas piedevas. S\u0101ciet nopeln\u012bt jau \u0161odien!\",\"breadcrumb\":{\"@id\":\"https:\\\/\\\/puhdasplus.ee\\\/lv\\\/partnerprogrammas-noteikumi-un-nosacijumi\\\/#breadcrumb\"},\"inLanguage\":\"lv-LV\",\"potentialAction\":[{\"@type\":\"ReadAction\",\"target\":[\"https:\\\/\\\/puhdasplus.ee\\\/lv\\\/partnerprogrammas-noteikumi-un-nosacijumi\\\/\"]}]},{\"@type\":\"BreadcrumbList\",\"@id\":\"https:\\\/\\\/puhdasplus.ee\\\/lv\\\/partnerprogrammas-noteikumi-un-nosacijumi\\\/#breadcrumb\",\"itemListElement\":[{\"@type\":\"ListItem\",\"position\":1,\"name\":\"S\u0101kums\",\"item\":\"https:\\\/\\\/puhdasplus.ee\\\/lv\\\/\"},{\"@type\":\"ListItem\",\"position\":2,\"name\":\"Partnerprogrammas noteikumi un nosac\u012bjumi\"}]},{\"@type\":\"WebSite\",\"@id\":\"https:\\\/\\\/puhdasplus.ee\\\/lv\\\/#website\",\"url\":\"https:\\\/\\\/puhdasplus.ee\\\/lv\\\/\",\"name\":\"Puhdas+\",\"description\":\"Vitam\u012bni, uztura bag\u0101tin\u0101t\u0101ji, dab\u012bg\u0101 kosm\u0113tika, vesel\u012bba, sports\",\"publisher\":{\"@id\":\"https:\\\/\\\/puhdasplus.ee\\\/lv\\\/#organization\"},\"potentialAction\":[{\"@type\":\"SearchAction\",\"target\":{\"@type\":\"EntryPoint\",\"urlTemplate\":\"https:\\\/\\\/puhdasplus.ee\\\/lv\\\/?s={search_term_string}\"},\"query-input\":{\"@type\":\"PropertyValueSpecification\",\"valueRequired\":true,\"valueName\":\"search_term_string\"}}],\"inLanguage\":\"lv-LV\"},{\"@type\":\"Organization\",\"@id\":\"https:\\\/\\\/puhdasplus.ee\\\/lv\\\/#organization\",\"name\":\"Puhdas+\",\"alternateName\":\"Puhdasplus\",\"url\":\"https:\\\/\\\/puhdasplus.ee\\\/lv\\\/\",\"logo\":{\"@type\":\"ImageObject\",\"inLanguage\":\"lv-LV\",\"@id\":\"https:\\\/\\\/puhdasplus.ee\\\/lv\\\/#\\\/schema\\\/logo\\\/image\\\/\",\"url\":\"https:\\\/\\\/puhdasplus.ee\\\/wp-content\\\/uploads\\\/2019\\\/10\\\/puhdas_logo-arvele.png\",\"contentUrl\":\"https:\\\/\\\/puhdasplus.ee\\\/wp-content\\\/uploads\\\/2019\\\/10\\\/puhdas_logo-arvele.png\",\"width\":114,\"height\":94,\"caption\":\"Puhdas+\"},\"image\":{\"@id\":\"https:\\\/\\\/puhdasplus.ee\\\/lv\\\/#\\\/schema\\\/logo\\\/image\\\/\"},\"sameAs\":[\"https:\\\/\\\/www.facebook.com\\\/puhdasplus\",\"https:\\\/\\\/www.instagram.com\\\/puhdasplus_ee\\\/\"]}]}<\/script>\n<!-- \/ Yoast SEO plugin. -->","yoast_head_json":{"title":"Partnerprogramma | Pelni ar Puhdas+ produktiem","description":"Pievienojieties Puhdas+ partnerprogrammai un pelniet komisijas, reklam\u0113jot kvalitat\u012bvas vesel\u012bbas piedevas. S\u0101ciet nopeln\u012bt jau \u0161odien!","robots":{"index":"index","follow":"follow","max-snippet":"max-snippet:-1","max-image-preview":"max-image-preview:large","max-video-preview":"max-video-preview:-1"},"canonical":"https:\/\/puhdasplus.ee\/lv\/partnerprogrammas-noteikumi-un-nosacijumi\/","og_locale":"lv_LV","og_type":"article","og_title":"Partnerprogramma | Pelni ar Puhdas+ produktiem","og_description":"Pievienojieties Puhdas+ partnerprogrammai un pelniet komisijas, reklam\u0113jot kvalitat\u012bvas vesel\u012bbas piedevas. S\u0101ciet nopeln\u012bt jau \u0161odien!","og_url":"https:\/\/puhdasplus.ee\/lv\/partnerprogrammas-noteikumi-un-nosacijumi\/","og_site_name":"Puhdas+","article_publisher":"https:\/\/www.facebook.com\/puhdasplus","og_image":[{"width":1913,"height":875,"url":"https:\/\/puhdasplus.ee\/wp-content\/uploads\/2025\/08\/Untitled-design-6.png","type":"image\/png"}],"twitter_card":"summary_large_image","twitter_misc":{"Est. reading time":"4 min\u016btes"},"schema":{"@context":"https:\/\/schema.org","@graph":[{"@type":"WebPage","@id":"https:\/\/puhdasplus.ee\/lv\/partnerprogrammas-noteikumi-un-nosacijumi\/","url":"https:\/\/puhdasplus.ee\/lv\/partnerprogrammas-noteikumi-un-nosacijumi\/","name":"Partnerprogramma | Pelni ar Puhdas+ produktiem","isPartOf":{"@id":"https:\/\/puhdasplus.ee\/lv\/#website"},"datePublished":"2025-08-14T06:02:17+00:00","description":"Pievienojieties Puhdas+ partnerprogrammai un pelniet komisijas, reklam\u0113jot kvalitat\u012bvas vesel\u012bbas piedevas. S\u0101ciet nopeln\u012bt jau \u0161odien!","breadcrumb":{"@id":"https:\/\/puhdasplus.ee\/lv\/partnerprogrammas-noteikumi-un-nosacijumi\/#breadcrumb"},"inLanguage":"lv-LV","potentialAction":[{"@type":"ReadAction","target":["https:\/\/puhdasplus.ee\/lv\/partnerprogrammas-noteikumi-un-nosacijumi\/"]}]},{"@type":"BreadcrumbList","@id":"https:\/\/puhdasplus.ee\/lv\/partnerprogrammas-noteikumi-un-nosacijumi\/#breadcrumb","itemListElement":[{"@type":"ListItem","position":1,"name":"S\u0101kums","item":"https:\/\/puhdasplus.ee\/lv\/"},{"@type":"ListItem","position":2,"name":"Partnerprogrammas noteikumi un nosac\u012bjumi"}]},{"@type":"WebSite","@id":"https:\/\/puhdasplus.ee\/lv\/#website","url":"https:\/\/puhdasplus.ee\/lv\/","name":"Puhdas+","description":"Vitam\u012bni, uztura bag\u0101tin\u0101t\u0101ji, dab\u012bg\u0101 kosm\u0113tika, vesel\u012bba, sports","publisher":{"@id":"https:\/\/puhdasplus.ee\/lv\/#organization"},"potentialAction":[{"@type":"SearchAction","target":{"@type":"EntryPoint","urlTemplate":"https:\/\/puhdasplus.ee\/lv\/?s={search_term_string}"},"query-input":{"@type":"PropertyValueSpecification","valueRequired":true,"valueName":"search_term_string"}}],"inLanguage":"lv-LV"},{"@type":"Organization","@id":"https:\/\/puhdasplus.ee\/lv\/#organization","name":"Puhdas+","alternateName":"Puhdasplus","url":"https:\/\/puhdasplus.ee\/lv\/","logo":{"@type":"ImageObject","inLanguage":"lv-LV","@id":"https:\/\/puhdasplus.ee\/lv\/#\/schema\/logo\/image\/","url":"https:\/\/puhdasplus.ee\/wp-content\/uploads\/2019\/10\/puhdas_logo-arvele.png","contentUrl":"https:\/\/puhdasplus.ee\/wp-content\/uploads\/2019\/10\/puhdas_logo-arvele.png","width":114,"height":94,"caption":"Puhdas+"},"image":{"@id":"https:\/\/puhdasplus.ee\/lv\/#\/schema\/logo\/image\/"},"sameAs":["https:\/\/www.facebook.com\/puhdasplus","https:\/\/www.instagram.com\/puhdasplus_ee\/"]}]}},"_yoast_wpseo_title":"Partnerprogramma | Pelni ar Puhdas+ produktiem","_yoast_wpseo_metadesc":"Pievienojieties Puhdas+ partnerprogrammai un pelniet komisijas, reklam\u0113jot kvalitat\u012bvas vesel\u012bbas piedevas. S\u0101ciet nopeln\u012bt jau \u0161odien!","_yoast_wpseo_focuskw":"partnerprogramma noteikumi","_links":{"self":[{"href":"https:\/\/puhdasplus.ee\/lv\/wp-json\/wp\/v2\/pages\/31972","targetHints":{"allow":["GET"]}}],"collection":[{"href":"https:\/\/puhdasplus.ee\/lv\/wp-json\/wp\/v2\/pages"}],"about":[{"href":"https:\/\/puhdasplus.ee\/lv\/wp-json\/wp\/v2\/types\/page"}],"author":[{"embeddable":true,"href":"https:\/\/puhdasplus.ee\/lv\/wp-json\/wp\/v2\/users\/471"}],"replies":[{"embeddable":true,"href":"https:\/\/puhdasplus.ee\/lv\/wp-json\/wp\/v2\/comments?post=31972"}],"version-history":[{"count":0,"href":"https:\/\/puhdasplus.ee\/lv\/wp-json\/wp\/v2\/pages\/31972\/revisions"}],"wp:attachment":[{"href":"https:\/\/puhdasplus.ee\/lv\/wp-json\/wp\/v2\/media?parent=31972"}],"curies":[{"name":"wp","href":"https:\/\/api.w.org\/{rel}","templated":true}]}}