{"id":31903,"date":"2018-08-28T12:34:15","date_gmt":"2018-08-28T09:34:15","guid":{"rendered":"https:\/\/puhdasplus.ee\/privatuma-politika\/"},"modified":"2018-08-28T12:34:15","modified_gmt":"2018-08-28T09:34:15","slug":"privatuma-politika","status":"publish","type":"page","link":"https:\/\/puhdasplus.ee\/lv\/privatuma-politika\/","title":{"rendered":"Priv\u0101tuma politika"},"content":{"rendered":"<p><strong>Priv\u0101tuma politika<\/strong><\/p>\n<p>NordenBio O\u00dc ap\u0146emas aizsarg\u0101t savu klientu un lietot\u0101ju priv\u0101tumu. Attiec\u012bgi esam sagatavoju\u0161i \u0161o Priv\u0101tuma politiku, kas aptver klientu datu v\u0101k\u0161anu, izmanto\u0161anu, izpau\u0161anu, p\u0101rs\u016bt\u012b\u0161anu un glab\u0101\u0161anu. M\u016bsu darb\u012bbas internet\u0101 atbilst vis\u0101m attiec\u012bgaj\u0101m darb\u012bb\u0101m un attiec\u012bgajiem Eiropas Savien\u012bbas ties\u012bbu aktiem un Igaunijas Republikas likumiem. L\u016bdzu, veltiet br\u012bdi, lai izlas\u012btu m\u016bsu Priv\u0101tuma politiku.   <\/p>\n<p><strong>Personas datu v\u0101k\u0161ana un izmanto\u0161ana<\/strong><\/p>\n<p>Personas dati ir dati, kurus var tie\u0161i vai netie\u0161i saist\u012bt ar jums k\u0101 fizisku personu, un kurus NordenBio O\u00dc v\u0101c un apstr\u0101d\u0101, lai izpild\u012btu l\u012bgumu ar fizisko personu vai sazin\u0101tos ar to, k\u0101 ar\u012b lai iev\u0113rotu juridisk\u0101s saist\u012bbas.<\/p>\n<p><strong>Past\u0101v\u012bg\u0101 klienta personas datu v\u0101k\u0161ana var notikt \u0161\u0101dos veidos:<\/strong><\/p>\n<ul>\n<li>iesniedzot kontaktinform\u0101ciju (tostarp savu v\u0101rdu, personas kodu, pasta adresi, t\u0101lru\u0146a numuru, e-pasta adresi, v\u0113lamo sazi\u0146as veidu) m\u016bsu t\u012bmek\u013ca vietn\u0113 vai citur (piem\u0113ram, veikalos);<\/li>\n<li>no klienta konta inform\u0101cijas vai izmantojot s\u012bkfailus, izmantojot t\u012bmek\u013ca vietni<\/li>\n<li>veicot pirkumu vai pas\u016bt\u012bjumu m\u016bsu veikal\u0101 vai interneta veikal\u0101, uzglab\u0101jot personas kontaktinform\u0101ciju vai datus par pirk\u0161anas v\u0113lm\u0113m (NordenBio var l\u016bgt j\u016bs br\u012bvpr\u0101t\u012bgi sniegt personas datus un personisko inform\u0101ciju noteikt\u0101s t\u012bmek\u013ca vietnes sada\u013c\u0101s. Piepras\u012btie personas dati var ietvert v\u0101rdu, uzv\u0101rdu, adresi, pasta indeksu, e-pasta adresi, t\u0101lru\u0146a numuru un citus datus);<\/li>\n<li>iesniedzot pieteikumu par maks\u0101jumu pa da\u013c\u0101m<\/li>\n<\/ul>\n<p><strong>Citu datu v\u0101k\u0161ana<\/strong><\/p>\n<p>M\u0113s apkopojam ar\u012b nepersoniskus datus \u2013 datus, kurus nevar tie\u0161i saist\u012bt ar konkr\u0113tu personu (dzimums, vecums, valodas preference, atra\u0161an\u0101s vieta).<\/p>\n<p>M\u0113s varam ar\u012b apkopot datus par klientu aktivit\u0101t\u0113m m\u016bsu t\u012bmek\u013ca vietn\u0113. \u0160ie dati tiek apkopoti un izmantoti, lai pal\u012bdz\u0113tu mums sniegt klientiem noder\u012bg\u0101ku inform\u0101ciju un saprast, kuras t\u012bmek\u013ca vietnes da\u013cas, produkti un pakalpojumi vi\u0146us visvair\u0101k interes\u0113. Apkopotie dati \u0161aj\u0101 priv\u0101tuma politik\u0101 tiek uzskat\u012bti par nepersoniskiem datiem.  <\/p>\n<p><strong>Apkopoto personas datu izmanto\u0161ana un glab\u0101\u0161ana<\/strong><\/p>\n<p>M\u0113s varam izmantot apkopotos personas datus, lai inform\u0113tu klientus par NordenBio produktu jaunumiem, kampa\u0146\u0101m un gaid\u0101majiem pas\u0101kumiem. Klients, kur\u0161 nev\u0113las b\u016bt m\u016bsu jaunumu v\u0113stu\u013cu sarakst\u0101 vai sa\u0146emt pazi\u0146ojumus par produktiem, kas vi\u0146u var\u0113tu interes\u0113t, jebkur\u0101 laik\u0101 var sevi izsl\u0113gt no m\u0113r\u0137auditorijas sa\u0146\u0113m\u0113ju grupas. <\/p>\n<p>M\u0113s izmantojam apkopotos personas datus ar\u012b pre\u010du pieg\u0101dei un savu saist\u012bbu izpildei pret klientu.<\/p>\n<p>Piekr\u012btot Priv\u0101tuma politikas noteikumiem, klients sniedz NiordenBio O\u00dc piekri\u0161anu savu datu automatiz\u0113tai apstr\u0101dei. J\u016bs vienm\u0113r varat atsaukt savu piekri\u0161anu m\u016bsu t\u012bmek\u013ca vietn\u0113 vai iesniedzot rakstisku pazi\u0146ojumu, ko var reproduc\u0113t. Pazi\u0146ojumam vai piekri\u0161anas atsaukumam nav atpaka\u013cejo\u0161a sp\u0113ka.  <\/p>\n<p>Lai lab\u0101k apkalpotu klientu, NordenBio O\u00dc var izpaust inform\u0101ciju par atsevi\u0161\u0137iem lietot\u0101jiem tre\u0161ajai personai, kas sniedz pakalpojumus NordenBio O\u00dc un kurai ir l\u012bgumsaist\u012bbas saglab\u0101t kop\u012bgot\u0101s inform\u0101cijas konfidencialit\u0101ti. Tre\u0161\u0101 persona ir, piem\u0113ram, m\u016bsu partneris, kura uzdevumos ietilpst tie\u0161saistes veikal\u0101 p\u0101rdoto pre\u010du transport\u0113\u0161ana vai maks\u0101jumu pakalpojumu snieg\u0161ana pa da\u013c\u0101m. <\/p>\n<p>NordenBio O\u00dc saglab\u0101s klienta personas datus l\u012bdz lojalit\u0101tes klienta l\u012bguma izbeig\u0161anai. Datus, kurus NordenBio ir pien\u0101kums saglab\u0101t saska\u0146\u0101 ar ties\u012bbu aktiem (piem\u0113ram, gr\u0101matved\u012bbas datus), NordenBio O\u00dc saglab\u0101s saska\u0146\u0101 ar ties\u012bbu aktu pras\u012bb\u0101m. <\/p>\n<p>NordenBio O\u00dc ir personas datu p\u0101rzinis. NordenBio O\u00dc nodod maks\u0101jumu veik\u0161anai nepiecie\u0161amos personas datus pilnvarotajam apstr\u0101d\u0101t\u0101jam Maksekeskus AS.<\/p>\n<p><strong>Personas datu aizsardz\u012bba<\/strong><\/p>\n<p>NordenBio O\u00dc veic visus piesardz\u012bbas pas\u0101kumus (tostarp administrat\u012bvos, tehniskos un fiziskos pas\u0101kumus), lai aizsarg\u0101tu klientu personas datus. Piek\u013cuve datiem, tos main\u012bt un apstr\u0101d\u0101t, ir tikai pilnvarot\u0101m person\u0101m. <\/p>\n<p>Ja jums ir aizdomas, ka j\u016bsu personas dati ir apstr\u0101d\u0101ti pret\u0113ji \u0161aj\u0101 priv\u0101tuma politik\u0101 aprakst\u012btajam vai past\u0101v risks, ka j\u016bsu dati ir nopludin\u0101ti tre\u0161aj\u0101m person\u0101m, l\u016bdzu, nekav\u0113joties inform\u0113jiet m\u016bs. Tikai t\u0101d\u0101 veid\u0101 m\u0113s varam samazin\u0101t iesp\u0113jamo kait\u0113jumu l\u012bdz minimumam. <\/p>\n<p>Klientam ir ties\u012bbas piepras\u012bt savu datu apstr\u0101des p\u0101rtrauk\u0161anu, inform\u0101ciju par datu izmanto\u0161anu un datu nodo\u0161anu sev vai tre\u0161ajai personai visp\u0101rpie\u0146emt\u0101 form\u0101t\u0101. Lai nov\u0113rstu klienta datu un ties\u012bbu \u013caunpr\u0101t\u012bgu izmanto\u0161anu, piepras\u012bjumi ir pie\u013caujami tikai t\u0101d\u0101 form\u0101, kur\u0101 ir identific\u0113jama pieteic\u0113ja identit\u0101te (digit\u0101li parakst\u012bts vai person\u012bgi parakst\u012bts p\u0101rst\u0101vniec\u012bb\u0101). Mums ir ties\u012bbas atbild\u0113t uz \u0161\u0101diem piepras\u012bjumiem 30 dienu laik\u0101.  <\/p>\n<p>Piepras\u012bjumu p\u0101rtraukt datu apstr\u0101di m\u0113s uzskat\u0101m par piepras\u012bjumu p\u0101rtraukt lojalit\u0101tes programmu.<\/p>\n<p><strong>Dro\u0161\u012bba<\/strong><\/p>\n<p>Visi klienta personas dati, kas ieg\u016bti NordenBio e-veikala apmekl\u0113juma un pirkuma procesa laik\u0101, tiek uzskat\u012bti par konfidenci\u0101lu inform\u0101ciju. \u0160ifr\u0113ts datu komunik\u0101cijas kan\u0101ls ar bank\u0101m nodro\u0161ina pirc\u0113ja personas datu un bankas rekviz\u012btu dro\u0161\u012bbu. <\/p>\n<p><strong>Priv\u0101tuma politikas noteikumi un izmai\u0146as<\/strong><\/p>\n<p>Izmantojot m\u016bsu t\u012bmek\u013ca vietni vai aizpildot lojalit\u0101tes pieteikumu, j\u016bs esat izlas\u012bjis(-usi) un pie\u0146\u0113mis(-usi) \u0161os principus un noteikumus. M\u0113s paturam ties\u012bbas nepiecie\u0161am\u012bbas gad\u012bjum\u0101 main\u012bt priv\u0101tuma politikas visp\u0101r\u012bgos noteikumus, pazi\u0146ojot par to visiem loj\u0101lajiem klientiem, ta\u010du m\u0113s dar\u012bsim visu iesp\u0113jamo, lai m\u016bsu priv\u0101tuma politika b\u016btu aktu\u0101la un pieejama jums m\u016bsu t\u012bmek\u013ca vietn\u0113. <\/p>\n<p>Jums vienm\u0113r ir ties\u012bbas v\u0113rsties Datu aizsardz\u012bbas inspekcij\u0101 vai ties\u0101, lai aizsarg\u0101tu savus datus. Datu aizsardz\u012bbas inspekcija ir valsts iest\u0101de, kur\u0101 varat v\u0113rsties ar\u012b p\u0113c konsult\u0101cijas vai pal\u012bdz\u012bbas personas datu aizsardz\u012bbas jaut\u0101jumos. <\/p>\n<p>[\/fusion_text][\/fusion_builder_column][\/fusion_builder_row][\/fusion_builder_container]<\/p>\n","protected":false},"excerpt":{"rendered":"<p>Priv\u0101tuma politika NordenBio O\u00dc ap\u0146emas aizsarg\u0101t savu klientu un lietot\u0101ju priv\u0101tumu. Attiec\u012bgi esam sagatavoju\u0161i \u0161o Priv\u0101tuma politiku, kas aptver klientu datu v\u0101k\u0161anu, izmanto\u0161anu, izpau\u0161anu, p\u0101rs\u016bt\u012b\u0161anu un glab\u0101\u0161anu. M\u016bsu darb\u012bbas internet\u0101 atbilst vis\u0101m attiec\u012bgaj\u0101m darb\u012bb\u0101m un attiec\u012bgajiem Eiropas Savien\u012bbas ties\u012bbu aktiem un Igaunijas Republikas likumiem. L\u016bdzu, veltiet br\u012bdi, lai izlas\u012btu m\u016bsu Priv\u0101tuma politiku. Personas datu v\u0101k\u0161ana [&hellip;]<\/p>\n","protected":false},"author":471,"featured_media":0,"parent":0,"menu_order":0,"comment_status":"closed","ping_status":"closed","template":"","meta":{"_acf_changed":false,"googlesitekit_rrm_CAow3eq7DA:productID":"","footnotes":""},"class_list":["post-31903","page","type-page","status-publish","hentry"],"acf":[],"yoast_head":"<!-- This site is optimized with the Yoast SEO plugin v27.5 - https:\/\/yoast.com\/product\/yoast-seo-wordpress\/ -->\n<title>Priv\u0101tuma politika | Puhdas+ Datu Aizsardz\u012bba<\/title>\n<meta name=\"description\" content=\"Iepaz\u012bstieties ar Puhdas+ priv\u0101tuma politiku. Nodro\u0161in\u0101m j\u016bsu personas datu dro\u0161\u012bbu atbilsto\u0161i augst\u0101kajiem standartiem.\" \/>\n<meta name=\"robots\" content=\"index, follow, max-snippet:-1, max-image-preview:large, max-video-preview:-1\" \/>\n<link rel=\"canonical\" href=\"https:\/\/puhdasplus.ee\/lv\/privatuma-politika\/\" \/>\n<meta property=\"og:locale\" content=\"lv_LV\" \/>\n<meta property=\"og:type\" content=\"article\" \/>\n<meta property=\"og:title\" content=\"Priv\u0101tuma politika | Puhdas+ Datu Aizsardz\u012bba\" \/>\n<meta property=\"og:description\" content=\"Iepaz\u012bstieties ar Puhdas+ priv\u0101tuma politiku. Nodro\u0161in\u0101m j\u016bsu personas datu dro\u0161\u012bbu atbilsto\u0161i augst\u0101kajiem standartiem.\" \/>\n<meta property=\"og:url\" content=\"https:\/\/puhdasplus.ee\/lv\/privatuma-politika\/\" \/>\n<meta property=\"og:site_name\" content=\"Puhdas+\" \/>\n<meta property=\"article:publisher\" content=\"https:\/\/www.facebook.com\/puhdasplus\" \/>\n<meta property=\"og:image\" content=\"https:\/\/puhdasplus.ee\/wp-content\/uploads\/2025\/08\/Untitled-design-6.png\" \/>\n\t<meta property=\"og:image:width\" content=\"1913\" \/>\n\t<meta property=\"og:image:height\" content=\"875\" \/>\n\t<meta property=\"og:image:type\" content=\"image\/png\" \/>\n<meta name=\"twitter:card\" content=\"summary_large_image\" \/>\n<meta name=\"twitter:label1\" content=\"Est. reading time\" \/>\n\t<meta name=\"twitter:data1\" content=\"5 min\u016btes\" \/>\n<script type=\"application\/ld+json\" class=\"yoast-schema-graph\">{\"@context\":\"https:\\\/\\\/schema.org\",\"@graph\":[{\"@type\":\"WebPage\",\"@id\":\"https:\\\/\\\/puhdasplus.ee\\\/lv\\\/privatuma-politika\\\/\",\"url\":\"https:\\\/\\\/puhdasplus.ee\\\/lv\\\/privatuma-politika\\\/\",\"name\":\"Priv\u0101tuma politika | Puhdas+ Datu Aizsardz\u012bba\",\"isPartOf\":{\"@id\":\"https:\\\/\\\/puhdasplus.ee\\\/lv\\\/#website\"},\"datePublished\":\"2018-08-28T09:34:15+00:00\",\"description\":\"Iepaz\u012bstieties ar Puhdas+ priv\u0101tuma politiku. Nodro\u0161in\u0101m j\u016bsu personas datu dro\u0161\u012bbu atbilsto\u0161i augst\u0101kajiem standartiem.\",\"breadcrumb\":{\"@id\":\"https:\\\/\\\/puhdasplus.ee\\\/lv\\\/privatuma-politika\\\/#breadcrumb\"},\"inLanguage\":\"lv-LV\",\"potentialAction\":[{\"@type\":\"ReadAction\",\"target\":[\"https:\\\/\\\/puhdasplus.ee\\\/lv\\\/privatuma-politika\\\/\"]}]},{\"@type\":\"BreadcrumbList\",\"@id\":\"https:\\\/\\\/puhdasplus.ee\\\/lv\\\/privatuma-politika\\\/#breadcrumb\",\"itemListElement\":[{\"@type\":\"ListItem\",\"position\":1,\"name\":\"S\u0101kums\",\"item\":\"https:\\\/\\\/puhdasplus.ee\\\/lv\\\/\"},{\"@type\":\"ListItem\",\"position\":2,\"name\":\"Priv\u0101tuma politika\"}]},{\"@type\":\"WebSite\",\"@id\":\"https:\\\/\\\/puhdasplus.ee\\\/lv\\\/#website\",\"url\":\"https:\\\/\\\/puhdasplus.ee\\\/lv\\\/\",\"name\":\"Puhdas+\",\"description\":\"Vitam\u012bni, uztura bag\u0101tin\u0101t\u0101ji, dab\u012bg\u0101 kosm\u0113tika, vesel\u012bba, sports\",\"publisher\":{\"@id\":\"https:\\\/\\\/puhdasplus.ee\\\/lv\\\/#organization\"},\"potentialAction\":[{\"@type\":\"SearchAction\",\"target\":{\"@type\":\"EntryPoint\",\"urlTemplate\":\"https:\\\/\\\/puhdasplus.ee\\\/lv\\\/?s={search_term_string}\"},\"query-input\":{\"@type\":\"PropertyValueSpecification\",\"valueRequired\":true,\"valueName\":\"search_term_string\"}}],\"inLanguage\":\"lv-LV\"},{\"@type\":\"Organization\",\"@id\":\"https:\\\/\\\/puhdasplus.ee\\\/lv\\\/#organization\",\"name\":\"Puhdas+\",\"alternateName\":\"Puhdasplus\",\"url\":\"https:\\\/\\\/puhdasplus.ee\\\/lv\\\/\",\"logo\":{\"@type\":\"ImageObject\",\"inLanguage\":\"lv-LV\",\"@id\":\"https:\\\/\\\/puhdasplus.ee\\\/lv\\\/#\\\/schema\\\/logo\\\/image\\\/\",\"url\":\"https:\\\/\\\/puhdasplus.ee\\\/wp-content\\\/uploads\\\/2019\\\/10\\\/puhdas_logo-arvele.png\",\"contentUrl\":\"https:\\\/\\\/puhdasplus.ee\\\/wp-content\\\/uploads\\\/2019\\\/10\\\/puhdas_logo-arvele.png\",\"width\":114,\"height\":94,\"caption\":\"Puhdas+\"},\"image\":{\"@id\":\"https:\\\/\\\/puhdasplus.ee\\\/lv\\\/#\\\/schema\\\/logo\\\/image\\\/\"},\"sameAs\":[\"https:\\\/\\\/www.facebook.com\\\/puhdasplus\",\"https:\\\/\\\/www.instagram.com\\\/puhdasplus_ee\\\/\"]}]}<\/script>\n<!-- \/ Yoast SEO plugin. -->","yoast_head_json":{"title":"Priv\u0101tuma politika | Puhdas+ Datu Aizsardz\u012bba","description":"Iepaz\u012bstieties ar Puhdas+ priv\u0101tuma politiku. Nodro\u0161in\u0101m j\u016bsu personas datu dro\u0161\u012bbu atbilsto\u0161i augst\u0101kajiem standartiem.","robots":{"index":"index","follow":"follow","max-snippet":"max-snippet:-1","max-image-preview":"max-image-preview:large","max-video-preview":"max-video-preview:-1"},"canonical":"https:\/\/puhdasplus.ee\/lv\/privatuma-politika\/","og_locale":"lv_LV","og_type":"article","og_title":"Priv\u0101tuma politika | Puhdas+ Datu Aizsardz\u012bba","og_description":"Iepaz\u012bstieties ar Puhdas+ priv\u0101tuma politiku. Nodro\u0161in\u0101m j\u016bsu personas datu dro\u0161\u012bbu atbilsto\u0161i augst\u0101kajiem standartiem.","og_url":"https:\/\/puhdasplus.ee\/lv\/privatuma-politika\/","og_site_name":"Puhdas+","article_publisher":"https:\/\/www.facebook.com\/puhdasplus","og_image":[{"width":1913,"height":875,"url":"https:\/\/puhdasplus.ee\/wp-content\/uploads\/2025\/08\/Untitled-design-6.png","type":"image\/png"}],"twitter_card":"summary_large_image","twitter_misc":{"Est. reading time":"5 min\u016btes"},"schema":{"@context":"https:\/\/schema.org","@graph":[{"@type":"WebPage","@id":"https:\/\/puhdasplus.ee\/lv\/privatuma-politika\/","url":"https:\/\/puhdasplus.ee\/lv\/privatuma-politika\/","name":"Priv\u0101tuma politika | Puhdas+ Datu Aizsardz\u012bba","isPartOf":{"@id":"https:\/\/puhdasplus.ee\/lv\/#website"},"datePublished":"2018-08-28T09:34:15+00:00","description":"Iepaz\u012bstieties ar Puhdas+ priv\u0101tuma politiku. Nodro\u0161in\u0101m j\u016bsu personas datu dro\u0161\u012bbu atbilsto\u0161i augst\u0101kajiem standartiem.","breadcrumb":{"@id":"https:\/\/puhdasplus.ee\/lv\/privatuma-politika\/#breadcrumb"},"inLanguage":"lv-LV","potentialAction":[{"@type":"ReadAction","target":["https:\/\/puhdasplus.ee\/lv\/privatuma-politika\/"]}]},{"@type":"BreadcrumbList","@id":"https:\/\/puhdasplus.ee\/lv\/privatuma-politika\/#breadcrumb","itemListElement":[{"@type":"ListItem","position":1,"name":"S\u0101kums","item":"https:\/\/puhdasplus.ee\/lv\/"},{"@type":"ListItem","position":2,"name":"Priv\u0101tuma politika"}]},{"@type":"WebSite","@id":"https:\/\/puhdasplus.ee\/lv\/#website","url":"https:\/\/puhdasplus.ee\/lv\/","name":"Puhdas+","description":"Vitam\u012bni, uztura bag\u0101tin\u0101t\u0101ji, dab\u012bg\u0101 kosm\u0113tika, vesel\u012bba, sports","publisher":{"@id":"https:\/\/puhdasplus.ee\/lv\/#organization"},"potentialAction":[{"@type":"SearchAction","target":{"@type":"EntryPoint","urlTemplate":"https:\/\/puhdasplus.ee\/lv\/?s={search_term_string}"},"query-input":{"@type":"PropertyValueSpecification","valueRequired":true,"valueName":"search_term_string"}}],"inLanguage":"lv-LV"},{"@type":"Organization","@id":"https:\/\/puhdasplus.ee\/lv\/#organization","name":"Puhdas+","alternateName":"Puhdasplus","url":"https:\/\/puhdasplus.ee\/lv\/","logo":{"@type":"ImageObject","inLanguage":"lv-LV","@id":"https:\/\/puhdasplus.ee\/lv\/#\/schema\/logo\/image\/","url":"https:\/\/puhdasplus.ee\/wp-content\/uploads\/2019\/10\/puhdas_logo-arvele.png","contentUrl":"https:\/\/puhdasplus.ee\/wp-content\/uploads\/2019\/10\/puhdas_logo-arvele.png","width":114,"height":94,"caption":"Puhdas+"},"image":{"@id":"https:\/\/puhdasplus.ee\/lv\/#\/schema\/logo\/image\/"},"sameAs":["https:\/\/www.facebook.com\/puhdasplus","https:\/\/www.instagram.com\/puhdasplus_ee\/"]}]}},"_yoast_wpseo_title":"Priv\u0101tuma politika | Puhdas+ Datu Aizsardz\u012bba","_yoast_wpseo_metadesc":"Iepaz\u012bstieties ar Puhdas+ priv\u0101tuma politiku. Nodro\u0161in\u0101m j\u016bsu personas datu dro\u0161\u012bbu atbilsto\u0161i augst\u0101kajiem standartiem.","_yoast_wpseo_focuskw":"priv\u0101tuma politika","_links":{"self":[{"href":"https:\/\/puhdasplus.ee\/lv\/wp-json\/wp\/v2\/pages\/31903","targetHints":{"allow":["GET"]}}],"collection":[{"href":"https:\/\/puhdasplus.ee\/lv\/wp-json\/wp\/v2\/pages"}],"about":[{"href":"https:\/\/puhdasplus.ee\/lv\/wp-json\/wp\/v2\/types\/page"}],"author":[{"embeddable":true,"href":"https:\/\/puhdasplus.ee\/lv\/wp-json\/wp\/v2\/users\/471"}],"replies":[{"embeddable":true,"href":"https:\/\/puhdasplus.ee\/lv\/wp-json\/wp\/v2\/comments?post=31903"}],"version-history":[{"count":0,"href":"https:\/\/puhdasplus.ee\/lv\/wp-json\/wp\/v2\/pages\/31903\/revisions"}],"wp:attachment":[{"href":"https:\/\/puhdasplus.ee\/lv\/wp-json\/wp\/v2\/media?parent=31903"}],"curies":[{"name":"wp","href":"https:\/\/api.w.org\/{rel}","templated":true}]}}