{"id":361217,"date":"2026-04-21T13:15:45","date_gmt":"2026-04-21T10:15:45","guid":{"rendered":"https:\/\/puhdasplus.ee\/?post_type=product&#038;p=361217"},"modified":"2026-05-13T19:56:53","modified_gmt":"2026-05-13T16:56:53","slug":"super-d3-vitaminas-125-ug","status":"publish","type":"product","link":"https:\/\/puhdasplus.ee\/lt\/produktai\/vitaminai\/vitaminas-d\/super-d3-vitaminas-125-ug\/","title":{"rendered":"Super D3 vitaminas 125 \u00b5g"},"content":{"rendered":"<p>Puikiai pasisavinamas D3 vitaminas alyvuogi\u0173 aliejuje. Ma\u017ea, lengvai nuryjama kapsul\u0117. Palaiko normali\u0105 imunin\u0117s sistemos veikl\u0105, kaulus, dantis ir kalcio pasisavinim\u0105.*<\/p>\n<h3>Da\u017enai u\u017eduodami klausimai<\/h3>\n<p><strong>Kod\u0117l D3 vitaminas yra alyvuogi\u0173 aliejuje?<\/strong><br \/>D3 vitaminas yra riebaluose tirpus, tod\u0117l jis geriau pasisavinamas i\u0161 aliejaus pagrindo skys\u010dio nei i\u0161 kietos tablet\u0117s.<\/p>\n<p><strong>Kam reikalinga didesn\u0117 D3 doz\u0117?<\/strong><br \/>\u0160iaur\u0117s \u0161alyse D3 vitamino tr\u016bkumas yra da\u017enas ypa\u010d \u017eiemos m\u0117nesiais. D\u0117l didesn\u0117s doz\u0117s pasitarkite su gydytoju.<\/p>\n<p><strong>Ar galiu vartoti kartu su kitais maisto papildais?<\/strong><br \/>Taip, bet u\u017etikrinkite, kad bendras dienos D3 suvartojimas lieka saugiose ribose \u2013 jei reikia, pasitarkite su gydytoju.<\/p>\n<h3>\u012esp\u0117jimai<\/h3>\n<ul>\n<li>Maisto papildas n\u0117ra maisto pakaitalas ir negali pakeisti subalansuotos ir \u012fvairios mitybos bei sveiko gyvenimo b\u016bdo.<\/li>\n<li>Nevir\u0161ykite rekomenduojamos paros doz\u0117s.<\/li>\n<li>Laikyti vaikams nepasiekiamoje vietoje.<\/li>\n<li>Laikyti v\u0117sioje, sausoje vietoje, saugant nuo tiesiogini\u0173 saul\u0117s spinduli\u0173.<\/li>\n<\/ul>\n<h3>Gamintojas ir kilm\u0117<\/h3>\n<p>Pagaminta Suomijoje su Puhdas+ prek\u0117s \u017eenklu. Platintojas Estijoje: NordenBio O\u00dc.<\/p>\n","protected":false},"excerpt":{"rendered":"<p>Puikiai pasisavinamas D3 vitaminas kokybi\u0161kame alyvuogi\u0173 aliejuje. Ma\u017ea, lengvai nuryjama kapsul\u0117. Palaiko normali\u0105 imunin\u0117s sistemos veikl\u0105, kaul\u0173 ir dant\u0173 sveikat\u0105, kalcio pasisavinim\u0105.*<\/p>\n","protected":false},"featured_media":361451,"comment_status":"open","ping_status":"closed","template":"","meta":{"_acf_changed":false,"googlesitekit_rrm_CAow3eq7DA:productID":""},"product_brand":[],"product_cat":[3048,3461,3174,4532],"product_tag":[3023,4784,2967,8370,4534],"class_list":{"0":"post-361217","1":"product","2":"type-product","3":"status-publish","4":"has-post-thumbnail","6":"product_cat-imunine-sistema","7":"product_cat-sanariai-raumenys-ir-kaulai","8":"product_cat-vitaminai","9":"product_cat-vitaminas-d","10":"product_tag-imunitetas","11":"product_tag-kaulu-sveikata","12":"product_tag-veganiskas","13":"product_tag-vitaminai","14":"product_tag-vitaminas-d","16":"first","17":"outofstock","18":"taxable","19":"shipping-taxable","20":"product-type-variable"},"acf":[],"yoast_head":"<!-- This site is optimized with the Yoast SEO plugin v27.6 - https:\/\/yoast.com\/product\/yoast-seo-wordpress\/ -->\n<title>Super D3 vitaminas 125 \u00b5g \u2013 Imunitetas ir Kaulai | Puhdas+<\/title>\n<meta name=\"description\" content=\"Didel\u0117s doz\u0117s D3 vitaminas alyvuogi\u0173 aliejuje lengvai pasisavinti. Palaiko imunitet\u0105, kaul\u0173 sveikat\u0105 ir kalcio pasisavinim\u0105. Rinkit\u0117s 60, 120 arba 240 kapsuli\u0173.\" \/>\n<meta name=\"robots\" content=\"index, follow, max-snippet:-1, max-image-preview:large, max-video-preview:-1\" \/>\n<link rel=\"canonical\" href=\"https:\/\/puhdasplus.ee\/lt\/produktai\/vitaminai\/vitaminas-d\/super-d3-vitaminas-125-ug\/\" \/>\n<meta property=\"og:locale\" content=\"lt_LT\" \/>\n<meta property=\"og:type\" content=\"article\" \/>\n<meta property=\"og:title\" content=\"Super D3 vitaminas 125 \u00b5g \u2013 Imunitetas ir Kaulai | Puhdas+\" \/>\n<meta property=\"og:description\" content=\"Didel\u0117s doz\u0117s D3 vitaminas alyvuogi\u0173 aliejuje lengvai pasisavinti. Palaiko imunitet\u0105, kaul\u0173 sveikat\u0105 ir kalcio pasisavinim\u0105. Rinkit\u0117s 60, 120 arba 240 kapsuli\u0173.\" \/>\n<meta property=\"og:url\" content=\"https:\/\/puhdasplus.ee\/lt\/produktai\/vitaminai\/vitaminas-d\/super-d3-vitaminas-125-ug\/\" \/>\n<meta property=\"og:site_name\" content=\"Puhdas+\" \/>\n<meta property=\"article:publisher\" content=\"https:\/\/www.facebook.com\/puhdasplus\" \/>\n<meta property=\"article:modified_time\" content=\"2026-05-13T16:56:53+00:00\" \/>\n<meta property=\"og:image\" content=\"https:\/\/puhdasplus.ee\/wp-content\/uploads\/2026\/04\/Super-D3-vitamiin-125-\u00b5g-scaled.jpg\" \/>\n\t<meta property=\"og:image:width\" content=\"1862\" \/>\n\t<meta property=\"og:image:height\" content=\"2560\" \/>\n\t<meta property=\"og:image:type\" content=\"image\/jpeg\" \/>\n<meta name=\"twitter:card\" content=\"summary_large_image\" \/>\n<meta name=\"twitter:label1\" content=\"Est. reading time\" \/>\n\t<meta name=\"twitter:data1\" content=\"1 minut\u0117\" \/>\n<script type=\"application\/ld+json\" class=\"yoast-schema-graph\">{\"@context\":\"https:\\\/\\\/schema.org\",\"@graph\":[{\"@type\":\"WebPage\",\"@id\":\"https:\\\/\\\/puhdasplus.ee\\\/lt\\\/produktai\\\/vitaminai\\\/vitaminas-d\\\/super-d3-vitaminas-125-ug\\\/\",\"url\":\"https:\\\/\\\/puhdasplus.ee\\\/lt\\\/produktai\\\/vitaminai\\\/vitaminas-d\\\/super-d3-vitaminas-125-ug\\\/\",\"name\":\"Super D3 vitaminas 125 \u00b5g \u2013 Imunitetas ir Kaulai | Puhdas+\",\"isPartOf\":{\"@id\":\"https:\\\/\\\/puhdasplus.ee\\\/lt\\\/#website\"},\"primaryImageOfPage\":{\"@id\":\"https:\\\/\\\/puhdasplus.ee\\\/lt\\\/produktai\\\/vitaminai\\\/vitaminas-d\\\/super-d3-vitaminas-125-ug\\\/#primaryimage\"},\"image\":{\"@id\":\"https:\\\/\\\/puhdasplus.ee\\\/lt\\\/produktai\\\/vitaminai\\\/vitaminas-d\\\/super-d3-vitaminas-125-ug\\\/#primaryimage\"},\"thumbnailUrl\":\"https:\\\/\\\/puhdasplus.ee\\\/wp-content\\\/uploads\\\/2026\\\/04\\\/Super-D3-vitamiin-125-\u00b5g-scaled.jpg\",\"datePublished\":\"2026-04-21T10:15:45+00:00\",\"dateModified\":\"2026-05-13T16:56:53+00:00\",\"description\":\"Didel\u0117s doz\u0117s D3 vitaminas alyvuogi\u0173 aliejuje lengvai pasisavinti. Palaiko imunitet\u0105, kaul\u0173 sveikat\u0105 ir kalcio pasisavinim\u0105. Rinkit\u0117s 60, 120 arba 240 kapsuli\u0173.\",\"breadcrumb\":{\"@id\":\"https:\\\/\\\/puhdasplus.ee\\\/lt\\\/produktai\\\/vitaminai\\\/vitaminas-d\\\/super-d3-vitaminas-125-ug\\\/#breadcrumb\"},\"inLanguage\":\"lt-LT\",\"potentialAction\":[{\"@type\":\"ReadAction\",\"target\":[\"https:\\\/\\\/puhdasplus.ee\\\/lt\\\/produktai\\\/vitaminai\\\/vitaminas-d\\\/super-d3-vitaminas-125-ug\\\/\"]}]},{\"@type\":\"ImageObject\",\"inLanguage\":\"lt-LT\",\"@id\":\"https:\\\/\\\/puhdasplus.ee\\\/lt\\\/produktai\\\/vitaminai\\\/vitaminas-d\\\/super-d3-vitaminas-125-ug\\\/#primaryimage\",\"url\":\"https:\\\/\\\/puhdasplus.ee\\\/wp-content\\\/uploads\\\/2026\\\/04\\\/Super-D3-vitamiin-125-\u00b5g-scaled.jpg\",\"contentUrl\":\"https:\\\/\\\/puhdasplus.ee\\\/wp-content\\\/uploads\\\/2026\\\/04\\\/Super-D3-vitamiin-125-\u00b5g-scaled.jpg\",\"width\":1862,\"height\":2560,\"caption\":\"Super D3-vitamiin 125 \u00b5g\"},{\"@type\":\"BreadcrumbList\",\"@id\":\"https:\\\/\\\/puhdasplus.ee\\\/lt\\\/produktai\\\/vitaminai\\\/vitaminas-d\\\/super-d3-vitaminas-125-ug\\\/#breadcrumb\",\"itemListElement\":[{\"@type\":\"ListItem\",\"position\":1,\"name\":\"Prad\u017eia\",\"item\":\"https:\\\/\\\/puhdasplus.ee\\\/lt\\\/\"},{\"@type\":\"ListItem\",\"position\":2,\"name\":\"Produktai\",\"item\":\"https:\\\/\\\/puhdasplus.ee\\\/lt\\\/parduotuve\\\/\"},{\"@type\":\"ListItem\",\"position\":3,\"name\":\"Super D3 vitaminas 125 \u00b5g\"}]},{\"@type\":\"WebSite\",\"@id\":\"https:\\\/\\\/puhdasplus.ee\\\/lt\\\/#website\",\"url\":\"https:\\\/\\\/puhdasplus.ee\\\/lt\\\/\",\"name\":\"Puhdas+\",\"description\":\"Vitaminai, maisto papildai, nat\u016brali kosmetika, sveikata, sportas\",\"publisher\":{\"@id\":\"https:\\\/\\\/puhdasplus.ee\\\/lt\\\/#organization\"},\"potentialAction\":[{\"@type\":\"SearchAction\",\"target\":{\"@type\":\"EntryPoint\",\"urlTemplate\":\"https:\\\/\\\/puhdasplus.ee\\\/lt\\\/?s={search_term_string}\"},\"query-input\":{\"@type\":\"PropertyValueSpecification\",\"valueRequired\":true,\"valueName\":\"search_term_string\"}}],\"inLanguage\":\"lt-LT\"},{\"@type\":\"Organization\",\"@id\":\"https:\\\/\\\/puhdasplus.ee\\\/lt\\\/#organization\",\"name\":\"Puhdas+\",\"alternateName\":\"Puhdasplus\",\"url\":\"https:\\\/\\\/puhdasplus.ee\\\/lt\\\/\",\"logo\":{\"@type\":\"ImageObject\",\"inLanguage\":\"lt-LT\",\"@id\":\"https:\\\/\\\/puhdasplus.ee\\\/lt\\\/#\\\/schema\\\/logo\\\/image\\\/\",\"url\":\"https:\\\/\\\/puhdasplus.ee\\\/wp-content\\\/uploads\\\/2019\\\/10\\\/puhdas_logo-arvele.png\",\"contentUrl\":\"https:\\\/\\\/puhdasplus.ee\\\/wp-content\\\/uploads\\\/2019\\\/10\\\/puhdas_logo-arvele.png\",\"width\":114,\"height\":94,\"caption\":\"Puhdas+\"},\"image\":{\"@id\":\"https:\\\/\\\/puhdasplus.ee\\\/lt\\\/#\\\/schema\\\/logo\\\/image\\\/\"},\"sameAs\":[\"https:\\\/\\\/www.facebook.com\\\/puhdasplus\",\"https:\\\/\\\/www.instagram.com\\\/puhdasplus_ee\\\/\"]}]}<\/script>\n<!-- \/ Yoast SEO plugin. -->","yoast_head_json":{"title":"Super D3 vitaminas 125 \u00b5g \u2013 Imunitetas ir Kaulai | Puhdas+","description":"Didel\u0117s doz\u0117s D3 vitaminas alyvuogi\u0173 aliejuje lengvai pasisavinti. Palaiko imunitet\u0105, kaul\u0173 sveikat\u0105 ir kalcio pasisavinim\u0105. Rinkit\u0117s 60, 120 arba 240 kapsuli\u0173.","robots":{"index":"index","follow":"follow","max-snippet":"max-snippet:-1","max-image-preview":"max-image-preview:large","max-video-preview":"max-video-preview:-1"},"canonical":"https:\/\/puhdasplus.ee\/lt\/produktai\/vitaminai\/vitaminas-d\/super-d3-vitaminas-125-ug\/","og_locale":"lt_LT","og_type":"article","og_title":"Super D3 vitaminas 125 \u00b5g \u2013 Imunitetas ir Kaulai | Puhdas+","og_description":"Didel\u0117s doz\u0117s D3 vitaminas alyvuogi\u0173 aliejuje lengvai pasisavinti. Palaiko imunitet\u0105, kaul\u0173 sveikat\u0105 ir kalcio pasisavinim\u0105. Rinkit\u0117s 60, 120 arba 240 kapsuli\u0173.","og_url":"https:\/\/puhdasplus.ee\/lt\/produktai\/vitaminai\/vitaminas-d\/super-d3-vitaminas-125-ug\/","og_site_name":"Puhdas+","article_publisher":"https:\/\/www.facebook.com\/puhdasplus","article_modified_time":"2026-05-13T16:56:53+00:00","og_image":[{"width":1862,"height":2560,"url":"https:\/\/puhdasplus.ee\/wp-content\/uploads\/2026\/04\/Super-D3-vitamiin-125-\u00b5g-scaled.jpg","type":"image\/jpeg"}],"twitter_card":"summary_large_image","twitter_misc":{"Est. reading time":"1 minut\u0117"},"schema":{"@context":"https:\/\/schema.org","@graph":[{"@type":"WebPage","@id":"https:\/\/puhdasplus.ee\/lt\/produktai\/vitaminai\/vitaminas-d\/super-d3-vitaminas-125-ug\/","url":"https:\/\/puhdasplus.ee\/lt\/produktai\/vitaminai\/vitaminas-d\/super-d3-vitaminas-125-ug\/","name":"Super D3 vitaminas 125 \u00b5g \u2013 Imunitetas ir Kaulai | Puhdas+","isPartOf":{"@id":"https:\/\/puhdasplus.ee\/lt\/#website"},"primaryImageOfPage":{"@id":"https:\/\/puhdasplus.ee\/lt\/produktai\/vitaminai\/vitaminas-d\/super-d3-vitaminas-125-ug\/#primaryimage"},"image":{"@id":"https:\/\/puhdasplus.ee\/lt\/produktai\/vitaminai\/vitaminas-d\/super-d3-vitaminas-125-ug\/#primaryimage"},"thumbnailUrl":"https:\/\/puhdasplus.ee\/wp-content\/uploads\/2026\/04\/Super-D3-vitamiin-125-\u00b5g-scaled.jpg","datePublished":"2026-04-21T10:15:45+00:00","dateModified":"2026-05-13T16:56:53+00:00","description":"Didel\u0117s doz\u0117s D3 vitaminas alyvuogi\u0173 aliejuje lengvai pasisavinti. Palaiko imunitet\u0105, kaul\u0173 sveikat\u0105 ir kalcio pasisavinim\u0105. Rinkit\u0117s 60, 120 arba 240 kapsuli\u0173.","breadcrumb":{"@id":"https:\/\/puhdasplus.ee\/lt\/produktai\/vitaminai\/vitaminas-d\/super-d3-vitaminas-125-ug\/#breadcrumb"},"inLanguage":"lt-LT","potentialAction":[{"@type":"ReadAction","target":["https:\/\/puhdasplus.ee\/lt\/produktai\/vitaminai\/vitaminas-d\/super-d3-vitaminas-125-ug\/"]}]},{"@type":"ImageObject","inLanguage":"lt-LT","@id":"https:\/\/puhdasplus.ee\/lt\/produktai\/vitaminai\/vitaminas-d\/super-d3-vitaminas-125-ug\/#primaryimage","url":"https:\/\/puhdasplus.ee\/wp-content\/uploads\/2026\/04\/Super-D3-vitamiin-125-\u00b5g-scaled.jpg","contentUrl":"https:\/\/puhdasplus.ee\/wp-content\/uploads\/2026\/04\/Super-D3-vitamiin-125-\u00b5g-scaled.jpg","width":1862,"height":2560,"caption":"Super D3-vitamiin 125 \u00b5g"},{"@type":"BreadcrumbList","@id":"https:\/\/puhdasplus.ee\/lt\/produktai\/vitaminai\/vitaminas-d\/super-d3-vitaminas-125-ug\/#breadcrumb","itemListElement":[{"@type":"ListItem","position":1,"name":"Prad\u017eia","item":"https:\/\/puhdasplus.ee\/lt\/"},{"@type":"ListItem","position":2,"name":"Produktai","item":"https:\/\/puhdasplus.ee\/lt\/parduotuve\/"},{"@type":"ListItem","position":3,"name":"Super D3 vitaminas 125 \u00b5g"}]},{"@type":"WebSite","@id":"https:\/\/puhdasplus.ee\/lt\/#website","url":"https:\/\/puhdasplus.ee\/lt\/","name":"Puhdas+","description":"Vitaminai, maisto papildai, nat\u016brali kosmetika, sveikata, sportas","publisher":{"@id":"https:\/\/puhdasplus.ee\/lt\/#organization"},"potentialAction":[{"@type":"SearchAction","target":{"@type":"EntryPoint","urlTemplate":"https:\/\/puhdasplus.ee\/lt\/?s={search_term_string}"},"query-input":{"@type":"PropertyValueSpecification","valueRequired":true,"valueName":"search_term_string"}}],"inLanguage":"lt-LT"},{"@type":"Organization","@id":"https:\/\/puhdasplus.ee\/lt\/#organization","name":"Puhdas+","alternateName":"Puhdasplus","url":"https:\/\/puhdasplus.ee\/lt\/","logo":{"@type":"ImageObject","inLanguage":"lt-LT","@id":"https:\/\/puhdasplus.ee\/lt\/#\/schema\/logo\/image\/","url":"https:\/\/puhdasplus.ee\/wp-content\/uploads\/2019\/10\/puhdas_logo-arvele.png","contentUrl":"https:\/\/puhdasplus.ee\/wp-content\/uploads\/2019\/10\/puhdas_logo-arvele.png","width":114,"height":94,"caption":"Puhdas+"},"image":{"@id":"https:\/\/puhdasplus.ee\/lt\/#\/schema\/logo\/image\/"},"sameAs":["https:\/\/www.facebook.com\/puhdasplus","https:\/\/www.instagram.com\/puhdasplus_ee\/"]}]}},"_yoast_wpseo_title":"Super D3 vitaminas 125 \u00b5g \u2013 Imunitetas ir Kaulai | Puhdas+","_yoast_wpseo_metadesc":"Didel\u0117s doz\u0117s D3 vitaminas alyvuogi\u0173 aliejuje lengvai pasisavinti. Palaiko imunitet\u0105, kaul\u0173 sveikat\u0105 ir kalcio pasisavinim\u0105. Rinkit\u0117s 60, 120 arba 240 kapsuli\u0173.","_yoast_wpseo_focuskw":"D3 vitaminas 125 \u00b5g","_links":{"self":[{"href":"https:\/\/puhdasplus.ee\/lt\/wp-json\/wp\/v2\/product\/361217","targetHints":{"allow":["GET"]}}],"collection":[{"href":"https:\/\/puhdasplus.ee\/lt\/wp-json\/wp\/v2\/product"}],"about":[{"href":"https:\/\/puhdasplus.ee\/lt\/wp-json\/wp\/v2\/types\/product"}],"replies":[{"embeddable":true,"href":"https:\/\/puhdasplus.ee\/lt\/wp-json\/wp\/v2\/comments?post=361217"}],"wp:featuredmedia":[{"embeddable":true,"href":"https:\/\/puhdasplus.ee\/lt\/wp-json\/wp\/v2\/media\/361451"}],"wp:attachment":[{"href":"https:\/\/puhdasplus.ee\/lt\/wp-json\/wp\/v2\/media?parent=361217"}],"wp:term":[{"taxonomy":"product_brand","embeddable":true,"href":"https:\/\/puhdasplus.ee\/lt\/wp-json\/wp\/v2\/product_brand?post=361217"},{"taxonomy":"product_cat","embeddable":true,"href":"https:\/\/puhdasplus.ee\/lt\/wp-json\/wp\/v2\/product_cat?post=361217"},{"taxonomy":"product_tag","embeddable":true,"href":"https:\/\/puhdasplus.ee\/lt\/wp-json\/wp\/v2\/product_tag?post=361217"}],"curies":[{"name":"wp","href":"https:\/\/api.w.org\/{rel}","templated":true}]}}