{"id":361214,"date":"2026-04-21T13:15:59","date_gmt":"2026-04-21T10:15:59","guid":{"rendered":"https:\/\/puhdasplus.ee\/?post_type=product&#038;p=361214"},"modified":"2026-05-13T19:51:38","modified_gmt":"2026-05-13T16:51:38","slug":"glicinas-500-mg-120-kapsuliu","status":"publish","type":"product","link":"https:\/\/puhdasplus.ee\/lt\/produktai\/stresas-ir-miegas\/glicinas-500-mg-120-kapsuliu\/","title":{"rendered":"Glicinas 500 mg, 120 kapsuli\u0173"},"content":{"rendered":"<p>Grynas ir patogiai vartojamas aminor\u016bg\u0161\u010di\u0173 preparatas. Glicinas yra nat\u016brali organizmo aminor\u016bg\u0161tis, kuri\u0105 galima vartoti bet kuriuo paros metu \u2013 taip pat vakare, 30\u201360 minu\u010di\u0173 prie\u0161 mieg\u0105.<\/p>\n<h3>Da\u017enai u\u017eduodami klausimai<\/h3>\n<p><strong>Kada geriausias laikas vartoti glicin\u0105?<\/strong><br \/>Glicin\u0105 galima vartoti bet kuriuo paros metu. Daugelis renkasi vakarin\u012f vartojim\u0105 ma\u017edaug 30\u201360 minu\u010di\u0173 prie\u0161 mieg\u0105.<\/p>\n<p><strong>Ar produktas yra vegani\u0161kas?<\/strong><br \/>Taip, Puhdas+ Glicino kapsul\u0117s apvalkale n\u0117ra gyv\u016bnin\u0117s kilm\u0117s sudedam\u0173j\u0173 dali\u0173.<\/p>\n<p><strong>Kokia rekomenduojama paros doz\u0117?<\/strong><br \/>1\u20132 kapsul\u0117s per dien\u0105, tai atitinka 500\u20131000 mg glicino.<\/p>\n<h3>\u012esp\u0117jimai<\/h3>\n<ul>\n<li>Maisto papildas n\u0117ra maisto pakaitalas ir negali pakeisti subalansuotos ir \u012fvairios mitybos bei sveiko gyvenimo b\u016bdo.<\/li>\n<li>Nevir\u0161ykite rekomenduojamos paros doz\u0117s.<\/li>\n<li>Laikyti vaikams nepasiekiamoje vietoje.<\/li>\n<li>Laikyti v\u0117sioje, sausoje vietoje, saugant nuo tiesiogini\u0173 saul\u0117s spinduli\u0173.<\/li>\n<\/ul>\n<h3>Gamintojas ir kilm\u0117<\/h3>\n<p>Pagaminta Suomijoje su Puhdas+ prek\u0117s \u017eenklu. Platintojas Estijoje: NordenBio O\u00dc.<\/p>\n","protected":false},"excerpt":{"rendered":"<p>Grynas ir patogiai vartojamas aminor\u016bg\u0161\u010di\u0173 preparatas. Glicinas yra nat\u016brali organizmo aminor\u016bg\u0161tis, kuri\u0105 galima vartoti bet kuriuo paros metu \u2013 taip pat vakare, 30\u201360 minu\u010di\u0173 prie\u0161 mieg\u0105. 120 vegani\u0161k\u0173 kapsuli\u0173.<\/p>\n","protected":false},"featured_media":361249,"comment_status":"open","ping_status":"closed","template":"","meta":{"_acf_changed":false,"googlesitekit_rrm_CAow3eq7DA:productID":""},"product_brand":[],"product_cat":[3490,3013],"product_tag":[8362,8984,8465,8473,2967],"class_list":{"0":"post-361214","1":"product","2":"type-product","3":"status-publish","4":"has-post-thumbnail","6":"product_cat-aminorugstys","7":"product_cat-stresas-ir-miegas","8":"product_tag-aminorugstys","9":"product_tag-glicinas-lt","10":"product_tag-nervu-sistema","11":"product_tag-stresas","12":"product_tag-veganiskas","14":"first","15":"onbackorder","16":"taxable","17":"shipping-taxable","18":"purchasable","19":"product-type-simple"},"acf":[],"yoast_head":"<!-- This site is optimized with the Yoast SEO plugin v27.6 - https:\/\/yoast.com\/product\/yoast-seo-wordpress\/ -->\n<title>Glicinas 500 mg 120 kaps. \u2013 Aminor\u016bg\u0161tis miegui | Puhdas+<\/title>\n<meta name=\"description\" content=\"Puhdas+ Glicinas 500 mg \u2013 gryna aminor\u016bg\u0161tis vakariniam atsipalaidavimui ir ramiam miegui. 120 vegani\u0161k\u0173 kapsuli\u0173. U\u017esakykite i\u0161 Estijos.\" \/>\n<meta name=\"robots\" content=\"index, follow, max-snippet:-1, max-image-preview:large, max-video-preview:-1\" \/>\n<link rel=\"canonical\" href=\"https:\/\/puhdasplus.ee\/lt\/produktai\/stresas-ir-miegas\/glicinas-500-mg-120-kapsuliu\/\" \/>\n<meta property=\"og:locale\" content=\"lt_LT\" \/>\n<meta property=\"og:type\" content=\"article\" \/>\n<meta property=\"og:title\" content=\"Glicinas 500 mg 120 kaps. \u2013 Aminor\u016bg\u0161tis miegui | Puhdas+\" \/>\n<meta property=\"og:description\" content=\"Puhdas+ Glicinas 500 mg \u2013 gryna aminor\u016bg\u0161tis vakariniam atsipalaidavimui ir ramiam miegui. 120 vegani\u0161k\u0173 kapsuli\u0173. U\u017esakykite i\u0161 Estijos.\" \/>\n<meta property=\"og:url\" content=\"https:\/\/puhdasplus.ee\/lt\/produktai\/stresas-ir-miegas\/glicinas-500-mg-120-kapsuliu\/\" \/>\n<meta property=\"og:site_name\" content=\"Puhdas+\" \/>\n<meta property=\"article:publisher\" content=\"https:\/\/www.facebook.com\/puhdasplus\" \/>\n<meta property=\"article:modified_time\" content=\"2026-05-13T16:51:38+00:00\" \/>\n<meta property=\"og:image\" content=\"https:\/\/puhdasplus.ee\/wp-content\/uploads\/2026\/04\/puhdas_Glysine120kaps-scaled.jpg\" \/>\n\t<meta property=\"og:image:width\" content=\"1862\" \/>\n\t<meta property=\"og:image:height\" content=\"2560\" \/>\n\t<meta property=\"og:image:type\" content=\"image\/jpeg\" \/>\n<meta name=\"twitter:card\" content=\"summary_large_image\" \/>\n<meta name=\"twitter:label1\" content=\"Est. reading time\" \/>\n\t<meta name=\"twitter:data1\" content=\"1 minut\u0117\" \/>\n<script type=\"application\/ld+json\" class=\"yoast-schema-graph\">{\"@context\":\"https:\\\/\\\/schema.org\",\"@graph\":[{\"@type\":\"WebPage\",\"@id\":\"https:\\\/\\\/puhdasplus.ee\\\/lt\\\/produktai\\\/stresas-ir-miegas\\\/glicinas-500-mg-120-kapsuliu\\\/\",\"url\":\"https:\\\/\\\/puhdasplus.ee\\\/lt\\\/produktai\\\/stresas-ir-miegas\\\/glicinas-500-mg-120-kapsuliu\\\/\",\"name\":\"Glicinas 500 mg 120 kaps. \u2013 Aminor\u016bg\u0161tis miegui | Puhdas+\",\"isPartOf\":{\"@id\":\"https:\\\/\\\/puhdasplus.ee\\\/lt\\\/#website\"},\"primaryImageOfPage\":{\"@id\":\"https:\\\/\\\/puhdasplus.ee\\\/lt\\\/produktai\\\/stresas-ir-miegas\\\/glicinas-500-mg-120-kapsuliu\\\/#primaryimage\"},\"image\":{\"@id\":\"https:\\\/\\\/puhdasplus.ee\\\/lt\\\/produktai\\\/stresas-ir-miegas\\\/glicinas-500-mg-120-kapsuliu\\\/#primaryimage\"},\"thumbnailUrl\":\"https:\\\/\\\/puhdasplus.ee\\\/wp-content\\\/uploads\\\/2026\\\/04\\\/puhdas_Glysine120kaps-scaled.jpg\",\"datePublished\":\"2026-04-21T10:15:59+00:00\",\"dateModified\":\"2026-05-13T16:51:38+00:00\",\"description\":\"Puhdas+ Glicinas 500 mg \u2013 gryna aminor\u016bg\u0161tis vakariniam atsipalaidavimui ir ramiam miegui. 120 vegani\u0161k\u0173 kapsuli\u0173. U\u017esakykite i\u0161 Estijos.\",\"breadcrumb\":{\"@id\":\"https:\\\/\\\/puhdasplus.ee\\\/lt\\\/produktai\\\/stresas-ir-miegas\\\/glicinas-500-mg-120-kapsuliu\\\/#breadcrumb\"},\"inLanguage\":\"lt-LT\",\"potentialAction\":[{\"@type\":\"ReadAction\",\"target\":[\"https:\\\/\\\/puhdasplus.ee\\\/lt\\\/produktai\\\/stresas-ir-miegas\\\/glicinas-500-mg-120-kapsuliu\\\/\"]}]},{\"@type\":\"ImageObject\",\"inLanguage\":\"lt-LT\",\"@id\":\"https:\\\/\\\/puhdasplus.ee\\\/lt\\\/produktai\\\/stresas-ir-miegas\\\/glicinas-500-mg-120-kapsuliu\\\/#primaryimage\",\"url\":\"https:\\\/\\\/puhdasplus.ee\\\/wp-content\\\/uploads\\\/2026\\\/04\\\/puhdas_Glysine120kaps-scaled.jpg\",\"contentUrl\":\"https:\\\/\\\/puhdasplus.ee\\\/wp-content\\\/uploads\\\/2026\\\/04\\\/puhdas_Glysine120kaps-scaled.jpg\",\"width\":1862,\"height\":2560,\"caption\":\"Puhdas+ Gl\u00fctsiin 500 mg toidulisand 120 vegan kapslit \u2013 aminohape\"},{\"@type\":\"BreadcrumbList\",\"@id\":\"https:\\\/\\\/puhdasplus.ee\\\/lt\\\/produktai\\\/stresas-ir-miegas\\\/glicinas-500-mg-120-kapsuliu\\\/#breadcrumb\",\"itemListElement\":[{\"@type\":\"ListItem\",\"position\":1,\"name\":\"Prad\u017eia\",\"item\":\"https:\\\/\\\/puhdasplus.ee\\\/lt\\\/\"},{\"@type\":\"ListItem\",\"position\":2,\"name\":\"Produktai\",\"item\":\"https:\\\/\\\/puhdasplus.ee\\\/lt\\\/parduotuve\\\/\"},{\"@type\":\"ListItem\",\"position\":3,\"name\":\"Glicinas 500 mg, 120 kapsuli\u0173\"}]},{\"@type\":\"WebSite\",\"@id\":\"https:\\\/\\\/puhdasplus.ee\\\/lt\\\/#website\",\"url\":\"https:\\\/\\\/puhdasplus.ee\\\/lt\\\/\",\"name\":\"Puhdas+\",\"description\":\"Vitaminai, maisto papildai, nat\u016brali kosmetika, sveikata, sportas\",\"publisher\":{\"@id\":\"https:\\\/\\\/puhdasplus.ee\\\/lt\\\/#organization\"},\"potentialAction\":[{\"@type\":\"SearchAction\",\"target\":{\"@type\":\"EntryPoint\",\"urlTemplate\":\"https:\\\/\\\/puhdasplus.ee\\\/lt\\\/?s={search_term_string}\"},\"query-input\":{\"@type\":\"PropertyValueSpecification\",\"valueRequired\":true,\"valueName\":\"search_term_string\"}}],\"inLanguage\":\"lt-LT\"},{\"@type\":\"Organization\",\"@id\":\"https:\\\/\\\/puhdasplus.ee\\\/lt\\\/#organization\",\"name\":\"Puhdas+\",\"alternateName\":\"Puhdasplus\",\"url\":\"https:\\\/\\\/puhdasplus.ee\\\/lt\\\/\",\"logo\":{\"@type\":\"ImageObject\",\"inLanguage\":\"lt-LT\",\"@id\":\"https:\\\/\\\/puhdasplus.ee\\\/lt\\\/#\\\/schema\\\/logo\\\/image\\\/\",\"url\":\"https:\\\/\\\/puhdasplus.ee\\\/wp-content\\\/uploads\\\/2019\\\/10\\\/puhdas_logo-arvele.png\",\"contentUrl\":\"https:\\\/\\\/puhdasplus.ee\\\/wp-content\\\/uploads\\\/2019\\\/10\\\/puhdas_logo-arvele.png\",\"width\":114,\"height\":94,\"caption\":\"Puhdas+\"},\"image\":{\"@id\":\"https:\\\/\\\/puhdasplus.ee\\\/lt\\\/#\\\/schema\\\/logo\\\/image\\\/\"},\"sameAs\":[\"https:\\\/\\\/www.facebook.com\\\/puhdasplus\",\"https:\\\/\\\/www.instagram.com\\\/puhdasplus_ee\\\/\"]}]}<\/script>\n<!-- \/ Yoast SEO plugin. -->","yoast_head_json":{"title":"Glicinas 500 mg 120 kaps. \u2013 Aminor\u016bg\u0161tis miegui | Puhdas+","description":"Puhdas+ Glicinas 500 mg \u2013 gryna aminor\u016bg\u0161tis vakariniam atsipalaidavimui ir ramiam miegui. 120 vegani\u0161k\u0173 kapsuli\u0173. U\u017esakykite i\u0161 Estijos.","robots":{"index":"index","follow":"follow","max-snippet":"max-snippet:-1","max-image-preview":"max-image-preview:large","max-video-preview":"max-video-preview:-1"},"canonical":"https:\/\/puhdasplus.ee\/lt\/produktai\/stresas-ir-miegas\/glicinas-500-mg-120-kapsuliu\/","og_locale":"lt_LT","og_type":"article","og_title":"Glicinas 500 mg 120 kaps. \u2013 Aminor\u016bg\u0161tis miegui | Puhdas+","og_description":"Puhdas+ Glicinas 500 mg \u2013 gryna aminor\u016bg\u0161tis vakariniam atsipalaidavimui ir ramiam miegui. 120 vegani\u0161k\u0173 kapsuli\u0173. U\u017esakykite i\u0161 Estijos.","og_url":"https:\/\/puhdasplus.ee\/lt\/produktai\/stresas-ir-miegas\/glicinas-500-mg-120-kapsuliu\/","og_site_name":"Puhdas+","article_publisher":"https:\/\/www.facebook.com\/puhdasplus","article_modified_time":"2026-05-13T16:51:38+00:00","og_image":[{"width":1862,"height":2560,"url":"https:\/\/puhdasplus.ee\/wp-content\/uploads\/2026\/04\/puhdas_Glysine120kaps-scaled.jpg","type":"image\/jpeg"}],"twitter_card":"summary_large_image","twitter_misc":{"Est. reading time":"1 minut\u0117"},"schema":{"@context":"https:\/\/schema.org","@graph":[{"@type":"WebPage","@id":"https:\/\/puhdasplus.ee\/lt\/produktai\/stresas-ir-miegas\/glicinas-500-mg-120-kapsuliu\/","url":"https:\/\/puhdasplus.ee\/lt\/produktai\/stresas-ir-miegas\/glicinas-500-mg-120-kapsuliu\/","name":"Glicinas 500 mg 120 kaps. \u2013 Aminor\u016bg\u0161tis miegui | Puhdas+","isPartOf":{"@id":"https:\/\/puhdasplus.ee\/lt\/#website"},"primaryImageOfPage":{"@id":"https:\/\/puhdasplus.ee\/lt\/produktai\/stresas-ir-miegas\/glicinas-500-mg-120-kapsuliu\/#primaryimage"},"image":{"@id":"https:\/\/puhdasplus.ee\/lt\/produktai\/stresas-ir-miegas\/glicinas-500-mg-120-kapsuliu\/#primaryimage"},"thumbnailUrl":"https:\/\/puhdasplus.ee\/wp-content\/uploads\/2026\/04\/puhdas_Glysine120kaps-scaled.jpg","datePublished":"2026-04-21T10:15:59+00:00","dateModified":"2026-05-13T16:51:38+00:00","description":"Puhdas+ Glicinas 500 mg \u2013 gryna aminor\u016bg\u0161tis vakariniam atsipalaidavimui ir ramiam miegui. 120 vegani\u0161k\u0173 kapsuli\u0173. U\u017esakykite i\u0161 Estijos.","breadcrumb":{"@id":"https:\/\/puhdasplus.ee\/lt\/produktai\/stresas-ir-miegas\/glicinas-500-mg-120-kapsuliu\/#breadcrumb"},"inLanguage":"lt-LT","potentialAction":[{"@type":"ReadAction","target":["https:\/\/puhdasplus.ee\/lt\/produktai\/stresas-ir-miegas\/glicinas-500-mg-120-kapsuliu\/"]}]},{"@type":"ImageObject","inLanguage":"lt-LT","@id":"https:\/\/puhdasplus.ee\/lt\/produktai\/stresas-ir-miegas\/glicinas-500-mg-120-kapsuliu\/#primaryimage","url":"https:\/\/puhdasplus.ee\/wp-content\/uploads\/2026\/04\/puhdas_Glysine120kaps-scaled.jpg","contentUrl":"https:\/\/puhdasplus.ee\/wp-content\/uploads\/2026\/04\/puhdas_Glysine120kaps-scaled.jpg","width":1862,"height":2560,"caption":"Puhdas+ Gl\u00fctsiin 500 mg toidulisand 120 vegan kapslit \u2013 aminohape"},{"@type":"BreadcrumbList","@id":"https:\/\/puhdasplus.ee\/lt\/produktai\/stresas-ir-miegas\/glicinas-500-mg-120-kapsuliu\/#breadcrumb","itemListElement":[{"@type":"ListItem","position":1,"name":"Prad\u017eia","item":"https:\/\/puhdasplus.ee\/lt\/"},{"@type":"ListItem","position":2,"name":"Produktai","item":"https:\/\/puhdasplus.ee\/lt\/parduotuve\/"},{"@type":"ListItem","position":3,"name":"Glicinas 500 mg, 120 kapsuli\u0173"}]},{"@type":"WebSite","@id":"https:\/\/puhdasplus.ee\/lt\/#website","url":"https:\/\/puhdasplus.ee\/lt\/","name":"Puhdas+","description":"Vitaminai, maisto papildai, nat\u016brali kosmetika, sveikata, sportas","publisher":{"@id":"https:\/\/puhdasplus.ee\/lt\/#organization"},"potentialAction":[{"@type":"SearchAction","target":{"@type":"EntryPoint","urlTemplate":"https:\/\/puhdasplus.ee\/lt\/?s={search_term_string}"},"query-input":{"@type":"PropertyValueSpecification","valueRequired":true,"valueName":"search_term_string"}}],"inLanguage":"lt-LT"},{"@type":"Organization","@id":"https:\/\/puhdasplus.ee\/lt\/#organization","name":"Puhdas+","alternateName":"Puhdasplus","url":"https:\/\/puhdasplus.ee\/lt\/","logo":{"@type":"ImageObject","inLanguage":"lt-LT","@id":"https:\/\/puhdasplus.ee\/lt\/#\/schema\/logo\/image\/","url":"https:\/\/puhdasplus.ee\/wp-content\/uploads\/2019\/10\/puhdas_logo-arvele.png","contentUrl":"https:\/\/puhdasplus.ee\/wp-content\/uploads\/2019\/10\/puhdas_logo-arvele.png","width":114,"height":94,"caption":"Puhdas+"},"image":{"@id":"https:\/\/puhdasplus.ee\/lt\/#\/schema\/logo\/image\/"},"sameAs":["https:\/\/www.facebook.com\/puhdasplus","https:\/\/www.instagram.com\/puhdasplus_ee\/"]}]}},"_yoast_wpseo_title":"Glicinas 500 mg 120 kaps. \u2013 Aminor\u016bg\u0161tis miegui | Puhdas+","_yoast_wpseo_metadesc":"Puhdas+ Glicinas 500 mg \u2013 gryna aminor\u016bg\u0161tis vakariniam atsipalaidavimui ir ramiam miegui. 120 vegani\u0161k\u0173 kapsuli\u0173. U\u017esakykite i\u0161 Estijos.","_yoast_wpseo_focuskw":"glicinas maisto papildas","_links":{"self":[{"href":"https:\/\/puhdasplus.ee\/lt\/wp-json\/wp\/v2\/product\/361214","targetHints":{"allow":["GET"]}}],"collection":[{"href":"https:\/\/puhdasplus.ee\/lt\/wp-json\/wp\/v2\/product"}],"about":[{"href":"https:\/\/puhdasplus.ee\/lt\/wp-json\/wp\/v2\/types\/product"}],"replies":[{"embeddable":true,"href":"https:\/\/puhdasplus.ee\/lt\/wp-json\/wp\/v2\/comments?post=361214"}],"wp:featuredmedia":[{"embeddable":true,"href":"https:\/\/puhdasplus.ee\/lt\/wp-json\/wp\/v2\/media\/361249"}],"wp:attachment":[{"href":"https:\/\/puhdasplus.ee\/lt\/wp-json\/wp\/v2\/media?parent=361214"}],"wp:term":[{"taxonomy":"product_brand","embeddable":true,"href":"https:\/\/puhdasplus.ee\/lt\/wp-json\/wp\/v2\/product_brand?post=361214"},{"taxonomy":"product_cat","embeddable":true,"href":"https:\/\/puhdasplus.ee\/lt\/wp-json\/wp\/v2\/product_cat?post=361214"},{"taxonomy":"product_tag","embeddable":true,"href":"https:\/\/puhdasplus.ee\/lt\/wp-json\/wp\/v2\/product_tag?post=361214"}],"curies":[{"name":"wp","href":"https:\/\/api.w.org\/{rel}","templated":true}]}}