{"id":360351,"date":"2026-03-30T21:51:14","date_gmt":"2026-03-30T18:51:14","guid":{"rendered":"https:\/\/puhdasplus.ee\/tooted\/maaratlemata\/multivitaminai-60-kapsuliu\/"},"modified":"2026-04-07T10:50:09","modified_gmt":"2026-04-07T07:50:09","slug":"multivitaminai-60-kapsuliu","status":"publish","type":"product","link":"https:\/\/puhdasplus.ee\/lt\/produktai\/imunine-sistema\/multivitaminai-60-kapsuliu\/","title":{"rendered":"Multivitaminai 60 kapsuli\u0173"},"content":{"rendered":"<h2><strong>Kod\u0117l rinktis Stipr\u0173 Multivitamin\u0105?<\/strong><\/h2>\n<p>&nbsp;<\/p>\n<p><strong>Puhdas+ Stiprus Multivitaminas<\/strong> gerai absorbuojamas ir daugiafunkcis maisto papildas, kuris padeda papildyti kasdien\u012f vitamin\u0173 ir mineral\u0173 gavim\u0105. Produktas sudarytas i\u0161 kruop\u0161\u010diai parinkt\u0173 vitamin\u0173 ir mineral\u0173 bei citrus\u0173 bioflavonoid\u0173, kurie palaiko kasdien\u0119 organizmo pusiausvyr\u0105.<\/p>\n<p class=\"p1\">Neturi laktoz\u0117s, gliuteno, mieli\u0173, cukraus ar sojos. Tinka veganams ir yra patogus &#8216;viskas viename&#8217; sprendimas kasdieniam vartojimui.<\/p>\n<p>&nbsp;<\/p>\n<h2><strong>K\u0105 \u0161is produktas turi ir palaiko?<\/strong><\/h2>\n<p>&nbsp;<\/p>\n<ul>\n<li>C vitaminas padeda normaliai imunitetui funkcionuoti<\/li>\n<li>D vitaminas padeda normaliai imunitetui funkcionuoti<\/li>\n<li>B2, B6 ir B12 vitaminai padeda ma\u017einti nuovarg\u012f ir i\u0161sekim\u0105<\/li>\n<li>Gele\u017eis padeda deguonies transportui organizme<\/li>\n<li>Cinkas padeda normaliai imunitetui funkcionuoti<\/li>\n<li>Selenas padeda apsaugoti l\u0105steles nuo oksidacinio streso<\/li>\n<li>Jodas padeda normalioms energijos apykaitos procesams<\/li>\n<\/ul>\n<p>&nbsp;<\/p>\n<h2><strong>Sudedamosios dalys <\/strong><\/h2>\n<p>&nbsp;<\/p>\n<p class=\"p1\">U\u017epildas (mikrokristalinis celiulioz\u0117s), kapsul\u0117 (hidroksipropilmetilceliulioz\u0117s, gelano gumos), L-askorbo r\u016bg\u0161tis, citrus\u0173 bioflavonoidai, cinko bisglicin\u0101tas, gele\u017eies fumaratas, L-selenometionin\u0105, kolekalciferolis, beta karotinas, metilkobalaminas, piridoksinvandentilio chloridas, riboflavinas, folio r\u016bg\u0161tis, kalio jodidas.<\/p>\n<p>Neturi pieno, laktoz\u0117s, mieli\u0173 ar gliuteno. Neturi cukraus, druskos, sojos ar saldikli\u0173.<\/p>\n<p>&nbsp;<\/p>\n<h2 class=\"p1\"><b>Maistin\u0117 vert\u0117 vienoje kapsul\u0117je<\/b><\/h2>\n<p>&nbsp;<\/p>\n<p class=\"p1\"><b><\/b>A vitaminas 120 \u00b5g (15% NRV)<\/p>\n<p class=\"p1\">B2 vitaminas 0,8 mg (57% NRV)<\/p>\n<p class=\"p1\">B6 vitaminas 1 mg (71% NRV)<\/p>\n<p class=\"p1\">B12 vitaminas 10 \u00b5g (400% NRV)<\/p>\n<p class=\"p1\">folio r\u016bg\u0161tis 100 \u00b5g (50% NRV)<\/p>\n<p class=\"p1\">C vitaminas 40 mg (50% NRV)<\/p>\n<p class=\"p1\">D vitaminas 10 \u00b5g (200% NRV)<\/p>\n<p class=\"p1\">cinkas 5 mg (50% NRV)<\/p>\n<p class=\"p1\">gele\u017eis 6 mg (43% NRV)<\/p>\n<p class=\"p1\">selenas 30 \u00b5g (55% NRV)<\/p>\n<p class=\"p1\">jodas 75 \u00b5g (50% NRV)<\/p>\n<p class=\"p1\">citrus\u0173 bioflavonoidai 40 mg<\/p>\n<p class=\"p1\">*NRV \u2013 kasdien\u0117s normos suaugusiems \u017emon\u0117ms<\/p>\n<p>&nbsp;<\/p>\n<h2><strong>Vartojimo instrukcijos<\/strong><\/h2>\n<p>Rekomenduojamas kasdien\u0117s doz\u0117s: 1 kapsul\u0117 per par\u0105 kartu su maistu<\/p>\n<p>&nbsp;<\/p>\n<h2><strong>\u012esp\u0117jimai ir saugojimas<\/strong><\/h2>\n<ul>\n<li>Laikyti vaikams nepasiekiamoje vietoje.<\/li>\n<li>Saugoti sausoje, v\u0117sioje vietoje, apsaugotoje nuo tiesioginio saul\u0117s \u0161viesos.<\/li>\n<li>Nevir\u0161yti rekomenduojamos kasdien\u0117s doz\u0117s.<\/li>\n<li>Nenaudoti kaip \u012fvairaus maisto pakaital\u0105. Maisto papildas nepakei\u010dia \u012fvairialyp\u0117s ir subalansuotos mitybos bei sveiko gyvenimo b\u016bdo.<\/li>\n<\/ul>\n<p>&nbsp;<\/p>\n<h2><strong>Grynasis kiekis <\/strong><\/h2>\n<p>23 g (60 kapsuli\u0173)<\/p>\n<p>&nbsp;<\/p>\n<h2><strong>Da\u017enai u\u017eduodami klausimai<\/strong><\/h2>\n<ul>\n<li><strong>Ar galima vartoti kartu su kitais maisto papildais?  <\/strong>Paprastai galima, ta\u010diau reikia steb\u0117ti, kad to paties vitamino ar mineralo kiekis netapt\u0173 per didelis. Jei reikia, pasikonsultuokite su specialistu.<\/li>\n<li><b>Koks geriausias laikas vartoti?  <\/b>Rekomenduojama vartoti kapsul\u0119 kartu su maistu, pavyzd\u017eiui, pusry\u010di\u0173 ar piet\u0173 metu.<\/li>\n<li><b><b>Ar tai tinka \u017emon\u0117ms su jautriu vir\u0161kinamuoju traktu? <\/b><\/b>Produktas turi gerai absorbuojamus vitaminus ir mineralus bei paprastai gerai toleruojamas. Jei turite jautr\u0173 vir\u0161kinim\u0105, prireikus prad\u0117kite nuo ma\u017eesnio kiekio.<\/li>\n<li><b><b>Ar tai tinka vartoti i\u0161tisus metus? <\/b><\/b>Taip, \u0161is multivitaminas tinka vartoti i\u0161tisus metus, siekiant palaikyti kasdien\u0119 organizmo vitamin\u0173 ir mineral\u0173 pusiausvyr\u0105.<\/li>\n<\/ul>\n<table>\n<tbody>\n<tr>\n<td style=\"text-align: center;\"><img decoding=\"async\" class=\"alignnone wp-image-360123\" src=\"https:\/\/puhdasplus.ee\/wp-content\/uploads\/2019\/10\/suhkruvaba-2-150x150.png\" alt=\"be cukraus\" width=\"80\" height=\"80\" \/><br \/>\n<strong>Be cukraus<\/strong><\/td>\n<td style=\"text-align: center;\"><img decoding=\"async\" class=\"alignnone wp-image-360121\" src=\"https:\/\/puhdasplus.ee\/wp-content\/uploads\/2019\/10\/varvainetevaba-150x150.avif\" alt=\"be da\u017eikli\u0173\" width=\"80\" height=\"80\" \/><br \/>\n<strong>Be da\u017eikli\u0173<\/strong><\/td>\n<td style=\"text-align: center;\"><img decoding=\"async\" class=\"alignnone wp-image-360122\" src=\"https:\/\/puhdasplus.ee\/wp-content\/uploads\/2019\/10\/vegan-150x150.png\" alt=\"vegan\" width=\"80\" height=\"80\" \/><br \/>\n<strong>100% Vegan<\/strong><\/td>\n<\/tr>\n<\/tbody>\n<\/table>\n<p>&nbsp;<\/p>\n","protected":false},"excerpt":{"rendered":"<p class=\"p1\"><b>Ar ie\u0161kote paprasto b\u016bdo palaikyti savo kasdien\u012f savijaut\u0105 ir energijos lyg\u012f?<\/b><\/p>\n<p class=\"p1\">Stiprus Multivitaminas yra maisto papildas, kuriame yra vienuolika <span class=\"s1\"> svarbi\u0173 vitamin\u0173 ir mineral\u0173<\/span> kartu su citrus\u0173 bioflavonoidais, kurie padeda <span class=\"s1\"><b>imunitetui <\/b>normaliai funkcionuoti <\/span>ir <span class=\"s1\">ma\u017eina <b>nuovarg\u012f <\/b>bei <b>i\u0161sekim\u0105<\/b><\/span>.<\/p>\n<p class=\"p1\">Gerai absorbuojamos formos ir subalansuota sud\u0117tis palaiko kasdien\u012f organizmo funkcionavim\u0105 bei padeda i\u0161laikyti k\u016bno pusiausvyr\u0105 net intensyviu gyvenimo periodu. <span class=\"s1\">Patogi viena kapsul\u0117 per dien\u0105<\/span> daro vartojim\u0105 paprastu ir nuosekliu.  Tinka veganams ir kasdieniam vartojimui i\u0161tisus metus.<\/p>\n<p>&nbsp;<\/p>\n<p>&nbsp;<\/p>\n","protected":false},"featured_media":360777,"comment_status":"open","ping_status":"closed","template":"","meta":{"_acf_changed":false,"googlesitekit_rrm_CAow3eq7DA:productID":""},"product_brand":[],"product_cat":[3048,3174],"product_tag":[8346,3025,3023,3131,8545,8374,2967],"class_list":{"0":"post-360351","1":"product","2":"type-product","3":"status-publish","4":"has-post-thumbnail","6":"product_cat-imunine-sistema","7":"product_cat-vitaminai","8":"product_tag-be-gliuteno-lt","9":"product_tag-energija","10":"product_tag-imunitetas","11":"product_tag-maisto-papildas","12":"product_tag-multivitaminas","13":"product_tag-suomijos-kokyb-lt","14":"product_tag-veganas","16":"first","17":"onbackorder","18":"taxable","19":"shipping-taxable","20":"purchasable","21":"product-type-simple"},"acf":[],"yoast_head":"<!-- This site is optimized with the Yoast SEO plugin v27.3 - https:\/\/yoast.com\/product\/yoast-seo-wordpress\/ -->\n<title>Multivitaminai 60 kapsuli\u0173 | Puhdas+<\/title>\n<meta name=\"description\" content=\"Puhdas+ Multivitaminai \u2013 11 vitamin\u0173 ir mineral\u0173 vienoje kapsul\u0117je. Vegani\u0161ka ir be pried\u0173 maisto papildas kasdieniam vartojimui. 60 kapsuli\u0173.\" \/>\n<meta name=\"robots\" content=\"index, follow, max-snippet:-1, max-image-preview:large, max-video-preview:-1\" \/>\n<link rel=\"canonical\" href=\"https:\/\/puhdasplus.ee\/lt\/produktai\/imunine-sistema\/multivitaminai-60-kapsuliu\/\" \/>\n<meta property=\"og:locale\" content=\"lt_LT\" \/>\n<meta property=\"og:type\" content=\"article\" \/>\n<meta property=\"og:title\" content=\"Multivitaminai 60 kapsuli\u0173 | Puhdas+\" \/>\n<meta property=\"og:description\" content=\"Puhdas+ Multivitaminai \u2013 11 vitamin\u0173 ir mineral\u0173 vienoje kapsul\u0117je. Vegani\u0161ka ir be pried\u0173 maisto papildas kasdieniam vartojimui. 60 kapsuli\u0173.\" \/>\n<meta property=\"og:url\" content=\"https:\/\/puhdasplus.ee\/lt\/produktai\/imunine-sistema\/multivitaminai-60-kapsuliu\/\" \/>\n<meta property=\"og:site_name\" content=\"Puhdas+\" \/>\n<meta property=\"article:publisher\" content=\"https:\/\/www.facebook.com\/puhdasplus\" \/>\n<meta property=\"article:modified_time\" content=\"2026-04-07T07:50:09+00:00\" \/>\n<meta property=\"og:image\" content=\"https:\/\/puhdasplus.ee\/wp-content\/uploads\/2026\/03\/tooted-ilma-taustata-3-copy-2.jpg\" \/>\n\t<meta property=\"og:image:width\" content=\"1280\" \/>\n\t<meta property=\"og:image:height\" content=\"1760\" \/>\n\t<meta property=\"og:image:type\" content=\"image\/jpeg\" \/>\n<meta name=\"twitter:card\" content=\"summary_large_image\" \/>\n<meta name=\"twitter:label1\" content=\"Est. reading time\" \/>\n\t<meta name=\"twitter:data1\" content=\"2 minut\u0117\" \/>\n<script type=\"application\/ld+json\" class=\"yoast-schema-graph\">{\"@context\":\"https:\\\/\\\/schema.org\",\"@graph\":[{\"@type\":\"WebPage\",\"@id\":\"https:\\\/\\\/puhdasplus.ee\\\/lt\\\/produktai\\\/imunine-sistema\\\/multivitaminai-60-kapsuliu\\\/\",\"url\":\"https:\\\/\\\/puhdasplus.ee\\\/lt\\\/produktai\\\/imunine-sistema\\\/multivitaminai-60-kapsuliu\\\/\",\"name\":\"Multivitaminai 60 kapsuli\u0173 | Puhdas+\",\"isPartOf\":{\"@id\":\"https:\\\/\\\/puhdasplus.ee\\\/lt\\\/#website\"},\"primaryImageOfPage\":{\"@id\":\"https:\\\/\\\/puhdasplus.ee\\\/lt\\\/produktai\\\/imunine-sistema\\\/multivitaminai-60-kapsuliu\\\/#primaryimage\"},\"image\":{\"@id\":\"https:\\\/\\\/puhdasplus.ee\\\/lt\\\/produktai\\\/imunine-sistema\\\/multivitaminai-60-kapsuliu\\\/#primaryimage\"},\"thumbnailUrl\":\"https:\\\/\\\/puhdasplus.ee\\\/wp-content\\\/uploads\\\/2026\\\/03\\\/tooted-ilma-taustata-3-copy-2.jpg\",\"datePublished\":\"2026-03-30T18:51:14+00:00\",\"dateModified\":\"2026-04-07T07:50:09+00:00\",\"description\":\"Puhdas+ Multivitaminai \u2013 11 vitamin\u0173 ir mineral\u0173 vienoje kapsul\u0117je. Vegani\u0161ka ir be pried\u0173 maisto papildas kasdieniam vartojimui. 60 kapsuli\u0173.\",\"breadcrumb\":{\"@id\":\"https:\\\/\\\/puhdasplus.ee\\\/lt\\\/produktai\\\/imunine-sistema\\\/multivitaminai-60-kapsuliu\\\/#breadcrumb\"},\"inLanguage\":\"lt-LT\",\"potentialAction\":[{\"@type\":\"ReadAction\",\"target\":[\"https:\\\/\\\/puhdasplus.ee\\\/lt\\\/produktai\\\/imunine-sistema\\\/multivitaminai-60-kapsuliu\\\/\"]}]},{\"@type\":\"ImageObject\",\"inLanguage\":\"lt-LT\",\"@id\":\"https:\\\/\\\/puhdasplus.ee\\\/lt\\\/produktai\\\/imunine-sistema\\\/multivitaminai-60-kapsuliu\\\/#primaryimage\",\"url\":\"https:\\\/\\\/puhdasplus.ee\\\/wp-content\\\/uploads\\\/2026\\\/03\\\/tooted-ilma-taustata-3-copy-2.jpg\",\"contentUrl\":\"https:\\\/\\\/puhdasplus.ee\\\/wp-content\\\/uploads\\\/2026\\\/03\\\/tooted-ilma-taustata-3-copy-2.jpg\",\"width\":1280,\"height\":1760,\"caption\":\"Multivitamiin 60 kapslit\"},{\"@type\":\"BreadcrumbList\",\"@id\":\"https:\\\/\\\/puhdasplus.ee\\\/lt\\\/produktai\\\/imunine-sistema\\\/multivitaminai-60-kapsuliu\\\/#breadcrumb\",\"itemListElement\":[{\"@type\":\"ListItem\",\"position\":1,\"name\":\"Prad\u017eia\",\"item\":\"https:\\\/\\\/puhdasplus.ee\\\/lt\\\/\"},{\"@type\":\"ListItem\",\"position\":2,\"name\":\"Produktai\",\"item\":\"https:\\\/\\\/puhdasplus.ee\\\/lt\\\/parduotuve\\\/\"},{\"@type\":\"ListItem\",\"position\":3,\"name\":\"Multivitaminai 60 kapsuli\u0173\"}]},{\"@type\":\"WebSite\",\"@id\":\"https:\\\/\\\/puhdasplus.ee\\\/lt\\\/#website\",\"url\":\"https:\\\/\\\/puhdasplus.ee\\\/lt\\\/\",\"name\":\"Puhdas+\",\"description\":\"Vitaminai, maisto papildai, nat\u016brali kosmetika, sveikata, sportas\",\"publisher\":{\"@id\":\"https:\\\/\\\/puhdasplus.ee\\\/lt\\\/#organization\"},\"potentialAction\":[{\"@type\":\"SearchAction\",\"target\":{\"@type\":\"EntryPoint\",\"urlTemplate\":\"https:\\\/\\\/puhdasplus.ee\\\/lt\\\/?s={search_term_string}\"},\"query-input\":{\"@type\":\"PropertyValueSpecification\",\"valueRequired\":true,\"valueName\":\"search_term_string\"}}],\"inLanguage\":\"lt-LT\"},{\"@type\":\"Organization\",\"@id\":\"https:\\\/\\\/puhdasplus.ee\\\/lt\\\/#organization\",\"name\":\"Puhdas+\",\"alternateName\":\"Puhdasplus\",\"url\":\"https:\\\/\\\/puhdasplus.ee\\\/lt\\\/\",\"logo\":{\"@type\":\"ImageObject\",\"inLanguage\":\"lt-LT\",\"@id\":\"https:\\\/\\\/puhdasplus.ee\\\/lt\\\/#\\\/schema\\\/logo\\\/image\\\/\",\"url\":\"https:\\\/\\\/puhdasplus.ee\\\/wp-content\\\/uploads\\\/2019\\\/10\\\/puhdas_logo-arvele.png\",\"contentUrl\":\"https:\\\/\\\/puhdasplus.ee\\\/wp-content\\\/uploads\\\/2019\\\/10\\\/puhdas_logo-arvele.png\",\"width\":114,\"height\":94,\"caption\":\"Puhdas+\"},\"image\":{\"@id\":\"https:\\\/\\\/puhdasplus.ee\\\/lt\\\/#\\\/schema\\\/logo\\\/image\\\/\"},\"sameAs\":[\"https:\\\/\\\/www.facebook.com\\\/puhdasplus\",\"https:\\\/\\\/www.instagram.com\\\/puhdasplus_ee\\\/\"]}]}<\/script>\n<!-- \/ Yoast SEO plugin. -->","yoast_head_json":{"title":"Multivitaminai 60 kapsuli\u0173 | Puhdas+","description":"Puhdas+ Multivitaminai \u2013 11 vitamin\u0173 ir mineral\u0173 vienoje kapsul\u0117je. Vegani\u0161ka ir be pried\u0173 maisto papildas kasdieniam vartojimui. 60 kapsuli\u0173.","robots":{"index":"index","follow":"follow","max-snippet":"max-snippet:-1","max-image-preview":"max-image-preview:large","max-video-preview":"max-video-preview:-1"},"canonical":"https:\/\/puhdasplus.ee\/lt\/produktai\/imunine-sistema\/multivitaminai-60-kapsuliu\/","og_locale":"lt_LT","og_type":"article","og_title":"Multivitaminai 60 kapsuli\u0173 | Puhdas+","og_description":"Puhdas+ Multivitaminai \u2013 11 vitamin\u0173 ir mineral\u0173 vienoje kapsul\u0117je. Vegani\u0161ka ir be pried\u0173 maisto papildas kasdieniam vartojimui. 60 kapsuli\u0173.","og_url":"https:\/\/puhdasplus.ee\/lt\/produktai\/imunine-sistema\/multivitaminai-60-kapsuliu\/","og_site_name":"Puhdas+","article_publisher":"https:\/\/www.facebook.com\/puhdasplus","article_modified_time":"2026-04-07T07:50:09+00:00","og_image":[{"width":1280,"height":1760,"url":"https:\/\/puhdasplus.ee\/wp-content\/uploads\/2026\/03\/tooted-ilma-taustata-3-copy-2.jpg","type":"image\/jpeg"}],"twitter_card":"summary_large_image","twitter_misc":{"Est. reading time":"2 minut\u0117"},"schema":{"@context":"https:\/\/schema.org","@graph":[{"@type":"WebPage","@id":"https:\/\/puhdasplus.ee\/lt\/produktai\/imunine-sistema\/multivitaminai-60-kapsuliu\/","url":"https:\/\/puhdasplus.ee\/lt\/produktai\/imunine-sistema\/multivitaminai-60-kapsuliu\/","name":"Multivitaminai 60 kapsuli\u0173 | Puhdas+","isPartOf":{"@id":"https:\/\/puhdasplus.ee\/lt\/#website"},"primaryImageOfPage":{"@id":"https:\/\/puhdasplus.ee\/lt\/produktai\/imunine-sistema\/multivitaminai-60-kapsuliu\/#primaryimage"},"image":{"@id":"https:\/\/puhdasplus.ee\/lt\/produktai\/imunine-sistema\/multivitaminai-60-kapsuliu\/#primaryimage"},"thumbnailUrl":"https:\/\/puhdasplus.ee\/wp-content\/uploads\/2026\/03\/tooted-ilma-taustata-3-copy-2.jpg","datePublished":"2026-03-30T18:51:14+00:00","dateModified":"2026-04-07T07:50:09+00:00","description":"Puhdas+ Multivitaminai \u2013 11 vitamin\u0173 ir mineral\u0173 vienoje kapsul\u0117je. Vegani\u0161ka ir be pried\u0173 maisto papildas kasdieniam vartojimui. 60 kapsuli\u0173.","breadcrumb":{"@id":"https:\/\/puhdasplus.ee\/lt\/produktai\/imunine-sistema\/multivitaminai-60-kapsuliu\/#breadcrumb"},"inLanguage":"lt-LT","potentialAction":[{"@type":"ReadAction","target":["https:\/\/puhdasplus.ee\/lt\/produktai\/imunine-sistema\/multivitaminai-60-kapsuliu\/"]}]},{"@type":"ImageObject","inLanguage":"lt-LT","@id":"https:\/\/puhdasplus.ee\/lt\/produktai\/imunine-sistema\/multivitaminai-60-kapsuliu\/#primaryimage","url":"https:\/\/puhdasplus.ee\/wp-content\/uploads\/2026\/03\/tooted-ilma-taustata-3-copy-2.jpg","contentUrl":"https:\/\/puhdasplus.ee\/wp-content\/uploads\/2026\/03\/tooted-ilma-taustata-3-copy-2.jpg","width":1280,"height":1760,"caption":"Multivitamiin 60 kapslit"},{"@type":"BreadcrumbList","@id":"https:\/\/puhdasplus.ee\/lt\/produktai\/imunine-sistema\/multivitaminai-60-kapsuliu\/#breadcrumb","itemListElement":[{"@type":"ListItem","position":1,"name":"Prad\u017eia","item":"https:\/\/puhdasplus.ee\/lt\/"},{"@type":"ListItem","position":2,"name":"Produktai","item":"https:\/\/puhdasplus.ee\/lt\/parduotuve\/"},{"@type":"ListItem","position":3,"name":"Multivitaminai 60 kapsuli\u0173"}]},{"@type":"WebSite","@id":"https:\/\/puhdasplus.ee\/lt\/#website","url":"https:\/\/puhdasplus.ee\/lt\/","name":"Puhdas+","description":"Vitaminai, maisto papildai, nat\u016brali kosmetika, sveikata, sportas","publisher":{"@id":"https:\/\/puhdasplus.ee\/lt\/#organization"},"potentialAction":[{"@type":"SearchAction","target":{"@type":"EntryPoint","urlTemplate":"https:\/\/puhdasplus.ee\/lt\/?s={search_term_string}"},"query-input":{"@type":"PropertyValueSpecification","valueRequired":true,"valueName":"search_term_string"}}],"inLanguage":"lt-LT"},{"@type":"Organization","@id":"https:\/\/puhdasplus.ee\/lt\/#organization","name":"Puhdas+","alternateName":"Puhdasplus","url":"https:\/\/puhdasplus.ee\/lt\/","logo":{"@type":"ImageObject","inLanguage":"lt-LT","@id":"https:\/\/puhdasplus.ee\/lt\/#\/schema\/logo\/image\/","url":"https:\/\/puhdasplus.ee\/wp-content\/uploads\/2019\/10\/puhdas_logo-arvele.png","contentUrl":"https:\/\/puhdasplus.ee\/wp-content\/uploads\/2019\/10\/puhdas_logo-arvele.png","width":114,"height":94,"caption":"Puhdas+"},"image":{"@id":"https:\/\/puhdasplus.ee\/lt\/#\/schema\/logo\/image\/"},"sameAs":["https:\/\/www.facebook.com\/puhdasplus","https:\/\/www.instagram.com\/puhdasplus_ee\/"]}]}},"_yoast_wpseo_title":"Multivitaminai 60 kapsuli\u0173 | Puhdas+","_yoast_wpseo_metadesc":"Puhdas+ Multivitaminai \u2013 11 vitamin\u0173 ir mineral\u0173 vienoje kapsul\u0117je. Vegani\u0161ka ir be pried\u0173 maisto papildas kasdieniam vartojimui. 60 kapsuli\u0173.","_yoast_wpseo_focuskw":"multivitaminai kapsul\u0117s","_links":{"self":[{"href":"https:\/\/puhdasplus.ee\/lt\/wp-json\/wp\/v2\/product\/360351","targetHints":{"allow":["GET"]}}],"collection":[{"href":"https:\/\/puhdasplus.ee\/lt\/wp-json\/wp\/v2\/product"}],"about":[{"href":"https:\/\/puhdasplus.ee\/lt\/wp-json\/wp\/v2\/types\/product"}],"replies":[{"embeddable":true,"href":"https:\/\/puhdasplus.ee\/lt\/wp-json\/wp\/v2\/comments?post=360351"}],"wp:featuredmedia":[{"embeddable":true,"href":"https:\/\/puhdasplus.ee\/lt\/wp-json\/wp\/v2\/media\/360777"}],"wp:attachment":[{"href":"https:\/\/puhdasplus.ee\/lt\/wp-json\/wp\/v2\/media?parent=360351"}],"wp:term":[{"taxonomy":"product_brand","embeddable":true,"href":"https:\/\/puhdasplus.ee\/lt\/wp-json\/wp\/v2\/product_brand?post=360351"},{"taxonomy":"product_cat","embeddable":true,"href":"https:\/\/puhdasplus.ee\/lt\/wp-json\/wp\/v2\/product_cat?post=360351"},{"taxonomy":"product_tag","embeddable":true,"href":"https:\/\/puhdasplus.ee\/lt\/wp-json\/wp\/v2\/product_tag?post=360351"}],"curies":[{"name":"wp","href":"https:\/\/api.w.org\/{rel}","templated":true}]}}