{"id":360348,"date":"2026-03-30T21:50:15","date_gmt":"2026-03-30T18:50:15","guid":{"rendered":"https:\/\/puhdasplus.ee\/tooted\/maaratlemata\/cinkas-ir-biotinas-silicis-60-kapsuliu\/"},"modified":"2026-04-07T10:44:30","modified_gmt":"2026-04-07T07:44:30","slug":"cinkas-ir-biotinas-silicis-60-kapsuliu","status":"publish","type":"product","link":"https:\/\/puhdasplus.ee\/lt\/produktai\/mineralai\/cinkas-ir-biotinas-silicis-60-kapsuliu\/","title":{"rendered":"Cinkas ir biotinas + silicis 60 kapsuli\u0173"},"content":{"rendered":"<p>Puhdas+ Cinkas &amp; Biotinas yra maisto papildas, kuriame yra cinko, biotino ir silicio (silicio jungini\u0173).<\/p>\n<h2>Vartojimo instrukcija<\/h2>\n<p>1 kapsul\u0117 per par\u0105. Negalima vir\u0161yti rekomenduojamos paros doz\u0117s.<\/p>\n<h2>Sud\u0117tis<\/h2>\n<p>Silicio \u0161altinis (kiezelguras), kapsul\u0117 (stabilizatoriai: hidroksipropilmetilceliulioz\u0117, gelano derva), cinko citratas, u\u017epildas (mikrokristalinis celiulioz\u0117), D-biotinas.<\/p>\n<h2>Maistin\u0117 vert\u0117<\/h2>\n<p data-start=\"434\" data-end=\"456\"><strong data-start=\"434\" data-end=\"456\">1 kapsul\u0117je yra:<\/strong><\/p>\n<ul data-start=\"457\" data-end=\"589\">\n<li data-section-id=\"16mak8\" data-start=\"457\" data-end=\"522\"><strong data-start=\"459\" data-end=\"487\">Kiezelguras (silicio \u0161altinis):<\/strong> 119 mg\n<ul data-start=\"499\" data-end=\"522\">\n<li data-section-id=\"1oi7gcq\" data-start=\"499\" data-end=\"522\">i\u0161 kuri\u0173 silicio: 50 mg<\/li>\n<\/ul>\n<\/li>\n<li data-section-id=\"l57kx3\" data-start=\"523\" data-end=\"552\"><strong data-start=\"525\" data-end=\"535\">Cinkas:<\/strong> 10 mg (<em data-start=\"543\" data-end=\"549\">100%<\/em>)<\/li>\n<li data-section-id=\"6mi0z2\" data-start=\"553\" data-end=\"589\"><strong data-start=\"555\" data-end=\"567\">Biotinas:<\/strong> 5000 \u00b5g (<em data-start=\"577\" data-end=\"586\">10 000%<\/em>)<\/li>\n<\/ul>\n<p data-start=\"591\" data-end=\"623\">* % nuo paros normos<\/p>\n<h2><strong>\u012esp\u0117jimai<\/strong><\/h2>\n<ul>\n<li>Maisto papildas negali pakeisti \u012fvairaus ir subalansuoto mitybos raciono bei sveikos gyvensenos.<\/li>\n<li>Laikyti vaikams nepasiekiamoje vietoje.<\/li>\n<li>Negalima vir\u0161yti rekomenduojamos paros doz\u0117s.<\/li>\n<\/ul>\n<p><strong>Gamintojas:<\/strong> New Organics Oy, Suomija<br \/>\n<strong>Importuotojas:<\/strong> NordenBio O\u00dc, Narva mnt 7, 10117 Talinas, Estija<\/p>\n","protected":false},"excerpt":{"rendered":"<p><b>Puhdas+ cinkas &amp; biotinas + silicis 60 kapsuli\u0173<\/b> \u2013 gro\u017eio kapsul\u0117s odai, plaukams ir nagams. Sud\u0117tyje stiprus cinko, biotino ir silicio kiekis.<\/p>\n","protected":false},"featured_media":360781,"comment_status":"open","ping_status":"closed","template":"","meta":{"_acf_changed":false,"googlesitekit_rrm_CAow3eq7DA:productID":""},"product_brand":[],"product_cat":[3120,3282],"product_tag":[8346,3284,3131,3285,2562,8374],"class_list":{"0":"post-360348","1":"product","2":"type-product","3":"status-publish","4":"has-post-thumbnail","6":"product_cat-mineralai","7":"product_cat-oda-plaukai-nagai","8":"product_tag-be-gliuteno-lt","9":"product_tag-biotinas","10":"product_tag-maisto-papildas","11":"product_tag-odos-sveikata","12":"product_tag-plauku-prieziura","13":"product_tag-suomijos-kokyb-lt","15":"first","16":"onbackorder","17":"taxable","18":"shipping-taxable","19":"purchasable","20":"product-type-simple"},"acf":[],"yoast_head":"<!-- This site is optimized with the Yoast SEO plugin v27.3 - https:\/\/yoast.com\/product\/yoast-seo-wordpress\/ -->\n<title>Cinkas ir Biotinas + Silicis 60 kapsuli\u0173 | Puhdas+<\/title>\n<meta name=\"description\" content=\"Puhdas+ Cinkas ir Biotinas + Silicis \u2013 kapsul\u0117s odos, plauk\u0173 ir nag\u0173 palaikymui. Cinkas, biotinas ir silicis viename produkte. 60 kapsuli\u0173 kasdieniam vartojimui.\" \/>\n<meta name=\"robots\" content=\"index, follow, max-snippet:-1, max-image-preview:large, max-video-preview:-1\" \/>\n<link rel=\"canonical\" href=\"https:\/\/puhdasplus.ee\/lt\/produktai\/mineralai\/cinkas-ir-biotinas-silicis-60-kapsuliu\/\" \/>\n<meta property=\"og:locale\" content=\"lt_LT\" \/>\n<meta property=\"og:type\" content=\"article\" \/>\n<meta property=\"og:title\" content=\"Cinkas ir Biotinas + Silicis 60 kapsuli\u0173 | Puhdas+\" \/>\n<meta property=\"og:description\" content=\"Puhdas+ Cinkas ir Biotinas + Silicis \u2013 kapsul\u0117s odos, plauk\u0173 ir nag\u0173 palaikymui. Cinkas, biotinas ir silicis viename produkte. 60 kapsuli\u0173 kasdieniam vartojimui.\" \/>\n<meta property=\"og:url\" content=\"https:\/\/puhdasplus.ee\/lt\/produktai\/mineralai\/cinkas-ir-biotinas-silicis-60-kapsuliu\/\" \/>\n<meta property=\"og:site_name\" content=\"Puhdas+\" \/>\n<meta property=\"article:publisher\" content=\"https:\/\/www.facebook.com\/puhdasplus\" \/>\n<meta property=\"article:modified_time\" content=\"2026-04-07T07:44:30+00:00\" \/>\n<meta property=\"og:image\" content=\"https:\/\/puhdasplus.ee\/wp-content\/uploads\/2026\/03\/tooted-ilma-taustata-copy.png\" \/>\n\t<meta property=\"og:image:width\" content=\"1280\" \/>\n\t<meta property=\"og:image:height\" content=\"1760\" \/>\n\t<meta property=\"og:image:type\" content=\"image\/png\" \/>\n<meta name=\"twitter:card\" content=\"summary_large_image\" \/>\n<meta name=\"twitter:label1\" content=\"Est. reading time\" \/>\n\t<meta name=\"twitter:data1\" content=\"1 minut\u0117\" \/>\n<script type=\"application\/ld+json\" class=\"yoast-schema-graph\">{\"@context\":\"https:\\\/\\\/schema.org\",\"@graph\":[{\"@type\":\"WebPage\",\"@id\":\"https:\\\/\\\/puhdasplus.ee\\\/lt\\\/produktai\\\/mineralai\\\/cinkas-ir-biotinas-silicis-60-kapsuliu\\\/\",\"url\":\"https:\\\/\\\/puhdasplus.ee\\\/lt\\\/produktai\\\/mineralai\\\/cinkas-ir-biotinas-silicis-60-kapsuliu\\\/\",\"name\":\"Cinkas ir Biotinas + Silicis 60 kapsuli\u0173 | Puhdas+\",\"isPartOf\":{\"@id\":\"https:\\\/\\\/puhdasplus.ee\\\/lt\\\/#website\"},\"primaryImageOfPage\":{\"@id\":\"https:\\\/\\\/puhdasplus.ee\\\/lt\\\/produktai\\\/mineralai\\\/cinkas-ir-biotinas-silicis-60-kapsuliu\\\/#primaryimage\"},\"image\":{\"@id\":\"https:\\\/\\\/puhdasplus.ee\\\/lt\\\/produktai\\\/mineralai\\\/cinkas-ir-biotinas-silicis-60-kapsuliu\\\/#primaryimage\"},\"thumbnailUrl\":\"https:\\\/\\\/puhdasplus.ee\\\/wp-content\\\/uploads\\\/2026\\\/03\\\/tooted-ilma-taustata-copy.png\",\"datePublished\":\"2026-03-30T18:50:15+00:00\",\"dateModified\":\"2026-04-07T07:44:30+00:00\",\"description\":\"Puhdas+ Cinkas ir Biotinas + Silicis \u2013 kapsul\u0117s odos, plauk\u0173 ir nag\u0173 palaikymui. Cinkas, biotinas ir silicis viename produkte. 60 kapsuli\u0173 kasdieniam vartojimui.\",\"breadcrumb\":{\"@id\":\"https:\\\/\\\/puhdasplus.ee\\\/lt\\\/produktai\\\/mineralai\\\/cinkas-ir-biotinas-silicis-60-kapsuliu\\\/#breadcrumb\"},\"inLanguage\":\"lt-LT\",\"potentialAction\":[{\"@type\":\"ReadAction\",\"target\":[\"https:\\\/\\\/puhdasplus.ee\\\/lt\\\/produktai\\\/mineralai\\\/cinkas-ir-biotinas-silicis-60-kapsuliu\\\/\"]}]},{\"@type\":\"ImageObject\",\"inLanguage\":\"lt-LT\",\"@id\":\"https:\\\/\\\/puhdasplus.ee\\\/lt\\\/produktai\\\/mineralai\\\/cinkas-ir-biotinas-silicis-60-kapsuliu\\\/#primaryimage\",\"url\":\"https:\\\/\\\/puhdasplus.ee\\\/wp-content\\\/uploads\\\/2026\\\/03\\\/tooted-ilma-taustata-copy.png\",\"contentUrl\":\"https:\\\/\\\/puhdasplus.ee\\\/wp-content\\\/uploads\\\/2026\\\/03\\\/tooted-ilma-taustata-copy.png\",\"width\":1280,\"height\":1760,\"caption\":\"Tsink ja biotiin + r\u00e4ni 60 kapslit\"},{\"@type\":\"BreadcrumbList\",\"@id\":\"https:\\\/\\\/puhdasplus.ee\\\/lt\\\/produktai\\\/mineralai\\\/cinkas-ir-biotinas-silicis-60-kapsuliu\\\/#breadcrumb\",\"itemListElement\":[{\"@type\":\"ListItem\",\"position\":1,\"name\":\"Prad\u017eia\",\"item\":\"https:\\\/\\\/puhdasplus.ee\\\/lt\\\/\"},{\"@type\":\"ListItem\",\"position\":2,\"name\":\"Produktai\",\"item\":\"https:\\\/\\\/puhdasplus.ee\\\/lt\\\/parduotuve\\\/\"},{\"@type\":\"ListItem\",\"position\":3,\"name\":\"Cinkas ir biotinas + silicis 60 kapsuli\u0173\"}]},{\"@type\":\"WebSite\",\"@id\":\"https:\\\/\\\/puhdasplus.ee\\\/lt\\\/#website\",\"url\":\"https:\\\/\\\/puhdasplus.ee\\\/lt\\\/\",\"name\":\"Puhdas+\",\"description\":\"Vitaminai, maisto papildai, nat\u016brali kosmetika, sveikata, sportas\",\"publisher\":{\"@id\":\"https:\\\/\\\/puhdasplus.ee\\\/lt\\\/#organization\"},\"potentialAction\":[{\"@type\":\"SearchAction\",\"target\":{\"@type\":\"EntryPoint\",\"urlTemplate\":\"https:\\\/\\\/puhdasplus.ee\\\/lt\\\/?s={search_term_string}\"},\"query-input\":{\"@type\":\"PropertyValueSpecification\",\"valueRequired\":true,\"valueName\":\"search_term_string\"}}],\"inLanguage\":\"lt-LT\"},{\"@type\":\"Organization\",\"@id\":\"https:\\\/\\\/puhdasplus.ee\\\/lt\\\/#organization\",\"name\":\"Puhdas+\",\"alternateName\":\"Puhdasplus\",\"url\":\"https:\\\/\\\/puhdasplus.ee\\\/lt\\\/\",\"logo\":{\"@type\":\"ImageObject\",\"inLanguage\":\"lt-LT\",\"@id\":\"https:\\\/\\\/puhdasplus.ee\\\/lt\\\/#\\\/schema\\\/logo\\\/image\\\/\",\"url\":\"https:\\\/\\\/puhdasplus.ee\\\/wp-content\\\/uploads\\\/2019\\\/10\\\/puhdas_logo-arvele.png\",\"contentUrl\":\"https:\\\/\\\/puhdasplus.ee\\\/wp-content\\\/uploads\\\/2019\\\/10\\\/puhdas_logo-arvele.png\",\"width\":114,\"height\":94,\"caption\":\"Puhdas+\"},\"image\":{\"@id\":\"https:\\\/\\\/puhdasplus.ee\\\/lt\\\/#\\\/schema\\\/logo\\\/image\\\/\"},\"sameAs\":[\"https:\\\/\\\/www.facebook.com\\\/puhdasplus\",\"https:\\\/\\\/www.instagram.com\\\/puhdasplus_ee\\\/\"]}]}<\/script>\n<!-- \/ Yoast SEO plugin. -->","yoast_head_json":{"title":"Cinkas ir Biotinas + Silicis 60 kapsuli\u0173 | Puhdas+","description":"Puhdas+ Cinkas ir Biotinas + Silicis \u2013 kapsul\u0117s odos, plauk\u0173 ir nag\u0173 palaikymui. Cinkas, biotinas ir silicis viename produkte. 60 kapsuli\u0173 kasdieniam vartojimui.","robots":{"index":"index","follow":"follow","max-snippet":"max-snippet:-1","max-image-preview":"max-image-preview:large","max-video-preview":"max-video-preview:-1"},"canonical":"https:\/\/puhdasplus.ee\/lt\/produktai\/mineralai\/cinkas-ir-biotinas-silicis-60-kapsuliu\/","og_locale":"lt_LT","og_type":"article","og_title":"Cinkas ir Biotinas + Silicis 60 kapsuli\u0173 | Puhdas+","og_description":"Puhdas+ Cinkas ir Biotinas + Silicis \u2013 kapsul\u0117s odos, plauk\u0173 ir nag\u0173 palaikymui. Cinkas, biotinas ir silicis viename produkte. 60 kapsuli\u0173 kasdieniam vartojimui.","og_url":"https:\/\/puhdasplus.ee\/lt\/produktai\/mineralai\/cinkas-ir-biotinas-silicis-60-kapsuliu\/","og_site_name":"Puhdas+","article_publisher":"https:\/\/www.facebook.com\/puhdasplus","article_modified_time":"2026-04-07T07:44:30+00:00","og_image":[{"width":1280,"height":1760,"url":"https:\/\/puhdasplus.ee\/wp-content\/uploads\/2026\/03\/tooted-ilma-taustata-copy.png","type":"image\/png"}],"twitter_card":"summary_large_image","twitter_misc":{"Est. reading time":"1 minut\u0117"},"schema":{"@context":"https:\/\/schema.org","@graph":[{"@type":"WebPage","@id":"https:\/\/puhdasplus.ee\/lt\/produktai\/mineralai\/cinkas-ir-biotinas-silicis-60-kapsuliu\/","url":"https:\/\/puhdasplus.ee\/lt\/produktai\/mineralai\/cinkas-ir-biotinas-silicis-60-kapsuliu\/","name":"Cinkas ir Biotinas + Silicis 60 kapsuli\u0173 | Puhdas+","isPartOf":{"@id":"https:\/\/puhdasplus.ee\/lt\/#website"},"primaryImageOfPage":{"@id":"https:\/\/puhdasplus.ee\/lt\/produktai\/mineralai\/cinkas-ir-biotinas-silicis-60-kapsuliu\/#primaryimage"},"image":{"@id":"https:\/\/puhdasplus.ee\/lt\/produktai\/mineralai\/cinkas-ir-biotinas-silicis-60-kapsuliu\/#primaryimage"},"thumbnailUrl":"https:\/\/puhdasplus.ee\/wp-content\/uploads\/2026\/03\/tooted-ilma-taustata-copy.png","datePublished":"2026-03-30T18:50:15+00:00","dateModified":"2026-04-07T07:44:30+00:00","description":"Puhdas+ Cinkas ir Biotinas + Silicis \u2013 kapsul\u0117s odos, plauk\u0173 ir nag\u0173 palaikymui. Cinkas, biotinas ir silicis viename produkte. 60 kapsuli\u0173 kasdieniam vartojimui.","breadcrumb":{"@id":"https:\/\/puhdasplus.ee\/lt\/produktai\/mineralai\/cinkas-ir-biotinas-silicis-60-kapsuliu\/#breadcrumb"},"inLanguage":"lt-LT","potentialAction":[{"@type":"ReadAction","target":["https:\/\/puhdasplus.ee\/lt\/produktai\/mineralai\/cinkas-ir-biotinas-silicis-60-kapsuliu\/"]}]},{"@type":"ImageObject","inLanguage":"lt-LT","@id":"https:\/\/puhdasplus.ee\/lt\/produktai\/mineralai\/cinkas-ir-biotinas-silicis-60-kapsuliu\/#primaryimage","url":"https:\/\/puhdasplus.ee\/wp-content\/uploads\/2026\/03\/tooted-ilma-taustata-copy.png","contentUrl":"https:\/\/puhdasplus.ee\/wp-content\/uploads\/2026\/03\/tooted-ilma-taustata-copy.png","width":1280,"height":1760,"caption":"Tsink ja biotiin + r\u00e4ni 60 kapslit"},{"@type":"BreadcrumbList","@id":"https:\/\/puhdasplus.ee\/lt\/produktai\/mineralai\/cinkas-ir-biotinas-silicis-60-kapsuliu\/#breadcrumb","itemListElement":[{"@type":"ListItem","position":1,"name":"Prad\u017eia","item":"https:\/\/puhdasplus.ee\/lt\/"},{"@type":"ListItem","position":2,"name":"Produktai","item":"https:\/\/puhdasplus.ee\/lt\/parduotuve\/"},{"@type":"ListItem","position":3,"name":"Cinkas ir biotinas + silicis 60 kapsuli\u0173"}]},{"@type":"WebSite","@id":"https:\/\/puhdasplus.ee\/lt\/#website","url":"https:\/\/puhdasplus.ee\/lt\/","name":"Puhdas+","description":"Vitaminai, maisto papildai, nat\u016brali kosmetika, sveikata, sportas","publisher":{"@id":"https:\/\/puhdasplus.ee\/lt\/#organization"},"potentialAction":[{"@type":"SearchAction","target":{"@type":"EntryPoint","urlTemplate":"https:\/\/puhdasplus.ee\/lt\/?s={search_term_string}"},"query-input":{"@type":"PropertyValueSpecification","valueRequired":true,"valueName":"search_term_string"}}],"inLanguage":"lt-LT"},{"@type":"Organization","@id":"https:\/\/puhdasplus.ee\/lt\/#organization","name":"Puhdas+","alternateName":"Puhdasplus","url":"https:\/\/puhdasplus.ee\/lt\/","logo":{"@type":"ImageObject","inLanguage":"lt-LT","@id":"https:\/\/puhdasplus.ee\/lt\/#\/schema\/logo\/image\/","url":"https:\/\/puhdasplus.ee\/wp-content\/uploads\/2019\/10\/puhdas_logo-arvele.png","contentUrl":"https:\/\/puhdasplus.ee\/wp-content\/uploads\/2019\/10\/puhdas_logo-arvele.png","width":114,"height":94,"caption":"Puhdas+"},"image":{"@id":"https:\/\/puhdasplus.ee\/lt\/#\/schema\/logo\/image\/"},"sameAs":["https:\/\/www.facebook.com\/puhdasplus","https:\/\/www.instagram.com\/puhdasplus_ee\/"]}]}},"_yoast_wpseo_title":"Cinkas ir Biotinas + Silicis 60 kapsuli\u0173 | Puhdas+","_yoast_wpseo_metadesc":"Puhdas+ Cinkas ir Biotinas + Silicis \u2013 kapsul\u0117s odos, plauk\u0173 ir nag\u0173 palaikymui. Cinkas, biotinas ir silicis viename produkte. 60 kapsuli\u0173 kasdieniam vartojimui.","_yoast_wpseo_focuskw":"cinkas biotinas silicis","_links":{"self":[{"href":"https:\/\/puhdasplus.ee\/lt\/wp-json\/wp\/v2\/product\/360348","targetHints":{"allow":["GET"]}}],"collection":[{"href":"https:\/\/puhdasplus.ee\/lt\/wp-json\/wp\/v2\/product"}],"about":[{"href":"https:\/\/puhdasplus.ee\/lt\/wp-json\/wp\/v2\/types\/product"}],"replies":[{"embeddable":true,"href":"https:\/\/puhdasplus.ee\/lt\/wp-json\/wp\/v2\/comments?post=360348"}],"wp:featuredmedia":[{"embeddable":true,"href":"https:\/\/puhdasplus.ee\/lt\/wp-json\/wp\/v2\/media\/360781"}],"wp:attachment":[{"href":"https:\/\/puhdasplus.ee\/lt\/wp-json\/wp\/v2\/media?parent=360348"}],"wp:term":[{"taxonomy":"product_brand","embeddable":true,"href":"https:\/\/puhdasplus.ee\/lt\/wp-json\/wp\/v2\/product_brand?post=360348"},{"taxonomy":"product_cat","embeddable":true,"href":"https:\/\/puhdasplus.ee\/lt\/wp-json\/wp\/v2\/product_cat?post=360348"},{"taxonomy":"product_tag","embeddable":true,"href":"https:\/\/puhdasplus.ee\/lt\/wp-json\/wp\/v2\/product_tag?post=360348"}],"curies":[{"name":"wp","href":"https:\/\/api.w.org\/{rel}","templated":true}]}}