{"id":360341,"date":"2026-04-07T10:41:39","date_gmt":"2026-04-07T07:41:39","guid":{"rendered":"https:\/\/puhdasplus.ee\/tooted\/maaratlemata\/arbatmedzio-kuno-prausiklis-su-citrinzole-250-ml\/"},"modified":"2026-04-07T10:41:39","modified_gmt":"2026-04-07T07:41:39","slug":"arbatmedzio-kuno-prausiklis-su-citrinzole-250-ml","status":"publish","type":"product","link":"https:\/\/puhdasplus.ee\/lt\/produktai\/kosmetika-lt\/arbatmedzio-kuno-prausiklis-su-citrinzole-250-ml\/","title":{"rendered":"Arbatmed\u017eio k\u016bno prausiklis su citrin\u017eole 250 ml"},"content":{"rendered":"<p><strong>Puhdas+ Arbatmed\u017eio k\u016bno prausiklis su citrin\u017eole<\/strong><\/p>\n<p>Universalus ir \u0161velnus prausiklis rankoms, veidui ir k\u016bnui visai \u0161eimai. Sud\u0117tyje yra antiseptinio arbatmed\u017eio aliejaus, kuris veiksmingai valo od\u0105, ta\u010diau i\u0161laiko nat\u016bral\u0173 dr\u0117gm\u0117s balans\u0105 \u2013 be d\u017eiovinan\u010dio poveikio.<\/p>\n<p>Arbatmedis yra tropinio klimato kr\u016bmas, kurio populiarumas grind\u017eiamas veiksmingomis ir gaivaus valymo savyb\u0117mis. Kasdieniam naudojimui tinkama sud\u0117tis palieka od\u0105 \u0161vari\u0105, gaivi\u0105 ir malonaus poj\u016b\u010dio. Prakti\u0161kas buteliukas su pompa palengvina dozavim\u0105.<\/p>\n<p><strong>Su citrin\u017eol\u0117s kvapu<\/strong> \u2013 gaivus ir energij\u0105 teikiantis kvapas.<\/p>\n<h2>Sud\u0117tis<\/h2>\n<p>Aqua, Sodium Laureth Sulfate, Cocamidopropyl Betaine, Melaleuca Alternifolia Leaf Oil, Cymbopogon Citratus Oil, Glycerin, Sodium Chloride, Citric Acid, Sodium Benzoate, Potassium Sorbate, Citral, Geraniol, Limonene.<\/p>\n<h2>\u012esp\u0117jimai<\/h2>\n<p>Tik i\u0161oriniam naudojimui. Saugoti nuo patekimo \u012f akis. Laikyti vaikams nepasiekiamoje vietoje.<\/p>\n","protected":false},"excerpt":{"rendered":"<p><b>Puhdas+ Arbatmed\u017eio k\u016bno prausiklis su citrin\u017eole 250 ml<\/b> \u2013 nat\u016bralus prausiklis su arbatmed\u017eio aliejumi ir gaiviu citrin\u017eol\u0117s kvapu visai \u0161eimai.<\/p>\n","protected":false},"featured_media":359972,"comment_status":"open","ping_status":"closed","template":"","meta":{"_acf_changed":false,"googlesitekit_rrm_CAow3eq7DA:productID":""},"product_brand":[],"product_cat":[2582],"product_tag":[7869,8378,2886,8374],"class_list":{"0":"post-360341","1":"product","2":"type-product","3":"status-publish","4":"has-post-thumbnail","6":"product_cat-kosmetika-lt","7":"product_tag-naturali-kosmetika","8":"product_tag-natralus-lt","9":"product_tag-odos-prieziura","10":"product_tag-suomijos-kokyb-lt","12":"first","13":"onbackorder","14":"taxable","15":"shipping-taxable","16":"purchasable","17":"product-type-simple"},"acf":[],"yoast_head":"<!-- This site is optimized with the Yoast SEO plugin v27.3 - https:\/\/yoast.com\/product\/yoast-seo-wordpress\/ -->\n<title>Arbatmed\u017eio k\u016bno prausiklis su citrin\u017eole 250 ml | Puhdas+<\/title>\n<meta name=\"description\" content=\"Puhdas+ Arbatmed\u017eio k\u016bno prausiklis su citrin\u017eole 250 ml \u2013 nat\u016bralus ir gaivus prausiklis su arbatmed\u017eio aliejumi. \u0160velnus valymas visai \u0161eimai, patogus buteliukas su pompa.\" \/>\n<meta name=\"robots\" content=\"index, follow, max-snippet:-1, max-image-preview:large, max-video-preview:-1\" \/>\n<link rel=\"canonical\" href=\"https:\/\/puhdasplus.ee\/lt\/produktai\/kosmetika-lt\/arbatmedzio-kuno-prausiklis-su-citrinzole-250-ml\/\" \/>\n<meta property=\"og:locale\" content=\"lt_LT\" \/>\n<meta property=\"og:type\" content=\"article\" \/>\n<meta property=\"og:title\" content=\"Arbatmed\u017eio k\u016bno prausiklis su citrin\u017eole 250 ml | Puhdas+\" \/>\n<meta property=\"og:description\" content=\"Puhdas+ Arbatmed\u017eio k\u016bno prausiklis su citrin\u017eole 250 ml \u2013 nat\u016bralus ir gaivus prausiklis su arbatmed\u017eio aliejumi. \u0160velnus valymas visai \u0161eimai, patogus buteliukas su pompa.\" \/>\n<meta property=\"og:url\" content=\"https:\/\/puhdasplus.ee\/lt\/produktai\/kosmetika-lt\/arbatmedzio-kuno-prausiklis-su-citrinzole-250-ml\/\" \/>\n<meta property=\"og:site_name\" content=\"Puhdas+\" \/>\n<meta property=\"article:publisher\" content=\"https:\/\/www.facebook.com\/puhdasplus\" \/>\n<meta property=\"og:image\" content=\"https:\/\/puhdasplus.ee\/wp-content\/uploads\/2026\/03\/359862_0-1.png\" \/>\n\t<meta property=\"og:image:width\" content=\"1862\" \/>\n\t<meta property=\"og:image:height\" content=\"2560\" \/>\n\t<meta property=\"og:image:type\" content=\"image\/png\" \/>\n<meta name=\"twitter:card\" content=\"summary_large_image\" \/>\n<meta name=\"twitter:label1\" content=\"Est. reading time\" \/>\n\t<meta name=\"twitter:data1\" content=\"1 minut\u0117\" \/>\n<script type=\"application\/ld+json\" class=\"yoast-schema-graph\">{\"@context\":\"https:\\\/\\\/schema.org\",\"@graph\":[{\"@type\":\"WebPage\",\"@id\":\"https:\\\/\\\/puhdasplus.ee\\\/lt\\\/produktai\\\/kosmetika-lt\\\/arbatmedzio-kuno-prausiklis-su-citrinzole-250-ml\\\/\",\"url\":\"https:\\\/\\\/puhdasplus.ee\\\/lt\\\/produktai\\\/kosmetika-lt\\\/arbatmedzio-kuno-prausiklis-su-citrinzole-250-ml\\\/\",\"name\":\"Arbatmed\u017eio k\u016bno prausiklis su citrin\u017eole 250 ml | Puhdas+\",\"isPartOf\":{\"@id\":\"https:\\\/\\\/puhdasplus.ee\\\/lt\\\/#website\"},\"primaryImageOfPage\":{\"@id\":\"https:\\\/\\\/puhdasplus.ee\\\/lt\\\/produktai\\\/kosmetika-lt\\\/arbatmedzio-kuno-prausiklis-su-citrinzole-250-ml\\\/#primaryimage\"},\"image\":{\"@id\":\"https:\\\/\\\/puhdasplus.ee\\\/lt\\\/produktai\\\/kosmetika-lt\\\/arbatmedzio-kuno-prausiklis-su-citrinzole-250-ml\\\/#primaryimage\"},\"thumbnailUrl\":\"https:\\\/\\\/puhdasplus.ee\\\/wp-content\\\/uploads\\\/2026\\\/03\\\/359862_0-1.png\",\"datePublished\":\"2026-04-07T07:41:39+00:00\",\"description\":\"Puhdas+ Arbatmed\u017eio k\u016bno prausiklis su citrin\u017eole 250 ml \u2013 nat\u016bralus ir gaivus prausiklis su arbatmed\u017eio aliejumi. \u0160velnus valymas visai \u0161eimai, patogus buteliukas su pompa.\",\"breadcrumb\":{\"@id\":\"https:\\\/\\\/puhdasplus.ee\\\/lt\\\/produktai\\\/kosmetika-lt\\\/arbatmedzio-kuno-prausiklis-su-citrinzole-250-ml\\\/#breadcrumb\"},\"inLanguage\":\"lt-LT\",\"potentialAction\":[{\"@type\":\"ReadAction\",\"target\":[\"https:\\\/\\\/puhdasplus.ee\\\/lt\\\/produktai\\\/kosmetika-lt\\\/arbatmedzio-kuno-prausiklis-su-citrinzole-250-ml\\\/\"]}]},{\"@type\":\"ImageObject\",\"inLanguage\":\"lt-LT\",\"@id\":\"https:\\\/\\\/puhdasplus.ee\\\/lt\\\/produktai\\\/kosmetika-lt\\\/arbatmedzio-kuno-prausiklis-su-citrinzole-250-ml\\\/#primaryimage\",\"url\":\"https:\\\/\\\/puhdasplus.ee\\\/wp-content\\\/uploads\\\/2026\\\/03\\\/359862_0-1.png\",\"contentUrl\":\"https:\\\/\\\/puhdasplus.ee\\\/wp-content\\\/uploads\\\/2026\\\/03\\\/359862_0-1.png\",\"width\":1862,\"height\":2560,\"caption\":\"Teepuu kehapesugeel sidrunheinaga 250 ml | Puhdas+\"},{\"@type\":\"BreadcrumbList\",\"@id\":\"https:\\\/\\\/puhdasplus.ee\\\/lt\\\/produktai\\\/kosmetika-lt\\\/arbatmedzio-kuno-prausiklis-su-citrinzole-250-ml\\\/#breadcrumb\",\"itemListElement\":[{\"@type\":\"ListItem\",\"position\":1,\"name\":\"Prad\u017eia\",\"item\":\"https:\\\/\\\/puhdasplus.ee\\\/lt\\\/\"},{\"@type\":\"ListItem\",\"position\":2,\"name\":\"Produktai\",\"item\":\"https:\\\/\\\/puhdasplus.ee\\\/lt\\\/parduotuve\\\/\"},{\"@type\":\"ListItem\",\"position\":3,\"name\":\"Arbatmed\u017eio k\u016bno prausiklis su citrin\u017eole 250 ml\"}]},{\"@type\":\"WebSite\",\"@id\":\"https:\\\/\\\/puhdasplus.ee\\\/lt\\\/#website\",\"url\":\"https:\\\/\\\/puhdasplus.ee\\\/lt\\\/\",\"name\":\"Puhdas+\",\"description\":\"Vitaminai, maisto papildai, nat\u016brali kosmetika, sveikata, sportas\",\"publisher\":{\"@id\":\"https:\\\/\\\/puhdasplus.ee\\\/lt\\\/#organization\"},\"potentialAction\":[{\"@type\":\"SearchAction\",\"target\":{\"@type\":\"EntryPoint\",\"urlTemplate\":\"https:\\\/\\\/puhdasplus.ee\\\/lt\\\/?s={search_term_string}\"},\"query-input\":{\"@type\":\"PropertyValueSpecification\",\"valueRequired\":true,\"valueName\":\"search_term_string\"}}],\"inLanguage\":\"lt-LT\"},{\"@type\":\"Organization\",\"@id\":\"https:\\\/\\\/puhdasplus.ee\\\/lt\\\/#organization\",\"name\":\"Puhdas+\",\"alternateName\":\"Puhdasplus\",\"url\":\"https:\\\/\\\/puhdasplus.ee\\\/lt\\\/\",\"logo\":{\"@type\":\"ImageObject\",\"inLanguage\":\"lt-LT\",\"@id\":\"https:\\\/\\\/puhdasplus.ee\\\/lt\\\/#\\\/schema\\\/logo\\\/image\\\/\",\"url\":\"https:\\\/\\\/puhdasplus.ee\\\/wp-content\\\/uploads\\\/2019\\\/10\\\/puhdas_logo-arvele.png\",\"contentUrl\":\"https:\\\/\\\/puhdasplus.ee\\\/wp-content\\\/uploads\\\/2019\\\/10\\\/puhdas_logo-arvele.png\",\"width\":114,\"height\":94,\"caption\":\"Puhdas+\"},\"image\":{\"@id\":\"https:\\\/\\\/puhdasplus.ee\\\/lt\\\/#\\\/schema\\\/logo\\\/image\\\/\"},\"sameAs\":[\"https:\\\/\\\/www.facebook.com\\\/puhdasplus\",\"https:\\\/\\\/www.instagram.com\\\/puhdasplus_ee\\\/\"]}]}<\/script>\n<!-- \/ Yoast SEO plugin. -->","yoast_head_json":{"title":"Arbatmed\u017eio k\u016bno prausiklis su citrin\u017eole 250 ml | Puhdas+","description":"Puhdas+ Arbatmed\u017eio k\u016bno prausiklis su citrin\u017eole 250 ml \u2013 nat\u016bralus ir gaivus prausiklis su arbatmed\u017eio aliejumi. \u0160velnus valymas visai \u0161eimai, patogus buteliukas su pompa.","robots":{"index":"index","follow":"follow","max-snippet":"max-snippet:-1","max-image-preview":"max-image-preview:large","max-video-preview":"max-video-preview:-1"},"canonical":"https:\/\/puhdasplus.ee\/lt\/produktai\/kosmetika-lt\/arbatmedzio-kuno-prausiklis-su-citrinzole-250-ml\/","og_locale":"lt_LT","og_type":"article","og_title":"Arbatmed\u017eio k\u016bno prausiklis su citrin\u017eole 250 ml | Puhdas+","og_description":"Puhdas+ Arbatmed\u017eio k\u016bno prausiklis su citrin\u017eole 250 ml \u2013 nat\u016bralus ir gaivus prausiklis su arbatmed\u017eio aliejumi. \u0160velnus valymas visai \u0161eimai, patogus buteliukas su pompa.","og_url":"https:\/\/puhdasplus.ee\/lt\/produktai\/kosmetika-lt\/arbatmedzio-kuno-prausiklis-su-citrinzole-250-ml\/","og_site_name":"Puhdas+","article_publisher":"https:\/\/www.facebook.com\/puhdasplus","og_image":[{"width":1862,"height":2560,"url":"https:\/\/puhdasplus.ee\/wp-content\/uploads\/2026\/03\/359862_0-1.png","type":"image\/png"}],"twitter_card":"summary_large_image","twitter_misc":{"Est. reading time":"1 minut\u0117"},"schema":{"@context":"https:\/\/schema.org","@graph":[{"@type":"WebPage","@id":"https:\/\/puhdasplus.ee\/lt\/produktai\/kosmetika-lt\/arbatmedzio-kuno-prausiklis-su-citrinzole-250-ml\/","url":"https:\/\/puhdasplus.ee\/lt\/produktai\/kosmetika-lt\/arbatmedzio-kuno-prausiklis-su-citrinzole-250-ml\/","name":"Arbatmed\u017eio k\u016bno prausiklis su citrin\u017eole 250 ml | Puhdas+","isPartOf":{"@id":"https:\/\/puhdasplus.ee\/lt\/#website"},"primaryImageOfPage":{"@id":"https:\/\/puhdasplus.ee\/lt\/produktai\/kosmetika-lt\/arbatmedzio-kuno-prausiklis-su-citrinzole-250-ml\/#primaryimage"},"image":{"@id":"https:\/\/puhdasplus.ee\/lt\/produktai\/kosmetika-lt\/arbatmedzio-kuno-prausiklis-su-citrinzole-250-ml\/#primaryimage"},"thumbnailUrl":"https:\/\/puhdasplus.ee\/wp-content\/uploads\/2026\/03\/359862_0-1.png","datePublished":"2026-04-07T07:41:39+00:00","description":"Puhdas+ Arbatmed\u017eio k\u016bno prausiklis su citrin\u017eole 250 ml \u2013 nat\u016bralus ir gaivus prausiklis su arbatmed\u017eio aliejumi. \u0160velnus valymas visai \u0161eimai, patogus buteliukas su pompa.","breadcrumb":{"@id":"https:\/\/puhdasplus.ee\/lt\/produktai\/kosmetika-lt\/arbatmedzio-kuno-prausiklis-su-citrinzole-250-ml\/#breadcrumb"},"inLanguage":"lt-LT","potentialAction":[{"@type":"ReadAction","target":["https:\/\/puhdasplus.ee\/lt\/produktai\/kosmetika-lt\/arbatmedzio-kuno-prausiklis-su-citrinzole-250-ml\/"]}]},{"@type":"ImageObject","inLanguage":"lt-LT","@id":"https:\/\/puhdasplus.ee\/lt\/produktai\/kosmetika-lt\/arbatmedzio-kuno-prausiklis-su-citrinzole-250-ml\/#primaryimage","url":"https:\/\/puhdasplus.ee\/wp-content\/uploads\/2026\/03\/359862_0-1.png","contentUrl":"https:\/\/puhdasplus.ee\/wp-content\/uploads\/2026\/03\/359862_0-1.png","width":1862,"height":2560,"caption":"Teepuu kehapesugeel sidrunheinaga 250 ml | Puhdas+"},{"@type":"BreadcrumbList","@id":"https:\/\/puhdasplus.ee\/lt\/produktai\/kosmetika-lt\/arbatmedzio-kuno-prausiklis-su-citrinzole-250-ml\/#breadcrumb","itemListElement":[{"@type":"ListItem","position":1,"name":"Prad\u017eia","item":"https:\/\/puhdasplus.ee\/lt\/"},{"@type":"ListItem","position":2,"name":"Produktai","item":"https:\/\/puhdasplus.ee\/lt\/parduotuve\/"},{"@type":"ListItem","position":3,"name":"Arbatmed\u017eio k\u016bno prausiklis su citrin\u017eole 250 ml"}]},{"@type":"WebSite","@id":"https:\/\/puhdasplus.ee\/lt\/#website","url":"https:\/\/puhdasplus.ee\/lt\/","name":"Puhdas+","description":"Vitaminai, maisto papildai, nat\u016brali kosmetika, sveikata, sportas","publisher":{"@id":"https:\/\/puhdasplus.ee\/lt\/#organization"},"potentialAction":[{"@type":"SearchAction","target":{"@type":"EntryPoint","urlTemplate":"https:\/\/puhdasplus.ee\/lt\/?s={search_term_string}"},"query-input":{"@type":"PropertyValueSpecification","valueRequired":true,"valueName":"search_term_string"}}],"inLanguage":"lt-LT"},{"@type":"Organization","@id":"https:\/\/puhdasplus.ee\/lt\/#organization","name":"Puhdas+","alternateName":"Puhdasplus","url":"https:\/\/puhdasplus.ee\/lt\/","logo":{"@type":"ImageObject","inLanguage":"lt-LT","@id":"https:\/\/puhdasplus.ee\/lt\/#\/schema\/logo\/image\/","url":"https:\/\/puhdasplus.ee\/wp-content\/uploads\/2019\/10\/puhdas_logo-arvele.png","contentUrl":"https:\/\/puhdasplus.ee\/wp-content\/uploads\/2019\/10\/puhdas_logo-arvele.png","width":114,"height":94,"caption":"Puhdas+"},"image":{"@id":"https:\/\/puhdasplus.ee\/lt\/#\/schema\/logo\/image\/"},"sameAs":["https:\/\/www.facebook.com\/puhdasplus","https:\/\/www.instagram.com\/puhdasplus_ee\/"]}]}},"_yoast_wpseo_title":"Arbatmed\u017eio k\u016bno prausiklis su citrin\u017eole 250 ml | Puhdas+","_yoast_wpseo_metadesc":"Puhdas+ Arbatmed\u017eio k\u016bno prausiklis su citrin\u017eole 250 ml \u2013 nat\u016bralus ir gaivus prausiklis su arbatmed\u017eio aliejumi. \u0160velnus valymas visai \u0161eimai, patogus buteliukas su pompa.","_yoast_wpseo_focuskw":"arbatmed\u017eio k\u016bno prausiklis citrin\u017eole","_links":{"self":[{"href":"https:\/\/puhdasplus.ee\/lt\/wp-json\/wp\/v2\/product\/360341","targetHints":{"allow":["GET"]}}],"collection":[{"href":"https:\/\/puhdasplus.ee\/lt\/wp-json\/wp\/v2\/product"}],"about":[{"href":"https:\/\/puhdasplus.ee\/lt\/wp-json\/wp\/v2\/types\/product"}],"replies":[{"embeddable":true,"href":"https:\/\/puhdasplus.ee\/lt\/wp-json\/wp\/v2\/comments?post=360341"}],"wp:featuredmedia":[{"embeddable":true,"href":"https:\/\/puhdasplus.ee\/lt\/wp-json\/wp\/v2\/media\/359972"}],"wp:attachment":[{"href":"https:\/\/puhdasplus.ee\/lt\/wp-json\/wp\/v2\/media?parent=360341"}],"wp:term":[{"taxonomy":"product_brand","embeddable":true,"href":"https:\/\/puhdasplus.ee\/lt\/wp-json\/wp\/v2\/product_brand?post=360341"},{"taxonomy":"product_cat","embeddable":true,"href":"https:\/\/puhdasplus.ee\/lt\/wp-json\/wp\/v2\/product_cat?post=360341"},{"taxonomy":"product_tag","embeddable":true,"href":"https:\/\/puhdasplus.ee\/lt\/wp-json\/wp\/v2\/product_tag?post=360341"}],"curies":[{"name":"wp","href":"https:\/\/api.w.org\/{rel}","templated":true}]}}