{"id":360333,"date":"2026-04-07T10:39:35","date_gmt":"2026-04-07T07:39:35","guid":{"rendered":"https:\/\/puhdasplus.ee\/tooted\/maaratlemata\/likopenas-10-mg-60-kapsuliu\/"},"modified":"2026-04-07T10:39:35","modified_gmt":"2026-04-07T07:39:35","slug":"likopenas-10-mg-60-kapsuliu","status":"publish","type":"product","link":"https:\/\/puhdasplus.ee\/lt\/produktai\/imunine-sistema\/likopenas-10-mg-60-kapsuliu\/","title":{"rendered":"Likopenas 10 mg 60 kapsuli\u0173"},"content":{"rendered":"<h2><b>Kod\u0117l rinktis stipr\u0173 likopen\u0105?<\/b><\/h2>\n<p><strong>Puhdas+ Stiprus likopenas<\/strong> yra kruop\u0161\u010diai sukurtas maisto papildas. Kiekvienoje kapsul\u0117je yra stiprus 10 mg likopeno doz\u0117s \u2013 nat\u016bralaus augalinio karotenoido, kurio ypa\u010d daug randama raudonuose vaisiuose ir dar\u017eov\u0117se, tokiose kaip pomidorai.<\/p>\n<p>Likopenas yra \u017einomas d\u0117l savo ry\u0161kiai raudonos spalvos ir yra nat\u016brali \u012fvairaus maitinimosi dalis. Puhdas+ Stiprus likopenas suteikia paprast\u0105 ir patog\u0173 b\u016bd\u0105 papildyti kasdien\u012f likopeno vartojim\u0105.<\/p>\n<p>&nbsp;<\/p>\n<h2><strong>Sud\u0117tis<\/strong><\/h2>\n<p>Pildomoji med\u017eiaga (mikrokristalin\u0117 celiulioz\u0117), pomidor\u0173 ekstraktas (Solanum lycopersicum), kapsul\u0117 (stabilizatorius: hidroksipropilmetilceliulioz\u0117).<\/p>\n<p>&nbsp;<\/p>\n<h2><strong>Maistini\u0173 med\u017eiag\u0173 kiekis 1 kapsul\u0117je<\/strong><\/h2>\n<p>Likopenas 10 mg<\/p>\n<p>&nbsp;<\/p>\n<h2><strong>Vartojimo instrukcijos<\/strong><\/h2>\n<p class=\"p1\">Vartoti 1 kapsul\u0119 per par\u0105 su vandeniu.<\/p>\n<p>&nbsp;<\/p>\n<h2><strong>\u012esp\u0117jimai<\/strong><\/h2>\n<p>Laikyti vaikams nepasiekiamoje vietoje. Maisto papildas nepakei\u010dia \u012fvairaus ir subalansuoto maitinimosi bei sveiko gyvenimo b\u016bdo. Nevir\u0161ykite rekomenduojamos paros doz\u0117s.<\/p>\n<p>&nbsp;<\/p>\n<h2><strong>Grynasis kiekis<\/strong><\/h2>\n<p class=\"p1\">23 g (60 kapsuli\u0173)<\/p>\n<p>&nbsp;<\/p>\n","protected":false},"excerpt":{"rendered":"<p class=\"p1\">Likopenas 10 mg 60 kapsuli\u0173 \u2013 sud\u0117tyje yra i\u0161 pomidor\u0173 kil\u0119s <b>likopenas.<\/b> Paprastas b\u016bdas papildyti kasdien\u012f maitinim\u0105si kapsuli\u0173 pavidalu.<\/p>\n","protected":false},"featured_media":360016,"comment_status":"open","ping_status":"closed","template":"","meta":{"_acf_changed":false,"googlesitekit_rrm_CAow3eq7DA:productID":""},"product_brand":[],"product_cat":[3048,3412],"product_tag":[4764,8346,8469,3131,3285,3706,8374,2967],"class_list":{"0":"post-360333","1":"product","2":"type-product","3":"status-publish","4":"has-post-thumbnail","6":"product_cat-imunine-sistema","7":"product_cat-sirdies-sveikata","8":"product_tag-antioksidantas-lt","9":"product_tag-be-gliuteno-lt","10":"product_tag-likopenas","11":"product_tag-maisto-papildas","12":"product_tag-odos-sveikata","13":"product_tag-sirdies-sveikata","14":"product_tag-suomijos-kokyb-lt","15":"product_tag-veganas","17":"first","18":"onbackorder","19":"taxable","20":"shipping-taxable","21":"purchasable","22":"product-type-simple"},"acf":[],"yoast_head":"<!-- This site is optimized with the Yoast SEO plugin v27.3 - https:\/\/yoast.com\/product\/yoast-seo-wordpress\/ -->\n<title>Likopenas 10 mg 60 kapsuli\u0173 | Puhdas+<\/title>\n<meta name=\"description\" content=\"Puhdas+ Likopenas 10 mg \u2013 i\u0161 pomidor\u0173 kil\u0119s antioksidantas odos ir bendros savijautos palaikymui. Kokybi\u0161kas maisto papildas kasdieniam vartojimui. 60 kapsuli\u0173.\" \/>\n<meta name=\"robots\" content=\"index, follow, max-snippet:-1, max-image-preview:large, max-video-preview:-1\" \/>\n<link rel=\"canonical\" href=\"https:\/\/puhdasplus.ee\/lt\/produktai\/imunine-sistema\/likopenas-10-mg-60-kapsuliu\/\" \/>\n<meta property=\"og:locale\" content=\"lt_LT\" \/>\n<meta property=\"og:type\" content=\"article\" \/>\n<meta property=\"og:title\" content=\"Likopenas 10 mg 60 kapsuli\u0173 | Puhdas+\" \/>\n<meta property=\"og:description\" content=\"Puhdas+ Likopenas 10 mg \u2013 i\u0161 pomidor\u0173 kil\u0119s antioksidantas odos ir bendros savijautos palaikymui. Kokybi\u0161kas maisto papildas kasdieniam vartojimui. 60 kapsuli\u0173.\" \/>\n<meta property=\"og:url\" content=\"https:\/\/puhdasplus.ee\/lt\/produktai\/imunine-sistema\/likopenas-10-mg-60-kapsuliu\/\" \/>\n<meta property=\"og:site_name\" content=\"Puhdas+\" \/>\n<meta property=\"article:publisher\" content=\"https:\/\/www.facebook.com\/puhdasplus\" \/>\n<meta property=\"og:image\" content=\"https:\/\/puhdasplus.ee\/wp-content\/uploads\/2026\/03\/tooted-ilma-taustata-3-copy-7.jpg\" \/>\n\t<meta property=\"og:image:width\" content=\"1280\" \/>\n\t<meta property=\"og:image:height\" content=\"1760\" \/>\n\t<meta property=\"og:image:type\" content=\"image\/jpeg\" \/>\n<meta name=\"twitter:card\" content=\"summary_large_image\" \/>\n<meta name=\"twitter:label1\" content=\"Est. reading time\" \/>\n\t<meta name=\"twitter:data1\" content=\"1 minut\u0117\" \/>\n<script type=\"application\/ld+json\" class=\"yoast-schema-graph\">{\"@context\":\"https:\\\/\\\/schema.org\",\"@graph\":[{\"@type\":\"WebPage\",\"@id\":\"https:\\\/\\\/puhdasplus.ee\\\/lt\\\/produktai\\\/imunine-sistema\\\/likopenas-10-mg-60-kapsuliu\\\/\",\"url\":\"https:\\\/\\\/puhdasplus.ee\\\/lt\\\/produktai\\\/imunine-sistema\\\/likopenas-10-mg-60-kapsuliu\\\/\",\"name\":\"Likopenas 10 mg 60 kapsuli\u0173 | Puhdas+\",\"isPartOf\":{\"@id\":\"https:\\\/\\\/puhdasplus.ee\\\/lt\\\/#website\"},\"primaryImageOfPage\":{\"@id\":\"https:\\\/\\\/puhdasplus.ee\\\/lt\\\/produktai\\\/imunine-sistema\\\/likopenas-10-mg-60-kapsuliu\\\/#primaryimage\"},\"image\":{\"@id\":\"https:\\\/\\\/puhdasplus.ee\\\/lt\\\/produktai\\\/imunine-sistema\\\/likopenas-10-mg-60-kapsuliu\\\/#primaryimage\"},\"thumbnailUrl\":\"https:\\\/\\\/puhdasplus.ee\\\/wp-content\\\/uploads\\\/2026\\\/03\\\/tooted-ilma-taustata-3-copy-7.jpg\",\"datePublished\":\"2026-04-07T07:39:35+00:00\",\"description\":\"Puhdas+ Likopenas 10 mg \u2013 i\u0161 pomidor\u0173 kil\u0119s antioksidantas odos ir bendros savijautos palaikymui. Kokybi\u0161kas maisto papildas kasdieniam vartojimui. 60 kapsuli\u0173.\",\"breadcrumb\":{\"@id\":\"https:\\\/\\\/puhdasplus.ee\\\/lt\\\/produktai\\\/imunine-sistema\\\/likopenas-10-mg-60-kapsuliu\\\/#breadcrumb\"},\"inLanguage\":\"lt-LT\",\"potentialAction\":[{\"@type\":\"ReadAction\",\"target\":[\"https:\\\/\\\/puhdasplus.ee\\\/lt\\\/produktai\\\/imunine-sistema\\\/likopenas-10-mg-60-kapsuliu\\\/\"]}]},{\"@type\":\"ImageObject\",\"inLanguage\":\"lt-LT\",\"@id\":\"https:\\\/\\\/puhdasplus.ee\\\/lt\\\/produktai\\\/imunine-sistema\\\/likopenas-10-mg-60-kapsuliu\\\/#primaryimage\",\"url\":\"https:\\\/\\\/puhdasplus.ee\\\/wp-content\\\/uploads\\\/2026\\\/03\\\/tooted-ilma-taustata-3-copy-7.jpg\",\"contentUrl\":\"https:\\\/\\\/puhdasplus.ee\\\/wp-content\\\/uploads\\\/2026\\\/03\\\/tooted-ilma-taustata-3-copy-7.jpg\",\"width\":1280,\"height\":1760,\"caption\":\"L\u00fckopeen 10 mg 60 kapslit\"},{\"@type\":\"BreadcrumbList\",\"@id\":\"https:\\\/\\\/puhdasplus.ee\\\/lt\\\/produktai\\\/imunine-sistema\\\/likopenas-10-mg-60-kapsuliu\\\/#breadcrumb\",\"itemListElement\":[{\"@type\":\"ListItem\",\"position\":1,\"name\":\"Prad\u017eia\",\"item\":\"https:\\\/\\\/puhdasplus.ee\\\/lt\\\/\"},{\"@type\":\"ListItem\",\"position\":2,\"name\":\"Produktai\",\"item\":\"https:\\\/\\\/puhdasplus.ee\\\/lt\\\/parduotuve\\\/\"},{\"@type\":\"ListItem\",\"position\":3,\"name\":\"Likopenas 10 mg 60 kapsuli\u0173\"}]},{\"@type\":\"WebSite\",\"@id\":\"https:\\\/\\\/puhdasplus.ee\\\/lt\\\/#website\",\"url\":\"https:\\\/\\\/puhdasplus.ee\\\/lt\\\/\",\"name\":\"Puhdas+\",\"description\":\"Vitaminai, maisto papildai, nat\u016brali kosmetika, sveikata, sportas\",\"publisher\":{\"@id\":\"https:\\\/\\\/puhdasplus.ee\\\/lt\\\/#organization\"},\"potentialAction\":[{\"@type\":\"SearchAction\",\"target\":{\"@type\":\"EntryPoint\",\"urlTemplate\":\"https:\\\/\\\/puhdasplus.ee\\\/lt\\\/?s={search_term_string}\"},\"query-input\":{\"@type\":\"PropertyValueSpecification\",\"valueRequired\":true,\"valueName\":\"search_term_string\"}}],\"inLanguage\":\"lt-LT\"},{\"@type\":\"Organization\",\"@id\":\"https:\\\/\\\/puhdasplus.ee\\\/lt\\\/#organization\",\"name\":\"Puhdas+\",\"alternateName\":\"Puhdasplus\",\"url\":\"https:\\\/\\\/puhdasplus.ee\\\/lt\\\/\",\"logo\":{\"@type\":\"ImageObject\",\"inLanguage\":\"lt-LT\",\"@id\":\"https:\\\/\\\/puhdasplus.ee\\\/lt\\\/#\\\/schema\\\/logo\\\/image\\\/\",\"url\":\"https:\\\/\\\/puhdasplus.ee\\\/wp-content\\\/uploads\\\/2019\\\/10\\\/puhdas_logo-arvele.png\",\"contentUrl\":\"https:\\\/\\\/puhdasplus.ee\\\/wp-content\\\/uploads\\\/2019\\\/10\\\/puhdas_logo-arvele.png\",\"width\":114,\"height\":94,\"caption\":\"Puhdas+\"},\"image\":{\"@id\":\"https:\\\/\\\/puhdasplus.ee\\\/lt\\\/#\\\/schema\\\/logo\\\/image\\\/\"},\"sameAs\":[\"https:\\\/\\\/www.facebook.com\\\/puhdasplus\",\"https:\\\/\\\/www.instagram.com\\\/puhdasplus_ee\\\/\"]}]}<\/script>\n<!-- \/ Yoast SEO plugin. -->","yoast_head_json":{"title":"Likopenas 10 mg 60 kapsuli\u0173 | Puhdas+","description":"Puhdas+ Likopenas 10 mg \u2013 i\u0161 pomidor\u0173 kil\u0119s antioksidantas odos ir bendros savijautos palaikymui. Kokybi\u0161kas maisto papildas kasdieniam vartojimui. 60 kapsuli\u0173.","robots":{"index":"index","follow":"follow","max-snippet":"max-snippet:-1","max-image-preview":"max-image-preview:large","max-video-preview":"max-video-preview:-1"},"canonical":"https:\/\/puhdasplus.ee\/lt\/produktai\/imunine-sistema\/likopenas-10-mg-60-kapsuliu\/","og_locale":"lt_LT","og_type":"article","og_title":"Likopenas 10 mg 60 kapsuli\u0173 | Puhdas+","og_description":"Puhdas+ Likopenas 10 mg \u2013 i\u0161 pomidor\u0173 kil\u0119s antioksidantas odos ir bendros savijautos palaikymui. Kokybi\u0161kas maisto papildas kasdieniam vartojimui. 60 kapsuli\u0173.","og_url":"https:\/\/puhdasplus.ee\/lt\/produktai\/imunine-sistema\/likopenas-10-mg-60-kapsuliu\/","og_site_name":"Puhdas+","article_publisher":"https:\/\/www.facebook.com\/puhdasplus","og_image":[{"width":1280,"height":1760,"url":"https:\/\/puhdasplus.ee\/wp-content\/uploads\/2026\/03\/tooted-ilma-taustata-3-copy-7.jpg","type":"image\/jpeg"}],"twitter_card":"summary_large_image","twitter_misc":{"Est. reading time":"1 minut\u0117"},"schema":{"@context":"https:\/\/schema.org","@graph":[{"@type":"WebPage","@id":"https:\/\/puhdasplus.ee\/lt\/produktai\/imunine-sistema\/likopenas-10-mg-60-kapsuliu\/","url":"https:\/\/puhdasplus.ee\/lt\/produktai\/imunine-sistema\/likopenas-10-mg-60-kapsuliu\/","name":"Likopenas 10 mg 60 kapsuli\u0173 | Puhdas+","isPartOf":{"@id":"https:\/\/puhdasplus.ee\/lt\/#website"},"primaryImageOfPage":{"@id":"https:\/\/puhdasplus.ee\/lt\/produktai\/imunine-sistema\/likopenas-10-mg-60-kapsuliu\/#primaryimage"},"image":{"@id":"https:\/\/puhdasplus.ee\/lt\/produktai\/imunine-sistema\/likopenas-10-mg-60-kapsuliu\/#primaryimage"},"thumbnailUrl":"https:\/\/puhdasplus.ee\/wp-content\/uploads\/2026\/03\/tooted-ilma-taustata-3-copy-7.jpg","datePublished":"2026-04-07T07:39:35+00:00","description":"Puhdas+ Likopenas 10 mg \u2013 i\u0161 pomidor\u0173 kil\u0119s antioksidantas odos ir bendros savijautos palaikymui. Kokybi\u0161kas maisto papildas kasdieniam vartojimui. 60 kapsuli\u0173.","breadcrumb":{"@id":"https:\/\/puhdasplus.ee\/lt\/produktai\/imunine-sistema\/likopenas-10-mg-60-kapsuliu\/#breadcrumb"},"inLanguage":"lt-LT","potentialAction":[{"@type":"ReadAction","target":["https:\/\/puhdasplus.ee\/lt\/produktai\/imunine-sistema\/likopenas-10-mg-60-kapsuliu\/"]}]},{"@type":"ImageObject","inLanguage":"lt-LT","@id":"https:\/\/puhdasplus.ee\/lt\/produktai\/imunine-sistema\/likopenas-10-mg-60-kapsuliu\/#primaryimage","url":"https:\/\/puhdasplus.ee\/wp-content\/uploads\/2026\/03\/tooted-ilma-taustata-3-copy-7.jpg","contentUrl":"https:\/\/puhdasplus.ee\/wp-content\/uploads\/2026\/03\/tooted-ilma-taustata-3-copy-7.jpg","width":1280,"height":1760,"caption":"L\u00fckopeen 10 mg 60 kapslit"},{"@type":"BreadcrumbList","@id":"https:\/\/puhdasplus.ee\/lt\/produktai\/imunine-sistema\/likopenas-10-mg-60-kapsuliu\/#breadcrumb","itemListElement":[{"@type":"ListItem","position":1,"name":"Prad\u017eia","item":"https:\/\/puhdasplus.ee\/lt\/"},{"@type":"ListItem","position":2,"name":"Produktai","item":"https:\/\/puhdasplus.ee\/lt\/parduotuve\/"},{"@type":"ListItem","position":3,"name":"Likopenas 10 mg 60 kapsuli\u0173"}]},{"@type":"WebSite","@id":"https:\/\/puhdasplus.ee\/lt\/#website","url":"https:\/\/puhdasplus.ee\/lt\/","name":"Puhdas+","description":"Vitaminai, maisto papildai, nat\u016brali kosmetika, sveikata, sportas","publisher":{"@id":"https:\/\/puhdasplus.ee\/lt\/#organization"},"potentialAction":[{"@type":"SearchAction","target":{"@type":"EntryPoint","urlTemplate":"https:\/\/puhdasplus.ee\/lt\/?s={search_term_string}"},"query-input":{"@type":"PropertyValueSpecification","valueRequired":true,"valueName":"search_term_string"}}],"inLanguage":"lt-LT"},{"@type":"Organization","@id":"https:\/\/puhdasplus.ee\/lt\/#organization","name":"Puhdas+","alternateName":"Puhdasplus","url":"https:\/\/puhdasplus.ee\/lt\/","logo":{"@type":"ImageObject","inLanguage":"lt-LT","@id":"https:\/\/puhdasplus.ee\/lt\/#\/schema\/logo\/image\/","url":"https:\/\/puhdasplus.ee\/wp-content\/uploads\/2019\/10\/puhdas_logo-arvele.png","contentUrl":"https:\/\/puhdasplus.ee\/wp-content\/uploads\/2019\/10\/puhdas_logo-arvele.png","width":114,"height":94,"caption":"Puhdas+"},"image":{"@id":"https:\/\/puhdasplus.ee\/lt\/#\/schema\/logo\/image\/"},"sameAs":["https:\/\/www.facebook.com\/puhdasplus","https:\/\/www.instagram.com\/puhdasplus_ee\/"]}]}},"_yoast_wpseo_title":"Likopenas 10 mg 60 kapsuli\u0173 | Puhdas+","_yoast_wpseo_metadesc":"Puhdas+ Likopenas 10 mg \u2013 i\u0161 pomidor\u0173 kil\u0119s antioksidantas odos ir bendros savijautos palaikymui. Kokybi\u0161kas maisto papildas kasdieniam vartojimui. 60 kapsuli\u0173.","_yoast_wpseo_focuskw":"likopenas","_links":{"self":[{"href":"https:\/\/puhdasplus.ee\/lt\/wp-json\/wp\/v2\/product\/360333","targetHints":{"allow":["GET"]}}],"collection":[{"href":"https:\/\/puhdasplus.ee\/lt\/wp-json\/wp\/v2\/product"}],"about":[{"href":"https:\/\/puhdasplus.ee\/lt\/wp-json\/wp\/v2\/types\/product"}],"replies":[{"embeddable":true,"href":"https:\/\/puhdasplus.ee\/lt\/wp-json\/wp\/v2\/comments?post=360333"}],"wp:featuredmedia":[{"embeddable":true,"href":"https:\/\/puhdasplus.ee\/lt\/wp-json\/wp\/v2\/media\/360016"}],"wp:attachment":[{"href":"https:\/\/puhdasplus.ee\/lt\/wp-json\/wp\/v2\/media?parent=360333"}],"wp:term":[{"taxonomy":"product_brand","embeddable":true,"href":"https:\/\/puhdasplus.ee\/lt\/wp-json\/wp\/v2\/product_brand?post=360333"},{"taxonomy":"product_cat","embeddable":true,"href":"https:\/\/puhdasplus.ee\/lt\/wp-json\/wp\/v2\/product_cat?post=360333"},{"taxonomy":"product_tag","embeddable":true,"href":"https:\/\/puhdasplus.ee\/lt\/wp-json\/wp\/v2\/product_tag?post=360333"}],"curies":[{"name":"wp","href":"https:\/\/api.w.org\/{rel}","templated":true}]}}