{"id":360329,"date":"2026-04-07T10:37:35","date_gmt":"2026-04-07T07:37:35","guid":{"rendered":"https:\/\/puhdasplus.ee\/tooted\/maaratlemata\/k2-vitaminas-500-%c2%b5g-60-kapsuliu\/"},"modified":"2026-04-07T10:37:35","modified_gmt":"2026-04-07T07:37:35","slug":"k2-vitaminas-500-%c2%b5g-60-kapsuliu","status":"publish","type":"product","link":"https:\/\/puhdasplus.ee\/lt\/produktai\/vitaminai\/vitaminas-k2\/k2-vitaminas-500-%c2%b5g-60-kapsuliu\/","title":{"rendered":"K2 vitaminas 500 \u00b5g 60 kapsuli\u0173"},"content":{"rendered":"<h2><b>Kod\u0117l rinktis K2 vitamin\u0105?<\/b><\/h2>\n<p class=\"p1\">K2 vitaminas yra svarbus riebaluose tirpus vitaminas, kuris dalyvauja organizme \u012fvairiuose svarbiuose procesuose. Produktas sud\u0117tyje turi gerai \u012fsisavinam\u0105 MK-7 form\u0105, kuri tinka kasdieniam vartojimui. <span class=\"s1\">K2 vitaminas padeda <\/span><b>palaikyti normal\u0173 kaul\u0173 b\u016bkl\u0119 <\/b>ir <b>normal\u0173 kraujo kre\u0161\u0117jim\u0105<\/b><\/p>\n<p>&nbsp;<\/p>\n<h2><strong>Vartojimo instrukcija<\/strong><\/h2>\n<p>1 kapsul\u0119 per dien\u0105. Rekomenduojamos paros normos vir\u0161yti negalima. Maisto papildas neturi pakeisti \u012fvairaus ir subalansuoto maitinimosi bei sveikos gyvensenos. Laikyti vaikams nepasiekiamoje vietoje.<\/p>\n<p>&nbsp;<\/p>\n<h2><strong>Sud\u0117tis<\/strong><\/h2>\n<p>Pildiklis (ry\u017ei\u0173 miltai), kapsul\u0117 (stabilizatorius: hidroksipropilmetilceliulioz\u0117), menakinono preparatas (MK-7 &#8211; K2 vitaminas).<\/p>\n<p>&nbsp;<\/p>\n<h2><strong>Maistini\u0173 med\u017eiag\u0173 kiekis vienoje kapsul\u0117je <\/strong><\/h2>\n<p><strong data-start=\"50\" data-end=\"66\">K2 vitaminas:<\/strong> 500 \u00b5g (<em data-start=\"75\" data-end=\"81\">667%<\/em>)   * % paros referencinio kiekio<\/p>\n<p>&nbsp;<\/p>\n<h2><strong>\u012esp\u0117jimai<\/strong><\/h2>\n<ul>\n<li>Maisto papildas neturi pakeisti \u012fvairaus ir subalansuoto maitinimosi bei sveikos gyvensenos.<\/li>\n<li>Laikyti vaikams nepasiekiamoje vietoje.<\/li>\n<li>Rekomenduojamos paros normos vir\u0161yti negalima.<\/li>\n<\/ul>\n<p>&nbsp;<\/p>\n<h2><strong>Laikymas<\/strong><\/h2>\n<p class=\"p3\">Laikyti sausoje ir v\u0117sioje vietoje, apsaugotoje nuo tiesiogini\u0173 saul\u0117s spinduli\u0173.<\/p>\n<p>&nbsp;<\/p>\n<h2 class=\"p1\"><b>Grynasis kiekis<\/b><\/h2>\n<p class=\"p1\">17 g (60 kapsuli\u0173)<\/p>\n","protected":false},"excerpt":{"rendered":"<p class=\"p1\">Maisto papildas su K2 vitaminu, kuris padeda <strong>p<\/strong><b>alaikyti normal\u0173 kaul\u0173 b\u016bkl\u0119<\/b> ir <b>normal\u0173 kraujo kre\u0161\u0117jim\u0105.<\/b><b><\/b><\/p>\n<p class=\"p2\">Ie\u0161kote stipraus ir gerai \u012fsisavinamo K2 vitamino? \u0160is produktas sud\u0117tyje turi <span class=\"s1\"><b>500 \u00b5g K2 vitamino (MK-7 forma)<\/b><\/span> vienoje kapsul\u0117je. Patogi kapsuli\u0173 forma leid\u017eia lengvai ir nuosekliai vartoti kasdien.<\/p>\n","protected":false},"featured_media":359892,"comment_status":"open","ping_status":"closed","template":"","meta":{"_acf_changed":false,"googlesitekit_rrm_CAow3eq7DA:productID":""},"product_brand":[],"product_cat":[3461,3174,6810],"product_tag":[8346,3131,8366,3144,3706,8374,2967],"class_list":{"0":"post-360329","1":"product","2":"type-product","3":"status-publish","4":"has-post-thumbnail","6":"product_cat-sanariai-raumenys-ir-kaulai","7":"product_cat-vitaminai","8":"product_cat-vitaminas-k2","9":"product_tag-be-gliuteno-lt","10":"product_tag-maisto-papildas","11":"product_tag-mineralai-lt","12":"product_tag-raumenys-ir-sanariai","13":"product_tag-sirdies-sveikata","14":"product_tag-suomijos-kokyb-lt","15":"product_tag-veganas","17":"first","18":"onbackorder","19":"taxable","20":"shipping-taxable","21":"purchasable","22":"product-type-simple"},"acf":[],"yoast_head":"<!-- This site is optimized with the Yoast SEO plugin v27.3 - https:\/\/yoast.com\/product\/yoast-seo-wordpress\/ -->\n<title>K2 vitaminas 500 \u00b5g 60 kapsuli\u0173 | Puhdas+<\/title>\n<meta name=\"description\" content=\"Puhdas+ K2 vitaminas (MK-7) 500 \u00b5g \u2013 kokybi\u0161kas maisto papildas kaul\u0173 ir kraujagysli\u0173 sveikatos palaikymui. Gerai \u012fsisavinama forma, 1 kapsul\u0117 per dien\u0105.\" \/>\n<meta name=\"robots\" content=\"index, follow, max-snippet:-1, max-image-preview:large, max-video-preview:-1\" \/>\n<link rel=\"canonical\" href=\"https:\/\/puhdasplus.ee\/lt\/produktai\/vitaminai\/vitaminas-k2\/k2-vitaminas-500-%c2%b5g-60-kapsuliu\/\" \/>\n<meta property=\"og:locale\" content=\"lt_LT\" \/>\n<meta property=\"og:type\" content=\"article\" \/>\n<meta property=\"og:title\" content=\"K2 vitaminas 500 \u00b5g 60 kapsuli\u0173 | Puhdas+\" \/>\n<meta property=\"og:description\" content=\"Puhdas+ K2 vitaminas (MK-7) 500 \u00b5g \u2013 kokybi\u0161kas maisto papildas kaul\u0173 ir kraujagysli\u0173 sveikatos palaikymui. Gerai \u012fsisavinama forma, 1 kapsul\u0117 per dien\u0105.\" \/>\n<meta property=\"og:url\" content=\"https:\/\/puhdasplus.ee\/lt\/produktai\/vitaminai\/vitaminas-k2\/k2-vitaminas-500-%c2%b5g-60-kapsuliu\/\" \/>\n<meta property=\"og:site_name\" content=\"Puhdas+\" \/>\n<meta property=\"article:publisher\" content=\"https:\/\/www.facebook.com\/puhdasplus\" \/>\n<meta property=\"og:image\" content=\"https:\/\/puhdasplus.ee\/wp-content\/uploads\/2026\/03\/359812_359811.png\" \/>\n\t<meta property=\"og:image:width\" content=\"582\" \/>\n\t<meta property=\"og:image:height\" content=\"800\" \/>\n\t<meta property=\"og:image:type\" content=\"image\/png\" \/>\n<meta name=\"twitter:card\" content=\"summary_large_image\" \/>\n<meta name=\"twitter:label1\" content=\"Est. reading time\" \/>\n\t<meta name=\"twitter:data1\" content=\"1 minut\u0117\" \/>\n<script type=\"application\/ld+json\" class=\"yoast-schema-graph\">{\"@context\":\"https:\\\/\\\/schema.org\",\"@graph\":[{\"@type\":\"WebPage\",\"@id\":\"https:\\\/\\\/puhdasplus.ee\\\/lt\\\/produktai\\\/vitaminai\\\/vitaminas-k2\\\/k2-vitaminas-500-%c2%b5g-60-kapsuliu\\\/\",\"url\":\"https:\\\/\\\/puhdasplus.ee\\\/lt\\\/produktai\\\/vitaminai\\\/vitaminas-k2\\\/k2-vitaminas-500-%c2%b5g-60-kapsuliu\\\/\",\"name\":\"K2 vitaminas 500 \u00b5g 60 kapsuli\u0173 | Puhdas+\",\"isPartOf\":{\"@id\":\"https:\\\/\\\/puhdasplus.ee\\\/lt\\\/#website\"},\"primaryImageOfPage\":{\"@id\":\"https:\\\/\\\/puhdasplus.ee\\\/lt\\\/produktai\\\/vitaminai\\\/vitaminas-k2\\\/k2-vitaminas-500-%c2%b5g-60-kapsuliu\\\/#primaryimage\"},\"image\":{\"@id\":\"https:\\\/\\\/puhdasplus.ee\\\/lt\\\/produktai\\\/vitaminai\\\/vitaminas-k2\\\/k2-vitaminas-500-%c2%b5g-60-kapsuliu\\\/#primaryimage\"},\"thumbnailUrl\":\"https:\\\/\\\/puhdasplus.ee\\\/wp-content\\\/uploads\\\/2026\\\/03\\\/359812_359811.png\",\"datePublished\":\"2026-04-07T07:37:35+00:00\",\"description\":\"Puhdas+ K2 vitaminas (MK-7) 500 \u00b5g \u2013 kokybi\u0161kas maisto papildas kaul\u0173 ir kraujagysli\u0173 sveikatos palaikymui. Gerai \u012fsisavinama forma, 1 kapsul\u0117 per dien\u0105.\",\"breadcrumb\":{\"@id\":\"https:\\\/\\\/puhdasplus.ee\\\/lt\\\/produktai\\\/vitaminai\\\/vitaminas-k2\\\/k2-vitaminas-500-%c2%b5g-60-kapsuliu\\\/#breadcrumb\"},\"inLanguage\":\"lt-LT\",\"potentialAction\":[{\"@type\":\"ReadAction\",\"target\":[\"https:\\\/\\\/puhdasplus.ee\\\/lt\\\/produktai\\\/vitaminai\\\/vitaminas-k2\\\/k2-vitaminas-500-%c2%b5g-60-kapsuliu\\\/\"]}]},{\"@type\":\"ImageObject\",\"inLanguage\":\"lt-LT\",\"@id\":\"https:\\\/\\\/puhdasplus.ee\\\/lt\\\/produktai\\\/vitaminai\\\/vitaminas-k2\\\/k2-vitaminas-500-%c2%b5g-60-kapsuliu\\\/#primaryimage\",\"url\":\"https:\\\/\\\/puhdasplus.ee\\\/wp-content\\\/uploads\\\/2026\\\/03\\\/359812_359811.png\",\"contentUrl\":\"https:\\\/\\\/puhdasplus.ee\\\/wp-content\\\/uploads\\\/2026\\\/03\\\/359812_359811.png\",\"width\":582,\"height\":800,\"caption\":\"K2-vitamiin 500 \u00b5g 60 kapslit | Puhdas+\"},{\"@type\":\"BreadcrumbList\",\"@id\":\"https:\\\/\\\/puhdasplus.ee\\\/lt\\\/produktai\\\/vitaminai\\\/vitaminas-k2\\\/k2-vitaminas-500-%c2%b5g-60-kapsuliu\\\/#breadcrumb\",\"itemListElement\":[{\"@type\":\"ListItem\",\"position\":1,\"name\":\"Prad\u017eia\",\"item\":\"https:\\\/\\\/puhdasplus.ee\\\/lt\\\/\"},{\"@type\":\"ListItem\",\"position\":2,\"name\":\"Produktai\",\"item\":\"https:\\\/\\\/puhdasplus.ee\\\/lt\\\/parduotuve\\\/\"},{\"@type\":\"ListItem\",\"position\":3,\"name\":\"K2 vitaminas 500 \u00b5g 60 kapsuli\u0173\"}]},{\"@type\":\"WebSite\",\"@id\":\"https:\\\/\\\/puhdasplus.ee\\\/lt\\\/#website\",\"url\":\"https:\\\/\\\/puhdasplus.ee\\\/lt\\\/\",\"name\":\"Puhdas+\",\"description\":\"Vitaminai, maisto papildai, nat\u016brali kosmetika, sveikata, sportas\",\"publisher\":{\"@id\":\"https:\\\/\\\/puhdasplus.ee\\\/lt\\\/#organization\"},\"potentialAction\":[{\"@type\":\"SearchAction\",\"target\":{\"@type\":\"EntryPoint\",\"urlTemplate\":\"https:\\\/\\\/puhdasplus.ee\\\/lt\\\/?s={search_term_string}\"},\"query-input\":{\"@type\":\"PropertyValueSpecification\",\"valueRequired\":true,\"valueName\":\"search_term_string\"}}],\"inLanguage\":\"lt-LT\"},{\"@type\":\"Organization\",\"@id\":\"https:\\\/\\\/puhdasplus.ee\\\/lt\\\/#organization\",\"name\":\"Puhdas+\",\"alternateName\":\"Puhdasplus\",\"url\":\"https:\\\/\\\/puhdasplus.ee\\\/lt\\\/\",\"logo\":{\"@type\":\"ImageObject\",\"inLanguage\":\"lt-LT\",\"@id\":\"https:\\\/\\\/puhdasplus.ee\\\/lt\\\/#\\\/schema\\\/logo\\\/image\\\/\",\"url\":\"https:\\\/\\\/puhdasplus.ee\\\/wp-content\\\/uploads\\\/2019\\\/10\\\/puhdas_logo-arvele.png\",\"contentUrl\":\"https:\\\/\\\/puhdasplus.ee\\\/wp-content\\\/uploads\\\/2019\\\/10\\\/puhdas_logo-arvele.png\",\"width\":114,\"height\":94,\"caption\":\"Puhdas+\"},\"image\":{\"@id\":\"https:\\\/\\\/puhdasplus.ee\\\/lt\\\/#\\\/schema\\\/logo\\\/image\\\/\"},\"sameAs\":[\"https:\\\/\\\/www.facebook.com\\\/puhdasplus\",\"https:\\\/\\\/www.instagram.com\\\/puhdasplus_ee\\\/\"]}]}<\/script>\n<!-- \/ Yoast SEO plugin. -->","yoast_head_json":{"title":"K2 vitaminas 500 \u00b5g 60 kapsuli\u0173 | Puhdas+","description":"Puhdas+ K2 vitaminas (MK-7) 500 \u00b5g \u2013 kokybi\u0161kas maisto papildas kaul\u0173 ir kraujagysli\u0173 sveikatos palaikymui. Gerai \u012fsisavinama forma, 1 kapsul\u0117 per dien\u0105.","robots":{"index":"index","follow":"follow","max-snippet":"max-snippet:-1","max-image-preview":"max-image-preview:large","max-video-preview":"max-video-preview:-1"},"canonical":"https:\/\/puhdasplus.ee\/lt\/produktai\/vitaminai\/vitaminas-k2\/k2-vitaminas-500-%c2%b5g-60-kapsuliu\/","og_locale":"lt_LT","og_type":"article","og_title":"K2 vitaminas 500 \u00b5g 60 kapsuli\u0173 | Puhdas+","og_description":"Puhdas+ K2 vitaminas (MK-7) 500 \u00b5g \u2013 kokybi\u0161kas maisto papildas kaul\u0173 ir kraujagysli\u0173 sveikatos palaikymui. Gerai \u012fsisavinama forma, 1 kapsul\u0117 per dien\u0105.","og_url":"https:\/\/puhdasplus.ee\/lt\/produktai\/vitaminai\/vitaminas-k2\/k2-vitaminas-500-%c2%b5g-60-kapsuliu\/","og_site_name":"Puhdas+","article_publisher":"https:\/\/www.facebook.com\/puhdasplus","og_image":[{"width":582,"height":800,"url":"https:\/\/puhdasplus.ee\/wp-content\/uploads\/2026\/03\/359812_359811.png","type":"image\/png"}],"twitter_card":"summary_large_image","twitter_misc":{"Est. reading time":"1 minut\u0117"},"schema":{"@context":"https:\/\/schema.org","@graph":[{"@type":"WebPage","@id":"https:\/\/puhdasplus.ee\/lt\/produktai\/vitaminai\/vitaminas-k2\/k2-vitaminas-500-%c2%b5g-60-kapsuliu\/","url":"https:\/\/puhdasplus.ee\/lt\/produktai\/vitaminai\/vitaminas-k2\/k2-vitaminas-500-%c2%b5g-60-kapsuliu\/","name":"K2 vitaminas 500 \u00b5g 60 kapsuli\u0173 | Puhdas+","isPartOf":{"@id":"https:\/\/puhdasplus.ee\/lt\/#website"},"primaryImageOfPage":{"@id":"https:\/\/puhdasplus.ee\/lt\/produktai\/vitaminai\/vitaminas-k2\/k2-vitaminas-500-%c2%b5g-60-kapsuliu\/#primaryimage"},"image":{"@id":"https:\/\/puhdasplus.ee\/lt\/produktai\/vitaminai\/vitaminas-k2\/k2-vitaminas-500-%c2%b5g-60-kapsuliu\/#primaryimage"},"thumbnailUrl":"https:\/\/puhdasplus.ee\/wp-content\/uploads\/2026\/03\/359812_359811.png","datePublished":"2026-04-07T07:37:35+00:00","description":"Puhdas+ K2 vitaminas (MK-7) 500 \u00b5g \u2013 kokybi\u0161kas maisto papildas kaul\u0173 ir kraujagysli\u0173 sveikatos palaikymui. Gerai \u012fsisavinama forma, 1 kapsul\u0117 per dien\u0105.","breadcrumb":{"@id":"https:\/\/puhdasplus.ee\/lt\/produktai\/vitaminai\/vitaminas-k2\/k2-vitaminas-500-%c2%b5g-60-kapsuliu\/#breadcrumb"},"inLanguage":"lt-LT","potentialAction":[{"@type":"ReadAction","target":["https:\/\/puhdasplus.ee\/lt\/produktai\/vitaminai\/vitaminas-k2\/k2-vitaminas-500-%c2%b5g-60-kapsuliu\/"]}]},{"@type":"ImageObject","inLanguage":"lt-LT","@id":"https:\/\/puhdasplus.ee\/lt\/produktai\/vitaminai\/vitaminas-k2\/k2-vitaminas-500-%c2%b5g-60-kapsuliu\/#primaryimage","url":"https:\/\/puhdasplus.ee\/wp-content\/uploads\/2026\/03\/359812_359811.png","contentUrl":"https:\/\/puhdasplus.ee\/wp-content\/uploads\/2026\/03\/359812_359811.png","width":582,"height":800,"caption":"K2-vitamiin 500 \u00b5g 60 kapslit | Puhdas+"},{"@type":"BreadcrumbList","@id":"https:\/\/puhdasplus.ee\/lt\/produktai\/vitaminai\/vitaminas-k2\/k2-vitaminas-500-%c2%b5g-60-kapsuliu\/#breadcrumb","itemListElement":[{"@type":"ListItem","position":1,"name":"Prad\u017eia","item":"https:\/\/puhdasplus.ee\/lt\/"},{"@type":"ListItem","position":2,"name":"Produktai","item":"https:\/\/puhdasplus.ee\/lt\/parduotuve\/"},{"@type":"ListItem","position":3,"name":"K2 vitaminas 500 \u00b5g 60 kapsuli\u0173"}]},{"@type":"WebSite","@id":"https:\/\/puhdasplus.ee\/lt\/#website","url":"https:\/\/puhdasplus.ee\/lt\/","name":"Puhdas+","description":"Vitaminai, maisto papildai, nat\u016brali kosmetika, sveikata, sportas","publisher":{"@id":"https:\/\/puhdasplus.ee\/lt\/#organization"},"potentialAction":[{"@type":"SearchAction","target":{"@type":"EntryPoint","urlTemplate":"https:\/\/puhdasplus.ee\/lt\/?s={search_term_string}"},"query-input":{"@type":"PropertyValueSpecification","valueRequired":true,"valueName":"search_term_string"}}],"inLanguage":"lt-LT"},{"@type":"Organization","@id":"https:\/\/puhdasplus.ee\/lt\/#organization","name":"Puhdas+","alternateName":"Puhdasplus","url":"https:\/\/puhdasplus.ee\/lt\/","logo":{"@type":"ImageObject","inLanguage":"lt-LT","@id":"https:\/\/puhdasplus.ee\/lt\/#\/schema\/logo\/image\/","url":"https:\/\/puhdasplus.ee\/wp-content\/uploads\/2019\/10\/puhdas_logo-arvele.png","contentUrl":"https:\/\/puhdasplus.ee\/wp-content\/uploads\/2019\/10\/puhdas_logo-arvele.png","width":114,"height":94,"caption":"Puhdas+"},"image":{"@id":"https:\/\/puhdasplus.ee\/lt\/#\/schema\/logo\/image\/"},"sameAs":["https:\/\/www.facebook.com\/puhdasplus","https:\/\/www.instagram.com\/puhdasplus_ee\/"]}]}},"_yoast_wpseo_title":"K2 vitaminas 500 \u00b5g 60 kapsuli\u0173 | Puhdas+","_yoast_wpseo_metadesc":"Puhdas+ K2 vitaminas (MK-7) 500 \u00b5g \u2013 kokybi\u0161kas maisto papildas kaul\u0173 ir kraujagysli\u0173 sveikatos palaikymui. Gerai \u012fsisavinama forma, 1 kapsul\u0117 per dien\u0105.","_yoast_wpseo_focuskw":"K2 vitaminas 500","_links":{"self":[{"href":"https:\/\/puhdasplus.ee\/lt\/wp-json\/wp\/v2\/product\/360329","targetHints":{"allow":["GET"]}}],"collection":[{"href":"https:\/\/puhdasplus.ee\/lt\/wp-json\/wp\/v2\/product"}],"about":[{"href":"https:\/\/puhdasplus.ee\/lt\/wp-json\/wp\/v2\/types\/product"}],"replies":[{"embeddable":true,"href":"https:\/\/puhdasplus.ee\/lt\/wp-json\/wp\/v2\/comments?post=360329"}],"wp:featuredmedia":[{"embeddable":true,"href":"https:\/\/puhdasplus.ee\/lt\/wp-json\/wp\/v2\/media\/359892"}],"wp:attachment":[{"href":"https:\/\/puhdasplus.ee\/lt\/wp-json\/wp\/v2\/media?parent=360329"}],"wp:term":[{"taxonomy":"product_brand","embeddable":true,"href":"https:\/\/puhdasplus.ee\/lt\/wp-json\/wp\/v2\/product_brand?post=360329"},{"taxonomy":"product_cat","embeddable":true,"href":"https:\/\/puhdasplus.ee\/lt\/wp-json\/wp\/v2\/product_cat?post=360329"},{"taxonomy":"product_tag","embeddable":true,"href":"https:\/\/puhdasplus.ee\/lt\/wp-json\/wp\/v2\/product_tag?post=360329"}],"curies":[{"name":"wp","href":"https:\/\/api.w.org\/{rel}","templated":true}]}}