{"id":360325,"date":"2026-04-07T10:36:26","date_gmt":"2026-04-07T07:36:26","guid":{"rendered":"https:\/\/puhdasplus.ee\/tooted\/maaratlemata\/safranas-30-mg-60-kapsuliu\/"},"modified":"2026-04-07T10:36:26","modified_gmt":"2026-04-07T07:36:26","slug":"safranas-30-mg-60-kapsuliu","status":"publish","type":"product","link":"https:\/\/puhdasplus.ee\/lt\/produktai\/stresas-ir-miegas\/safranas-30-mg-60-kapsuliu\/","title":{"rendered":"\u0160afranas 30 mg 60 kapsuli\u0173"},"content":{"rendered":"<p><strong>Puhdas+ Stiprus \u0161afranas \u2013 kokybi\u0161kas koncentruotas \u0161afrano ekstraktas<\/strong><\/p>\n<p>Puhdas+ Stiprus \u0161afranas turi auk\u0161tos kokyb\u0117s \u0161afrano ekstrakt\u0105 koncentruotoje formoje \u2013 viena kapsul\u0117 turi 30 mg \u0161afrano ekstrakto, kuriame veiklieji junginiai safranalis ir krocinas yra nat\u016braliai atstovaujami.<\/p>\n<p>\u0160afranas yra vienas brangiausi\u0173 pasaulio prieskoni\u0173, kuris \u0161imtme\u010diais buvo naudojamas d\u0117l savo unikali\u0173 savybi\u0173. \u0160iame produkte pagrindiniai \u0161afrano junginiai yra kruop\u0161\u010diai standartizuotoje formoje sukoncentruoti:<\/p>\n<ul>\n<li>600 \u00b5g safranalio<\/li>\n<li>900 \u00b5g krocino<\/li>\n<\/ul>\n<p>Puhdas+ Stiprus \u0161afranas pagamintas be papildom\u0173 med\u017eiag\u0173. Be gliuteno ir laktoz\u0117s. Pagaminta Suomijoje.<\/p>\n<h2>Vartojimo instrukcijos<\/h2>\n<p>1\u20132 kapsules per dien\u0105 su maistu.<\/p>\n<h2>Sud\u0117tis<\/h2>\n<p>Pildiklis (mikrokristalinis celiulioz\u0117), kapsul\u0117 (stabilizatorius: hidroksipropilmetilceliulioz\u0117), \u0161afrano ekstraktas.<\/p>\n<h2>Maistin\u0117 vert\u0117<\/h2>\n<table>\n<thead>\n<tr>\n<th>Maistin\u0117 vert\u0117<\/th>\n<th>1\u20132 kapsul\u0117s<\/th>\n<\/tr>\n<\/thead>\n<tbody>\n<tr>\n<td>\u0160afrano ekstraktas<\/td>\n<td>30\u201360 mg<\/td>\n<\/tr>\n<tr>\n<td>\u2013 i\u0161 to safranalio<\/td>\n<td>600\u20131200 \u00b5g<\/td>\n<\/tr>\n<tr>\n<td>\u2013 ir krocino<\/td>\n<td>900\u20131800 \u00b5g<\/td>\n<\/tr>\n<\/tbody>\n<\/table>\n<h2>\u012esp\u0117jimai<\/h2>\n<p>Laikyti vaikams nepasiekiamoje vietoje. Maisto papildas nepakei\u010dia \u012fvairaus ir subalansuoto maitinimosi bei sveiko gyvenimo b\u016bdo. Nevir\u0161ykite rekomenduojamos paros doz\u0117s.<\/p>\n","protected":false},"excerpt":{"rendered":"<p><b>Puhdas+ \u0160afranas 30 mg 60 kapsuli\u0173<\/b> \u2013 koncentruotas \u0161afrano ekstraktas nuotaikai palaikyti. Turi safranalio ir krocino. Be gliuteno ir laktoz\u0117s.<\/p>\n","protected":false},"featured_media":360014,"comment_status":"open","ping_status":"closed","template":"","meta":{"_acf_changed":false,"googlesitekit_rrm_CAow3eq7DA:productID":""},"product_brand":[],"product_cat":[3013],"product_tag":[8346,3131,3539,8477,8473,8374,2967],"class_list":{"0":"post-360325","1":"product","2":"type-product","3":"status-publish","4":"has-post-thumbnail","6":"product_cat-stresas-ir-miegas","7":"product_tag-be-gliuteno-lt","8":"product_tag-maisto-papildas","9":"product_tag-nuotaika","10":"product_tag-safranas","11":"product_tag-stresas","12":"product_tag-suomijos-kokyb-lt","13":"product_tag-veganas","15":"first","16":"onbackorder","17":"taxable","18":"shipping-taxable","19":"purchasable","20":"product-type-simple"},"acf":[],"yoast_head":"<!-- This site is optimized with the Yoast SEO plugin v27.3 - https:\/\/yoast.com\/product\/yoast-seo-wordpress\/ -->\n<title>\u0160afranas 30 mg 60 kapsuli\u0173 | Puhdas+<\/title>\n<meta name=\"description\" content=\"Puhdas+ \u0160afranas 30 mg \u2013 standartizuotas \u0161afrano ekstraktas kapsul\u0117se (600 \u00b5g safranalio). Kokybi\u0161kas maisto papildas kasdieniam vartojimui. 60 kapsuli\u0173.\" \/>\n<meta name=\"robots\" content=\"index, follow, max-snippet:-1, max-image-preview:large, max-video-preview:-1\" \/>\n<link rel=\"canonical\" href=\"https:\/\/puhdasplus.ee\/lt\/produktai\/stresas-ir-miegas\/safranas-30-mg-60-kapsuliu\/\" \/>\n<meta property=\"og:locale\" content=\"lt_LT\" \/>\n<meta property=\"og:type\" content=\"article\" \/>\n<meta property=\"og:title\" content=\"\u0160afranas 30 mg 60 kapsuli\u0173 | Puhdas+\" \/>\n<meta property=\"og:description\" content=\"Puhdas+ \u0160afranas 30 mg \u2013 standartizuotas \u0161afrano ekstraktas kapsul\u0117se (600 \u00b5g safranalio). Kokybi\u0161kas maisto papildas kasdieniam vartojimui. 60 kapsuli\u0173.\" \/>\n<meta property=\"og:url\" content=\"https:\/\/puhdasplus.ee\/lt\/produktai\/stresas-ir-miegas\/safranas-30-mg-60-kapsuliu\/\" \/>\n<meta property=\"og:site_name\" content=\"Puhdas+\" \/>\n<meta property=\"article:publisher\" content=\"https:\/\/www.facebook.com\/puhdasplus\" \/>\n<meta property=\"og:image\" content=\"https:\/\/puhdasplus.ee\/wp-content\/uploads\/2026\/03\/tooted-ilma-taustata-3-copy-6.jpg\" \/>\n\t<meta property=\"og:image:width\" content=\"1280\" \/>\n\t<meta property=\"og:image:height\" content=\"1760\" \/>\n\t<meta property=\"og:image:type\" content=\"image\/jpeg\" \/>\n<meta name=\"twitter:card\" content=\"summary_large_image\" \/>\n<meta name=\"twitter:label1\" content=\"Est. reading time\" \/>\n\t<meta name=\"twitter:data1\" content=\"1 minut\u0117\" \/>\n<script type=\"application\/ld+json\" class=\"yoast-schema-graph\">{\"@context\":\"https:\\\/\\\/schema.org\",\"@graph\":[{\"@type\":\"WebPage\",\"@id\":\"https:\\\/\\\/puhdasplus.ee\\\/lt\\\/produktai\\\/stresas-ir-miegas\\\/safranas-30-mg-60-kapsuliu\\\/\",\"url\":\"https:\\\/\\\/puhdasplus.ee\\\/lt\\\/produktai\\\/stresas-ir-miegas\\\/safranas-30-mg-60-kapsuliu\\\/\",\"name\":\"\u0160afranas 30 mg 60 kapsuli\u0173 | Puhdas+\",\"isPartOf\":{\"@id\":\"https:\\\/\\\/puhdasplus.ee\\\/lt\\\/#website\"},\"primaryImageOfPage\":{\"@id\":\"https:\\\/\\\/puhdasplus.ee\\\/lt\\\/produktai\\\/stresas-ir-miegas\\\/safranas-30-mg-60-kapsuliu\\\/#primaryimage\"},\"image\":{\"@id\":\"https:\\\/\\\/puhdasplus.ee\\\/lt\\\/produktai\\\/stresas-ir-miegas\\\/safranas-30-mg-60-kapsuliu\\\/#primaryimage\"},\"thumbnailUrl\":\"https:\\\/\\\/puhdasplus.ee\\\/wp-content\\\/uploads\\\/2026\\\/03\\\/tooted-ilma-taustata-3-copy-6.jpg\",\"datePublished\":\"2026-04-07T07:36:26+00:00\",\"description\":\"Puhdas+ \u0160afranas 30 mg \u2013 standartizuotas \u0161afrano ekstraktas kapsul\u0117se (600 \u00b5g safranalio). Kokybi\u0161kas maisto papildas kasdieniam vartojimui. 60 kapsuli\u0173.\",\"breadcrumb\":{\"@id\":\"https:\\\/\\\/puhdasplus.ee\\\/lt\\\/produktai\\\/stresas-ir-miegas\\\/safranas-30-mg-60-kapsuliu\\\/#breadcrumb\"},\"inLanguage\":\"lt-LT\",\"potentialAction\":[{\"@type\":\"ReadAction\",\"target\":[\"https:\\\/\\\/puhdasplus.ee\\\/lt\\\/produktai\\\/stresas-ir-miegas\\\/safranas-30-mg-60-kapsuliu\\\/\"]}]},{\"@type\":\"ImageObject\",\"inLanguage\":\"lt-LT\",\"@id\":\"https:\\\/\\\/puhdasplus.ee\\\/lt\\\/produktai\\\/stresas-ir-miegas\\\/safranas-30-mg-60-kapsuliu\\\/#primaryimage\",\"url\":\"https:\\\/\\\/puhdasplus.ee\\\/wp-content\\\/uploads\\\/2026\\\/03\\\/tooted-ilma-taustata-3-copy-6.jpg\",\"contentUrl\":\"https:\\\/\\\/puhdasplus.ee\\\/wp-content\\\/uploads\\\/2026\\\/03\\\/tooted-ilma-taustata-3-copy-6.jpg\",\"width\":1280,\"height\":1760,\"caption\":\"Safran 30 mg 60 kapslit\"},{\"@type\":\"BreadcrumbList\",\"@id\":\"https:\\\/\\\/puhdasplus.ee\\\/lt\\\/produktai\\\/stresas-ir-miegas\\\/safranas-30-mg-60-kapsuliu\\\/#breadcrumb\",\"itemListElement\":[{\"@type\":\"ListItem\",\"position\":1,\"name\":\"Prad\u017eia\",\"item\":\"https:\\\/\\\/puhdasplus.ee\\\/lt\\\/\"},{\"@type\":\"ListItem\",\"position\":2,\"name\":\"Produktai\",\"item\":\"https:\\\/\\\/puhdasplus.ee\\\/lt\\\/parduotuve\\\/\"},{\"@type\":\"ListItem\",\"position\":3,\"name\":\"\u0160afranas 30 mg 60 kapsuli\u0173\"}]},{\"@type\":\"WebSite\",\"@id\":\"https:\\\/\\\/puhdasplus.ee\\\/lt\\\/#website\",\"url\":\"https:\\\/\\\/puhdasplus.ee\\\/lt\\\/\",\"name\":\"Puhdas+\",\"description\":\"Vitaminai, maisto papildai, nat\u016brali kosmetika, sveikata, sportas\",\"publisher\":{\"@id\":\"https:\\\/\\\/puhdasplus.ee\\\/lt\\\/#organization\"},\"potentialAction\":[{\"@type\":\"SearchAction\",\"target\":{\"@type\":\"EntryPoint\",\"urlTemplate\":\"https:\\\/\\\/puhdasplus.ee\\\/lt\\\/?s={search_term_string}\"},\"query-input\":{\"@type\":\"PropertyValueSpecification\",\"valueRequired\":true,\"valueName\":\"search_term_string\"}}],\"inLanguage\":\"lt-LT\"},{\"@type\":\"Organization\",\"@id\":\"https:\\\/\\\/puhdasplus.ee\\\/lt\\\/#organization\",\"name\":\"Puhdas+\",\"alternateName\":\"Puhdasplus\",\"url\":\"https:\\\/\\\/puhdasplus.ee\\\/lt\\\/\",\"logo\":{\"@type\":\"ImageObject\",\"inLanguage\":\"lt-LT\",\"@id\":\"https:\\\/\\\/puhdasplus.ee\\\/lt\\\/#\\\/schema\\\/logo\\\/image\\\/\",\"url\":\"https:\\\/\\\/puhdasplus.ee\\\/wp-content\\\/uploads\\\/2019\\\/10\\\/puhdas_logo-arvele.png\",\"contentUrl\":\"https:\\\/\\\/puhdasplus.ee\\\/wp-content\\\/uploads\\\/2019\\\/10\\\/puhdas_logo-arvele.png\",\"width\":114,\"height\":94,\"caption\":\"Puhdas+\"},\"image\":{\"@id\":\"https:\\\/\\\/puhdasplus.ee\\\/lt\\\/#\\\/schema\\\/logo\\\/image\\\/\"},\"sameAs\":[\"https:\\\/\\\/www.facebook.com\\\/puhdasplus\",\"https:\\\/\\\/www.instagram.com\\\/puhdasplus_ee\\\/\"]}]}<\/script>\n<!-- \/ Yoast SEO plugin. -->","yoast_head_json":{"title":"\u0160afranas 30 mg 60 kapsuli\u0173 | Puhdas+","description":"Puhdas+ \u0160afranas 30 mg \u2013 standartizuotas \u0161afrano ekstraktas kapsul\u0117se (600 \u00b5g safranalio). Kokybi\u0161kas maisto papildas kasdieniam vartojimui. 60 kapsuli\u0173.","robots":{"index":"index","follow":"follow","max-snippet":"max-snippet:-1","max-image-preview":"max-image-preview:large","max-video-preview":"max-video-preview:-1"},"canonical":"https:\/\/puhdasplus.ee\/lt\/produktai\/stresas-ir-miegas\/safranas-30-mg-60-kapsuliu\/","og_locale":"lt_LT","og_type":"article","og_title":"\u0160afranas 30 mg 60 kapsuli\u0173 | Puhdas+","og_description":"Puhdas+ \u0160afranas 30 mg \u2013 standartizuotas \u0161afrano ekstraktas kapsul\u0117se (600 \u00b5g safranalio). Kokybi\u0161kas maisto papildas kasdieniam vartojimui. 60 kapsuli\u0173.","og_url":"https:\/\/puhdasplus.ee\/lt\/produktai\/stresas-ir-miegas\/safranas-30-mg-60-kapsuliu\/","og_site_name":"Puhdas+","article_publisher":"https:\/\/www.facebook.com\/puhdasplus","og_image":[{"width":1280,"height":1760,"url":"https:\/\/puhdasplus.ee\/wp-content\/uploads\/2026\/03\/tooted-ilma-taustata-3-copy-6.jpg","type":"image\/jpeg"}],"twitter_card":"summary_large_image","twitter_misc":{"Est. reading time":"1 minut\u0117"},"schema":{"@context":"https:\/\/schema.org","@graph":[{"@type":"WebPage","@id":"https:\/\/puhdasplus.ee\/lt\/produktai\/stresas-ir-miegas\/safranas-30-mg-60-kapsuliu\/","url":"https:\/\/puhdasplus.ee\/lt\/produktai\/stresas-ir-miegas\/safranas-30-mg-60-kapsuliu\/","name":"\u0160afranas 30 mg 60 kapsuli\u0173 | Puhdas+","isPartOf":{"@id":"https:\/\/puhdasplus.ee\/lt\/#website"},"primaryImageOfPage":{"@id":"https:\/\/puhdasplus.ee\/lt\/produktai\/stresas-ir-miegas\/safranas-30-mg-60-kapsuliu\/#primaryimage"},"image":{"@id":"https:\/\/puhdasplus.ee\/lt\/produktai\/stresas-ir-miegas\/safranas-30-mg-60-kapsuliu\/#primaryimage"},"thumbnailUrl":"https:\/\/puhdasplus.ee\/wp-content\/uploads\/2026\/03\/tooted-ilma-taustata-3-copy-6.jpg","datePublished":"2026-04-07T07:36:26+00:00","description":"Puhdas+ \u0160afranas 30 mg \u2013 standartizuotas \u0161afrano ekstraktas kapsul\u0117se (600 \u00b5g safranalio). Kokybi\u0161kas maisto papildas kasdieniam vartojimui. 60 kapsuli\u0173.","breadcrumb":{"@id":"https:\/\/puhdasplus.ee\/lt\/produktai\/stresas-ir-miegas\/safranas-30-mg-60-kapsuliu\/#breadcrumb"},"inLanguage":"lt-LT","potentialAction":[{"@type":"ReadAction","target":["https:\/\/puhdasplus.ee\/lt\/produktai\/stresas-ir-miegas\/safranas-30-mg-60-kapsuliu\/"]}]},{"@type":"ImageObject","inLanguage":"lt-LT","@id":"https:\/\/puhdasplus.ee\/lt\/produktai\/stresas-ir-miegas\/safranas-30-mg-60-kapsuliu\/#primaryimage","url":"https:\/\/puhdasplus.ee\/wp-content\/uploads\/2026\/03\/tooted-ilma-taustata-3-copy-6.jpg","contentUrl":"https:\/\/puhdasplus.ee\/wp-content\/uploads\/2026\/03\/tooted-ilma-taustata-3-copy-6.jpg","width":1280,"height":1760,"caption":"Safran 30 mg 60 kapslit"},{"@type":"BreadcrumbList","@id":"https:\/\/puhdasplus.ee\/lt\/produktai\/stresas-ir-miegas\/safranas-30-mg-60-kapsuliu\/#breadcrumb","itemListElement":[{"@type":"ListItem","position":1,"name":"Prad\u017eia","item":"https:\/\/puhdasplus.ee\/lt\/"},{"@type":"ListItem","position":2,"name":"Produktai","item":"https:\/\/puhdasplus.ee\/lt\/parduotuve\/"},{"@type":"ListItem","position":3,"name":"\u0160afranas 30 mg 60 kapsuli\u0173"}]},{"@type":"WebSite","@id":"https:\/\/puhdasplus.ee\/lt\/#website","url":"https:\/\/puhdasplus.ee\/lt\/","name":"Puhdas+","description":"Vitaminai, maisto papildai, nat\u016brali kosmetika, sveikata, sportas","publisher":{"@id":"https:\/\/puhdasplus.ee\/lt\/#organization"},"potentialAction":[{"@type":"SearchAction","target":{"@type":"EntryPoint","urlTemplate":"https:\/\/puhdasplus.ee\/lt\/?s={search_term_string}"},"query-input":{"@type":"PropertyValueSpecification","valueRequired":true,"valueName":"search_term_string"}}],"inLanguage":"lt-LT"},{"@type":"Organization","@id":"https:\/\/puhdasplus.ee\/lt\/#organization","name":"Puhdas+","alternateName":"Puhdasplus","url":"https:\/\/puhdasplus.ee\/lt\/","logo":{"@type":"ImageObject","inLanguage":"lt-LT","@id":"https:\/\/puhdasplus.ee\/lt\/#\/schema\/logo\/image\/","url":"https:\/\/puhdasplus.ee\/wp-content\/uploads\/2019\/10\/puhdas_logo-arvele.png","contentUrl":"https:\/\/puhdasplus.ee\/wp-content\/uploads\/2019\/10\/puhdas_logo-arvele.png","width":114,"height":94,"caption":"Puhdas+"},"image":{"@id":"https:\/\/puhdasplus.ee\/lt\/#\/schema\/logo\/image\/"},"sameAs":["https:\/\/www.facebook.com\/puhdasplus","https:\/\/www.instagram.com\/puhdasplus_ee\/"]}]}},"_yoast_wpseo_title":"\u0160afranas 30 mg 60 kapsuli\u0173 | Puhdas+","_yoast_wpseo_metadesc":"Puhdas+ \u0160afranas 30 mg \u2013 standartizuotas \u0161afrano ekstraktas kapsul\u0117se (600 \u00b5g safranalio). Kokybi\u0161kas maisto papildas kasdieniam vartojimui. 60 kapsuli\u0173.","_yoast_wpseo_focuskw":"\u0161afrano maisto papildas","_links":{"self":[{"href":"https:\/\/puhdasplus.ee\/lt\/wp-json\/wp\/v2\/product\/360325","targetHints":{"allow":["GET"]}}],"collection":[{"href":"https:\/\/puhdasplus.ee\/lt\/wp-json\/wp\/v2\/product"}],"about":[{"href":"https:\/\/puhdasplus.ee\/lt\/wp-json\/wp\/v2\/types\/product"}],"replies":[{"embeddable":true,"href":"https:\/\/puhdasplus.ee\/lt\/wp-json\/wp\/v2\/comments?post=360325"}],"wp:featuredmedia":[{"embeddable":true,"href":"https:\/\/puhdasplus.ee\/lt\/wp-json\/wp\/v2\/media\/360014"}],"wp:attachment":[{"href":"https:\/\/puhdasplus.ee\/lt\/wp-json\/wp\/v2\/media?parent=360325"}],"wp:term":[{"taxonomy":"product_brand","embeddable":true,"href":"https:\/\/puhdasplus.ee\/lt\/wp-json\/wp\/v2\/product_brand?post=360325"},{"taxonomy":"product_cat","embeddable":true,"href":"https:\/\/puhdasplus.ee\/lt\/wp-json\/wp\/v2\/product_cat?post=360325"},{"taxonomy":"product_tag","embeddable":true,"href":"https:\/\/puhdasplus.ee\/lt\/wp-json\/wp\/v2\/product_tag?post=360325"}],"curies":[{"name":"wp","href":"https:\/\/api.w.org\/{rel}","templated":true}]}}