{"id":360318,"date":"2026-03-30T21:49:43","date_gmt":"2026-03-30T18:49:43","guid":{"rendered":"https:\/\/puhdasplus.ee\/tooted\/maaratlemata\/acerola-ekstrakto-milteliai-100-g\/"},"modified":"2026-04-07T10:32:51","modified_gmt":"2026-04-07T07:32:51","slug":"acerola-ekstrakto-milteliai-100-g","status":"publish","type":"product","link":"https:\/\/puhdasplus.ee\/lt\/produktai\/vitaminai\/vitaminas-c\/acerola-ekstrakto-milteliai-100-g\/","title":{"rendered":"Acerola ekstrakto milteliai 100 g"},"content":{"rendered":"<p data-start=\"130\" data-end=\"155\"><strong data-start=\"130\" data-end=\"155\">Nat\u016bralus C vitaminas!<\/strong><\/p>\n<p data-start=\"157\" data-end=\"381\">Puhdas+ Acerola sud\u0117tyje yra tik reikalingi ingredientai \u2013 be pried\u0173 ir skonio med\u017eiag\u0173. Acerola yra vienas geriausi\u0173 nat\u016brali\u0173 C vitamino \u0161altini\u0173 ir taip pat turi kit\u0173 vaisi\u0173 bioaktyvi\u0173 jungini\u0173 ir maistini\u0173 med\u017eiag\u0173.<\/p>\n<p data-start=\"383\" data-end=\"402\">C vitaminas padeda:<\/p>\n<ul data-start=\"403\" data-end=\"633\">\n<li data-section-id=\"1smdaow\" data-start=\"403\" data-end=\"438\">suma\u017einti nuovarg\u012f ir i\u0161sekim\u0105<\/li>\n<li data-section-id=\"1e8gygr\" data-start=\"439\" data-end=\"535\">palaikyti normal\u0173 imuniteto sistemos veikim\u0105, taip pat intensyvaus fizinio kr\u016bvio metu ir po jo<\/li>\n<li data-section-id=\"19d39l3\" data-start=\"536\" data-end=\"582\">palaikyti normal\u0173 nerv\u0173 sistemos veikim\u0105<\/li>\n<li data-section-id=\"1wkrmnt\" data-start=\"583\" data-end=\"633\">palaikyti normali\u0105 psichologin\u0119 funkcij\u0105<\/li>\n<\/ul>\n<h2>Vartojimo instrukcija<\/h2>\n<p>3 matavimo \u0161auk\u0161teliai (1 ml) per dien\u0105.<br data-start=\"1036\" data-end=\"1039\" \/>Sumai\u0161yti su nedideliu kiekiu vandens arba kokteili\u0173.<\/p>\n<h2>Sudedamosios dalys<\/h2>\n<p data-start=\"660\" data-end=\"689\">Acerola ekstrakto milteliai (17%)<\/p>\n<p data-start=\"691\" data-end=\"808\">Neturi laktoz\u0117s, gliuteno ar mieli\u0173.<br data-start=\"731\" data-end=\"734\" \/>Neturi soj\u0173 ar saldikli\u0173.<br data-start=\"766\" data-end=\"769\" \/>Tinka veganams ir vegetarams.<\/p>\n<p data-start=\"810\" data-end=\"826\"><strong data-start=\"810\" data-end=\"826\">Maisto papildas.<\/strong><\/p>\n<h2>Maistingumo vert\u0117<\/h2>\n<p data-start=\"855\" data-end=\"906\"><strong data-start=\"855\" data-end=\"906\">Paros doz\u0117je (3 matavimo \u0161auk\u0161teliai \/ 1 ml) yra:<\/strong><\/p>\n<ul data-start=\"907\" data-end=\"942\">\n<li data-section-id=\"1mncqrh\" data-start=\"907\" data-end=\"942\"><strong data-start=\"909\" data-end=\"924\">C vitaminas:<\/strong> 250 mg (<em data-start=\"933\" data-end=\"939\">313%<\/em>)<\/li>\n<\/ul>\n<p data-start=\"944\" data-end=\"976\">* % nuo paros normos<\/p>\n<h2><strong>\u012esp\u0117jimai<\/strong><\/h2>\n<ul>\n<li>Maisto papildas negali pakeisti \u012fvairaus ir subalansuoto mitybos raciono bei sveikos gyvensenos.<\/li>\n<li>Laikyti vaikams nepasiekiamoje vietoje.<\/li>\n<li>Negalima vir\u0161yti rekomenduojamos paros doz\u0117s.<\/li>\n<\/ul>\n<p><strong>Gamintojas:<\/strong> New Organics Oy, Suomija<br \/>\n<strong>Importuotojas:<\/strong> NordenBio O\u00dc, Narva mnt 7, 10117 Tallinn, Estija<\/p>\n","protected":false},"excerpt":{"rendered":"<p><b>Puhdas+ Acerola milteliai 100 g<\/b> yra nat\u016bralus C vitamino \u0161altinis i\u0161 acerola vy\u0161ni\u0173. Turi daug nat\u016bralaus C vitamino, kuris palaiko imuniteto sistem\u0105 ir apsaugo l\u0105steles nuo oksidacinio streso.<\/p>\n","protected":false},"featured_media":360785,"comment_status":"open","ping_status":"closed","template":"","meta":{"_acf_changed":false,"googlesitekit_rrm_CAow3eq7DA:productID":""},"product_brand":[],"product_cat":[3048,3174,6396],"product_tag":[8497,4764,3023,3131,8378,8374,3125],"class_list":{"0":"post-360318","1":"product","2":"type-product","3":"status-publish","4":"has-post-thumbnail","6":"product_cat-imunine-sistema","7":"product_cat-vitaminai","8":"product_cat-vitaminas-c","9":"product_tag-acerola-lt","10":"product_tag-antioksidantas-lt","11":"product_tag-imunitetas","12":"product_tag-maisto-papildas","13":"product_tag-natralus-lt","14":"product_tag-suomijos-kokyb-lt","15":"product_tag-vitaminas-c-lt","17":"first","18":"onbackorder","19":"taxable","20":"shipping-taxable","21":"purchasable","22":"product-type-simple"},"acf":[],"yoast_head":"<!-- This site is optimized with the Yoast SEO plugin v27.3 - https:\/\/yoast.com\/product\/yoast-seo-wordpress\/ -->\n<title>Puhdas+ Acerola 100 g \u2013 nat\u016bral\u016bs C vitamino milteliai imunitetui<\/title>\n<meta name=\"description\" content=\"Puhdas+ Acerola 100 g \u2013 nat\u016bralus C vitamino \u0161altinis i\u0161 acerola. Palaiko imunitet\u0105 ir padeda suma\u017einti nuovarg\u012f. Gryni milteliai be pried\u0173 ir skonio med\u017eiag\u0173.\" \/>\n<meta name=\"robots\" content=\"index, follow, max-snippet:-1, max-image-preview:large, max-video-preview:-1\" \/>\n<link rel=\"canonical\" href=\"https:\/\/puhdasplus.ee\/lt\/produktai\/vitaminai\/vitaminas-c\/acerola-ekstrakto-milteliai-100-g\/\" \/>\n<meta property=\"og:locale\" content=\"lt_LT\" \/>\n<meta property=\"og:type\" content=\"article\" \/>\n<meta property=\"og:title\" content=\"Puhdas+ Acerola 100 g \u2013 nat\u016bral\u016bs C vitamino milteliai imunitetui\" \/>\n<meta property=\"og:description\" content=\"Puhdas+ Acerola 100 g \u2013 nat\u016bralus C vitamino \u0161altinis i\u0161 acerola. Palaiko imunitet\u0105 ir padeda suma\u017einti nuovarg\u012f. Gryni milteliai be pried\u0173 ir skonio med\u017eiag\u0173.\" \/>\n<meta property=\"og:url\" content=\"https:\/\/puhdasplus.ee\/lt\/produktai\/vitaminai\/vitaminas-c\/acerola-ekstrakto-milteliai-100-g\/\" \/>\n<meta property=\"og:site_name\" content=\"Puhdas+\" \/>\n<meta property=\"article:publisher\" content=\"https:\/\/www.facebook.com\/puhdasplus\" \/>\n<meta property=\"article:modified_time\" content=\"2026-04-07T07:32:51+00:00\" \/>\n<meta property=\"og:image\" content=\"https:\/\/puhdasplus.ee\/wp-content\/uploads\/2026\/03\/tooted-ilma-taustata.png\" \/>\n\t<meta property=\"og:image:width\" content=\"1280\" \/>\n\t<meta property=\"og:image:height\" content=\"1760\" \/>\n\t<meta property=\"og:image:type\" content=\"image\/png\" \/>\n<meta name=\"twitter:card\" content=\"summary_large_image\" \/>\n<meta name=\"twitter:label1\" content=\"Est. reading time\" \/>\n\t<meta name=\"twitter:data1\" content=\"1 minut\u0117\" \/>\n<script type=\"application\/ld+json\" class=\"yoast-schema-graph\">{\"@context\":\"https:\\\/\\\/schema.org\",\"@graph\":[{\"@type\":\"WebPage\",\"@id\":\"https:\\\/\\\/puhdasplus.ee\\\/lt\\\/produktai\\\/vitaminai\\\/vitaminas-c\\\/acerola-ekstrakto-milteliai-100-g\\\/\",\"url\":\"https:\\\/\\\/puhdasplus.ee\\\/lt\\\/produktai\\\/vitaminai\\\/vitaminas-c\\\/acerola-ekstrakto-milteliai-100-g\\\/\",\"name\":\"Puhdas+ Acerola 100 g \u2013 nat\u016bral\u016bs C vitamino milteliai imunitetui\",\"isPartOf\":{\"@id\":\"https:\\\/\\\/puhdasplus.ee\\\/lt\\\/#website\"},\"primaryImageOfPage\":{\"@id\":\"https:\\\/\\\/puhdasplus.ee\\\/lt\\\/produktai\\\/vitaminai\\\/vitaminas-c\\\/acerola-ekstrakto-milteliai-100-g\\\/#primaryimage\"},\"image\":{\"@id\":\"https:\\\/\\\/puhdasplus.ee\\\/lt\\\/produktai\\\/vitaminai\\\/vitaminas-c\\\/acerola-ekstrakto-milteliai-100-g\\\/#primaryimage\"},\"thumbnailUrl\":\"https:\\\/\\\/puhdasplus.ee\\\/wp-content\\\/uploads\\\/2026\\\/03\\\/tooted-ilma-taustata.png\",\"datePublished\":\"2026-03-30T18:49:43+00:00\",\"dateModified\":\"2026-04-07T07:32:51+00:00\",\"description\":\"Puhdas+ Acerola 100 g \u2013 nat\u016bralus C vitamino \u0161altinis i\u0161 acerola. Palaiko imunitet\u0105 ir padeda suma\u017einti nuovarg\u012f. Gryni milteliai be pried\u0173 ir skonio med\u017eiag\u0173.\",\"breadcrumb\":{\"@id\":\"https:\\\/\\\/puhdasplus.ee\\\/lt\\\/produktai\\\/vitaminai\\\/vitaminas-c\\\/acerola-ekstrakto-milteliai-100-g\\\/#breadcrumb\"},\"inLanguage\":\"lt-LT\",\"potentialAction\":[{\"@type\":\"ReadAction\",\"target\":[\"https:\\\/\\\/puhdasplus.ee\\\/lt\\\/produktai\\\/vitaminai\\\/vitaminas-c\\\/acerola-ekstrakto-milteliai-100-g\\\/\"]}]},{\"@type\":\"ImageObject\",\"inLanguage\":\"lt-LT\",\"@id\":\"https:\\\/\\\/puhdasplus.ee\\\/lt\\\/produktai\\\/vitaminai\\\/vitaminas-c\\\/acerola-ekstrakto-milteliai-100-g\\\/#primaryimage\",\"url\":\"https:\\\/\\\/puhdasplus.ee\\\/wp-content\\\/uploads\\\/2026\\\/03\\\/tooted-ilma-taustata.png\",\"contentUrl\":\"https:\\\/\\\/puhdasplus.ee\\\/wp-content\\\/uploads\\\/2026\\\/03\\\/tooted-ilma-taustata.png\",\"width\":1280,\"height\":1760,\"caption\":\"Acerola ekstraktipulber 100 g\"},{\"@type\":\"BreadcrumbList\",\"@id\":\"https:\\\/\\\/puhdasplus.ee\\\/lt\\\/produktai\\\/vitaminai\\\/vitaminas-c\\\/acerola-ekstrakto-milteliai-100-g\\\/#breadcrumb\",\"itemListElement\":[{\"@type\":\"ListItem\",\"position\":1,\"name\":\"Prad\u017eia\",\"item\":\"https:\\\/\\\/puhdasplus.ee\\\/lt\\\/\"},{\"@type\":\"ListItem\",\"position\":2,\"name\":\"Produktai\",\"item\":\"https:\\\/\\\/puhdasplus.ee\\\/lt\\\/parduotuve\\\/\"},{\"@type\":\"ListItem\",\"position\":3,\"name\":\"Acerola ekstrakto milteliai 100 g\"}]},{\"@type\":\"WebSite\",\"@id\":\"https:\\\/\\\/puhdasplus.ee\\\/lt\\\/#website\",\"url\":\"https:\\\/\\\/puhdasplus.ee\\\/lt\\\/\",\"name\":\"Puhdas+\",\"description\":\"Vitaminai, maisto papildai, nat\u016brali kosmetika, sveikata, sportas\",\"publisher\":{\"@id\":\"https:\\\/\\\/puhdasplus.ee\\\/lt\\\/#organization\"},\"potentialAction\":[{\"@type\":\"SearchAction\",\"target\":{\"@type\":\"EntryPoint\",\"urlTemplate\":\"https:\\\/\\\/puhdasplus.ee\\\/lt\\\/?s={search_term_string}\"},\"query-input\":{\"@type\":\"PropertyValueSpecification\",\"valueRequired\":true,\"valueName\":\"search_term_string\"}}],\"inLanguage\":\"lt-LT\"},{\"@type\":\"Organization\",\"@id\":\"https:\\\/\\\/puhdasplus.ee\\\/lt\\\/#organization\",\"name\":\"Puhdas+\",\"alternateName\":\"Puhdasplus\",\"url\":\"https:\\\/\\\/puhdasplus.ee\\\/lt\\\/\",\"logo\":{\"@type\":\"ImageObject\",\"inLanguage\":\"lt-LT\",\"@id\":\"https:\\\/\\\/puhdasplus.ee\\\/lt\\\/#\\\/schema\\\/logo\\\/image\\\/\",\"url\":\"https:\\\/\\\/puhdasplus.ee\\\/wp-content\\\/uploads\\\/2019\\\/10\\\/puhdas_logo-arvele.png\",\"contentUrl\":\"https:\\\/\\\/puhdasplus.ee\\\/wp-content\\\/uploads\\\/2019\\\/10\\\/puhdas_logo-arvele.png\",\"width\":114,\"height\":94,\"caption\":\"Puhdas+\"},\"image\":{\"@id\":\"https:\\\/\\\/puhdasplus.ee\\\/lt\\\/#\\\/schema\\\/logo\\\/image\\\/\"},\"sameAs\":[\"https:\\\/\\\/www.facebook.com\\\/puhdasplus\",\"https:\\\/\\\/www.instagram.com\\\/puhdasplus_ee\\\/\"]}]}<\/script>\n<!-- \/ Yoast SEO plugin. -->","yoast_head_json":{"title":"Puhdas+ Acerola 100 g \u2013 nat\u016bral\u016bs C vitamino milteliai imunitetui","description":"Puhdas+ Acerola 100 g \u2013 nat\u016bralus C vitamino \u0161altinis i\u0161 acerola. Palaiko imunitet\u0105 ir padeda suma\u017einti nuovarg\u012f. Gryni milteliai be pried\u0173 ir skonio med\u017eiag\u0173.","robots":{"index":"index","follow":"follow","max-snippet":"max-snippet:-1","max-image-preview":"max-image-preview:large","max-video-preview":"max-video-preview:-1"},"canonical":"https:\/\/puhdasplus.ee\/lt\/produktai\/vitaminai\/vitaminas-c\/acerola-ekstrakto-milteliai-100-g\/","og_locale":"lt_LT","og_type":"article","og_title":"Puhdas+ Acerola 100 g \u2013 nat\u016bral\u016bs C vitamino milteliai imunitetui","og_description":"Puhdas+ Acerola 100 g \u2013 nat\u016bralus C vitamino \u0161altinis i\u0161 acerola. Palaiko imunitet\u0105 ir padeda suma\u017einti nuovarg\u012f. Gryni milteliai be pried\u0173 ir skonio med\u017eiag\u0173.","og_url":"https:\/\/puhdasplus.ee\/lt\/produktai\/vitaminai\/vitaminas-c\/acerola-ekstrakto-milteliai-100-g\/","og_site_name":"Puhdas+","article_publisher":"https:\/\/www.facebook.com\/puhdasplus","article_modified_time":"2026-04-07T07:32:51+00:00","og_image":[{"width":1280,"height":1760,"url":"https:\/\/puhdasplus.ee\/wp-content\/uploads\/2026\/03\/tooted-ilma-taustata.png","type":"image\/png"}],"twitter_card":"summary_large_image","twitter_misc":{"Est. reading time":"1 minut\u0117"},"schema":{"@context":"https:\/\/schema.org","@graph":[{"@type":"WebPage","@id":"https:\/\/puhdasplus.ee\/lt\/produktai\/vitaminai\/vitaminas-c\/acerola-ekstrakto-milteliai-100-g\/","url":"https:\/\/puhdasplus.ee\/lt\/produktai\/vitaminai\/vitaminas-c\/acerola-ekstrakto-milteliai-100-g\/","name":"Puhdas+ Acerola 100 g \u2013 nat\u016bral\u016bs C vitamino milteliai imunitetui","isPartOf":{"@id":"https:\/\/puhdasplus.ee\/lt\/#website"},"primaryImageOfPage":{"@id":"https:\/\/puhdasplus.ee\/lt\/produktai\/vitaminai\/vitaminas-c\/acerola-ekstrakto-milteliai-100-g\/#primaryimage"},"image":{"@id":"https:\/\/puhdasplus.ee\/lt\/produktai\/vitaminai\/vitaminas-c\/acerola-ekstrakto-milteliai-100-g\/#primaryimage"},"thumbnailUrl":"https:\/\/puhdasplus.ee\/wp-content\/uploads\/2026\/03\/tooted-ilma-taustata.png","datePublished":"2026-03-30T18:49:43+00:00","dateModified":"2026-04-07T07:32:51+00:00","description":"Puhdas+ Acerola 100 g \u2013 nat\u016bralus C vitamino \u0161altinis i\u0161 acerola. Palaiko imunitet\u0105 ir padeda suma\u017einti nuovarg\u012f. Gryni milteliai be pried\u0173 ir skonio med\u017eiag\u0173.","breadcrumb":{"@id":"https:\/\/puhdasplus.ee\/lt\/produktai\/vitaminai\/vitaminas-c\/acerola-ekstrakto-milteliai-100-g\/#breadcrumb"},"inLanguage":"lt-LT","potentialAction":[{"@type":"ReadAction","target":["https:\/\/puhdasplus.ee\/lt\/produktai\/vitaminai\/vitaminas-c\/acerola-ekstrakto-milteliai-100-g\/"]}]},{"@type":"ImageObject","inLanguage":"lt-LT","@id":"https:\/\/puhdasplus.ee\/lt\/produktai\/vitaminai\/vitaminas-c\/acerola-ekstrakto-milteliai-100-g\/#primaryimage","url":"https:\/\/puhdasplus.ee\/wp-content\/uploads\/2026\/03\/tooted-ilma-taustata.png","contentUrl":"https:\/\/puhdasplus.ee\/wp-content\/uploads\/2026\/03\/tooted-ilma-taustata.png","width":1280,"height":1760,"caption":"Acerola ekstraktipulber 100 g"},{"@type":"BreadcrumbList","@id":"https:\/\/puhdasplus.ee\/lt\/produktai\/vitaminai\/vitaminas-c\/acerola-ekstrakto-milteliai-100-g\/#breadcrumb","itemListElement":[{"@type":"ListItem","position":1,"name":"Prad\u017eia","item":"https:\/\/puhdasplus.ee\/lt\/"},{"@type":"ListItem","position":2,"name":"Produktai","item":"https:\/\/puhdasplus.ee\/lt\/parduotuve\/"},{"@type":"ListItem","position":3,"name":"Acerola ekstrakto milteliai 100 g"}]},{"@type":"WebSite","@id":"https:\/\/puhdasplus.ee\/lt\/#website","url":"https:\/\/puhdasplus.ee\/lt\/","name":"Puhdas+","description":"Vitaminai, maisto papildai, nat\u016brali kosmetika, sveikata, sportas","publisher":{"@id":"https:\/\/puhdasplus.ee\/lt\/#organization"},"potentialAction":[{"@type":"SearchAction","target":{"@type":"EntryPoint","urlTemplate":"https:\/\/puhdasplus.ee\/lt\/?s={search_term_string}"},"query-input":{"@type":"PropertyValueSpecification","valueRequired":true,"valueName":"search_term_string"}}],"inLanguage":"lt-LT"},{"@type":"Organization","@id":"https:\/\/puhdasplus.ee\/lt\/#organization","name":"Puhdas+","alternateName":"Puhdasplus","url":"https:\/\/puhdasplus.ee\/lt\/","logo":{"@type":"ImageObject","inLanguage":"lt-LT","@id":"https:\/\/puhdasplus.ee\/lt\/#\/schema\/logo\/image\/","url":"https:\/\/puhdasplus.ee\/wp-content\/uploads\/2019\/10\/puhdas_logo-arvele.png","contentUrl":"https:\/\/puhdasplus.ee\/wp-content\/uploads\/2019\/10\/puhdas_logo-arvele.png","width":114,"height":94,"caption":"Puhdas+"},"image":{"@id":"https:\/\/puhdasplus.ee\/lt\/#\/schema\/logo\/image\/"},"sameAs":["https:\/\/www.facebook.com\/puhdasplus","https:\/\/www.instagram.com\/puhdasplus_ee\/"]}]}},"_yoast_wpseo_title":"Puhdas+ Acerola 100 g \u2013 nat\u016bral\u016bs C vitamino milteliai imunitetui","_yoast_wpseo_metadesc":"Puhdas+ Acerola 100 g \u2013 nat\u016bralus C vitamino \u0161altinis i\u0161 acerola. Palaiko imunitet\u0105 ir padeda suma\u017einti nuovarg\u012f. Gryni milteliai be pried\u0173 ir skonio med\u017eiag\u0173.","_yoast_wpseo_focuskw":"acerola C vitaminas","_links":{"self":[{"href":"https:\/\/puhdasplus.ee\/lt\/wp-json\/wp\/v2\/product\/360318","targetHints":{"allow":["GET"]}}],"collection":[{"href":"https:\/\/puhdasplus.ee\/lt\/wp-json\/wp\/v2\/product"}],"about":[{"href":"https:\/\/puhdasplus.ee\/lt\/wp-json\/wp\/v2\/types\/product"}],"replies":[{"embeddable":true,"href":"https:\/\/puhdasplus.ee\/lt\/wp-json\/wp\/v2\/comments?post=360318"}],"wp:featuredmedia":[{"embeddable":true,"href":"https:\/\/puhdasplus.ee\/lt\/wp-json\/wp\/v2\/media\/360785"}],"wp:attachment":[{"href":"https:\/\/puhdasplus.ee\/lt\/wp-json\/wp\/v2\/media?parent=360318"}],"wp:term":[{"taxonomy":"product_brand","embeddable":true,"href":"https:\/\/puhdasplus.ee\/lt\/wp-json\/wp\/v2\/product_brand?post=360318"},{"taxonomy":"product_cat","embeddable":true,"href":"https:\/\/puhdasplus.ee\/lt\/wp-json\/wp\/v2\/product_cat?post=360318"},{"taxonomy":"product_tag","embeddable":true,"href":"https:\/\/puhdasplus.ee\/lt\/wp-json\/wp\/v2\/product_tag?post=360318"}],"curies":[{"name":"wp","href":"https:\/\/api.w.org\/{rel}","templated":true}]}}