{"id":360312,"date":"2026-04-07T10:31:03","date_gmt":"2026-04-07T07:31:03","guid":{"rendered":"https:\/\/puhdasplus.ee\/tooted\/maaratlemata\/silicio-gelis-silica-tonic-su-imbiero-ir-citrinos-ekstraktais-750-ml\/"},"modified":"2026-04-07T10:31:03","modified_gmt":"2026-04-07T07:31:03","slug":"silicio-gelis-silica-tonic-su-imbiero-ir-citrinos-ekstraktais-750-ml","status":"publish","type":"product","link":"https:\/\/puhdasplus.ee\/lt\/produktai\/mineralai\/silicio-gelis-silica-tonic-su-imbiero-ir-citrinos-ekstraktais-750-ml\/","title":{"rendered":"Silicio gelis Silica Tonic su imbiero ir citrinos ekstraktais 750 ml"},"content":{"rendered":"<p><strong>Puhdas+ Silica Tonic<\/strong> yra vietinis silicio r\u016bg\u0161ties gelio preparatas. Silicis gamtoje randamas kaip deguonies junginys augaluose, j\u016bros vandenyje ir uolienose.<\/p>\n<p>Pagardinta imbiero ir citrinos ekstraktais patogiam vartojimui. 750 ml didel\u0117 pakuot\u0117.<\/p>\n<ul>\n<li>Palaiko odos, plauk\u0173 ir nag\u0173 sveikat\u0105<\/li>\n<li>Silicis svarbus normaliam jungiam\u0173j\u0173 audini\u0173 funkcionavimui palaikyti<\/li>\n<li>Malonus imbiero ir citrinos skonis<\/li>\n<\/ul>\n<h2>Vartojimo instrukcija<\/h2>\n<p>15-45 ml per par\u0105. Negalima vir\u0161yti rekomenduojamos paros doz\u0117s.<\/p>\n<h2>Sud\u0117tis<\/h2>\n<p>Valytas vanduo, silicio dioksidas, stabilizatorius (karboksimetilceliulioz\u0117), konservantai (kalio sorbatas, natrio benzoatas), r\u016bg\u0161tingumo reguliatorius (citrin\u0173 r\u016bg\u0161tis), aromatin\u0117s ir skonin\u0117s med\u017eiagos (imbieras, citrina).<\/p>\n<h2>\u012esp\u0117jimai<\/h2>\n<p>Laikyti vaikams nepasiekiamoje vietoje. Maisto papildas nepakei\u010dia \u012fvairaus ir subalansuoto mitybos raciono bei sveiko gyvenimo b\u016bdo. Nevir\u0161ykite rekomenduojamos paros doz\u0117s.<\/p>\n","protected":false},"excerpt":{"rendered":"<p><strong>Puhdas+ Silicio gelis Silica Tonic su imbiero ir citrinos ekstraktais 750 ml<\/strong> yra pagardinti silicio r\u016bg\u0161ties gelis, kuriame yra silicio. Didel\u0117 pakuot\u0117 su maloniu imbiero ir citrinos skoniu, tinka kasdieniam vartojimui.<\/p>\n","protected":false},"featured_media":360006,"comment_status":"open","ping_status":"closed","template":"","meta":{"_acf_changed":false,"googlesitekit_rrm_CAow3eq7DA:productID":""},"product_brand":[],"product_cat":[3120,3282],"product_tag":[8366,3285,2562,8374],"class_list":{"0":"post-360312","1":"product","2":"type-product","3":"status-publish","4":"has-post-thumbnail","6":"product_cat-mineralai","7":"product_cat-oda-plaukai-nagai","8":"product_tag-mineralai-lt","9":"product_tag-odos-sveikata","10":"product_tag-plauku-prieziura","11":"product_tag-suomijos-kokyb-lt","13":"first","14":"onbackorder","15":"taxable","16":"shipping-taxable","17":"purchasable","18":"product-type-simple"},"acf":[],"yoast_head":"<!-- This site is optimized with the Yoast SEO plugin v27.3 - https:\/\/yoast.com\/product\/yoast-seo-wordpress\/ -->\n<title>Silica Tonic su imbiero ir citrinos ekstraktais 750 ml | Puhdas+<\/title>\n<meta name=\"description\" content=\"Puhdas+ Silica Tonic 750 ml \u2013 silicio r\u016bg\u0161ties gelis su gaiviu imbiero ir citrinos skoniu. Sud\u0117tyje silicis, \u0161vari sud\u0117tis ir tinka kasdieniam vartojimui.\" \/>\n<meta name=\"robots\" content=\"index, follow, max-snippet:-1, max-image-preview:large, max-video-preview:-1\" \/>\n<link rel=\"canonical\" href=\"https:\/\/puhdasplus.ee\/lt\/produktai\/mineralai\/silicio-gelis-silica-tonic-su-imbiero-ir-citrinos-ekstraktais-750-ml\/\" \/>\n<meta property=\"og:locale\" content=\"lt_LT\" \/>\n<meta property=\"og:type\" content=\"article\" \/>\n<meta property=\"og:title\" content=\"Silica Tonic su imbiero ir citrinos ekstraktais 750 ml | Puhdas+\" \/>\n<meta property=\"og:description\" content=\"Puhdas+ Silica Tonic 750 ml \u2013 silicio r\u016bg\u0161ties gelis su gaiviu imbiero ir citrinos skoniu. Sud\u0117tyje silicis, \u0161vari sud\u0117tis ir tinka kasdieniam vartojimui.\" \/>\n<meta property=\"og:url\" content=\"https:\/\/puhdasplus.ee\/lt\/produktai\/mineralai\/silicio-gelis-silica-tonic-su-imbiero-ir-citrinos-ekstraktais-750-ml\/\" \/>\n<meta property=\"og:site_name\" content=\"Puhdas+\" \/>\n<meta property=\"article:publisher\" content=\"https:\/\/www.facebook.com\/puhdasplus\" \/>\n<meta property=\"og:image\" content=\"https:\/\/puhdasplus.ee\/wp-content\/uploads\/2026\/03\/tooted-ilma-taustata-3-copy.jpg\" \/>\n\t<meta property=\"og:image:width\" content=\"1280\" \/>\n\t<meta property=\"og:image:height\" content=\"1760\" \/>\n\t<meta property=\"og:image:type\" content=\"image\/jpeg\" \/>\n<meta name=\"twitter:card\" content=\"summary_large_image\" \/>\n<meta name=\"twitter:label1\" content=\"Est. reading time\" \/>\n\t<meta name=\"twitter:data1\" content=\"1 minut\u0117\" \/>\n<script type=\"application\/ld+json\" class=\"yoast-schema-graph\">{\"@context\":\"https:\\\/\\\/schema.org\",\"@graph\":[{\"@type\":\"WebPage\",\"@id\":\"https:\\\/\\\/puhdasplus.ee\\\/lt\\\/produktai\\\/mineralai\\\/silicio-gelis-silica-tonic-su-imbiero-ir-citrinos-ekstraktais-750-ml\\\/\",\"url\":\"https:\\\/\\\/puhdasplus.ee\\\/lt\\\/produktai\\\/mineralai\\\/silicio-gelis-silica-tonic-su-imbiero-ir-citrinos-ekstraktais-750-ml\\\/\",\"name\":\"Silica Tonic su imbiero ir citrinos ekstraktais 750 ml | Puhdas+\",\"isPartOf\":{\"@id\":\"https:\\\/\\\/puhdasplus.ee\\\/lt\\\/#website\"},\"primaryImageOfPage\":{\"@id\":\"https:\\\/\\\/puhdasplus.ee\\\/lt\\\/produktai\\\/mineralai\\\/silicio-gelis-silica-tonic-su-imbiero-ir-citrinos-ekstraktais-750-ml\\\/#primaryimage\"},\"image\":{\"@id\":\"https:\\\/\\\/puhdasplus.ee\\\/lt\\\/produktai\\\/mineralai\\\/silicio-gelis-silica-tonic-su-imbiero-ir-citrinos-ekstraktais-750-ml\\\/#primaryimage\"},\"thumbnailUrl\":\"https:\\\/\\\/puhdasplus.ee\\\/wp-content\\\/uploads\\\/2026\\\/03\\\/tooted-ilma-taustata-3-copy.jpg\",\"datePublished\":\"2026-04-07T07:31:03+00:00\",\"description\":\"Puhdas+ Silica Tonic 750 ml \u2013 silicio r\u016bg\u0161ties gelis su gaiviu imbiero ir citrinos skoniu. Sud\u0117tyje silicis, \u0161vari sud\u0117tis ir tinka kasdieniam vartojimui.\",\"breadcrumb\":{\"@id\":\"https:\\\/\\\/puhdasplus.ee\\\/lt\\\/produktai\\\/mineralai\\\/silicio-gelis-silica-tonic-su-imbiero-ir-citrinos-ekstraktais-750-ml\\\/#breadcrumb\"},\"inLanguage\":\"lt-LT\",\"potentialAction\":[{\"@type\":\"ReadAction\",\"target\":[\"https:\\\/\\\/puhdasplus.ee\\\/lt\\\/produktai\\\/mineralai\\\/silicio-gelis-silica-tonic-su-imbiero-ir-citrinos-ekstraktais-750-ml\\\/\"]}]},{\"@type\":\"ImageObject\",\"inLanguage\":\"lt-LT\",\"@id\":\"https:\\\/\\\/puhdasplus.ee\\\/lt\\\/produktai\\\/mineralai\\\/silicio-gelis-silica-tonic-su-imbiero-ir-citrinos-ekstraktais-750-ml\\\/#primaryimage\",\"url\":\"https:\\\/\\\/puhdasplus.ee\\\/wp-content\\\/uploads\\\/2026\\\/03\\\/tooted-ilma-taustata-3-copy.jpg\",\"contentUrl\":\"https:\\\/\\\/puhdasplus.ee\\\/wp-content\\\/uploads\\\/2026\\\/03\\\/tooted-ilma-taustata-3-copy.jpg\",\"width\":1280,\"height\":1760,\"caption\":\"R\u00e4nigeel Silica Tonic ingveri ja sidruniga 750 ml\"},{\"@type\":\"BreadcrumbList\",\"@id\":\"https:\\\/\\\/puhdasplus.ee\\\/lt\\\/produktai\\\/mineralai\\\/silicio-gelis-silica-tonic-su-imbiero-ir-citrinos-ekstraktais-750-ml\\\/#breadcrumb\",\"itemListElement\":[{\"@type\":\"ListItem\",\"position\":1,\"name\":\"Prad\u017eia\",\"item\":\"https:\\\/\\\/puhdasplus.ee\\\/lt\\\/\"},{\"@type\":\"ListItem\",\"position\":2,\"name\":\"Produktai\",\"item\":\"https:\\\/\\\/puhdasplus.ee\\\/lt\\\/parduotuve\\\/\"},{\"@type\":\"ListItem\",\"position\":3,\"name\":\"Silicio gelis Silica Tonic su imbiero ir citrinos ekstraktais 750 ml\"}]},{\"@type\":\"WebSite\",\"@id\":\"https:\\\/\\\/puhdasplus.ee\\\/lt\\\/#website\",\"url\":\"https:\\\/\\\/puhdasplus.ee\\\/lt\\\/\",\"name\":\"Puhdas+\",\"description\":\"Vitaminai, maisto papildai, nat\u016brali kosmetika, sveikata, sportas\",\"publisher\":{\"@id\":\"https:\\\/\\\/puhdasplus.ee\\\/lt\\\/#organization\"},\"potentialAction\":[{\"@type\":\"SearchAction\",\"target\":{\"@type\":\"EntryPoint\",\"urlTemplate\":\"https:\\\/\\\/puhdasplus.ee\\\/lt\\\/?s={search_term_string}\"},\"query-input\":{\"@type\":\"PropertyValueSpecification\",\"valueRequired\":true,\"valueName\":\"search_term_string\"}}],\"inLanguage\":\"lt-LT\"},{\"@type\":\"Organization\",\"@id\":\"https:\\\/\\\/puhdasplus.ee\\\/lt\\\/#organization\",\"name\":\"Puhdas+\",\"alternateName\":\"Puhdasplus\",\"url\":\"https:\\\/\\\/puhdasplus.ee\\\/lt\\\/\",\"logo\":{\"@type\":\"ImageObject\",\"inLanguage\":\"lt-LT\",\"@id\":\"https:\\\/\\\/puhdasplus.ee\\\/lt\\\/#\\\/schema\\\/logo\\\/image\\\/\",\"url\":\"https:\\\/\\\/puhdasplus.ee\\\/wp-content\\\/uploads\\\/2019\\\/10\\\/puhdas_logo-arvele.png\",\"contentUrl\":\"https:\\\/\\\/puhdasplus.ee\\\/wp-content\\\/uploads\\\/2019\\\/10\\\/puhdas_logo-arvele.png\",\"width\":114,\"height\":94,\"caption\":\"Puhdas+\"},\"image\":{\"@id\":\"https:\\\/\\\/puhdasplus.ee\\\/lt\\\/#\\\/schema\\\/logo\\\/image\\\/\"},\"sameAs\":[\"https:\\\/\\\/www.facebook.com\\\/puhdasplus\",\"https:\\\/\\\/www.instagram.com\\\/puhdasplus_ee\\\/\"]}]}<\/script>\n<!-- \/ Yoast SEO plugin. -->","yoast_head_json":{"title":"Silica Tonic su imbiero ir citrinos ekstraktais 750 ml | Puhdas+","description":"Puhdas+ Silica Tonic 750 ml \u2013 silicio r\u016bg\u0161ties gelis su gaiviu imbiero ir citrinos skoniu. Sud\u0117tyje silicis, \u0161vari sud\u0117tis ir tinka kasdieniam vartojimui.","robots":{"index":"index","follow":"follow","max-snippet":"max-snippet:-1","max-image-preview":"max-image-preview:large","max-video-preview":"max-video-preview:-1"},"canonical":"https:\/\/puhdasplus.ee\/lt\/produktai\/mineralai\/silicio-gelis-silica-tonic-su-imbiero-ir-citrinos-ekstraktais-750-ml\/","og_locale":"lt_LT","og_type":"article","og_title":"Silica Tonic su imbiero ir citrinos ekstraktais 750 ml | Puhdas+","og_description":"Puhdas+ Silica Tonic 750 ml \u2013 silicio r\u016bg\u0161ties gelis su gaiviu imbiero ir citrinos skoniu. Sud\u0117tyje silicis, \u0161vari sud\u0117tis ir tinka kasdieniam vartojimui.","og_url":"https:\/\/puhdasplus.ee\/lt\/produktai\/mineralai\/silicio-gelis-silica-tonic-su-imbiero-ir-citrinos-ekstraktais-750-ml\/","og_site_name":"Puhdas+","article_publisher":"https:\/\/www.facebook.com\/puhdasplus","og_image":[{"width":1280,"height":1760,"url":"https:\/\/puhdasplus.ee\/wp-content\/uploads\/2026\/03\/tooted-ilma-taustata-3-copy.jpg","type":"image\/jpeg"}],"twitter_card":"summary_large_image","twitter_misc":{"Est. reading time":"1 minut\u0117"},"schema":{"@context":"https:\/\/schema.org","@graph":[{"@type":"WebPage","@id":"https:\/\/puhdasplus.ee\/lt\/produktai\/mineralai\/silicio-gelis-silica-tonic-su-imbiero-ir-citrinos-ekstraktais-750-ml\/","url":"https:\/\/puhdasplus.ee\/lt\/produktai\/mineralai\/silicio-gelis-silica-tonic-su-imbiero-ir-citrinos-ekstraktais-750-ml\/","name":"Silica Tonic su imbiero ir citrinos ekstraktais 750 ml | Puhdas+","isPartOf":{"@id":"https:\/\/puhdasplus.ee\/lt\/#website"},"primaryImageOfPage":{"@id":"https:\/\/puhdasplus.ee\/lt\/produktai\/mineralai\/silicio-gelis-silica-tonic-su-imbiero-ir-citrinos-ekstraktais-750-ml\/#primaryimage"},"image":{"@id":"https:\/\/puhdasplus.ee\/lt\/produktai\/mineralai\/silicio-gelis-silica-tonic-su-imbiero-ir-citrinos-ekstraktais-750-ml\/#primaryimage"},"thumbnailUrl":"https:\/\/puhdasplus.ee\/wp-content\/uploads\/2026\/03\/tooted-ilma-taustata-3-copy.jpg","datePublished":"2026-04-07T07:31:03+00:00","description":"Puhdas+ Silica Tonic 750 ml \u2013 silicio r\u016bg\u0161ties gelis su gaiviu imbiero ir citrinos skoniu. Sud\u0117tyje silicis, \u0161vari sud\u0117tis ir tinka kasdieniam vartojimui.","breadcrumb":{"@id":"https:\/\/puhdasplus.ee\/lt\/produktai\/mineralai\/silicio-gelis-silica-tonic-su-imbiero-ir-citrinos-ekstraktais-750-ml\/#breadcrumb"},"inLanguage":"lt-LT","potentialAction":[{"@type":"ReadAction","target":["https:\/\/puhdasplus.ee\/lt\/produktai\/mineralai\/silicio-gelis-silica-tonic-su-imbiero-ir-citrinos-ekstraktais-750-ml\/"]}]},{"@type":"ImageObject","inLanguage":"lt-LT","@id":"https:\/\/puhdasplus.ee\/lt\/produktai\/mineralai\/silicio-gelis-silica-tonic-su-imbiero-ir-citrinos-ekstraktais-750-ml\/#primaryimage","url":"https:\/\/puhdasplus.ee\/wp-content\/uploads\/2026\/03\/tooted-ilma-taustata-3-copy.jpg","contentUrl":"https:\/\/puhdasplus.ee\/wp-content\/uploads\/2026\/03\/tooted-ilma-taustata-3-copy.jpg","width":1280,"height":1760,"caption":"R\u00e4nigeel Silica Tonic ingveri ja sidruniga 750 ml"},{"@type":"BreadcrumbList","@id":"https:\/\/puhdasplus.ee\/lt\/produktai\/mineralai\/silicio-gelis-silica-tonic-su-imbiero-ir-citrinos-ekstraktais-750-ml\/#breadcrumb","itemListElement":[{"@type":"ListItem","position":1,"name":"Prad\u017eia","item":"https:\/\/puhdasplus.ee\/lt\/"},{"@type":"ListItem","position":2,"name":"Produktai","item":"https:\/\/puhdasplus.ee\/lt\/parduotuve\/"},{"@type":"ListItem","position":3,"name":"Silicio gelis Silica Tonic su imbiero ir citrinos ekstraktais 750 ml"}]},{"@type":"WebSite","@id":"https:\/\/puhdasplus.ee\/lt\/#website","url":"https:\/\/puhdasplus.ee\/lt\/","name":"Puhdas+","description":"Vitaminai, maisto papildai, nat\u016brali kosmetika, sveikata, sportas","publisher":{"@id":"https:\/\/puhdasplus.ee\/lt\/#organization"},"potentialAction":[{"@type":"SearchAction","target":{"@type":"EntryPoint","urlTemplate":"https:\/\/puhdasplus.ee\/lt\/?s={search_term_string}"},"query-input":{"@type":"PropertyValueSpecification","valueRequired":true,"valueName":"search_term_string"}}],"inLanguage":"lt-LT"},{"@type":"Organization","@id":"https:\/\/puhdasplus.ee\/lt\/#organization","name":"Puhdas+","alternateName":"Puhdasplus","url":"https:\/\/puhdasplus.ee\/lt\/","logo":{"@type":"ImageObject","inLanguage":"lt-LT","@id":"https:\/\/puhdasplus.ee\/lt\/#\/schema\/logo\/image\/","url":"https:\/\/puhdasplus.ee\/wp-content\/uploads\/2019\/10\/puhdas_logo-arvele.png","contentUrl":"https:\/\/puhdasplus.ee\/wp-content\/uploads\/2019\/10\/puhdas_logo-arvele.png","width":114,"height":94,"caption":"Puhdas+"},"image":{"@id":"https:\/\/puhdasplus.ee\/lt\/#\/schema\/logo\/image\/"},"sameAs":["https:\/\/www.facebook.com\/puhdasplus","https:\/\/www.instagram.com\/puhdasplus_ee\/"]}]}},"_yoast_wpseo_title":"Silica Tonic su imbiero ir citrinos ekstraktais 750 ml | Puhdas+","_yoast_wpseo_metadesc":"Puhdas+ Silica Tonic 750 ml \u2013 silicio r\u016bg\u0161ties gelis su gaiviu imbiero ir citrinos skoniu. Sud\u0117tyje silicis, \u0161vari sud\u0117tis ir tinka kasdieniam vartojimui.","_yoast_wpseo_focuskw":"silica tonic silicio gelis","_links":{"self":[{"href":"https:\/\/puhdasplus.ee\/lt\/wp-json\/wp\/v2\/product\/360312","targetHints":{"allow":["GET"]}}],"collection":[{"href":"https:\/\/puhdasplus.ee\/lt\/wp-json\/wp\/v2\/product"}],"about":[{"href":"https:\/\/puhdasplus.ee\/lt\/wp-json\/wp\/v2\/types\/product"}],"replies":[{"embeddable":true,"href":"https:\/\/puhdasplus.ee\/lt\/wp-json\/wp\/v2\/comments?post=360312"}],"wp:featuredmedia":[{"embeddable":true,"href":"https:\/\/puhdasplus.ee\/lt\/wp-json\/wp\/v2\/media\/360006"}],"wp:attachment":[{"href":"https:\/\/puhdasplus.ee\/lt\/wp-json\/wp\/v2\/media?parent=360312"}],"wp:term":[{"taxonomy":"product_brand","embeddable":true,"href":"https:\/\/puhdasplus.ee\/lt\/wp-json\/wp\/v2\/product_brand?post=360312"},{"taxonomy":"product_cat","embeddable":true,"href":"https:\/\/puhdasplus.ee\/lt\/wp-json\/wp\/v2\/product_cat?post=360312"},{"taxonomy":"product_tag","embeddable":true,"href":"https:\/\/puhdasplus.ee\/lt\/wp-json\/wp\/v2\/product_tag?post=360312"}],"curies":[{"name":"wp","href":"https:\/\/api.w.org\/{rel}","templated":true}]}}