{"id":360310,"date":"2026-03-30T21:49:26","date_gmt":"2026-03-30T18:49:26","guid":{"rendered":"https:\/\/puhdasplus.ee\/tooted\/maaratlemata\/astaksantinas-8-mg-30-kapsuliu\/"},"modified":"2026-04-07T10:30:30","modified_gmt":"2026-04-07T07:30:30","slug":"astaksantinas-8-mg-30-kapsuliu","status":"publish","type":"product","link":"https:\/\/puhdasplus.ee\/lt\/produktai\/imunine-sistema\/astaksantinas-8-mg-30-kapsuliu\/","title":{"rendered":"Astaksantinas 8 mg 30 kapsuli\u0173"},"content":{"rendered":"<p>Puhdas+ astaksantinas yra i\u0161 mikro\u0432\u043e\u0434\u043e\u0440\u043e\u0441\u043b\u0435\u0439 <em data-start=\"38\" data-end=\"63\">Haematococcus pluvialis<\/em> gautas astaksantinas. Astaksantinas yra rausvos spalvos karotenoidas.<\/p>\n<p>&nbsp;<\/p>\n<h2><strong>Vartojimo instrukcija<\/strong><\/h2>\n<p>1 kapsul\u0117 per dien\u0105. Nevir\u0161yti rekomenduojamos paros doz\u0117s.<\/p>\n<p>&nbsp;<\/p>\n<h2><strong>Sud\u0117tis<\/strong><\/h2>\n<p>Astaksantino preparatas (<em data-start=\"24\" data-end=\"49\">Haematococcus pluvialis<\/em>), kapsul\u0117 (stabilizatorius &#8211; hidroksipropilmetilceliulioz\u0117).<\/p>\n<p>Neturi laktoz\u0117s, mieli\u0173 ar gliuteno. Neturi cukraus, druskos ar saldikli\u0173.<\/p>\n<p>&nbsp;<\/p>\n<h2><strong>Maistin\u0117 vert\u0117 vienoje kapsul\u0117je<\/strong><\/h2>\n<p>Astaksantino 8 mg<\/p>\n<p>&nbsp;<\/p>\n<h2><strong>\u012esp\u0117jimai<\/strong><\/h2>\n<ul>\n<li>Maisto papildas nepakei\u010dia \u012fvairaus ir subalansuoto maitinimosi bei sveiko gyvenimo b\u016bdo.<\/li>\n<li>Svarbu maitintis \u012fvairiai ir subalansuotai bei laikytis sveiko gyvenimo b\u016bdo.<\/li>\n<li>Laikyti vaikams nepasiekiamoje vietoje.<\/li>\n<li>Negalima vir\u0161yti rekomenduojamos paros doz\u0117s.<\/li>\n<\/ul>\n<p>&nbsp;<\/p>\n","protected":false},"excerpt":{"rendered":"<p>Puhdas+ Astaksantinas 8 mg, 30 kapsuli\u0173 sud\u0117tyje yra i\u0161 mikro\u0432\u043e\u0434\u043e\u0440\u043e\u0441\u043b\u0435\u0439 <em data-start=\"62\" data-end=\"87\">Haematococcus pluvialis<\/em> kil\u0119s <strong>astaksantinas<\/strong>, kuris yra vienas i\u0161 <strong>gamtoje randam\u0173 antioksidant\u0173.<\/strong> Maisto papildas tinka kasdieniam vartojimui.<\/p>\n","protected":false},"featured_media":360789,"comment_status":"open","ping_status":"closed","template":"","meta":{"_acf_changed":false,"googlesitekit_rrm_CAow3eq7DA:productID":""},"product_brand":[],"product_cat":[4573,3048,3282],"product_tag":[8386,4764,8461,8346,3131,3285,8374],"class_list":{"0":"post-360310","1":"product","2":"type-product","3":"status-publish","4":"has-post-thumbnail","6":"product_cat-akims","7":"product_cat-imunine-sistema","8":"product_cat-oda-plaukai-nagai","9":"product_tag-aki-sveikata-lt","10":"product_tag-antioksidantas-lt","11":"product_tag-astaksantinas","12":"product_tag-be-gliuteno-lt","13":"product_tag-maisto-papildas","14":"product_tag-odos-sveikata","15":"product_tag-suomijos-kokyb-lt","17":"first","18":"onbackorder","19":"taxable","20":"shipping-taxable","21":"purchasable","22":"product-type-simple"},"acf":[],"yoast_head":"<!-- This site is optimized with the Yoast SEO plugin v27.3 - https:\/\/yoast.com\/product\/yoast-seo-wordpress\/ -->\n<title>Astaksantinas 8 mg 60 kapsuli\u0173 | Puhdas+<\/title>\n<meta name=\"description\" content=\"Puhdas+ Astaksantinas 8 mg \u2013 kokybi\u0161kas antioksidantas i\u0161 mikro\u0432\u043e\u0434\u043e\u0440\u043e\u0441\u043b\u0435\u0439 (Haematococcus pluvialis). \u0160vari sud\u0117tis ir 60 kapsuli\u0173 kasdieniam vartojimui.\" \/>\n<meta name=\"robots\" content=\"index, follow, max-snippet:-1, max-image-preview:large, max-video-preview:-1\" \/>\n<link rel=\"canonical\" href=\"https:\/\/puhdasplus.ee\/lt\/produktai\/imunine-sistema\/astaksantinas-8-mg-30-kapsuliu\/\" \/>\n<meta property=\"og:locale\" content=\"lt_LT\" \/>\n<meta property=\"og:type\" content=\"article\" \/>\n<meta property=\"og:title\" content=\"Astaksantinas 8 mg 60 kapsuli\u0173 | Puhdas+\" \/>\n<meta property=\"og:description\" content=\"Puhdas+ Astaksantinas 8 mg \u2013 kokybi\u0161kas antioksidantas i\u0161 mikro\u0432\u043e\u0434\u043e\u0440\u043e\u0441\u043b\u0435\u0439 (Haematococcus pluvialis). \u0160vari sud\u0117tis ir 60 kapsuli\u0173 kasdieniam vartojimui.\" \/>\n<meta property=\"og:url\" content=\"https:\/\/puhdasplus.ee\/lt\/produktai\/imunine-sistema\/astaksantinas-8-mg-30-kapsuliu\/\" \/>\n<meta property=\"og:site_name\" content=\"Puhdas+\" \/>\n<meta property=\"article:publisher\" content=\"https:\/\/www.facebook.com\/puhdasplus\" \/>\n<meta property=\"article:modified_time\" content=\"2026-04-07T07:30:30+00:00\" \/>\n<meta property=\"og:image\" content=\"https:\/\/puhdasplus.ee\/wp-content\/uploads\/2026\/03\/Astaksantiin-8-mg-scaled.png\" \/>\n\t<meta property=\"og:image:width\" content=\"1862\" \/>\n\t<meta property=\"og:image:height\" content=\"2560\" \/>\n\t<meta property=\"og:image:type\" content=\"image\/png\" \/>\n<meta name=\"twitter:card\" content=\"summary_large_image\" \/>\n<script type=\"application\/ld+json\" class=\"yoast-schema-graph\">{\"@context\":\"https:\\\/\\\/schema.org\",\"@graph\":[{\"@type\":\"WebPage\",\"@id\":\"https:\\\/\\\/puhdasplus.ee\\\/lt\\\/produktai\\\/imunine-sistema\\\/astaksantinas-8-mg-30-kapsuliu\\\/\",\"url\":\"https:\\\/\\\/puhdasplus.ee\\\/lt\\\/produktai\\\/imunine-sistema\\\/astaksantinas-8-mg-30-kapsuliu\\\/\",\"name\":\"Astaksantinas 8 mg 60 kapsuli\u0173 | Puhdas+\",\"isPartOf\":{\"@id\":\"https:\\\/\\\/puhdasplus.ee\\\/lt\\\/#website\"},\"primaryImageOfPage\":{\"@id\":\"https:\\\/\\\/puhdasplus.ee\\\/lt\\\/produktai\\\/imunine-sistema\\\/astaksantinas-8-mg-30-kapsuliu\\\/#primaryimage\"},\"image\":{\"@id\":\"https:\\\/\\\/puhdasplus.ee\\\/lt\\\/produktai\\\/imunine-sistema\\\/astaksantinas-8-mg-30-kapsuliu\\\/#primaryimage\"},\"thumbnailUrl\":\"https:\\\/\\\/puhdasplus.ee\\\/wp-content\\\/uploads\\\/2026\\\/03\\\/Astaksantiin-8-mg-scaled.png\",\"datePublished\":\"2026-03-30T18:49:26+00:00\",\"dateModified\":\"2026-04-07T07:30:30+00:00\",\"description\":\"Puhdas+ Astaksantinas 8 mg \u2013 kokybi\u0161kas antioksidantas i\u0161 mikro\u0432\u043e\u0434\u043e\u0440\u043e\u0441\u043b\u0435\u0439 (Haematococcus pluvialis). \u0160vari sud\u0117tis ir 60 kapsuli\u0173 kasdieniam vartojimui.\",\"breadcrumb\":{\"@id\":\"https:\\\/\\\/puhdasplus.ee\\\/lt\\\/produktai\\\/imunine-sistema\\\/astaksantinas-8-mg-30-kapsuliu\\\/#breadcrumb\"},\"inLanguage\":\"lt-LT\",\"potentialAction\":[{\"@type\":\"ReadAction\",\"target\":[\"https:\\\/\\\/puhdasplus.ee\\\/lt\\\/produktai\\\/imunine-sistema\\\/astaksantinas-8-mg-30-kapsuliu\\\/\"]}]},{\"@type\":\"ImageObject\",\"inLanguage\":\"lt-LT\",\"@id\":\"https:\\\/\\\/puhdasplus.ee\\\/lt\\\/produktai\\\/imunine-sistema\\\/astaksantinas-8-mg-30-kapsuliu\\\/#primaryimage\",\"url\":\"https:\\\/\\\/puhdasplus.ee\\\/wp-content\\\/uploads\\\/2026\\\/03\\\/Astaksantiin-8-mg-scaled.png\",\"contentUrl\":\"https:\\\/\\\/puhdasplus.ee\\\/wp-content\\\/uploads\\\/2026\\\/03\\\/Astaksantiin-8-mg-scaled.png\",\"width\":1862,\"height\":2560,\"caption\":\"Astaksantiin 8 mg\"},{\"@type\":\"BreadcrumbList\",\"@id\":\"https:\\\/\\\/puhdasplus.ee\\\/lt\\\/produktai\\\/imunine-sistema\\\/astaksantinas-8-mg-30-kapsuliu\\\/#breadcrumb\",\"itemListElement\":[{\"@type\":\"ListItem\",\"position\":1,\"name\":\"Prad\u017eia\",\"item\":\"https:\\\/\\\/puhdasplus.ee\\\/lt\\\/\"},{\"@type\":\"ListItem\",\"position\":2,\"name\":\"Produktai\",\"item\":\"https:\\\/\\\/puhdasplus.ee\\\/lt\\\/parduotuve\\\/\"},{\"@type\":\"ListItem\",\"position\":3,\"name\":\"Astaksantinas 8 mg 30 kapsuli\u0173\"}]},{\"@type\":\"WebSite\",\"@id\":\"https:\\\/\\\/puhdasplus.ee\\\/lt\\\/#website\",\"url\":\"https:\\\/\\\/puhdasplus.ee\\\/lt\\\/\",\"name\":\"Puhdas+\",\"description\":\"Vitaminai, maisto papildai, nat\u016brali kosmetika, sveikata, sportas\",\"publisher\":{\"@id\":\"https:\\\/\\\/puhdasplus.ee\\\/lt\\\/#organization\"},\"potentialAction\":[{\"@type\":\"SearchAction\",\"target\":{\"@type\":\"EntryPoint\",\"urlTemplate\":\"https:\\\/\\\/puhdasplus.ee\\\/lt\\\/?s={search_term_string}\"},\"query-input\":{\"@type\":\"PropertyValueSpecification\",\"valueRequired\":true,\"valueName\":\"search_term_string\"}}],\"inLanguage\":\"lt-LT\"},{\"@type\":\"Organization\",\"@id\":\"https:\\\/\\\/puhdasplus.ee\\\/lt\\\/#organization\",\"name\":\"Puhdas+\",\"alternateName\":\"Puhdasplus\",\"url\":\"https:\\\/\\\/puhdasplus.ee\\\/lt\\\/\",\"logo\":{\"@type\":\"ImageObject\",\"inLanguage\":\"lt-LT\",\"@id\":\"https:\\\/\\\/puhdasplus.ee\\\/lt\\\/#\\\/schema\\\/logo\\\/image\\\/\",\"url\":\"https:\\\/\\\/puhdasplus.ee\\\/wp-content\\\/uploads\\\/2019\\\/10\\\/puhdas_logo-arvele.png\",\"contentUrl\":\"https:\\\/\\\/puhdasplus.ee\\\/wp-content\\\/uploads\\\/2019\\\/10\\\/puhdas_logo-arvele.png\",\"width\":114,\"height\":94,\"caption\":\"Puhdas+\"},\"image\":{\"@id\":\"https:\\\/\\\/puhdasplus.ee\\\/lt\\\/#\\\/schema\\\/logo\\\/image\\\/\"},\"sameAs\":[\"https:\\\/\\\/www.facebook.com\\\/puhdasplus\",\"https:\\\/\\\/www.instagram.com\\\/puhdasplus_ee\\\/\"]}]}<\/script>\n<!-- \/ Yoast SEO plugin. -->","yoast_head_json":{"title":"Astaksantinas 8 mg 60 kapsuli\u0173 | Puhdas+","description":"Puhdas+ Astaksantinas 8 mg \u2013 kokybi\u0161kas antioksidantas i\u0161 mikro\u0432\u043e\u0434\u043e\u0440\u043e\u0441\u043b\u0435\u0439 (Haematococcus pluvialis). \u0160vari sud\u0117tis ir 60 kapsuli\u0173 kasdieniam vartojimui.","robots":{"index":"index","follow":"follow","max-snippet":"max-snippet:-1","max-image-preview":"max-image-preview:large","max-video-preview":"max-video-preview:-1"},"canonical":"https:\/\/puhdasplus.ee\/lt\/produktai\/imunine-sistema\/astaksantinas-8-mg-30-kapsuliu\/","og_locale":"lt_LT","og_type":"article","og_title":"Astaksantinas 8 mg 60 kapsuli\u0173 | Puhdas+","og_description":"Puhdas+ Astaksantinas 8 mg \u2013 kokybi\u0161kas antioksidantas i\u0161 mikro\u0432\u043e\u0434\u043e\u0440\u043e\u0441\u043b\u0435\u0439 (Haematococcus pluvialis). \u0160vari sud\u0117tis ir 60 kapsuli\u0173 kasdieniam vartojimui.","og_url":"https:\/\/puhdasplus.ee\/lt\/produktai\/imunine-sistema\/astaksantinas-8-mg-30-kapsuliu\/","og_site_name":"Puhdas+","article_publisher":"https:\/\/www.facebook.com\/puhdasplus","article_modified_time":"2026-04-07T07:30:30+00:00","og_image":[{"width":1862,"height":2560,"url":"https:\/\/puhdasplus.ee\/wp-content\/uploads\/2026\/03\/Astaksantiin-8-mg-scaled.png","type":"image\/png"}],"twitter_card":"summary_large_image","schema":{"@context":"https:\/\/schema.org","@graph":[{"@type":"WebPage","@id":"https:\/\/puhdasplus.ee\/lt\/produktai\/imunine-sistema\/astaksantinas-8-mg-30-kapsuliu\/","url":"https:\/\/puhdasplus.ee\/lt\/produktai\/imunine-sistema\/astaksantinas-8-mg-30-kapsuliu\/","name":"Astaksantinas 8 mg 60 kapsuli\u0173 | Puhdas+","isPartOf":{"@id":"https:\/\/puhdasplus.ee\/lt\/#website"},"primaryImageOfPage":{"@id":"https:\/\/puhdasplus.ee\/lt\/produktai\/imunine-sistema\/astaksantinas-8-mg-30-kapsuliu\/#primaryimage"},"image":{"@id":"https:\/\/puhdasplus.ee\/lt\/produktai\/imunine-sistema\/astaksantinas-8-mg-30-kapsuliu\/#primaryimage"},"thumbnailUrl":"https:\/\/puhdasplus.ee\/wp-content\/uploads\/2026\/03\/Astaksantiin-8-mg-scaled.png","datePublished":"2026-03-30T18:49:26+00:00","dateModified":"2026-04-07T07:30:30+00:00","description":"Puhdas+ Astaksantinas 8 mg \u2013 kokybi\u0161kas antioksidantas i\u0161 mikro\u0432\u043e\u0434\u043e\u0440\u043e\u0441\u043b\u0435\u0439 (Haematococcus pluvialis). \u0160vari sud\u0117tis ir 60 kapsuli\u0173 kasdieniam vartojimui.","breadcrumb":{"@id":"https:\/\/puhdasplus.ee\/lt\/produktai\/imunine-sistema\/astaksantinas-8-mg-30-kapsuliu\/#breadcrumb"},"inLanguage":"lt-LT","potentialAction":[{"@type":"ReadAction","target":["https:\/\/puhdasplus.ee\/lt\/produktai\/imunine-sistema\/astaksantinas-8-mg-30-kapsuliu\/"]}]},{"@type":"ImageObject","inLanguage":"lt-LT","@id":"https:\/\/puhdasplus.ee\/lt\/produktai\/imunine-sistema\/astaksantinas-8-mg-30-kapsuliu\/#primaryimage","url":"https:\/\/puhdasplus.ee\/wp-content\/uploads\/2026\/03\/Astaksantiin-8-mg-scaled.png","contentUrl":"https:\/\/puhdasplus.ee\/wp-content\/uploads\/2026\/03\/Astaksantiin-8-mg-scaled.png","width":1862,"height":2560,"caption":"Astaksantiin 8 mg"},{"@type":"BreadcrumbList","@id":"https:\/\/puhdasplus.ee\/lt\/produktai\/imunine-sistema\/astaksantinas-8-mg-30-kapsuliu\/#breadcrumb","itemListElement":[{"@type":"ListItem","position":1,"name":"Prad\u017eia","item":"https:\/\/puhdasplus.ee\/lt\/"},{"@type":"ListItem","position":2,"name":"Produktai","item":"https:\/\/puhdasplus.ee\/lt\/parduotuve\/"},{"@type":"ListItem","position":3,"name":"Astaksantinas 8 mg 30 kapsuli\u0173"}]},{"@type":"WebSite","@id":"https:\/\/puhdasplus.ee\/lt\/#website","url":"https:\/\/puhdasplus.ee\/lt\/","name":"Puhdas+","description":"Vitaminai, maisto papildai, nat\u016brali kosmetika, sveikata, sportas","publisher":{"@id":"https:\/\/puhdasplus.ee\/lt\/#organization"},"potentialAction":[{"@type":"SearchAction","target":{"@type":"EntryPoint","urlTemplate":"https:\/\/puhdasplus.ee\/lt\/?s={search_term_string}"},"query-input":{"@type":"PropertyValueSpecification","valueRequired":true,"valueName":"search_term_string"}}],"inLanguage":"lt-LT"},{"@type":"Organization","@id":"https:\/\/puhdasplus.ee\/lt\/#organization","name":"Puhdas+","alternateName":"Puhdasplus","url":"https:\/\/puhdasplus.ee\/lt\/","logo":{"@type":"ImageObject","inLanguage":"lt-LT","@id":"https:\/\/puhdasplus.ee\/lt\/#\/schema\/logo\/image\/","url":"https:\/\/puhdasplus.ee\/wp-content\/uploads\/2019\/10\/puhdas_logo-arvele.png","contentUrl":"https:\/\/puhdasplus.ee\/wp-content\/uploads\/2019\/10\/puhdas_logo-arvele.png","width":114,"height":94,"caption":"Puhdas+"},"image":{"@id":"https:\/\/puhdasplus.ee\/lt\/#\/schema\/logo\/image\/"},"sameAs":["https:\/\/www.facebook.com\/puhdasplus","https:\/\/www.instagram.com\/puhdasplus_ee\/"]}]}},"_yoast_wpseo_title":"Astaksantinas 8 mg 60 kapsuli\u0173 | Puhdas+","_yoast_wpseo_metadesc":"Puhdas+ Astaksantinas 8 mg \u2013 kokybi\u0161kas antioksidantas i\u0161 mikro\u0432\u043e\u0434\u043e\u0440\u043e\u0441\u043b\u0435\u0439 (Haematococcus pluvialis). \u0160vari sud\u0117tis ir 60 kapsuli\u0173 kasdieniam vartojimui.","_yoast_wpseo_focuskw":"astaksantinas","_links":{"self":[{"href":"https:\/\/puhdasplus.ee\/lt\/wp-json\/wp\/v2\/product\/360310","targetHints":{"allow":["GET"]}}],"collection":[{"href":"https:\/\/puhdasplus.ee\/lt\/wp-json\/wp\/v2\/product"}],"about":[{"href":"https:\/\/puhdasplus.ee\/lt\/wp-json\/wp\/v2\/types\/product"}],"replies":[{"embeddable":true,"href":"https:\/\/puhdasplus.ee\/lt\/wp-json\/wp\/v2\/comments?post=360310"}],"wp:featuredmedia":[{"embeddable":true,"href":"https:\/\/puhdasplus.ee\/lt\/wp-json\/wp\/v2\/media\/360789"}],"wp:attachment":[{"href":"https:\/\/puhdasplus.ee\/lt\/wp-json\/wp\/v2\/media?parent=360310"}],"wp:term":[{"taxonomy":"product_brand","embeddable":true,"href":"https:\/\/puhdasplus.ee\/lt\/wp-json\/wp\/v2\/product_brand?post=360310"},{"taxonomy":"product_cat","embeddable":true,"href":"https:\/\/puhdasplus.ee\/lt\/wp-json\/wp\/v2\/product_cat?post=360310"},{"taxonomy":"product_tag","embeddable":true,"href":"https:\/\/puhdasplus.ee\/lt\/wp-json\/wp\/v2\/product_tag?post=360310"}],"curies":[{"name":"wp","href":"https:\/\/api.w.org\/{rel}","templated":true}]}}