{"id":360304,"date":"2026-03-30T21:50:06","date_gmt":"2026-03-30T18:50:06","guid":{"rendered":"https:\/\/puhdasplus.ee\/tooted\/maaratlemata\/kalcis-ir-magnis-k2-d3-90-kapsuliu\/"},"modified":"2026-04-07T10:10:01","modified_gmt":"2026-04-07T07:10:01","slug":"kalcis-ir-magnis-k2-d3-90-kapsuliu","status":"publish","type":"product","link":"https:\/\/puhdasplus.ee\/lt\/produktai\/mineralai\/kalcis-ir-magnis-k2-d3-90-kapsuliu\/","title":{"rendered":"Kalcis ir Magnis + K2 + D3 90 kapsuli\u0173"},"content":{"rendered":"<h2><strong>Kod\u0117l rinktis Puhdas+ Kalcis &amp; Magnis + K2 + D3 ?<\/strong><\/h2>\n<p>Universalus maisto papildas su kruop\u0161\u010diai parinktais maistiniais elementais visapusi\u0161kai k\u016bno palaikymui. Kalcis ir magnis palaiko normal\u0173 kaul\u0173 ir raumen\u0173 veikim\u0105, o K2 ir D3 vitaminai padeda kalciui \u012fsisavinti ir patekti \u012f tinkam\u0105 viet\u0105 \u2013 kaulus.<\/p>\n<ul>\n<li><strong>Kaulams ir raumenims:<\/strong> Kalcis ir magnis kartu palaiko stiprius kaulus ir normal\u0173 raumen\u0173 veikim\u0105<\/li>\n<li><strong>Prie\u0161 nuovarg\u012f:<\/strong> Magnis padeda suma\u017einti nuovarg\u012f ir i\u0161sekim\u0105 bei palaiko normal\u0173 energijos apykait\u0105<\/li>\n<li><strong>Imuninei sistemai:<\/strong> D3 vitaminas palaiko normal\u0173 imunin\u0117s sistemos veikim\u0105<\/li>\n<li><strong>K2 vitaminas:<\/strong> Padeda nukreipti kalc\u012f \u012f kaulus<\/li>\n<\/ul>\n<p>Neturi perteklini\u0173 pried\u0173. Be glitimo ir laktoz\u0117s. Pagaminta Suomijoje.<\/p>\n<p>&nbsp;<\/p>\n<h2><strong>Naudojimo instrukcija<\/strong><\/h2>\n<p>3\u20134 kapsules per par\u0105. Nevir\u0161yti rekomenduojamos paros doz\u0117s.<\/p>\n<p>&nbsp;<\/p>\n<h2><strong>Sud\u0117tis<\/strong><\/h2>\n<p>Kalcio citratas, kapsul\u0117 (stabilizatorius: hidroksipropilmetilceliulioz\u0117), magnio citratas, menakinono preparatas (MK-7), cholekalciferolis.<\/p>\n<p>Neturi pieno, laktoz\u0117s, mieli\u0173 ar glitimo. Neturi cukraus, druskos ar saldikli\u0173.<\/p>\n<p>&nbsp;<\/p>\n<h2><strong>Maistin\u0117 vert\u0117<\/strong><\/h2>\n<table>\n<thead>\n<tr>\n<th>Maistin\u0117 vert\u0117<\/th>\n<th>3 kapsul\u0117s &#8211; 4 kapsul\u0117s<\/th>\n<\/tr>\n<\/thead>\n<tbody>\n<tr>\n<td>Kalcis<\/td>\n<td>375\u2013500 mg (31\u201362%*)<\/td>\n<\/tr>\n<tr>\n<td>Magnis<\/td>\n<td>75\u2013100 mg (20\u201326%*)<\/td>\n<\/tr>\n<tr>\n<td>K2 vitaminas<\/td>\n<td>37,5\u201350 \u00b5g (50\u201366%*)<\/td>\n<\/tr>\n<tr>\n<td>D3 vitaminas<\/td>\n<td>7,5\u201310 \u00b5g (150\u2013200%*)<\/td>\n<\/tr>\n<\/tbody>\n<\/table>\n<p>*% nuo paros normos atskaitos ver\u010di\u0173.<\/p>\n<p>&nbsp;<\/p>\n<h2><strong>\u012esp\u0117jimai<\/strong><\/h2>\n<p>Laikyti vaikams nepasiekiamoje vietoje. Maisto papildas nepakei\u010dia \u012fvairaus ir subalansuoto maitinimosi bei sveiko gyvenimo b\u016bdo. Nevir\u0161ykite rekomenduojamos paros doz\u0117s.<\/p>\n<p>&nbsp;<\/p>\n<h2><strong>Laikymas<\/strong><\/h2>\n<p class=\"p1\">Laikyti sausoje ir v\u0117sioje vietoje, apsaugotoje nuo tiesiogini\u0173 saul\u0117s spinduli\u0173.<\/p>\n<h2><b>Grynasis kiekis<\/b><\/h2>\n<p class=\"p1\">79 g (90 kapsuli\u0173)<\/p>\n<h2><b>Da\u017enai u\u017eduodami klausimai<\/b><\/h2>\n<ul>\n<li><b>Kod\u0117l vartoti kalc\u012f ir magn\u012f kartu? <\/b>Kalcis ir magnis yra mineralai, kurie dalyvauja daugelyje normali\u0173 organizmo proces\u0173, \u012fskaitant kaul\u0173 ir raumen\u0173 veikim\u0105. Kartu vartojimas yra patogus b\u016bdas juos kasdien suvartoti.<\/li>\n<li><b>Kuo \u0161is produktas skiriasi nuo \u012fprasto kalcio? <\/b>Be kalcio, produktas taip pat turi magnio bei K2 ir D3 vitamin\u0173, kurie dalyvauja kalcio apykaitoje. Tai daro produkt\u0105 universaliu pasirinkimu kasdieniam vartojimui.<\/li>\n<\/ul>\n","protected":false},"excerpt":{"rendered":"<p><b>Puhdas+ Kalcis &amp; Magnis + K2 + D3 90 kapsuli\u0173<\/b> \u2013 visapusi\u0161kas derinys kaul\u0173, dant\u0173 ir raumen\u0173 sveikatai. D3 skatina kalcio \u012fsisavinim\u0105, K2 nukreipia j\u012f \u012f kaulus.<\/p>\n","protected":false},"featured_media":360825,"comment_status":"open","ping_status":"closed","template":"","meta":{"_acf_changed":false,"googlesitekit_rrm_CAow3eq7DA:productID":""},"product_brand":[],"product_cat":[3120,3461,3174],"product_tag":[8346,3127,3131,8366,3144,8374],"class_list":{"0":"post-360304","1":"product","2":"type-product","3":"status-publish","4":"has-post-thumbnail","6":"product_cat-mineralai","7":"product_cat-sanariai-raumenys-ir-kaulai","8":"product_cat-vitaminai","9":"product_tag-be-gliuteno-lt","10":"product_tag-magnis","11":"product_tag-maisto-papildas","12":"product_tag-mineralai-lt","13":"product_tag-raumenys-ir-sanariai","14":"product_tag-suomijos-kokyb-lt","16":"first","17":"onbackorder","18":"taxable","19":"shipping-taxable","20":"purchasable","21":"product-type-simple"},"acf":[],"yoast_head":"<!-- This site is optimized with the Yoast SEO plugin v27.3 - https:\/\/yoast.com\/product\/yoast-seo-wordpress\/ -->\n<title>Kalcis &amp; Magnis + K2 + D3 90 kapsuli\u0173 | Puhdas+<\/title>\n<meta name=\"description\" content=\"Puhdas+ Kalcis &amp; Magnis su K2 ir D3 vitaminais \u2013 palaiko kaul\u0173 sistem\u0105, raumen\u0173 veikim\u0105 ir imunitet\u0105. Gerai \u012fsisavinantis maisto papildas, 90 kapsuli\u0173.\" \/>\n<meta name=\"robots\" content=\"index, follow, max-snippet:-1, max-image-preview:large, max-video-preview:-1\" \/>\n<link rel=\"canonical\" href=\"https:\/\/puhdasplus.ee\/lt\/produktai\/mineralai\/kalcis-ir-magnis-k2-d3-90-kapsuliu\/\" \/>\n<meta property=\"og:locale\" content=\"lt_LT\" \/>\n<meta property=\"og:type\" content=\"article\" \/>\n<meta property=\"og:title\" content=\"Kalcis &amp; Magnis + K2 + D3 90 kapsuli\u0173 | Puhdas+\" \/>\n<meta property=\"og:description\" content=\"Puhdas+ Kalcis &amp; Magnis su K2 ir D3 vitaminais \u2013 palaiko kaul\u0173 sistem\u0105, raumen\u0173 veikim\u0105 ir imunitet\u0105. Gerai \u012fsisavinantis maisto papildas, 90 kapsuli\u0173.\" \/>\n<meta property=\"og:url\" content=\"https:\/\/puhdasplus.ee\/lt\/produktai\/mineralai\/kalcis-ir-magnis-k2-d3-90-kapsuliu\/\" \/>\n<meta property=\"og:site_name\" content=\"Puhdas+\" \/>\n<meta property=\"article:publisher\" content=\"https:\/\/www.facebook.com\/puhdasplus\" \/>\n<meta property=\"article:modified_time\" content=\"2026-04-07T07:10:01+00:00\" \/>\n<meta property=\"og:image\" content=\"https:\/\/puhdasplus.ee\/wp-content\/uploads\/2026\/03\/tooted-ilma-taustata-3-copy-4.jpg\" \/>\n\t<meta property=\"og:image:width\" content=\"1280\" \/>\n\t<meta property=\"og:image:height\" content=\"1760\" \/>\n\t<meta property=\"og:image:type\" content=\"image\/jpeg\" \/>\n<meta name=\"twitter:card\" content=\"summary_large_image\" \/>\n<meta name=\"twitter:label1\" content=\"Est. reading time\" \/>\n\t<meta name=\"twitter:data1\" content=\"1 minut\u0117\" \/>\n<script type=\"application\/ld+json\" class=\"yoast-schema-graph\">{\"@context\":\"https:\\\/\\\/schema.org\",\"@graph\":[{\"@type\":\"WebPage\",\"@id\":\"https:\\\/\\\/puhdasplus.ee\\\/lt\\\/produktai\\\/mineralai\\\/kalcis-ir-magnis-k2-d3-90-kapsuliu\\\/\",\"url\":\"https:\\\/\\\/puhdasplus.ee\\\/lt\\\/produktai\\\/mineralai\\\/kalcis-ir-magnis-k2-d3-90-kapsuliu\\\/\",\"name\":\"Kalcis & Magnis + K2 + D3 90 kapsuli\u0173 | Puhdas+\",\"isPartOf\":{\"@id\":\"https:\\\/\\\/puhdasplus.ee\\\/lt\\\/#website\"},\"primaryImageOfPage\":{\"@id\":\"https:\\\/\\\/puhdasplus.ee\\\/lt\\\/produktai\\\/mineralai\\\/kalcis-ir-magnis-k2-d3-90-kapsuliu\\\/#primaryimage\"},\"image\":{\"@id\":\"https:\\\/\\\/puhdasplus.ee\\\/lt\\\/produktai\\\/mineralai\\\/kalcis-ir-magnis-k2-d3-90-kapsuliu\\\/#primaryimage\"},\"thumbnailUrl\":\"https:\\\/\\\/puhdasplus.ee\\\/wp-content\\\/uploads\\\/2026\\\/03\\\/tooted-ilma-taustata-3-copy-4.jpg\",\"datePublished\":\"2026-03-30T18:50:06+00:00\",\"dateModified\":\"2026-04-07T07:10:01+00:00\",\"description\":\"Puhdas+ Kalcis & Magnis su K2 ir D3 vitaminais \u2013 palaiko kaul\u0173 sistem\u0105, raumen\u0173 veikim\u0105 ir imunitet\u0105. Gerai \u012fsisavinantis maisto papildas, 90 kapsuli\u0173.\",\"breadcrumb\":{\"@id\":\"https:\\\/\\\/puhdasplus.ee\\\/lt\\\/produktai\\\/mineralai\\\/kalcis-ir-magnis-k2-d3-90-kapsuliu\\\/#breadcrumb\"},\"inLanguage\":\"lt-LT\",\"potentialAction\":[{\"@type\":\"ReadAction\",\"target\":[\"https:\\\/\\\/puhdasplus.ee\\\/lt\\\/produktai\\\/mineralai\\\/kalcis-ir-magnis-k2-d3-90-kapsuliu\\\/\"]}]},{\"@type\":\"ImageObject\",\"inLanguage\":\"lt-LT\",\"@id\":\"https:\\\/\\\/puhdasplus.ee\\\/lt\\\/produktai\\\/mineralai\\\/kalcis-ir-magnis-k2-d3-90-kapsuliu\\\/#primaryimage\",\"url\":\"https:\\\/\\\/puhdasplus.ee\\\/wp-content\\\/uploads\\\/2026\\\/03\\\/tooted-ilma-taustata-3-copy-4.jpg\",\"contentUrl\":\"https:\\\/\\\/puhdasplus.ee\\\/wp-content\\\/uploads\\\/2026\\\/03\\\/tooted-ilma-taustata-3-copy-4.jpg\",\"width\":1280,\"height\":1760,\"caption\":\"Kaltsium ja Magneesium + K2 + D3 90 kapslit\"},{\"@type\":\"BreadcrumbList\",\"@id\":\"https:\\\/\\\/puhdasplus.ee\\\/lt\\\/produktai\\\/mineralai\\\/kalcis-ir-magnis-k2-d3-90-kapsuliu\\\/#breadcrumb\",\"itemListElement\":[{\"@type\":\"ListItem\",\"position\":1,\"name\":\"Prad\u017eia\",\"item\":\"https:\\\/\\\/puhdasplus.ee\\\/lt\\\/\"},{\"@type\":\"ListItem\",\"position\":2,\"name\":\"Produktai\",\"item\":\"https:\\\/\\\/puhdasplus.ee\\\/lt\\\/parduotuve\\\/\"},{\"@type\":\"ListItem\",\"position\":3,\"name\":\"Kalcis ir Magnis + K2 + D3 90 kapsuli\u0173\"}]},{\"@type\":\"WebSite\",\"@id\":\"https:\\\/\\\/puhdasplus.ee\\\/lt\\\/#website\",\"url\":\"https:\\\/\\\/puhdasplus.ee\\\/lt\\\/\",\"name\":\"Puhdas+\",\"description\":\"Vitaminai, maisto papildai, nat\u016brali kosmetika, sveikata, sportas\",\"publisher\":{\"@id\":\"https:\\\/\\\/puhdasplus.ee\\\/lt\\\/#organization\"},\"potentialAction\":[{\"@type\":\"SearchAction\",\"target\":{\"@type\":\"EntryPoint\",\"urlTemplate\":\"https:\\\/\\\/puhdasplus.ee\\\/lt\\\/?s={search_term_string}\"},\"query-input\":{\"@type\":\"PropertyValueSpecification\",\"valueRequired\":true,\"valueName\":\"search_term_string\"}}],\"inLanguage\":\"lt-LT\"},{\"@type\":\"Organization\",\"@id\":\"https:\\\/\\\/puhdasplus.ee\\\/lt\\\/#organization\",\"name\":\"Puhdas+\",\"alternateName\":\"Puhdasplus\",\"url\":\"https:\\\/\\\/puhdasplus.ee\\\/lt\\\/\",\"logo\":{\"@type\":\"ImageObject\",\"inLanguage\":\"lt-LT\",\"@id\":\"https:\\\/\\\/puhdasplus.ee\\\/lt\\\/#\\\/schema\\\/logo\\\/image\\\/\",\"url\":\"https:\\\/\\\/puhdasplus.ee\\\/wp-content\\\/uploads\\\/2019\\\/10\\\/puhdas_logo-arvele.png\",\"contentUrl\":\"https:\\\/\\\/puhdasplus.ee\\\/wp-content\\\/uploads\\\/2019\\\/10\\\/puhdas_logo-arvele.png\",\"width\":114,\"height\":94,\"caption\":\"Puhdas+\"},\"image\":{\"@id\":\"https:\\\/\\\/puhdasplus.ee\\\/lt\\\/#\\\/schema\\\/logo\\\/image\\\/\"},\"sameAs\":[\"https:\\\/\\\/www.facebook.com\\\/puhdasplus\",\"https:\\\/\\\/www.instagram.com\\\/puhdasplus_ee\\\/\"]}]}<\/script>\n<!-- \/ Yoast SEO plugin. -->","yoast_head_json":{"title":"Kalcis & Magnis + K2 + D3 90 kapsuli\u0173 | Puhdas+","description":"Puhdas+ Kalcis & Magnis su K2 ir D3 vitaminais \u2013 palaiko kaul\u0173 sistem\u0105, raumen\u0173 veikim\u0105 ir imunitet\u0105. Gerai \u012fsisavinantis maisto papildas, 90 kapsuli\u0173.","robots":{"index":"index","follow":"follow","max-snippet":"max-snippet:-1","max-image-preview":"max-image-preview:large","max-video-preview":"max-video-preview:-1"},"canonical":"https:\/\/puhdasplus.ee\/lt\/produktai\/mineralai\/kalcis-ir-magnis-k2-d3-90-kapsuliu\/","og_locale":"lt_LT","og_type":"article","og_title":"Kalcis & Magnis + K2 + D3 90 kapsuli\u0173 | Puhdas+","og_description":"Puhdas+ Kalcis & Magnis su K2 ir D3 vitaminais \u2013 palaiko kaul\u0173 sistem\u0105, raumen\u0173 veikim\u0105 ir imunitet\u0105. Gerai \u012fsisavinantis maisto papildas, 90 kapsuli\u0173.","og_url":"https:\/\/puhdasplus.ee\/lt\/produktai\/mineralai\/kalcis-ir-magnis-k2-d3-90-kapsuliu\/","og_site_name":"Puhdas+","article_publisher":"https:\/\/www.facebook.com\/puhdasplus","article_modified_time":"2026-04-07T07:10:01+00:00","og_image":[{"width":1280,"height":1760,"url":"https:\/\/puhdasplus.ee\/wp-content\/uploads\/2026\/03\/tooted-ilma-taustata-3-copy-4.jpg","type":"image\/jpeg"}],"twitter_card":"summary_large_image","twitter_misc":{"Est. reading time":"1 minut\u0117"},"schema":{"@context":"https:\/\/schema.org","@graph":[{"@type":"WebPage","@id":"https:\/\/puhdasplus.ee\/lt\/produktai\/mineralai\/kalcis-ir-magnis-k2-d3-90-kapsuliu\/","url":"https:\/\/puhdasplus.ee\/lt\/produktai\/mineralai\/kalcis-ir-magnis-k2-d3-90-kapsuliu\/","name":"Kalcis & Magnis + K2 + D3 90 kapsuli\u0173 | Puhdas+","isPartOf":{"@id":"https:\/\/puhdasplus.ee\/lt\/#website"},"primaryImageOfPage":{"@id":"https:\/\/puhdasplus.ee\/lt\/produktai\/mineralai\/kalcis-ir-magnis-k2-d3-90-kapsuliu\/#primaryimage"},"image":{"@id":"https:\/\/puhdasplus.ee\/lt\/produktai\/mineralai\/kalcis-ir-magnis-k2-d3-90-kapsuliu\/#primaryimage"},"thumbnailUrl":"https:\/\/puhdasplus.ee\/wp-content\/uploads\/2026\/03\/tooted-ilma-taustata-3-copy-4.jpg","datePublished":"2026-03-30T18:50:06+00:00","dateModified":"2026-04-07T07:10:01+00:00","description":"Puhdas+ Kalcis & Magnis su K2 ir D3 vitaminais \u2013 palaiko kaul\u0173 sistem\u0105, raumen\u0173 veikim\u0105 ir imunitet\u0105. Gerai \u012fsisavinantis maisto papildas, 90 kapsuli\u0173.","breadcrumb":{"@id":"https:\/\/puhdasplus.ee\/lt\/produktai\/mineralai\/kalcis-ir-magnis-k2-d3-90-kapsuliu\/#breadcrumb"},"inLanguage":"lt-LT","potentialAction":[{"@type":"ReadAction","target":["https:\/\/puhdasplus.ee\/lt\/produktai\/mineralai\/kalcis-ir-magnis-k2-d3-90-kapsuliu\/"]}]},{"@type":"ImageObject","inLanguage":"lt-LT","@id":"https:\/\/puhdasplus.ee\/lt\/produktai\/mineralai\/kalcis-ir-magnis-k2-d3-90-kapsuliu\/#primaryimage","url":"https:\/\/puhdasplus.ee\/wp-content\/uploads\/2026\/03\/tooted-ilma-taustata-3-copy-4.jpg","contentUrl":"https:\/\/puhdasplus.ee\/wp-content\/uploads\/2026\/03\/tooted-ilma-taustata-3-copy-4.jpg","width":1280,"height":1760,"caption":"Kaltsium ja Magneesium + K2 + D3 90 kapslit"},{"@type":"BreadcrumbList","@id":"https:\/\/puhdasplus.ee\/lt\/produktai\/mineralai\/kalcis-ir-magnis-k2-d3-90-kapsuliu\/#breadcrumb","itemListElement":[{"@type":"ListItem","position":1,"name":"Prad\u017eia","item":"https:\/\/puhdasplus.ee\/lt\/"},{"@type":"ListItem","position":2,"name":"Produktai","item":"https:\/\/puhdasplus.ee\/lt\/parduotuve\/"},{"@type":"ListItem","position":3,"name":"Kalcis ir Magnis + K2 + D3 90 kapsuli\u0173"}]},{"@type":"WebSite","@id":"https:\/\/puhdasplus.ee\/lt\/#website","url":"https:\/\/puhdasplus.ee\/lt\/","name":"Puhdas+","description":"Vitaminai, maisto papildai, nat\u016brali kosmetika, sveikata, sportas","publisher":{"@id":"https:\/\/puhdasplus.ee\/lt\/#organization"},"potentialAction":[{"@type":"SearchAction","target":{"@type":"EntryPoint","urlTemplate":"https:\/\/puhdasplus.ee\/lt\/?s={search_term_string}"},"query-input":{"@type":"PropertyValueSpecification","valueRequired":true,"valueName":"search_term_string"}}],"inLanguage":"lt-LT"},{"@type":"Organization","@id":"https:\/\/puhdasplus.ee\/lt\/#organization","name":"Puhdas+","alternateName":"Puhdasplus","url":"https:\/\/puhdasplus.ee\/lt\/","logo":{"@type":"ImageObject","inLanguage":"lt-LT","@id":"https:\/\/puhdasplus.ee\/lt\/#\/schema\/logo\/image\/","url":"https:\/\/puhdasplus.ee\/wp-content\/uploads\/2019\/10\/puhdas_logo-arvele.png","contentUrl":"https:\/\/puhdasplus.ee\/wp-content\/uploads\/2019\/10\/puhdas_logo-arvele.png","width":114,"height":94,"caption":"Puhdas+"},"image":{"@id":"https:\/\/puhdasplus.ee\/lt\/#\/schema\/logo\/image\/"},"sameAs":["https:\/\/www.facebook.com\/puhdasplus","https:\/\/www.instagram.com\/puhdasplus_ee\/"]}]}},"_yoast_wpseo_title":"Kalcis & Magnis + K2 + D3 90 kapsuli\u0173 | Puhdas+","_yoast_wpseo_metadesc":"Puhdas+ Kalcis & Magnis su K2 ir D3 vitaminais \u2013 palaiko kaul\u0173 sistem\u0105, raumen\u0173 veikim\u0105 ir imunitet\u0105. Gerai \u012fsisavinantis maisto papildas, 90 kapsuli\u0173.","_yoast_wpseo_focuskw":"kalcis magnis K2 D3","_links":{"self":[{"href":"https:\/\/puhdasplus.ee\/lt\/wp-json\/wp\/v2\/product\/360304","targetHints":{"allow":["GET"]}}],"collection":[{"href":"https:\/\/puhdasplus.ee\/lt\/wp-json\/wp\/v2\/product"}],"about":[{"href":"https:\/\/puhdasplus.ee\/lt\/wp-json\/wp\/v2\/types\/product"}],"replies":[{"embeddable":true,"href":"https:\/\/puhdasplus.ee\/lt\/wp-json\/wp\/v2\/comments?post=360304"}],"wp:featuredmedia":[{"embeddable":true,"href":"https:\/\/puhdasplus.ee\/lt\/wp-json\/wp\/v2\/media\/360825"}],"wp:attachment":[{"href":"https:\/\/puhdasplus.ee\/lt\/wp-json\/wp\/v2\/media?parent=360304"}],"wp:term":[{"taxonomy":"product_brand","embeddable":true,"href":"https:\/\/puhdasplus.ee\/lt\/wp-json\/wp\/v2\/product_brand?post=360304"},{"taxonomy":"product_cat","embeddable":true,"href":"https:\/\/puhdasplus.ee\/lt\/wp-json\/wp\/v2\/product_cat?post=360304"},{"taxonomy":"product_tag","embeddable":true,"href":"https:\/\/puhdasplus.ee\/lt\/wp-json\/wp\/v2\/product_tag?post=360304"}],"curies":[{"name":"wp","href":"https:\/\/api.w.org\/{rel}","templated":true}]}}