{"id":360274,"date":"2026-03-30T21:50:44","date_gmt":"2026-03-30T18:50:44","guid":{"rendered":"https:\/\/puhdasplus.ee\/tooted\/maaratlemata\/kolagenas-ir-pieno-rugsties-bakterijos-120-kapsuliu\/"},"modified":"2026-04-07T09:59:11","modified_gmt":"2026-04-07T06:59:11","slug":"kolagenas-ir-pieno-rugsties-bakterijos-120-kapsuliu","status":"publish","type":"product","link":"https:\/\/puhdasplus.ee\/lt\/produktai\/oda-plaukai-nagai\/kolagenas\/kolagenas-ir-pieno-rugsties-bakterijos-120-kapsuliu\/","title":{"rendered":"Kolagenas ir pieno r\u016bg\u0161ties bakterijos 120 kapsuli\u0173"},"content":{"rendered":"<h3 data-section-id=\"cfcj15\" data-start=\"70\" data-end=\"107\"><span role=\"text\"><strong data-start=\"74\" data-end=\"107\">Spindin\u010dia oda ir puiki savijauta!<\/strong><\/span><\/h3>\n<p data-start=\"109\" data-end=\"190\">Puhdas+ Kolagenas ir pieno r\u016bg\u0161ties bakterijos palaiko nat\u016bral\u0173 gro\u017e\u012f ir gerov\u0119 i\u0161 vidaus.<\/p>\n<p data-start=\"192\" data-end=\"432\">Veiksminga sud\u0117tis turi i\u0161tirt\u0105 hidrolizuot\u0105 I tipo kolagen\u0105 bei 2 milijardus pieno r\u016bg\u0161ties bakterij\u0173 i\u0161 pla\u010diai naudojamo ir tirto bakterij\u0173 kamien\u0173. Be to, produktas turi niacino arba B3 vitamino, kuris <strong>padeda i\u0161laikyti normali\u0105 odos b\u016bkl\u0119<\/strong>.<\/p>\n<h3 data-section-id=\"o3t0ao\" data-start=\"439\" data-end=\"465\"><span role=\"text\"><strong data-start=\"443\" data-end=\"465\">Lygi ir spindin\u010dia oda<\/strong><\/span><\/h3>\n<p data-start=\"467\" data-end=\"657\">Tyrim\u0173 duomenimis, kolagenas padeda suma\u017einti smulkias linijas ir rauk\u0161les, pagerinti odos elastingum\u0105 ir tvirtum\u0105 bei padaro od\u0105 stangresn\u0119. Su kolagenu pasieksite jaunesn\u0117s ir spindan\u010dios odos.<\/p>\n<p data-start=\"659\" data-end=\"734\">Niacinas <strong>padeda i\u0161laikyti normali\u0105 odos b\u016bkl\u0119<\/strong>.<\/p>\n<h2>Vartojimo instrukcijos<\/h2>\n<p>2 kapsul\u0117s per dien\u0105.<br data-start=\"117\" data-end=\"120\" \/>Negalima vir\u0161yti rekomenduojamos paros doz\u0117s.<br data-start=\"165\" data-end=\"168\" \/>Maisto papildas nepakei\u010dia \u012fvairaus ir subalansuoto maitinimosi bei sveiko gyvenimo b\u016bdo.<br data-start=\"256\" data-end=\"259\" \/>Laikyti vaikams nepasiekiamoje vietoje.<\/p>\n<h2>Sud\u0117tis<\/h2>\n<p>Hidrolizuotas Peptan\u00ae jautienos kolagenas, kapsul\u0117 (stabilizatoriai: hidroksipropilmetilceliulioz\u0117, gelano derva), u\u017epildas (mikrokristalinis celiulioz\u0117s), inaktyvuotas pieno r\u016bg\u0161ties bakterij\u0173 milteliai (<em data-start=\"513\" data-end=\"538\">Lactobacillus plantarum<\/em>), nikotinamidas (B3 vitaminas). Maisto papildas.<\/p>\n<h2>Maistin\u0117 vert\u0117<\/h2>\n<p data-start=\"618\" data-end=\"643\"><strong data-start=\"618\" data-end=\"643\">2 kapsul\u0117s turi:<\/strong><\/p>\n<ul data-start=\"644\" data-end=\"770\">\n<li data-section-id=\"ck0add\" data-start=\"644\" data-end=\"669\"><strong data-start=\"646\" data-end=\"660\">Kolagenas:<\/strong> 500 mg<\/li>\n<li data-section-id=\"k678a0\" data-start=\"670\" data-end=\"723\"><strong data-start=\"672\" data-end=\"700\">Lactobacillus plantarum:<\/strong> 2 milijardai bakterij\u0173<\/li>\n<li data-section-id=\"tdf7zd\" data-start=\"724\" data-end=\"770\"><strong data-start=\"726\" data-end=\"753\">B3 vitaminas (niacinas):<\/strong> 4,8 mg (<em data-start=\"762\" data-end=\"767\">30%<\/em>)<\/li>\n<\/ul>\n<p data-start=\"772\" data-end=\"802\">* % nuo paros normos<\/p>\n<h2><strong>\u012esp\u0117jimai<\/strong><\/h2>\n<ul>\n<li>Maisto papildas nepakei\u010dia \u012fvairaus ir subalansuoto maitinimosi bei sveiko gyvenimo b\u016bdo.<\/li>\n<li>Laikyti vaikams nepasiekiamoje vietoje.<\/li>\n<li>Negalima vir\u0161yti rekomenduojamos paros doz\u0117s.<\/li>\n<\/ul>\n<p><strong>Gamintojas:<\/strong> New Organics Oy, Suomija<br \/>\n<strong>Importuotojas:<\/strong> NordenBio O\u00dc, Narva mnt 7, 10117 Talinas, Estija<\/p>\n","protected":false},"excerpt":{"rendered":"<p><b>Puhdas+ Kolagenas ir pieno r\u016bg\u0161ties bakterijos 120 kapsuli\u0173<\/b> sujungia hidrolizuot\u0105 1 tipo kolagen\u0105 ir 2 milijardus pieno r\u016bg\u0161ties bakterij\u0173. Gro\u017eis i\u0161 vidaus.<\/p>\n","protected":false},"featured_media":360821,"comment_status":"open","ping_status":"closed","template":"","meta":{"_acf_changed":false,"googlesitekit_rrm_CAow3eq7DA:productID":""},"product_brand":[],"product_cat":[4066,3282,3318],"product_tag":[8346,3463,3131,8378,3285,8374],"class_list":{"0":"post-360274","1":"product","2":"type-product","3":"status-publish","4":"has-post-thumbnail","6":"product_cat-kolagenas","7":"product_cat-oda-plaukai-nagai","8":"product_cat-virskinimas-ir-medziagu-apykaita","9":"product_tag-be-gliuteno-lt","10":"product_tag-kolagenas","11":"product_tag-maisto-papildas","12":"product_tag-natralus-lt","13":"product_tag-odos-sveikata","14":"product_tag-suomijos-kokyb-lt","16":"first","17":"onbackorder","18":"taxable","19":"shipping-taxable","20":"purchasable","21":"product-type-simple"},"acf":[],"yoast_head":"<!-- This site is optimized with the Yoast SEO plugin v27.3 - https:\/\/yoast.com\/product\/yoast-seo-wordpress\/ -->\n<title>Kolagenas ir pieno r\u016bg\u0161ties bakterijos 120 kapsuli\u0173 | Puhdas+<\/title>\n<meta name=\"description\" content=\"Puhdas+ Kolagenas ir pieno r\u016bg\u0161ties bakterijos \u2013 kolagenas odos elastingumui, probiotikai vir\u0161kinimo palaikymui ir B3 vitaminas odai. 120 kapsuli\u0173.\" \/>\n<meta name=\"robots\" content=\"index, follow, max-snippet:-1, max-image-preview:large, max-video-preview:-1\" \/>\n<link rel=\"canonical\" href=\"https:\/\/puhdasplus.ee\/lt\/produktai\/oda-plaukai-nagai\/kolagenas\/kolagenas-ir-pieno-rugsties-bakterijos-120-kapsuliu\/\" \/>\n<meta property=\"og:locale\" content=\"lt_LT\" \/>\n<meta property=\"og:type\" content=\"article\" \/>\n<meta property=\"og:title\" content=\"Kolagenas ir pieno r\u016bg\u0161ties bakterijos 120 kapsuli\u0173 | Puhdas+\" \/>\n<meta property=\"og:description\" content=\"Puhdas+ Kolagenas ir pieno r\u016bg\u0161ties bakterijos \u2013 kolagenas odos elastingumui, probiotikai vir\u0161kinimo palaikymui ir B3 vitaminas odai. 120 kapsuli\u0173.\" \/>\n<meta property=\"og:url\" content=\"https:\/\/puhdasplus.ee\/lt\/produktai\/oda-plaukai-nagai\/kolagenas\/kolagenas-ir-pieno-rugsties-bakterijos-120-kapsuliu\/\" \/>\n<meta property=\"og:site_name\" content=\"Puhdas+\" \/>\n<meta property=\"article:publisher\" content=\"https:\/\/www.facebook.com\/puhdasplus\" \/>\n<meta property=\"article:modified_time\" content=\"2026-04-07T06:59:11+00:00\" \/>\n<meta property=\"og:image\" content=\"https:\/\/puhdasplus.ee\/wp-content\/uploads\/2026\/03\/359810_359805.png\" \/>\n\t<meta property=\"og:image:width\" content=\"582\" \/>\n\t<meta property=\"og:image:height\" content=\"800\" \/>\n\t<meta property=\"og:image:type\" content=\"image\/png\" \/>\n<meta name=\"twitter:card\" content=\"summary_large_image\" \/>\n<meta name=\"twitter:label1\" content=\"Est. reading time\" \/>\n\t<meta name=\"twitter:data1\" content=\"1 minut\u0117\" \/>\n<script type=\"application\/ld+json\" class=\"yoast-schema-graph\">{\"@context\":\"https:\\\/\\\/schema.org\",\"@graph\":[{\"@type\":\"WebPage\",\"@id\":\"https:\\\/\\\/puhdasplus.ee\\\/lt\\\/produktai\\\/oda-plaukai-nagai\\\/kolagenas\\\/kolagenas-ir-pieno-rugsties-bakterijos-120-kapsuliu\\\/\",\"url\":\"https:\\\/\\\/puhdasplus.ee\\\/lt\\\/produktai\\\/oda-plaukai-nagai\\\/kolagenas\\\/kolagenas-ir-pieno-rugsties-bakterijos-120-kapsuliu\\\/\",\"name\":\"Kolagenas ir pieno r\u016bg\u0161ties bakterijos 120 kapsuli\u0173 | Puhdas+\",\"isPartOf\":{\"@id\":\"https:\\\/\\\/puhdasplus.ee\\\/lt\\\/#website\"},\"primaryImageOfPage\":{\"@id\":\"https:\\\/\\\/puhdasplus.ee\\\/lt\\\/produktai\\\/oda-plaukai-nagai\\\/kolagenas\\\/kolagenas-ir-pieno-rugsties-bakterijos-120-kapsuliu\\\/#primaryimage\"},\"image\":{\"@id\":\"https:\\\/\\\/puhdasplus.ee\\\/lt\\\/produktai\\\/oda-plaukai-nagai\\\/kolagenas\\\/kolagenas-ir-pieno-rugsties-bakterijos-120-kapsuliu\\\/#primaryimage\"},\"thumbnailUrl\":\"https:\\\/\\\/puhdasplus.ee\\\/wp-content\\\/uploads\\\/2026\\\/03\\\/359810_359805.png\",\"datePublished\":\"2026-03-30T18:50:44+00:00\",\"dateModified\":\"2026-04-07T06:59:11+00:00\",\"description\":\"Puhdas+ Kolagenas ir pieno r\u016bg\u0161ties bakterijos \u2013 kolagenas odos elastingumui, probiotikai vir\u0161kinimo palaikymui ir B3 vitaminas odai. 120 kapsuli\u0173.\",\"breadcrumb\":{\"@id\":\"https:\\\/\\\/puhdasplus.ee\\\/lt\\\/produktai\\\/oda-plaukai-nagai\\\/kolagenas\\\/kolagenas-ir-pieno-rugsties-bakterijos-120-kapsuliu\\\/#breadcrumb\"},\"inLanguage\":\"lt-LT\",\"potentialAction\":[{\"@type\":\"ReadAction\",\"target\":[\"https:\\\/\\\/puhdasplus.ee\\\/lt\\\/produktai\\\/oda-plaukai-nagai\\\/kolagenas\\\/kolagenas-ir-pieno-rugsties-bakterijos-120-kapsuliu\\\/\"]}]},{\"@type\":\"ImageObject\",\"inLanguage\":\"lt-LT\",\"@id\":\"https:\\\/\\\/puhdasplus.ee\\\/lt\\\/produktai\\\/oda-plaukai-nagai\\\/kolagenas\\\/kolagenas-ir-pieno-rugsties-bakterijos-120-kapsuliu\\\/#primaryimage\",\"url\":\"https:\\\/\\\/puhdasplus.ee\\\/wp-content\\\/uploads\\\/2026\\\/03\\\/359810_359805.png\",\"contentUrl\":\"https:\\\/\\\/puhdasplus.ee\\\/wp-content\\\/uploads\\\/2026\\\/03\\\/359810_359805.png\",\"width\":582,\"height\":800,\"caption\":\"Kollageen ja piimhappebakter 120 kapslit | Puhdas+\"},{\"@type\":\"BreadcrumbList\",\"@id\":\"https:\\\/\\\/puhdasplus.ee\\\/lt\\\/produktai\\\/oda-plaukai-nagai\\\/kolagenas\\\/kolagenas-ir-pieno-rugsties-bakterijos-120-kapsuliu\\\/#breadcrumb\",\"itemListElement\":[{\"@type\":\"ListItem\",\"position\":1,\"name\":\"Prad\u017eia\",\"item\":\"https:\\\/\\\/puhdasplus.ee\\\/lt\\\/\"},{\"@type\":\"ListItem\",\"position\":2,\"name\":\"Produktai\",\"item\":\"https:\\\/\\\/puhdasplus.ee\\\/lt\\\/parduotuve\\\/\"},{\"@type\":\"ListItem\",\"position\":3,\"name\":\"Kolagenas ir pieno r\u016bg\u0161ties bakterijos 120 kapsuli\u0173\"}]},{\"@type\":\"WebSite\",\"@id\":\"https:\\\/\\\/puhdasplus.ee\\\/lt\\\/#website\",\"url\":\"https:\\\/\\\/puhdasplus.ee\\\/lt\\\/\",\"name\":\"Puhdas+\",\"description\":\"Vitaminai, maisto papildai, nat\u016brali kosmetika, sveikata, sportas\",\"publisher\":{\"@id\":\"https:\\\/\\\/puhdasplus.ee\\\/lt\\\/#organization\"},\"potentialAction\":[{\"@type\":\"SearchAction\",\"target\":{\"@type\":\"EntryPoint\",\"urlTemplate\":\"https:\\\/\\\/puhdasplus.ee\\\/lt\\\/?s={search_term_string}\"},\"query-input\":{\"@type\":\"PropertyValueSpecification\",\"valueRequired\":true,\"valueName\":\"search_term_string\"}}],\"inLanguage\":\"lt-LT\"},{\"@type\":\"Organization\",\"@id\":\"https:\\\/\\\/puhdasplus.ee\\\/lt\\\/#organization\",\"name\":\"Puhdas+\",\"alternateName\":\"Puhdasplus\",\"url\":\"https:\\\/\\\/puhdasplus.ee\\\/lt\\\/\",\"logo\":{\"@type\":\"ImageObject\",\"inLanguage\":\"lt-LT\",\"@id\":\"https:\\\/\\\/puhdasplus.ee\\\/lt\\\/#\\\/schema\\\/logo\\\/image\\\/\",\"url\":\"https:\\\/\\\/puhdasplus.ee\\\/wp-content\\\/uploads\\\/2019\\\/10\\\/puhdas_logo-arvele.png\",\"contentUrl\":\"https:\\\/\\\/puhdasplus.ee\\\/wp-content\\\/uploads\\\/2019\\\/10\\\/puhdas_logo-arvele.png\",\"width\":114,\"height\":94,\"caption\":\"Puhdas+\"},\"image\":{\"@id\":\"https:\\\/\\\/puhdasplus.ee\\\/lt\\\/#\\\/schema\\\/logo\\\/image\\\/\"},\"sameAs\":[\"https:\\\/\\\/www.facebook.com\\\/puhdasplus\",\"https:\\\/\\\/www.instagram.com\\\/puhdasplus_ee\\\/\"]}]}<\/script>\n<!-- \/ Yoast SEO plugin. -->","yoast_head_json":{"title":"Kolagenas ir pieno r\u016bg\u0161ties bakterijos 120 kapsuli\u0173 | Puhdas+","description":"Puhdas+ Kolagenas ir pieno r\u016bg\u0161ties bakterijos \u2013 kolagenas odos elastingumui, probiotikai vir\u0161kinimo palaikymui ir B3 vitaminas odai. 120 kapsuli\u0173.","robots":{"index":"index","follow":"follow","max-snippet":"max-snippet:-1","max-image-preview":"max-image-preview:large","max-video-preview":"max-video-preview:-1"},"canonical":"https:\/\/puhdasplus.ee\/lt\/produktai\/oda-plaukai-nagai\/kolagenas\/kolagenas-ir-pieno-rugsties-bakterijos-120-kapsuliu\/","og_locale":"lt_LT","og_type":"article","og_title":"Kolagenas ir pieno r\u016bg\u0161ties bakterijos 120 kapsuli\u0173 | Puhdas+","og_description":"Puhdas+ Kolagenas ir pieno r\u016bg\u0161ties bakterijos \u2013 kolagenas odos elastingumui, probiotikai vir\u0161kinimo palaikymui ir B3 vitaminas odai. 120 kapsuli\u0173.","og_url":"https:\/\/puhdasplus.ee\/lt\/produktai\/oda-plaukai-nagai\/kolagenas\/kolagenas-ir-pieno-rugsties-bakterijos-120-kapsuliu\/","og_site_name":"Puhdas+","article_publisher":"https:\/\/www.facebook.com\/puhdasplus","article_modified_time":"2026-04-07T06:59:11+00:00","og_image":[{"width":582,"height":800,"url":"https:\/\/puhdasplus.ee\/wp-content\/uploads\/2026\/03\/359810_359805.png","type":"image\/png"}],"twitter_card":"summary_large_image","twitter_misc":{"Est. reading time":"1 minut\u0117"},"schema":{"@context":"https:\/\/schema.org","@graph":[{"@type":"WebPage","@id":"https:\/\/puhdasplus.ee\/lt\/produktai\/oda-plaukai-nagai\/kolagenas\/kolagenas-ir-pieno-rugsties-bakterijos-120-kapsuliu\/","url":"https:\/\/puhdasplus.ee\/lt\/produktai\/oda-plaukai-nagai\/kolagenas\/kolagenas-ir-pieno-rugsties-bakterijos-120-kapsuliu\/","name":"Kolagenas ir pieno r\u016bg\u0161ties bakterijos 120 kapsuli\u0173 | Puhdas+","isPartOf":{"@id":"https:\/\/puhdasplus.ee\/lt\/#website"},"primaryImageOfPage":{"@id":"https:\/\/puhdasplus.ee\/lt\/produktai\/oda-plaukai-nagai\/kolagenas\/kolagenas-ir-pieno-rugsties-bakterijos-120-kapsuliu\/#primaryimage"},"image":{"@id":"https:\/\/puhdasplus.ee\/lt\/produktai\/oda-plaukai-nagai\/kolagenas\/kolagenas-ir-pieno-rugsties-bakterijos-120-kapsuliu\/#primaryimage"},"thumbnailUrl":"https:\/\/puhdasplus.ee\/wp-content\/uploads\/2026\/03\/359810_359805.png","datePublished":"2026-03-30T18:50:44+00:00","dateModified":"2026-04-07T06:59:11+00:00","description":"Puhdas+ Kolagenas ir pieno r\u016bg\u0161ties bakterijos \u2013 kolagenas odos elastingumui, probiotikai vir\u0161kinimo palaikymui ir B3 vitaminas odai. 120 kapsuli\u0173.","breadcrumb":{"@id":"https:\/\/puhdasplus.ee\/lt\/produktai\/oda-plaukai-nagai\/kolagenas\/kolagenas-ir-pieno-rugsties-bakterijos-120-kapsuliu\/#breadcrumb"},"inLanguage":"lt-LT","potentialAction":[{"@type":"ReadAction","target":["https:\/\/puhdasplus.ee\/lt\/produktai\/oda-plaukai-nagai\/kolagenas\/kolagenas-ir-pieno-rugsties-bakterijos-120-kapsuliu\/"]}]},{"@type":"ImageObject","inLanguage":"lt-LT","@id":"https:\/\/puhdasplus.ee\/lt\/produktai\/oda-plaukai-nagai\/kolagenas\/kolagenas-ir-pieno-rugsties-bakterijos-120-kapsuliu\/#primaryimage","url":"https:\/\/puhdasplus.ee\/wp-content\/uploads\/2026\/03\/359810_359805.png","contentUrl":"https:\/\/puhdasplus.ee\/wp-content\/uploads\/2026\/03\/359810_359805.png","width":582,"height":800,"caption":"Kollageen ja piimhappebakter 120 kapslit | Puhdas+"},{"@type":"BreadcrumbList","@id":"https:\/\/puhdasplus.ee\/lt\/produktai\/oda-plaukai-nagai\/kolagenas\/kolagenas-ir-pieno-rugsties-bakterijos-120-kapsuliu\/#breadcrumb","itemListElement":[{"@type":"ListItem","position":1,"name":"Prad\u017eia","item":"https:\/\/puhdasplus.ee\/lt\/"},{"@type":"ListItem","position":2,"name":"Produktai","item":"https:\/\/puhdasplus.ee\/lt\/parduotuve\/"},{"@type":"ListItem","position":3,"name":"Kolagenas ir pieno r\u016bg\u0161ties bakterijos 120 kapsuli\u0173"}]},{"@type":"WebSite","@id":"https:\/\/puhdasplus.ee\/lt\/#website","url":"https:\/\/puhdasplus.ee\/lt\/","name":"Puhdas+","description":"Vitaminai, maisto papildai, nat\u016brali kosmetika, sveikata, sportas","publisher":{"@id":"https:\/\/puhdasplus.ee\/lt\/#organization"},"potentialAction":[{"@type":"SearchAction","target":{"@type":"EntryPoint","urlTemplate":"https:\/\/puhdasplus.ee\/lt\/?s={search_term_string}"},"query-input":{"@type":"PropertyValueSpecification","valueRequired":true,"valueName":"search_term_string"}}],"inLanguage":"lt-LT"},{"@type":"Organization","@id":"https:\/\/puhdasplus.ee\/lt\/#organization","name":"Puhdas+","alternateName":"Puhdasplus","url":"https:\/\/puhdasplus.ee\/lt\/","logo":{"@type":"ImageObject","inLanguage":"lt-LT","@id":"https:\/\/puhdasplus.ee\/lt\/#\/schema\/logo\/image\/","url":"https:\/\/puhdasplus.ee\/wp-content\/uploads\/2019\/10\/puhdas_logo-arvele.png","contentUrl":"https:\/\/puhdasplus.ee\/wp-content\/uploads\/2019\/10\/puhdas_logo-arvele.png","width":114,"height":94,"caption":"Puhdas+"},"image":{"@id":"https:\/\/puhdasplus.ee\/lt\/#\/schema\/logo\/image\/"},"sameAs":["https:\/\/www.facebook.com\/puhdasplus","https:\/\/www.instagram.com\/puhdasplus_ee\/"]}]}},"_yoast_wpseo_title":"Kolagenas ir pieno r\u016bg\u0161ties bakterijos 120 kapsuli\u0173 | Puhdas+","_yoast_wpseo_metadesc":"Puhdas+ Kolagenas ir pieno r\u016bg\u0161ties bakterijos \u2013 kolagenas odos elastingumui, probiotikai vir\u0161kinimo palaikymui ir B3 vitaminas odai. 120 kapsuli\u0173.","_yoast_wpseo_focuskw":"kolagenas pieno r\u016bg\u0161ties bakterijos","_links":{"self":[{"href":"https:\/\/puhdasplus.ee\/lt\/wp-json\/wp\/v2\/product\/360274","targetHints":{"allow":["GET"]}}],"collection":[{"href":"https:\/\/puhdasplus.ee\/lt\/wp-json\/wp\/v2\/product"}],"about":[{"href":"https:\/\/puhdasplus.ee\/lt\/wp-json\/wp\/v2\/types\/product"}],"replies":[{"embeddable":true,"href":"https:\/\/puhdasplus.ee\/lt\/wp-json\/wp\/v2\/comments?post=360274"}],"wp:featuredmedia":[{"embeddable":true,"href":"https:\/\/puhdasplus.ee\/lt\/wp-json\/wp\/v2\/media\/360821"}],"wp:attachment":[{"href":"https:\/\/puhdasplus.ee\/lt\/wp-json\/wp\/v2\/media?parent=360274"}],"wp:term":[{"taxonomy":"product_brand","embeddable":true,"href":"https:\/\/puhdasplus.ee\/lt\/wp-json\/wp\/v2\/product_brand?post=360274"},{"taxonomy":"product_cat","embeddable":true,"href":"https:\/\/puhdasplus.ee\/lt\/wp-json\/wp\/v2\/product_cat?post=360274"},{"taxonomy":"product_tag","embeddable":true,"href":"https:\/\/puhdasplus.ee\/lt\/wp-json\/wp\/v2\/product_tag?post=360274"}],"curies":[{"name":"wp","href":"https:\/\/api.w.org\/{rel}","templated":true}]}}