{"id":360261,"date":"2026-03-30T21:49:58","date_gmt":"2026-03-30T18:49:58","guid":{"rendered":"https:\/\/puhdasplus.ee\/tooted\/maaratlemata\/magnio-tauratas-200-g\/"},"modified":"2026-04-07T09:56:41","modified_gmt":"2026-04-07T06:56:41","slug":"magnio-tauratas-200-g","status":"publish","type":"product","link":"https:\/\/puhdasplus.ee\/lt\/produktai\/mineralai\/magnis\/magnio-tauratas-200-g\/","title":{"rendered":"Magnio tauratas 200 g"},"content":{"rendered":"<p><strong>Stiprus ir 100% be pried\u0173 magnio taurato preparatas.<\/strong><\/p>\n<p>Magnis padeda palaikyti normal\u0173 raumen\u0173 veikim\u0105 ir padeda ma\u017einti nuovarg\u012f bei i\u0161sekim\u0105. Magnio tauratas sujungia magn\u012f ir aminor\u016bg\u0161t\u012f taurin\u0105, kuri ypa\u010d palaiko \u0161irdies ir kraujagysli\u0173 sistemos sveikat\u0105.<\/p>\n<h2>Vartojimo instrukcija<\/h2>\n<p>1 valgomasis \u0161auk\u0161tas (apie 3 g) per par\u0105, sumai\u0161ius su vandeniu, sultimis ar kokteiliu. Negalima vir\u0161yti rekomenduojamos paros doz\u0117s.<\/p>\n<h2>Sud\u0117tis<\/h2>\n<p>Magnio tauratas.<\/p>\n<p>Neturi pieno, laktoz\u0117s, mieli\u0173 ar glitimo. Neturi cukraus, druskos ar saldikli\u0173. Vegani\u0161ka.<\/p>\n<h2>Maistin\u0117 vert\u0117<\/h2>\n<table>\n<thead>\n<tr>\n<th>Maistin\u0117 vert\u0117<\/th>\n<th>3 g<\/th>\n<\/tr>\n<\/thead>\n<tbody>\n<tr>\n<td>Magnio tauratas<\/td>\n<td>3000 mg<\/td>\n<\/tr>\n<tr>\n<td>\u2013 i\u0161 j\u0173 magnio<\/td>\n<td>235 mg (63%*)<\/td>\n<\/tr>\n<\/tbody>\n<\/table>\n<p>*% nuo paros normos atskaitos vert\u0117s.<\/p>\n<h2>\u012esp\u0117jimai<\/h2>\n<p>Laikyti vaikams nepasiekiamoje vietoje. Maisto papildas nepakei\u010dia \u012fvairaus ir subalansuoto maitinimo bei sveikos gyvensenos. Nevir\u0161ykite rekomenduojamos paros doz\u0117s.<\/p>\n","protected":false},"excerpt":{"rendered":"<p><b>Puhdas+ Magnio tauratas 200 g<\/b> \u2013 100% be pried\u0173, gerai \u012fsisavinamas magnio forma \u0161irdies sveikatai. Padeda ma\u017einti nuovarg\u012f ir i\u0161sekim\u0105.<\/p>\n","protected":false},"featured_media":360833,"comment_status":"open","ping_status":"closed","template":"","meta":{"_acf_changed":false,"googlesitekit_rrm_CAow3eq7DA:productID":""},"product_brand":[],"product_cat":[3265,3120,3412],"product_tag":[8346,8398,3127,3131,8366,3706,8374],"class_list":{"0":"post-360261","1":"product","2":"type-product","3":"status-publish","4":"has-post-thumbnail","6":"product_cat-magnis","7":"product_cat-mineralai","8":"product_cat-sirdies-sveikata","9":"product_tag-be-gliuteno-lt","10":"product_tag-magnio-tauratas-lt","11":"product_tag-magnis","12":"product_tag-maisto-papildas","13":"product_tag-mineralai-lt","14":"product_tag-sirdies-sveikata","15":"product_tag-suomijos-kokyb-lt","17":"first","18":"onbackorder","19":"taxable","20":"shipping-taxable","21":"purchasable","22":"product-type-simple"},"acf":[],"yoast_head":"<!-- This site is optimized with the Yoast SEO plugin v27.3 - https:\/\/yoast.com\/product\/yoast-seo-wordpress\/ -->\n<title>Magnio tauratas 200 g | Puhdas+<\/title>\n<meta name=\"description\" content=\"Puhdas+ Magnio tauratas 200 g \u2013 kokybi\u0161kas ir gerai \u012fsisavinamas magnis \u0161irdies ir raumen\u0173 palaikymui. 100% be pried\u0173 \u0161varus sud\u0117tis.\" \/>\n<meta name=\"robots\" content=\"index, follow, max-snippet:-1, max-image-preview:large, max-video-preview:-1\" \/>\n<link rel=\"canonical\" href=\"https:\/\/puhdasplus.ee\/lt\/produktai\/mineralai\/magnis\/magnio-tauratas-200-g\/\" \/>\n<meta property=\"og:locale\" content=\"lt_LT\" \/>\n<meta property=\"og:type\" content=\"article\" \/>\n<meta property=\"og:title\" content=\"Magnio tauratas 200 g | Puhdas+\" \/>\n<meta property=\"og:description\" content=\"Puhdas+ Magnio tauratas 200 g \u2013 kokybi\u0161kas ir gerai \u012fsisavinamas magnis \u0161irdies ir raumen\u0173 palaikymui. 100% be pried\u0173 \u0161varus sud\u0117tis.\" \/>\n<meta property=\"og:url\" content=\"https:\/\/puhdasplus.ee\/lt\/produktai\/mineralai\/magnis\/magnio-tauratas-200-g\/\" \/>\n<meta property=\"og:site_name\" content=\"Puhdas+\" \/>\n<meta property=\"article:publisher\" content=\"https:\/\/www.facebook.com\/puhdasplus\" \/>\n<meta property=\"article:modified_time\" content=\"2026-04-07T06:56:41+00:00\" \/>\n<meta property=\"og:image\" content=\"https:\/\/puhdasplus.ee\/wp-content\/uploads\/2026\/03\/Magneesiumtauraat-200-g-scaled.png\" \/>\n\t<meta property=\"og:image:width\" content=\"1862\" \/>\n\t<meta property=\"og:image:height\" content=\"2560\" \/>\n\t<meta property=\"og:image:type\" content=\"image\/png\" \/>\n<meta name=\"twitter:card\" content=\"summary_large_image\" \/>\n<meta name=\"twitter:label1\" content=\"Est. reading time\" \/>\n\t<meta name=\"twitter:data1\" content=\"1 minut\u0117\" \/>\n<script type=\"application\/ld+json\" class=\"yoast-schema-graph\">{\"@context\":\"https:\\\/\\\/schema.org\",\"@graph\":[{\"@type\":\"WebPage\",\"@id\":\"https:\\\/\\\/puhdasplus.ee\\\/lt\\\/produktai\\\/mineralai\\\/magnis\\\/magnio-tauratas-200-g\\\/\",\"url\":\"https:\\\/\\\/puhdasplus.ee\\\/lt\\\/produktai\\\/mineralai\\\/magnis\\\/magnio-tauratas-200-g\\\/\",\"name\":\"Magnio tauratas 200 g | Puhdas+\",\"isPartOf\":{\"@id\":\"https:\\\/\\\/puhdasplus.ee\\\/lt\\\/#website\"},\"primaryImageOfPage\":{\"@id\":\"https:\\\/\\\/puhdasplus.ee\\\/lt\\\/produktai\\\/mineralai\\\/magnis\\\/magnio-tauratas-200-g\\\/#primaryimage\"},\"image\":{\"@id\":\"https:\\\/\\\/puhdasplus.ee\\\/lt\\\/produktai\\\/mineralai\\\/magnis\\\/magnio-tauratas-200-g\\\/#primaryimage\"},\"thumbnailUrl\":\"https:\\\/\\\/puhdasplus.ee\\\/wp-content\\\/uploads\\\/2026\\\/03\\\/Magneesiumtauraat-200-g-scaled.png\",\"datePublished\":\"2026-03-30T18:49:58+00:00\",\"dateModified\":\"2026-04-07T06:56:41+00:00\",\"description\":\"Puhdas+ Magnio tauratas 200 g \u2013 kokybi\u0161kas ir gerai \u012fsisavinamas magnis \u0161irdies ir raumen\u0173 palaikymui. 100% be pried\u0173 \u0161varus sud\u0117tis.\",\"breadcrumb\":{\"@id\":\"https:\\\/\\\/puhdasplus.ee\\\/lt\\\/produktai\\\/mineralai\\\/magnis\\\/magnio-tauratas-200-g\\\/#breadcrumb\"},\"inLanguage\":\"lt-LT\",\"potentialAction\":[{\"@type\":\"ReadAction\",\"target\":[\"https:\\\/\\\/puhdasplus.ee\\\/lt\\\/produktai\\\/mineralai\\\/magnis\\\/magnio-tauratas-200-g\\\/\"]}]},{\"@type\":\"ImageObject\",\"inLanguage\":\"lt-LT\",\"@id\":\"https:\\\/\\\/puhdasplus.ee\\\/lt\\\/produktai\\\/mineralai\\\/magnis\\\/magnio-tauratas-200-g\\\/#primaryimage\",\"url\":\"https:\\\/\\\/puhdasplus.ee\\\/wp-content\\\/uploads\\\/2026\\\/03\\\/Magneesiumtauraat-200-g-scaled.png\",\"contentUrl\":\"https:\\\/\\\/puhdasplus.ee\\\/wp-content\\\/uploads\\\/2026\\\/03\\\/Magneesiumtauraat-200-g-scaled.png\",\"width\":1862,\"height\":2560,\"caption\":\"Magneesiumtauraat 200 g\"},{\"@type\":\"BreadcrumbList\",\"@id\":\"https:\\\/\\\/puhdasplus.ee\\\/lt\\\/produktai\\\/mineralai\\\/magnis\\\/magnio-tauratas-200-g\\\/#breadcrumb\",\"itemListElement\":[{\"@type\":\"ListItem\",\"position\":1,\"name\":\"Prad\u017eia\",\"item\":\"https:\\\/\\\/puhdasplus.ee\\\/lt\\\/\"},{\"@type\":\"ListItem\",\"position\":2,\"name\":\"Produktai\",\"item\":\"https:\\\/\\\/puhdasplus.ee\\\/lt\\\/parduotuve\\\/\"},{\"@type\":\"ListItem\",\"position\":3,\"name\":\"Magnio tauratas 200 g\"}]},{\"@type\":\"WebSite\",\"@id\":\"https:\\\/\\\/puhdasplus.ee\\\/lt\\\/#website\",\"url\":\"https:\\\/\\\/puhdasplus.ee\\\/lt\\\/\",\"name\":\"Puhdas+\",\"description\":\"Vitaminai, maisto papildai, nat\u016brali kosmetika, sveikata, sportas\",\"publisher\":{\"@id\":\"https:\\\/\\\/puhdasplus.ee\\\/lt\\\/#organization\"},\"potentialAction\":[{\"@type\":\"SearchAction\",\"target\":{\"@type\":\"EntryPoint\",\"urlTemplate\":\"https:\\\/\\\/puhdasplus.ee\\\/lt\\\/?s={search_term_string}\"},\"query-input\":{\"@type\":\"PropertyValueSpecification\",\"valueRequired\":true,\"valueName\":\"search_term_string\"}}],\"inLanguage\":\"lt-LT\"},{\"@type\":\"Organization\",\"@id\":\"https:\\\/\\\/puhdasplus.ee\\\/lt\\\/#organization\",\"name\":\"Puhdas+\",\"alternateName\":\"Puhdasplus\",\"url\":\"https:\\\/\\\/puhdasplus.ee\\\/lt\\\/\",\"logo\":{\"@type\":\"ImageObject\",\"inLanguage\":\"lt-LT\",\"@id\":\"https:\\\/\\\/puhdasplus.ee\\\/lt\\\/#\\\/schema\\\/logo\\\/image\\\/\",\"url\":\"https:\\\/\\\/puhdasplus.ee\\\/wp-content\\\/uploads\\\/2019\\\/10\\\/puhdas_logo-arvele.png\",\"contentUrl\":\"https:\\\/\\\/puhdasplus.ee\\\/wp-content\\\/uploads\\\/2019\\\/10\\\/puhdas_logo-arvele.png\",\"width\":114,\"height\":94,\"caption\":\"Puhdas+\"},\"image\":{\"@id\":\"https:\\\/\\\/puhdasplus.ee\\\/lt\\\/#\\\/schema\\\/logo\\\/image\\\/\"},\"sameAs\":[\"https:\\\/\\\/www.facebook.com\\\/puhdasplus\",\"https:\\\/\\\/www.instagram.com\\\/puhdasplus_ee\\\/\"]}]}<\/script>\n<!-- \/ Yoast SEO plugin. -->","yoast_head_json":{"title":"Magnio tauratas 200 g | Puhdas+","description":"Puhdas+ Magnio tauratas 200 g \u2013 kokybi\u0161kas ir gerai \u012fsisavinamas magnis \u0161irdies ir raumen\u0173 palaikymui. 100% be pried\u0173 \u0161varus sud\u0117tis.","robots":{"index":"index","follow":"follow","max-snippet":"max-snippet:-1","max-image-preview":"max-image-preview:large","max-video-preview":"max-video-preview:-1"},"canonical":"https:\/\/puhdasplus.ee\/lt\/produktai\/mineralai\/magnis\/magnio-tauratas-200-g\/","og_locale":"lt_LT","og_type":"article","og_title":"Magnio tauratas 200 g | Puhdas+","og_description":"Puhdas+ Magnio tauratas 200 g \u2013 kokybi\u0161kas ir gerai \u012fsisavinamas magnis \u0161irdies ir raumen\u0173 palaikymui. 100% be pried\u0173 \u0161varus sud\u0117tis.","og_url":"https:\/\/puhdasplus.ee\/lt\/produktai\/mineralai\/magnis\/magnio-tauratas-200-g\/","og_site_name":"Puhdas+","article_publisher":"https:\/\/www.facebook.com\/puhdasplus","article_modified_time":"2026-04-07T06:56:41+00:00","og_image":[{"width":1862,"height":2560,"url":"https:\/\/puhdasplus.ee\/wp-content\/uploads\/2026\/03\/Magneesiumtauraat-200-g-scaled.png","type":"image\/png"}],"twitter_card":"summary_large_image","twitter_misc":{"Est. reading time":"1 minut\u0117"},"schema":{"@context":"https:\/\/schema.org","@graph":[{"@type":"WebPage","@id":"https:\/\/puhdasplus.ee\/lt\/produktai\/mineralai\/magnis\/magnio-tauratas-200-g\/","url":"https:\/\/puhdasplus.ee\/lt\/produktai\/mineralai\/magnis\/magnio-tauratas-200-g\/","name":"Magnio tauratas 200 g | Puhdas+","isPartOf":{"@id":"https:\/\/puhdasplus.ee\/lt\/#website"},"primaryImageOfPage":{"@id":"https:\/\/puhdasplus.ee\/lt\/produktai\/mineralai\/magnis\/magnio-tauratas-200-g\/#primaryimage"},"image":{"@id":"https:\/\/puhdasplus.ee\/lt\/produktai\/mineralai\/magnis\/magnio-tauratas-200-g\/#primaryimage"},"thumbnailUrl":"https:\/\/puhdasplus.ee\/wp-content\/uploads\/2026\/03\/Magneesiumtauraat-200-g-scaled.png","datePublished":"2026-03-30T18:49:58+00:00","dateModified":"2026-04-07T06:56:41+00:00","description":"Puhdas+ Magnio tauratas 200 g \u2013 kokybi\u0161kas ir gerai \u012fsisavinamas magnis \u0161irdies ir raumen\u0173 palaikymui. 100% be pried\u0173 \u0161varus sud\u0117tis.","breadcrumb":{"@id":"https:\/\/puhdasplus.ee\/lt\/produktai\/mineralai\/magnis\/magnio-tauratas-200-g\/#breadcrumb"},"inLanguage":"lt-LT","potentialAction":[{"@type":"ReadAction","target":["https:\/\/puhdasplus.ee\/lt\/produktai\/mineralai\/magnis\/magnio-tauratas-200-g\/"]}]},{"@type":"ImageObject","inLanguage":"lt-LT","@id":"https:\/\/puhdasplus.ee\/lt\/produktai\/mineralai\/magnis\/magnio-tauratas-200-g\/#primaryimage","url":"https:\/\/puhdasplus.ee\/wp-content\/uploads\/2026\/03\/Magneesiumtauraat-200-g-scaled.png","contentUrl":"https:\/\/puhdasplus.ee\/wp-content\/uploads\/2026\/03\/Magneesiumtauraat-200-g-scaled.png","width":1862,"height":2560,"caption":"Magneesiumtauraat 200 g"},{"@type":"BreadcrumbList","@id":"https:\/\/puhdasplus.ee\/lt\/produktai\/mineralai\/magnis\/magnio-tauratas-200-g\/#breadcrumb","itemListElement":[{"@type":"ListItem","position":1,"name":"Prad\u017eia","item":"https:\/\/puhdasplus.ee\/lt\/"},{"@type":"ListItem","position":2,"name":"Produktai","item":"https:\/\/puhdasplus.ee\/lt\/parduotuve\/"},{"@type":"ListItem","position":3,"name":"Magnio tauratas 200 g"}]},{"@type":"WebSite","@id":"https:\/\/puhdasplus.ee\/lt\/#website","url":"https:\/\/puhdasplus.ee\/lt\/","name":"Puhdas+","description":"Vitaminai, maisto papildai, nat\u016brali kosmetika, sveikata, sportas","publisher":{"@id":"https:\/\/puhdasplus.ee\/lt\/#organization"},"potentialAction":[{"@type":"SearchAction","target":{"@type":"EntryPoint","urlTemplate":"https:\/\/puhdasplus.ee\/lt\/?s={search_term_string}"},"query-input":{"@type":"PropertyValueSpecification","valueRequired":true,"valueName":"search_term_string"}}],"inLanguage":"lt-LT"},{"@type":"Organization","@id":"https:\/\/puhdasplus.ee\/lt\/#organization","name":"Puhdas+","alternateName":"Puhdasplus","url":"https:\/\/puhdasplus.ee\/lt\/","logo":{"@type":"ImageObject","inLanguage":"lt-LT","@id":"https:\/\/puhdasplus.ee\/lt\/#\/schema\/logo\/image\/","url":"https:\/\/puhdasplus.ee\/wp-content\/uploads\/2019\/10\/puhdas_logo-arvele.png","contentUrl":"https:\/\/puhdasplus.ee\/wp-content\/uploads\/2019\/10\/puhdas_logo-arvele.png","width":114,"height":94,"caption":"Puhdas+"},"image":{"@id":"https:\/\/puhdasplus.ee\/lt\/#\/schema\/logo\/image\/"},"sameAs":["https:\/\/www.facebook.com\/puhdasplus","https:\/\/www.instagram.com\/puhdasplus_ee\/"]}]}},"_yoast_wpseo_title":"Magnio tauratas 200 g | Puhdas+","_yoast_wpseo_metadesc":"Puhdas+ Magnio tauratas 200 g \u2013 kokybi\u0161kas ir gerai \u012fsisavinamas magnis \u0161irdies ir raumen\u0173 palaikymui. 100% be pried\u0173 \u0161varus sud\u0117tis.","_yoast_wpseo_focuskw":"magnio tauratas","_links":{"self":[{"href":"https:\/\/puhdasplus.ee\/lt\/wp-json\/wp\/v2\/product\/360261","targetHints":{"allow":["GET"]}}],"collection":[{"href":"https:\/\/puhdasplus.ee\/lt\/wp-json\/wp\/v2\/product"}],"about":[{"href":"https:\/\/puhdasplus.ee\/lt\/wp-json\/wp\/v2\/types\/product"}],"replies":[{"embeddable":true,"href":"https:\/\/puhdasplus.ee\/lt\/wp-json\/wp\/v2\/comments?post=360261"}],"wp:featuredmedia":[{"embeddable":true,"href":"https:\/\/puhdasplus.ee\/lt\/wp-json\/wp\/v2\/media\/360833"}],"wp:attachment":[{"href":"https:\/\/puhdasplus.ee\/lt\/wp-json\/wp\/v2\/media?parent=360261"}],"wp:term":[{"taxonomy":"product_brand","embeddable":true,"href":"https:\/\/puhdasplus.ee\/lt\/wp-json\/wp\/v2\/product_brand?post=360261"},{"taxonomy":"product_cat","embeddable":true,"href":"https:\/\/puhdasplus.ee\/lt\/wp-json\/wp\/v2\/product_cat?post=360261"},{"taxonomy":"product_tag","embeddable":true,"href":"https:\/\/puhdasplus.ee\/lt\/wp-json\/wp\/v2\/product_tag?post=360261"}],"curies":[{"name":"wp","href":"https:\/\/api.w.org\/{rel}","templated":true}]}}