{"id":360257,"date":"2026-03-30T21:49:04","date_gmt":"2026-03-30T18:49:04","guid":{"rendered":"https:\/\/puhdasplus.ee\/tooted\/maaratlemata\/magtein-magnio-l-treonatas-150-kapsuliu\/"},"modified":"2026-04-07T09:55:42","modified_gmt":"2026-04-07T06:55:42","slug":"magtein-magnio-l-treonatas-150-kapsuliu","status":"publish","type":"product","link":"https:\/\/puhdasplus.ee\/lt\/produktai\/mineralai\/magnis\/magtein-magnio-l-treonatas-150-kapsuliu\/","title":{"rendered":"Magtein\u00ae Magnio L-treonatas 150 kapsuli\u0173"},"content":{"rendered":"<p><strong>Puhdas+ Magtein\u00ae<\/strong> yra patentuotas magnio preparatas, kuriame yra magnio L-treonato. Magnis yra svarbus organizmo mineralas, dalyvaujantis daugelyje pagrindini\u0173 k\u016bno funkcij\u0173. Jis padeda normaliai veikti raumenims ir nerv\u0173 sistemai bei skatina energijos apykait\u0105, pad\u0117damas organizmui susidoroti su kasdieniais kr\u016bviais. Magnis taip pat vaidina vaidmen\u012f palaikant psichologines funkcijas ir padeda ma\u017einti nuovarg\u012f bei i\u0161sekim\u0105. Be to, magnis yra svarbi kaul\u0173 sveikatos dalis.<\/p>\n<p>Gaminys pagamintas Suomijoje.<\/p>\n<p>&nbsp;<\/p>\n<h2><strong>Vartojimo instrukcija<\/strong><\/h2>\n<p>5 kapsules per dien\u0105. Rekomenduojama vartoti kartu su maistu. Kasdien\u0119 5 kapsuli\u0173 doz\u0119 prireikus galima padalinti \u012f kelias dalis. Nerekomenduojama n\u0117\u0161tumo ir \u017eindymo metu.<\/p>\n<p>&nbsp;<\/p>\n<h2><strong>Sud\u0117tis<\/strong><\/h2>\n<p>Magtein\u00ae magnio L-treonatas, u\u017epildas (ry\u017ei\u0173 krakmolas), kapsul\u0117 (stabilizatorius: hidroksipropilmetilceliulioz\u0117).<\/p>\n<p>&nbsp;<\/p>\n<h2><strong>Maistin\u0117 vert\u0117<\/strong><\/h2>\n<p>5 kapsul\u0117s sud\u0117tyje: Magtein\u00ae magnio L-treonato 2000 mg, i\u0161 jo magnio 144 mg (38%*).<\/p>\n<p>*% nuo paros normos.<\/p>\n<p>&nbsp;<\/p>\n<h2><strong>\u012esp\u0117jimai<\/strong><\/h2>\n<p>Laikyti vaikams nepasiekiamoje vietoje. Maisto papildas nepakei\u010dia \u012fvairaus ir subalansuoto maitinimosi bei sveiko gyvenimo b\u016bdo. Nevir\u0161ykite rekomenduojamos paros doz\u0117s.<\/p>\n<p>&nbsp;<\/p>\n<p>&nbsp;<\/p>\n","protected":false},"excerpt":{"rendered":"<p>Puhdas+ <strong>Magtein\u00ae Magnio L-treonatas<\/strong> 150 kapsuli\u0173 yra patentuota magnio forma, kuri <b>padeda normaliai veikti nerv\u0173 sistemai<\/b> ir <b>palaikyti psichologines funkcijas.<\/b> Pagaminta Suomijoje.<\/p>\n","protected":false},"featured_media":360943,"comment_status":"open","ping_status":"closed","template":"","meta":{"_acf_changed":false,"googlesitekit_rrm_CAow3eq7DA:productID":""},"product_brand":[],"product_cat":[3265,3120],"product_tag":[8346,8350,3127,3131,8465,8382,8374,2967],"class_list":{"0":"post-360257","1":"product","2":"type-product","3":"status-publish","4":"has-post-thumbnail","6":"product_cat-magnis","7":"product_cat-mineralai","8":"product_tag-be-gliuteno-lt","9":"product_tag-be-laktozs-lt","10":"product_tag-magnis","11":"product_tag-maisto-papildas","12":"product_tag-nervu-sistema-lt","13":"product_tag-smegen-sveikata-lt","14":"product_tag-suomijos-kokyb-lt","15":"product_tag-veganas","17":"first","18":"onbackorder","19":"taxable","20":"shipping-taxable","21":"purchasable","22":"product-type-simple"},"acf":[],"yoast_head":"<!-- This site is optimized with the Yoast SEO plugin v27.3 - https:\/\/yoast.com\/product\/yoast-seo-wordpress\/ -->\n<title>Magtein\u00ae Magnio L-treonatas 150 kapsuli\u0173 | Puhdas+<\/title>\n<meta name=\"description\" content=\"Puhdas+ Magtein\u00ae \u2013 magnio L-treonatas kapsul\u0117se (Magtein\u00ae). Moderni ir kokybi\u0161ka magnio forma kasdieniam vartojimui, 150 kapsuli\u0173.\" \/>\n<meta name=\"robots\" content=\"index, follow, max-snippet:-1, max-image-preview:large, max-video-preview:-1\" \/>\n<link rel=\"canonical\" href=\"https:\/\/puhdasplus.ee\/lt\/produktai\/mineralai\/magnis\/magtein-magnio-l-treonatas-150-kapsuliu\/\" \/>\n<meta property=\"og:locale\" content=\"lt_LT\" \/>\n<meta property=\"og:type\" content=\"article\" \/>\n<meta property=\"og:title\" content=\"Magtein\u00ae Magnio L-treonatas 150 kapsuli\u0173 | Puhdas+\" \/>\n<meta property=\"og:description\" content=\"Puhdas+ Magtein\u00ae \u2013 magnio L-treonatas kapsul\u0117se (Magtein\u00ae). Moderni ir kokybi\u0161ka magnio forma kasdieniam vartojimui, 150 kapsuli\u0173.\" \/>\n<meta property=\"og:url\" content=\"https:\/\/puhdasplus.ee\/lt\/produktai\/mineralai\/magnis\/magtein-magnio-l-treonatas-150-kapsuliu\/\" \/>\n<meta property=\"og:site_name\" content=\"Puhdas+\" \/>\n<meta property=\"article:publisher\" content=\"https:\/\/www.facebook.com\/puhdasplus\" \/>\n<meta property=\"article:modified_time\" content=\"2026-04-07T06:55:42+00:00\" \/>\n<meta property=\"og:image\" content=\"https:\/\/puhdasplus.ee\/wp-content\/uploads\/2026\/03\/tooted-ilma-taustata-3-copy-8.jpg\" \/>\n\t<meta property=\"og:image:width\" content=\"1280\" \/>\n\t<meta property=\"og:image:height\" content=\"1760\" \/>\n\t<meta property=\"og:image:type\" content=\"image\/jpeg\" \/>\n<meta name=\"twitter:card\" content=\"summary_large_image\" \/>\n<meta name=\"twitter:label1\" content=\"Est. reading time\" \/>\n\t<meta name=\"twitter:data1\" content=\"1 minut\u0117\" \/>\n<script type=\"application\/ld+json\" class=\"yoast-schema-graph\">{\"@context\":\"https:\\\/\\\/schema.org\",\"@graph\":[{\"@type\":\"WebPage\",\"@id\":\"https:\\\/\\\/puhdasplus.ee\\\/lt\\\/produktai\\\/mineralai\\\/magnis\\\/magtein-magnio-l-treonatas-150-kapsuliu\\\/\",\"url\":\"https:\\\/\\\/puhdasplus.ee\\\/lt\\\/produktai\\\/mineralai\\\/magnis\\\/magtein-magnio-l-treonatas-150-kapsuliu\\\/\",\"name\":\"Magtein\u00ae Magnio L-treonatas 150 kapsuli\u0173 | Puhdas+\",\"isPartOf\":{\"@id\":\"https:\\\/\\\/puhdasplus.ee\\\/lt\\\/#website\"},\"primaryImageOfPage\":{\"@id\":\"https:\\\/\\\/puhdasplus.ee\\\/lt\\\/produktai\\\/mineralai\\\/magnis\\\/magtein-magnio-l-treonatas-150-kapsuliu\\\/#primaryimage\"},\"image\":{\"@id\":\"https:\\\/\\\/puhdasplus.ee\\\/lt\\\/produktai\\\/mineralai\\\/magnis\\\/magtein-magnio-l-treonatas-150-kapsuliu\\\/#primaryimage\"},\"thumbnailUrl\":\"https:\\\/\\\/puhdasplus.ee\\\/wp-content\\\/uploads\\\/2026\\\/03\\\/tooted-ilma-taustata-3-copy-8.jpg\",\"datePublished\":\"2026-03-30T18:49:04+00:00\",\"dateModified\":\"2026-04-07T06:55:42+00:00\",\"description\":\"Puhdas+ Magtein\u00ae \u2013 magnio L-treonatas kapsul\u0117se (Magtein\u00ae). Moderni ir kokybi\u0161ka magnio forma kasdieniam vartojimui, 150 kapsuli\u0173.\",\"breadcrumb\":{\"@id\":\"https:\\\/\\\/puhdasplus.ee\\\/lt\\\/produktai\\\/mineralai\\\/magnis\\\/magtein-magnio-l-treonatas-150-kapsuliu\\\/#breadcrumb\"},\"inLanguage\":\"lt-LT\",\"potentialAction\":[{\"@type\":\"ReadAction\",\"target\":[\"https:\\\/\\\/puhdasplus.ee\\\/lt\\\/produktai\\\/mineralai\\\/magnis\\\/magtein-magnio-l-treonatas-150-kapsuliu\\\/\"]}]},{\"@type\":\"ImageObject\",\"inLanguage\":\"lt-LT\",\"@id\":\"https:\\\/\\\/puhdasplus.ee\\\/lt\\\/produktai\\\/mineralai\\\/magnis\\\/magtein-magnio-l-treonatas-150-kapsuliu\\\/#primaryimage\",\"url\":\"https:\\\/\\\/puhdasplus.ee\\\/wp-content\\\/uploads\\\/2026\\\/03\\\/tooted-ilma-taustata-3-copy-8.jpg\",\"contentUrl\":\"https:\\\/\\\/puhdasplus.ee\\\/wp-content\\\/uploads\\\/2026\\\/03\\\/tooted-ilma-taustata-3-copy-8.jpg\",\"width\":1280,\"height\":1760,\"caption\":\"Magtein\u00ae Magneesium L-Treonaat 150 kapslit\"},{\"@type\":\"BreadcrumbList\",\"@id\":\"https:\\\/\\\/puhdasplus.ee\\\/lt\\\/produktai\\\/mineralai\\\/magnis\\\/magtein-magnio-l-treonatas-150-kapsuliu\\\/#breadcrumb\",\"itemListElement\":[{\"@type\":\"ListItem\",\"position\":1,\"name\":\"Prad\u017eia\",\"item\":\"https:\\\/\\\/puhdasplus.ee\\\/lt\\\/\"},{\"@type\":\"ListItem\",\"position\":2,\"name\":\"Produktai\",\"item\":\"https:\\\/\\\/puhdasplus.ee\\\/lt\\\/parduotuve\\\/\"},{\"@type\":\"ListItem\",\"position\":3,\"name\":\"Magtein\u00ae Magnio L-treonatas 150 kapsuli\u0173\"}]},{\"@type\":\"WebSite\",\"@id\":\"https:\\\/\\\/puhdasplus.ee\\\/lt\\\/#website\",\"url\":\"https:\\\/\\\/puhdasplus.ee\\\/lt\\\/\",\"name\":\"Puhdas+\",\"description\":\"Vitaminai, maisto papildai, nat\u016brali kosmetika, sveikata, sportas\",\"publisher\":{\"@id\":\"https:\\\/\\\/puhdasplus.ee\\\/lt\\\/#organization\"},\"potentialAction\":[{\"@type\":\"SearchAction\",\"target\":{\"@type\":\"EntryPoint\",\"urlTemplate\":\"https:\\\/\\\/puhdasplus.ee\\\/lt\\\/?s={search_term_string}\"},\"query-input\":{\"@type\":\"PropertyValueSpecification\",\"valueRequired\":true,\"valueName\":\"search_term_string\"}}],\"inLanguage\":\"lt-LT\"},{\"@type\":\"Organization\",\"@id\":\"https:\\\/\\\/puhdasplus.ee\\\/lt\\\/#organization\",\"name\":\"Puhdas+\",\"alternateName\":\"Puhdasplus\",\"url\":\"https:\\\/\\\/puhdasplus.ee\\\/lt\\\/\",\"logo\":{\"@type\":\"ImageObject\",\"inLanguage\":\"lt-LT\",\"@id\":\"https:\\\/\\\/puhdasplus.ee\\\/lt\\\/#\\\/schema\\\/logo\\\/image\\\/\",\"url\":\"https:\\\/\\\/puhdasplus.ee\\\/wp-content\\\/uploads\\\/2019\\\/10\\\/puhdas_logo-arvele.png\",\"contentUrl\":\"https:\\\/\\\/puhdasplus.ee\\\/wp-content\\\/uploads\\\/2019\\\/10\\\/puhdas_logo-arvele.png\",\"width\":114,\"height\":94,\"caption\":\"Puhdas+\"},\"image\":{\"@id\":\"https:\\\/\\\/puhdasplus.ee\\\/lt\\\/#\\\/schema\\\/logo\\\/image\\\/\"},\"sameAs\":[\"https:\\\/\\\/www.facebook.com\\\/puhdasplus\",\"https:\\\/\\\/www.instagram.com\\\/puhdasplus_ee\\\/\"]}]}<\/script>\n<!-- \/ Yoast SEO plugin. -->","yoast_head_json":{"title":"Magtein\u00ae Magnio L-treonatas 150 kapsuli\u0173 | Puhdas+","description":"Puhdas+ Magtein\u00ae \u2013 magnio L-treonatas kapsul\u0117se (Magtein\u00ae). Moderni ir kokybi\u0161ka magnio forma kasdieniam vartojimui, 150 kapsuli\u0173.","robots":{"index":"index","follow":"follow","max-snippet":"max-snippet:-1","max-image-preview":"max-image-preview:large","max-video-preview":"max-video-preview:-1"},"canonical":"https:\/\/puhdasplus.ee\/lt\/produktai\/mineralai\/magnis\/magtein-magnio-l-treonatas-150-kapsuliu\/","og_locale":"lt_LT","og_type":"article","og_title":"Magtein\u00ae Magnio L-treonatas 150 kapsuli\u0173 | Puhdas+","og_description":"Puhdas+ Magtein\u00ae \u2013 magnio L-treonatas kapsul\u0117se (Magtein\u00ae). Moderni ir kokybi\u0161ka magnio forma kasdieniam vartojimui, 150 kapsuli\u0173.","og_url":"https:\/\/puhdasplus.ee\/lt\/produktai\/mineralai\/magnis\/magtein-magnio-l-treonatas-150-kapsuliu\/","og_site_name":"Puhdas+","article_publisher":"https:\/\/www.facebook.com\/puhdasplus","article_modified_time":"2026-04-07T06:55:42+00:00","og_image":[{"width":1280,"height":1760,"url":"https:\/\/puhdasplus.ee\/wp-content\/uploads\/2026\/03\/tooted-ilma-taustata-3-copy-8.jpg","type":"image\/jpeg"}],"twitter_card":"summary_large_image","twitter_misc":{"Est. reading time":"1 minut\u0117"},"schema":{"@context":"https:\/\/schema.org","@graph":[{"@type":"WebPage","@id":"https:\/\/puhdasplus.ee\/lt\/produktai\/mineralai\/magnis\/magtein-magnio-l-treonatas-150-kapsuliu\/","url":"https:\/\/puhdasplus.ee\/lt\/produktai\/mineralai\/magnis\/magtein-magnio-l-treonatas-150-kapsuliu\/","name":"Magtein\u00ae Magnio L-treonatas 150 kapsuli\u0173 | Puhdas+","isPartOf":{"@id":"https:\/\/puhdasplus.ee\/lt\/#website"},"primaryImageOfPage":{"@id":"https:\/\/puhdasplus.ee\/lt\/produktai\/mineralai\/magnis\/magtein-magnio-l-treonatas-150-kapsuliu\/#primaryimage"},"image":{"@id":"https:\/\/puhdasplus.ee\/lt\/produktai\/mineralai\/magnis\/magtein-magnio-l-treonatas-150-kapsuliu\/#primaryimage"},"thumbnailUrl":"https:\/\/puhdasplus.ee\/wp-content\/uploads\/2026\/03\/tooted-ilma-taustata-3-copy-8.jpg","datePublished":"2026-03-30T18:49:04+00:00","dateModified":"2026-04-07T06:55:42+00:00","description":"Puhdas+ Magtein\u00ae \u2013 magnio L-treonatas kapsul\u0117se (Magtein\u00ae). Moderni ir kokybi\u0161ka magnio forma kasdieniam vartojimui, 150 kapsuli\u0173.","breadcrumb":{"@id":"https:\/\/puhdasplus.ee\/lt\/produktai\/mineralai\/magnis\/magtein-magnio-l-treonatas-150-kapsuliu\/#breadcrumb"},"inLanguage":"lt-LT","potentialAction":[{"@type":"ReadAction","target":["https:\/\/puhdasplus.ee\/lt\/produktai\/mineralai\/magnis\/magtein-magnio-l-treonatas-150-kapsuliu\/"]}]},{"@type":"ImageObject","inLanguage":"lt-LT","@id":"https:\/\/puhdasplus.ee\/lt\/produktai\/mineralai\/magnis\/magtein-magnio-l-treonatas-150-kapsuliu\/#primaryimage","url":"https:\/\/puhdasplus.ee\/wp-content\/uploads\/2026\/03\/tooted-ilma-taustata-3-copy-8.jpg","contentUrl":"https:\/\/puhdasplus.ee\/wp-content\/uploads\/2026\/03\/tooted-ilma-taustata-3-copy-8.jpg","width":1280,"height":1760,"caption":"Magtein\u00ae Magneesium L-Treonaat 150 kapslit"},{"@type":"BreadcrumbList","@id":"https:\/\/puhdasplus.ee\/lt\/produktai\/mineralai\/magnis\/magtein-magnio-l-treonatas-150-kapsuliu\/#breadcrumb","itemListElement":[{"@type":"ListItem","position":1,"name":"Prad\u017eia","item":"https:\/\/puhdasplus.ee\/lt\/"},{"@type":"ListItem","position":2,"name":"Produktai","item":"https:\/\/puhdasplus.ee\/lt\/parduotuve\/"},{"@type":"ListItem","position":3,"name":"Magtein\u00ae Magnio L-treonatas 150 kapsuli\u0173"}]},{"@type":"WebSite","@id":"https:\/\/puhdasplus.ee\/lt\/#website","url":"https:\/\/puhdasplus.ee\/lt\/","name":"Puhdas+","description":"Vitaminai, maisto papildai, nat\u016brali kosmetika, sveikata, sportas","publisher":{"@id":"https:\/\/puhdasplus.ee\/lt\/#organization"},"potentialAction":[{"@type":"SearchAction","target":{"@type":"EntryPoint","urlTemplate":"https:\/\/puhdasplus.ee\/lt\/?s={search_term_string}"},"query-input":{"@type":"PropertyValueSpecification","valueRequired":true,"valueName":"search_term_string"}}],"inLanguage":"lt-LT"},{"@type":"Organization","@id":"https:\/\/puhdasplus.ee\/lt\/#organization","name":"Puhdas+","alternateName":"Puhdasplus","url":"https:\/\/puhdasplus.ee\/lt\/","logo":{"@type":"ImageObject","inLanguage":"lt-LT","@id":"https:\/\/puhdasplus.ee\/lt\/#\/schema\/logo\/image\/","url":"https:\/\/puhdasplus.ee\/wp-content\/uploads\/2019\/10\/puhdas_logo-arvele.png","contentUrl":"https:\/\/puhdasplus.ee\/wp-content\/uploads\/2019\/10\/puhdas_logo-arvele.png","width":114,"height":94,"caption":"Puhdas+"},"image":{"@id":"https:\/\/puhdasplus.ee\/lt\/#\/schema\/logo\/image\/"},"sameAs":["https:\/\/www.facebook.com\/puhdasplus","https:\/\/www.instagram.com\/puhdasplus_ee\/"]}]}},"_yoast_wpseo_title":"Magtein\u00ae Magnio L-treonatas 150 kapsuli\u0173 | Puhdas+","_yoast_wpseo_metadesc":"Puhdas+ Magtein\u00ae \u2013 magnio L-treonatas kapsul\u0117se (Magtein\u00ae). Moderni ir kokybi\u0161ka magnio forma kasdieniam vartojimui, 150 kapsuli\u0173.","_yoast_wpseo_focuskw":"magnio L-treonatas","_links":{"self":[{"href":"https:\/\/puhdasplus.ee\/lt\/wp-json\/wp\/v2\/product\/360257","targetHints":{"allow":["GET"]}}],"collection":[{"href":"https:\/\/puhdasplus.ee\/lt\/wp-json\/wp\/v2\/product"}],"about":[{"href":"https:\/\/puhdasplus.ee\/lt\/wp-json\/wp\/v2\/types\/product"}],"replies":[{"embeddable":true,"href":"https:\/\/puhdasplus.ee\/lt\/wp-json\/wp\/v2\/comments?post=360257"}],"wp:featuredmedia":[{"embeddable":true,"href":"https:\/\/puhdasplus.ee\/lt\/wp-json\/wp\/v2\/media\/360943"}],"wp:attachment":[{"href":"https:\/\/puhdasplus.ee\/lt\/wp-json\/wp\/v2\/media?parent=360257"}],"wp:term":[{"taxonomy":"product_brand","embeddable":true,"href":"https:\/\/puhdasplus.ee\/lt\/wp-json\/wp\/v2\/product_brand?post=360257"},{"taxonomy":"product_cat","embeddable":true,"href":"https:\/\/puhdasplus.ee\/lt\/wp-json\/wp\/v2\/product_cat?post=360257"},{"taxonomy":"product_tag","embeddable":true,"href":"https:\/\/puhdasplus.ee\/lt\/wp-json\/wp\/v2\/product_tag?post=360257"}],"curies":[{"name":"wp","href":"https:\/\/api.w.org\/{rel}","templated":true}]}}