{"id":360247,"date":"2026-03-30T21:53:02","date_gmt":"2026-03-30T18:53:02","guid":{"rendered":"https:\/\/puhdasplus.ee\/tooted\/maaratlemata\/pusu-derva-kremas-10-50-ml\/"},"modified":"2026-04-07T09:54:05","modified_gmt":"2026-04-07T06:54:05","slug":"pusu-derva-kremas-10-50-ml","status":"publish","type":"product","link":"https:\/\/puhdasplus.ee\/lt\/produktai\/kosmetika-lt\/pusu-derva-kremas-10-50-ml\/","title":{"rendered":"Pu\u0161\u0173 derva kremas 10% 50 ml"},"content":{"rendered":"<p>Pu\u0161\u0173 derva buvo i\u0161rinkta 2023 met\u0173 vaista\u017eole. Pu\u0161\u0173 dervos kremas suteikia nat\u016bral\u0173 pagalb\u0105 odos prie\u017ei\u016brai.<\/p>\n<p><strong>Puhdas+ pu\u0161\u0173 dervos kreme yra 10% pu\u0161\u0173 dervos.<\/strong> Pu\u0161\u0173 dervos kremas yra universalus odos prie\u017ei\u016bros priemon\u0117 \u012fvairi\u0173 odos problem\u0173 prie\u017ei\u016brai.<\/p>\n<p>Naudokite pu\u0161\u0173 dervos krem\u0105:<\/p>\n<ul>\n<li>Ma\u017e\u0173 \u012fbr\u0117\u017eim\u0173 ir \u017eaizd\u0173 prie\u017ei\u016brai<\/li>\n<li>Saus\u0173 odos sri\u010di\u0173 dr\u0117kinimui ir mink\u0161tinimui<\/li>\n<li>Sukiet\u0117jusi\u0173 viet\u0173 \u0161velniam mink\u0161tinimui<\/li>\n<li>Vabzd\u017ei\u0173 \u012fkandimams<\/li>\n<li>B\u0117rimui greitai gydyti<\/li>\n<li>Ma\u017e\u0173 odos pa\u017eeidim\u0173 prie\u017ei\u016brai<\/li>\n<\/ul>\n<p>Puhdas+ pu\u0161\u0173 dervos kremas pagamintas Suomijoje.<\/p>\n<h2>Sud\u0117tis (INCI)<\/h2>\n<p>Ricinus Communis Seed Oil, Cera Alba, Pinus Sylvestris Resin, Cocos Nucifera Oil, Lanolin, Tocopheryl Acetate.<\/p>\n<h2>\u012esp\u0117jimai<\/h2>\n<p>Tik i\u0161oriniam vartojimui. Saugoti nuo aki\u0173 kontakto. Laikyti vaikams nepasiekiamoje vietoje.<\/p>\n","protected":false},"excerpt":{"rendered":"<p><b>Puhdas+ pu\u0161\u0173 dervos kremas 10% 50 ml<\/b> \u2013 tradicinis suomi\u0173 pu\u0161\u0173 dervos kremas su 10% nat\u016bralios med\u017ei\u0173 dervos. Padeda nuraminti sudirgusi\u0105 od\u0105 ir palaiko odos atsistatym\u0105.<\/p>\n","protected":false},"featured_media":360813,"comment_status":"open","ping_status":"closed","template":"","meta":{"_acf_changed":false,"googlesitekit_rrm_CAow3eq7DA:productID":""},"product_brand":[],"product_cat":[2582,3282],"product_tag":[7869,8378,2886,3285,8489,8374],"class_list":{"0":"post-360247","1":"product","2":"type-product","3":"status-publish","4":"has-post-thumbnail","6":"product_cat-kosmetika-lt","7":"product_cat-oda-plaukai-nagai","8":"product_tag-naturali-kosmetika","9":"product_tag-natralus-lt","10":"product_tag-odos-prieziura","11":"product_tag-odos-sveikata","12":"product_tag-saku-kremas","13":"product_tag-suomijos-kokyb-lt","15":"first","16":"onbackorder","17":"taxable","18":"shipping-taxable","19":"purchasable","20":"product-type-simple"},"acf":[],"yoast_head":"<!-- This site is optimized with the Yoast SEO plugin v27.3 - https:\/\/yoast.com\/product\/yoast-seo-wordpress\/ -->\n<title>Pu\u0161\u0173 dervos kremas 10% 50 ml | Puhdas+<\/title>\n<meta name=\"description\" content=\"Puhdas+ pu\u0161\u0173 dervos kremas 10% \u2013 nat\u016bralus suomi\u0173 pu\u0161\u0173 dervos kremas odos prie\u017ei\u016brai. \u012ebr\u0117\u017eimai, sausa oda, vabzd\u017ei\u0173 \u012fkandimai. 50 ml.\" \/>\n<meta name=\"robots\" content=\"index, follow, max-snippet:-1, max-image-preview:large, max-video-preview:-1\" \/>\n<link rel=\"canonical\" href=\"https:\/\/puhdasplus.ee\/lt\/produktai\/kosmetika-lt\/pusu-derva-kremas-10-50-ml\/\" \/>\n<meta property=\"og:locale\" content=\"lt_LT\" \/>\n<meta property=\"og:type\" content=\"article\" \/>\n<meta property=\"og:title\" content=\"Pu\u0161\u0173 dervos kremas 10% 50 ml | Puhdas+\" \/>\n<meta property=\"og:description\" content=\"Puhdas+ pu\u0161\u0173 dervos kremas 10% \u2013 nat\u016bralus suomi\u0173 pu\u0161\u0173 dervos kremas odos prie\u017ei\u016brai. \u012ebr\u0117\u017eimai, sausa oda, vabzd\u017ei\u0173 \u012fkandimai. 50 ml.\" \/>\n<meta property=\"og:url\" content=\"https:\/\/puhdasplus.ee\/lt\/produktai\/kosmetika-lt\/pusu-derva-kremas-10-50-ml\/\" \/>\n<meta property=\"og:site_name\" content=\"Puhdas+\" \/>\n<meta property=\"article:publisher\" content=\"https:\/\/www.facebook.com\/puhdasplus\" \/>\n<meta property=\"article:modified_time\" content=\"2026-04-07T06:54:05+00:00\" \/>\n<meta property=\"og:image\" content=\"https:\/\/puhdasplus.ee\/wp-content\/uploads\/2026\/03\/359843_0-1.png\" \/>\n\t<meta property=\"og:image:width\" content=\"931\" \/>\n\t<meta property=\"og:image:height\" content=\"1280\" \/>\n\t<meta property=\"og:image:type\" content=\"image\/png\" \/>\n<meta name=\"twitter:card\" content=\"summary_large_image\" \/>\n<meta name=\"twitter:label1\" content=\"Est. reading time\" \/>\n\t<meta name=\"twitter:data1\" content=\"1 minut\u0117\" \/>\n<script type=\"application\/ld+json\" class=\"yoast-schema-graph\">{\"@context\":\"https:\\\/\\\/schema.org\",\"@graph\":[{\"@type\":\"WebPage\",\"@id\":\"https:\\\/\\\/puhdasplus.ee\\\/lt\\\/produktai\\\/kosmetika-lt\\\/pusu-derva-kremas-10-50-ml\\\/\",\"url\":\"https:\\\/\\\/puhdasplus.ee\\\/lt\\\/produktai\\\/kosmetika-lt\\\/pusu-derva-kremas-10-50-ml\\\/\",\"name\":\"Pu\u0161\u0173 dervos kremas 10% 50 ml | Puhdas+\",\"isPartOf\":{\"@id\":\"https:\\\/\\\/puhdasplus.ee\\\/lt\\\/#website\"},\"primaryImageOfPage\":{\"@id\":\"https:\\\/\\\/puhdasplus.ee\\\/lt\\\/produktai\\\/kosmetika-lt\\\/pusu-derva-kremas-10-50-ml\\\/#primaryimage\"},\"image\":{\"@id\":\"https:\\\/\\\/puhdasplus.ee\\\/lt\\\/produktai\\\/kosmetika-lt\\\/pusu-derva-kremas-10-50-ml\\\/#primaryimage\"},\"thumbnailUrl\":\"https:\\\/\\\/puhdasplus.ee\\\/wp-content\\\/uploads\\\/2026\\\/03\\\/359843_0-1.png\",\"datePublished\":\"2026-03-30T18:53:02+00:00\",\"dateModified\":\"2026-04-07T06:54:05+00:00\",\"description\":\"Puhdas+ pu\u0161\u0173 dervos kremas 10% \u2013 nat\u016bralus suomi\u0173 pu\u0161\u0173 dervos kremas odos prie\u017ei\u016brai. \u012ebr\u0117\u017eimai, sausa oda, vabzd\u017ei\u0173 \u012fkandimai. 50 ml.\",\"breadcrumb\":{\"@id\":\"https:\\\/\\\/puhdasplus.ee\\\/lt\\\/produktai\\\/kosmetika-lt\\\/pusu-derva-kremas-10-50-ml\\\/#breadcrumb\"},\"inLanguage\":\"lt-LT\",\"potentialAction\":[{\"@type\":\"ReadAction\",\"target\":[\"https:\\\/\\\/puhdasplus.ee\\\/lt\\\/produktai\\\/kosmetika-lt\\\/pusu-derva-kremas-10-50-ml\\\/\"]}]},{\"@type\":\"ImageObject\",\"inLanguage\":\"lt-LT\",\"@id\":\"https:\\\/\\\/puhdasplus.ee\\\/lt\\\/produktai\\\/kosmetika-lt\\\/pusu-derva-kremas-10-50-ml\\\/#primaryimage\",\"url\":\"https:\\\/\\\/puhdasplus.ee\\\/wp-content\\\/uploads\\\/2026\\\/03\\\/359843_0-1.png\",\"contentUrl\":\"https:\\\/\\\/puhdasplus.ee\\\/wp-content\\\/uploads\\\/2026\\\/03\\\/359843_0-1.png\",\"width\":931,\"height\":1280,\"caption\":\"Vaigukreem 10% 50 ml | Puhdas+\"},{\"@type\":\"BreadcrumbList\",\"@id\":\"https:\\\/\\\/puhdasplus.ee\\\/lt\\\/produktai\\\/kosmetika-lt\\\/pusu-derva-kremas-10-50-ml\\\/#breadcrumb\",\"itemListElement\":[{\"@type\":\"ListItem\",\"position\":1,\"name\":\"Prad\u017eia\",\"item\":\"https:\\\/\\\/puhdasplus.ee\\\/lt\\\/\"},{\"@type\":\"ListItem\",\"position\":2,\"name\":\"Produktai\",\"item\":\"https:\\\/\\\/puhdasplus.ee\\\/lt\\\/parduotuve\\\/\"},{\"@type\":\"ListItem\",\"position\":3,\"name\":\"Pu\u0161\u0173 derva kremas 10% 50 ml\"}]},{\"@type\":\"WebSite\",\"@id\":\"https:\\\/\\\/puhdasplus.ee\\\/lt\\\/#website\",\"url\":\"https:\\\/\\\/puhdasplus.ee\\\/lt\\\/\",\"name\":\"Puhdas+\",\"description\":\"Vitaminai, maisto papildai, nat\u016brali kosmetika, sveikata, sportas\",\"publisher\":{\"@id\":\"https:\\\/\\\/puhdasplus.ee\\\/lt\\\/#organization\"},\"potentialAction\":[{\"@type\":\"SearchAction\",\"target\":{\"@type\":\"EntryPoint\",\"urlTemplate\":\"https:\\\/\\\/puhdasplus.ee\\\/lt\\\/?s={search_term_string}\"},\"query-input\":{\"@type\":\"PropertyValueSpecification\",\"valueRequired\":true,\"valueName\":\"search_term_string\"}}],\"inLanguage\":\"lt-LT\"},{\"@type\":\"Organization\",\"@id\":\"https:\\\/\\\/puhdasplus.ee\\\/lt\\\/#organization\",\"name\":\"Puhdas+\",\"alternateName\":\"Puhdasplus\",\"url\":\"https:\\\/\\\/puhdasplus.ee\\\/lt\\\/\",\"logo\":{\"@type\":\"ImageObject\",\"inLanguage\":\"lt-LT\",\"@id\":\"https:\\\/\\\/puhdasplus.ee\\\/lt\\\/#\\\/schema\\\/logo\\\/image\\\/\",\"url\":\"https:\\\/\\\/puhdasplus.ee\\\/wp-content\\\/uploads\\\/2019\\\/10\\\/puhdas_logo-arvele.png\",\"contentUrl\":\"https:\\\/\\\/puhdasplus.ee\\\/wp-content\\\/uploads\\\/2019\\\/10\\\/puhdas_logo-arvele.png\",\"width\":114,\"height\":94,\"caption\":\"Puhdas+\"},\"image\":{\"@id\":\"https:\\\/\\\/puhdasplus.ee\\\/lt\\\/#\\\/schema\\\/logo\\\/image\\\/\"},\"sameAs\":[\"https:\\\/\\\/www.facebook.com\\\/puhdasplus\",\"https:\\\/\\\/www.instagram.com\\\/puhdasplus_ee\\\/\"]}]}<\/script>\n<!-- \/ Yoast SEO plugin. -->","yoast_head_json":{"title":"Pu\u0161\u0173 dervos kremas 10% 50 ml | Puhdas+","description":"Puhdas+ pu\u0161\u0173 dervos kremas 10% \u2013 nat\u016bralus suomi\u0173 pu\u0161\u0173 dervos kremas odos prie\u017ei\u016brai. \u012ebr\u0117\u017eimai, sausa oda, vabzd\u017ei\u0173 \u012fkandimai. 50 ml.","robots":{"index":"index","follow":"follow","max-snippet":"max-snippet:-1","max-image-preview":"max-image-preview:large","max-video-preview":"max-video-preview:-1"},"canonical":"https:\/\/puhdasplus.ee\/lt\/produktai\/kosmetika-lt\/pusu-derva-kremas-10-50-ml\/","og_locale":"lt_LT","og_type":"article","og_title":"Pu\u0161\u0173 dervos kremas 10% 50 ml | Puhdas+","og_description":"Puhdas+ pu\u0161\u0173 dervos kremas 10% \u2013 nat\u016bralus suomi\u0173 pu\u0161\u0173 dervos kremas odos prie\u017ei\u016brai. \u012ebr\u0117\u017eimai, sausa oda, vabzd\u017ei\u0173 \u012fkandimai. 50 ml.","og_url":"https:\/\/puhdasplus.ee\/lt\/produktai\/kosmetika-lt\/pusu-derva-kremas-10-50-ml\/","og_site_name":"Puhdas+","article_publisher":"https:\/\/www.facebook.com\/puhdasplus","article_modified_time":"2026-04-07T06:54:05+00:00","og_image":[{"width":931,"height":1280,"url":"https:\/\/puhdasplus.ee\/wp-content\/uploads\/2026\/03\/359843_0-1.png","type":"image\/png"}],"twitter_card":"summary_large_image","twitter_misc":{"Est. reading time":"1 minut\u0117"},"schema":{"@context":"https:\/\/schema.org","@graph":[{"@type":"WebPage","@id":"https:\/\/puhdasplus.ee\/lt\/produktai\/kosmetika-lt\/pusu-derva-kremas-10-50-ml\/","url":"https:\/\/puhdasplus.ee\/lt\/produktai\/kosmetika-lt\/pusu-derva-kremas-10-50-ml\/","name":"Pu\u0161\u0173 dervos kremas 10% 50 ml | Puhdas+","isPartOf":{"@id":"https:\/\/puhdasplus.ee\/lt\/#website"},"primaryImageOfPage":{"@id":"https:\/\/puhdasplus.ee\/lt\/produktai\/kosmetika-lt\/pusu-derva-kremas-10-50-ml\/#primaryimage"},"image":{"@id":"https:\/\/puhdasplus.ee\/lt\/produktai\/kosmetika-lt\/pusu-derva-kremas-10-50-ml\/#primaryimage"},"thumbnailUrl":"https:\/\/puhdasplus.ee\/wp-content\/uploads\/2026\/03\/359843_0-1.png","datePublished":"2026-03-30T18:53:02+00:00","dateModified":"2026-04-07T06:54:05+00:00","description":"Puhdas+ pu\u0161\u0173 dervos kremas 10% \u2013 nat\u016bralus suomi\u0173 pu\u0161\u0173 dervos kremas odos prie\u017ei\u016brai. \u012ebr\u0117\u017eimai, sausa oda, vabzd\u017ei\u0173 \u012fkandimai. 50 ml.","breadcrumb":{"@id":"https:\/\/puhdasplus.ee\/lt\/produktai\/kosmetika-lt\/pusu-derva-kremas-10-50-ml\/#breadcrumb"},"inLanguage":"lt-LT","potentialAction":[{"@type":"ReadAction","target":["https:\/\/puhdasplus.ee\/lt\/produktai\/kosmetika-lt\/pusu-derva-kremas-10-50-ml\/"]}]},{"@type":"ImageObject","inLanguage":"lt-LT","@id":"https:\/\/puhdasplus.ee\/lt\/produktai\/kosmetika-lt\/pusu-derva-kremas-10-50-ml\/#primaryimage","url":"https:\/\/puhdasplus.ee\/wp-content\/uploads\/2026\/03\/359843_0-1.png","contentUrl":"https:\/\/puhdasplus.ee\/wp-content\/uploads\/2026\/03\/359843_0-1.png","width":931,"height":1280,"caption":"Vaigukreem 10% 50 ml | Puhdas+"},{"@type":"BreadcrumbList","@id":"https:\/\/puhdasplus.ee\/lt\/produktai\/kosmetika-lt\/pusu-derva-kremas-10-50-ml\/#breadcrumb","itemListElement":[{"@type":"ListItem","position":1,"name":"Prad\u017eia","item":"https:\/\/puhdasplus.ee\/lt\/"},{"@type":"ListItem","position":2,"name":"Produktai","item":"https:\/\/puhdasplus.ee\/lt\/parduotuve\/"},{"@type":"ListItem","position":3,"name":"Pu\u0161\u0173 derva kremas 10% 50 ml"}]},{"@type":"WebSite","@id":"https:\/\/puhdasplus.ee\/lt\/#website","url":"https:\/\/puhdasplus.ee\/lt\/","name":"Puhdas+","description":"Vitaminai, maisto papildai, nat\u016brali kosmetika, sveikata, sportas","publisher":{"@id":"https:\/\/puhdasplus.ee\/lt\/#organization"},"potentialAction":[{"@type":"SearchAction","target":{"@type":"EntryPoint","urlTemplate":"https:\/\/puhdasplus.ee\/lt\/?s={search_term_string}"},"query-input":{"@type":"PropertyValueSpecification","valueRequired":true,"valueName":"search_term_string"}}],"inLanguage":"lt-LT"},{"@type":"Organization","@id":"https:\/\/puhdasplus.ee\/lt\/#organization","name":"Puhdas+","alternateName":"Puhdasplus","url":"https:\/\/puhdasplus.ee\/lt\/","logo":{"@type":"ImageObject","inLanguage":"lt-LT","@id":"https:\/\/puhdasplus.ee\/lt\/#\/schema\/logo\/image\/","url":"https:\/\/puhdasplus.ee\/wp-content\/uploads\/2019\/10\/puhdas_logo-arvele.png","contentUrl":"https:\/\/puhdasplus.ee\/wp-content\/uploads\/2019\/10\/puhdas_logo-arvele.png","width":114,"height":94,"caption":"Puhdas+"},"image":{"@id":"https:\/\/puhdasplus.ee\/lt\/#\/schema\/logo\/image\/"},"sameAs":["https:\/\/www.facebook.com\/puhdasplus","https:\/\/www.instagram.com\/puhdasplus_ee\/"]}]}},"_yoast_wpseo_title":"Pu\u0161\u0173 dervos kremas 10% 50 ml | Puhdas+","_yoast_wpseo_metadesc":"Puhdas+ pu\u0161\u0173 dervos kremas 10% \u2013 nat\u016bralus suomi\u0173 pu\u0161\u0173 dervos kremas odos prie\u017ei\u016brai. \u012ebr\u0117\u017eimai, sausa oda, vabzd\u017ei\u0173 \u012fkandimai. 50 ml.","_yoast_wpseo_focuskw":"pu\u0161\u0173 dervos kremas","_links":{"self":[{"href":"https:\/\/puhdasplus.ee\/lt\/wp-json\/wp\/v2\/product\/360247","targetHints":{"allow":["GET"]}}],"collection":[{"href":"https:\/\/puhdasplus.ee\/lt\/wp-json\/wp\/v2\/product"}],"about":[{"href":"https:\/\/puhdasplus.ee\/lt\/wp-json\/wp\/v2\/types\/product"}],"replies":[{"embeddable":true,"href":"https:\/\/puhdasplus.ee\/lt\/wp-json\/wp\/v2\/comments?post=360247"}],"wp:featuredmedia":[{"embeddable":true,"href":"https:\/\/puhdasplus.ee\/lt\/wp-json\/wp\/v2\/media\/360813"}],"wp:attachment":[{"href":"https:\/\/puhdasplus.ee\/lt\/wp-json\/wp\/v2\/media?parent=360247"}],"wp:term":[{"taxonomy":"product_brand","embeddable":true,"href":"https:\/\/puhdasplus.ee\/lt\/wp-json\/wp\/v2\/product_brand?post=360247"},{"taxonomy":"product_cat","embeddable":true,"href":"https:\/\/puhdasplus.ee\/lt\/wp-json\/wp\/v2\/product_cat?post=360247"},{"taxonomy":"product_tag","embeddable":true,"href":"https:\/\/puhdasplus.ee\/lt\/wp-json\/wp\/v2\/product_tag?post=360247"}],"curies":[{"name":"wp","href":"https:\/\/api.w.org\/{rel}","templated":true}]}}