{"id":360227,"date":"2026-03-30T21:49:48","date_gmt":"2026-03-30T18:49:48","guid":{"rendered":"https:\/\/puhdasplus.ee\/tooted\/maaratlemata\/optimsm-250-g-2\/"},"modified":"2026-04-07T09:49:55","modified_gmt":"2026-04-07T06:49:55","slug":"optimsm-250-g-2","status":"publish","type":"product","link":"https:\/\/puhdasplus.ee\/lt\/produktai\/oda-plaukai-nagai\/optimsm-250-g-2\/","title":{"rendered":"OptiMSM 250 g"},"content":{"rendered":"<p>MSM arba metilsulfonilmetanas yra nat\u016bralus sieros junginys, randamas augal\u0173 ir gyv\u016bn\u0173 karalyst\u0117se bei \u017emogaus organizme. Puhdas+ OptiMSM sud\u0117tyje yra auk\u0161tos kokyb\u0117s JAV Bergstrom Nutrition MSM, kuris laikomas pa\u010diu veiksmingiausiu ir kokybi\u0161kiausiu pasaulyje. Grynas ir milteli\u0173 pavidalo produktas kasdieniam vartojimui.<\/p>\n<p>&nbsp;<\/p>\n<h2><strong>Vartojimo instrukcija<\/strong><\/h2>\n<p class=\"p1\">Prad\u0117kite MSM milteli\u0173 vartojim\u0105 ma\u017eu kiekiu \u2013 \u00bd arbatinio \u0161auk\u0161telio per dien\u0105 ir palaipsniui didinkite kiek\u012f iki 1 valgio \u0161auk\u0161to per dien\u0105. Rekomenduojama paros doz\u0117 1 valgio \u0161auk\u0161tas (10 g) sud\u0117tyje turi 10 000 mg MSM. Negalima vir\u0161yti rekomenduojamos paros doz\u0117s.<\/p>\n<p>&nbsp;<\/p>\n<h2><strong>Sud\u0117tis<\/strong><\/h2>\n<p>100% metilsulfonilmetanas (OptiMSM\u00ae).<\/p>\n<p>Neturi pieno, laktoz\u0117s, mieli\u0173 ar glitimo. Neturi cukraus, druskos ar saldikli\u0173. Tinka veganams.<\/p>\n<p>&nbsp;<\/p>\n<h2><strong>Maistini\u0173 med\u017eiag\u0173 kiekis<\/strong><\/h2>\n<p>1 v. \u0161. (10 g) sud\u0117tyje yra MSM 10 000 mg.<\/p>\n<p>&nbsp;<\/p>\n<h2><strong>\u012esp\u0117jimai<\/strong><\/h2>\n<p>Laikyti vaikams nepasiekiamoje vietoje. Maisto papildas nepakei\u010dia \u012fvairaus ir subalansuoto maitinimosi bei sveikos gyvensenos. Nevir\u0161ykite rekomenduojamos paros doz\u0117s.<\/p>\n","protected":false},"excerpt":{"rendered":"<p class=\"p1\"><b>Puhdas+ OptiMSM <\/b>250 g yra auk\u0161tos kokyb\u0117s MSM milteliai kasdieniam vartojimui. Sud\u0117tyje yra patentuotas <strong>Bergstrom Nutrition OptiMSM\u00ae<\/strong>, kuris \u017einomas d\u0117l savo grynumo ir kokyb\u0117s.<\/p>\n","protected":false},"featured_media":360837,"comment_status":"open","ping_status":"closed","template":"","meta":{"_acf_changed":false,"googlesitekit_rrm_CAow3eq7DA:productID":""},"product_brand":[],"product_cat":[3282,3461],"product_tag":[8346,3131,8485,3285,3144,8374],"class_list":{"0":"post-360227","1":"product","2":"type-product","3":"status-publish","4":"has-post-thumbnail","6":"product_cat-oda-plaukai-nagai","7":"product_cat-sanariai-raumenys-ir-kaulai","8":"product_tag-be-gliuteno-lt","9":"product_tag-maisto-papildas","10":"product_tag-msm-lt","11":"product_tag-odos-sveikata","12":"product_tag-raumenys-ir-sanariai","13":"product_tag-suomijos-kokyb-lt","15":"first","16":"onbackorder","17":"taxable","18":"shipping-taxable","19":"purchasable","20":"product-type-simple"},"acf":[],"yoast_head":"<!-- This site is optimized with the Yoast SEO plugin v27.3 - https:\/\/yoast.com\/product\/yoast-seo-wordpress\/ -->\n<title>OptiMSM 250 g \u2013 MSM milteliai | Puhdas+<\/title>\n<meta name=\"description\" content=\"Puhdas+ OptiMSM 250 g \u2013 patentuoti MSM milteliai i\u0161 Bergstrom Nutrition. Gryna ir kokybi\u0161ka sud\u0117tis kasdieniam vartojimui.\" \/>\n<meta name=\"robots\" content=\"index, follow, max-snippet:-1, max-image-preview:large, max-video-preview:-1\" \/>\n<link rel=\"canonical\" href=\"https:\/\/puhdasplus.ee\/lt\/produktai\/oda-plaukai-nagai\/optimsm-250-g-2\/\" \/>\n<meta property=\"og:locale\" content=\"lt_LT\" \/>\n<meta property=\"og:type\" content=\"article\" \/>\n<meta property=\"og:title\" content=\"OptiMSM 250 g \u2013 MSM milteliai | Puhdas+\" \/>\n<meta property=\"og:description\" content=\"Puhdas+ OptiMSM 250 g \u2013 patentuoti MSM milteliai i\u0161 Bergstrom Nutrition. Gryna ir kokybi\u0161ka sud\u0117tis kasdieniam vartojimui.\" \/>\n<meta property=\"og:url\" content=\"https:\/\/puhdasplus.ee\/lt\/produktai\/oda-plaukai-nagai\/optimsm-250-g-2\/\" \/>\n<meta property=\"og:site_name\" content=\"Puhdas+\" \/>\n<meta property=\"article:publisher\" content=\"https:\/\/www.facebook.com\/puhdasplus\" \/>\n<meta property=\"article:modified_time\" content=\"2026-04-07T06:49:55+00:00\" \/>\n<meta property=\"og:image\" content=\"https:\/\/puhdasplus.ee\/wp-content\/uploads\/2026\/03\/tooted-ilma-taustata-3-copy-5.jpg\" \/>\n\t<meta property=\"og:image:width\" content=\"1280\" \/>\n\t<meta property=\"og:image:height\" content=\"1760\" \/>\n\t<meta property=\"og:image:type\" content=\"image\/jpeg\" \/>\n<meta name=\"twitter:card\" content=\"summary_large_image\" \/>\n<meta name=\"twitter:label1\" content=\"Est. reading time\" \/>\n\t<meta name=\"twitter:data1\" content=\"1 minut\u0117\" \/>\n<script type=\"application\/ld+json\" class=\"yoast-schema-graph\">{\"@context\":\"https:\\\/\\\/schema.org\",\"@graph\":[{\"@type\":\"WebPage\",\"@id\":\"https:\\\/\\\/puhdasplus.ee\\\/lt\\\/produktai\\\/oda-plaukai-nagai\\\/optimsm-250-g-2\\\/\",\"url\":\"https:\\\/\\\/puhdasplus.ee\\\/lt\\\/produktai\\\/oda-plaukai-nagai\\\/optimsm-250-g-2\\\/\",\"name\":\"OptiMSM 250 g \u2013 MSM milteliai | Puhdas+\",\"isPartOf\":{\"@id\":\"https:\\\/\\\/puhdasplus.ee\\\/lt\\\/#website\"},\"primaryImageOfPage\":{\"@id\":\"https:\\\/\\\/puhdasplus.ee\\\/lt\\\/produktai\\\/oda-plaukai-nagai\\\/optimsm-250-g-2\\\/#primaryimage\"},\"image\":{\"@id\":\"https:\\\/\\\/puhdasplus.ee\\\/lt\\\/produktai\\\/oda-plaukai-nagai\\\/optimsm-250-g-2\\\/#primaryimage\"},\"thumbnailUrl\":\"https:\\\/\\\/puhdasplus.ee\\\/wp-content\\\/uploads\\\/2026\\\/03\\\/tooted-ilma-taustata-3-copy-5.jpg\",\"datePublished\":\"2026-03-30T18:49:48+00:00\",\"dateModified\":\"2026-04-07T06:49:55+00:00\",\"description\":\"Puhdas+ OptiMSM 250 g \u2013 patentuoti MSM milteliai i\u0161 Bergstrom Nutrition. Gryna ir kokybi\u0161ka sud\u0117tis kasdieniam vartojimui.\",\"breadcrumb\":{\"@id\":\"https:\\\/\\\/puhdasplus.ee\\\/lt\\\/produktai\\\/oda-plaukai-nagai\\\/optimsm-250-g-2\\\/#breadcrumb\"},\"inLanguage\":\"lt-LT\",\"potentialAction\":[{\"@type\":\"ReadAction\",\"target\":[\"https:\\\/\\\/puhdasplus.ee\\\/lt\\\/produktai\\\/oda-plaukai-nagai\\\/optimsm-250-g-2\\\/\"]}]},{\"@type\":\"ImageObject\",\"inLanguage\":\"lt-LT\",\"@id\":\"https:\\\/\\\/puhdasplus.ee\\\/lt\\\/produktai\\\/oda-plaukai-nagai\\\/optimsm-250-g-2\\\/#primaryimage\",\"url\":\"https:\\\/\\\/puhdasplus.ee\\\/wp-content\\\/uploads\\\/2026\\\/03\\\/tooted-ilma-taustata-3-copy-5.jpg\",\"contentUrl\":\"https:\\\/\\\/puhdasplus.ee\\\/wp-content\\\/uploads\\\/2026\\\/03\\\/tooted-ilma-taustata-3-copy-5.jpg\",\"width\":1280,\"height\":1760,\"caption\":\"OptiMSM 250 g\"},{\"@type\":\"BreadcrumbList\",\"@id\":\"https:\\\/\\\/puhdasplus.ee\\\/lt\\\/produktai\\\/oda-plaukai-nagai\\\/optimsm-250-g-2\\\/#breadcrumb\",\"itemListElement\":[{\"@type\":\"ListItem\",\"position\":1,\"name\":\"Prad\u017eia\",\"item\":\"https:\\\/\\\/puhdasplus.ee\\\/lt\\\/\"},{\"@type\":\"ListItem\",\"position\":2,\"name\":\"Produktai\",\"item\":\"https:\\\/\\\/puhdasplus.ee\\\/lt\\\/parduotuve\\\/\"},{\"@type\":\"ListItem\",\"position\":3,\"name\":\"OptiMSM 250 g\"}]},{\"@type\":\"WebSite\",\"@id\":\"https:\\\/\\\/puhdasplus.ee\\\/lt\\\/#website\",\"url\":\"https:\\\/\\\/puhdasplus.ee\\\/lt\\\/\",\"name\":\"Puhdas+\",\"description\":\"Vitaminai, maisto papildai, nat\u016brali kosmetika, sveikata, sportas\",\"publisher\":{\"@id\":\"https:\\\/\\\/puhdasplus.ee\\\/lt\\\/#organization\"},\"potentialAction\":[{\"@type\":\"SearchAction\",\"target\":{\"@type\":\"EntryPoint\",\"urlTemplate\":\"https:\\\/\\\/puhdasplus.ee\\\/lt\\\/?s={search_term_string}\"},\"query-input\":{\"@type\":\"PropertyValueSpecification\",\"valueRequired\":true,\"valueName\":\"search_term_string\"}}],\"inLanguage\":\"lt-LT\"},{\"@type\":\"Organization\",\"@id\":\"https:\\\/\\\/puhdasplus.ee\\\/lt\\\/#organization\",\"name\":\"Puhdas+\",\"alternateName\":\"Puhdasplus\",\"url\":\"https:\\\/\\\/puhdasplus.ee\\\/lt\\\/\",\"logo\":{\"@type\":\"ImageObject\",\"inLanguage\":\"lt-LT\",\"@id\":\"https:\\\/\\\/puhdasplus.ee\\\/lt\\\/#\\\/schema\\\/logo\\\/image\\\/\",\"url\":\"https:\\\/\\\/puhdasplus.ee\\\/wp-content\\\/uploads\\\/2019\\\/10\\\/puhdas_logo-arvele.png\",\"contentUrl\":\"https:\\\/\\\/puhdasplus.ee\\\/wp-content\\\/uploads\\\/2019\\\/10\\\/puhdas_logo-arvele.png\",\"width\":114,\"height\":94,\"caption\":\"Puhdas+\"},\"image\":{\"@id\":\"https:\\\/\\\/puhdasplus.ee\\\/lt\\\/#\\\/schema\\\/logo\\\/image\\\/\"},\"sameAs\":[\"https:\\\/\\\/www.facebook.com\\\/puhdasplus\",\"https:\\\/\\\/www.instagram.com\\\/puhdasplus_ee\\\/\"]}]}<\/script>\n<!-- \/ Yoast SEO plugin. -->","yoast_head_json":{"title":"OptiMSM 250 g \u2013 MSM milteliai | Puhdas+","description":"Puhdas+ OptiMSM 250 g \u2013 patentuoti MSM milteliai i\u0161 Bergstrom Nutrition. Gryna ir kokybi\u0161ka sud\u0117tis kasdieniam vartojimui.","robots":{"index":"index","follow":"follow","max-snippet":"max-snippet:-1","max-image-preview":"max-image-preview:large","max-video-preview":"max-video-preview:-1"},"canonical":"https:\/\/puhdasplus.ee\/lt\/produktai\/oda-plaukai-nagai\/optimsm-250-g-2\/","og_locale":"lt_LT","og_type":"article","og_title":"OptiMSM 250 g \u2013 MSM milteliai | Puhdas+","og_description":"Puhdas+ OptiMSM 250 g \u2013 patentuoti MSM milteliai i\u0161 Bergstrom Nutrition. Gryna ir kokybi\u0161ka sud\u0117tis kasdieniam vartojimui.","og_url":"https:\/\/puhdasplus.ee\/lt\/produktai\/oda-plaukai-nagai\/optimsm-250-g-2\/","og_site_name":"Puhdas+","article_publisher":"https:\/\/www.facebook.com\/puhdasplus","article_modified_time":"2026-04-07T06:49:55+00:00","og_image":[{"width":1280,"height":1760,"url":"https:\/\/puhdasplus.ee\/wp-content\/uploads\/2026\/03\/tooted-ilma-taustata-3-copy-5.jpg","type":"image\/jpeg"}],"twitter_card":"summary_large_image","twitter_misc":{"Est. reading time":"1 minut\u0117"},"schema":{"@context":"https:\/\/schema.org","@graph":[{"@type":"WebPage","@id":"https:\/\/puhdasplus.ee\/lt\/produktai\/oda-plaukai-nagai\/optimsm-250-g-2\/","url":"https:\/\/puhdasplus.ee\/lt\/produktai\/oda-plaukai-nagai\/optimsm-250-g-2\/","name":"OptiMSM 250 g \u2013 MSM milteliai | Puhdas+","isPartOf":{"@id":"https:\/\/puhdasplus.ee\/lt\/#website"},"primaryImageOfPage":{"@id":"https:\/\/puhdasplus.ee\/lt\/produktai\/oda-plaukai-nagai\/optimsm-250-g-2\/#primaryimage"},"image":{"@id":"https:\/\/puhdasplus.ee\/lt\/produktai\/oda-plaukai-nagai\/optimsm-250-g-2\/#primaryimage"},"thumbnailUrl":"https:\/\/puhdasplus.ee\/wp-content\/uploads\/2026\/03\/tooted-ilma-taustata-3-copy-5.jpg","datePublished":"2026-03-30T18:49:48+00:00","dateModified":"2026-04-07T06:49:55+00:00","description":"Puhdas+ OptiMSM 250 g \u2013 patentuoti MSM milteliai i\u0161 Bergstrom Nutrition. Gryna ir kokybi\u0161ka sud\u0117tis kasdieniam vartojimui.","breadcrumb":{"@id":"https:\/\/puhdasplus.ee\/lt\/produktai\/oda-plaukai-nagai\/optimsm-250-g-2\/#breadcrumb"},"inLanguage":"lt-LT","potentialAction":[{"@type":"ReadAction","target":["https:\/\/puhdasplus.ee\/lt\/produktai\/oda-plaukai-nagai\/optimsm-250-g-2\/"]}]},{"@type":"ImageObject","inLanguage":"lt-LT","@id":"https:\/\/puhdasplus.ee\/lt\/produktai\/oda-plaukai-nagai\/optimsm-250-g-2\/#primaryimage","url":"https:\/\/puhdasplus.ee\/wp-content\/uploads\/2026\/03\/tooted-ilma-taustata-3-copy-5.jpg","contentUrl":"https:\/\/puhdasplus.ee\/wp-content\/uploads\/2026\/03\/tooted-ilma-taustata-3-copy-5.jpg","width":1280,"height":1760,"caption":"OptiMSM 250 g"},{"@type":"BreadcrumbList","@id":"https:\/\/puhdasplus.ee\/lt\/produktai\/oda-plaukai-nagai\/optimsm-250-g-2\/#breadcrumb","itemListElement":[{"@type":"ListItem","position":1,"name":"Prad\u017eia","item":"https:\/\/puhdasplus.ee\/lt\/"},{"@type":"ListItem","position":2,"name":"Produktai","item":"https:\/\/puhdasplus.ee\/lt\/parduotuve\/"},{"@type":"ListItem","position":3,"name":"OptiMSM 250 g"}]},{"@type":"WebSite","@id":"https:\/\/puhdasplus.ee\/lt\/#website","url":"https:\/\/puhdasplus.ee\/lt\/","name":"Puhdas+","description":"Vitaminai, maisto papildai, nat\u016brali kosmetika, sveikata, sportas","publisher":{"@id":"https:\/\/puhdasplus.ee\/lt\/#organization"},"potentialAction":[{"@type":"SearchAction","target":{"@type":"EntryPoint","urlTemplate":"https:\/\/puhdasplus.ee\/lt\/?s={search_term_string}"},"query-input":{"@type":"PropertyValueSpecification","valueRequired":true,"valueName":"search_term_string"}}],"inLanguage":"lt-LT"},{"@type":"Organization","@id":"https:\/\/puhdasplus.ee\/lt\/#organization","name":"Puhdas+","alternateName":"Puhdasplus","url":"https:\/\/puhdasplus.ee\/lt\/","logo":{"@type":"ImageObject","inLanguage":"lt-LT","@id":"https:\/\/puhdasplus.ee\/lt\/#\/schema\/logo\/image\/","url":"https:\/\/puhdasplus.ee\/wp-content\/uploads\/2019\/10\/puhdas_logo-arvele.png","contentUrl":"https:\/\/puhdasplus.ee\/wp-content\/uploads\/2019\/10\/puhdas_logo-arvele.png","width":114,"height":94,"caption":"Puhdas+"},"image":{"@id":"https:\/\/puhdasplus.ee\/lt\/#\/schema\/logo\/image\/"},"sameAs":["https:\/\/www.facebook.com\/puhdasplus","https:\/\/www.instagram.com\/puhdasplus_ee\/"]}]}},"_yoast_wpseo_title":"OptiMSM 250 g \u2013 MSM milteliai | Puhdas+","_yoast_wpseo_metadesc":"Puhdas+ OptiMSM 250 g \u2013 patentuoti MSM milteliai i\u0161 Bergstrom Nutrition. Gryna ir kokybi\u0161ka sud\u0117tis kasdieniam vartojimui.","_yoast_wpseo_focuskw":"OptiMSM milteliai","_links":{"self":[{"href":"https:\/\/puhdasplus.ee\/lt\/wp-json\/wp\/v2\/product\/360227","targetHints":{"allow":["GET"]}}],"collection":[{"href":"https:\/\/puhdasplus.ee\/lt\/wp-json\/wp\/v2\/product"}],"about":[{"href":"https:\/\/puhdasplus.ee\/lt\/wp-json\/wp\/v2\/types\/product"}],"replies":[{"embeddable":true,"href":"https:\/\/puhdasplus.ee\/lt\/wp-json\/wp\/v2\/comments?post=360227"}],"wp:featuredmedia":[{"embeddable":true,"href":"https:\/\/puhdasplus.ee\/lt\/wp-json\/wp\/v2\/media\/360837"}],"wp:attachment":[{"href":"https:\/\/puhdasplus.ee\/lt\/wp-json\/wp\/v2\/media?parent=360227"}],"wp:term":[{"taxonomy":"product_brand","embeddable":true,"href":"https:\/\/puhdasplus.ee\/lt\/wp-json\/wp\/v2\/product_brand?post=360227"},{"taxonomy":"product_cat","embeddable":true,"href":"https:\/\/puhdasplus.ee\/lt\/wp-json\/wp\/v2\/product_cat?post=360227"},{"taxonomy":"product_tag","embeddable":true,"href":"https:\/\/puhdasplus.ee\/lt\/wp-json\/wp\/v2\/product_tag?post=360227"}],"curies":[{"name":"wp","href":"https:\/\/api.w.org\/{rel}","templated":true}]}}