{"id":360223,"date":"2026-03-30T21:53:35","date_gmt":"2026-03-30T18:53:35","guid":{"rendered":"https:\/\/puhdasplus.ee\/tooted\/maaratlemata\/kvieciu-gemalu-aliejus-250-ml\/"},"modified":"2026-04-07T09:48:46","modified_gmt":"2026-04-07T06:48:46","slug":"kvieciu-gemalu-aliejus-250-ml","status":"publish","type":"product","link":"https:\/\/puhdasplus.ee\/lt\/produktai\/supermaistas\/kvieciu-gemalu-aliejus-250-ml\/","title":{"rendered":"Kvie\u010di\u0173 gemal\u0173 aliejus 250 ml"},"content":{"rendered":"<p><strong>Puhdas+ Kvie\u010di\u0173 gemal\u0173 aliejus<\/strong> pagamintas i\u0161 kvie\u010di\u0173 gr\u016bd\u0173 gemal\u0173 \u2013 maistingiausios gr\u016bdo dalies.<\/p>\n<ul>\n<li>Turtingas E vitamino \u0161altinis<\/li>\n<li>Sud\u0117tyje yra omega riebal\u0173 r\u016bg\u0161\u010di\u0173<\/li>\n<li>\u0160alto spaudimo<\/li>\n<\/ul>\n<p>&nbsp;<\/p>\n<h2><strong>Vartojimo instrukcija<\/strong><\/h2>\n<p>1 arbatinis \u0161auk\u0161telis (5 ml) per dien\u0105, sumai\u0161ius su g\u0117rimais arba kaip salot\u0173 u\u017epil\u0105.<\/p>\n<p>&nbsp;<\/p>\n<h2><strong>Sudedamosios dalys<\/strong><\/h2>\n<p>100% kvie\u010di\u0173 gemal\u0173 aliejus<\/p>\n<p>&nbsp;<\/p>\n<h2><strong>Maistini\u0173 med\u017eiag\u0173 kiekis viename arbatiniame \u0161auk\u0161telyje (5 ml)<\/strong><\/h2>\n<ul data-start=\"32\" data-end=\"254\">\n<li data-section-id=\"da6rxr\" data-start=\"32\" data-end=\"56\"><strong data-start=\"34\" data-end=\"49\">Kvie\u010di\u0173 gemal\u0173 aliejus:<\/strong> 5 ml<\/li>\n<li data-section-id=\"17ozwl9\" data-start=\"57\" data-end=\"94\"><strong data-start=\"59\" data-end=\"84\">Aliejin\u0117 r\u016bg\u0161tis (Omega-9):<\/strong> 1150 mg<\/li>\n<li data-section-id=\"dvsmy8\" data-start=\"95\" data-end=\"132\"><strong data-start=\"97\" data-end=\"122\">Linolo r\u016bg\u0161tis (Omega-6):<\/strong> 2280 mg<\/li>\n<li data-section-id=\"1xm0woq\" data-start=\"133\" data-end=\"174\"><strong data-start=\"135\" data-end=\"166\">Palmitoaliejin\u0117 r\u016bg\u0161tis (Omega-7):<\/strong> 23 mg<\/li>\n<li data-section-id=\"96byju\" data-start=\"175\" data-end=\"218\"><strong data-start=\"177\" data-end=\"209\">Alfa-linoleno r\u016bg\u0161tis (Omega-3):<\/strong> 230 mg<\/li>\n<li data-section-id=\"yvx05m\" data-start=\"219\" data-end=\"254\"><strong data-start=\"221\" data-end=\"236\">E vitaminas:<\/strong> 10,4 mg (<em data-start=\"246\" data-end=\"251\">86%<\/em>)<\/li>\n<\/ul>\n<p data-start=\"256\" data-end=\"286\" data-is-last-node=\"\" data-is-only-node=\"\">* % nuo paros normos suaugusiesiems<\/p>\n<p>&nbsp;<\/p>\n<h2><strong>\u012esp\u0117jimai<\/strong><\/h2>\n<p>Laikyti vaikams nepasiekiamoje vietoje. Maisto papildas nepakei\u010dia \u012fvairaus ir subalansuoto maitinimosi bei sveiko gyvenimo b\u016bdo. Nevir\u0161yti rekomenduojamos paros normos.<\/p>\n","protected":false},"excerpt":{"rendered":"<p><b>Puhdas+ Kvie\u010di\u0173 gemal\u0173 aliejus 250 ml<\/b> yra \u0161alto spaudimo kvie\u010di\u0173 gemal\u0173 aliejus, kuriame gausu E vitamino ir omega riebal\u0173 r\u016bg\u0161\u010di\u0173.<\/p>\n","protected":false},"featured_media":360809,"comment_status":"open","ping_status":"closed","template":"","meta":{"_acf_changed":false,"googlesitekit_rrm_CAow3eq7DA:productID":""},"product_brand":[],"product_cat":[3019],"product_tag":[8513,8378,3285,8374],"class_list":{"0":"post-360223","1":"product","2":"type-product","3":"status-publish","4":"has-post-thumbnail","6":"product_cat-supermaistas","7":"product_tag-kvieciu-gemalu-aliejus","8":"product_tag-natralus-lt","9":"product_tag-odos-sveikata","10":"product_tag-suomijos-kokyb-lt","12":"first","13":"onbackorder","14":"taxable","15":"shipping-taxable","16":"purchasable","17":"product-type-simple"},"acf":[],"yoast_head":"<!-- This site is optimized with the Yoast SEO plugin v27.3 - https:\/\/yoast.com\/product\/yoast-seo-wordpress\/ -->\n<title>Kvie\u010di\u0173 gemal\u0173 aliejus 250 ml | Puhdas+<\/title>\n<meta name=\"description\" content=\"Puhdas+ Kvie\u010di\u0173 gemal\u0173 aliejus 250 ml \u2013 \u0161alto spaudimo ir maistini\u0173 med\u017eiag\u0173 turtingas aliejus, nat\u016braliai sud\u0117tyje yra E vitamino ir riebal\u0173 r\u016bg\u0161\u010di\u0173. Tinka kasdieniam vartojimui.\" \/>\n<meta name=\"robots\" content=\"index, follow, max-snippet:-1, max-image-preview:large, max-video-preview:-1\" \/>\n<link rel=\"canonical\" href=\"https:\/\/puhdasplus.ee\/lt\/produktai\/supermaistas\/kvieciu-gemalu-aliejus-250-ml\/\" \/>\n<meta property=\"og:locale\" content=\"lt_LT\" \/>\n<meta property=\"og:type\" content=\"article\" \/>\n<meta property=\"og:title\" content=\"Kvie\u010di\u0173 gemal\u0173 aliejus 250 ml | Puhdas+\" \/>\n<meta property=\"og:description\" content=\"Puhdas+ Kvie\u010di\u0173 gemal\u0173 aliejus 250 ml \u2013 \u0161alto spaudimo ir maistini\u0173 med\u017eiag\u0173 turtingas aliejus, nat\u016braliai sud\u0117tyje yra E vitamino ir riebal\u0173 r\u016bg\u0161\u010di\u0173. Tinka kasdieniam vartojimui.\" \/>\n<meta property=\"og:url\" content=\"https:\/\/puhdasplus.ee\/lt\/produktai\/supermaistas\/kvieciu-gemalu-aliejus-250-ml\/\" \/>\n<meta property=\"og:site_name\" content=\"Puhdas+\" \/>\n<meta property=\"article:publisher\" content=\"https:\/\/www.facebook.com\/puhdasplus\" \/>\n<meta property=\"article:modified_time\" content=\"2026-04-07T06:48:46+00:00\" \/>\n<meta property=\"og:image\" content=\"https:\/\/puhdasplus.ee\/wp-content\/uploads\/2026\/03\/tooted-ilma-taustata-3.jpg\" \/>\n\t<meta property=\"og:image:width\" content=\"1280\" \/>\n\t<meta property=\"og:image:height\" content=\"1760\" \/>\n\t<meta property=\"og:image:type\" content=\"image\/jpeg\" \/>\n<meta name=\"twitter:card\" content=\"summary_large_image\" \/>\n<meta name=\"twitter:label1\" content=\"Est. reading time\" \/>\n\t<meta name=\"twitter:data1\" content=\"1 minut\u0117\" \/>\n<script type=\"application\/ld+json\" class=\"yoast-schema-graph\">{\"@context\":\"https:\\\/\\\/schema.org\",\"@graph\":[{\"@type\":\"WebPage\",\"@id\":\"https:\\\/\\\/puhdasplus.ee\\\/lt\\\/produktai\\\/supermaistas\\\/kvieciu-gemalu-aliejus-250-ml\\\/\",\"url\":\"https:\\\/\\\/puhdasplus.ee\\\/lt\\\/produktai\\\/supermaistas\\\/kvieciu-gemalu-aliejus-250-ml\\\/\",\"name\":\"Kvie\u010di\u0173 gemal\u0173 aliejus 250 ml | Puhdas+\",\"isPartOf\":{\"@id\":\"https:\\\/\\\/puhdasplus.ee\\\/lt\\\/#website\"},\"primaryImageOfPage\":{\"@id\":\"https:\\\/\\\/puhdasplus.ee\\\/lt\\\/produktai\\\/supermaistas\\\/kvieciu-gemalu-aliejus-250-ml\\\/#primaryimage\"},\"image\":{\"@id\":\"https:\\\/\\\/puhdasplus.ee\\\/lt\\\/produktai\\\/supermaistas\\\/kvieciu-gemalu-aliejus-250-ml\\\/#primaryimage\"},\"thumbnailUrl\":\"https:\\\/\\\/puhdasplus.ee\\\/wp-content\\\/uploads\\\/2026\\\/03\\\/tooted-ilma-taustata-3.jpg\",\"datePublished\":\"2026-03-30T18:53:35+00:00\",\"dateModified\":\"2026-04-07T06:48:46+00:00\",\"description\":\"Puhdas+ Kvie\u010di\u0173 gemal\u0173 aliejus 250 ml \u2013 \u0161alto spaudimo ir maistini\u0173 med\u017eiag\u0173 turtingas aliejus, nat\u016braliai sud\u0117tyje yra E vitamino ir riebal\u0173 r\u016bg\u0161\u010di\u0173. Tinka kasdieniam vartojimui.\",\"breadcrumb\":{\"@id\":\"https:\\\/\\\/puhdasplus.ee\\\/lt\\\/produktai\\\/supermaistas\\\/kvieciu-gemalu-aliejus-250-ml\\\/#breadcrumb\"},\"inLanguage\":\"lt-LT\",\"potentialAction\":[{\"@type\":\"ReadAction\",\"target\":[\"https:\\\/\\\/puhdasplus.ee\\\/lt\\\/produktai\\\/supermaistas\\\/kvieciu-gemalu-aliejus-250-ml\\\/\"]}]},{\"@type\":\"ImageObject\",\"inLanguage\":\"lt-LT\",\"@id\":\"https:\\\/\\\/puhdasplus.ee\\\/lt\\\/produktai\\\/supermaistas\\\/kvieciu-gemalu-aliejus-250-ml\\\/#primaryimage\",\"url\":\"https:\\\/\\\/puhdasplus.ee\\\/wp-content\\\/uploads\\\/2026\\\/03\\\/tooted-ilma-taustata-3.jpg\",\"contentUrl\":\"https:\\\/\\\/puhdasplus.ee\\\/wp-content\\\/uploads\\\/2026\\\/03\\\/tooted-ilma-taustata-3.jpg\",\"width\":1280,\"height\":1760,\"caption\":\"Nisuidu \u00f5li 250 ml\"},{\"@type\":\"BreadcrumbList\",\"@id\":\"https:\\\/\\\/puhdasplus.ee\\\/lt\\\/produktai\\\/supermaistas\\\/kvieciu-gemalu-aliejus-250-ml\\\/#breadcrumb\",\"itemListElement\":[{\"@type\":\"ListItem\",\"position\":1,\"name\":\"Prad\u017eia\",\"item\":\"https:\\\/\\\/puhdasplus.ee\\\/lt\\\/\"},{\"@type\":\"ListItem\",\"position\":2,\"name\":\"Produktai\",\"item\":\"https:\\\/\\\/puhdasplus.ee\\\/lt\\\/parduotuve\\\/\"},{\"@type\":\"ListItem\",\"position\":3,\"name\":\"Kvie\u010di\u0173 gemal\u0173 aliejus 250 ml\"}]},{\"@type\":\"WebSite\",\"@id\":\"https:\\\/\\\/puhdasplus.ee\\\/lt\\\/#website\",\"url\":\"https:\\\/\\\/puhdasplus.ee\\\/lt\\\/\",\"name\":\"Puhdas+\",\"description\":\"Vitaminai, maisto papildai, nat\u016brali kosmetika, sveikata, sportas\",\"publisher\":{\"@id\":\"https:\\\/\\\/puhdasplus.ee\\\/lt\\\/#organization\"},\"potentialAction\":[{\"@type\":\"SearchAction\",\"target\":{\"@type\":\"EntryPoint\",\"urlTemplate\":\"https:\\\/\\\/puhdasplus.ee\\\/lt\\\/?s={search_term_string}\"},\"query-input\":{\"@type\":\"PropertyValueSpecification\",\"valueRequired\":true,\"valueName\":\"search_term_string\"}}],\"inLanguage\":\"lt-LT\"},{\"@type\":\"Organization\",\"@id\":\"https:\\\/\\\/puhdasplus.ee\\\/lt\\\/#organization\",\"name\":\"Puhdas+\",\"alternateName\":\"Puhdasplus\",\"url\":\"https:\\\/\\\/puhdasplus.ee\\\/lt\\\/\",\"logo\":{\"@type\":\"ImageObject\",\"inLanguage\":\"lt-LT\",\"@id\":\"https:\\\/\\\/puhdasplus.ee\\\/lt\\\/#\\\/schema\\\/logo\\\/image\\\/\",\"url\":\"https:\\\/\\\/puhdasplus.ee\\\/wp-content\\\/uploads\\\/2019\\\/10\\\/puhdas_logo-arvele.png\",\"contentUrl\":\"https:\\\/\\\/puhdasplus.ee\\\/wp-content\\\/uploads\\\/2019\\\/10\\\/puhdas_logo-arvele.png\",\"width\":114,\"height\":94,\"caption\":\"Puhdas+\"},\"image\":{\"@id\":\"https:\\\/\\\/puhdasplus.ee\\\/lt\\\/#\\\/schema\\\/logo\\\/image\\\/\"},\"sameAs\":[\"https:\\\/\\\/www.facebook.com\\\/puhdasplus\",\"https:\\\/\\\/www.instagram.com\\\/puhdasplus_ee\\\/\"]}]}<\/script>\n<!-- \/ Yoast SEO plugin. -->","yoast_head_json":{"title":"Kvie\u010di\u0173 gemal\u0173 aliejus 250 ml | Puhdas+","description":"Puhdas+ Kvie\u010di\u0173 gemal\u0173 aliejus 250 ml \u2013 \u0161alto spaudimo ir maistini\u0173 med\u017eiag\u0173 turtingas aliejus, nat\u016braliai sud\u0117tyje yra E vitamino ir riebal\u0173 r\u016bg\u0161\u010di\u0173. Tinka kasdieniam vartojimui.","robots":{"index":"index","follow":"follow","max-snippet":"max-snippet:-1","max-image-preview":"max-image-preview:large","max-video-preview":"max-video-preview:-1"},"canonical":"https:\/\/puhdasplus.ee\/lt\/produktai\/supermaistas\/kvieciu-gemalu-aliejus-250-ml\/","og_locale":"lt_LT","og_type":"article","og_title":"Kvie\u010di\u0173 gemal\u0173 aliejus 250 ml | Puhdas+","og_description":"Puhdas+ Kvie\u010di\u0173 gemal\u0173 aliejus 250 ml \u2013 \u0161alto spaudimo ir maistini\u0173 med\u017eiag\u0173 turtingas aliejus, nat\u016braliai sud\u0117tyje yra E vitamino ir riebal\u0173 r\u016bg\u0161\u010di\u0173. Tinka kasdieniam vartojimui.","og_url":"https:\/\/puhdasplus.ee\/lt\/produktai\/supermaistas\/kvieciu-gemalu-aliejus-250-ml\/","og_site_name":"Puhdas+","article_publisher":"https:\/\/www.facebook.com\/puhdasplus","article_modified_time":"2026-04-07T06:48:46+00:00","og_image":[{"width":1280,"height":1760,"url":"https:\/\/puhdasplus.ee\/wp-content\/uploads\/2026\/03\/tooted-ilma-taustata-3.jpg","type":"image\/jpeg"}],"twitter_card":"summary_large_image","twitter_misc":{"Est. reading time":"1 minut\u0117"},"schema":{"@context":"https:\/\/schema.org","@graph":[{"@type":"WebPage","@id":"https:\/\/puhdasplus.ee\/lt\/produktai\/supermaistas\/kvieciu-gemalu-aliejus-250-ml\/","url":"https:\/\/puhdasplus.ee\/lt\/produktai\/supermaistas\/kvieciu-gemalu-aliejus-250-ml\/","name":"Kvie\u010di\u0173 gemal\u0173 aliejus 250 ml | Puhdas+","isPartOf":{"@id":"https:\/\/puhdasplus.ee\/lt\/#website"},"primaryImageOfPage":{"@id":"https:\/\/puhdasplus.ee\/lt\/produktai\/supermaistas\/kvieciu-gemalu-aliejus-250-ml\/#primaryimage"},"image":{"@id":"https:\/\/puhdasplus.ee\/lt\/produktai\/supermaistas\/kvieciu-gemalu-aliejus-250-ml\/#primaryimage"},"thumbnailUrl":"https:\/\/puhdasplus.ee\/wp-content\/uploads\/2026\/03\/tooted-ilma-taustata-3.jpg","datePublished":"2026-03-30T18:53:35+00:00","dateModified":"2026-04-07T06:48:46+00:00","description":"Puhdas+ Kvie\u010di\u0173 gemal\u0173 aliejus 250 ml \u2013 \u0161alto spaudimo ir maistini\u0173 med\u017eiag\u0173 turtingas aliejus, nat\u016braliai sud\u0117tyje yra E vitamino ir riebal\u0173 r\u016bg\u0161\u010di\u0173. Tinka kasdieniam vartojimui.","breadcrumb":{"@id":"https:\/\/puhdasplus.ee\/lt\/produktai\/supermaistas\/kvieciu-gemalu-aliejus-250-ml\/#breadcrumb"},"inLanguage":"lt-LT","potentialAction":[{"@type":"ReadAction","target":["https:\/\/puhdasplus.ee\/lt\/produktai\/supermaistas\/kvieciu-gemalu-aliejus-250-ml\/"]}]},{"@type":"ImageObject","inLanguage":"lt-LT","@id":"https:\/\/puhdasplus.ee\/lt\/produktai\/supermaistas\/kvieciu-gemalu-aliejus-250-ml\/#primaryimage","url":"https:\/\/puhdasplus.ee\/wp-content\/uploads\/2026\/03\/tooted-ilma-taustata-3.jpg","contentUrl":"https:\/\/puhdasplus.ee\/wp-content\/uploads\/2026\/03\/tooted-ilma-taustata-3.jpg","width":1280,"height":1760,"caption":"Nisuidu \u00f5li 250 ml"},{"@type":"BreadcrumbList","@id":"https:\/\/puhdasplus.ee\/lt\/produktai\/supermaistas\/kvieciu-gemalu-aliejus-250-ml\/#breadcrumb","itemListElement":[{"@type":"ListItem","position":1,"name":"Prad\u017eia","item":"https:\/\/puhdasplus.ee\/lt\/"},{"@type":"ListItem","position":2,"name":"Produktai","item":"https:\/\/puhdasplus.ee\/lt\/parduotuve\/"},{"@type":"ListItem","position":3,"name":"Kvie\u010di\u0173 gemal\u0173 aliejus 250 ml"}]},{"@type":"WebSite","@id":"https:\/\/puhdasplus.ee\/lt\/#website","url":"https:\/\/puhdasplus.ee\/lt\/","name":"Puhdas+","description":"Vitaminai, maisto papildai, nat\u016brali kosmetika, sveikata, sportas","publisher":{"@id":"https:\/\/puhdasplus.ee\/lt\/#organization"},"potentialAction":[{"@type":"SearchAction","target":{"@type":"EntryPoint","urlTemplate":"https:\/\/puhdasplus.ee\/lt\/?s={search_term_string}"},"query-input":{"@type":"PropertyValueSpecification","valueRequired":true,"valueName":"search_term_string"}}],"inLanguage":"lt-LT"},{"@type":"Organization","@id":"https:\/\/puhdasplus.ee\/lt\/#organization","name":"Puhdas+","alternateName":"Puhdasplus","url":"https:\/\/puhdasplus.ee\/lt\/","logo":{"@type":"ImageObject","inLanguage":"lt-LT","@id":"https:\/\/puhdasplus.ee\/lt\/#\/schema\/logo\/image\/","url":"https:\/\/puhdasplus.ee\/wp-content\/uploads\/2019\/10\/puhdas_logo-arvele.png","contentUrl":"https:\/\/puhdasplus.ee\/wp-content\/uploads\/2019\/10\/puhdas_logo-arvele.png","width":114,"height":94,"caption":"Puhdas+"},"image":{"@id":"https:\/\/puhdasplus.ee\/lt\/#\/schema\/logo\/image\/"},"sameAs":["https:\/\/www.facebook.com\/puhdasplus","https:\/\/www.instagram.com\/puhdasplus_ee\/"]}]}},"_yoast_wpseo_title":"Kvie\u010di\u0173 gemal\u0173 aliejus 250 ml | Puhdas+","_yoast_wpseo_metadesc":"Puhdas+ Kvie\u010di\u0173 gemal\u0173 aliejus 250 ml \u2013 \u0161alto spaudimo ir maistini\u0173 med\u017eiag\u0173 turtingas aliejus, nat\u016braliai sud\u0117tyje yra E vitamino ir riebal\u0173 r\u016bg\u0161\u010di\u0173. Tinka kasdieniam vartojimui.","_yoast_wpseo_focuskw":"kvie\u010di\u0173 gemal\u0173 aliejus","_links":{"self":[{"href":"https:\/\/puhdasplus.ee\/lt\/wp-json\/wp\/v2\/product\/360223","targetHints":{"allow":["GET"]}}],"collection":[{"href":"https:\/\/puhdasplus.ee\/lt\/wp-json\/wp\/v2\/product"}],"about":[{"href":"https:\/\/puhdasplus.ee\/lt\/wp-json\/wp\/v2\/types\/product"}],"replies":[{"embeddable":true,"href":"https:\/\/puhdasplus.ee\/lt\/wp-json\/wp\/v2\/comments?post=360223"}],"wp:featuredmedia":[{"embeddable":true,"href":"https:\/\/puhdasplus.ee\/lt\/wp-json\/wp\/v2\/media\/360809"}],"wp:attachment":[{"href":"https:\/\/puhdasplus.ee\/lt\/wp-json\/wp\/v2\/media?parent=360223"}],"wp:term":[{"taxonomy":"product_brand","embeddable":true,"href":"https:\/\/puhdasplus.ee\/lt\/wp-json\/wp\/v2\/product_brand?post=360223"},{"taxonomy":"product_cat","embeddable":true,"href":"https:\/\/puhdasplus.ee\/lt\/wp-json\/wp\/v2\/product_cat?post=360223"},{"taxonomy":"product_tag","embeddable":true,"href":"https:\/\/puhdasplus.ee\/lt\/wp-json\/wp\/v2\/product_tag?post=360223"}],"curies":[{"name":"wp","href":"https:\/\/api.w.org\/{rel}","templated":true}]}}