{"id":360217,"date":"2026-04-07T09:47:22","date_gmt":"2026-04-07T06:47:22","guid":{"rendered":"https:\/\/puhdasplus.ee\/tooted\/maaratlemata\/fermentuotas-spanguoliu-sulciu-gerimas-400-ml\/"},"modified":"2026-04-07T09:47:22","modified_gmt":"2026-04-07T06:47:22","slug":"fermentuotas-spanguoliu-sulciu-gerimas-400-ml","status":"publish","type":"product","link":"https:\/\/puhdasplus.ee\/lt\/produktai\/gerimai\/fermentuotas-spanguoliu-sulciu-gerimas-400-ml\/","title":{"rendered":"Fermentuotas spanguoli\u0173 sul\u010di\u0173 g\u0117rimas 400 ml"},"content":{"rendered":"<p data-start=\"127\" data-end=\"349\">Fermentuotas spanguoli\u0173 sul\u010di\u0173 g\u0117rimas pagamintas i\u0161 vietini\u0173 spanguoli\u0173 fermentacijos b\u016bdu. Gamybos procesas suma\u017eina nat\u016bral\u0173 cukraus kiek\u012f ir i\u0161saugo uogose esan\u010dius bioaktyvius junginius, tokius kaip polifenoliai ir antocianinai.<\/p>\n<p data-start=\"351\" data-end=\"440\">Produktas yra \u0161varios sud\u0117ties, be pried\u0173 ir tinka veganams.<br data-start=\"418\" data-end=\"421\" \/>Pagaminta Suomijoje.<\/p>\n<h3 data-section-id=\"1yu436u\" data-start=\"447\" data-end=\"463\"><span role=\"text\"><strong data-start=\"451\" data-end=\"463\">Savyb\u0117s<\/strong><\/span><\/h3>\n<ul data-start=\"464\" data-end=\"575\">\n<li data-section-id=\"1fb9ito\" data-start=\"464\" data-end=\"493\">Ma\u017eo cukraus kiekio<\/li>\n<li data-section-id=\"ie9olt\" data-start=\"494\" data-end=\"515\">Be pried\u0173<\/li>\n<li data-section-id=\"qlxgub\" data-start=\"516\" data-end=\"554\">Sud\u0117tyje yra nat\u016brali\u0173 uog\u0173 jungini\u0173<\/li>\n<li data-section-id=\"5orbx3\" data-start=\"555\" data-end=\"575\">Tinka veganams<\/li>\n<\/ul>\n<h2>Sud\u0117tis<\/h2>\n<p>Vanduo, spanguol\u0117s, miel\u0117s (<em data-start=\"622\" data-end=\"648\">Saccharomyces cerevisiae<\/em>).<\/p>\n<h2>Naudojimo instrukcija<\/h2>\n<p>10 ml du kartus per dien\u0105.<\/p>\n<h2 data-section-id=\"r6hl9j\" data-start=\"712\" data-end=\"731\"><span role=\"text\"><strong data-start=\"716\" data-end=\"731\">Laikymas<\/strong><\/span><\/h2>\n<p data-start=\"732\" data-end=\"793\">Laikyti kambario temperat\u016broje. Atidaryt\u0105 laikyti \u0161aldytuve.<\/p>\n<h2>\u012esp\u0117jimai<\/h2>\n<p>Laikyti vaikams nepasiekiamoje vietoje. Maisto papildas nepakei\u010dia \u012fvairaus ir subalansuoto maitinimo bei sveiko gyvenimo b\u016bdo. Nevir\u0161ykite rekomenduojamos paros doz\u0117s.<\/p>\n","protected":false},"excerpt":{"rendered":"<p><b>Puhdas+ Fermentuotas spanguoli\u0173 sul\u010di\u0173 g\u0117rimas 400 ml<\/b> yra fermentuotas spanguoli\u0173 g\u0117rimas, kuris turtingas polifenoli\u0173 ir antocianin\u0173. Ma\u017eo cukraus kiekio, vegani\u0161ka.<\/p>\n","protected":false},"featured_media":359967,"comment_status":"open","ping_status":"closed","template":"","meta":{"_acf_changed":false,"googlesitekit_rrm_CAow3eq7DA:productID":""},"product_brand":[],"product_cat":[5426],"product_tag":[7882,8378,8517,8374],"class_list":{"0":"post-360217","1":"product","2":"type-product","3":"status-publish","4":"has-post-thumbnail","6":"product_cat-gerimai","7":"product_tag-gerimai-tag","8":"product_tag-natralus-lt","9":"product_tag-brukne","10":"product_tag-suomijos-kokyb-lt","12":"first","13":"outofstock","14":"taxable","15":"shipping-taxable","16":"purchasable","17":"product-type-simple"},"acf":[],"yoast_head":"<!-- This site is optimized with the Yoast SEO plugin v27.3 - https:\/\/yoast.com\/product\/yoast-seo-wordpress\/ -->\n<title>Fermentuotas spanguoli\u0173 sul\u010di\u0173 g\u0117rimas 400 ml | Puhdas+<\/title>\n<meta name=\"description\" content=\"Puhdas+ Fermentuotas spanguoli\u0173 sul\u010di\u0173 g\u0117rimas \u2013 i\u0161 fermentuot\u0173 spanguoli\u0173, ma\u017eo cukraus kiekio ir nat\u016braliai polifenoliais turtingas g\u0117rimas. \u0160vari sud\u0117tis, 400 ml.\" \/>\n<meta name=\"robots\" content=\"index, follow, max-snippet:-1, max-image-preview:large, max-video-preview:-1\" \/>\n<link rel=\"canonical\" href=\"https:\/\/puhdasplus.ee\/lt\/produktai\/gerimai\/fermentuotas-spanguoliu-sulciu-gerimas-400-ml\/\" \/>\n<meta property=\"og:locale\" content=\"lt_LT\" \/>\n<meta property=\"og:type\" content=\"article\" \/>\n<meta property=\"og:title\" content=\"Fermentuotas spanguoli\u0173 sul\u010di\u0173 g\u0117rimas 400 ml | Puhdas+\" \/>\n<meta property=\"og:description\" content=\"Puhdas+ Fermentuotas spanguoli\u0173 sul\u010di\u0173 g\u0117rimas \u2013 i\u0161 fermentuot\u0173 spanguoli\u0173, ma\u017eo cukraus kiekio ir nat\u016braliai polifenoliais turtingas g\u0117rimas. \u0160vari sud\u0117tis, 400 ml.\" \/>\n<meta property=\"og:url\" content=\"https:\/\/puhdasplus.ee\/lt\/produktai\/gerimai\/fermentuotas-spanguoliu-sulciu-gerimas-400-ml\/\" \/>\n<meta property=\"og:site_name\" content=\"Puhdas+\" \/>\n<meta property=\"article:publisher\" content=\"https:\/\/www.facebook.com\/puhdasplus\" \/>\n<meta property=\"og:image\" content=\"https:\/\/puhdasplus.ee\/wp-content\/uploads\/2026\/03\/359848_0-1.png\" \/>\n\t<meta property=\"og:image:width\" content=\"1862\" \/>\n\t<meta property=\"og:image:height\" content=\"2560\" \/>\n\t<meta property=\"og:image:type\" content=\"image\/png\" \/>\n<meta name=\"twitter:card\" content=\"summary_large_image\" \/>\n<meta name=\"twitter:label1\" content=\"Est. reading time\" \/>\n\t<meta name=\"twitter:data1\" content=\"1 minut\u0117\" \/>\n<script type=\"application\/ld+json\" class=\"yoast-schema-graph\">{\"@context\":\"https:\\\/\\\/schema.org\",\"@graph\":[{\"@type\":\"WebPage\",\"@id\":\"https:\\\/\\\/puhdasplus.ee\\\/lt\\\/produktai\\\/gerimai\\\/fermentuotas-spanguoliu-sulciu-gerimas-400-ml\\\/\",\"url\":\"https:\\\/\\\/puhdasplus.ee\\\/lt\\\/produktai\\\/gerimai\\\/fermentuotas-spanguoliu-sulciu-gerimas-400-ml\\\/\",\"name\":\"Fermentuotas spanguoli\u0173 sul\u010di\u0173 g\u0117rimas 400 ml | Puhdas+\",\"isPartOf\":{\"@id\":\"https:\\\/\\\/puhdasplus.ee\\\/lt\\\/#website\"},\"primaryImageOfPage\":{\"@id\":\"https:\\\/\\\/puhdasplus.ee\\\/lt\\\/produktai\\\/gerimai\\\/fermentuotas-spanguoliu-sulciu-gerimas-400-ml\\\/#primaryimage\"},\"image\":{\"@id\":\"https:\\\/\\\/puhdasplus.ee\\\/lt\\\/produktai\\\/gerimai\\\/fermentuotas-spanguoliu-sulciu-gerimas-400-ml\\\/#primaryimage\"},\"thumbnailUrl\":\"https:\\\/\\\/puhdasplus.ee\\\/wp-content\\\/uploads\\\/2026\\\/03\\\/359848_0-1.png\",\"datePublished\":\"2026-04-07T06:47:22+00:00\",\"description\":\"Puhdas+ Fermentuotas spanguoli\u0173 sul\u010di\u0173 g\u0117rimas \u2013 i\u0161 fermentuot\u0173 spanguoli\u0173, ma\u017eo cukraus kiekio ir nat\u016braliai polifenoliais turtingas g\u0117rimas. \u0160vari sud\u0117tis, 400 ml.\",\"breadcrumb\":{\"@id\":\"https:\\\/\\\/puhdasplus.ee\\\/lt\\\/produktai\\\/gerimai\\\/fermentuotas-spanguoliu-sulciu-gerimas-400-ml\\\/#breadcrumb\"},\"inLanguage\":\"lt-LT\",\"potentialAction\":[{\"@type\":\"ReadAction\",\"target\":[\"https:\\\/\\\/puhdasplus.ee\\\/lt\\\/produktai\\\/gerimai\\\/fermentuotas-spanguoliu-sulciu-gerimas-400-ml\\\/\"]}]},{\"@type\":\"ImageObject\",\"inLanguage\":\"lt-LT\",\"@id\":\"https:\\\/\\\/puhdasplus.ee\\\/lt\\\/produktai\\\/gerimai\\\/fermentuotas-spanguoliu-sulciu-gerimas-400-ml\\\/#primaryimage\",\"url\":\"https:\\\/\\\/puhdasplus.ee\\\/wp-content\\\/uploads\\\/2026\\\/03\\\/359848_0-1.png\",\"contentUrl\":\"https:\\\/\\\/puhdasplus.ee\\\/wp-content\\\/uploads\\\/2026\\\/03\\\/359848_0-1.png\",\"width\":1862,\"height\":2560,\"caption\":\"K\u00e4\u00e4ritatud pohlamahlajook 400 ml | Puhdas+\"},{\"@type\":\"BreadcrumbList\",\"@id\":\"https:\\\/\\\/puhdasplus.ee\\\/lt\\\/produktai\\\/gerimai\\\/fermentuotas-spanguoliu-sulciu-gerimas-400-ml\\\/#breadcrumb\",\"itemListElement\":[{\"@type\":\"ListItem\",\"position\":1,\"name\":\"Prad\u017eia\",\"item\":\"https:\\\/\\\/puhdasplus.ee\\\/lt\\\/\"},{\"@type\":\"ListItem\",\"position\":2,\"name\":\"Produktai\",\"item\":\"https:\\\/\\\/puhdasplus.ee\\\/lt\\\/parduotuve\\\/\"},{\"@type\":\"ListItem\",\"position\":3,\"name\":\"Fermentuotas spanguoli\u0173 sul\u010di\u0173 g\u0117rimas 400 ml\"}]},{\"@type\":\"WebSite\",\"@id\":\"https:\\\/\\\/puhdasplus.ee\\\/lt\\\/#website\",\"url\":\"https:\\\/\\\/puhdasplus.ee\\\/lt\\\/\",\"name\":\"Puhdas+\",\"description\":\"Vitaminai, maisto papildai, nat\u016brali kosmetika, sveikata, sportas\",\"publisher\":{\"@id\":\"https:\\\/\\\/puhdasplus.ee\\\/lt\\\/#organization\"},\"potentialAction\":[{\"@type\":\"SearchAction\",\"target\":{\"@type\":\"EntryPoint\",\"urlTemplate\":\"https:\\\/\\\/puhdasplus.ee\\\/lt\\\/?s={search_term_string}\"},\"query-input\":{\"@type\":\"PropertyValueSpecification\",\"valueRequired\":true,\"valueName\":\"search_term_string\"}}],\"inLanguage\":\"lt-LT\"},{\"@type\":\"Organization\",\"@id\":\"https:\\\/\\\/puhdasplus.ee\\\/lt\\\/#organization\",\"name\":\"Puhdas+\",\"alternateName\":\"Puhdasplus\",\"url\":\"https:\\\/\\\/puhdasplus.ee\\\/lt\\\/\",\"logo\":{\"@type\":\"ImageObject\",\"inLanguage\":\"lt-LT\",\"@id\":\"https:\\\/\\\/puhdasplus.ee\\\/lt\\\/#\\\/schema\\\/logo\\\/image\\\/\",\"url\":\"https:\\\/\\\/puhdasplus.ee\\\/wp-content\\\/uploads\\\/2019\\\/10\\\/puhdas_logo-arvele.png\",\"contentUrl\":\"https:\\\/\\\/puhdasplus.ee\\\/wp-content\\\/uploads\\\/2019\\\/10\\\/puhdas_logo-arvele.png\",\"width\":114,\"height\":94,\"caption\":\"Puhdas+\"},\"image\":{\"@id\":\"https:\\\/\\\/puhdasplus.ee\\\/lt\\\/#\\\/schema\\\/logo\\\/image\\\/\"},\"sameAs\":[\"https:\\\/\\\/www.facebook.com\\\/puhdasplus\",\"https:\\\/\\\/www.instagram.com\\\/puhdasplus_ee\\\/\"]}]}<\/script>\n<!-- \/ Yoast SEO plugin. -->","yoast_head_json":{"title":"Fermentuotas spanguoli\u0173 sul\u010di\u0173 g\u0117rimas 400 ml | Puhdas+","description":"Puhdas+ Fermentuotas spanguoli\u0173 sul\u010di\u0173 g\u0117rimas \u2013 i\u0161 fermentuot\u0173 spanguoli\u0173, ma\u017eo cukraus kiekio ir nat\u016braliai polifenoliais turtingas g\u0117rimas. \u0160vari sud\u0117tis, 400 ml.","robots":{"index":"index","follow":"follow","max-snippet":"max-snippet:-1","max-image-preview":"max-image-preview:large","max-video-preview":"max-video-preview:-1"},"canonical":"https:\/\/puhdasplus.ee\/lt\/produktai\/gerimai\/fermentuotas-spanguoliu-sulciu-gerimas-400-ml\/","og_locale":"lt_LT","og_type":"article","og_title":"Fermentuotas spanguoli\u0173 sul\u010di\u0173 g\u0117rimas 400 ml | Puhdas+","og_description":"Puhdas+ Fermentuotas spanguoli\u0173 sul\u010di\u0173 g\u0117rimas \u2013 i\u0161 fermentuot\u0173 spanguoli\u0173, ma\u017eo cukraus kiekio ir nat\u016braliai polifenoliais turtingas g\u0117rimas. \u0160vari sud\u0117tis, 400 ml.","og_url":"https:\/\/puhdasplus.ee\/lt\/produktai\/gerimai\/fermentuotas-spanguoliu-sulciu-gerimas-400-ml\/","og_site_name":"Puhdas+","article_publisher":"https:\/\/www.facebook.com\/puhdasplus","og_image":[{"width":1862,"height":2560,"url":"https:\/\/puhdasplus.ee\/wp-content\/uploads\/2026\/03\/359848_0-1.png","type":"image\/png"}],"twitter_card":"summary_large_image","twitter_misc":{"Est. reading time":"1 minut\u0117"},"schema":{"@context":"https:\/\/schema.org","@graph":[{"@type":"WebPage","@id":"https:\/\/puhdasplus.ee\/lt\/produktai\/gerimai\/fermentuotas-spanguoliu-sulciu-gerimas-400-ml\/","url":"https:\/\/puhdasplus.ee\/lt\/produktai\/gerimai\/fermentuotas-spanguoliu-sulciu-gerimas-400-ml\/","name":"Fermentuotas spanguoli\u0173 sul\u010di\u0173 g\u0117rimas 400 ml | Puhdas+","isPartOf":{"@id":"https:\/\/puhdasplus.ee\/lt\/#website"},"primaryImageOfPage":{"@id":"https:\/\/puhdasplus.ee\/lt\/produktai\/gerimai\/fermentuotas-spanguoliu-sulciu-gerimas-400-ml\/#primaryimage"},"image":{"@id":"https:\/\/puhdasplus.ee\/lt\/produktai\/gerimai\/fermentuotas-spanguoliu-sulciu-gerimas-400-ml\/#primaryimage"},"thumbnailUrl":"https:\/\/puhdasplus.ee\/wp-content\/uploads\/2026\/03\/359848_0-1.png","datePublished":"2026-04-07T06:47:22+00:00","description":"Puhdas+ Fermentuotas spanguoli\u0173 sul\u010di\u0173 g\u0117rimas \u2013 i\u0161 fermentuot\u0173 spanguoli\u0173, ma\u017eo cukraus kiekio ir nat\u016braliai polifenoliais turtingas g\u0117rimas. \u0160vari sud\u0117tis, 400 ml.","breadcrumb":{"@id":"https:\/\/puhdasplus.ee\/lt\/produktai\/gerimai\/fermentuotas-spanguoliu-sulciu-gerimas-400-ml\/#breadcrumb"},"inLanguage":"lt-LT","potentialAction":[{"@type":"ReadAction","target":["https:\/\/puhdasplus.ee\/lt\/produktai\/gerimai\/fermentuotas-spanguoliu-sulciu-gerimas-400-ml\/"]}]},{"@type":"ImageObject","inLanguage":"lt-LT","@id":"https:\/\/puhdasplus.ee\/lt\/produktai\/gerimai\/fermentuotas-spanguoliu-sulciu-gerimas-400-ml\/#primaryimage","url":"https:\/\/puhdasplus.ee\/wp-content\/uploads\/2026\/03\/359848_0-1.png","contentUrl":"https:\/\/puhdasplus.ee\/wp-content\/uploads\/2026\/03\/359848_0-1.png","width":1862,"height":2560,"caption":"K\u00e4\u00e4ritatud pohlamahlajook 400 ml | Puhdas+"},{"@type":"BreadcrumbList","@id":"https:\/\/puhdasplus.ee\/lt\/produktai\/gerimai\/fermentuotas-spanguoliu-sulciu-gerimas-400-ml\/#breadcrumb","itemListElement":[{"@type":"ListItem","position":1,"name":"Prad\u017eia","item":"https:\/\/puhdasplus.ee\/lt\/"},{"@type":"ListItem","position":2,"name":"Produktai","item":"https:\/\/puhdasplus.ee\/lt\/parduotuve\/"},{"@type":"ListItem","position":3,"name":"Fermentuotas spanguoli\u0173 sul\u010di\u0173 g\u0117rimas 400 ml"}]},{"@type":"WebSite","@id":"https:\/\/puhdasplus.ee\/lt\/#website","url":"https:\/\/puhdasplus.ee\/lt\/","name":"Puhdas+","description":"Vitaminai, maisto papildai, nat\u016brali kosmetika, sveikata, sportas","publisher":{"@id":"https:\/\/puhdasplus.ee\/lt\/#organization"},"potentialAction":[{"@type":"SearchAction","target":{"@type":"EntryPoint","urlTemplate":"https:\/\/puhdasplus.ee\/lt\/?s={search_term_string}"},"query-input":{"@type":"PropertyValueSpecification","valueRequired":true,"valueName":"search_term_string"}}],"inLanguage":"lt-LT"},{"@type":"Organization","@id":"https:\/\/puhdasplus.ee\/lt\/#organization","name":"Puhdas+","alternateName":"Puhdasplus","url":"https:\/\/puhdasplus.ee\/lt\/","logo":{"@type":"ImageObject","inLanguage":"lt-LT","@id":"https:\/\/puhdasplus.ee\/lt\/#\/schema\/logo\/image\/","url":"https:\/\/puhdasplus.ee\/wp-content\/uploads\/2019\/10\/puhdas_logo-arvele.png","contentUrl":"https:\/\/puhdasplus.ee\/wp-content\/uploads\/2019\/10\/puhdas_logo-arvele.png","width":114,"height":94,"caption":"Puhdas+"},"image":{"@id":"https:\/\/puhdasplus.ee\/lt\/#\/schema\/logo\/image\/"},"sameAs":["https:\/\/www.facebook.com\/puhdasplus","https:\/\/www.instagram.com\/puhdasplus_ee\/"]}]}},"_yoast_wpseo_title":"Fermentuotas spanguoli\u0173 sul\u010di\u0173 g\u0117rimas 400 ml | Puhdas+","_yoast_wpseo_metadesc":"Puhdas+ Fermentuotas spanguoli\u0173 sul\u010di\u0173 g\u0117rimas \u2013 i\u0161 fermentuot\u0173 spanguoli\u0173, ma\u017eo cukraus kiekio ir nat\u016braliai polifenoliais turtingas g\u0117rimas. \u0160vari sud\u0117tis, 400 ml.","_yoast_wpseo_focuskw":"fermentuotas spanguoli\u0173 sul\u010di\u0173 g\u0117rimas","_links":{"self":[{"href":"https:\/\/puhdasplus.ee\/lt\/wp-json\/wp\/v2\/product\/360217","targetHints":{"allow":["GET"]}}],"collection":[{"href":"https:\/\/puhdasplus.ee\/lt\/wp-json\/wp\/v2\/product"}],"about":[{"href":"https:\/\/puhdasplus.ee\/lt\/wp-json\/wp\/v2\/types\/product"}],"replies":[{"embeddable":true,"href":"https:\/\/puhdasplus.ee\/lt\/wp-json\/wp\/v2\/comments?post=360217"}],"wp:featuredmedia":[{"embeddable":true,"href":"https:\/\/puhdasplus.ee\/lt\/wp-json\/wp\/v2\/media\/359967"}],"wp:attachment":[{"href":"https:\/\/puhdasplus.ee\/lt\/wp-json\/wp\/v2\/media?parent=360217"}],"wp:term":[{"taxonomy":"product_brand","embeddable":true,"href":"https:\/\/puhdasplus.ee\/lt\/wp-json\/wp\/v2\/product_brand?post=360217"},{"taxonomy":"product_cat","embeddable":true,"href":"https:\/\/puhdasplus.ee\/lt\/wp-json\/wp\/v2\/product_cat?post=360217"},{"taxonomy":"product_tag","embeddable":true,"href":"https:\/\/puhdasplus.ee\/lt\/wp-json\/wp\/v2\/product_tag?post=360217"}],"curies":[{"name":"wp","href":"https:\/\/api.w.org\/{rel}","templated":true}]}}