{"id":359843,"date":"2026-03-30T21:53:02","date_gmt":"2026-03-30T18:53:02","guid":{"rendered":"https:\/\/puhdasplus.ee\/?post_type=product&#038;p=359843"},"modified":"2026-04-06T12:33:13","modified_gmt":"2026-04-06T09:33:13","slug":"vaigukreem-10-50-ml","status":"publish","type":"product","link":"https:\/\/puhdasplus.ee\/lt\/tooted\/kosmetika-lt\/vaigukreem-10-50-ml\/","title":{"rendered":"Vaigukreem 10% 50 ml"},"content":{"rendered":"<p>Vaik on valitud 2023. aasta ravimtaimeks. Vaigukreem pakub looduslikku abi nahahoolduses.<\/p>\n<p><strong>Puhdas+ Vaigukreemis on 10% vaiku.<\/strong> Vaigukreem on nahahoolduse mitmek\u00fclgne vahend mitmesuguste nahaprobleemide hoolduseks.<\/p>\n<p>Kasutage vaigukreemi:<\/p>\n<ul>\n<li>V\u00e4ikeste kriimustuste ja marrastuste hoolduseks<\/li>\n<li>Kuivade nahapiirkondade niisutamiseks ja pehmendamiseks<\/li>\n<li>K\u00f5vastumiste \u00f5rnaks pehmendamiseks<\/li>\n<li>Putukahammusteele<\/li>\n<li>L\u00f6\u00f6be kiireks paranemiseks<\/li>\n<li>V\u00e4ikeste nahakahjustuste hoolduseks<\/li>\n<\/ul>\n<p>Puhdas+ Vaigukreem on valmistatud Soomes.<\/p>\n<h2>Koostisosad (INCI)<\/h2>\n<p>Ricinus Communis Seed Oil, Cera Alba, Pinus Sylvestris Resin, Cocos Nucifera Oil, Lanolin, Tocopheryl Acetate.<\/p>\n<h2>Hoiatused<\/h2>\n<p>Ainult v\u00e4lispidiseks kasutamiseks. V\u00e4ltige silmadega kokkupuudet. Hoida lastele k\u00e4ttesaamatus kohas.<\/p>\n","protected":false},"excerpt":{"rendered":"<p><b>Puhdas+ Vaigukreem 10% 50 ml<\/b> \u2013 traditsiooniline Soome vaigukreem 10% looduslike puuvaiguga. Aitab rahustada \u00e4rritunud nahka ja toetab naha taastumist.<\/p>\n","protected":false},"featured_media":359964,"comment_status":"open","ping_status":"closed","template":"","meta":{"_acf_changed":false,"googlesitekit_rrm_CAow3eq7DA:productID":""},"product_brand":[],"product_cat":[448,461],"product_tag":[7865,8167,847,904,8166,8434],"class_list":{"0":"post-359843","1":"product","2":"type-product","3":"status-publish","4":"has-post-thumbnail","6":"product_cat-looduskosmeetika","7":"product_cat-nahk-juuksed-kuuned","8":"product_tag-looduskosmeetika","9":"product_tag-looduslik","10":"product_tag-naha-tervis","11":"product_tag-nahahooldus","12":"product_tag-soome-kvaliteet","13":"product_tag-vaigukreem","15":"first","16":"onbackorder","17":"taxable","18":"shipping-taxable","19":"purchasable","20":"product-type-simple"},"acf":[],"yoast_head":"<!-- This site is optimized with the Yoast SEO plugin v27.3 - https:\/\/yoast.com\/product\/yoast-seo-wordpress\/ -->\n<title>Vaigukreem 10% 50 ml | Puhdas+<\/title>\n<meta name=\"description\" content=\"Puhdas+ Vaigukreem 10% \u2013 looduslik Soome vaigukreem nahahoolduseks. Kriimustused, kuiv nahk, putukahammusted. 50 ml.\" \/>\n<meta name=\"robots\" content=\"index, follow, max-snippet:-1, max-image-preview:large, max-video-preview:-1\" \/>\n<link rel=\"canonical\" href=\"https:\/\/puhdasplus.ee\/lt\/tooted\/kosmetika-lt\/vaigukreem-10-50-ml\/\" \/>\n<meta property=\"og:locale\" content=\"lt_LT\" \/>\n<meta property=\"og:type\" content=\"article\" \/>\n<meta property=\"og:title\" content=\"Vaigukreem 10% 50 ml | Puhdas+\" \/>\n<meta property=\"og:description\" content=\"Puhdas+ Vaigukreem 10% \u2013 looduslik Soome vaigukreem nahahoolduseks. Kriimustused, kuiv nahk, putukahammusted. 50 ml.\" \/>\n<meta property=\"og:url\" content=\"https:\/\/puhdasplus.ee\/lt\/tooted\/kosmetika-lt\/vaigukreem-10-50-ml\/\" \/>\n<meta property=\"og:site_name\" content=\"Puhdas+\" \/>\n<meta property=\"article:publisher\" content=\"https:\/\/www.facebook.com\/puhdasplus\" \/>\n<meta property=\"article:modified_time\" content=\"2026-04-06T09:33:13+00:00\" \/>\n<meta property=\"og:image\" content=\"https:\/\/puhdasplus.ee\/wp-content\/uploads\/2026\/03\/359843_0-1.png\" \/>\n\t<meta property=\"og:image:width\" content=\"931\" \/>\n\t<meta property=\"og:image:height\" content=\"1280\" \/>\n\t<meta property=\"og:image:type\" content=\"image\/png\" \/>\n<meta name=\"twitter:card\" content=\"summary_large_image\" \/>\n<script type=\"application\/ld+json\" class=\"yoast-schema-graph\">{\"@context\":\"https:\\\/\\\/schema.org\",\"@graph\":[{\"@type\":\"WebPage\",\"@id\":\"https:\\\/\\\/puhdasplus.ee\\\/lt\\\/tooted\\\/kosmetika-lt\\\/vaigukreem-10-50-ml\\\/\",\"url\":\"https:\\\/\\\/puhdasplus.ee\\\/lt\\\/tooted\\\/kosmetika-lt\\\/vaigukreem-10-50-ml\\\/\",\"name\":\"Vaigukreem 10% 50 ml | Puhdas+\",\"isPartOf\":{\"@id\":\"https:\\\/\\\/puhdasplus.ee\\\/lt\\\/#website\"},\"primaryImageOfPage\":{\"@id\":\"https:\\\/\\\/puhdasplus.ee\\\/lt\\\/tooted\\\/kosmetika-lt\\\/vaigukreem-10-50-ml\\\/#primaryimage\"},\"image\":{\"@id\":\"https:\\\/\\\/puhdasplus.ee\\\/lt\\\/tooted\\\/kosmetika-lt\\\/vaigukreem-10-50-ml\\\/#primaryimage\"},\"thumbnailUrl\":\"https:\\\/\\\/puhdasplus.ee\\\/wp-content\\\/uploads\\\/2026\\\/03\\\/359843_0-1.png\",\"datePublished\":\"2026-03-30T18:53:02+00:00\",\"dateModified\":\"2026-04-06T09:33:13+00:00\",\"description\":\"Puhdas+ Vaigukreem 10% \u2013 looduslik Soome vaigukreem nahahoolduseks. Kriimustused, kuiv nahk, putukahammusted. 50 ml.\",\"breadcrumb\":{\"@id\":\"https:\\\/\\\/puhdasplus.ee\\\/lt\\\/tooted\\\/kosmetika-lt\\\/vaigukreem-10-50-ml\\\/#breadcrumb\"},\"inLanguage\":\"lt-LT\",\"potentialAction\":[{\"@type\":\"ReadAction\",\"target\":[\"https:\\\/\\\/puhdasplus.ee\\\/lt\\\/tooted\\\/kosmetika-lt\\\/vaigukreem-10-50-ml\\\/\"]}]},{\"@type\":\"ImageObject\",\"inLanguage\":\"lt-LT\",\"@id\":\"https:\\\/\\\/puhdasplus.ee\\\/lt\\\/tooted\\\/kosmetika-lt\\\/vaigukreem-10-50-ml\\\/#primaryimage\",\"url\":\"https:\\\/\\\/puhdasplus.ee\\\/wp-content\\\/uploads\\\/2026\\\/03\\\/359843_0-1.png\",\"contentUrl\":\"https:\\\/\\\/puhdasplus.ee\\\/wp-content\\\/uploads\\\/2026\\\/03\\\/359843_0-1.png\",\"width\":931,\"height\":1280,\"caption\":\"Vaigukreem 10% 50 ml | Puhdas+\"},{\"@type\":\"BreadcrumbList\",\"@id\":\"https:\\\/\\\/puhdasplus.ee\\\/lt\\\/tooted\\\/kosmetika-lt\\\/vaigukreem-10-50-ml\\\/#breadcrumb\",\"itemListElement\":[{\"@type\":\"ListItem\",\"position\":1,\"name\":\"Prad\u017eia\",\"item\":\"https:\\\/\\\/puhdasplus.ee\\\/lt\\\/\"},{\"@type\":\"ListItem\",\"position\":2,\"name\":\"Produktai\",\"item\":\"https:\\\/\\\/puhdasplus.ee\\\/lt\\\/parduotuve\\\/\"},{\"@type\":\"ListItem\",\"position\":3,\"name\":\"Vaigukreem 10% 50 ml\"}]},{\"@type\":\"WebSite\",\"@id\":\"https:\\\/\\\/puhdasplus.ee\\\/lt\\\/#website\",\"url\":\"https:\\\/\\\/puhdasplus.ee\\\/lt\\\/\",\"name\":\"Puhdas+\",\"description\":\"Vitaminai, maisto papildai, nat\u016brali kosmetika, sveikata, sportas\",\"publisher\":{\"@id\":\"https:\\\/\\\/puhdasplus.ee\\\/lt\\\/#organization\"},\"potentialAction\":[{\"@type\":\"SearchAction\",\"target\":{\"@type\":\"EntryPoint\",\"urlTemplate\":\"https:\\\/\\\/puhdasplus.ee\\\/lt\\\/?s={search_term_string}\"},\"query-input\":{\"@type\":\"PropertyValueSpecification\",\"valueRequired\":true,\"valueName\":\"search_term_string\"}}],\"inLanguage\":\"lt-LT\"},{\"@type\":\"Organization\",\"@id\":\"https:\\\/\\\/puhdasplus.ee\\\/lt\\\/#organization\",\"name\":\"Puhdas+\",\"alternateName\":\"Puhdasplus\",\"url\":\"https:\\\/\\\/puhdasplus.ee\\\/lt\\\/\",\"logo\":{\"@type\":\"ImageObject\",\"inLanguage\":\"lt-LT\",\"@id\":\"https:\\\/\\\/puhdasplus.ee\\\/lt\\\/#\\\/schema\\\/logo\\\/image\\\/\",\"url\":\"https:\\\/\\\/puhdasplus.ee\\\/wp-content\\\/uploads\\\/2019\\\/10\\\/puhdas_logo-arvele.png\",\"contentUrl\":\"https:\\\/\\\/puhdasplus.ee\\\/wp-content\\\/uploads\\\/2019\\\/10\\\/puhdas_logo-arvele.png\",\"width\":114,\"height\":94,\"caption\":\"Puhdas+\"},\"image\":{\"@id\":\"https:\\\/\\\/puhdasplus.ee\\\/lt\\\/#\\\/schema\\\/logo\\\/image\\\/\"},\"sameAs\":[\"https:\\\/\\\/www.facebook.com\\\/puhdasplus\",\"https:\\\/\\\/www.instagram.com\\\/puhdasplus_ee\\\/\"]}]}<\/script>\n<!-- \/ Yoast SEO plugin. -->","yoast_head_json":{"title":"Vaigukreem 10% 50 ml | Puhdas+","description":"Puhdas+ Vaigukreem 10% \u2013 looduslik Soome vaigukreem nahahoolduseks. Kriimustused, kuiv nahk, putukahammusted. 50 ml.","robots":{"index":"index","follow":"follow","max-snippet":"max-snippet:-1","max-image-preview":"max-image-preview:large","max-video-preview":"max-video-preview:-1"},"canonical":"https:\/\/puhdasplus.ee\/lt\/tooted\/kosmetika-lt\/vaigukreem-10-50-ml\/","og_locale":"lt_LT","og_type":"article","og_title":"Vaigukreem 10% 50 ml | Puhdas+","og_description":"Puhdas+ Vaigukreem 10% \u2013 looduslik Soome vaigukreem nahahoolduseks. Kriimustused, kuiv nahk, putukahammusted. 50 ml.","og_url":"https:\/\/puhdasplus.ee\/lt\/tooted\/kosmetika-lt\/vaigukreem-10-50-ml\/","og_site_name":"Puhdas+","article_publisher":"https:\/\/www.facebook.com\/puhdasplus","article_modified_time":"2026-04-06T09:33:13+00:00","og_image":[{"width":931,"height":1280,"url":"https:\/\/puhdasplus.ee\/wp-content\/uploads\/2026\/03\/359843_0-1.png","type":"image\/png"}],"twitter_card":"summary_large_image","schema":{"@context":"https:\/\/schema.org","@graph":[{"@type":"WebPage","@id":"https:\/\/puhdasplus.ee\/lt\/tooted\/kosmetika-lt\/vaigukreem-10-50-ml\/","url":"https:\/\/puhdasplus.ee\/lt\/tooted\/kosmetika-lt\/vaigukreem-10-50-ml\/","name":"Vaigukreem 10% 50 ml | Puhdas+","isPartOf":{"@id":"https:\/\/puhdasplus.ee\/lt\/#website"},"primaryImageOfPage":{"@id":"https:\/\/puhdasplus.ee\/lt\/tooted\/kosmetika-lt\/vaigukreem-10-50-ml\/#primaryimage"},"image":{"@id":"https:\/\/puhdasplus.ee\/lt\/tooted\/kosmetika-lt\/vaigukreem-10-50-ml\/#primaryimage"},"thumbnailUrl":"https:\/\/puhdasplus.ee\/wp-content\/uploads\/2026\/03\/359843_0-1.png","datePublished":"2026-03-30T18:53:02+00:00","dateModified":"2026-04-06T09:33:13+00:00","description":"Puhdas+ Vaigukreem 10% \u2013 looduslik Soome vaigukreem nahahoolduseks. Kriimustused, kuiv nahk, putukahammusted. 50 ml.","breadcrumb":{"@id":"https:\/\/puhdasplus.ee\/lt\/tooted\/kosmetika-lt\/vaigukreem-10-50-ml\/#breadcrumb"},"inLanguage":"lt-LT","potentialAction":[{"@type":"ReadAction","target":["https:\/\/puhdasplus.ee\/lt\/tooted\/kosmetika-lt\/vaigukreem-10-50-ml\/"]}]},{"@type":"ImageObject","inLanguage":"lt-LT","@id":"https:\/\/puhdasplus.ee\/lt\/tooted\/kosmetika-lt\/vaigukreem-10-50-ml\/#primaryimage","url":"https:\/\/puhdasplus.ee\/wp-content\/uploads\/2026\/03\/359843_0-1.png","contentUrl":"https:\/\/puhdasplus.ee\/wp-content\/uploads\/2026\/03\/359843_0-1.png","width":931,"height":1280,"caption":"Vaigukreem 10% 50 ml | Puhdas+"},{"@type":"BreadcrumbList","@id":"https:\/\/puhdasplus.ee\/lt\/tooted\/kosmetika-lt\/vaigukreem-10-50-ml\/#breadcrumb","itemListElement":[{"@type":"ListItem","position":1,"name":"Prad\u017eia","item":"https:\/\/puhdasplus.ee\/lt\/"},{"@type":"ListItem","position":2,"name":"Produktai","item":"https:\/\/puhdasplus.ee\/lt\/parduotuve\/"},{"@type":"ListItem","position":3,"name":"Vaigukreem 10% 50 ml"}]},{"@type":"WebSite","@id":"https:\/\/puhdasplus.ee\/lt\/#website","url":"https:\/\/puhdasplus.ee\/lt\/","name":"Puhdas+","description":"Vitaminai, maisto papildai, nat\u016brali kosmetika, sveikata, sportas","publisher":{"@id":"https:\/\/puhdasplus.ee\/lt\/#organization"},"potentialAction":[{"@type":"SearchAction","target":{"@type":"EntryPoint","urlTemplate":"https:\/\/puhdasplus.ee\/lt\/?s={search_term_string}"},"query-input":{"@type":"PropertyValueSpecification","valueRequired":true,"valueName":"search_term_string"}}],"inLanguage":"lt-LT"},{"@type":"Organization","@id":"https:\/\/puhdasplus.ee\/lt\/#organization","name":"Puhdas+","alternateName":"Puhdasplus","url":"https:\/\/puhdasplus.ee\/lt\/","logo":{"@type":"ImageObject","inLanguage":"lt-LT","@id":"https:\/\/puhdasplus.ee\/lt\/#\/schema\/logo\/image\/","url":"https:\/\/puhdasplus.ee\/wp-content\/uploads\/2019\/10\/puhdas_logo-arvele.png","contentUrl":"https:\/\/puhdasplus.ee\/wp-content\/uploads\/2019\/10\/puhdas_logo-arvele.png","width":114,"height":94,"caption":"Puhdas+"},"image":{"@id":"https:\/\/puhdasplus.ee\/lt\/#\/schema\/logo\/image\/"},"sameAs":["https:\/\/www.facebook.com\/puhdasplus","https:\/\/www.instagram.com\/puhdasplus_ee\/"]}]}},"_yoast_wpseo_title":"Vaigukreem 10% 50 ml | Puhdas+","_yoast_wpseo_metadesc":"Puhdas+ Vaigukreem 10% \u2013 looduslik Soome vaigukreem nahahoolduseks. Kriimustused, kuiv nahk, putukahammusted. 50 ml.","_yoast_wpseo_focuskw":"vaigukreem","_links":{"self":[{"href":"https:\/\/puhdasplus.ee\/lt\/wp-json\/wp\/v2\/product\/359843","targetHints":{"allow":["GET"]}}],"collection":[{"href":"https:\/\/puhdasplus.ee\/lt\/wp-json\/wp\/v2\/product"}],"about":[{"href":"https:\/\/puhdasplus.ee\/lt\/wp-json\/wp\/v2\/types\/product"}],"replies":[{"embeddable":true,"href":"https:\/\/puhdasplus.ee\/lt\/wp-json\/wp\/v2\/comments?post=359843"}],"wp:featuredmedia":[{"embeddable":true,"href":"https:\/\/puhdasplus.ee\/lt\/wp-json\/wp\/v2\/media\/359964"}],"wp:attachment":[{"href":"https:\/\/puhdasplus.ee\/lt\/wp-json\/wp\/v2\/media?parent=359843"}],"wp:term":[{"taxonomy":"product_brand","embeddable":true,"href":"https:\/\/puhdasplus.ee\/lt\/wp-json\/wp\/v2\/product_brand?post=359843"},{"taxonomy":"product_cat","embeddable":true,"href":"https:\/\/puhdasplus.ee\/lt\/wp-json\/wp\/v2\/product_cat?post=359843"},{"taxonomy":"product_tag","embeddable":true,"href":"https:\/\/puhdasplus.ee\/lt\/wp-json\/wp\/v2\/product_tag?post=359843"}],"curies":[{"name":"wp","href":"https:\/\/api.w.org\/{rel}","templated":true}]}}